{"id":2577,"date":"2022-03-21T09:20:48","date_gmt":"2022-03-21T09:20:48","guid":{"rendered":"https:\/\/taizyfarmequipment.com\/"},"modified":"2025-11-26T13:45:47","modified_gmt":"2025-11-26T05:45:47","slug":"machine-a-balles-de-paille-carrees","status":"publish","type":"product","link":"https:\/\/taizyfarmequipment.com\/fr\/product\/square-straw-baler-machine\/","title":{"rendered":"Presse \u00e0 balles de cerclage de paille carr\u00e9e remorquant un tracteur, presse \u00e0 balles rondes"},"content":{"rendered":"<div class=\"kk-star-ratings kksr-auto kksr-align-left kksr-valign-top\"     data-payload='{&quot;align&quot;:&quot;left&quot;,&quot;id&quot;:&quot;2577&quot;,&quot;slug&quot;:&quot;default&quot;,&quot;valign&quot;:&quot;top&quot;,&quot;ignore&quot;:&quot;&quot;,&quot;reference&quot;:&quot;auto&quot;,&quot;class&quot;:&quot;&quot;,&quot;count&quot;:&quot;25&quot;,&quot;legendonly&quot;:&quot;&quot;,&quot;readonly&quot;:&quot;&quot;,&quot;score&quot;:&quot;4.7&quot;,&quot;starsonly&quot;:&quot;&quot;,&quot;best&quot;:&quot;5&quot;,&quot;gap&quot;:&quot;5&quot;,&quot;greet&quot;:&quot;Rate this product&quot;,&quot;legend&quot;:&quot;4.7\\\/5 - (25 votes)&quot;,&quot;size&quot;:&quot;24&quot;,&quot;title&quot;:&quot;Tractor towing square straw strapping baler machine\u4e28round pickup baler&quot;,&quot;width&quot;:&quot;133.8&quot;,&quot;_legend&quot;:&quot;{score}\\\/{best} - ({count} {votes})&quot;,&quot;font_factor&quot;:&quot;1.25&quot;}'>              <div class=\"kksr-stars\">      <div class=\"kksr-stars-inactive\">             <div class=\"kksr-star\" data-star=\"1\" style=\"padding-right: 5px\">               <div class=\"kksr-icon\" style=\"width: 24px; height: 24px;\"><\/div>         <\/div>             <div class=\"kksr-star\" data-star=\"2\" style=\"padding-right: 5px\">               <div class=\"kksr-icon\" style=\"width: 24px; height: 24px;\"><\/div>         <\/div>             <div class=\"kksr-star\" data-star=\"3\" style=\"padding-right: 5px\">               <div class=\"kksr-icon\" style=\"width: 24px; height: 24px;\"><\/div>         <\/div>             <div class=\"kksr-star\" data-star=\"4\" style=\"padding-right: 5px\">               <div class=\"kksr-icon\" style=\"width: 24px; height: 24px;\"><\/div>         <\/div>             <div class=\"kksr-star\" data-star=\"5\" style=\"padding-right: 5px\">               <div class=\"kksr-icon\" style=\"width: 24px; height: 24px;\"><\/div>         <\/div>     <\/div>      <div class=\"kksr-stars-active\" style=\"width: 133.8px;\">             <div class=\"kksr-star\" style=\"padding-right: 5px\">               <div class=\"kksr-icon\" style=\"width: 24px; height: 24px;\"><\/div>         <\/div>             <div class=\"kksr-star\" style=\"padding-right: 5px\">               <div class=\"kksr-icon\" style=\"width: 24px; height: 24px;\"><\/div>         <\/div>             <div class=\"kksr-star\" style=\"padding-right: 5px\">               <div class=\"kksr-icon\" style=\"width: 24px; height: 24px;\"><\/div>         <\/div>             <div class=\"kksr-star\" style=\"padding-right: 5px\">               <div class=\"kksr-icon\" style=\"width: 24px; height: 24px;\"><\/div>         <\/div>             <div class=\"kksr-star\" style=\"padding-right: 5px\">               <div class=\"kksr-icon\" style=\"width: 24px; height: 24px;\"><\/div>         <\/div>     <\/div> <\/div>                   <div class=\"kksr-legend\" style=\"font-size: 19.2px;\">             4,7\/5 - (25 votes)    <\/div>     <\/div>  <p>De nos jours, la plupart des agriculteurs utilisent la cercleuse et la presse \u00e0 balles carr\u00e9es pour la collecte des p\u00e2turages secs et verts, du riz, du bl\u00e9 et des tiges de ma\u00efs. Et la presse \u00e0 balles de tiges pr\u00e9sente les caract\u00e9ristiques d'une structure compacte, d'un fonctionnement pratique et d'une fiabilit\u00e9 \u00e9lev\u00e9e. Ainsi, la balle form\u00e9e est petite et compacte, et la balle est l\u00e2che \u00e0 l\u2019int\u00e9rieur et serr\u00e9e \u00e0 l\u2019ext\u00e9rieur. Et la balle a une bonne perm\u00e9abilit\u00e9 \u00e0 l\u2019air, facile \u00e0 transporter et \u00e0 stocker.<\/p>    <h2 class=\"wp-block-heading has-theme-palette-4-color has-text-color\" id=\"h-brief-introduction-of-straw-picking-and-baling-machine\">Br\u00e8ve introduction de la machine de cueillette et de mise en balles de paille<\/h2>    <p class=\"translation-block\">Notre Taizy a fabriqu\u00e9 deux types de machines de coupe et de mise en balles d'ensilage. L'une est la presse \u00e0 balles carr\u00e9es pour pailles \u00e0 sanglage 9YFQ-2.2 et l'autre est la presse \u00e0 balles ronde \u00e0 ramassage ST-70*100. Les deux machines peuvent broyer, ramasser et presser diverses tiges. Ce sont des \u00e9quipements professionnels. Et elles doivent fonctionner avec un tracteur pour r\u00e9aliser le ramassage et le liage du fourrage, du soja, de la paille de riz, du bl\u00e9 et d'autres tiges de r\u00e9colte. La forme de la paille finie peut \u00eatre ronde ou carr\u00e9e. En plus de ces deux types de presses d'ensilage, nous avons \u00e9galement des <a href=\"https:\/\/taizyfarmequipment.com\/fr\/produit-2\/presse-a-balles-rondes-densilage\/\">presses d'ensilage<\/a>, qui ne peuvent presser que le mat\u00e9riau broy\u00e9 et ne peuvent pas se d\u00e9placer dans le champ. Il faut donc couper le mat\u00e9riau \u00e0 l'aide des <a href=\"https:\/\/www.agriculture-machine.com\/4-15t-h-grass-cutting-machine-cutting-wet-grass-grass-cutter\/\" target=\"_blank\" rel=\"noopener\">machines \u00e0 couper l'herbe<\/a> avant d'utiliser cette presse d'ensilage. Ce passage traite principalement des machines de coupe et de mise en balles carr\u00e9es et rondes pour l'ensilage. <\/p>    <p>La vulgarisation et l'utilisation de ces machines ont jou\u00e9 un r\u00f4le majeur dans la r\u00e9solution du probl\u00e8me du recyclage de la paille. Et ils peuvent \u00e9galement am\u00e9liorer les conditions environnementales gr\u00e2ce au br\u00fblage de la paille en milieu rural. Et am\u00e9liorer la qualit\u00e9 d\u2019utilisation de la paille. En outre, ils constituent un \u00e9quipement id\u00e9al pour la collecte de fourrage, la collecte de combustible de paille et le regroupement. Depuis le lancement de ces machines, elles sont la machine pr\u00e9f\u00e9r\u00e9e des agriculteurs. C'est donc une bonne aide pour faire fortune.<\/p>    <figure class=\"wp-block-gallery has-nested-images columns-default is-cropped wp-block-gallery-2 is-layout-flex wp-block-gallery-is-layout-flex\"> <figure class=\"wp-block-image size-large\"><img loading=\"lazy\" decoding=\"async\" width=\"720\" height=\"540\" data-id=\"4950\" src=\"https:\/\/taizyfarmequipment.com\/wp-content\/uploads\/2022\/03\/round-straw-cutter-and-baler.webp\" alt=\"coupe-paille ronde et presse \u00e0 balles\" class=\"wp-image-4950\" srcset=\"https:\/\/taizyfarmequipment.com\/wp-content\/uploads\/2022\/03\/round-straw-cutter-and-baler.webp 720w, https:\/\/taizyfarmequipment.com\/wp-content\/uploads\/2022\/03\/round-straw-cutter-and-baler-300x225.webp 300w, https:\/\/taizyfarmequipment.com\/wp-content\/uploads\/2022\/03\/round-straw-cutter-and-baler-16x12.webp 16w\" sizes=\"auto, (max-width: 720px) 100vw, 720px\" \/><figcaption class=\"wp-element-caption\">coupe-paille ronde et presse \u00e0 balles<\/figcaption><\/figure>    <figure class=\"wp-block-image size-large\"><img loading=\"lazy\" decoding=\"async\" width=\"720\" height=\"540\" data-id=\"4951\" src=\"https:\/\/taizyfarmequipment.com\/wp-content\/uploads\/2022\/03\/square-straw-strapping-baler-machine.webp\" alt=\"presse \u00e0 balles de cerclage de paille carr\u00e9e\" class=\"wp-image-4951\" srcset=\"https:\/\/taizyfarmequipment.com\/wp-content\/uploads\/2022\/03\/square-straw-strapping-baler-machine.webp 720w, https:\/\/taizyfarmequipment.com\/wp-content\/uploads\/2022\/03\/square-straw-strapping-baler-machine-300x225.webp 300w, https:\/\/taizyfarmequipment.com\/wp-content\/uploads\/2022\/03\/square-straw-strapping-baler-machine-16x12.webp 16w\" sizes=\"auto, (max-width: 720px) 100vw, 720px\" \/><figcaption class=\"wp-element-caption\">presse \u00e0 balles de cerclage de paille carr\u00e9e<\/figcaption><\/figure> <\/figure>    <h2 class=\"wp-block-heading has-theme-palette-4-color has-text-color\" id=\"h-what-materials-can-the-tractor-baler-process\">Quels mat\u00e9riaux la presse \u00e0 tracteur peut-elle traiter\u00a0?<\/h2>    <p>Ces machines peuvent traiter des p\u00e2turages secs et verts, du riz, du bl\u00e9, des tiges de ma\u00efs, du fourrage, etc.<\/p>    <h2 class=\"wp-block-heading\">Type 1\u00a0: Presse \u00e0 balles de paille carr\u00e9e<\/h2>    <p>Ce type de machine de coupe et de mise en balles de paille carr\u00e9e peut mettre en balles les diff\u00e9rentes pailles en une forme carr\u00e9e. La paille carr\u00e9e doit fonctionner avec le tracteur. Et la puissance sera transport\u00e9e via la prise de force. Quant \u00e0 la taille de la presse finie, notre machine peut produire une presse carr\u00e9e de 1100*400*300 mm. Il existe deux types de mat\u00e9riaux utilis\u00e9s lors du regroupement de la presse \u00e0 broyer la paille : la corde de chanvre et la corde en filet en plastique. La presse-ramasseur de paille carr\u00e9e ne peut utiliser que de la corde de chanvre.<\/p>    <figure class=\"wp-block-image size-full\"><img loading=\"lazy\" decoding=\"async\" width=\"720\" height=\"540\" src=\"https:\/\/taizyfarmequipment.com\/wp-content\/uploads\/2022\/04\/square-straw-strapping-baler-machine-0.jpg\" alt=\"presse \u00e0 balles de cerclage de paille carr\u00e9e \" class=\"wp-image-3207\" title=\"presse \u00e0 balles de cerclage de paille carr\u00e9e \"\/><figcaption class=\"wp-element-caption\">presse \u00e0 balles de cerclage de paille carr\u00e9e <\/figcaption><\/figure>    <h2 class=\"wp-block-heading has-theme-palette-4-color has-text-color\" id=\"h-structure-of-tractor-towing-square-stalk-baling-machine\">Structure de la presse \u00e0 balles carr\u00e9es remorquant un tracteur<\/h2>    <p>La machine de cerclage et de mise en balles de paille carr\u00e9e comprend une poutre de traction, un cueilleur, un convoyeur \u00e0 vis, un m\u00e9canisme d'alimentation, un piston, une chambre de mise en balles, un m\u00e9canisme de mise en balles, un dispositif de r\u00e9glage de la densit\u00e9 des balles et un syst\u00e8me de transmission.<\/p>    <p>1. Tout d\u2019abord, la fonction du ramasseur est de ramasser les bandes d\u2019herbe pos\u00e9es au sol. Et\u00a0puis\u00a0relevez la plate-forme d'alimentation. Le cueilleur adopte une structure de rouleaux \u00e0 ressorts \u00e0 quatre rang\u00e9es.<\/p>    <p>2. Deuxi\u00e8mement, la fonction du m\u00e9canisme de transport et d'alimentation est de collecter les mat\u00e9riaux lat\u00e9ralement et de les introduire dans la chambre de mise en balles. Le m\u00e9canisme de transport et d'alimentation comprend un convoyeur \u00e0 vis sans fin et un m\u00e9canisme \u00e0 fourche d'alimentation.<\/p>    <p>3. Troisi\u00e8mement, le piston et la chambre de pressage peuvent comprimer le mat\u00e9riau introduit dans la chambre de pressage. Et le piston est un m\u00e9canisme de bielle \u00e0 manivelle. La chambre de reliure est une cavit\u00e9 rectangulaire form\u00e9e par le soudage de plaques d'acier.<\/p>    <p>4. Et le contr\u00f4leur de densit\u00e9 des balles doit ajuster la densit\u00e9 des balles. Selon l'esp\u00e8ce fourrag\u00e8re et l'humidit\u00e9, l'op\u00e9rateur peut ajuster la tension du ressort pour obtenir une balle moyennement serr\u00e9e.<\/p>    <figure class=\"wp-block-image size-full\"><img loading=\"lazy\" decoding=\"async\" width=\"720\" height=\"540\" src=\"https:\/\/taizyfarmequipment.com\/wp-content\/uploads\/2022\/03\/square-stalk-baling-machines-structure2-.jpg\" alt=\"structure de la presse \u00e0 balles carr\u00e9es \" class=\"wp-image-3019\" title=\"structure de la presse \u00e0 balles carr\u00e9es \"\/><figcaption class=\"wp-element-caption\">structure de la presse \u00e0 balles carr\u00e9es <\/figcaption><\/figure>    <h2 class=\"wp-block-heading has-theme-palette-4-color has-text-color\" id=\"h-working-principle-of-square-stalk-strapping-and-baling-machine\">Principe de fonctionnement de la machine de cerclage et de mise en balles \u00e0 tige carr\u00e9e <\/h2>    <p>La machine \u00e0 cercler et \u00e0 presser la paille peut fonctionner avec la poudre du tracteur. Et au cours des op\u00e9rations sur le terrain, les dents \u00e0 ressort du ramasseur ramassent les bandes d'herbe moulues. Puis soulevez-les jusqu'\u00e0 la plate-forme de transport et d'alimentation.<\/p>    <p>Ensuite, le convoyeur \u00e0 vis sym\u00e9trique derri\u00e8re le pr\u00e9parateur pousse le mat\u00e9riau des deux c\u00f4t\u00e9s vers l'entr\u00e9e d'alimentation.<\/p>    <p>La fourche d'alimentation ajoutera les mat\u00e9riaux accumul\u00e9s \u00e0 l'entr\u00e9e d'alimentation dans la chambre de mise en balles pendant son processus de travail. Et sous l\u2019action ascendante du piston, le mat\u00e9riau est progressivement compact\u00e9 dans la chambre de pressage.<\/p>    <p>Lorsque la longueur de la balle atteint la longueur d\u00e9finie. L'embrayage du m\u00e9canisme de cerclage d\u00e9marre le fonctionnement du m\u00e9canisme de cerclage. Et pendant le travail du noueur, les deux faisceaux de corde enveloppent la balle.<\/p>    <p>Ensuite, les mat\u00e9riaux suivants pousseront progressivement les balles group\u00e9es vers la sortie de la chambre de pressage. Tombez ensuite au sol \u00e0 travers la plaque de pressage.<\/p>    <h2 class=\"wp-block-heading\">Param\u00e8tre d'une presse \u00e0 balles carr\u00e9es remorquant automatiquement un tracteur<\/h2>    <figure class=\"wp-block-table\"><table><tbody><tr><td>Mod\u00e8le<\/td><td>S\u00e9lecteur avec<\/td><td>Type de structure du s\u00e9lecteur<\/td><td>Type de noueur<\/td><td>Nombre de noueurs<\/td><td>Temps de mouvement alternatif du piston group\u00e9<\/td><td>Dimensions(mm)<\/td><td>Pouvoir de soutien<\/td><\/tr><tr><td>9YFQ-2.2<\/td><td>2240mm<\/td><td>Dent \u00e0 ressort<\/td><td>D<\/td><td>2<\/td><td>100\/min<\/td><td>4150\u00d72850\u00d71800<\/td><td>\u226536,7 kW<\/td><\/tr><\/tbody><\/table><figcaption class=\"wp-element-caption\"> Param\u00e8tre d'une presse \u00e0 balles carr\u00e9es remorquant automatiquement un tracteur <\/figcaption><\/figure>    <h2 class=\"wp-block-heading\">Type 2\u00a0: Presse \u00e0 paille ronde pour la cueillette et le d\u00e9chiquetage<\/h2>    <p>Ce type de presse \u00e0 paille peut produire des balles rondes. La machine doit \u00e9galement fonctionner avec un tracteur, dot\u00e9 d'un attelage \u00e0 trois points et d'une prise de force pour transmettre la puissance au pick-up et \u00e0 la presse \u00e0 balles rondes. Concernant le mat\u00e9riau \u00e0 mettre en balles, la machine peut utiliser soit du cordage en filet, soit du cordage en chanvre. Et la taille de la balle ronde finie est de 70*100 mm. <\/p>    <h2 class=\"wp-block-heading\">Quelle est la structure de la machine \u00e0 couper et \u00e0 presser le foin rond\u00a0?<\/h2>    <p>La machine \u00e0 couper le foin ronde et la presse \u00e0 balles rondes disposent principalement d'un v\u00e9rin hydraulique, d'une corde de chanvre, d'un levier de compartiment de commutation, d'une prise de force, d'un garde-boue, etc.<\/p>    <figure class=\"wp-block-image size-full is-resized\"><img loading=\"lazy\" decoding=\"async\" width=\"720\" height=\"540\" src=\"https:\/\/taizyfarmequipment.com\/wp-content\/uploads\/2022\/04\/round-silage-cutting-and-baling-machine0.jpg\" alt=\"machine de coupe et de mise en balles d&#039;ensilage rond\" class=\"wp-image-3209\" style=\"width:720px;height:540px\" title=\"machine de coupe et de mise en balles d&#039;ensilage rond\"\/><figcaption class=\"wp-element-caption\">machine de coupe et de mise en balles d'ensilage rond<\/figcaption><\/figure>    <h2 class=\"wp-block-heading\">Quelles sont les sp\u00e9cifications d\u2019une presse \u00e0 balles rondes ?<\/h2>    <figure class=\"wp-block-table\"><table><tbody><tr><td>Mod\u00e8le<\/td><td>STF70*100<\/td><\/tr><tr><td>Capacit\u00e9 de travail<\/td><td>0,82 \u00e0 1,3 acre<\/td><\/tr><tr><td>Taille<\/td><td>2300*2200*1450mm<\/td><\/tr><\/tbody><\/table><figcaption class=\"wp-element-caption\">param\u00e8tre de la presse \u00e0 foin ronde<\/figcaption><\/figure>    <h2 class=\"wp-block-heading has-theme-palette-4-color has-text-color\" id=\"h-advantages-of-square-and-round-balers\">Avantages des presses \u00e0 balles carr\u00e9es et rondes<\/h2>    <p>1. Les deux machines ont une efficacit\u00e9 de regroupement \u00e9lev\u00e9e et une densit\u00e9 \u00e9lev\u00e9e. Et il convient \u00e0 l'extrusion et au regroupement de tiges de ma\u00efs, de paille de bl\u00e9, de paille, de p\u00e2turage, etc.<\/p>    <p>2. En outre, cela peut r\u00e9duire consid\u00e9rablement la zone de stockage, am\u00e9liorer la capacit\u00e9 de transport et r\u00e9duire les risques d'incendie.<\/p>    <p>3. Facile \u00e0 ranger. Le volume d'herbe tass\u00e9e est des deux tiers inf\u00e9rieur \u00e0 celui de l'herbe non mise en balles, ce qui peut r\u00e9duire consid\u00e9rablement la superficie du p\u00e2turage.<\/p>    <p>4. Pratique pour le chargement, le d\u00e9chargement et le transport. Ces machines peuvent exploiter pleinement la capacit\u00e9 de charge du moyen de transport. Et g\u00e9n\u00e9ralement, la capacit\u00e9 de transport peut augmenter de 2 \u00e0 3 fois. Cela peut donc permettre d'\u00e9conomiser plus de 50% sur les co\u00fbts de main-d'\u0153uvre et de transport.<\/p>    <figure class=\"wp-block-gallery has-nested-images columns-default is-cropped wp-block-gallery-3 is-layout-flex wp-block-gallery-is-layout-flex\"> <figure class=\"wp-block-image size-large\"><img loading=\"lazy\" decoding=\"async\" width=\"720\" height=\"540\" data-id=\"3020\" src=\"https:\/\/taizyfarmequipment.com\/wp-content\/uploads\/2022\/03\/factory-.jpg\" alt=\"usine de presse \u00e0 foin\" class=\"wp-image-3020\" title=\"usine de presse \u00e0 foin\"\/><figcaption class=\"wp-element-caption\">usine de presse \u00e0 foin<\/figcaption><\/figure>    <figure class=\"wp-block-image size-large\"><img loading=\"lazy\" decoding=\"async\" width=\"720\" height=\"540\" data-id=\"3021\" src=\"https:\/\/taizyfarmequipment.com\/wp-content\/uploads\/2022\/03\/stalk-baler-.jpg\" alt=\"presse \u00e0 tiges\" class=\"wp-image-3021\" title=\"presse \u00e0 tiges\"\/><figcaption class=\"wp-element-caption\">presse \u00e0 tiges<\/figcaption><\/figure> <figcaption class=\"blocks-gallery-caption wp-element-caption\">presse \u00e0 foin carr\u00e9e<\/figcaption><\/figure>    <h2 class=\"wp-block-heading has-theme-palette-4-color has-text-color\" id=\"h-main-features-of-automatic-silage-balers\">Principales caract\u00e9ristiques des presses \u00e0 ensilage automatiques<\/h2>    <p id=\"h-1-knotting-device-imported-from-germany-rasboa-germany-producing-the-reliability-is-high-and-the-bundling-rate-is-as-high-as-99\">1. Dispositif de nouage import\u00e9 d'Allemagne (Rasboa, production allemande). Ainsi, la fiabilit\u00e9 est \u00e9lev\u00e9e et le taux de regroupement atteint 99%.<\/p>    <p>2. De plus, l'apparence est plus belle et plus s\u00fbre \u00e0 utiliser.<\/p>    <p>3. Et le dispositif d'amortissement de regroupement de freins double face rend l'action de regroupement plus stable.<\/p>    <p>4. De plus, la cha\u00eene principale \u00e0 cha\u00eene \u00e0 double rang\u00e9e rend la machine plus adapt\u00e9e aux op\u00e9rations de regroupement lourdes.<\/p>    <p>5. Les pneus \u00e0 section large rendent l'op\u00e9ration de marche plus stable.<\/p>    <p>6. L'ensemble de la machine adopte la conception de structure sym\u00e9trique de l'axe longitudinal. Traction centrale, bonne stabilit\u00e9 de conduite et petit rayon de braquage.<\/p>    <p>7. Utilisation d'une structure de tari\u00e8re creuse pour rendre l'alimentation des cultures plus fluide. Pas d'accumulation, pas d'enchev\u00eatrement.<\/p>","protected":false},"excerpt":{"rendered":"<p>Le cerclage de paille carr\u00e9 et la machine travaillent avec un tracteur pour compl\u00e9ter la cueillette et le regroupement du fourrage. De nos jours, de nombreuses exploitations agricoles l'utilisent.<\/p>","protected":false},"author":1,"featured_media":3211,"parent":0,"template":"","tags":[],"product-type":[133],"class_list":["post-2577","product","type-product","status-publish","has-post-thumbnail","hentry","product-type-silage-machine"],"_links":{"self":[{"href":"https:\/\/taizyfarmequipment.com\/fr\/wp-json\/wp\/v2\/product\/2577","targetHints":{"allow":["GET"]}}],"collection":[{"href":"https:\/\/taizyfarmequipment.com\/fr\/wp-json\/wp\/v2\/product"}],"about":[{"href":"https:\/\/taizyfarmequipment.com\/fr\/wp-json\/wp\/v2\/types\/product"}],"author":[{"embeddable":true,"href":"https:\/\/taizyfarmequipment.com\/fr\/wp-json\/wp\/v2\/users\/1"}],"wp:featuredmedia":[{"embeddable":true,"href":"https:\/\/taizyfarmequipment.com\/fr\/wp-json\/wp\/v2\/media\/3211"}],"wp:attachment":[{"href":"https:\/\/taizyfarmequipment.com\/fr\/wp-json\/wp\/v2\/media?parent=2577"}],"wp:term":[{"taxonomy":"post_tag","embeddable":true,"href":"https:\/\/taizyfarmequipment.com\/fr\/wp-json\/wp\/v2\/tags?post=2577"},{"taxonomy":"product-type","embeddable":true,"href":"https:\/\/taizyfarmequipment.com\/fr\/wp-json\/wp\/v2\/product-type?post=2577"}],"curies":[{"name":"wp","href":"https:\/\/api.w.org\/{rel}","templated":true}]}}