{"id":2582,"date":"2022-02-21T07:00:32","date_gmt":"2022-02-21T07:00:32","guid":{"rendered":"https:\/\/taizyfarmequipment.com\/"},"modified":"2022-03-16T08:32:05","modified_gmt":"2022-03-16T08:32:05","slug":"niveleuse-de-riz","status":"publish","type":"product","link":"https:\/\/taizyfarmequipment.com\/fr\/product\/rice-grader\/","title":{"rendered":"Machine de classement de riz, niveleuse de riz, dans une usine de rizerie"},"content":{"rendered":"<div class=\"kk-star-ratings kksr-auto kksr-align-left kksr-valign-top\"     data-payload='{&quot;align&quot;:&quot;left&quot;,&quot;id&quot;:&quot;2582&quot;,&quot;slug&quot;:&quot;default&quot;,&quot;valign&quot;:&quot;top&quot;,&quot;ignore&quot;:&quot;&quot;,&quot;reference&quot;:&quot;auto&quot;,&quot;class&quot;:&quot;&quot;,&quot;count&quot;:&quot;18&quot;,&quot;legendonly&quot;:&quot;&quot;,&quot;readonly&quot;:&quot;&quot;,&quot;score&quot;:&quot;4.6&quot;,&quot;starsonly&quot;:&quot;&quot;,&quot;best&quot;:&quot;5&quot;,&quot;gap&quot;:&quot;5&quot;,&quot;greet&quot;:&quot;Rate this product&quot;,&quot;legend&quot;:&quot;4.6\\\/5 - (18 votes)&quot;,&quot;size&quot;:&quot;24&quot;,&quot;title&quot;:&quot;Rice grader rice grading machine in rice mill plant&quot;,&quot;width&quot;:&quot;130.9&quot;,&quot;_legend&quot;:&quot;{score}\\\/{best} - ({count} {votes})&quot;,&quot;font_factor&quot;:&quot;1.25&quot;}'>              <div class=\"kksr-stars\">      <div class=\"kksr-stars-inactive\">             <div class=\"kksr-star\" data-star=\"1\" style=\"padding-right: 5px\">               <div class=\"kksr-icon\" style=\"width: 24px; height: 24px;\"><\/div>         <\/div>             <div class=\"kksr-star\" data-star=\"2\" style=\"padding-right: 5px\">               <div class=\"kksr-icon\" style=\"width: 24px; height: 24px;\"><\/div>         <\/div>             <div class=\"kksr-star\" data-star=\"3\" style=\"padding-right: 5px\">               <div class=\"kksr-icon\" style=\"width: 24px; height: 24px;\"><\/div>         <\/div>             <div class=\"kksr-star\" data-star=\"4\" style=\"padding-right: 5px\">               <div class=\"kksr-icon\" style=\"width: 24px; height: 24px;\"><\/div>         <\/div>             <div class=\"kksr-star\" data-star=\"5\" style=\"padding-right: 5px\">               <div class=\"kksr-icon\" style=\"width: 24px; height: 24px;\"><\/div>         <\/div>     <\/div>      <div class=\"kksr-stars-active\" style=\"width: 130.9px;\">             <div class=\"kksr-star\" style=\"padding-right: 5px\">               <div class=\"kksr-icon\" style=\"width: 24px; height: 24px;\"><\/div>         <\/div>             <div class=\"kksr-star\" style=\"padding-right: 5px\">               <div class=\"kksr-icon\" style=\"width: 24px; height: 24px;\"><\/div>         <\/div>             <div class=\"kksr-star\" style=\"padding-right: 5px\">               <div class=\"kksr-icon\" style=\"width: 24px; height: 24px;\"><\/div>         <\/div>             <div class=\"kksr-star\" style=\"padding-right: 5px\">               <div class=\"kksr-icon\" style=\"width: 24px; height: 24px;\"><\/div>         <\/div>             <div class=\"kksr-star\" style=\"padding-right: 5px\">               <div class=\"kksr-icon\" style=\"width: 24px; height: 24px;\"><\/div>         <\/div>     <\/div> <\/div>                   <div class=\"kksr-legend\" style=\"font-size: 19.2px;\">             4,6\/5 - (18 votes)    <\/div>     <\/div>  <h2 class=\"has-theme-palette-4-color has-text-color wp-block-heading\" id=\"h-introduction-of-the-rice-grader\">Introduction de la calibreuse \u00e0 riz<\/h2>    <p class=\"translation-block\">Une trieuse \u00e0 riz est une machine capable de trier le riz en fonction de son diam\u00e8tre. Ensuite, le riz de diff\u00e9rents diam\u00e8tres est \u00e9vacu\u00e9 par des sorties diff\u00e9rentes.\u00a0G\u00e9n\u00e9ralement, le riz entier ira dans le m\u00eame sac. Et le riz bris\u00e9 ira dans un autre sac. Si vous souhaitez s\u00e9parer le riz de mani\u00e8re plus pr\u00e9cise, vous pouvez recevoir chaque diam\u00e8tre de riz dans des sacs diff\u00e9rents. Le moteur fournit la puissance \u00e0 la machine. Cette machine fonctionne de mani\u00e8re stable et a une longue dur\u00e9e de vie. Il y a des boules en caoutchouc dans le tamis. Et la fonction de ces boules est d'\u00e9viter le colmatage des mailles du tamis. Cette machine existe en diff\u00e9rents mod\u00e8les selon la taille de la maille et la largeur du tamis. Vous pouvez choisir le mod\u00e8le correspondant en fonction de vos besoins. C'est une partie int\u00e9grante de l'unit\u00e9 de mouture du riz comme le <a href=\"https:\/\/taizyfarmequipment.com\/fr\/rice-mill-production-line\/separateur-de-paddy-par-gravite\/\">s\u00e9parateur gravitaire de paddy<\/a>.<\/p>    <figure class=\"wp-block-gallery has-nested-images columns-default is-cropped wp-block-gallery-2 is-layout-flex wp-block-gallery-is-layout-flex\"> <figure class=\"wp-block-image size-large\"><img loading=\"lazy\" decoding=\"async\" width=\"720\" height=\"540\" data-id=\"2694\" src=\"https:\/\/taizyfarmequipment.com\/wp-content\/uploads\/2022\/02\/front-of-the-rice-grader-.jpg\" alt=\"devant la niveleuse \u00e0 riz\" class=\"wp-image-2694\" title=\"devant la niveleuse \u00e0 riz\" srcset=\"https:\/\/taizyfarmequipment.com\/wp-content\/uploads\/2022\/02\/front-of-the-rice-grader-.jpg 720w, https:\/\/taizyfarmequipment.com\/wp-content\/uploads\/2022\/02\/front-of-the-rice-grader--300x225.jpg 300w\" sizes=\"auto, (max-width: 720px) 100vw, 720px\" \/><figcaption>devant la niveleuse \u00e0 riz<\/figcaption><\/figure>    <figure class=\"wp-block-image size-large\"><img loading=\"lazy\" decoding=\"async\" width=\"720\" height=\"540\" data-id=\"2695\" src=\"https:\/\/taizyfarmequipment.com\/wp-content\/uploads\/2022\/02\/side-of-the-rice-grader1.jpg\" alt=\"c\u00f4t\u00e9 de la niveleuse \u00e0 riz\" class=\"wp-image-2695\" title=\"c\u00f4t\u00e9 de la niveleuse \u00e0 riz\" srcset=\"https:\/\/taizyfarmequipment.com\/wp-content\/uploads\/2022\/02\/side-of-the-rice-grader1.jpg 720w, https:\/\/taizyfarmequipment.com\/wp-content\/uploads\/2022\/02\/side-of-the-rice-grader1-300x225.jpg 300w\" sizes=\"auto, (max-width: 720px) 100vw, 720px\" \/><figcaption>c\u00f4t\u00e9 de la niveleuse \u00e0 riz<\/figcaption><\/figure> <figcaption class=\"blocks-gallery-caption\">Introduction de la calibreuse \u00e0 riz<\/figcaption><\/figure>    <h2 class=\"has-theme-palette-4-color has-text-color wp-block-heading\" id=\"h-structure-of-the-rice-grading-machine\">Structure de la machine de classement du riz<\/h2>    <p>La machine de classement du riz comprend des sorties, une poign\u00e9e en forme d'\u00e9toile, un tamis, une balle en caoutchouc, un moteur, un cadre, etc.<\/p>    <figure class=\"wp-block-gallery has-nested-images columns-default is-cropped wp-block-gallery-3 is-layout-flex wp-block-gallery-is-layout-flex\"> <figure class=\"wp-block-image size-large\"><img loading=\"lazy\" decoding=\"async\" width=\"720\" height=\"540\" data-id=\"2696\" src=\"https:\/\/taizyfarmequipment.com\/wp-content\/uploads\/2022\/02\/inlet.jpg\" alt=\"entr\u00e9e de la machine \u00e0 classer le riz\" class=\"wp-image-2696\" title=\"entr\u00e9e de la machine \u00e0 classer le riz\" srcset=\"https:\/\/taizyfarmequipment.com\/wp-content\/uploads\/2022\/02\/inlet.jpg 720w, https:\/\/taizyfarmequipment.com\/wp-content\/uploads\/2022\/02\/inlet-300x225.jpg 300w\" sizes=\"auto, (max-width: 720px) 100vw, 720px\" \/><figcaption>entr\u00e9e de la machine \u00e0 classer le riz<\/figcaption><\/figure>    <figure class=\"wp-block-image size-large\"><img loading=\"lazy\" decoding=\"async\" width=\"720\" height=\"540\" data-id=\"2697\" src=\"https:\/\/taizyfarmequipment.com\/wp-content\/uploads\/2022\/02\/outlet1.jpg\" alt=\"sortie du tamis de classement du riz\" class=\"wp-image-2697\" title=\"sortie du tamis de classement du riz\" srcset=\"https:\/\/taizyfarmequipment.com\/wp-content\/uploads\/2022\/02\/outlet1.jpg 720w, https:\/\/taizyfarmequipment.com\/wp-content\/uploads\/2022\/02\/outlet1-300x225.jpg 300w\" sizes=\"auto, (max-width: 720px) 100vw, 720px\" \/><figcaption>sortie du tamis de classement du riz<\/figcaption><\/figure>    <figure class=\"wp-block-image size-large\"><img loading=\"lazy\" decoding=\"async\" width=\"720\" height=\"540\" data-id=\"2698\" src=\"https:\/\/taizyfarmequipment.com\/wp-content\/uploads\/2022\/02\/screen-.jpg\" alt=\"\u00e9cran de la niveleuse de riz\" class=\"wp-image-2698\" title=\"\u00e9cran de la niveleuse de riz\" srcset=\"https:\/\/taizyfarmequipment.com\/wp-content\/uploads\/2022\/02\/screen-.jpg 720w, https:\/\/taizyfarmequipment.com\/wp-content\/uploads\/2022\/02\/screen--300x225.jpg 300w\" sizes=\"auto, (max-width: 720px) 100vw, 720px\" \/><figcaption>\u00e9cran de la niveleuse de riz<\/figcaption><\/figure> <figcaption class=\"blocks-gallery-caption\">Structure de la machine de classement du riz<\/figcaption><\/figure>    <h2 class=\"has-theme-palette-4-color has-text-color wp-block-heading\" id=\"h-the-functions-of-the-various-parts-that-make-up-the-rice-grading-sieve\">Les fonctions des diff\u00e9rentes pi\u00e8ces qui composent le tamis de classement du riz<\/h2>    <ol class=\"wp-block-list\" type=\"1\"><li>Prises\u00a0: diff\u00e9rents mod\u00e8les ont diff\u00e9rentes couches d\u2019\u00e9crans. Le nombre de points de vente est donc diff\u00e9rent. Mais quel que soit le mod\u00e8le, il y a toujours une sortie pour \u00e9vacuer les brisures de riz.<strong><\/strong><\/li><li>Poign\u00e9e en forme d'\u00e9toile : tournez la poign\u00e9e en forme d'\u00e9toile pour qu'elle soit parall\u00e8le au sol, puis vous pourrez retirer l'\u00e9cran. <strong><\/strong><\/li><li>Tamis\u00a0: diff\u00e9rents mod\u00e8les ont des mailles de tailles diff\u00e9rentes. Des mailles de diff\u00e9rentes tailles peuvent tamiser diff\u00e9rents grains, tels que le bl\u00e9, le riz et le ma\u00efs, etc. Vous pouvez choisir la taille de maille appropri\u00e9e en fonction de vos besoins. <strong><\/strong><\/li><li>Balle en caoutchouc\u00a0: Le rebond de la balle en caoutchouc d\u00e9gagera l\u2019\u00e9cran bloqu\u00e9.<strong><\/strong><\/li><li>Moteur\u00a0: alimente la machine.<strong><\/strong><\/li><\/ol>    <h2 class=\"has-theme-palette-4-color has-text-color wp-block-heading\" id=\"h-the-working-principle-of-the-rice-grader-machine\">Le principe de fonctionnement de la niveleuse de riz &nbsp;<\/h2>    <p>Il utilise la diff\u00e9rence entre les brisures de riz et les grains de riz entiers pour effectuer des rotations qui se chevauchent sur la surface de l'\u00e9cran de la rotation plane. Ensuite, la friction avance pour former une classification de notation automatique.<\/p>    <h2 class=\"has-theme-palette-4-color has-text-color wp-block-heading\" id=\"h-technical-parameter-of-the-rice-milling-machine\">Param\u00e8tre technique de la fraiseuse \u00e0 riz<\/h2>    <figure class=\"wp-block-table\"><table><tbody><tr><td>Mod\u00e8le<\/td><td>Capacit\u00e9 (t\/h)<\/td><td>Puissance (KW)<\/td><td>Taille (L * L * H)<\/td><\/tr><tr><td>MMJP63*3<\/td><td>0.8-1.25<\/td><td>0.75<\/td><td>1462*740*1280<\/td><\/tr><tr><td>MMJP80*3<\/td><td>1.5-2<\/td><td>1.1<\/td><td>1600*1000*1315<\/td><\/tr><tr><td>MMJP100*3<\/td><td>2.5-3.3<\/td><td>1.1<\/td><td>1690*1090*1386<\/td><\/tr><tr><td>MMJP100*4<\/td><td>2.5-3.5<\/td><td>1.1<\/td><td>1690*1087*1420<\/td><\/tr><tr><td>MMJP112*3<\/td><td>3.5-4.2<\/td><td>1.1<\/td><td>1690*1208*1386<\/td><\/tr><tr><td>MMJP112*4<\/td><td>3.5-4.5<\/td><td>1.1<\/td><td>1690*1208*1420<\/td><\/tr><tr><td>MMJP125*3<\/td><td>4.5-5<\/td><td>1.5<\/td><td>1690*1458*1386<\/td><\/tr><tr><td>MMJP125*4<\/td><td>4.5-5.2<\/td><td>1.5<\/td><td>1690*1457*1420<\/td><\/tr><tr><td>MMJP150*4<\/td><td>5.5-6<\/td><td>1.5<\/td><td>1725*1580*1500<\/td><\/tr><\/tbody><\/table><figcaption>Param\u00e8tre technique de la fraiseuse \u00e0 riz<\/figcaption><\/figure>    <h2 class=\"has-theme-palette-4-color has-text-color wp-block-heading\" id=\"h-why-do-you-need-the-white-rice-grader-in-rice-mill-plant\">Pourquoi avez-vous besoin de la niveleuse de riz blanc dans une usine de rizerie\u00a0?<\/h2>    <ol class=\"wp-block-list\" type=\"1\"><li>La fonction est de classer et de trier le riz fini et d'extraire le riz bris\u00e9 qui d\u00e9passe les exigences. Ses performances affectent directement la puret\u00e9 du riz fini et constituent le principal \u00e9quipement permettant de d\u00e9terminer le contenu du riz bris\u00e9.<\/li><li>Les exigences du march\u00e9 en mati\u00e8re de qualit\u00e9 du riz continuent d\u2019augmenter et il est n\u00e9cessaire de contr\u00f4ler efficacement la teneur en brisures de riz.<\/li><li>Plus la teneur en brisures de riz est faible, plus le prix et le profit sur le march\u00e9 sont \u00e9lev\u00e9s.<\/li><li>Plus le classement du riz est d\u00e9taill\u00e9, mieux il peut r\u00e9pondre aux besoins des diff\u00e9rentes personnes et aux besoins du march\u00e9. <\/li><\/ol>    <figure class=\"wp-block-image size-full is-resized\"><img loading=\"lazy\" decoding=\"async\" src=\"https:\/\/taizyfarmequipment.com\/wp-content\/uploads\/2022\/02\/rice-grader-usage-scenarios-.jpg\" alt=\"niveleuse de riz blanc dans une usine de rizerie\" class=\"wp-image-2699\" width=\"720\" height=\"540\" title=\"niveleuse de riz blanc dans une usine de rizerie\" srcset=\"https:\/\/taizyfarmequipment.com\/wp-content\/uploads\/2022\/02\/rice-grader-usage-scenarios-.jpg 720w, https:\/\/taizyfarmequipment.com\/wp-content\/uploads\/2022\/02\/rice-grader-usage-scenarios--300x225.jpg 300w\" sizes=\"auto, (max-width: 720px) 100vw, 720px\" \/><figcaption>niveleuse de riz blanc dans une usine de rizerie<\/figcaption><\/figure>","protected":false},"excerpt":{"rendered":"<p>Une calibreuse \u00e0 riz peut diviser le riz en fonction de ses diam\u00e8tres. Ensuite, le riz de diff\u00e9rents diam\u00e8tres est d\u00e9charg\u00e9 par diff\u00e9rents points de vente.\u00a0<\/p>","protected":false},"author":1,"featured_media":2700,"parent":0,"template":"","tags":[211,209,210,212],"product-type":[132],"class_list":["post-2582","product","type-product","status-publish","has-post-thumbnail","hentry","tag-rice-grader-machine","tag-rice-grading-machine","tag-rice-grading-sieve","tag-white-rice-grader","product-type-rice-mill"],"_links":{"self":[{"href":"https:\/\/taizyfarmequipment.com\/fr\/wp-json\/wp\/v2\/product\/2582","targetHints":{"allow":["GET"]}}],"collection":[{"href":"https:\/\/taizyfarmequipment.com\/fr\/wp-json\/wp\/v2\/product"}],"about":[{"href":"https:\/\/taizyfarmequipment.com\/fr\/wp-json\/wp\/v2\/types\/product"}],"author":[{"embeddable":true,"href":"https:\/\/taizyfarmequipment.com\/fr\/wp-json\/wp\/v2\/users\/1"}],"wp:featuredmedia":[{"embeddable":true,"href":"https:\/\/taizyfarmequipment.com\/fr\/wp-json\/wp\/v2\/media\/2700"}],"wp:attachment":[{"href":"https:\/\/taizyfarmequipment.com\/fr\/wp-json\/wp\/v2\/media?parent=2582"}],"wp:term":[{"taxonomy":"post_tag","embeddable":true,"href":"https:\/\/taizyfarmequipment.com\/fr\/wp-json\/wp\/v2\/tags?post=2582"},{"taxonomy":"product-type","embeddable":true,"href":"https:\/\/taizyfarmequipment.com\/fr\/wp-json\/wp\/v2\/product-type?post=2582"}],"curies":[{"name":"wp","href":"https:\/\/api.w.org\/{rel}","templated":true}]}}