{"id":2583,"date":"2022-02-21T02:46:08","date_gmt":"2022-02-21T02:46:08","guid":{"rendered":"https:\/\/taizyfarmequipment.com\/"},"modified":"2022-03-16T08:12:10","modified_gmt":"2022-03-16T08:12:10","slug":"unite-de-machine-a-rizer-60t-d","status":"publish","type":"product","link":"https:\/\/taizyfarmequipment.com\/fr\/product\/60t-d-rice-milling-machine-unit\/","title":{"rendered":"Unit\u00e9 de fraiseuse \u00e0 riz automatique int\u00e9gr\u00e9e 60T\/D"},"content":{"rendered":"<div class=\"kk-star-ratings kksr-auto kksr-align-left kksr-valign-top\"     data-payload='{&quot;align&quot;:&quot;left&quot;,&quot;id&quot;:&quot;2583&quot;,&quot;slug&quot;:&quot;default&quot;,&quot;valign&quot;:&quot;top&quot;,&quot;ignore&quot;:&quot;&quot;,&quot;reference&quot;:&quot;auto&quot;,&quot;class&quot;:&quot;&quot;,&quot;count&quot;:&quot;26&quot;,&quot;legendonly&quot;:&quot;&quot;,&quot;readonly&quot;:&quot;&quot;,&quot;score&quot;:&quot;4.8&quot;,&quot;starsonly&quot;:&quot;&quot;,&quot;best&quot;:&quot;5&quot;,&quot;gap&quot;:&quot;5&quot;,&quot;greet&quot;:&quot;Rate this product&quot;,&quot;legend&quot;:&quot;4.8\\\/5 - (26 votes)&quot;,&quot;size&quot;:&quot;24&quot;,&quot;title&quot;:&quot;60T\\\/D integrated automatic rice milling machine unit&quot;,&quot;width&quot;:&quot;136.7&quot;,&quot;_legend&quot;:&quot;{score}\\\/{best} - ({count} {votes})&quot;,&quot;font_factor&quot;:&quot;1.25&quot;}'>              <div class=\"kksr-stars\">      <div class=\"kksr-stars-inactive\">             <div class=\"kksr-star\" data-star=\"1\" style=\"padding-right: 5px\">               <div class=\"kksr-icon\" style=\"width: 24px; height: 24px;\"><\/div>         <\/div>             <div class=\"kksr-star\" data-star=\"2\" style=\"padding-right: 5px\">               <div class=\"kksr-icon\" style=\"width: 24px; height: 24px;\"><\/div>         <\/div>             <div class=\"kksr-star\" data-star=\"3\" style=\"padding-right: 5px\">               <div class=\"kksr-icon\" style=\"width: 24px; height: 24px;\"><\/div>         <\/div>             <div class=\"kksr-star\" data-star=\"4\" style=\"padding-right: 5px\">               <div class=\"kksr-icon\" style=\"width: 24px; height: 24px;\"><\/div>         <\/div>             <div class=\"kksr-star\" data-star=\"5\" style=\"padding-right: 5px\">               <div class=\"kksr-icon\" style=\"width: 24px; height: 24px;\"><\/div>         <\/div>     <\/div>      <div class=\"kksr-stars-active\" style=\"width: 136.7px;\">             <div class=\"kksr-star\" style=\"padding-right: 5px\">               <div class=\"kksr-icon\" style=\"width: 24px; height: 24px;\"><\/div>         <\/div>             <div class=\"kksr-star\" style=\"padding-right: 5px\">               <div class=\"kksr-icon\" style=\"width: 24px; height: 24px;\"><\/div>         <\/div>             <div class=\"kksr-star\" style=\"padding-right: 5px\">               <div class=\"kksr-icon\" style=\"width: 24px; height: 24px;\"><\/div>         <\/div>             <div class=\"kksr-star\" style=\"padding-right: 5px\">               <div class=\"kksr-icon\" style=\"width: 24px; height: 24px;\"><\/div>         <\/div>             <div class=\"kksr-star\" style=\"padding-right: 5px\">               <div class=\"kksr-icon\" style=\"width: 24px; height: 24px;\"><\/div>         <\/div>     <\/div> <\/div>                   <div class=\"kksr-legend\" style=\"font-size: 19.2px;\">             4,8\/5 - (26 votes)    <\/div>     <\/div>  <h2 class=\"wp-block-heading\" id=\"h-introduction-of-60t-d-rice-milling-machine\">Introduction de la fraiseuse \u00e0 riz 60T\/D <\/h2>    <p class=\"translation-block\">60T\/D integrated automatic rice milling machine is the equipment that can process the paddy into rice. The basic version of the 60T\/D rice milling machine includes combined clearer, stone remover, husker, gravity paddy separator, rice mill, and the rice grader. It can also add other relative machines to combine into a more complete product line. Such as rice mill with water, color sorter, and packaging machine, which is more time-saving, energy-saving, and higher efficiency, etc. This rice mill unit has advantages of easy operation, simple maintenance, low rice temperature, etc. And this equipment is suitable for all kinds of raw grains in different regions.  Besides, we also have small capacity <a href=\"https:\/\/www.agriculture-machine.com\/rice-mill\/\" target=\"_blank\" rel=\"noopener\">rice mill machines<\/a>. And these machines have the only the function of milling rice.<\/p>    <figure class=\"wp-block-gallery has-nested-images columns-2 is-cropped wp-block-gallery-2 is-layout-flex wp-block-gallery-is-layout-flex\"> <figure class=\"wp-block-image size-large\"><img loading=\"lazy\" decoding=\"async\" width=\"720\" height=\"541\" data-id=\"2674\" src=\"https:\/\/taizyfarmequipment.com\/wp-content\/uploads\/2022\/02\/5-tuya_720_541.jpg\" alt=\"devant une usine de rizerie de 60 tonnes\" class=\"wp-image-2674\" title=\"devant une usine de rizerie de 60 tonnes\" srcset=\"https:\/\/taizyfarmequipment.com\/wp-content\/uploads\/2022\/02\/5-tuya_720_541.jpg 720w, https:\/\/taizyfarmequipment.com\/wp-content\/uploads\/2022\/02\/5-tuya_720_541-300x225.jpg 300w\" sizes=\"auto, (max-width: 720px) 100vw, 720px\" \/><figcaption>devant une usine de rizerie de 60 tonnes<\/figcaption><\/figure>    <figure class=\"wp-block-image size-large\"><img loading=\"lazy\" decoding=\"async\" width=\"720\" height=\"540\" data-id=\"2675\" src=\"https:\/\/taizyfarmequipment.com\/wp-content\/uploads\/2022\/02\/6-tuya_720_540.jpg\" alt=\"c\u00f4t\u00e9 de l&#039;\u00e9quipement de rizerie 60T\" class=\"wp-image-2675\" title=\"c\u00f4t\u00e9 de l&#039;\u00e9quipement de rizerie 60T\" srcset=\"https:\/\/taizyfarmequipment.com\/wp-content\/uploads\/2022\/02\/6-tuya_720_540.jpg 720w, https:\/\/taizyfarmequipment.com\/wp-content\/uploads\/2022\/02\/6-tuya_720_540-300x225.jpg 300w\" sizes=\"auto, (max-width: 720px) 100vw, 720px\" \/><figcaption>c\u00f4t\u00e9 de l'\u00e9quipement de rizerie 60T<\/figcaption><\/figure>    <figure class=\"wp-block-image size-large\"><img loading=\"lazy\" decoding=\"async\" width=\"720\" height=\"540\" data-id=\"2676\" src=\"https:\/\/taizyfarmequipment.com\/wp-content\/uploads\/2022\/02\/7-tuya_720_540.jpg\" alt=\"c\u00f4t\u00e9 droit de la fraiseuse \u00e0 riz int\u00e9gr\u00e9e\" class=\"wp-image-2676\" title=\"c\u00f4t\u00e9 droit de la fraiseuse \u00e0 riz int\u00e9gr\u00e9e\" srcset=\"https:\/\/taizyfarmequipment.com\/wp-content\/uploads\/2022\/02\/7-tuya_720_540.jpg 720w, https:\/\/taizyfarmequipment.com\/wp-content\/uploads\/2022\/02\/7-tuya_720_540-300x225.jpg 300w\" sizes=\"auto, (max-width: 720px) 100vw, 720px\" \/><figcaption>c\u00f4t\u00e9 droit de la fraiseuse \u00e0 riz int\u00e9gr\u00e9e<\/figcaption><\/figure>    <figure class=\"wp-block-image size-large\"><img loading=\"lazy\" decoding=\"async\" width=\"720\" height=\"540\" data-id=\"2677\" src=\"https:\/\/taizyfarmequipment.com\/wp-content\/uploads\/2022\/02\/finished-production-show-.jpg\" alt=\"produit fini d&#039;une fraiseuse \u00e0 riz combin\u00e9e\" class=\"wp-image-2677\" title=\"produit fini d&#039;une fraiseuse \u00e0 riz combin\u00e9e\" srcset=\"https:\/\/taizyfarmequipment.com\/wp-content\/uploads\/2022\/02\/finished-production-show-.jpg 720w, https:\/\/taizyfarmequipment.com\/wp-content\/uploads\/2022\/02\/finished-production-show--300x225.jpg 300w\" sizes=\"auto, (max-width: 720px) 100vw, 720px\" \/><figcaption>produit fini d'une fraiseuse \u00e0 riz combin\u00e9e<\/figcaption><\/figure> <figcaption class=\"blocks-gallery-caption\">Fraiseuse \u00e0 riz 60T\/D<\/figcaption><\/figure>    <h2 class=\"wp-block-heading\" id=\"structure-of-the-60t-d-complete-set-rice-mill-plant\">Structure de l'usine de rizerie compl\u00e8te 60T\/D<\/h2>    <p>Il comprend un nettoyeur combin\u00e9, un dissolvant de pierre, un Husker, un s\u00e9parateur de paddy par gravit\u00e9, une moulin \u00e0 riz et une niveleuse de riz.<\/p>    <div class=\"wp-block-image\"><figure class=\"aligncenter size-full is-resized\"><img loading=\"lazy\" decoding=\"async\" src=\"https:\/\/taizyfarmequipment.com\/wp-content\/uploads\/2022\/02\/3-tuya_720_540.jpg\" alt=\"Structure compl\u00e8te de l&#039;usine de rizerie 60T\/D\" class=\"wp-image-2678\" width=\"724\" height=\"543\" title=\"Structure compl\u00e8te de l&#039;usine de rizerie 60T\/D\" srcset=\"https:\/\/taizyfarmequipment.com\/wp-content\/uploads\/2022\/02\/3-tuya_720_540.jpg 720w, https:\/\/taizyfarmequipment.com\/wp-content\/uploads\/2022\/02\/3-tuya_720_540-300x225.jpg 300w\" sizes=\"auto, (max-width: 724px) 100vw, 724px\" \/><figcaption>Structure de l'usine de rizerie compl\u00e8te 60T\/D<\/figcaption><\/figure><\/div>    <h2 class=\"wp-block-heading\" id=\"functions-of-every-part-of-the-integrated-rice-milling-machine\">Fonctions de chaque partie de la fraiseuse \u00e0 riz int\u00e9gr\u00e9e<\/h2>    <ol class=\"wp-block-list\" type=\"1\"><li>Nettoyant combin\u00e9 : \u00e9limine principalement les impuret\u00e9s telles que les b\u00e2tons de paille, les branches et les petites impuret\u00e9s du riz.<\/li><li>Dissolvant de pierres\u00a0: \u00e9liminez les petites pierres et les d\u00e9bris ayant une densit\u00e9 sp\u00e9cifique \u00e9lev\u00e9e dans le riz pour \u00e9viter d'endommager l'\u00e9quipement de transformation du riz.<\/li><li>D\u00e9cortiqueur : retirez la coque du riz. Le riz est transform\u00e9 en riz brun.<\/li><li>S\u00e9parateur de paddy par gravit\u00e9 : il peut tamiser le riz en riz brun, le m\u00e9lange de riz brun et de paddy, paddy. Et le paddy entrera \u00e0 nouveau dans le d\u00e9cortiqueur.<\/li><li>Moulin \u00e0 riz\u00a0: transformez le riz brun en riz lisse et blanc.<\/li><li>Trieuse de riz\u00a0: obtenez du riz entier en 3 qualit\u00e9s. L'un est du gros riz entier. Le deuxi\u00e8me est un petit riz entier. Et le troisi\u00e8me est le riz bris\u00e9.<\/li><\/ol>    <h2 class=\"wp-block-heading\" id=\"working-flow-of-the-60t-d-combined-set-rice-milling-machine\">Flux de travail de la fraiseuse \u00e0 riz combin\u00e9e 60T\/D<\/h2>    <ol class=\"wp-block-list\" type=\"1\"><li>Tout d\u2019abord, mettre le paddy dans la tr\u00e9mie de l\u2019\u00e9l\u00e9vateur. &nbsp;<\/li><li>Deuxi\u00e8mement, le paddy entre dans le dissolvant de pierres pour retirer les pierres du paddy. &nbsp;<\/li><li>Entrez ensuite dans le d\u00e9cortiqueur\u00a0pour retirer la coque du paddy.<\/li><li>Ensuite, il entre dans le s\u00e9parateur de paddy, le riz encore en coque est \u00e0 nouveau envoy\u00e9 vers la d\u00e9cortiqueuse. Et le riz brun entre dans la fraiseuse \u00e0 riz.<\/li><li>Ensuite, entrez dans la niveleuse.<\/li><\/ol>    <h2 class=\"wp-block-heading\" id=\"parameter-of-automatic-rice-milling-machine-production-line\">Param\u00e8tre de la ligne de production automatique de fraiseuse \u00e0 riz<\/h2>    <figure class=\"wp-block-table\"><table><tbody><tr><td>Machine<\/td><td>Capacit\u00e9 (t\/h)<\/td><td>Vitesse de rotation\u00a0(r\/min)<\/td><td>Puissance (kw)<\/td><td>Volume d'aspiration (m\u00b3\/h)<\/td><\/tr><tr><td>Combin\u00e9 plus clair<\/td><td>6-7<\/td><td>920<\/td><td>2*0.37<\/td><td>4800<\/td><\/tr><tr><td>D\u00e9capant de pierre<\/td><td>6-7<\/td><td>185+_15<\/td><td>0.75<\/td><td>3800-4200<\/td><\/tr><tr><td>D\u00e9cortiqueur<\/td><td>4.2-5<\/td><td>Rapide (1228-1673) Lent (1108-1362)<\/td><td>7.5<\/td><td>3200-3800<\/td><\/tr><tr><td>S\u00e9parateur de paddy par gravit\u00e9<\/td><td>3.4-4<\/td><td>255+_15<\/td><td>1.5<\/td><td>&nbsp;<\/td><\/tr><tr><td>Moulin \u00e0 riz<\/td><td>2-3<\/td><td>1290<\/td><td>22-30<\/td><td>3500-3800<\/td><\/tr><tr><td>Trieuse de riz<\/td><td>2.5-3.5<\/td><td>150+_15<\/td><td>1.1<\/td><td>&nbsp;<\/td><\/tr><tr><td>Ascenseur<\/td><td>2.4-3.5<\/td><td>189<\/td><td>1.1<\/td><td>300<\/td><\/tr><\/tbody><\/table><figcaption>Param\u00e8tre de la ligne de production automatique de fraiseuse \u00e0 riz<\/figcaption><\/figure>    <h2 class=\"wp-block-heading\" id=\"high-capacity-60t-d-rice-milling-machine-s-features\">Caract\u00e9ristiques de la fraiseuse \u00e0 riz 60\u00a0T\/D haute capacit\u00e9\u00a0:<\/h2>    <p>1. Cette ligne de production convient pour ajouter diff\u00e9rents types de riz, avec une large gamme d'applications, un rendement de riz \u00e9lev\u00e9 et un faible taux de bris de riz.<\/p>    <p>2. Plusieurs fraiseuses \u00e0 riz peuvent produire du riz de haute pr\u00e9cision et de haute qualit\u00e9, plus adapt\u00e9 aux besoins des entreprises.<\/p>    <p>3. Il est associ\u00e9 \u00e0 un \u00e9cran de nettoyage s\u00e9par\u00e9 et \u00e0 une machine d'\u00e9limination des pierres, l'effet d'\u00e9limination des impuret\u00e9s et des pierres est meilleur.<\/p>    <p>4. Vous pouvez \u00e9galement installer une polisseuse qui rendra le riz plus limpide et de meilleure qualit\u00e9.<\/p>    <p>5. Adoptez un filet d'aspiration externe pour r\u00e9duire la pollution par la poussi\u00e8re et am\u00e9liorer l'environnement de travail.<\/p>    <p>6. Disposer d'un processus technique complet et d'un ensemble complet d'\u00e9quipements de production, y compris le nettoyage, l'enl\u00e8vement des pierres, le d\u00e9corticage, la mouture du riz, le classement, le polissage, le tri des couleurs, la s\u00e9lection, le pesage automatique, l'emballage, etc.<\/p>    <h2 class=\"wp-block-heading\" id=\"packing-and-shipping-of-rice-milling-machine-unit\">Emballage et exp\u00e9dition de l'unit\u00e9 de fraiseuse \u00e0 riz<\/h2>    <figure class=\"wp-block-gallery has-nested-images columns-2 is-cropped wp-block-gallery-3 is-layout-flex wp-block-gallery-is-layout-flex\"> <figure class=\"wp-block-image size-large\"><img loading=\"lazy\" decoding=\"async\" width=\"720\" height=\"540\" data-id=\"2679\" src=\"https:\/\/taizyfarmequipment.com\/wp-content\/uploads\/2022\/02\/20-tuya_720_540.jpg\" alt=\"envelopper un film sur une machine \u00e0 riz\" class=\"wp-image-2679\" title=\"envelopper un film sur une machine \u00e0 riz\" srcset=\"https:\/\/taizyfarmequipment.com\/wp-content\/uploads\/2022\/02\/20-tuya_720_540.jpg 720w, https:\/\/taizyfarmequipment.com\/wp-content\/uploads\/2022\/02\/20-tuya_720_540-300x225.jpg 300w\" sizes=\"auto, (max-width: 720px) 100vw, 720px\" \/><figcaption>Film d'emballage sur une machine \u00e0 riz<\/figcaption><\/figure>    <figure class=\"wp-block-image size-large\"><img loading=\"lazy\" decoding=\"async\" width=\"720\" height=\"540\" data-id=\"2682\" src=\"https:\/\/taizyfarmequipment.com\/wp-content\/uploads\/2022\/02\/21-tuya_720_540-1.jpg\" alt=\"paquet en bois de moulin \u00e0 riz 60T\" class=\"wp-image-2682\" title=\"paquet en bois de moulin \u00e0 riz 60T\" srcset=\"https:\/\/taizyfarmequipment.com\/wp-content\/uploads\/2022\/02\/21-tuya_720_540-1.jpg 720w, https:\/\/taizyfarmequipment.com\/wp-content\/uploads\/2022\/02\/21-tuya_720_540-1-300x225.jpg 300w\" sizes=\"auto, (max-width: 720px) 100vw, 720px\" \/><figcaption>paquet en bois de moulin \u00e0 riz 60T<\/figcaption><\/figure>    <figure class=\"wp-block-image size-large\"><img loading=\"lazy\" decoding=\"async\" width=\"720\" height=\"540\" data-id=\"2683\" src=\"https:\/\/taizyfarmequipment.com\/wp-content\/uploads\/2022\/02\/22-tuya_720_540.jpg\" alt=\"paquet en bois\" class=\"wp-image-2683\" title=\"paquet en bois\" srcset=\"https:\/\/taizyfarmequipment.com\/wp-content\/uploads\/2022\/02\/22-tuya_720_540.jpg 720w, https:\/\/taizyfarmequipment.com\/wp-content\/uploads\/2022\/02\/22-tuya_720_540-300x225.jpg 300w\" sizes=\"auto, (max-width: 720px) 100vw, 720px\" \/><figcaption>paquet en bois<\/figcaption><\/figure>    <figure class=\"wp-block-image size-large\"><img loading=\"lazy\" decoding=\"async\" width=\"720\" height=\"540\" data-id=\"2684\" src=\"https:\/\/taizyfarmequipment.com\/wp-content\/uploads\/2022\/02\/23-tuya_720_540-1.jpg\" alt=\"chargement d&#039;une usine de rizerie\" class=\"wp-image-2684\" title=\"chargement d&#039;une usine de rizerie\" srcset=\"https:\/\/taizyfarmequipment.com\/wp-content\/uploads\/2022\/02\/23-tuya_720_540-1.jpg 720w, https:\/\/taizyfarmequipment.com\/wp-content\/uploads\/2022\/02\/23-tuya_720_540-1-300x225.jpg 300w\" sizes=\"auto, (max-width: 720px) 100vw, 720px\" \/><figcaption>chargement d'une usine de rizerie<\/figcaption><\/figure> <figcaption class=\"blocks-gallery-caption\">Emballage et exp\u00e9dition de l'unit\u00e9 de fraiseuse \u00e0 riz<\/figcaption><\/figure>","protected":false},"excerpt":{"rendered":"<p>La fraiseuse \u00e0 riz peut transformer le paddy en riz. La version de base de la fraiseuse \u00e0 riz 60T\/D comprend un nettoyeur combin\u00e9, un \u00e9liminateur de pierres, un d\u00e9cortiqueur, un s\u00e9parateur de riz par gravit\u00e9, un moulin \u00e0 riz et une niveleuse de riz. <\/p>","protected":false},"author":1,"featured_media":2673,"parent":0,"template":"","tags":[141,147,146,145,142],"product-type":[132],"class_list":["post-2583","product","type-product","status-publish","has-post-thumbnail","hentry","tag-automatic-rice-milling-machine","tag-automatic-rice-milling-machine-production-line","tag-combined-set-rice-milling-machine","tag-rice-mill-plant","tag-rice-milling-machine-unit","product-type-rice-mill"],"_links":{"self":[{"href":"https:\/\/taizyfarmequipment.com\/fr\/wp-json\/wp\/v2\/product\/2583","targetHints":{"allow":["GET"]}}],"collection":[{"href":"https:\/\/taizyfarmequipment.com\/fr\/wp-json\/wp\/v2\/product"}],"about":[{"href":"https:\/\/taizyfarmequipment.com\/fr\/wp-json\/wp\/v2\/types\/product"}],"author":[{"embeddable":true,"href":"https:\/\/taizyfarmequipment.com\/fr\/wp-json\/wp\/v2\/users\/1"}],"wp:featuredmedia":[{"embeddable":true,"href":"https:\/\/taizyfarmequipment.com\/fr\/wp-json\/wp\/v2\/media\/2673"}],"wp:attachment":[{"href":"https:\/\/taizyfarmequipment.com\/fr\/wp-json\/wp\/v2\/media?parent=2583"}],"wp:term":[{"taxonomy":"post_tag","embeddable":true,"href":"https:\/\/taizyfarmequipment.com\/fr\/wp-json\/wp\/v2\/tags?post=2583"},{"taxonomy":"product-type","embeddable":true,"href":"https:\/\/taizyfarmequipment.com\/fr\/wp-json\/wp\/v2\/product-type?post=2583"}],"curies":[{"name":"wp","href":"https:\/\/api.w.org\/{rel}","templated":true}]}}