{"id":2584,"date":"2022-02-21T06:13:05","date_gmt":"2022-02-21T06:13:05","guid":{"rendered":"https:\/\/taizyfarmequipment.com\/"},"modified":"2022-11-29T17:53:29","modified_gmt":"2022-11-29T09:53:29","slug":"separateur-de-paddy-par-gravite","status":"publish","type":"product","link":"https:\/\/taizyfarmequipment.com\/fr\/product\/gravity-paddy-separator\/","title":{"rendered":"S\u00e9parateur de paddy par gravit\u00e9 dans une unit\u00e9 de rizerie"},"content":{"rendered":"<div class=\"kk-star-ratings kksr-auto kksr-align-left kksr-valign-top\"     data-payload='{&quot;align&quot;:&quot;left&quot;,&quot;id&quot;:&quot;2584&quot;,&quot;slug&quot;:&quot;default&quot;,&quot;valign&quot;:&quot;top&quot;,&quot;ignore&quot;:&quot;&quot;,&quot;reference&quot;:&quot;auto&quot;,&quot;class&quot;:&quot;&quot;,&quot;count&quot;:&quot;9&quot;,&quot;legendonly&quot;:&quot;&quot;,&quot;readonly&quot;:&quot;&quot;,&quot;score&quot;:&quot;4.7&quot;,&quot;starsonly&quot;:&quot;&quot;,&quot;best&quot;:&quot;5&quot;,&quot;gap&quot;:&quot;5&quot;,&quot;greet&quot;:&quot;Rate this product&quot;,&quot;legend&quot;:&quot;4.7\\\/5 - (9 votes)&quot;,&quot;size&quot;:&quot;24&quot;,&quot;title&quot;:&quot;Gravity paddy separator in rice mill unit&quot;,&quot;width&quot;:&quot;133.8&quot;,&quot;_legend&quot;:&quot;{score}\\\/{best} - ({count} {votes})&quot;,&quot;font_factor&quot;:&quot;1.25&quot;}'>              <div class=\"kksr-stars\">      <div class=\"kksr-stars-inactive\">             <div class=\"kksr-star\" data-star=\"1\" style=\"padding-right: 5px\">               <div class=\"kksr-icon\" style=\"width: 24px; height: 24px;\"><\/div>         <\/div>             <div class=\"kksr-star\" data-star=\"2\" style=\"padding-right: 5px\">               <div class=\"kksr-icon\" style=\"width: 24px; height: 24px;\"><\/div>         <\/div>             <div class=\"kksr-star\" data-star=\"3\" style=\"padding-right: 5px\">               <div class=\"kksr-icon\" style=\"width: 24px; height: 24px;\"><\/div>         <\/div>             <div class=\"kksr-star\" data-star=\"4\" style=\"padding-right: 5px\">               <div class=\"kksr-icon\" style=\"width: 24px; height: 24px;\"><\/div>         <\/div>             <div class=\"kksr-star\" data-star=\"5\" style=\"padding-right: 5px\">               <div class=\"kksr-icon\" style=\"width: 24px; height: 24px;\"><\/div>         <\/div>     <\/div>      <div class=\"kksr-stars-active\" style=\"width: 133.8px;\">             <div class=\"kksr-star\" style=\"padding-right: 5px\">               <div class=\"kksr-icon\" style=\"width: 24px; height: 24px;\"><\/div>         <\/div>             <div class=\"kksr-star\" style=\"padding-right: 5px\">               <div class=\"kksr-icon\" style=\"width: 24px; height: 24px;\"><\/div>         <\/div>             <div class=\"kksr-star\" style=\"padding-right: 5px\">               <div class=\"kksr-icon\" style=\"width: 24px; height: 24px;\"><\/div>         <\/div>             <div class=\"kksr-star\" style=\"padding-right: 5px\">               <div class=\"kksr-icon\" style=\"width: 24px; height: 24px;\"><\/div>         <\/div>             <div class=\"kksr-star\" style=\"padding-right: 5px\">               <div class=\"kksr-icon\" style=\"width: 24px; height: 24px;\"><\/div>         <\/div>     <\/div> <\/div>                   <div class=\"kksr-legend\" style=\"font-size: 19.2px;\">             4,7\/5 - (9 votes)    <\/div>     <\/div>  <h2 class=\"wp-block-heading\" id=\"h-introduction-of-gravity-paddy-separator\">Introduction du s\u00e9parateur de paddy par gravit\u00e9<\/h2>    <p class=\"translation-block\">Le principe de fonctionnement est d'utiliser la diff\u00e9rence de taille des grains bas\u00e9e sur la classification automatique du riz brun et du paddy. Et ensuite s\u00e9lectionner des trous de tamis appropri\u00e9s et coop\u00e9rer avec un proc\u00e9d\u00e9 simple et efficace pour la s\u00e9paration. <\/p>    <figure class=\"wp-block-gallery has-nested-images columns-2 is-cropped wp-block-gallery-2 is-layout-flex wp-block-gallery-is-layout-flex\"> <figure class=\"wp-block-image size-large\"><img loading=\"lazy\" decoding=\"async\" width=\"720\" height=\"540\" data-id=\"2686\" src=\"https:\/\/taizyfarmequipment.com\/wp-content\/uploads\/2022\/02\/7-tuya_720_540-1.jpg\" alt=\"devant le s\u00e9parateur de paddy par gravit\u00e9\" class=\"wp-image-2686\" title=\"devant le s\u00e9parateur de paddy par gravit\u00e9\" srcset=\"https:\/\/taizyfarmequipment.com\/wp-content\/uploads\/2022\/02\/7-tuya_720_540-1.jpg 720w, https:\/\/taizyfarmequipment.com\/wp-content\/uploads\/2022\/02\/7-tuya_720_540-1-300x225.jpg 300w\" sizes=\"auto, (max-width: 720px) 100vw, 720px\" \/><figcaption class=\"wp-element-caption\">devant le s\u00e9parateur de paddy par gravit\u00e9<\/figcaption><\/figure>    <figure class=\"wp-block-image size-large\"><img loading=\"lazy\" decoding=\"async\" width=\"720\" height=\"540\" data-id=\"2687\" src=\"https:\/\/taizyfarmequipment.com\/wp-content\/uploads\/2022\/02\/8-tuya_720_540.jpg\" alt=\"c\u00f4t\u00e9 du s\u00e9parateur de paddy par gravit\u00e9\" class=\"wp-image-2687\" title=\"c\u00f4t\u00e9 du s\u00e9parateur de paddy par gravit\u00e9\" srcset=\"https:\/\/taizyfarmequipment.com\/wp-content\/uploads\/2022\/02\/8-tuya_720_540.jpg 720w, https:\/\/taizyfarmequipment.com\/wp-content\/uploads\/2022\/02\/8-tuya_720_540-300x225.jpg 300w\" sizes=\"auto, (max-width: 720px) 100vw, 720px\" \/><figcaption class=\"wp-element-caption\">c\u00f4t\u00e9 du s\u00e9parateur de paddy par gravit\u00e9<\/figcaption><\/figure>    <figure class=\"wp-block-image size-large\"><img loading=\"lazy\" decoding=\"async\" width=\"720\" height=\"541\" data-id=\"2688\" src=\"https:\/\/taizyfarmequipment.com\/wp-content\/uploads\/2022\/02\/9-tuya_720_541.jpg\" alt=\"arri\u00e8re du s\u00e9parateur de riz par gravit\u00e9\" class=\"wp-image-2688\" title=\"arri\u00e8re du s\u00e9parateur de riz par gravit\u00e9\" srcset=\"https:\/\/taizyfarmequipment.com\/wp-content\/uploads\/2022\/02\/9-tuya_720_541.jpg 720w, https:\/\/taizyfarmequipment.com\/wp-content\/uploads\/2022\/02\/9-tuya_720_541-300x225.jpg 300w\" sizes=\"auto, (max-width: 720px) 100vw, 720px\" \/><figcaption class=\"wp-element-caption\">arri\u00e8re du s\u00e9parateur de riz par gravit\u00e9<\/figcaption><\/figure>    <figure class=\"wp-block-image size-large\"><img loading=\"lazy\" decoding=\"async\" width=\"720\" height=\"540\" data-id=\"2689\" src=\"https:\/\/taizyfarmequipment.com\/wp-content\/uploads\/2022\/02\/2-tuya-tuya_720_540.jpg\" alt=\"spectacle du riz s\u00e9par\u00e9\" class=\"wp-image-2689\" title=\"spectacle du riz s\u00e9par\u00e9\" srcset=\"https:\/\/taizyfarmequipment.com\/wp-content\/uploads\/2022\/02\/2-tuya-tuya_720_540.jpg 720w, https:\/\/taizyfarmequipment.com\/wp-content\/uploads\/2022\/02\/2-tuya-tuya_720_540-300x225.jpg 300w\" sizes=\"auto, (max-width: 720px) 100vw, 720px\" \/><figcaption class=\"wp-element-caption\">spectacle du riz s\u00e9par\u00e9<\/figcaption><\/figure> <\/figure>    <h2 class=\"wp-block-heading\" id=\"paddy-separator-s-structure\">Structure du s\u00e9parateur de paddy<\/h2>    <p>Le tamis de s\u00e9paration grossi\u00e8re par gravit\u00e9 comprend huit composants tels que le dispositif d'alimentation et de raffinage, le dispositif de distribution, la bo\u00eete de s\u00e9paration, le dispositif de d\u00e9chargement, le m\u00e9canisme de r\u00e9glage de support, le m\u00e9canisme de transmission excentrique, le dispositif tampon \u00e0 ressort et la base de la machine.<\/p>    <figure class=\"wp-block-gallery has-nested-images columns-default is-cropped wp-block-gallery-3 is-layout-flex wp-block-gallery-is-layout-flex\"> <figure class=\"wp-block-image size-large\"><img loading=\"lazy\" decoding=\"async\" width=\"720\" height=\"540\" data-id=\"2690\" src=\"https:\/\/taizyfarmequipment.com\/wp-content\/uploads\/2022\/02\/4-tuya_720_540.jpg\" alt=\"Tamis du s\u00e9parateur de paddy\" class=\"wp-image-2690\" title=\"Tamis du s\u00e9parateur de paddy\" srcset=\"https:\/\/taizyfarmequipment.com\/wp-content\/uploads\/2022\/02\/4-tuya_720_540.jpg 720w, https:\/\/taizyfarmequipment.com\/wp-content\/uploads\/2022\/02\/4-tuya_720_540-300x225.jpg 300w\" sizes=\"auto, (max-width: 720px) 100vw, 720px\" \/><figcaption class=\"wp-element-caption\">Tamis du s\u00e9parateur de paddy<\/figcaption><\/figure>    <figure class=\"wp-block-image size-large\"><img loading=\"lazy\" decoding=\"async\" width=\"720\" height=\"540\" data-id=\"2691\" src=\"https:\/\/taizyfarmequipment.com\/wp-content\/uploads\/2022\/02\/5-tuya_720_540.jpg\" alt=\"Moteur en cuivre du s\u00e9parateur de paddy\" class=\"wp-image-2691\" title=\"Moteur en cuivre du s\u00e9parateur de paddy\" srcset=\"https:\/\/taizyfarmequipment.com\/wp-content\/uploads\/2022\/02\/5-tuya_720_540.jpg 720w, https:\/\/taizyfarmequipment.com\/wp-content\/uploads\/2022\/02\/5-tuya_720_540-300x225.jpg 300w\" sizes=\"auto, (max-width: 720px) 100vw, 720px\" \/><figcaption class=\"wp-element-caption\">Moteur en cuivre du s\u00e9parateur de paddy<\/figcaption><\/figure> <\/figure>    <h2 class=\"wp-block-heading\" id=\"the-paddy-separator-working-principle\">Le principe de fonctionnement du s\u00e9parateur de paddy<\/h2>    <p class=\"translation-block\"><span id=\"The_paddy_separator_working_principle\">Principe de fonctionnement du s\u00e9parateur de paddy<\/span><\/p>    <h2 class=\"wp-block-heading\" id=\"parameter-of-the-rice-paddy-separator-machine\">Param\u00e8tre de la machine de s\u00e9paration de riz paddy<\/h2>    <figure class=\"wp-block-table\"><table><tbody><tr><td>Mod\u00e8le<\/td><td>Capacit\u00e9 (t\/h)<\/td><td>Puissance (KW)<\/td><td>Taille (L * L * H)<\/td><\/tr><tr><td>MGCZ80*6<\/td><td>0.8-1.3<\/td><td>1.1<\/td><td>1350*1000*1400<\/td><\/tr><tr><td>MGCZ80*7<\/td><td>1.1-1.5<\/td><td>1.1<\/td><td>1350*1000*1450<\/td><\/tr><tr><td>MGCZ100*6<\/td><td>1.2-1.6<\/td><td>1.1<\/td><td>1600*1250*1400<\/td><\/tr><tr><td>MGCZ100*7<\/td><td>1.6-2.1<\/td><td>1.1<\/td><td>1600*1250*1450<\/td><\/tr><tr><td>MGCZ100*8<\/td><td>2.1-2.4<\/td><td>1.1<\/td><td>1600*1250*1500<\/td><\/tr><tr><td>MGCZ100*10<\/td><td>2.5-3.2<\/td><td>1.5<\/td><td>1600*1250*1750<\/td><\/tr><tr><td>MGCZ100*12<\/td><td>3.4-4<\/td><td>1.5<\/td><td>1600*1250*1800<\/td><\/tr><tr><td>MGCZ100*14<\/td><td>4-4.9<\/td><td>1.5<\/td><td>1600*1250*1740<\/td><\/tr><tr><td>MGCZ100*16<\/td><td>4.5-5.6<\/td><td>1.5<\/td><td>1600*1250*1820<\/td><\/tr><\/tbody><\/table><figcaption class=\"wp-element-caption\">s\u00e9parateur de machine de s\u00e9paration de riz paddy<\/figcaption><\/figure>    <h2 class=\"wp-block-heading\" id=\"why-do-we-need-the-rice-mill-paddy-separator\">Pourquoi avons-nous besoin du s\u00e9parateur de paddy pour moulin \u00e0 riz\u00a0?<\/h2>    <p class=\"translation-block\">C'est un dispositif pour s\u00e9parer le riz brun du <strong>m\u00e9lange<\/strong> de riz brun et de paddy en utilisant la diff\u00e9rence de gravit\u00e9 sp\u00e9cifique et de friction de surface du riz brun.<\/p>    <figure class=\"wp-block-gallery has-nested-images columns-default is-cropped wp-block-gallery-4 is-layout-flex wp-block-gallery-is-layout-flex\"> <figure class=\"wp-block-image size-large\"><img loading=\"lazy\" decoding=\"async\" width=\"720\" height=\"540\" data-id=\"2692\" src=\"https:\/\/taizyfarmequipment.com\/wp-content\/uploads\/2022\/02\/grain-seperator-.jpg\" alt=\"\" class=\"wp-image-2692\" srcset=\"https:\/\/taizyfarmequipment.com\/wp-content\/uploads\/2022\/02\/grain-seperator-.jpg 720w, https:\/\/taizyfarmequipment.com\/wp-content\/uploads\/2022\/02\/grain-seperator--300x225.jpg 300w\" sizes=\"auto, (max-width: 720px) 100vw, 720px\" \/><\/figure>    <figure class=\"wp-block-image size-full\"><img loading=\"lazy\" decoding=\"async\" width=\"720\" height=\"540\" data-id=\"2693\" src=\"https:\/\/taizyfarmequipment.com\/wp-content\/uploads\/2022\/02\/rice-separator-.jpg\" alt=\"\" class=\"wp-image-2693\" srcset=\"https:\/\/taizyfarmequipment.com\/wp-content\/uploads\/2022\/02\/rice-separator-.jpg 720w, https:\/\/taizyfarmequipment.com\/wp-content\/uploads\/2022\/02\/rice-separator--300x225.jpg 300w\" sizes=\"auto, (max-width: 720px) 100vw, 720px\" \/><\/figure> <figcaption class=\"blocks-gallery-caption wp-element-caption\">Pourquoi avons-nous besoin du s\u00e9parateur de paddy pour moulin \u00e0 riz\u00a0?<\/figcaption><\/figure>    <h2 class=\"wp-block-heading\" id=\"features-of-grain-separator\">Caract\u00e9ristiques du s\u00e9parateur de grains<\/h2>    <ol class=\"wp-block-list\" type=\"1\"> <li>La structure est compacte et le fonctionnement est pratique.<\/li>    <li>Conception \u00e9quilibr\u00e9e Unique, bonnes performances m\u00e9caniques.<\/li>    <li>Il a une forte adaptabilit\u00e9 et un effet de processus stable.<\/li>    <li>C'est un appareil pour s\u00e9parer le riz brun du <strong>m\u00e9lange<\/strong>&nbsp;du riz brun\u00a0et du paddy\u00a0en utilisant la diff\u00e9rence de densit\u00e9 sp\u00e9cifique et de friction de surface du riz brun.<\/li>    <li>L'efficacit\u00e9 de la s\u00e9paration est \u00e9lev\u00e9e. Et l\u2019adaptabilit\u00e9 aux c\u00e9r\u00e9ales brutes est forte. M\u00eame si les vari\u00e9t\u00e9s de riz sont m\u00e9lang\u00e9es et que la granulom\u00e9trie n'est pas uniforme, l'effet sur l'efficacit\u00e9 de s\u00e9paration de la rugosit\u00e9 reste relativement important.<\/li> <\/ol>","protected":false},"excerpt":{"rendered":"<p>Un s\u00e9parateur de paddy par gravit\u00e9 est une machine qui s\u00e9pare le riz brun du paddy par la diff\u00e9rence de gravit\u00e9 et de friction de surface.<\/p>","protected":false},"author":1,"featured_media":2685,"parent":0,"template":"","tags":[190,188],"product-type":[132],"class_list":["post-2584","product","type-product","status-publish","has-post-thumbnail","hentry","tag-grain-separator","tag-paddy-separator","product-type-rice-mill"],"_links":{"self":[{"href":"https:\/\/taizyfarmequipment.com\/fr\/wp-json\/wp\/v2\/product\/2584","targetHints":{"allow":["GET"]}}],"collection":[{"href":"https:\/\/taizyfarmequipment.com\/fr\/wp-json\/wp\/v2\/product"}],"about":[{"href":"https:\/\/taizyfarmequipment.com\/fr\/wp-json\/wp\/v2\/types\/product"}],"author":[{"embeddable":true,"href":"https:\/\/taizyfarmequipment.com\/fr\/wp-json\/wp\/v2\/users\/1"}],"wp:featuredmedia":[{"embeddable":true,"href":"https:\/\/taizyfarmequipment.com\/fr\/wp-json\/wp\/v2\/media\/2685"}],"wp:attachment":[{"href":"https:\/\/taizyfarmequipment.com\/fr\/wp-json\/wp\/v2\/media?parent=2584"}],"wp:term":[{"taxonomy":"post_tag","embeddable":true,"href":"https:\/\/taizyfarmequipment.com\/fr\/wp-json\/wp\/v2\/tags?post=2584"},{"taxonomy":"product-type","embeddable":true,"href":"https:\/\/taizyfarmequipment.com\/fr\/wp-json\/wp\/v2\/product-type?post=2584"}],"curies":[{"name":"wp","href":"https:\/\/api.w.org\/{rel}","templated":true}]}}