{"id":2586,"date":"2022-02-14T09:54:16","date_gmt":"2022-02-14T09:54:16","guid":{"rendered":"https:\/\/taizyfarmequipment.com\/"},"modified":"2025-07-15T18:00:19","modified_gmt":"2025-07-15T10:00:19","slug":"machine-a-decortiquer-le-riz-automatique-de-15-tonnes","status":"publish","type":"product","link":"https:\/\/taizyfarmequipment.com\/fr\/product\/15t-d-automatic-rice-milling-machine\/","title":{"rendered":"Machine \u00e0 rizer automatique combin\u00e9e de 15TPD"},"content":{"rendered":"<div class=\"kk-star-ratings kksr-auto kksr-align-left kksr-valign-top\"     data-payload='{&quot;align&quot;:&quot;left&quot;,&quot;id&quot;:&quot;2586&quot;,&quot;slug&quot;:&quot;default&quot;,&quot;valign&quot;:&quot;top&quot;,&quot;ignore&quot;:&quot;&quot;,&quot;reference&quot;:&quot;auto&quot;,&quot;class&quot;:&quot;&quot;,&quot;count&quot;:&quot;22&quot;,&quot;legendonly&quot;:&quot;&quot;,&quot;readonly&quot;:&quot;&quot;,&quot;score&quot;:&quot;4.6&quot;,&quot;starsonly&quot;:&quot;&quot;,&quot;best&quot;:&quot;5&quot;,&quot;gap&quot;:&quot;5&quot;,&quot;greet&quot;:&quot;Rate this product&quot;,&quot;legend&quot;:&quot;4.6\\\/5 - (22 votes)&quot;,&quot;size&quot;:&quot;24&quot;,&quot;title&quot;:&quot;15TPD combined automatic rice milling machine&quot;,&quot;width&quot;:&quot;130.9&quot;,&quot;_legend&quot;:&quot;{score}\\\/{best} - ({count} {votes})&quot;,&quot;font_factor&quot;:&quot;1.25&quot;}'>              <div class=\"kksr-stars\">      <div class=\"kksr-stars-inactive\">             <div class=\"kksr-star\" data-star=\"1\" style=\"padding-right: 5px\">               <div class=\"kksr-icon\" style=\"width: 24px; height: 24px;\"><\/div>         <\/div>             <div class=\"kksr-star\" data-star=\"2\" style=\"padding-right: 5px\">               <div class=\"kksr-icon\" style=\"width: 24px; height: 24px;\"><\/div>         <\/div>             <div class=\"kksr-star\" data-star=\"3\" style=\"padding-right: 5px\">               <div class=\"kksr-icon\" style=\"width: 24px; height: 24px;\"><\/div>         <\/div>             <div class=\"kksr-star\" data-star=\"4\" style=\"padding-right: 5px\">               <div class=\"kksr-icon\" style=\"width: 24px; height: 24px;\"><\/div>         <\/div>             <div class=\"kksr-star\" data-star=\"5\" style=\"padding-right: 5px\">               <div class=\"kksr-icon\" style=\"width: 24px; height: 24px;\"><\/div>         <\/div>     <\/div>      <div class=\"kksr-stars-active\" style=\"width: 130.9px;\">             <div class=\"kksr-star\" style=\"padding-right: 5px\">               <div class=\"kksr-icon\" style=\"width: 24px; height: 24px;\"><\/div>         <\/div>             <div class=\"kksr-star\" style=\"padding-right: 5px\">               <div class=\"kksr-icon\" style=\"width: 24px; height: 24px;\"><\/div>         <\/div>             <div class=\"kksr-star\" style=\"padding-right: 5px\">               <div class=\"kksr-icon\" style=\"width: 24px; height: 24px;\"><\/div>         <\/div>             <div class=\"kksr-star\" style=\"padding-right: 5px\">               <div class=\"kksr-icon\" style=\"width: 24px; height: 24px;\"><\/div>         <\/div>             <div class=\"kksr-star\" style=\"padding-right: 5px\">               <div class=\"kksr-icon\" style=\"width: 24px; height: 24px;\"><\/div>         <\/div>     <\/div> <\/div>                   <div class=\"kksr-legend\" style=\"font-size: 19.2px;\">             4,6\/5 - (22 votes)    <\/div>     <\/div>  <p>La machine \u00e0 riz automatique combin\u00e9e 15TPD est une ligne de production efficace et compacte con\u00e7ue pour le traitement du riz \u00e0 petite et moyenne \u00e9chelle. Cette unit\u00e9 int\u00e8gre des fonctions essentielles de d\u00e9corticage du riz telles que le nettoyage du paddy, le d\u00e9rochetage, le d\u00e9corticage, la s\u00e9paration, le meulage et le classement en un seul syst\u00e8me complet. <\/p>    <p>Avec une capacit\u00e9 de traitement de 15 tonnes par jour, il garantit une production \u00e9lev\u00e9e avec un minimum d'implication de la main-d'\u0153uvre. Id\u00e9al pour les moulins \u00e0 riz ruraux, les coop\u00e9ratives agricoles et les petites usines de transformation.<\/p>    <figure class=\"wp-block-embed is-type-video is-provider-youtube wp-block-embed-youtube wp-embed-aspect-16-9 wp-has-aspect-ratio\"><div class=\"wp-block-embed__wrapper\"> <iframe loading=\"lazy\" title=\"Installation de moulin \u00e0 riz 15TPD en Afrique | \u00c9tude de cas client #riz #moulin\u00e0riz #agriculture #ferme\" width=\"500\" height=\"281\" src=\"https:\/\/www.youtube.com\/embed\/ABQTQ46Z1JI?feature=oembed\" frameborder=\"0\" allow=\"accelerometer; autoplay; clipboard-write; encrypted-media; gyroscope; picture-in-picture; web-share\" referrerpolicy=\"strict-origin-when-cross-origin\" allowfullscreen><\/iframe> <\/div><figcaption class=\"wp-element-caption\">Vid\u00e9o de fonctionnement de l'usine de moulin \u00e0 riz de 15 tonnes<\/figcaption><\/figure>    <h2 class=\"wp-block-heading\" id=\"introduction-of-the-emery-roller-rice-mill-machine\">Machine de mouture de riz automatique de 15TPD \u00e0 vendre<\/h2>    <p>Les machines de meulage de riz automatiques convertissent efficacement le riz brun en riz blanc, particuli\u00e8rement adapt\u00e9es aux vari\u00e9t\u00e9s \u00e0 grain long gr\u00e2ce \u00e0 leurs rouleaux en \u00e9meri. Nos mod\u00e8les\u2014MNMS15B, MNMS18 et MNMS25\u2014offrent diff\u00e9rentes capacit\u00e9s horaires pour r\u00e9pondre \u00e0 divers besoins de production. <\/p>    <p>Compacts et efficaces, ils garantissent de faibles taux de casse et une s\u00e9paration efficace du son. Lorsqu'ils sont utilis\u00e9s dans une ligne de transformation du riz combin\u00e9e, plusieurs machines peuvent \u00eatre configur\u00e9es pour un rendement plus \u00e9lev\u00e9 et de meilleures performances de meulage en fonction de vos besoins sp\u00e9cifiques.<\/p>    <figure class=\"wp-block-image size-full\"><img loading=\"lazy\" decoding=\"async\" width=\"720\" height=\"540\" src=\"https:\/\/taizyfarmequipment.com\/wp-content\/uploads\/2022\/02\/05_720_540-1.jpg\" alt=\"machine de moulin \u00e0 riz \u00e0 rouleaux \u00e9meri\" class=\"wp-image-2633\" title=\"machine de moulin \u00e0 riz \u00e0 rouleaux \u00e9meri\" srcset=\"https:\/\/taizyfarmequipment.com\/wp-content\/uploads\/2022\/02\/05_720_540-1.jpg 720w, https:\/\/taizyfarmequipment.com\/wp-content\/uploads\/2022\/02\/05_720_540-1-300x225.jpg 300w\" sizes=\"auto, (max-width: 720px) 100vw, 720px\" \/><figcaption class=\"wp-element-caption\">machine de moulin \u00e0 riz \u00e0 rouleaux \u00e9meri<\/figcaption><\/figure>    <h2 class=\"wp-block-heading\" id=\"the-structure-of-the-rice-milling-machine\">Structure de la machine \u00e0 moudre le riz<\/h2>    <div class=\"wp-block-media-text is-stacked-on-mobile\"><figure class=\"wp-block-media-text__media\"><img loading=\"lazy\" decoding=\"async\" width=\"720\" height=\"540\" src=\"https:\/\/taizyfarmequipment.com\/wp-content\/uploads\/2022\/02\/rice-milling-machines-structure_720_540.jpg\" alt=\"structure de la fraiseuse \u00e0 riz\" class=\"wp-image-2634 size-full\" srcset=\"https:\/\/taizyfarmequipment.com\/wp-content\/uploads\/2022\/02\/rice-milling-machines-structure_720_540.jpg 720w, https:\/\/taizyfarmequipment.com\/wp-content\/uploads\/2022\/02\/rice-milling-machines-structure_720_540-300x225.jpg 300w\" sizes=\"auto, (max-width: 720px) 100vw, 720px\" \/><\/figure><div class=\"wp-block-media-text__content\"> <p>La fraiseuse \u00e0 riz automatique comprend une tr\u00e9mie, un rouleau \u00e9meri, un tamis, une poign\u00e9e, des poids, un purificateur d'air, une sortie, etc.<\/p> <\/div><\/div>    <h3 class=\"wp-block-heading\">La fonction de chaque partie des unit\u00e9s de machine \u00e0 d\u00e9cortiquer le riz<\/h3>    <div class=\"wp-block-media-text has-media-on-the-right is-stacked-on-mobile\"><div class=\"wp-block-media-text__content\"> <ul class=\"wp-block-list\"> <li><strong>Tr\u00e9mie<\/strong>. Le riz brun est charg\u00e9 dans la machine par cette entr\u00e9e.<\/li>    <li><strong>Rouleau en \u00e9meri et tamis<\/strong>. Le riz est d\u00e9cortiqu\u00e9 en frottant entre le rouleau en \u00e9meri et l'\u00e9cran, et le son tombe \u00e0 travers le tamis.<\/li>    <li><strong>Poign\u00e9e<\/strong>. Utilis\u00e9 pour contr\u00f4ler la quantit\u00e9 de riz brun tombant dans la chambre de d\u00e9corticage.<\/li>    <li><strong>Poids<\/strong>. Ajuste la pression de d\u00e9corticage pour contr\u00f4ler le degr\u00e9 de d\u00e9corticage du riz.<\/li>    <li><strong>Purificateur d'air<\/strong>. Souffle le son de riz s\u00e9par\u00e9 hors de la machine.<\/li>    <li><strong>Prise<\/strong>. Le riz blanc trait\u00e9 est \u00e9vacu\u00e9 par cette sortie.<\/li> <\/ul> <\/div><figure class=\"wp-block-media-text__media\"><img loading=\"lazy\" decoding=\"async\" width=\"720\" height=\"540\" src=\"https:\/\/taizyfarmequipment.com\/wp-content\/uploads\/2022\/02\/15TD-combined-automatic-rice-milling-machine.webp\" alt=\"Fraiseuse \u00e0 riz automatique combin\u00e9e 15TD\" class=\"wp-image-4541 size-full\" srcset=\"https:\/\/taizyfarmequipment.com\/wp-content\/uploads\/2022\/02\/15TD-combined-automatic-rice-milling-machine.webp 720w, https:\/\/taizyfarmequipment.com\/wp-content\/uploads\/2022\/02\/15TD-combined-automatic-rice-milling-machine-300x225.webp 300w, https:\/\/taizyfarmequipment.com\/wp-content\/uploads\/2022\/02\/15TD-combined-automatic-rice-milling-machine-16x12.webp 16w\" sizes=\"auto, (max-width: 720px) 100vw, 720px\" \/><\/figure><\/div>    <h2 class=\"wp-block-heading\" id=\"the-working-principle-of-the-rice-polisher\">Comment fonctionne la machine \u00e0 moudre le riz ?<\/h2>    <div class=\"wp-block-media-text is-stacked-on-mobile\"><figure class=\"wp-block-media-text__media\"><img loading=\"lazy\" decoding=\"async\" width=\"720\" height=\"540\" src=\"https:\/\/taizyfarmequipment.com\/wp-content\/uploads\/2022\/02\/15TD-combined-automatic-rice-milling-machine-for-sale.webp\" alt=\"Fraiseuse \u00e0 riz automatique combin\u00e9e 15TD \u00e0 vendre\" class=\"wp-image-4540 size-full\" srcset=\"https:\/\/taizyfarmequipment.com\/wp-content\/uploads\/2022\/02\/15TD-combined-automatic-rice-milling-machine-for-sale.webp 720w, https:\/\/taizyfarmequipment.com\/wp-content\/uploads\/2022\/02\/15TD-combined-automatic-rice-milling-machine-for-sale-300x225.webp 300w, https:\/\/taizyfarmequipment.com\/wp-content\/uploads\/2022\/02\/15TD-combined-automatic-rice-milling-machine-for-sale-16x12.webp 16w\" sizes=\"auto, (max-width: 720px) 100vw, 720px\" \/><\/figure><div class=\"wp-block-media-text__content\"> <ul class=\"wp-block-list\"> <li><strong>Tr\u00e9mie d'alimentation<\/strong>. Le riz brun est introduit dans la machine par l'entonnoir d'alimentation.<\/li>    <li><strong>T\u00eate de vis<\/strong>. Guide le riz dans la chambre de blanchiment et le dirige vers le rouleau en \u00e9meri.<\/li>    <li><strong>Rouleau \u00e0 \u00e9meri<\/strong>. Alors que le riz spirale le long du rouleau rotatif, la surface abrasive meule la couche de balle.<\/li>    <li><strong>Souffleur<\/strong>. Fonctionne simultan\u00e9ment pour aider \u00e0 s\u00e9parer la poudre de son du riz.<\/li>    <li><strong>Tamis<\/strong>. Permet au son d'\u00eatre expuls\u00e9 de la chambre, laissant derri\u00e8re du riz propre et blanc.<\/li> <\/ul> <\/div><\/div>    <h2 class=\"wp-block-heading\" id=\"parameter-of-the-rice-polishing-machine\">Param\u00e8tres du <a href=\"https:\/\/en.wikipedia.org\/wiki\/Rice_mill\" data-type=\"link\" data-id=\"https:\/\/en.wikipedia.org\/wiki\/Rice_mill\" target=\"_blank\" rel=\"noopener\">Moulin \u00e0 riz<\/a> machine<\/h2>    <figure class=\"wp-block-table\"><table><tbody><tr><td>Mod\u00e8le<\/td><td>Capacit\u00e9 (t\/h)<\/td><td>Puissance (kw)<\/td><td>Taille (L * L * H)<\/td><\/tr><tr><td>MNMS15B<\/td><td>0.8-1.25<\/td><td>18.5-22<\/td><td>1090*580*1420mm<\/td><\/tr><tr><td>MNMS18<\/td><td>2-3<\/td><td>22-30<\/td><td>1245*650*1660mm<\/td><\/tr><tr><td>MNMS25<\/td><td>3.5-4.5<\/td><td>37-45<\/td><td>1350*750*1800mm<\/td><\/tr><\/tbody><\/table><figcaption class=\"wp-element-caption\">Param\u00e8tre de la machine \u00e0 polir le riz<\/figcaption><\/figure>    <figure class=\"wp-block-image size-full\"><img loading=\"lazy\" decoding=\"async\" width=\"720\" height=\"540\" src=\"https:\/\/taizyfarmequipment.com\/wp-content\/uploads\/2022\/02\/automatic-rice-milling-machine.webp\" alt=\"fraiseuse \u00e0 riz automatique\" class=\"wp-image-4542\" srcset=\"https:\/\/taizyfarmequipment.com\/wp-content\/uploads\/2022\/02\/automatic-rice-milling-machine.webp 720w, https:\/\/taizyfarmequipment.com\/wp-content\/uploads\/2022\/02\/automatic-rice-milling-machine-300x225.webp 300w, https:\/\/taizyfarmequipment.com\/wp-content\/uploads\/2022\/02\/automatic-rice-milling-machine-16x12.webp 16w\" sizes=\"auto, (max-width: 720px) 100vw, 720px\" \/><figcaption class=\"wp-element-caption\">fraiseuse \u00e0 riz automatique<\/figcaption><\/figure>    <h2 class=\"wp-block-heading\" id=\"the-features-of-rice-milling-machine-for-sale\">Les caract\u00e9ristiques de la fraiseuse \u00e0 riz \u00e0 vendre<\/h2>    <ol class=\"wp-block-list\"> <li>La machine produit du riz blanchi de haute qualit\u00e9 avec une s\u00e9paration propre du son de riz.<\/li>    <li>Le riz fini est blanc, brillant, \u00e0 basse temp\u00e9rature et a un faible taux de bris, ce qui le rend adapt\u00e9 \u00e0 un stockage \u00e0 long terme.<\/li>    <li>Il pr\u00e9sente un design compact, une haute efficacit\u00e9 et une op\u00e9ration simple.<\/li>    <li>Le puissant syst\u00e8me de circulation d'air d\u00e9livre le double du volume d'air des mod\u00e8les traditionnels, ce qui entra\u00eene une temp\u00e9rature de riz plus basse et une efficacit\u00e9 de meulage plus \u00e9lev\u00e9e.<\/li>    <li>\u00c9quip\u00e9 d'un moteur mont\u00e9 \u00e0 l'arri\u00e8re et d'un dispositif de tension de courroie, il est facile \u00e0 ajuster et \u00e0 entretenir.<\/li>    <li>Compatible avec des rouleaux en \u00e9meri, des rouleaux en fer, ou une combinaison des deux, il supporte un blanchiment multi-\u00e9tapes avec une production plus \u00e9lev\u00e9e, une consommation d'\u00e9nergie r\u00e9duite et une efficacit\u00e9 am\u00e9lior\u00e9e.<\/li> <\/ol>    <figure class=\"wp-block-gallery has-nested-images columns-default is-cropped wp-block-gallery-2 is-layout-flex wp-block-gallery-is-layout-flex\"> <figure class=\"wp-block-image size-large\"><img loading=\"lazy\" decoding=\"async\" width=\"720\" height=\"540\" data-id=\"2637\" src=\"https:\/\/taizyfarmequipment.com\/wp-content\/uploads\/2022\/02\/1_720_540-1.jpg\" alt=\"pi\u00e8ces de fraiseuse \u00e0 riz\" class=\"wp-image-2637\" title=\"pi\u00e8ces de fraiseuse \u00e0 riz\" srcset=\"https:\/\/taizyfarmequipment.com\/wp-content\/uploads\/2022\/02\/1_720_540-1.jpg 720w, https:\/\/taizyfarmequipment.com\/wp-content\/uploads\/2022\/02\/1_720_540-1-300x225.jpg 300w\" sizes=\"auto, (max-width: 720px) 100vw, 720px\" \/><\/figure>    <figure class=\"wp-block-image size-large\"><img loading=\"lazy\" decoding=\"async\" width=\"720\" height=\"541\" data-id=\"2639\" src=\"https:\/\/taizyfarmequipment.com\/wp-content\/uploads\/2022\/02\/07_720_541-1.jpg\" alt=\"usine de machines de moulin \u00e0 riz\" class=\"wp-image-2639\" title=\"usine de machines de moulin \u00e0 riz\" srcset=\"https:\/\/taizyfarmequipment.com\/wp-content\/uploads\/2022\/02\/07_720_541-1.jpg 720w, https:\/\/taizyfarmequipment.com\/wp-content\/uploads\/2022\/02\/07_720_541-1-300x225.jpg 300w\" sizes=\"auto, (max-width: 720px) 100vw, 720px\" \/><\/figure>    <figure class=\"wp-block-image size-large\"><img loading=\"lazy\" decoding=\"async\" width=\"720\" height=\"540\" data-id=\"2640\" src=\"https:\/\/taizyfarmequipment.com\/wp-content\/uploads\/2022\/02\/08_720_540.jpg\" alt=\" caract\u00e9ristiques de la fraiseuse \u00e0 riz\" class=\"wp-image-2640\" title=\" caract\u00e9ristiques de la fraiseuse \u00e0 riz\" srcset=\"https:\/\/taizyfarmequipment.com\/wp-content\/uploads\/2022\/02\/08_720_540.jpg 720w, https:\/\/taizyfarmequipment.com\/wp-content\/uploads\/2022\/02\/08_720_540-300x225.jpg 300w\" sizes=\"auto, (max-width: 720px) 100vw, 720px\" \/><\/figure> <figcaption class=\"blocks-gallery-caption wp-element-caption\"> caract\u00e9ristiques de la fraiseuse \u00e0 riz<\/figcaption><\/figure>    <h2 class=\"wp-block-heading\">N'h\u00e9sitez pas \u00e0 nous contacter!<\/h2>    <p>En conclusion, nos fraiseuses automatiques de riz offrent une efficacit\u00e9 et une pr\u00e9cision in\u00e9gal\u00e9es dans le traitement du riz. Gr\u00e2ce \u00e0 notre engagement envers la qualit\u00e9 et l'innovation, nous garantissons que chaque unit\u00e9 offre des performances et une fiabilit\u00e9 optimales. De plus, nous proposons une gamme de mod\u00e8les de moulins \u00e0 riz adapt\u00e9s \u00e0 diff\u00e9rentes capacit\u00e9s de production. <\/p>    <p class=\"translation-block\">Que vous ayez besoin d'une unit\u00e9 de plus petite capacit\u00e9 ou d'une solution de meunerie du riz \u00e0 plus grande \u00e9chelle <a href=\"https:\/\/taizyfarmequipment.com\/fr\/produit-2\/moulin-a-riz\/\" data-type=\"link\" data-id=\"https:\/\/taizyfarmequipment.com\/product\/rice-mill\/\">solution de meunerie du riz<\/a>, nous avons l'expertise et la technologie pour r\u00e9pondre \u00e0 vos besoins. Contactez-nous d\u00e8s aujourd'hui pour en savoir plus et demander un devis.<\/p>    <figure class=\"wp-block-image size-full\"><img loading=\"lazy\" decoding=\"async\" width=\"720\" height=\"540\" src=\"https:\/\/taizyfarmequipment.com\/wp-content\/uploads\/2022\/02\/commercial-automatic-rice-milling-machine.webp\" alt=\"fraiseuse \u00e0 riz automatique commerciale\" class=\"wp-image-4543\" srcset=\"https:\/\/taizyfarmequipment.com\/wp-content\/uploads\/2022\/02\/commercial-automatic-rice-milling-machine.webp 720w, https:\/\/taizyfarmequipment.com\/wp-content\/uploads\/2022\/02\/commercial-automatic-rice-milling-machine-300x225.webp 300w, https:\/\/taizyfarmequipment.com\/wp-content\/uploads\/2022\/02\/commercial-automatic-rice-milling-machine-16x12.webp 16w\" sizes=\"auto, (max-width: 720px) 100vw, 720px\" \/><figcaption class=\"wp-element-caption\">fraiseuse \u00e0 riz automatique commerciale<\/figcaption><\/figure>","protected":false},"excerpt":{"rendered":"<p>La machine \u00e0 rincer le riz automatique combin\u00e9e de 15TPD est une ligne de production efficace et compacte con\u00e7ue pour le traitement du riz \u00e0 petite et moyenne \u00e9chelle. <\/p>","protected":false},"author":1,"featured_media":2630,"parent":0,"template":"","tags":[137,138,139,140],"product-type":[132],"class_list":["post-2586","product","type-product","status-publish","has-post-thumbnail","hentry","tag-rice-mill-machine","tag-rice-milling-machine","tag-rice-polisher","tag-rice-polishing-machine","product-type-rice-mill"],"_links":{"self":[{"href":"https:\/\/taizyfarmequipment.com\/fr\/wp-json\/wp\/v2\/product\/2586","targetHints":{"allow":["GET"]}}],"collection":[{"href":"https:\/\/taizyfarmequipment.com\/fr\/wp-json\/wp\/v2\/product"}],"about":[{"href":"https:\/\/taizyfarmequipment.com\/fr\/wp-json\/wp\/v2\/types\/product"}],"author":[{"embeddable":true,"href":"https:\/\/taizyfarmequipment.com\/fr\/wp-json\/wp\/v2\/users\/1"}],"wp:featuredmedia":[{"embeddable":true,"href":"https:\/\/taizyfarmequipment.com\/fr\/wp-json\/wp\/v2\/media\/2630"}],"wp:attachment":[{"href":"https:\/\/taizyfarmequipment.com\/fr\/wp-json\/wp\/v2\/media?parent=2586"}],"wp:term":[{"taxonomy":"post_tag","embeddable":true,"href":"https:\/\/taizyfarmequipment.com\/fr\/wp-json\/wp\/v2\/tags?post=2586"},{"taxonomy":"product-type","embeddable":true,"href":"https:\/\/taizyfarmequipment.com\/fr\/wp-json\/wp\/v2\/product-type?post=2586"}],"curies":[{"name":"wp","href":"https:\/\/api.w.org\/{rel}","templated":true}]}}