{"id":2651,"date":"2022-02-16T08:55:20","date_gmt":"2022-02-16T08:55:20","guid":{"rendered":"https:\/\/taizyfarmequipment.com\/"},"modified":"2022-11-10T17:40:55","modified_gmt":"2022-11-10T09:40:55","slug":"machine-automatique-de-semis-de-pepiniere","status":"publish","type":"product","link":"https:\/\/taizyfarmequipment.com\/fr\/product\/automatic-nursery-seedling-machine\/","title":{"rendered":"Machine automatique de semis de p\u00e9pini\u00e8re, semoir de p\u00e9pini\u00e8re de l\u00e9gumes"},"content":{"rendered":"<div class=\"kk-star-ratings kksr-auto kksr-align-left kksr-valign-top\"     data-payload='{&quot;align&quot;:&quot;left&quot;,&quot;id&quot;:&quot;2651&quot;,&quot;slug&quot;:&quot;default&quot;,&quot;valign&quot;:&quot;top&quot;,&quot;ignore&quot;:&quot;&quot;,&quot;reference&quot;:&quot;auto&quot;,&quot;class&quot;:&quot;&quot;,&quot;count&quot;:&quot;20&quot;,&quot;legendonly&quot;:&quot;&quot;,&quot;readonly&quot;:&quot;&quot;,&quot;score&quot;:&quot;4.5&quot;,&quot;starsonly&quot;:&quot;&quot;,&quot;best&quot;:&quot;5&quot;,&quot;gap&quot;:&quot;5&quot;,&quot;greet&quot;:&quot;Rate this product&quot;,&quot;legend&quot;:&quot;4.5\\\/5 - (20 votes)&quot;,&quot;size&quot;:&quot;24&quot;,&quot;title&quot;:&quot;Automatic nursery seedling machine\u4e28vegetable nursery seeder&quot;,&quot;width&quot;:&quot;128&quot;,&quot;_legend&quot;:&quot;{score}\\\/{best} - ({count} {votes})&quot;,&quot;font_factor&quot;:&quot;1.25&quot;}'>              <div class=\"kksr-stars\">      <div class=\"kksr-stars-inactive\">             <div class=\"kksr-star\" data-star=\"1\" style=\"padding-right: 5px\">               <div class=\"kksr-icon\" style=\"width: 24px; height: 24px;\"><\/div>         <\/div>             <div class=\"kksr-star\" data-star=\"2\" style=\"padding-right: 5px\">               <div class=\"kksr-icon\" style=\"width: 24px; height: 24px;\"><\/div>         <\/div>             <div class=\"kksr-star\" data-star=\"3\" style=\"padding-right: 5px\">               <div class=\"kksr-icon\" style=\"width: 24px; height: 24px;\"><\/div>         <\/div>             <div class=\"kksr-star\" data-star=\"4\" style=\"padding-right: 5px\">               <div class=\"kksr-icon\" style=\"width: 24px; height: 24px;\"><\/div>         <\/div>             <div class=\"kksr-star\" data-star=\"5\" style=\"padding-right: 5px\">               <div class=\"kksr-icon\" style=\"width: 24px; height: 24px;\"><\/div>         <\/div>     <\/div>      <div class=\"kksr-stars-active\" style=\"width: 128px;\">             <div class=\"kksr-star\" style=\"padding-right: 5px\">               <div class=\"kksr-icon\" style=\"width: 24px; height: 24px;\"><\/div>         <\/div>             <div class=\"kksr-star\" style=\"padding-right: 5px\">               <div class=\"kksr-icon\" style=\"width: 24px; height: 24px;\"><\/div>         <\/div>             <div class=\"kksr-star\" style=\"padding-right: 5px\">               <div class=\"kksr-icon\" style=\"width: 24px; height: 24px;\"><\/div>         <\/div>             <div class=\"kksr-star\" style=\"padding-right: 5px\">               <div class=\"kksr-icon\" style=\"width: 24px; height: 24px;\"><\/div>         <\/div>             <div class=\"kksr-star\" style=\"padding-right: 5px\">               <div class=\"kksr-icon\" style=\"width: 24px; height: 24px;\"><\/div>         <\/div>     <\/div> <\/div>                   <div class=\"kksr-legend\" style=\"font-size: 19.2px;\">             4,5\/5 - (20 votes)    <\/div>     <\/div>  <p>Une machine automatique de semis de p\u00e9pini\u00e8re est un \u00e9quipement qui permet de semer les graines dans le bac. Et cette machine \u00e0 semis de p\u00e9pini\u00e8re peut compl\u00e9ter le recouvrement du sol, le poin\u00e7onnage, le semis, le recouvrement secondaire et l'arrosage en m\u00eame temps. La machine de plantation de p\u00e9pini\u00e8re pr\u00e9sente les caract\u00e9ristiques d'une \u00e9conomie de temps et d'\u00e9nergie, d'un taux de survie \u00e9lev\u00e9 et d'une qualit\u00e9 de semis. Ainsi, ce semoir de p\u00e9pini\u00e8re mara\u00eech\u00e8re est une vente chaude en Am\u00e9rique du Nord, au Moyen-Orient, en Asie du Sud-Est et en Afrique. Par exemple le Canada, les \u00c9tats-Unis, l\u2019Australie, le Kenya, le Br\u00e9sil, la Tha\u00eflande, les Philippines, le Maroc, le Nigeria, le Botswana, etc. Et ils sont satisfaits de la qualit\u00e9 et du service de nos machines. \u00c0 chaque fois, nous \u00e9quiperons chaque machine d\u2019une gamme compl\u00e8te de pi\u00e8ces d\u2019usure et de buses adapt\u00e9es \u00e0 la taille des graines du client. Afin de prolonger la dur\u00e9e de service de la machine et de garantir que la machine peut \u00eatre adapt\u00e9e \u00e0 diverses graines.<\/p>    <h2 class=\"wp-block-heading\" id=\"h-what-is-automatic-nursery-seedling-machine\">Qu'est-ce qu'une machine automatique de semis de p\u00e9pini\u00e8re\u00a0?<\/h2>    <p class=\"translation-block\">Un <a href=\"https:\/\/taizyfarmequipment.com\/fr\/produit-2\/machine-automatique-de-semis-de-pepiniere\/\">automatic nursery seedling machine<\/a> peut assurer la mise en p\u00e9pini\u00e8re de tous types de semences, telles que les graines de fruits, de l\u00e9gumes et de fleurs. Nous proposons 3 mod\u00e8les de semeuse pour p\u00e9pini\u00e8re. Ce texte pr\u00e9sente le KMR-78-2, qui est une machine de semis automatique pour serre. Pour l'utiliser, il suffit de placer le plateau sur la machine, et la machine \u00e0 plants ex\u00e9cutera automatiquement une s\u00e9rie d'actions. Cela ne demande pas beaucoup d'effort. Sa capacit\u00e9 est de 500-600 plateaux par heure. De plus, la pr\u00e9cision de semis de cette semeuse pour l\u00e9gumes peut atteindre 97-98%. Une haute pr\u00e9cision de semis permet d'obtenir des taux de survie \u00e9lev\u00e9s.<\/p>    <p class=\"translation-block\">Pour accueillir une vari\u00e9t\u00e9 de graines, nous produisons des buses de diff\u00e9rentes tailles. Nous recommandons donc les buses appropri\u00e9es aux clients. De plus, nous avons la section arroseur. Vous pouvez choisir cette fonction selon vos besoins. Nous produisons \u00e9galement des <a href=\"https:\/\/www.agriculture-machine.com\/peony-transplant-cucumber-transplant-factory-direct\/\" target=\"_blank\" rel=\"noopener\">machines de transplantation<\/a> pour ces jeunes plants en mottes, ce qui facilite encore plus la plantation.<\/p>    <figure class=\"wp-block-image aligncenter size-full\"><img loading=\"lazy\" decoding=\"async\" width=\"720\" height=\"540\" src=\"https:\/\/taizyfarmequipment.com\/wp-content\/uploads\/2022\/02\/33_720_540.jpg\" alt=\"machine automatique de semis de p\u00e9pini\u00e8re\" class=\"wp-image-2656\" title=\"machine automatique de semis de p\u00e9pini\u00e8re\" srcset=\"https:\/\/taizyfarmequipment.com\/wp-content\/uploads\/2022\/02\/33_720_540.jpg 720w, https:\/\/taizyfarmequipment.com\/wp-content\/uploads\/2022\/02\/33_720_540-300x225.jpg 300w\" sizes=\"auto, (max-width: 720px) 100vw, 720px\" \/><figcaption class=\"wp-element-caption\">machine automatique de semis de p\u00e9pini\u00e8re<\/figcaption><\/figure>    <h2 class=\"wp-block-heading\" id=\"what-seeds-can-the-seeding-machine-nursery\">Quelles graines le semoir peut-il cultiver ?<\/h2>    <p>La machine automatique de semis de p\u00e9pini\u00e8re peut cultiver des tomates, de la laitue, du chou chinois, du gombo, du concombre, de l'aubergine, de la past\u00e8que, du piment, du ma\u00efs sucr\u00e9, de la fleur de p\u00e9tunia, de la rose, du chanvre, de la citrouille, du colza, de l'oignon, etc. Par cons\u00e9quent, cette semoir a une large application. . <\/p>    <figure class=\"wp-block-gallery has-nested-images columns-default is-cropped wp-block-gallery-2 is-layout-flex wp-block-gallery-is-layout-flex\"> <figure class=\"wp-block-image size-large\"><img loading=\"lazy\" decoding=\"async\" width=\"720\" height=\"541\" data-id=\"2653\" src=\"https:\/\/taizyfarmequipment.com\/wp-content\/uploads\/2022\/02\/02_720_541.jpg\" alt=\"graines\" class=\"wp-image-2653\" title=\"graines\" srcset=\"https:\/\/taizyfarmequipment.com\/wp-content\/uploads\/2022\/02\/02_720_541.jpg 720w, https:\/\/taizyfarmequipment.com\/wp-content\/uploads\/2022\/02\/02_720_541-300x225.jpg 300w\" sizes=\"auto, (max-width: 720px) 100vw, 720px\" \/><\/figure>    <figure class=\"wp-block-image size-large\"><img loading=\"lazy\" decoding=\"async\" width=\"720\" height=\"540\" data-id=\"2654\" src=\"https:\/\/taizyfarmequipment.com\/wp-content\/uploads\/2022\/02\/03_720_540.jpg\" alt=\"graines\" class=\"wp-image-2654\" title=\"graines\" srcset=\"https:\/\/taizyfarmequipment.com\/wp-content\/uploads\/2022\/02\/03_720_540.jpg 720w, https:\/\/taizyfarmequipment.com\/wp-content\/uploads\/2022\/02\/03_720_540-300x225.jpg 300w\" sizes=\"auto, (max-width: 720px) 100vw, 720px\" \/><\/figure> <figcaption class=\"blocks-gallery-caption wp-element-caption\">diverses graines <\/figcaption><\/figure>    <h2 class=\"wp-block-heading\" id=\"what-are-the-components-of-vegetable-nursery-seeder\">Quels sont les composants du semoir de p\u00e9pini\u00e8re mara\u00eech\u00e8re ?<\/h2>    <p>Cette machine automatique de semis de p\u00e9pini\u00e8re comprend principalement un panneau de couches, un r\u00e9cipient de terre, une perforatrice, un semoir, une brosse, un arroseur, une armoire de commande \u00e9lectrique, etc. En outre, il existe plusieurs capteurs qui aident la machine \u00e0 effectuer son travail avec une grande pr\u00e9cision. Un semoir de p\u00e9pini\u00e8re peut effectuer toutes les proc\u00e9dures n\u00e9cessaires \u00e0 la culture des plants.<\/p>    <figure class=\"wp-block-image aligncenter size-full\"><img loading=\"lazy\" decoding=\"async\" width=\"720\" height=\"540\" src=\"https:\/\/taizyfarmequipment.com\/wp-content\/uploads\/2022\/02\/01_720_540.jpg\" alt=\"structure du semoir de p\u00e9pini\u00e8re de l\u00e9gumes\" class=\"wp-image-2655\" title=\"structure du semoir de p\u00e9pini\u00e8re de l\u00e9gumes\" srcset=\"https:\/\/taizyfarmequipment.com\/wp-content\/uploads\/2022\/02\/01_720_540.jpg 720w, https:\/\/taizyfarmequipment.com\/wp-content\/uploads\/2022\/02\/01_720_540-300x225.jpg 300w\" sizes=\"auto, (max-width: 720px) 100vw, 720px\" \/><figcaption class=\"wp-element-caption\">structure du semoir de p\u00e9pini\u00e8re de l\u00e9gumes<\/figcaption><\/figure>    <h2 class=\"wp-block-heading\" id=\"working-flow-of-the-tomatoes-nursery-seedling-machine\">Flux de travail de la machine \u00e0 semis de p\u00e9pini\u00e8re de tomates<\/h2>    <ol class=\"wp-block-list\" type=\"1\"> <li>Commencez par d\u00e9marrer la machine, puis versez la terre de base dans le r\u00e9cipient \u00e0 terre.<\/li>    <li>Deuxi\u00e8mement, la machine \u00e0 semis de p\u00e9pini\u00e8re mettra la terre dans le bac. Et puis la brosse enl\u00e8vera l\u2019exc\u00e8s de terre.<\/li>    <li>Troisi\u00e8mement, la perforatrice perce des trous soign\u00e9s.<\/li>    <li>Ensuite, la buse aspirera la graine puis la laissera tomber dans le trou de terre du bac.<\/li>    <li>Enfin, le bac arri\u00e8re mettra la terre pour recouvrir la graine.<\/li>    <li>Si la machine \u00e0 semis de tomates est \u00e9quip\u00e9e d'un arroseur, elle humidifiera le sol et les graines \u00e0 la fin. &nbsp;<\/li> <\/ol>    <h2 class=\"wp-block-heading\" id=\"how-dose-seedling-tray-machine-work\">Comment fonctionne la machine \u00e0 plateaux de semis ?<\/h2>    <figure class=\"wp-block-embed is-type-video is-provider-youtube wp-block-embed-youtube wp-embed-aspect-16-9 wp-has-aspect-ratio\"><div class=\"wp-block-embed__wrapper\"> <iframe loading=\"lazy\" title=\"Plateau de semis de tabac de p\u00e9pini\u00e8re \u00e0 bas prix\/machine de semoir\/semis de semis de riz\/usine de semoir\" width=\"500\" height=\"281\" src=\"https:\/\/www.youtube.com\/embed\/FSrfHCAigk0?feature=oembed\" frameborder=\"0\" allow=\"accelerometer; autoplay; clipboard-write; encrypted-media; gyroscope; picture-in-picture; web-share\" referrerpolicy=\"strict-origin-when-cross-origin\" allowfullscreen><\/iframe> <\/div><figcaption class=\"wp-element-caption\">vid\u00e9o de travail de la machine \u00e0 plateaux de semis<\/figcaption><\/figure>    <h2 class=\"wp-block-heading\" id=\"specifications-of-the-nursery-seedling-machine\">Sp\u00e9cifications de la machine \u00e0 semis de p\u00e9pini\u00e8re<\/h2>    <figure class=\"wp-block-table aligncenter\"><table><tbody><tr><td>Mod\u00e8le<\/td><td>KMR-78-2<\/td><\/tr><tr><td>Pr\u00e9cision<\/td><td>&gt;97-98%<\/td><\/tr><tr><td>Principe<\/td><td>Compresseur \u00e9lectrique et pneumatique<\/td><\/tr><tr><td>Taille<\/td><td>4800*800*1600mm<\/td><\/tr><tr><td>Poids<\/td><td>400 kg<\/td><\/tr><tr><td>Tension<\/td><td>220V \/110V 600w<\/td><\/tr><tr><td>Taille pour la graine<\/td><td>0,3-12 mm<\/td><\/tr><tr><td>Largeur du plateau<\/td><td>&lt;=540mm<\/td><\/tr><\/tbody><\/table><figcaption class=\"wp-element-caption\">Sp\u00e9cifications de la machine \u00e0 semis de p\u00e9pini\u00e8re<\/figcaption><\/figure>    <h2 class=\"wp-block-heading\" id=\"below-are-the-characteristics-of-nursery-tray-machine\">Voici les caract\u00e9ristiques de la machine \u00e0 plateaux de p\u00e9pini\u00e8re<\/h2>    <ol class=\"wp-block-list\" type=\"1\"> <li>La machine automatique de semis de p\u00e9pini\u00e8re permet d'\u00e9conomiser du temps et des efforts. Parce que l\u2019efficacit\u00e9 de la production m\u00e9canis\u00e9e est \u00e9lev\u00e9e. De plus, la machine \u00e0 semis de p\u00e9pini\u00e8re peut effectuer le semis et le semis en m\u00eame temps.<\/li>    <li>La machine automatique de culture de semis s\u00e8me directement les graines s\u00e8ches, une graine \u00e0 la fois, et les semis concentr\u00e9s sont cultiv\u00e9s. Ainsi, la quantit\u00e9 de plants par unit\u00e9 de surface est sup\u00e9rieure \u00e0 celle des plants conventionnels, ce qui peut r\u00e9duire la surface au sol.<\/li>    <li>Gr\u00e2ce \u00e0 cette machine de semis automatique pour p\u00e9pini\u00e8re, les graines\u00a0ont une forte r\u00e9sistance au stress. Et les graines\u00a0sont faciles \u00e0 transplanter et ont un taux de survie \u00e9lev\u00e9.<\/li>    <li>L'utilisation de plateaux \u00e0 bouchons convient au transport longue distance et au repiquage m\u00e9canis\u00e9. Ainsi, cela \u00e9largit les perspectives de d\u00e9veloppement du march\u00e9 des l\u00e9gumes.<\/li>    <li>Les graines cultiv\u00e9es par cette p\u00e9pini\u00e8re de semis sont relativement dispers\u00e9es, ce qui peut \u00e0 la fois r\u00e9duire la propagation des ravageurs et des maladies et r\u00e9duire la comp\u00e9tition nutritionnelle entre les semis. En m\u00eame temps, il peut d\u00e9velopper pleinement le syst\u00e8me racinaire et am\u00e9liorer la qualit\u00e9 des plants.<\/li> <\/ol>","protected":false},"excerpt":{"rendered":"<p>La machine automatique de semis de p\u00e9pini\u00e8re est un \u00e9quipement qui peut semer les graines dans le plateau. Il peut cultiver des fruits, des l\u00e9gumes et des fleurs.<\/p>","protected":false},"author":1,"featured_media":2652,"parent":0,"template":"","tags":[159,160,158],"product-type":[134],"class_list":["post-2651","product","type-product","status-publish","has-post-thumbnail","hentry","tag-automatic-nursery-seedling-machine","tag-tomatoes-nursery-seedling-machine","tag-vegetable-nursery-seeder","product-type-nursery-transplanter"],"_links":{"self":[{"href":"https:\/\/taizyfarmequipment.com\/fr\/wp-json\/wp\/v2\/product\/2651","targetHints":{"allow":["GET"]}}],"collection":[{"href":"https:\/\/taizyfarmequipment.com\/fr\/wp-json\/wp\/v2\/product"}],"about":[{"href":"https:\/\/taizyfarmequipment.com\/fr\/wp-json\/wp\/v2\/types\/product"}],"author":[{"embeddable":true,"href":"https:\/\/taizyfarmequipment.com\/fr\/wp-json\/wp\/v2\/users\/1"}],"wp:featuredmedia":[{"embeddable":true,"href":"https:\/\/taizyfarmequipment.com\/fr\/wp-json\/wp\/v2\/media\/2652"}],"wp:attachment":[{"href":"https:\/\/taizyfarmequipment.com\/fr\/wp-json\/wp\/v2\/media?parent=2651"}],"wp:term":[{"taxonomy":"post_tag","embeddable":true,"href":"https:\/\/taizyfarmequipment.com\/fr\/wp-json\/wp\/v2\/tags?post=2651"},{"taxonomy":"product-type","embeddable":true,"href":"https:\/\/taizyfarmequipment.com\/fr\/wp-json\/wp\/v2\/product-type?post=2651"}],"curies":[{"name":"wp","href":"https:\/\/api.w.org\/{rel}","templated":true}]}}