{"id":2658,"date":"2022-02-18T09:40:58","date_gmt":"2022-02-18T09:40:58","guid":{"rendered":"https:\/\/taizyfarmequipment.com\/"},"modified":"2025-11-26T16:05:41","modified_gmt":"2025-11-26T08:05:41","slug":"machine-delevage-de-pepiniere","status":"publish","type":"product","link":"https:\/\/taizyfarmequipment.com\/fr\/product\/nursery-raising-machine\/","title":{"rendered":"Machine automatique \u00e0 p\u00e9pini\u00e8re | Machine \u00e0 semer pour p\u00e9pini\u00e8re de l\u00e9gumes"},"content":{"rendered":"<div class=\"kk-star-ratings kksr-auto kksr-align-left kksr-valign-top\"     data-payload='{&quot;align&quot;:&quot;left&quot;,&quot;id&quot;:&quot;2658&quot;,&quot;slug&quot;:&quot;default&quot;,&quot;valign&quot;:&quot;top&quot;,&quot;ignore&quot;:&quot;&quot;,&quot;reference&quot;:&quot;auto&quot;,&quot;class&quot;:&quot;&quot;,&quot;count&quot;:&quot;22&quot;,&quot;legendonly&quot;:&quot;&quot;,&quot;readonly&quot;:&quot;&quot;,&quot;score&quot;:&quot;4.8&quot;,&quot;starsonly&quot;:&quot;&quot;,&quot;best&quot;:&quot;5&quot;,&quot;gap&quot;:&quot;5&quot;,&quot;greet&quot;:&quot;Rate this product&quot;,&quot;legend&quot;:&quot;4.8\\\/5 - (22 votes)&quot;,&quot;size&quot;:&quot;24&quot;,&quot;title&quot;:&quot;Automatic nursery raising machine | Vegetable nursery sowing machine&quot;,&quot;width&quot;:&quot;136.7&quot;,&quot;_legend&quot;:&quot;{score}\\\/{best} - ({count} {votes})&quot;,&quot;font_factor&quot;:&quot;1.25&quot;}'>              <div class=\"kksr-stars\">      <div class=\"kksr-stars-inactive\">             <div class=\"kksr-star\" data-star=\"1\" style=\"padding-right: 5px\">               <div class=\"kksr-icon\" style=\"width: 24px; height: 24px;\"><\/div>         <\/div>             <div class=\"kksr-star\" data-star=\"2\" style=\"padding-right: 5px\">               <div class=\"kksr-icon\" style=\"width: 24px; height: 24px;\"><\/div>         <\/div>             <div class=\"kksr-star\" data-star=\"3\" style=\"padding-right: 5px\">               <div class=\"kksr-icon\" style=\"width: 24px; height: 24px;\"><\/div>         <\/div>             <div class=\"kksr-star\" data-star=\"4\" style=\"padding-right: 5px\">               <div class=\"kksr-icon\" style=\"width: 24px; height: 24px;\"><\/div>         <\/div>             <div class=\"kksr-star\" data-star=\"5\" style=\"padding-right: 5px\">               <div class=\"kksr-icon\" style=\"width: 24px; height: 24px;\"><\/div>         <\/div>     <\/div>      <div class=\"kksr-stars-active\" style=\"width: 136.7px;\">             <div class=\"kksr-star\" style=\"padding-right: 5px\">               <div class=\"kksr-icon\" style=\"width: 24px; height: 24px;\"><\/div>         <\/div>             <div class=\"kksr-star\" style=\"padding-right: 5px\">               <div class=\"kksr-icon\" style=\"width: 24px; height: 24px;\"><\/div>         <\/div>             <div class=\"kksr-star\" style=\"padding-right: 5px\">               <div class=\"kksr-icon\" style=\"width: 24px; height: 24px;\"><\/div>         <\/div>             <div class=\"kksr-star\" style=\"padding-right: 5px\">               <div class=\"kksr-icon\" style=\"width: 24px; height: 24px;\"><\/div>         <\/div>             <div class=\"kksr-star\" style=\"padding-right: 5px\">               <div class=\"kksr-icon\" style=\"width: 24px; height: 24px;\"><\/div>         <\/div>     <\/div> <\/div>                   <div class=\"kksr-legend\" style=\"font-size: 19.2px;\">             4,8\/5 - (22 votes)    <\/div>     <\/div>  <p>La machine automatique de culture de p\u00e9pini\u00e8re est un \u00e9quipement qui permet de planter des graines dans un bac \u00e0 mottes. La machine peut semer et semer avec pr\u00e9cision. Et le taux de survie des plants est \u00e9lev\u00e9 et la qualit\u00e9 des plants est bonne. Normalement, la machine automatique de semis de p\u00e9pini\u00e8re peut compl\u00e9ter le recouvrement du sol, le brossage, le per\u00e7age de trous, le semis et le secondage du recouvrement du sol. L\u2019ensemble du processus ne n\u00e9cessite pas beaucoup de main d\u2019\u0153uvre.<\/p>    <figure class=\"wp-block-embed is-type-video is-provider-youtube wp-block-embed-youtube wp-embed-aspect-16-9 wp-has-aspect-ratio\"><div class=\"wp-block-embed__wrapper\"> <iframe loading=\"lazy\" title=\"Machine automatique \u00e0 semis pour p\u00e9pini\u00e8re pour une plantation rapide #p\u00e9pini\u00e8re #agriculture #agriculture #graines\" width=\"500\" height=\"281\" src=\"https:\/\/www.youtube.com\/embed\/52XUJAoRi7s?feature=oembed\" frameborder=\"0\" allow=\"accelerometer; autoplay; clipboard-write; encrypted-media; gyroscope; picture-in-picture; web-share\" referrerpolicy=\"strict-origin-when-cross-origin\" allowfullscreen><\/iframe> <\/div><figcaption class=\"wp-element-caption\">Vid\u00e9o de fonctionnement de la machine automatique de p\u00e9pini\u00e8re<\/figcaption><\/figure>    <h2 class=\"wp-block-heading\" id=\"h-introduction-of-our-automatic-nursery-raising-machine\">Introduction de notre machine d'\u00e9levage automatique de p\u00e9pini\u00e8re<\/h2>    <p>Afin de r\u00e9pondre \u00e0 des besoins vari\u00e9s, nous disposons de 3 types de semoirs de p\u00e9pini\u00e8re. Il s'agit du KMR-80, du KMR-78-2 et du KMR-78. Parmi les trois types de machines, KMR-80 et KMR-78-2 sont enti\u00e8rement automatiques et KMR-78 est semi-automatique. La puissance de toutes ces machines est \u00e9lectrique et compresseur d\u2019air. Et le compresseur d'air contr\u00f4le principalement les deux actions de perforation et de semis.<\/p>    <p class=\"translation-block\">Pour un forage et un semis pr\u00e9cis, nos machines disposent de plusieurs capteurs. Et notre machine automatique \u00e0 p\u00e9pini\u00e8re peut semer de nombreux types de graines, comme des l\u00e9gumes, des fruits et des fleurs. Pour semer diff\u00e9rentes graines, nous concevons \u00e9galement diff\u00e9rentes tailles d'embouts. Et nous vous enverrons toutes les tailles d'embouts dans la bo\u00eete \u00e0 outils. Nous produisons aussi <a href=\"https:\/\/www.agriculture-machine.com\/peony-transplant-cucumber-transplant-factory-direct\/\" target=\"_blank\" rel=\"noopener\">transplantateurs<\/a>, qui sont de bons assistants pour transplanter les jeunes plants. En raison de leur longue dur\u00e9e de vie et de leur haute efficacit\u00e9 de travail, la machine \u00e0 semis plug a \u00e9t\u00e9 accueillie favorablement par des clients dans de nombreux pays.<\/p>    <h2 class=\"wp-block-heading\" id=\"type-1-kmr-78-2-vegetable-nursery-sowing-machine\">Type 1 : Semoir de p\u00e9pini\u00e8re mara\u00eech\u00e8re KMR-78-2<\/h2>    <p>Ce mod\u00e8le de machine de p\u00e9pini\u00e8re est enti\u00e8rement automatique. Il peut compl\u00e9ter les fonctions de couverture du sol, de forage, de semis, de couverture secondaire du sol et d'arrosage en m\u00eame temps. Un arroseur d\u2019eau est une fonctionnalit\u00e9 suppl\u00e9mentaire. Les clients peuvent choisir en fonction de leurs propres besoins.<\/p>    <figure class=\"wp-block-image aligncenter size-full is-resized\"><img loading=\"lazy\" decoding=\"async\" width=\"720\" height=\"540\" src=\"https:\/\/taizyfarmequipment.com\/wp-content\/uploads\/2022\/02\/nursery-seedling-machine1.jpg\" alt=\"machine d&#039;\u00e9levage automatique de p\u00e9pini\u00e8re\" class=\"wp-image-2659\" style=\"width:720px;height:540px\" title=\"machine d&#039;\u00e9levage automatique de p\u00e9pini\u00e8re\" srcset=\"https:\/\/taizyfarmequipment.com\/wp-content\/uploads\/2022\/02\/nursery-seedling-machine1.jpg 720w, https:\/\/taizyfarmequipment.com\/wp-content\/uploads\/2022\/02\/nursery-seedling-machine1-300x225.jpg 300w\" sizes=\"auto, (max-width: 720px) 100vw, 720px\" \/><figcaption class=\"wp-element-caption\">machine d'\u00e9levage automatique de p\u00e9pini\u00e8re<\/figcaption><\/figure>    <h3 class=\"wp-block-heading\" id=\"h-components-of-nursery-sowing-machine\">Composants du semoir de p\u00e9pini\u00e8re<\/h3>    <p>Cette machine automatique de culture de p\u00e9pini\u00e8re KMR-78-2 comprend principalement des bacs \u00e0 terre, une brosse, un convoyeur, un capteur, un trou, un creusement, un semis, etc. L'ensemble de la machine se compose de trois parties. Et chaque partie peut \u00eatre divis\u00e9e. Les clients peuvent ainsi utiliser la machine de mani\u00e8re flexible en fonction de leurs besoins.<\/p>    <figure class=\"wp-block-image aligncenter size-full\"><img loading=\"lazy\" decoding=\"async\" width=\"720\" height=\"540\" src=\"https:\/\/taizyfarmequipment.com\/wp-content\/uploads\/2022\/02\/structure.jpg\" alt=\"Structure du semoir \u00e0 plateaux MKR-78-2\" class=\"wp-image-2660\" title=\"Structure du semoir \u00e0 plateaux MKR-78-2\" srcset=\"https:\/\/taizyfarmequipment.com\/wp-content\/uploads\/2022\/02\/structure.jpg 720w, https:\/\/taizyfarmequipment.com\/wp-content\/uploads\/2022\/02\/structure-300x225.jpg 300w\" sizes=\"auto, (max-width: 720px) 100vw, 720px\" \/><figcaption class=\"wp-element-caption\">Structure du semoir \u00e0 plateaux KMR-78-2<\/figcaption><\/figure>    <h3 class=\"wp-block-heading\" id=\"h-how-dose-the-automatic-nursery-seeding-machine-work\">Comment fonctionne le semoir automatique de p\u00e9pini\u00e8re ?<\/h3>    <figure class=\"wp-block-embed is-type-video is-provider-youtube wp-block-embed-youtube wp-embed-aspect-16-9 wp-has-aspect-ratio\"><div class=\"wp-block-embed__wrapper\"> <iframe loading=\"lazy\" title=\"Semoir automatique de p\u00e9pini\u00e8re\/semoir de p\u00e9pini\u00e8re\/machine de culture de semis\/semoir\" width=\"500\" height=\"281\" src=\"https:\/\/www.youtube.com\/embed\/2rLrp6o2l6o?feature=oembed\" frameborder=\"0\" allow=\"accelerometer; autoplay; clipboard-write; encrypted-media; gyroscope; picture-in-picture; web-share\" referrerpolicy=\"strict-origin-when-cross-origin\" allowfullscreen><\/iframe> <\/div><figcaption class=\"wp-element-caption\">Vid\u00e9o de travail du KMR-78-2<\/figcaption><\/figure>    <h3 class=\"wp-block-heading\" id=\"technical-parameter-of-vegetable-nursery-machine\">Param\u00e8tres techniques de la machine de p\u00e9pini\u00e8re de l\u00e9gumes<\/h3>    <figure class=\"wp-block-table\"><table><tbody><tr><td>Mod\u00e8le<\/td><td>KMR-78-2<\/td><\/tr><tr><td>Capacit\u00e9<\/td><td>550-600plateaux\/heure<\/td><\/tr><tr><td>Pr\u00e9cision<\/td><td>&gt;97-98%<\/td><\/tr><tr><td>Principe<\/td><td>Compresseur \u00e9lectrique et pneumatique<\/td><\/tr><tr><td>Taille<\/td><td>4800*800*1600mm<\/td><\/tr><tr><td>Poids<\/td><td>400 kg<\/td><\/tr><tr><td>Tension<\/td><td>220V \/110V 600w<\/td><\/tr><tr><td>Taille pour la graine<\/td><td>0,3-12 mm<\/td><\/tr><tr><td>Largeur du plateau<\/td><td>&lt;=540mm<\/td><\/tr><\/tbody><\/table><figcaption class=\"wp-element-caption\">Param\u00e8tres de la machine de p\u00e9pini\u00e8re de l\u00e9gumes<\/figcaption><\/figure>    <h3 class=\"wp-block-heading\" id=\"features-of-the-automatic-nursery-seeder\">Caract\u00e9ristiques du semoir automatique de p\u00e9pini\u00e8re<\/h3>    <ol style=\"list-style-type:1\" class=\"wp-block-list\"> <li>Les trois parties peuvent \u00eatre s\u00e9par\u00e9es. Les clients peuvent l'utiliser de mani\u00e8re flexible.<\/li>    <li>Enti\u00e8rement automatique. Vous n\u2019avez pas besoin de consacrer beaucoup d\u2019\u00e9nergie et de temps \u00e0 la cr\u00e8che. Mettez simplement la terre dans le bac \u00e0 terre. Le semoir peut effectuer toutes les autres actions.<\/li>    <li>Cette machine de lev\u00e9e automatique de p\u00e9pini\u00e8re peut accueillir des plateaux jusqu'\u00e0 540 mm de large. Ainsi, cette machine a une efficacit\u00e9 de travail plus \u00e9lev\u00e9e.<\/li> <\/ol>    <h2 class=\"wp-block-heading\" id=\"type-2-kmr-80-nursery-raising-machine\">Type 2\u00a0: Machine d'\u00e9levage de p\u00e9pini\u00e8re KMR-80<\/h2>    <p>Le mod\u00e8le KMR-80 est \u00e9galement la machine d'\u00e9levage automatique des p\u00e9pini\u00e8res. Ce mod\u00e8le de machine d'\u00e9levage automatique de p\u00e9pini\u00e8re a le m\u00eame flux de travail que le type 1 KMR-78-2. Ils sont d'apparence diff\u00e9rente. Le mod\u00e8le KMR-78-2 comporte trois parties. Chaque partie peut \u00eatre divis\u00e9e. Et la machine d'\u00e9levage automatique de p\u00e9pini\u00e8re KMR-80 comporte deux parties qui peuvent \u00eatre divis\u00e9es. Et la machine \u00e0 semis \u00e0 bouchons KMR-80 peut fonctionner avec des plateaux \u00e0 bouchons jusqu'\u00e0 320 mm.<\/p>    <figure class=\"wp-block-image size-full\"><img loading=\"lazy\" decoding=\"async\" width=\"720\" height=\"540\" src=\"https:\/\/taizyfarmequipment.com\/wp-content\/uploads\/2022\/02\/nursery-seeder-.jpg\" alt=\"machine d&#039;\u00e9levage de p\u00e9pini\u00e8re\" class=\"wp-image-2662\" title=\"machine d&#039;\u00e9levage de p\u00e9pini\u00e8re\" srcset=\"https:\/\/taizyfarmequipment.com\/wp-content\/uploads\/2022\/02\/nursery-seeder-.jpg 720w, https:\/\/taizyfarmequipment.com\/wp-content\/uploads\/2022\/02\/nursery-seeder--300x225.jpg 300w\" sizes=\"auto, (max-width: 720px) 100vw, 720px\" \/><figcaption class=\"wp-element-caption\">machine d'\u00e9levage de p\u00e9pini\u00e8re<\/figcaption><\/figure>    <h3 class=\"wp-block-heading\" id=\"h-what-are-the-main-components-of-the-automatic-tray-seeder\">Quels sont les principaux composants du semoir automatique de plaques ?<\/h3>    <p>Ce semoir automatique \u00e0 plateaux KMR-80 est compos\u00e9 de deux parties. Une partie comprend le bac \u00e0 terre, le brossage, le creusement et le semis. Et une autre partie a un deuxi\u00e8me rev\u00eatement de sol et un brossage. Aussi, vous pourrez choisir l\u2019arrosage en bout de machine.<\/p>    <figure class=\"wp-block-image size-full is-resized\"><img loading=\"lazy\" decoding=\"async\" width=\"720\" height=\"540\" src=\"https:\/\/taizyfarmequipment.com\/wp-content\/uploads\/2022\/02\/nursery-raising-machines-structure-1-1.jpg\" alt=\"Structure de la machine d&#039;\u00e9levage de p\u00e9pini\u00e8re MKR-80\" class=\"wp-image-2666\" style=\"width:720px;height:540px\" title=\"Structure de la machine d&#039;\u00e9levage de p\u00e9pini\u00e8re MKR-80\" srcset=\"https:\/\/taizyfarmequipment.com\/wp-content\/uploads\/2022\/02\/nursery-raising-machines-structure-1-1.jpg 720w, https:\/\/taizyfarmequipment.com\/wp-content\/uploads\/2022\/02\/nursery-raising-machines-structure-1-1-300x225.jpg 300w\" sizes=\"auto, (max-width: 720px) 100vw, 720px\" \/><figcaption class=\"wp-element-caption\">Structure de la machine d'\u00e9levage de p\u00e9pini\u00e8re KMR-80<\/figcaption><\/figure>    <h3 class=\"wp-block-heading\" id=\"h-technical-specifications-of-plug-tray-nursery-seeding-machine\">Sp\u00e9cifications techniques du semoir de p\u00e9pini\u00e8re \u00e0 plateaux<\/h3>    <figure class=\"wp-block-table\"><table><tbody><tr><td>Mod\u00e8le<\/td><td>KMR-80<\/td><\/tr><tr><td>Capacit\u00e9<\/td><td>260-330plateaux\/heure<\/td><\/tr><tr><td>Pr\u00e9cision<\/td><td>&gt;97-98%<\/td><\/tr><tr><td>Principe<\/td><td>Compresseur \u00e9lectrique et pneumatique<\/td><\/tr><tr><td>Tension<\/td><td>220V \/110V 600w<\/td><\/tr><tr><td>Taille pour la graine<\/td><td>0,3-12 mm<\/td><\/tr><tr><td>Largeur du plateau<\/td><td>320 mm<\/td><\/tr><tr><td>Poids<\/td><td>250 kg<\/td><\/tr><tr><td>Taille<\/td><td>3300*600*1300mm<\/td><\/tr><\/tbody><\/table><figcaption class=\"wp-element-caption\">Param\u00e8tre du semoir de p\u00e9pini\u00e8re \u00e0 plateau \u00e0 bouchons KMR-80 <\/figcaption><\/figure>    <h3 class=\"wp-block-heading\" id=\"what-advantages-dose-the-nursery-raising-machine-has\">Quels sont les avantages de la machine d'\u00e9levage de p\u00e9pini\u00e8re ?<\/h3>    <ol style=\"list-style-type:1\" class=\"wp-block-list\"> <li>Deux parties se composent de la machine automatique d'\u00e9levage de p\u00e9pini\u00e8res KMR-80, qui a une apparence compacte et un petit espace au sol.<\/li>    <li>M\u00eame fonction avec le KMR-78-2, qui permet d'\u00e9conomiser du temps et de l'\u00e9nergie.<\/li>    <li>Des plateaux de plus petite largeur peuvent \u00eatre adapt\u00e9s. La largeur maximale du bac \u00e0 fiches doit \u00eatre de 320\u00a0mm.<\/li> <\/ol>    <h2 class=\"wp-block-heading\" id=\"type-3-kmr-78-nursery-planting-machine\">Type 3\u00a0:\u00a0planteuse de p\u00e9pini\u00e8re KMR-78<\/h2>    <p class=\"translation-block\">Notre <a href=\"https:\/\/taizyfarmequipment.com\/fr\/produit-2\/machine-automatique-de-semis-de-pepiniere\/\">machine de plantation en p\u00e9pini\u00e8re KMR-78<\/a> est une machine semi-automatique de semis en serre. Ce mod\u00e8le de machine comprend uniquement les parties de perforation et de semis. Ainsi, son prix est inf\u00e9rieur aux types de machines cit\u00e9s ci-dessus. De plus, elle a un volume et une empreinte plus petits. La machine \u00e0 plateau pour plants KMR-78 peut semer les m\u00eames graines que les KMR-80 et KMR-78-2. Si votre budget est limit\u00e9, vous pouvez opter pour ce mod\u00e8le de machine \u00e0 semis en plateau.<\/p>    <figure class=\"wp-block-image aligncenter size-full\"><img loading=\"lazy\" decoding=\"async\" width=\"720\" height=\"540\" src=\"https:\/\/taizyfarmequipment.com\/wp-content\/uploads\/2022\/02\/78-tuya_720_540-tuya.jpg\" alt=\"Planteuse de p\u00e9pini\u00e8re MKR-78\" class=\"wp-image-2663\" title=\"Planteuse de p\u00e9pini\u00e8re MKR-78\" srcset=\"https:\/\/taizyfarmequipment.com\/wp-content\/uploads\/2022\/02\/78-tuya_720_540-tuya.jpg 720w, https:\/\/taizyfarmequipment.com\/wp-content\/uploads\/2022\/02\/78-tuya_720_540-tuya-300x225.jpg 300w\" sizes=\"auto, (max-width: 720px) 100vw, 720px\" \/><figcaption class=\"wp-element-caption\">Planteuse de p\u00e9pini\u00e8re KMR-78<\/figcaption><\/figure>    <h3 class=\"wp-block-heading\" id=\"structure-2\">Structure du semoir \u00e0 tomates<\/h3>    <p>Ce semoir de tomates KMR-78 comprend principalement un creusement, une plantation, un cadre, etc. Ce semoir de p\u00e9pini\u00e8re de poivrons vous permet de vous d\u00e9placer facilement partout.<\/p>    <figure class=\"wp-block-image aligncenter size-full\"><img loading=\"lazy\" decoding=\"async\" width=\"720\" height=\"540\" src=\"https:\/\/taizyfarmequipment.com\/wp-content\/uploads\/2022\/02\/vegetable-ursery-seeding-machines-structure-.jpg\" alt=\"Structure du planteur de p\u00e9pini\u00e8re MKR-78\" class=\"wp-image-2664\" title=\"Structure du planteur de p\u00e9pini\u00e8re MKR-78\" srcset=\"https:\/\/taizyfarmequipment.com\/wp-content\/uploads\/2022\/02\/vegetable-ursery-seeding-machines-structure-.jpg 720w, https:\/\/taizyfarmequipment.com\/wp-content\/uploads\/2022\/02\/vegetable-ursery-seeding-machines-structure--300x225.jpg 300w\" sizes=\"auto, (max-width: 720px) 100vw, 720px\" \/><figcaption class=\"wp-element-caption\">Structure du planteur de p\u00e9pini\u00e8re KMR-78<\/figcaption><\/figure>    <h3 class=\"wp-block-heading\" id=\"parameter-2\">Param\u00e8tre du planteur de p\u00e9pini\u00e8re<\/h3>    <figure class=\"wp-block-table\"><table><tbody><tr><td>Mod\u00e8le<\/td><td>KMR-78<\/td><\/tr><tr><td>Capacit\u00e9<\/td><td>200plateau\/heure<\/td><\/tr><tr><td>Pr\u00e9cision<\/td><td>&gt;97-98%Pr\u00e9cision<\/td><\/tr><tr><td>principe<\/td><td>compresseur d'air<\/td><\/tr><tr><td>Taille<\/td><td>1050*650*1150mm<\/td><\/tr><tr><td>Poids<\/td><td>68 kg<\/td><\/tr><tr><td>Taille pour la graine<\/td><td>0,3-12 mm<\/td><\/tr><\/tbody><\/table><figcaption class=\"wp-element-caption\">Type 3\u00a0: param\u00e8tre de la machine de plantation de p\u00e9pini\u00e8re KMR-78<\/figcaption><\/figure>    <h3 class=\"wp-block-heading\" id=\"features-1\">Caract\u00e9ristiques <\/h3>    <ol style=\"list-style-type:1\" class=\"wp-block-list\"> <li>Encombrement r\u00e9duit. L\u00e9ger et facile \u00e0 d\u00e9placer.<\/li>    <li>Ce semoir de graines de p\u00e9pini\u00e8re\u00a0a les fonctions de semis et de semis, et doit mettre manuellement le sol et couvrir le sol.<\/li> <\/ol>    <h3 class=\"wp-block-heading\" id=\"wide-application-of-nursery-seed-sowing-machine\">Large application du semoir de graines de p\u00e9pini\u00e8re<\/h3>    <p>Les trois types de machines peuvent semer une vari\u00e9t\u00e9 de graines. Tels que la tomate, la laitue, le chou chinois, le chou, le ma\u00efs sucr\u00e9, la citrouille, les graines de chanvre, le gombo, le concombre, l'aubergine, le melon, la past\u00e8que, le poivron, le piment, le chou de Taiwan, le Yu choi, le Kan Kong, les poireaux, les blettes, le Bok. choi, c\u00e9leri, etc. &nbsp;<\/p>    <figure class=\"wp-block-image size-full\"><img loading=\"lazy\" decoding=\"async\" width=\"720\" height=\"540\" src=\"https:\/\/taizyfarmequipment.com\/wp-content\/uploads\/2022\/02\/seeds-_720_540.jpg\" alt=\"graines\" class=\"wp-image-2667\" title=\"graines\" srcset=\"https:\/\/taizyfarmequipment.com\/wp-content\/uploads\/2022\/02\/seeds-_720_540.jpg 720w, https:\/\/taizyfarmequipment.com\/wp-content\/uploads\/2022\/02\/seeds-_720_540-300x225.jpg 300w\" sizes=\"auto, (max-width: 720px) 100vw, 720px\" \/><figcaption class=\"wp-element-caption\">diverses graines de chou, carotte, concombre etc. <\/figcaption><\/figure>    <h2 class=\"wp-block-heading\" id=\"packing-and-shipping-of-nursery-sowing-machine\">Emballage et exp\u00e9dition de semoir de p\u00e9pini\u00e8re<\/h2>    <p>Vous trouverez ci-dessous les photos du colis et les photos d'exp\u00e9dition. Chaque fois avant l'emballage, nous v\u00e9rifierons strictement la machine. Nous pouvons \u00e9galement tester la machine automatique d\u2019\u00e9levage de p\u00e9pini\u00e8res selon les exigences du client. <\/p>    <figure class=\"wp-block-gallery has-nested-images columns-2 is-cropped wp-block-gallery-2 is-layout-flex wp-block-gallery-is-layout-flex\"> <figure class=\"wp-block-image size-large\"><img loading=\"lazy\" decoding=\"async\" width=\"720\" height=\"540\" data-id=\"2669\" src=\"https:\/\/taizyfarmequipment.com\/wp-content\/uploads\/2022\/02\/nursery-seedling-machine.jpg\" alt=\"Enveloppez le semoir de p\u00e9pini\u00e8re\" class=\"wp-image-2669\" title=\"Enveloppez le semoir de p\u00e9pini\u00e8re\" srcset=\"https:\/\/taizyfarmequipment.com\/wp-content\/uploads\/2022\/02\/nursery-seedling-machine.jpg 720w, https:\/\/taizyfarmequipment.com\/wp-content\/uploads\/2022\/02\/nursery-seedling-machine-300x225.jpg 300w\" sizes=\"auto, (max-width: 720px) 100vw, 720px\" \/><figcaption class=\"wp-element-caption\">Enveloppez le semoir de p\u00e9pini\u00e8re<\/figcaption><\/figure>    <figure class=\"wp-block-image size-large\"><img loading=\"lazy\" decoding=\"async\" width=\"720\" height=\"540\" data-id=\"2670\" src=\"https:\/\/taizyfarmequipment.com\/wp-content\/uploads\/2022\/02\/shipping-.jpg\" alt=\"v\u00e9rification de la machine de culture de p\u00e9pini\u00e8res de l\u00e9gumes\" class=\"wp-image-2670\" title=\"v\u00e9rification de la machine de culture de p\u00e9pini\u00e8res de l\u00e9gumes\" srcset=\"https:\/\/taizyfarmequipment.com\/wp-content\/uploads\/2022\/02\/shipping-.jpg 720w, https:\/\/taizyfarmequipment.com\/wp-content\/uploads\/2022\/02\/shipping--300x225.jpg 300w\" sizes=\"auto, (max-width: 720px) 100vw, 720px\" \/><figcaption class=\"wp-element-caption\">v\u00e9rification de la machine de culture de p\u00e9pini\u00e8res de l\u00e9gumes<\/figcaption><\/figure> <figcaption class=\"blocks-gallery-caption wp-element-caption\">Emballage et exp\u00e9dition de semoir de p\u00e9pini\u00e8re<\/figcaption><\/figure>","protected":false},"excerpt":{"rendered":"<p>La machine automatique de culture de p\u00e9pini\u00e8re peut planter des graines dans un plateau \u00e0 bouchons. Et le taux de survie et la qualit\u00e9 des plants sont \u00e9galement bons.  <\/p>","protected":false},"author":1,"featured_media":2661,"parent":0,"template":"","tags":[148,151,154,156,153,150,155,157,152,149],"product-type":[134],"class_list":["post-2658","product","type-product","status-publish","has-post-thumbnail","hentry","tag-automatic-nursery-raising-machine","tag-automatic-nursery-seeding-machine","tag-automatic-tray-seeder","tag-nursery-planting-machine","tag-nursery-seeder","tag-nursery-sowing-machine","tag-plug-tray-nursery-seeding-machine","tag-tomato-seeding-machine","tag-vegetable-nursery-machine","tag-vegetable-nursery-sowing-machine","product-type-nursery-transplanter"],"_links":{"self":[{"href":"https:\/\/taizyfarmequipment.com\/fr\/wp-json\/wp\/v2\/product\/2658","targetHints":{"allow":["GET"]}}],"collection":[{"href":"https:\/\/taizyfarmequipment.com\/fr\/wp-json\/wp\/v2\/product"}],"about":[{"href":"https:\/\/taizyfarmequipment.com\/fr\/wp-json\/wp\/v2\/types\/product"}],"author":[{"embeddable":true,"href":"https:\/\/taizyfarmequipment.com\/fr\/wp-json\/wp\/v2\/users\/1"}],"wp:featuredmedia":[{"embeddable":true,"href":"https:\/\/taizyfarmequipment.com\/fr\/wp-json\/wp\/v2\/media\/2661"}],"wp:attachment":[{"href":"https:\/\/taizyfarmequipment.com\/fr\/wp-json\/wp\/v2\/media?parent=2658"}],"wp:term":[{"taxonomy":"post_tag","embeddable":true,"href":"https:\/\/taizyfarmequipment.com\/fr\/wp-json\/wp\/v2\/tags?post=2658"},{"taxonomy":"product-type","embeddable":true,"href":"https:\/\/taizyfarmequipment.com\/fr\/wp-json\/wp\/v2\/product-type?post=2658"}],"curies":[{"name":"wp","href":"https:\/\/api.w.org\/{rel}","templated":true}]}}