{"id":2783,"date":"2022-03-01T10:12:46","date_gmt":"2022-03-01T10:12:46","guid":{"rendered":"https:\/\/taizyfarmequipment.com\/"},"modified":"2025-11-26T15:47:21","modified_gmt":"2025-11-26T07:47:21","slug":"machine-combinee-de-decorticage-et-de-nettoyage-darachides","status":"publish","type":"product","link":"https:\/\/taizyfarmequipment.com\/fr\/product\/combined-peanut-shelling-and-cleaning-machine\/","title":{"rendered":"\u00c9plucheuse de cacahu\u00e8tes | Machine combin\u00e9e d'\u00e9pluchage et de nettoyage des cacahu\u00e8tes"},"content":{"rendered":"<div class=\"kk-star-ratings kksr-auto kksr-align-left kksr-valign-top\"     data-payload='{&quot;align&quot;:&quot;left&quot;,&quot;id&quot;:&quot;2783&quot;,&quot;slug&quot;:&quot;default&quot;,&quot;valign&quot;:&quot;top&quot;,&quot;ignore&quot;:&quot;&quot;,&quot;reference&quot;:&quot;auto&quot;,&quot;class&quot;:&quot;&quot;,&quot;count&quot;:&quot;25&quot;,&quot;legendonly&quot;:&quot;&quot;,&quot;readonly&quot;:&quot;&quot;,&quot;score&quot;:&quot;4.7&quot;,&quot;starsonly&quot;:&quot;&quot;,&quot;best&quot;:&quot;5&quot;,&quot;gap&quot;:&quot;5&quot;,&quot;greet&quot;:&quot;Rate this product&quot;,&quot;legend&quot;:&quot;4.7\\\/5 - (25 votes)&quot;,&quot;size&quot;:&quot;24&quot;,&quot;title&quot;:&quot;Peanut sheller | Combined peanut shelling and cleaning machine&quot;,&quot;width&quot;:&quot;133.8&quot;,&quot;_legend&quot;:&quot;{score}\\\/{best} - ({count} {votes})&quot;,&quot;font_factor&quot;:&quot;1.25&quot;}'>              <div class=\"kksr-stars\">      <div class=\"kksr-stars-inactive\">             <div class=\"kksr-star\" data-star=\"1\" style=\"padding-right: 5px\">               <div class=\"kksr-icon\" style=\"width: 24px; height: 24px;\"><\/div>         <\/div>             <div class=\"kksr-star\" data-star=\"2\" style=\"padding-right: 5px\">               <div class=\"kksr-icon\" style=\"width: 24px; height: 24px;\"><\/div>         <\/div>             <div class=\"kksr-star\" data-star=\"3\" style=\"padding-right: 5px\">               <div class=\"kksr-icon\" style=\"width: 24px; height: 24px;\"><\/div>         <\/div>             <div class=\"kksr-star\" data-star=\"4\" style=\"padding-right: 5px\">               <div class=\"kksr-icon\" style=\"width: 24px; height: 24px;\"><\/div>         <\/div>             <div class=\"kksr-star\" data-star=\"5\" style=\"padding-right: 5px\">               <div class=\"kksr-icon\" style=\"width: 24px; height: 24px;\"><\/div>         <\/div>     <\/div>      <div class=\"kksr-stars-active\" style=\"width: 133.8px;\">             <div class=\"kksr-star\" style=\"padding-right: 5px\">               <div class=\"kksr-icon\" style=\"width: 24px; height: 24px;\"><\/div>         <\/div>             <div class=\"kksr-star\" style=\"padding-right: 5px\">               <div class=\"kksr-icon\" style=\"width: 24px; height: 24px;\"><\/div>         <\/div>             <div class=\"kksr-star\" style=\"padding-right: 5px\">               <div class=\"kksr-icon\" style=\"width: 24px; height: 24px;\"><\/div>         <\/div>             <div class=\"kksr-star\" style=\"padding-right: 5px\">               <div class=\"kksr-icon\" style=\"width: 24px; height: 24px;\"><\/div>         <\/div>             <div class=\"kksr-star\" style=\"padding-right: 5px\">               <div class=\"kksr-icon\" style=\"width: 24px; height: 24px;\"><\/div>         <\/div>     <\/div> <\/div>                   <div class=\"kksr-legend\" style=\"font-size: 19.2px;\">             4,7\/5 - (25 votes)    <\/div>     <\/div>  <p class=\"translation-block\">En tant que l'une des principales cultures ol\u00e9agineuses au monde, l'arachide est cultiv\u00e9e dans de nombreux pays. Et la superficie plant\u00e9e est importante. Et la culture \u00e0 grande \u00e9chelle signifie beaucoup de main-d'\u0153uvre et de temps. Avec le d\u00e9veloppement continu de la technologie, l'\u00e9caleuse d'arachide est devenue une aide pour l'\u00e9levage laitier des agriculteurs. L'utilisation d'\u00e9caleuses d'arachide am\u00e9liore grandement l'efficacit\u00e9 du travail. Et d\u00e9cortiqu\u00e9e tr\u00e8s proprement. Et il existe maintenant diff\u00e9rents mod\u00e8les d'unit\u00e9s de d\u00e9corticage d'arachide. Diff\u00e9rents mod\u00e8les ont des rendements diff\u00e9rents. En plus des \u00e9caleuses d'arachide, <a href=\"https:\/\/www.agriculture-machine.com\/peanut-harvester\/\" target=\"_blank\" rel=\"noopener\">les moissonneuses d'arachide<\/a> et <a href=\"https:\/\/taizyfarmequipment.com\/fr\/produit-2\/cueilleur-darachides\/\">les cueilleurs d'arachide<\/a> sont aussi de bons assistants pour l'agriculture quotidienne des gens.<\/p>    <figure class=\"wp-block-embed is-type-video is-provider-youtube wp-block-embed-youtube wp-embed-aspect-16-9 wp-has-aspect-ratio\"><div class=\"wp-block-embed__wrapper\"> <iframe loading=\"lazy\" title=\"\u00c9quipement d\u2019\u00e9grenage d\u2019arachides abordable pour votre entreprise #arachide #arachide alimentaire #\u00e9grenage #agriculture\" width=\"500\" height=\"281\" src=\"https:\/\/www.youtube.com\/embed\/yJV51sUT0kw?feature=oembed\" frameborder=\"0\" allow=\"accelerometer; autoplay; clipboard-write; encrypted-media; gyroscope; picture-in-picture; web-share\" referrerpolicy=\"strict-origin-when-cross-origin\" allowfullscreen><\/iframe> <\/div><figcaption class=\"wp-element-caption\">Vid\u00e9o de fonctionnement de l\u2019\u00e9greneuse d\u2019arachides<\/figcaption><\/figure>    <h2 class=\"wp-block-heading\" id=\"h-what-is-combined-peanut-shelling-and-cleaning-machine\">Qu'est-ce qu'une machine combin\u00e9e de d\u00e9corticage et de nettoyage d'arachides\u00a0?<\/h2>    <p>Une machine combin\u00e9e de d\u00e9corticage et de nettoyage d\u2019arachides est un \u00e9quipement qui s\u00e9pare les coquilles et les grains d\u2019arachides. En g\u00e9n\u00e9ral, l\u2019unit\u00e9 de d\u00e9corticage des cacahu\u00e8tes comprend une machine de nettoyage. La machine de nettoyage est un appareil qui \u00e9limine \u00e0 l\u2019avance les impuret\u00e9s pr\u00e9sentes dans les cacahu\u00e8tes d\u00e9cortiqu\u00e9es. Les impuret\u00e9s sont g\u00e9n\u00e9ralement des mottes, des cailloux, des plants d'arachide et des feuilles. Le rendement de l\u2019unit\u00e9 de d\u00e9corticage d\u2019arachides est g\u00e9n\u00e9ralement relativement important. Nous avons quatre mod\u00e8les de 6BHX-1500, 6BHX-3500, 6BHX-16000 et 6BHX-20000. Chaque mod\u00e8le g\u00e8re des volumes diff\u00e9rents. Les clients peuvent choisir le mod\u00e8le de machine qui leur convient en fonction de leurs besoins.<\/p>    <figure class=\"wp-block-image size-full\"><img loading=\"lazy\" decoding=\"async\" width=\"720\" height=\"540\" src=\"https:\/\/taizyfarmequipment.com\/wp-content\/uploads\/2022\/03\/04_720_540.jpg\" alt=\"Qu&#039;est-ce qu&#039;une machine combin\u00e9e de d\u00e9corticage et de nettoyage d&#039;arachides\u00a0?\" class=\"wp-image-2785\" title=\"Qu&#039;est-ce qu&#039;une machine combin\u00e9e de d\u00e9corticage et de nettoyage d&#039;arachides\u00a0?\" srcset=\"https:\/\/taizyfarmequipment.com\/wp-content\/uploads\/2022\/03\/04_720_540.jpg 720w, https:\/\/taizyfarmequipment.com\/wp-content\/uploads\/2022\/03\/04_720_540-300x225.jpg 300w\" sizes=\"auto, (max-width: 720px) 100vw, 720px\" \/><figcaption class=\"wp-element-caption\">Qu'est-ce qu'une machine combin\u00e9e de d\u00e9corticage et de nettoyage d'arachides\u00a0?<\/figcaption><\/figure>    <h2 class=\"wp-block-heading\">Type 1\u00a0: d\u00e9cortiqueuse d'arachides combin\u00e9e 6BHX-1500<\/h2>    <p>En g\u00e9n\u00e9ral, la machine combin\u00e9e de d\u00e9corticage et de nettoyage d'arachides 6BHX-1500 fonctionne avec le nettoyeur. Le produit fini est beaucoup plus propre. Et il est avantageux de prolonger la dur\u00e9e de vie de la machine \u00e0 \u00e9plucher. Chaque d\u00e9cortiqueuse d'arachides est \u00e9quip\u00e9e d'un tamis, et il existe des tamis avec diff\u00e9rentes tailles de maille. Par cons\u00e9quent, afin de recommander des \u00e9crans appropri\u00e9s aux clients, ceux-ci doivent mesurer la largeur du corps des cacahu\u00e8tes. Dans des circonstances normales, le maillage de l'\u00e9cran est de 7\/8\/9\/11 mm. Ce mod\u00e8le de d\u00e9cortiqueuse de cacahu\u00e8tes n\u00e9cessite l'installation de deux \u00e9crans. La puissance de ce mod\u00e8le est un moteur \u00e9lectrique. Ce mod\u00e8le de machine est le plus petit par rapport aux autres mod\u00e8les. Par cons\u00e9quent, la machine \u00e0 d\u00e9cortiquer les cacahu\u00e8tes est de petite taille et l\u00e9g\u00e8re.<\/p>    <figure class=\"wp-block-image size-full\"><img loading=\"lazy\" decoding=\"async\" width=\"720\" height=\"540\" src=\"https:\/\/taizyfarmequipment.com\/wp-content\/uploads\/2022\/03\/03_\u526f\u672c-tuya_720_540-1.jpg\" alt=\"d\u00e9cortiqueuse d&#039;arachides combin\u00e9e\" class=\"wp-image-2787\" title=\"d\u00e9cortiqueuse d&#039;arachides combin\u00e9e\" srcset=\"https:\/\/taizyfarmequipment.com\/wp-content\/uploads\/2022\/03\/03_\u526f\u672c-tuya_720_540-1.jpg 720w, https:\/\/taizyfarmequipment.com\/wp-content\/uploads\/2022\/03\/03_\u526f\u672c-tuya_720_540-1-300x225.jpg 300w\" sizes=\"auto, (max-width: 720px) 100vw, 720px\" \/><figcaption class=\"wp-element-caption\">d\u00e9cortiqueuse d'arachides combin\u00e9e<\/figcaption><\/figure>    <h3 class=\"wp-block-heading\">Param\u00e8tre technique du d\u00e9cortiqueur et du nettoyeur d'arachide<\/h3>    <figure class=\"wp-block-table\"><table><tbody><tr><td>Capacit\u00e9 (kg\/h)<\/td><td>Taux de bombardement\u00a0%<\/td><td>Taux de casse\u00a0%<\/td><td>Taux de perte<\/td><\/tr><tr><td>700-800<\/td><td>&gt;=99<\/td><td>&lt;=5<\/td><td>&lt;=0,5<\/td><\/tr><tr><td>Humidit\u00e9 de travail\u00a0%<\/td><td>Puissance du moteur<\/td><td>poids (kg)<\/td><td>Taille de la machine<\/td><\/tr><tr><td>6,3&lt;=12<\/td><td>Niveau\u00a02\u00a01,5\u00a0kw\u00a0\/ niveau\u00a04\u00a03\u00a0kw<\/td><td>520<\/td><td>&nbsp;1500*1050*1460<\/td><\/tr><\/tbody><\/table><figcaption class=\"wp-element-caption\">param\u00e8tre du d\u00e9cortiqueur et du nettoyeur d'arachide<\/figcaption><\/figure>    <h2 class=\"wp-block-heading\">Type 2\u00a0: d\u00e9cortiqueuse et nettoyeur d'arachides combin\u00e9s 6BHX-3500<\/h2>    <p>La machine combin\u00e9e de d\u00e9corticage et de nettoyage d'arachides 6BHX-3500 a une structure similaire \u00e0 celle du mod\u00e8le 1500. Pour la machine de nettoyage, les clients peuvent choisir librement en fonction de leurs propres besoins. Ce mod\u00e8le de machine peut \u00eatre \u00e9quip\u00e9 de trois \u00e9crans. La taille de l\u2019\u00e9cran doit \u00eatre d\u00e9termin\u00e9e en fonction de la taille des cacahu\u00e8tes du client. Le rendement de ce type de machine est sup\u00e9rieur \u00e0 celui du type 1500. La puissance de la machine est aussi celle du moteur.<\/p>    <figure class=\"wp-block-image size-full\"><img loading=\"lazy\" decoding=\"async\" width=\"720\" height=\"540\" src=\"https:\/\/taizyfarmequipment.com\/wp-content\/uploads\/2022\/03\/212-tuya_720_540.jpg\" alt=\"d\u00e9cortiqueuse et nettoyant combin\u00e9s pour cacahu\u00e8tes\" class=\"wp-image-2788\" title=\"d\u00e9cortiqueuse et nettoyant combin\u00e9s pour cacahu\u00e8tes\" srcset=\"https:\/\/taizyfarmequipment.com\/wp-content\/uploads\/2022\/03\/212-tuya_720_540.jpg 720w, https:\/\/taizyfarmequipment.com\/wp-content\/uploads\/2022\/03\/212-tuya_720_540-300x225.jpg 300w\" sizes=\"auto, (max-width: 720px) 100vw, 720px\" \/><figcaption class=\"wp-element-caption\">d\u00e9cortiqueuse et nettoyant combin\u00e9s pour cacahu\u00e8tes<\/figcaption><\/figure>    <h3 class=\"wp-block-heading\">Sp\u00e9cifications techniques de la machine de battage d\u2019arachides<\/h3>    <figure class=\"wp-block-table\"><table><tbody><tr><td>Capacit\u00e9 (kg\/h)<\/td><td>Taux de bombardement\u00a0%<\/td><td>Taux de casse\u00a0%<\/td><td>Taux de perte<\/td><\/tr><tr><td>1500-2200<\/td><td>&gt;=99<\/td><td>&lt;=5<\/td><td>&lt;=0,5<\/td><\/tr><tr><td>Humidit\u00e9 de travail\u00a0%<\/td><td>Puissance du moteur<\/td><td>poids (kg)<\/td><td>Taille de la machine<\/td><\/tr><tr><td>6,3&lt;=12<\/td><td>2\u00a0niveaux\u00a04\u00a0kw\u00a0\/ 6\u00a0niveaux\u00a05,5\u00a0kw<\/td><td>1000<\/td><td>&nbsp;2500*1200*2450<\/td><\/tr><\/tbody><\/table><figcaption class=\"wp-element-caption\"> batteuse d'arachide<\/figcaption><\/figure>    <h2 class=\"wp-block-heading\">Type 3\u00a0: d\u00e9cortiqueuse d'arachides 6BHX-16000<\/h2>    <p>La machine combin\u00e9e de d\u00e9corticage et de nettoyage d'arachides 6BHX-16000 est l'\u00e9quipement dont la production peut atteindre 2 500 \u00e0 3 500 kg par heure. Plusieurs cacahu\u00e8tes peuvent \u00eatre trait\u00e9es \u00e0 la fois. Ce mod\u00e8le peut \u00eatre \u00e9quip\u00e9 de trois ou quatre \u00e9crans. \u00c9tant donn\u00e9 que la taille de chaque \u00e9cran est diff\u00e9rente, il est pratique d'\u00e9plucher des cacahu\u00e8tes de diff\u00e9rentes tailles et de les peler plus proprement. De plus, cela peut r\u00e9duire le taux de broyage des cacahu\u00e8tes. La puissance de la machine pour ce mod\u00e8le est toujours le moteur.<\/p>    <figure class=\"wp-block-image size-full\"><img loading=\"lazy\" decoding=\"async\" width=\"720\" height=\"540\" src=\"https:\/\/taizyfarmequipment.com\/wp-content\/uploads\/2022\/03\/006-tuya_720_540.jpg\" alt=\"d\u00e9cortiqueuse d&#039;arachide\" class=\"wp-image-2789\" title=\"d\u00e9cortiqueuse d&#039;arachide\" srcset=\"https:\/\/taizyfarmequipment.com\/wp-content\/uploads\/2022\/03\/006-tuya_720_540.jpg 720w, https:\/\/taizyfarmequipment.com\/wp-content\/uploads\/2022\/03\/006-tuya_720_540-300x225.jpg 300w\" sizes=\"auto, (max-width: 720px) 100vw, 720px\" \/><figcaption class=\"wp-element-caption\">d\u00e9cortiqueuse d'arachide<\/figcaption><\/figure>    <h3 class=\"wp-block-heading\">Param\u00e8tre du d\u00e9cortiqueur d'arachide 6BHX-16000<\/h3>    <figure class=\"wp-block-table\"><table><tbody><tr><td>Capacit\u00e9 (kg\/h)<\/td><td>Taux de bombardement\u00a0%<\/td><td>Taux de casse\u00a0%<\/td><td>Taux de perte<\/td><\/tr><tr><td>2500-3500<\/td><td>&gt;=99<\/td><td>&lt;=5<\/td><td>&lt;=0,5<\/td><\/tr><tr><td>Humidit\u00e9 de travail\u00a0%<\/td><td>Puissance du moteur<\/td><td>poids (kg)<\/td><td>Taille de la machine<\/td><\/tr><tr><td>6,3&lt;=12<\/td><td>2\u00a0niveaux\u00a011\u00a0kw\u00a0\/ 6\u00a0niveaux 11\u00a0kw\u00a0\/ 6\u00a0niveaux 4\u00a0kw<\/td><td>2300<\/td><td>&nbsp;2650*1690*3360<\/td><\/tr><\/tbody><\/table><figcaption class=\"wp-element-caption\">D\u00e9cortiqueuse d'arachides 6BHX-16000<\/figcaption><\/figure>    <h2 class=\"wp-block-heading\">Type 4\u00a0: batteuse d\u2019arachide 6BHX-20000<\/h2>    <p>La machine combin\u00e9e de d\u00e9corticage et de nettoyage d'arachides 6BHX-20000 est la plus grande machine combin\u00e9e de d\u00e9cortiqueuse d'arachides. La structure de ce mod\u00e8le est fondamentalement la m\u00eame que celle de la d\u00e9cortiqueuse d'arachides 6BHX-16000. Installez deux ou quatre \u00e9crans. Chaque partie de la machine est entra\u00een\u00e9e par un moteur. Le dernier noyau d'arachide est fondamentalement exempt d'impuret\u00e9s car, lors du processus de d\u00e9corticage, il y a un ventilateur pour extraire la coque et les impuret\u00e9s de l'arachide.<\/p>    <figure class=\"wp-block-image size-full is-resized\"><img loading=\"lazy\" decoding=\"async\" width=\"720\" height=\"540\" src=\"https:\/\/taizyfarmequipment.com\/wp-content\/uploads\/2022\/03\/060-tuya_720_540.jpg\" alt=\"batteuse d&#039;arachide\" class=\"wp-image-2790\" style=\"width:720px;height:540px\" title=\"batteuse d&#039;arachide\" srcset=\"https:\/\/taizyfarmequipment.com\/wp-content\/uploads\/2022\/03\/060-tuya_720_540.jpg 720w, https:\/\/taizyfarmequipment.com\/wp-content\/uploads\/2022\/03\/060-tuya_720_540-300x225.jpg 300w\" sizes=\"auto, (max-width: 720px) 100vw, 720px\" \/><figcaption class=\"wp-element-caption\">batteuse d'arachide<\/figcaption><\/figure>    <h3 class=\"wp-block-heading\">Quelle est la sp\u00e9cification du d\u00e9cortiqueur d'arachides \u00e0 grand rendement 6BHX-20000<\/h3>    <figure class=\"wp-block-table\"><table><tbody><tr><td>Capacit\u00e9 (kg\/h)<\/td><td>Taux de bombardement\u00a0%<\/td><td>Taux de casse\u00a0%<\/td><td>Taux de perte<\/td><\/tr><tr><td>5000-8000<\/td><td>&gt;=99<\/td><td>&lt;=5<\/td><td>&lt;=0,5<\/td><\/tr><tr><td>Humidit\u00e9 de travail\u00a0%<\/td><td>Puissance du moteur<\/td><td>poids (kg)<\/td><td>Taille de la machine<\/td><\/tr><tr><td>6,3&lt;=12<\/td><td>2 niveaux\u00a015 kW\u00a0\/ 6 niveaux 15 kW\u00a0\/ 6 niveaux 4\u00a0kw<\/td><td>2850<\/td><td>&nbsp;2750*1800*3360<\/td><\/tr><\/tbody><\/table><figcaption class=\"wp-element-caption\">d\u00e9cortiqueuse d'arachides \u00e0 grand rendement<\/figcaption><\/figure>    <h2 class=\"wp-block-heading\">Qu\u2019en est-il de la structure de la d\u00e9cortiqueuse automatique d\u2019arachides\u00a0?<\/h2>    <p>Les quatre mod\u00e8les de machines combin\u00e9es de d\u00e9corticage et de nettoyage d\u2019arachides ont une structure similaire. Inclut principalement la sortie des arachides nettoy\u00e9es, l'entr\u00e9e des arachides, la sortie des impuret\u00e9s, le moteur, le \u00e9l\u00e9vateur de transport, la bo\u00eete de tamis ferm\u00e9e, la sortie des grains d'arachide, la bo\u00eete de tamis ferm\u00e9e, les roues universelles, etc.<\/p>    <figure class=\"wp-block-gallery has-nested-images columns-default is-cropped wp-block-gallery-2 is-layout-flex wp-block-gallery-is-layout-flex\"> <figure class=\"wp-block-image size-large\"><img loading=\"lazy\" decoding=\"async\" width=\"720\" height=\"540\" data-id=\"2791\" src=\"https:\/\/taizyfarmequipment.com\/wp-content\/uploads\/2022\/03\/02-tuya_720_540.jpg\" alt=\"\" class=\"wp-image-2791\" srcset=\"https:\/\/taizyfarmequipment.com\/wp-content\/uploads\/2022\/03\/02-tuya_720_540.jpg 720w, https:\/\/taizyfarmequipment.com\/wp-content\/uploads\/2022\/03\/02-tuya_720_540-300x225.jpg 300w\" sizes=\"auto, (max-width: 720px) 100vw, 720px\" \/><figcaption class=\"wp-element-caption\">structure du d\u00e9cortiqueur d'arachide<\/figcaption><\/figure>    <figure class=\"wp-block-image size-large\"><img loading=\"lazy\" decoding=\"async\" width=\"720\" height=\"540\" data-id=\"2793\" src=\"https:\/\/taizyfarmequipment.com\/wp-content\/uploads\/2022\/03\/005-tuya_720_540.jpg\" alt=\"structure de la machine \u00e0 d\u00e9cortiquer les arachides\" class=\"wp-image-2793\" title=\"structure de la machine \u00e0 d\u00e9cortiquer les arachides\" srcset=\"https:\/\/taizyfarmequipment.com\/wp-content\/uploads\/2022\/03\/005-tuya_720_540.jpg 720w, https:\/\/taizyfarmequipment.com\/wp-content\/uploads\/2022\/03\/005-tuya_720_540-300x225.jpg 300w\" sizes=\"auto, (max-width: 720px) 100vw, 720px\" \/><figcaption class=\"wp-element-caption\">structure de la machine \u00e0 d\u00e9cortiquer les arachides<\/figcaption><\/figure> <figcaption class=\"blocks-gallery-caption wp-element-caption\"> structure de la d\u00e9cortiqueuse automatique d'arachides<\/figcaption><\/figure>    <h2 class=\"wp-block-heading\">Le processus de travail du d\u00e9cortiqueur d'arachide<\/h2>    <p><\/p>    <p>1. Tout d\u2019abord, mettez les cacahu\u00e8tes dans la tr\u00e9mie d\u2019alimentation de la machine de nettoyage. Et la machine de nettoyage \u00e9liminera la salet\u00e9, les roches, la poussi\u00e8re de feuilles d'arachide et autres impuret\u00e9s.<\/p>    <p>2. Deuxi\u00e8mement, l\u2019arachide entrera dans la d\u00e9cortiqueuse d\u2019arachide, via l\u2019ascenseur.<\/p>    <p>3. Troisi\u00e8mement, le d\u00e9cortiqueur d'arachide d\u00e9cortiquera l'arachide gr\u00e2ce \u00e0 la combinaison d'une bo\u00eete \u00e0 tamis ferm\u00e9e et d'un ventilateur sp\u00e9cial.<\/p>    <p>4. Enfin, apr\u00e8s avoir \u00e9t\u00e9 soigneusement s\u00e9lectionn\u00e9s et d\u00e9cortiqu\u00e9s, les noyaux d'arachide sortent du trou de d\u00e9charge.<\/p>    <figure class=\"wp-block-image size-full\"><img loading=\"lazy\" decoding=\"async\" width=\"720\" height=\"540\" src=\"https:\/\/taizyfarmequipment.com\/wp-content\/uploads\/2022\/03\/4-tuya_720_540.jpg\" alt=\"processus de travail du d\u00e9cortiqueur d&#039;arachide\" class=\"wp-image-2795\" title=\"processus de travail du d\u00e9cortiqueur d&#039;arachide\" srcset=\"https:\/\/taizyfarmequipment.com\/wp-content\/uploads\/2022\/03\/4-tuya_720_540.jpg 720w, https:\/\/taizyfarmequipment.com\/wp-content\/uploads\/2022\/03\/4-tuya_720_540-300x225.jpg 300w\" sizes=\"auto, (max-width: 720px) 100vw, 720px\" \/><figcaption class=\"wp-element-caption\">processus de travail du d\u00e9cortiqueur d'arachide<\/figcaption><\/figure>    <h2 class=\"wp-block-heading\">Diff\u00e9rences entre les quatre d\u00e9cortiqueuses d'arachides combin\u00e9es<\/h2>    <p>1. Diff\u00e9rents mod\u00e8les ont diff\u00e9rents nombres d'\u00e9crans. Le 1500 a deux \u00e9crans, le 3500 a trois \u00e9crans et les 16 000 et 20 000 ont trois ou quatre \u00e9crans. Plus le nombre de tamis est grand, plus le taux de d\u00e9capage est \u00e9lev\u00e9 et plus le taux de concassage est faible.<\/p>    <p>2. Le rendement de la machine combin\u00e9e de d\u00e9corticage et de nettoyage des arachides est diff\u00e9rent. Plus le mod\u00e8le de d\u00e9cortiqueuse de cacahu\u00e8tes est grand, plus le rendement est \u00e9lev\u00e9.<\/p>    <p>3. La structure combin\u00e9e de la machine de d\u00e9corticage et de nettoyage des arachides des diff\u00e9rents mod\u00e8les sera l\u00e9g\u00e8rement diff\u00e9rente.<\/p>    <p>4. La taille du moteur du d\u00e9cortiqueur d'arachides est diff\u00e9rente pour chaque mod\u00e8le.<\/p>    <h2 class=\"wp-block-heading\">Caract\u00e9ristiques de la machine \u00e0 enlever les coquilles d'arachide<\/h2>    <ol style=\"list-style-type:1\" class=\"wp-block-list\"> <li>La machine d\u2019\u00e9pluchage des arachides utilise principalement la m\u00e9thode de pelage par roulement. Ce type de m\u00e9thode permettra \u00e0 l\u2019\u00e9greneuse d\u2019arachides d\u2019obtenir des performances stables et fiables et une longue dur\u00e9e de vie.<\/li>    <li>Cette machine combin\u00e9e d\u2019\u00e9grenage et de nettoyage d\u2019arachides offre \u00e9galement un bon pelage et une productivit\u00e9 \u00e9lev\u00e9e. Les arachides sortant \u00e0 l\u2019exportation sont essentiellement exemptes d\u2019impuret\u00e9s.<\/li>    <li>Faible taux de perte et faible taux de casse. Convient au traitement des arachides de diverses sp\u00e9cifications.<\/li> <\/ol>    <figure class=\"wp-block-image size-full\"><img loading=\"lazy\" decoding=\"async\" width=\"750\" height=\"554\" src=\"https:\/\/taizyfarmequipment.com\/wp-content\/uploads\/2022\/03\/\u6e90\u6587\u4ef6_07-tuya-tuya_750_554.jpg\" alt=\"machine \u00e0 enlever les coquilles d&#039;arachide\" class=\"wp-image-2796\" title=\"machine \u00e0 enlever les coquilles d&#039;arachide\" srcset=\"https:\/\/taizyfarmequipment.com\/wp-content\/uploads\/2022\/03\/\u6e90\u6587\u4ef6_07-tuya-tuya_750_554.jpg 750w, https:\/\/taizyfarmequipment.com\/wp-content\/uploads\/2022\/03\/\u6e90\u6587\u4ef6_07-tuya-tuya_750_554-300x222.jpg 300w\" sizes=\"auto, (max-width: 750px) 100vw, 750px\" \/><figcaption class=\"wp-element-caption\">machine \u00e0 enlever les coquilles d'arachide<\/figcaption><\/figure>","protected":false},"excerpt":{"rendered":"<p>La machine combin\u00e9e de d\u00e9corticage et de nettoyage des arachides peut d\u00e9cortiquer les arachides proprement. En g\u00e9n\u00e9ral, l\u2019unit\u00e9 de d\u00e9corticage des cacahu\u00e8tes fonctionne avec une machine de nettoyage.<\/p>","protected":false},"author":1,"featured_media":3139,"parent":0,"template":"","tags":[196,193,192,197,194,195,191],"product-type":[129],"class_list":["post-2783","product","type-product","status-publish","has-post-thumbnail","hentry","tag-automatic-peanut-shelling-machine","tag-combined-peanut-sheller","tag-combined-peanut-shelling-and-cleaning-machine","tag-features-of-the-peanut-shell-removing-machine","tag-groundnut-sheller-and-cleaner","tag-groundnut-threshing-machine","tag-peanut-sheller","product-type-thresher-and-sheller"],"_links":{"self":[{"href":"https:\/\/taizyfarmequipment.com\/fr\/wp-json\/wp\/v2\/product\/2783","targetHints":{"allow":["GET"]}}],"collection":[{"href":"https:\/\/taizyfarmequipment.com\/fr\/wp-json\/wp\/v2\/product"}],"about":[{"href":"https:\/\/taizyfarmequipment.com\/fr\/wp-json\/wp\/v2\/types\/product"}],"author":[{"embeddable":true,"href":"https:\/\/taizyfarmequipment.com\/fr\/wp-json\/wp\/v2\/users\/1"}],"wp:featuredmedia":[{"embeddable":true,"href":"https:\/\/taizyfarmequipment.com\/fr\/wp-json\/wp\/v2\/media\/3139"}],"wp:attachment":[{"href":"https:\/\/taizyfarmequipment.com\/fr\/wp-json\/wp\/v2\/media?parent=2783"}],"wp:term":[{"taxonomy":"post_tag","embeddable":true,"href":"https:\/\/taizyfarmequipment.com\/fr\/wp-json\/wp\/v2\/tags?post=2783"},{"taxonomy":"product-type","embeddable":true,"href":"https:\/\/taizyfarmequipment.com\/fr\/wp-json\/wp\/v2\/product-type?post=2783"}],"curies":[{"name":"wp","href":"https:\/\/api.w.org\/{rel}","templated":true}]}}