{"id":3033,"date":"2022-03-23T09:01:15","date_gmt":"2022-03-23T09:01:15","guid":{"rendered":"https:\/\/taizyfarmequipment.com\/?post_type=product&#038;p=3033"},"modified":"2025-11-26T15:43:32","modified_gmt":"2025-11-26T07:43:32","slug":"batteuse-pour-le-ble-de-riz","status":"publish","type":"product","link":"https:\/\/taizyfarmequipment.com\/fr\/product\/thresher-machine-for-rice-wheat\/","title":{"rendered":"Machine de battage pour riz, bl\u00e9, ma\u00efs | Batteuse de soja"},"content":{"rendered":"<div class=\"kk-star-ratings kksr-auto kksr-align-left kksr-valign-top\"     data-payload='{&quot;align&quot;:&quot;left&quot;,&quot;id&quot;:&quot;3033&quot;,&quot;slug&quot;:&quot;default&quot;,&quot;valign&quot;:&quot;top&quot;,&quot;ignore&quot;:&quot;&quot;,&quot;reference&quot;:&quot;auto&quot;,&quot;class&quot;:&quot;&quot;,&quot;count&quot;:&quot;22&quot;,&quot;legendonly&quot;:&quot;&quot;,&quot;readonly&quot;:&quot;&quot;,&quot;score&quot;:&quot;4.7&quot;,&quot;starsonly&quot;:&quot;&quot;,&quot;best&quot;:&quot;5&quot;,&quot;gap&quot;:&quot;5&quot;,&quot;greet&quot;:&quot;Rate this product&quot;,&quot;legend&quot;:&quot;4.7\\\/5 - (22 votes)&quot;,&quot;size&quot;:&quot;24&quot;,&quot;title&quot;:&quot;Thresher machine for rice wheat corn | Soybean thresher&quot;,&quot;width&quot;:&quot;133.8&quot;,&quot;_legend&quot;:&quot;{score}\\\/{best} - ({count} {votes})&quot;,&quot;font_factor&quot;:&quot;1.25&quot;}'>              <div class=\"kksr-stars\">      <div class=\"kksr-stars-inactive\">             <div class=\"kksr-star\" data-star=\"1\" style=\"padding-right: 5px\">               <div class=\"kksr-icon\" style=\"width: 24px; height: 24px;\"><\/div>         <\/div>             <div class=\"kksr-star\" data-star=\"2\" style=\"padding-right: 5px\">               <div class=\"kksr-icon\" style=\"width: 24px; height: 24px;\"><\/div>         <\/div>             <div class=\"kksr-star\" data-star=\"3\" style=\"padding-right: 5px\">               <div class=\"kksr-icon\" style=\"width: 24px; height: 24px;\"><\/div>         <\/div>             <div class=\"kksr-star\" data-star=\"4\" style=\"padding-right: 5px\">               <div class=\"kksr-icon\" style=\"width: 24px; height: 24px;\"><\/div>         <\/div>             <div class=\"kksr-star\" data-star=\"5\" style=\"padding-right: 5px\">               <div class=\"kksr-icon\" style=\"width: 24px; height: 24px;\"><\/div>         <\/div>     <\/div>      <div class=\"kksr-stars-active\" style=\"width: 133.8px;\">             <div class=\"kksr-star\" style=\"padding-right: 5px\">               <div class=\"kksr-icon\" style=\"width: 24px; height: 24px;\"><\/div>         <\/div>             <div class=\"kksr-star\" style=\"padding-right: 5px\">               <div class=\"kksr-icon\" style=\"width: 24px; height: 24px;\"><\/div>         <\/div>             <div class=\"kksr-star\" style=\"padding-right: 5px\">               <div class=\"kksr-icon\" style=\"width: 24px; height: 24px;\"><\/div>         <\/div>             <div class=\"kksr-star\" style=\"padding-right: 5px\">               <div class=\"kksr-icon\" style=\"width: 24px; height: 24px;\"><\/div>         <\/div>             <div class=\"kksr-star\" style=\"padding-right: 5px\">               <div class=\"kksr-icon\" style=\"width: 24px; height: 24px;\"><\/div>         <\/div>     <\/div> <\/div>                   <div class=\"kksr-legend\" style=\"font-size: 19.2px;\">             4,7\/5 - (22 votes)    <\/div>     <\/div>  <p class=\"translation-block\">De nos jours, la m\u00e9canisation agricole est d\u00e9velopp\u00e9e et la moissonneuse-batteuse pour riz et bl\u00e9 est largement utilis\u00e9e. Nous transformons donc les cultures avec une vari\u00e9t\u00e9 de machines pour am\u00e9liorer l'efficacit\u00e9 et la qualit\u00e9 des grains finis. Par exemple le bl\u00e9 commun et le ma\u00efs. Nous utiliserions des semoirs pour bl\u00e9, <a href=\"https:\/\/www.agriculture-machine.com\/corn-planter\/\" target=\"_blank\" rel=\"noopener\">semoirs pour ma\u00efs<\/a> pour semer, et lorsque les grains \u00e9taient m\u00fbrs nous utiliserions des moissonneuses pour r\u00e9colter. Et dans la plupart des cas, les agriculteurs battent le bl\u00e9 et le ma\u00efs apr\u00e8s la r\u00e9colte. Par cons\u00e9quent, la batteuse est aussi un aide-foin essentiel pour l'agriculteur. Il existe de nombreux types de batteuses sur le march\u00e9. Je pr\u00e9senterai nos batteuses 5TD-50, 5TD-70, 5TD-90 et 5TD-125 dans cet article. De plus, nous avons une <a href=\"https:\/\/taizyfarmequipment.com\/fr\/produit-2\/gruau-de-mais-faisant-la-machine\/\">machine \u00e0 fabriquer des grits de ma\u00efs<\/a> que vous pouvez utiliser pour transformer les grains de ma\u00efs en particules.<\/p>    <h2 class=\"wp-block-heading\" id=\"h-what-is-the-thresher-machine-for-rice-wheat\">Quelle est la batteuse pour le riz et le bl\u00e9\u00a0?<\/h2>    <p>La batteuse peut s\u00e9parer les fruits et les tiges des grains r\u00e9colt\u00e9s. Et en m\u00eame temps, d\u00e9chargez-les depuis diff\u00e9rents points de vente. Cette batteuse en s\u00e9rie est une machine multifonctionnelle. Il peut non seulement traiter du bl\u00e9, du riz, du soja mais aussi du ma\u00efs. Cette batteuse pour riz et bl\u00e9 convient aux zones rurales, aux plaines, aux zones semi-montagneuses et aux collines. Et en ce qui concerne la puissance, la batteuse de soja peut fonctionner avec un moteur \u00e9lectrique, un moteur diesel et un moteur \u00e0 essence. Ainsi, la batteuse de bl\u00e9 peut r\u00e9pondre aux besoins des diff\u00e9rentes r\u00e9gions en mati\u00e8re de sources d\u2019\u00e9nergie. Nos machines disposent de deux sorties d'impuret\u00e9s. Bigmouth sort de gros divers, petit trou pour \u00e9liminer les impuret\u00e9s l\u00e9g\u00e8res. Les graines de c\u00e9r\u00e9ales trait\u00e9es contiennent donc tr\u00e8s peu d\u2019impuret\u00e9s. Ainsi, les agriculteurs peuvent stocker les c\u00e9r\u00e9ales apr\u00e8s un processus encore une fois simple.<\/p>    <figure class=\"wp-block-gallery has-nested-images columns-default is-cropped wp-block-gallery-2 is-layout-flex wp-block-gallery-is-layout-flex\"> <figure class=\"wp-block-image size-large\"><img loading=\"lazy\" decoding=\"async\" width=\"720\" height=\"540\" data-id=\"3035\" src=\"https:\/\/taizyfarmequipment.com\/wp-content\/uploads\/2022\/03\/stock-of-rice-thresher1.jpg\" alt=\"stock de batteuse \u00e0 riz\" class=\"wp-image-3035\" title=\"stock de batteuse \u00e0 riz\"\/><figcaption class=\"wp-element-caption\">stock de batteuse \u00e0 riz<\/figcaption><\/figure>    <figure class=\"wp-block-image size-large\"><img loading=\"lazy\" decoding=\"async\" width=\"720\" height=\"540\" data-id=\"3036\" src=\"https:\/\/taizyfarmequipment.com\/wp-content\/uploads\/2022\/03\/thresher-machine1.jpg\" alt=\"batteuse pour le bl\u00e9 de riz\" class=\"wp-image-3036\" title=\"batteuse pour le bl\u00e9 de riz\"\/><figcaption class=\"wp-element-caption\">batteuse pour le bl\u00e9 de riz<\/figcaption><\/figure> <figcaption class=\"blocks-gallery-caption wp-element-caption\">batteuse pour le riz<\/figcaption><\/figure>    <h2 class=\"wp-block-heading\">Quel mat\u00e9riau la batteuse de soja peut-elle traiter\u00a0?<\/h2>    <p>Cette batteuse pour riz bl\u00e9 peut traiter plusieurs c\u00e9r\u00e9ales communes, telles que le riz (paddy), le bl\u00e9, le soja, le ma\u00efs, le sorgho, etc. Mais seule la 5TD-50 peut battre le ma\u00efs en m\u00eame temps. Les autres mod\u00e8les ne le peuvent pas. Ce sont des batteuses multifonctionnelles.  <\/p>    <h2 class=\"wp-block-heading\">Quelles sont les principales parties de la batteuse de bl\u00e9 ?<\/h2>    <p>De nombreuses pi\u00e8ces composent la batteuse pour le bl\u00e9 riz. Mais la partie la plus importante est l'entr\u00e9e, la sortie des grosses impuret\u00e9s du dispositif de battage, la sortie, le ventilateur, l'engrenage de transmission, le dispositif d'alimentation (moteur \u00e9lectrique, moteur diesel ou essence), etc.<\/p>    <h2 class=\"wp-block-heading\">Type1\u00a0: batteuse \u00e0 riz 5TD-50<\/h2>    <p>La batteuse 5TD-50 pour la puissance du riz et du bl\u00e9 peut \u00eatre un moteur \u00e9lectrique, diesel ou \u00e0 essence. La plus grande caract\u00e9ristique de cette machine est qu\u2019elle peut battre le ma\u00efs. Et il n\u2019est pas n\u00e9cessaire de remplacer le tamis lors du battage d\u2019autres c\u00e9r\u00e9ales. C'est pratique \u00e0 utiliser.<\/p>    <figure class=\"wp-block-gallery has-nested-images columns-default is-cropped wp-block-gallery-3 is-layout-flex wp-block-gallery-is-layout-flex\"> <figure class=\"wp-block-image size-large\"><img loading=\"lazy\" decoding=\"async\" width=\"720\" height=\"540\" data-id=\"3037\" src=\"https:\/\/taizyfarmequipment.com\/wp-content\/uploads\/2022\/03\/paddy-thresher1.jpg\" alt=\"batteuse de paddy\" class=\"wp-image-3037\" title=\"batteuse de paddy\"\/><figcaption class=\"wp-element-caption\">batteuse de paddy<\/figcaption><\/figure>    <figure class=\"wp-block-image size-large\"><img loading=\"lazy\" decoding=\"async\" width=\"720\" height=\"540\" data-id=\"3038\" src=\"https:\/\/taizyfarmequipment.com\/wp-content\/uploads\/2022\/03\/thresher-for-wheat1.jpg\" alt=\"batteuse pour le bl\u00e9\" class=\"wp-image-3038\" title=\"batteuse pour le bl\u00e9\"\/><figcaption class=\"wp-element-caption\">batteuse pour le bl\u00e9<\/figcaption><\/figure> <figcaption class=\"blocks-gallery-caption wp-element-caption\">batteuse \u00e0 riz<\/figcaption><\/figure>    <h3 class=\"wp-block-heading\">Param\u00e8tre de la batteuse de mil<\/h3>    <figure class=\"wp-block-table\"><table><tbody><tr><td>Mod\u00e8le<\/td><td>5TD-50<\/td><\/tr><tr><td>Pouvoir<\/td><td>Moteur essence 6-8 ch (diesel) ou moteur 2,2-3 kW<\/td><\/tr><tr><td>Vitesse de puissance<\/td><td><strong>2<\/strong>600-2800 tr\/min<\/td><\/tr><tr><td>Vitesse de broche<\/td><td>920-1000r\/min<\/td><\/tr><tr><td>Vitesse du ventilateur<\/td><td>2100 tr\/min<\/td><\/tr><tr><td>Espace de battage (r\u00e9glable)<\/td><td>Espace d'entr\u00e9e\u00a020-40\u00a0mm<\/td><\/tr><tr><td>Espace de sortie<\/td><td>5-10mm<\/td><\/tr><tr><td>Capacit\u00e9<\/td><td>400-600kg\/h<\/td><\/tr><tr><td>Taille<\/td><td>150*136*86 cm<\/td><\/tr><tr><td>Taille du paquet unique<\/td><td>105*95*100cm<\/td><\/tr><\/tbody><\/table><figcaption class=\"wp-element-caption\">param\u00e8tre de la batteuse de mil<\/figcaption><\/figure>    <h2 class=\"wp-block-heading\">Type2\u00a0: batteuse de bl\u00e9 5TD-70<\/h2>    <p>La batteuse 5TD-70 pour le riz et le bl\u00e9 peut battre le soja, le sorgho, le bl\u00e9 et le paddy, qui n'incluent pas le ma\u00efs. Et si vous devez traiter le soja, nous personnaliserons la machine. De plus, nous disposons de diff\u00e9rents cribles pour battre diff\u00e9rents grains. La puissance de ce mod\u00e8le peut \u00eatre le moteur \u00e9lectrique et le moteur diesel.<\/p>    <figure class=\"wp-block-gallery has-nested-images columns-default is-cropped wp-block-gallery-4 is-layout-flex wp-block-gallery-is-layout-flex\"> <figure class=\"wp-block-image size-large\"><img loading=\"lazy\" decoding=\"async\" width=\"720\" height=\"540\" data-id=\"3039\" src=\"https:\/\/taizyfarmequipment.com\/wp-content\/uploads\/2022\/03\/rice-thresher1.jpg\" alt=\"batteuse \u00e0 riz\" class=\"wp-image-3039\" title=\"batteuse \u00e0 riz\"\/><figcaption class=\"wp-element-caption\">batteuse \u00e0 riz<\/figcaption><\/figure>    <figure class=\"wp-block-image size-large\"><img loading=\"lazy\" decoding=\"async\" width=\"720\" height=\"540\" data-id=\"3040\" src=\"https:\/\/taizyfarmequipment.com\/wp-content\/uploads\/2022\/03\/grain-thresher1.jpg\" alt=\"batteuse \u00e0 grains\" class=\"wp-image-3040\" title=\"batteuse \u00e0 grains\"\/><figcaption class=\"wp-element-caption\">batteuse \u00e0 grains<\/figcaption><\/figure> <figcaption class=\"blocks-gallery-caption wp-element-caption\">batteuse de bl\u00e9<\/figcaption><\/figure>    <h3 class=\"wp-block-heading\">Sp\u00e9cification de la batteuse de graines<\/h3>    <figure class=\"wp-block-table\"><table><tbody><tr><td>Mod\u00e8le<\/td><td>5TD-70<\/td><\/tr><tr><td>Pouvoir<\/td><td>Moteur diesel de 12 \u00e0 15\u00a0ch ou moteur de 7,5\u00a0kW, 380\u00a0V<\/td><\/tr><tr><td>Poids<\/td><td>230 kg<\/td><\/tr><tr><td>Vitesse de broche<\/td><td>1200 tr\/min<\/td><\/tr><tr><td>Vitesse du ventilateur<\/td><td>2500 tr\/min<\/td><\/tr><tr><td>Capacit\u00e9<\/td><td>600-1000 kg\/h (riz, bl\u00e9) ; 400-800 kg\/h (soja, sorgho)<\/td><\/tr><tr><td>Taille<\/td><td>1340*2030*1380 millim\u00e8tres<\/td><\/tr><tr><td>Taille du paquet unique<\/td><td>1050*850*1300cm<\/td><\/tr><\/tbody><\/table><figcaption class=\"wp-element-caption\">sp\u00e9cifications de la batteuse de graines<\/figcaption><\/figure>    <h2 class=\"wp-block-heading\">Type3\u00a0: batteuse moderne 5TD-90<\/h2>    <p>La batteuse 5TD-90 pour le riz et le bl\u00e9 peut traiter le m\u00eame mat\u00e9riau que le mod\u00e8le 5TD-70. Si la machine bat du soja, nous n\u2019avons pas besoin de la personnaliser. Changez simplement le tamis, il peut battre diff\u00e9rents grains. De plus, cette batteuse moderne 5TD-90 peut \u00eatre \u00e9quip\u00e9e d'un moteur \u00e9lectrique et d'un moteur diesel.<\/p>    <figure class=\"wp-block-gallery has-nested-images columns-default is-cropped wp-block-gallery-5 is-layout-flex wp-block-gallery-is-layout-flex\"> <figure class=\"wp-block-image size-large\"><img loading=\"lazy\" decoding=\"async\" width=\"720\" height=\"540\" data-id=\"3046\" src=\"https:\/\/taizyfarmequipment.com\/wp-content\/uploads\/2022\/03\/modern-threshing-machine1.jpg\" alt=\"batteuse moderne\" class=\"wp-image-3046\" title=\"batteuse moderne\"\/><figcaption class=\"wp-element-caption\">batteuse moderne<\/figcaption><\/figure>    <figure class=\"wp-block-image size-large\"><img loading=\"lazy\" decoding=\"async\" width=\"720\" height=\"540\" data-id=\"3047\" src=\"https:\/\/taizyfarmequipment.com\/wp-content\/uploads\/2022\/03\/threshing-machine1.jpg\" alt=\"batteuse\" class=\"wp-image-3047\" title=\"batteuse\"\/><figcaption class=\"wp-element-caption\">batteuse<\/figcaption><\/figure> <figcaption class=\"blocks-gallery-caption wp-element-caption\">batteuse commerciale<\/figcaption><\/figure>    <h3 class=\"wp-block-heading\">Informations d\u00e9taill\u00e9es sur la batteuse \u00e0 grains<\/h3>    <figure class=\"wp-block-table\"><table><tbody><tr><td>&nbsp;&nbsp;&nbsp;&nbsp;&nbsp;&nbsp;Mod\u00e8le<\/td><td>&nbsp;&nbsp;&nbsp;&nbsp;&nbsp;&nbsp;&nbsp;5TD-90<\/td><\/tr><tr><td>Vitesse de rotation du rouleau batteur<\/td><td>900-1040 tr\/min<\/td><\/tr><tr><td>Pouvoir<\/td><td>Moteur 7,5 kW ou moteur diesel 12-15 CV<\/td><\/tr><tr><td>Formulaire de compensation<\/td><td>Tamis vibrant, grand ventilateur<\/td><\/tr><tr><td>Fr\u00e9quence des vibrations<\/td><td>340<\/td><\/tr><tr><td>Vitesse de rotation du ventilateur<\/td><td>1040 -1100 tr\/min<\/td><\/tr><tr><td>Diam\u00e8tre\/longueur du tambour<\/td><td>D = 520 mm (ou 500)\u00a0; L=900mm<\/td><\/tr><tr><td>Amplitude du tamis vibrant<\/td><td>30 millim\u00e8tres<\/td><\/tr><tr><td>Capacit\u00e9<\/td><td>800-1200 Kg\/h de riz, bl\u00e9, millet, sorgho, millet africain, millet perl\u00e9 et autres c\u00e9r\u00e9ales\u00a0;&nbsp;<\/td><\/tr><tr><td>Poids<\/td><td>260 Kg (hors poids diesel des pneus de ch\u00e2ssis)<\/td><\/tr><tr><td>Taux de casse\uff08\uff05\uff09<\/td><td>\u22640,5<\/td><\/tr><tr><td>Taux impur (%)<\/td><td>\u22641,0<\/td><\/tr><tr><td>Taille (inclure le pneu et le cadre de traction)<\/td><td>310*170*140cm<\/td><\/tr><\/tbody><\/table><figcaption class=\"wp-element-caption\">Informations d\u00e9taill\u00e9es sur la batteuse de grains<\/figcaption><\/figure>    <h2 class=\"wp-block-heading\">Type4\u00a0: batteuse 5TD-125 pour le sorgho<\/h2>    <p>La batteuse 5TD-125 pour le riz et le bl\u00e9 est la m\u00eame que la 5TD-70 en apparence et en fonction. Mais la batteuse 5TD-125 a un rendement et une taille plus grands. En outre, sa puissance peut \u00eatre celle d'un moteur \u00e9lectrique ou d'un moteur diesel.<\/p>    <figure class=\"wp-block-gallery has-nested-images columns-default is-cropped wp-block-gallery-6 is-layout-flex wp-block-gallery-is-layout-flex\"> <figure class=\"wp-block-image size-large\"><img loading=\"lazy\" decoding=\"async\" width=\"720\" height=\"540\" data-id=\"3052\" src=\"https:\/\/taizyfarmequipment.com\/wp-content\/uploads\/2022\/03\/paddy-thresher1-1.jpg\" alt=\"batteuse de paddy\" class=\"wp-image-3052\" title=\"batteuse de paddy\"\/><figcaption class=\"wp-element-caption\">batteuse de paddy<\/figcaption><\/figure>    <figure class=\"wp-block-image size-large\"><img loading=\"lazy\" decoding=\"async\" width=\"720\" height=\"540\" data-id=\"3053\" src=\"https:\/\/taizyfarmequipment.com\/wp-content\/uploads\/2022\/03\/sorghum-thresher1.jpg\" alt=\"batteuse de sorgho\" class=\"wp-image-3053\" title=\"batteuse de sorgho\"\/><figcaption class=\"wp-element-caption\">batteuse de sorgho<\/figcaption><\/figure> <figcaption class=\"blocks-gallery-caption wp-element-caption\">batteuse pour sorgho<\/figcaption><\/figure>    <h3 class=\"wp-block-heading\">Quelle est la sp\u00e9cification technique de la batteuse de paddy\u00a0?<\/h3>    <figure class=\"wp-block-table\"><table><tbody><tr><td>Mod\u00e8le<\/td><td>5TD-125<\/td><\/tr><tr><td>Pouvoir<\/td><td>Moteur 11-13kw ou moteur diesel 22HP<\/td><\/tr><tr><td>Poids<\/td><td>420 kg (hors poids diesel des pneus de ch\u00e2ssis)<\/td><\/tr><tr><td>Vitesse de broche<\/td><td>1050 tr\/min<\/td><\/tr><tr><td>Taille<\/td><td>2500*1770*1550 millim\u00e8tres<\/td><\/tr><tr><td>Taille du paquet unique<\/td><td>1600*1200*1500cm<\/td><\/tr><tr><td>Vitesse du ventilateur<\/td><td>2500 tr\/min<\/td><\/tr><tr><td>Capacit\u00e9<\/td><td>1000-1500kg\/h(riz,bl\u00e9), 600-800kg\/h(soja)<\/td><\/tr><\/tbody><\/table><figcaption class=\"wp-element-caption\">Sp\u00e9cifications techniques de la batteuse de paddy<\/figcaption><\/figure>    <h2 class=\"wp-block-heading\">Flux de travail de la batteuse pour le soja<\/h2>    <ol style=\"list-style-type:1\" class=\"wp-block-list\"> <li>Tout d\u2019abord, mettez le grain avec la tige dans l\u2019entr\u00e9e.<\/li>    <li>Deuxi\u00e8mement, le batteur frottera le grain.<\/li>    <li>Ensuite, le ventilateur s\u00e9parera les impuret\u00e9s du grain.<\/li>    <li>Enfin, les impuret\u00e9s et les grains sont \u00e9vacu\u00e9s depuis diff\u00e9rents points de vente.<\/li> <\/ol>    <h2 class=\"wp-block-heading\">Caract\u00e9ristiques de la batteuse de bl\u00e9 riz<\/h2>    <ol style=\"list-style-type:1\" class=\"wp-block-list\"> <li>Op\u00e9ration facile. Dans tout le processus d'utilisation de la batteuse pour le riz et le bl\u00e9, il suffit de d\u00e9marrer la machine et d'y mettre le grain. Et le produit final sera du grain propre.<\/li>    <li>Les avantages d\u2019une s\u00e9paration propre sont de faibles pertes et un taux d\u2019\u00e9limination \u00e9lev\u00e9.<\/li>    <li>Large plage d'utilisation. La batteuse pour le riz et le bl\u00e9 peut battre le riz (paddy), le bl\u00e9, le soja, le ma\u00efs, le sorgho, le millet, etc. En particulier pour le battage du ma\u00efs. Notre nouvelle batteuse ajoute des capacit\u00e9s de battage de ma\u00efs qui n'\u00e9taient pas disponibles sur les machines pr\u00e9c\u00e9dentes. Et aucun remplacement de tamis n\u2019est n\u00e9cessaire, quel que soit le type de grains trait\u00e9s.<\/li>    <li>Haute qualit\u00e9 et longue dur\u00e9e de vie.<\/li> <\/ol>    <h2 class=\"wp-block-heading\">Exp\u00e9dition de batteuse agricole<\/h2>    <p>Apr\u00e8s des ann\u00e9es de d\u00e9veloppement, nous avons export\u00e9 des batteuses de riz et de bl\u00e9 vers de nombreux pays \u00e9trangers. Parmi eux, les pays avec le plus de transactions sont le P\u00e9rou, le Nigeria, les \u00c9tats-Unis, la Sierra Leone, Oman, le Ghana, la Gambie, etc. Nos batteuses pour le riz et le bl\u00e9 sont de bonne qualit\u00e9 et ont une efficacit\u00e9 de travail \u00e9lev\u00e9e et sont bien accueillies par les clients. Vous trouverez ci-dessous nos photos de livraison de colis.<\/p>    <figure class=\"wp-block-gallery has-nested-images columns-default is-cropped wp-block-gallery-7 is-layout-flex wp-block-gallery-is-layout-flex\"> <figure class=\"wp-block-image size-large\"><img loading=\"lazy\" decoding=\"async\" width=\"720\" height=\"540\" data-id=\"3054\" src=\"https:\/\/taizyfarmequipment.com\/wp-content\/uploads\/2022\/03\/packing-of-rapeseed-thresehr-1.jpg\" alt=\"emballage de batteuse de colza\" class=\"wp-image-3054\" title=\"emballage de batteuse de colza\"\/><figcaption class=\"wp-element-caption\">emballage de batteuse de colza<\/figcaption><\/figure>    <figure class=\"wp-block-image size-large\"><img loading=\"lazy\" decoding=\"async\" width=\"720\" height=\"540\" data-id=\"3057\" src=\"https:\/\/taizyfarmequipment.com\/wp-content\/uploads\/2022\/03\/shipping-of-the-rice-thresher1.jpg\" alt=\"exp\u00e9dition de la batteuse \u00e0 riz\" class=\"wp-image-3057\" title=\"exp\u00e9dition de la batteuse \u00e0 riz\"\/><figcaption class=\"wp-element-caption\">exp\u00e9dition de la batteuse \u00e0 riz<\/figcaption><\/figure> <figcaption class=\"blocks-gallery-caption wp-element-caption\">Exp\u00e9dition de batteuse agricole<\/figcaption><\/figure>","protected":false},"excerpt":{"rendered":"<p>La batteuse pour le riz et le bl\u00e9 peut traiter divers grains. Il peut non seulement traiter du bl\u00e9, du riz, du soja mais aussi du ma\u00efs.<\/p>","protected":false},"author":1,"featured_media":3034,"parent":0,"template":"","tags":[],"product-type":[129],"class_list":["post-3033","product","type-product","status-publish","has-post-thumbnail","hentry","product-type-thresher-and-sheller"],"_links":{"self":[{"href":"https:\/\/taizyfarmequipment.com\/fr\/wp-json\/wp\/v2\/product\/3033","targetHints":{"allow":["GET"]}}],"collection":[{"href":"https:\/\/taizyfarmequipment.com\/fr\/wp-json\/wp\/v2\/product"}],"about":[{"href":"https:\/\/taizyfarmequipment.com\/fr\/wp-json\/wp\/v2\/types\/product"}],"author":[{"embeddable":true,"href":"https:\/\/taizyfarmequipment.com\/fr\/wp-json\/wp\/v2\/users\/1"}],"wp:featuredmedia":[{"embeddable":true,"href":"https:\/\/taizyfarmequipment.com\/fr\/wp-json\/wp\/v2\/media\/3034"}],"wp:attachment":[{"href":"https:\/\/taizyfarmequipment.com\/fr\/wp-json\/wp\/v2\/media?parent=3033"}],"wp:term":[{"taxonomy":"post_tag","embeddable":true,"href":"https:\/\/taizyfarmequipment.com\/fr\/wp-json\/wp\/v2\/tags?post=3033"},{"taxonomy":"product-type","embeddable":true,"href":"https:\/\/taizyfarmequipment.com\/fr\/wp-json\/wp\/v2\/product-type?post=3033"}],"curies":[{"name":"wp","href":"https:\/\/api.w.org\/{rel}","templated":true}]}}