{"id":3080,"date":"2022-03-28T10:08:07","date_gmt":"2022-03-28T10:08:07","guid":{"rendered":"https:\/\/taizyfarmequipment.com\/?post_type=product&#038;p=3080"},"modified":"2025-04-30T17:43:32","modified_gmt":"2025-04-30T09:43:32","slug":"planteuse-de-mais-a-4-rangs","status":"publish","type":"product","link":"https:\/\/taizyfarmequipment.com\/fr\/product\/4-row-corn-planter\/","title":{"rendered":"Planteur de ma\u00efs | Semoir de ma\u00efs avec engrais"},"content":{"rendered":"<div class=\"kk-star-ratings kksr-auto kksr-align-left kksr-valign-top\"     data-payload='{&quot;align&quot;:&quot;left&quot;,&quot;id&quot;:&quot;3080&quot;,&quot;slug&quot;:&quot;default&quot;,&quot;valign&quot;:&quot;top&quot;,&quot;ignore&quot;:&quot;&quot;,&quot;reference&quot;:&quot;auto&quot;,&quot;class&quot;:&quot;&quot;,&quot;count&quot;:&quot;20&quot;,&quot;legendonly&quot;:&quot;&quot;,&quot;readonly&quot;:&quot;&quot;,&quot;score&quot;:&quot;4.8&quot;,&quot;starsonly&quot;:&quot;&quot;,&quot;best&quot;:&quot;5&quot;,&quot;gap&quot;:&quot;5&quot;,&quot;greet&quot;:&quot;Rate this product&quot;,&quot;legend&quot;:&quot;4.8\\\/5 - (20 votes)&quot;,&quot;size&quot;:&quot;24&quot;,&quot;title&quot;:&quot;Corn planter | Corn seeder with fertilizer&quot;,&quot;width&quot;:&quot;136.7&quot;,&quot;_legend&quot;:&quot;{score}\\\/{best} - ({count} {votes})&quot;,&quot;font_factor&quot;:&quot;1.25&quot;}'>              <div class=\"kksr-stars\">      <div class=\"kksr-stars-inactive\">             <div class=\"kksr-star\" data-star=\"1\" style=\"padding-right: 5px\">               <div class=\"kksr-icon\" style=\"width: 24px; height: 24px;\"><\/div>         <\/div>             <div class=\"kksr-star\" data-star=\"2\" style=\"padding-right: 5px\">               <div class=\"kksr-icon\" style=\"width: 24px; height: 24px;\"><\/div>         <\/div>             <div class=\"kksr-star\" data-star=\"3\" style=\"padding-right: 5px\">               <div class=\"kksr-icon\" style=\"width: 24px; height: 24px;\"><\/div>         <\/div>             <div class=\"kksr-star\" data-star=\"4\" style=\"padding-right: 5px\">               <div class=\"kksr-icon\" style=\"width: 24px; height: 24px;\"><\/div>         <\/div>             <div class=\"kksr-star\" data-star=\"5\" style=\"padding-right: 5px\">               <div class=\"kksr-icon\" style=\"width: 24px; height: 24px;\"><\/div>         <\/div>     <\/div>      <div class=\"kksr-stars-active\" style=\"width: 136.7px;\">             <div class=\"kksr-star\" style=\"padding-right: 5px\">               <div class=\"kksr-icon\" style=\"width: 24px; height: 24px;\"><\/div>         <\/div>             <div class=\"kksr-star\" style=\"padding-right: 5px\">               <div class=\"kksr-icon\" style=\"width: 24px; height: 24px;\"><\/div>         <\/div>             <div class=\"kksr-star\" style=\"padding-right: 5px\">               <div class=\"kksr-icon\" style=\"width: 24px; height: 24px;\"><\/div>         <\/div>             <div class=\"kksr-star\" style=\"padding-right: 5px\">               <div class=\"kksr-icon\" style=\"width: 24px; height: 24px;\"><\/div>         <\/div>             <div class=\"kksr-star\" style=\"padding-right: 5px\">               <div class=\"kksr-icon\" style=\"width: 24px; height: 24px;\"><\/div>         <\/div>     <\/div> <\/div>                   <div class=\"kksr-legend\" style=\"font-size: 19.2px;\">             4,8\/5 - (20 votes)    <\/div>     <\/div>  <p class=\"translation-block\">Cette s\u00e9rie polyvalente de <strong>planteuses de ma\u00efs<\/strong> de Taizy est sp\u00e9cialement con\u00e7ue pour r\u00e9pondre \u00e0 divers besoins de plantation, offrant plusieurs mod\u00e8les incluant des configurations 2 rangs, 3 rangs, 4 rangs, 5 rangs et 6 rangs\u2014id\u00e9ales pour les exploitations petites, moyennes et grandes. Ces machines peuvent effectuer simultan\u00e9ment le rainurage, la fertilisation, le semis, le recouvrement et le compactage, augmentant ainsi consid\u00e9rablement l'efficacit\u00e9 de la plantation et r\u00e9duisant les co\u00fbts de main-d'\u0153uvre. <\/p>    <p>Avec une profondeur de semis, un espacement des rangs et un espacement des plantes r\u00e9glables, le semoir \u00e0 ma\u00efs est adapt\u00e9 \u00e0 diverses cultures telles que le ma\u00efs, le sorgho et les haricots. Compatible avec des tracteurs de 25 \u00e0 100 chevaux, le semoir est un excellent choix pour atteindre une agriculture m\u00e9canis\u00e9e efficace.<\/p>    <figure class=\"wp-block-embed is-type-video is-provider-youtube wp-block-embed-youtube wp-embed-aspect-16-9 wp-has-aspect-ratio\"><div class=\"wp-block-embed__wrapper\"> <iframe loading=\"lazy\" title=\"Machine de plantation de ma\u00efs en action : Am\u00e9lioration de l&#039;efficacit\u00e9 de la plantation #ma\u00efs #agriculture\" width=\"500\" height=\"281\" src=\"https:\/\/www.youtube.com\/embed\/hHmbmFWSR3w?feature=oembed\" frameborder=\"0\" allow=\"accelerometer; autoplay; clipboard-write; encrypted-media; gyroscope; picture-in-picture; web-share\" referrerpolicy=\"strict-origin-when-cross-origin\" allowfullscreen><\/iframe> <\/div><figcaption class=\"wp-element-caption\">Vid\u00e9o de fonctionnement du semoir \u00e0 ma\u00efs<\/figcaption><\/figure>    <h2 class=\"wp-block-heading\">Diff\u00e9rents types de machines \u00e0 semer le ma\u00efs<\/h2>    <p>Il existe une grande vari\u00e9t\u00e9 de machines \u00e0 planter le ma\u00efs sur le march\u00e9 aujourd'hui. Comme les planteurs de ma\u00efs portables et les planteurs de ma\u00efs tract\u00e9s par des tracteurs. Parmi eux, les planteurs de ma\u00efs tract\u00e9s par des tracteurs sont adapt\u00e9s \u00e0 la culture de ma\u00efs \u00e0 grande \u00e9chelle. Car les agriculteurs ayant de grandes surfaces de ma\u00efs choisiront des machines \u00e0 planter le ma\u00efs tract\u00e9es par des tracteurs.<\/p>    <p>Ce mod\u00e8le de planteuse de ma\u00efs peut semer plusieurs rang\u00e9es en m\u00eame temps, avec une efficacit\u00e9 de travail \u00e9lev\u00e9e. En plus de la fonction de semis, la machine peut \u00e9galement fertiliser pendant le semis, \u00e9conomisant ainsi l\u2019\u00e9nergie n\u00e9cessaire \u00e0 la fertilisation.<\/p>    <figure class=\"wp-block-image size-full\"><img loading=\"lazy\" decoding=\"async\" width=\"720\" height=\"540\" src=\"https:\/\/taizyfarmequipment.com\/wp-content\/uploads\/2022\/03\/corn-planting-machine.webp\" alt=\"planteuse de ma\u00efs\" class=\"wp-image-4535\" srcset=\"https:\/\/taizyfarmequipment.com\/wp-content\/uploads\/2022\/03\/corn-planting-machine.webp 720w, https:\/\/taizyfarmequipment.com\/wp-content\/uploads\/2022\/03\/corn-planting-machine-300x225.webp 300w, https:\/\/taizyfarmequipment.com\/wp-content\/uploads\/2022\/03\/corn-planting-machine-16x12.webp 16w\" sizes=\"auto, (max-width: 720px) 100vw, 720px\" \/><figcaption class=\"wp-element-caption\">planteuse de ma\u00efs<\/figcaption><\/figure>    <h2 class=\"wp-block-heading\" id=\"h-brief-introduction-of-our-4-row-corn-planter\">Planteuse de ma\u00efs \u00e0 vendre<\/h2>    <p class=\"translation-block\">Les semoirs de ma\u00efs produits par notre Taizy incluent des <a href=\"https:\/\/taizyfarmequipment.com\/fr\/produit-2\/planteur-de-mais-a-main\/\" data-type=\"link\" data-id=\"https:\/\/taizyfarmequipment.com\/product\/hand-held-corn-planter\/\">planteuses de ma\u00efs manuelles<\/a> et des planteuses de ma\u00efs mont\u00e9es sur tracteur.<\/p>    <p>Notre semoir de ma\u00efs\u00a0pour tracteur\u00a0a 2,3,4,5,6,8 num\u00e9ros de rangs diff\u00e9rents. Et leurs mod\u00e8les sont 2BYSF-2, 2BYSF-3, 2BYSF-4, 2BYSF-5, 2BYSF-6, 2BYSF-8.\u00a0Plus il y a de lignes, plus l'efficacit\u00e9 de travail de la machine est \u00e9lev\u00e9e et les clients peuvent choisir le nombre de lignes en fonction de leurs besoins.<\/p>    <figure class=\"wp-block-gallery has-nested-images columns-default is-cropped wp-block-gallery-2 is-layout-flex wp-block-gallery-is-layout-flex\"> <figure class=\"wp-block-image size-large\"><img loading=\"lazy\" decoding=\"async\" width=\"720\" height=\"540\" data-id=\"4533\" src=\"https:\/\/taizyfarmequipment.com\/wp-content\/uploads\/2022\/03\/corn-planter-machine.webp\" alt=\"planteuse de ma\u00efs\" class=\"wp-image-4533\" srcset=\"https:\/\/taizyfarmequipment.com\/wp-content\/uploads\/2022\/03\/corn-planter-machine.webp 720w, https:\/\/taizyfarmequipment.com\/wp-content\/uploads\/2022\/03\/corn-planter-machine-300x225.webp 300w, https:\/\/taizyfarmequipment.com\/wp-content\/uploads\/2022\/03\/corn-planter-machine-16x12.webp 16w\" sizes=\"auto, (max-width: 720px) 100vw, 720px\" \/><figcaption class=\"wp-element-caption\">planteuse de ma\u00efs<\/figcaption><\/figure>    <figure class=\"wp-block-image size-large\"><img loading=\"lazy\" decoding=\"async\" width=\"720\" height=\"540\" data-id=\"4534\" src=\"https:\/\/taizyfarmequipment.com\/wp-content\/uploads\/2022\/03\/Corn-seeder-machine.webp\" alt=\"Semoir \u00e0 ma\u00efs\" class=\"wp-image-4534\" srcset=\"https:\/\/taizyfarmequipment.com\/wp-content\/uploads\/2022\/03\/Corn-seeder-machine.webp 720w, https:\/\/taizyfarmequipment.com\/wp-content\/uploads\/2022\/03\/Corn-seeder-machine-300x225.webp 300w, https:\/\/taizyfarmequipment.com\/wp-content\/uploads\/2022\/03\/Corn-seeder-machine-16x12.webp 16w\" sizes=\"auto, (max-width: 720px) 100vw, 720px\" \/><figcaption class=\"wp-element-caption\">Semoir \u00e0 ma\u00efs<\/figcaption><\/figure> <\/figure>    <p>Ce type de semoir \u00e0 ma\u00efs est livr\u00e9 avec un bac \u00e0 engrais. L'engrais est appliqu\u00e9 en m\u00eame temps que le semis. Quant \u00e0 la transmission de puissance, le semoir \u00e0 ma\u00efs entra\u00een\u00e9 par tracteur est entra\u00een\u00e9 par prise de force. La machine est de haute qualit\u00e9 et a une longue dur\u00e9e de vie. Les clients n'ont pas \u00e0 s'inqui\u00e9ter de la qualit\u00e9 de la machine.<\/p>    <p class=\"translation-block\">De plus, nous proposons \u00e9galement un <a href=\"https:\/\/taizyfarmequipment.com\/fr\/produit-2\/semoir-de-graines-de-ble\/\">semoir pour bl\u00e9<\/a>, qui peut aussi semer plusieurs rangs de bl\u00e9 \u00e0 la fois.<\/p>    <figure class=\"wp-block-image size-full\"><img loading=\"lazy\" decoding=\"async\" width=\"720\" height=\"540\" src=\"https:\/\/taizyfarmequipment.com\/wp-content\/uploads\/2022\/03\/wheat-planter-with-tractor.jpg\" alt=\"semoir \u00e0 bl\u00e9 avec tracteur\" class=\"wp-image-3070\"\/><figcaption class=\"wp-element-caption\">semoir \u00e0 bl\u00e9 avec tracteur<\/figcaption><\/figure>    <h2 class=\"wp-block-heading\">Structure de la machine \u00e0 semer le ma\u00efs<\/h2>    <div class=\"wp-block-media-text is-stacked-on-mobile\"><figure class=\"wp-block-media-text__media\"><img loading=\"lazy\" decoding=\"async\" width=\"720\" height=\"540\" src=\"https:\/\/taizyfarmequipment.com\/wp-content\/uploads\/2022\/03\/4-row-corn-planters-structure2.jpg\" alt=\"Structure du semoir \u00e0 ma\u00efs 4 rangs\" class=\"wp-image-3093 size-full\"\/><\/figure><div class=\"wp-block-media-text__content\"> <ul class=\"wp-block-list\"> <li>Bo\u00eete \u00e0 engrais. Contient et distribue des engrais pendant la plantation pour am\u00e9liorer la nutrition des cultures.<\/li>    <li>Bo\u00eete \u00e0 semences de ma\u00efs. Stocke les semences de ma\u00efs pour un semis continu et efficace.<\/li>    <li>R\u00e9gulateur d'espacement des rangs. Ajuste la distance entre les rangs pour s'adapter aux diff\u00e9rentes exigences d'espacement des cultures.<\/li>    <li>R\u00e9gulateur de distance des semences de ma\u00efs. Contr\u00f4le l'espacement entre les semences dans chaque rang pour une croissance optimale des plantes.<\/li>    <li>Ouvre-tranch\u00e9e. Cr\u00e9e des sillons uniformes dans le sol pour un placement pr\u00e9cis des semences.<\/li>    <li>M\u00e9canisme de couverture et de pressage du sol. Couvre les semences avec du sol et les presse pour assurer un bon contact avec le sol.<\/li>    <li>Dispositif de r\u00e9duction des vibrations. Minimise les vibrations op\u00e9rationnelles, am\u00e9liorant la pr\u00e9cision de la plantation et la long\u00e9vit\u00e9 de la machine.<\/li> <\/ul> <\/div><\/div>    <h2 class=\"wp-block-heading\">Quel est le param\u00e8tre du planteur de ma\u00efs sucr\u00e9 ?<\/h2>    <figure class=\"wp-block-table\"><table><tbody><tr><td>Mod\u00e8le<\/td><td>2BYSF-2<\/td><td>2BYSF-3<\/td><td>2BYSF-4<\/td><td>2BYSF-5<\/td><td>2BYSF-6<\/td><td>2BYSF-8<\/td><\/tr><tr><td>Dimensions globales (mm)<\/td><td>1570*1300*1200<\/td><td>1570*1700*1200<\/td><td>1620*2350*1200<\/td><td>1620*2750*1200<\/td><td>1620*3350*1200<\/td><td>1640*4600*1200<\/td><\/tr><tr><td>Lignes<\/td><td>2<\/td><td>3<\/td><td>4<\/td><td>5<\/td><td>6<\/td><td>8<\/td><\/tr><tr><td>Espacement des rang\u00e9es (mm)<\/td><td>428-630<\/td><td>428-600<\/td><td>428-570<\/td><td>428-510<\/td><td>428-510<\/td><td>428-510<\/td><\/tr><tr><td>Profondeur de foss\u00e9 (mm)<\/td><td>60-80<\/td><td>60-80<\/td><td>60-80<\/td><td>60-80<\/td><td>60-80<\/td><td>60-80<\/td><\/tr><tr><td>Profondeur de semis (mm)<\/td><td>30-50<\/td><td>30-50<\/td><td>30-50<\/td><td>30-50<\/td><td>30-50<\/td><td>30-50<\/td><\/tr><tr><td>Capacit\u00e9 du r\u00e9servoir d'engrais (L)<\/td><td>42<\/td><td>68<\/td><td>86<\/td><td>86<\/td><td>86<\/td><td>86<\/td><\/tr><tr><td>Capacit\u00e9 de la tr\u00e9mie (L)<\/td><td>8.5<\/td><td>8.5<\/td><td>8.5<\/td><td>8.5<\/td><td>8.5<\/td><td>8.5<\/td><\/tr><tr><td>Poids (kg)<\/td><td>140<\/td><td>190<\/td><td>270<\/td><td>300<\/td><td>350<\/td><td>490<\/td><\/tr><tr><td>Lien<\/td><td>\u00c0 trois pointes<\/td><td>\u00c0 trois pointes<\/td><td>\u00c0 trois pointes<\/td><td>\u00c0 trois pointes<\/td><td>\u00c0 trois pointes<\/td><td>\u00c0 trois pointes<\/td><\/tr><tr><td>Puissance adapt\u00e9e (ch)<\/td><td>12-18<\/td><td>15-25<\/td><td>25-40<\/td><td>40-60<\/td><td>50-80<\/td><td>75-100<\/td><\/tr><\/tbody><\/table><figcaption class=\"wp-element-caption\">Param\u00e8tres de la machine \u00e0 planter le ma\u00efs<\/figcaption><\/figure>    <figure class=\"wp-block-image size-full\"><img loading=\"lazy\" decoding=\"async\" width=\"720\" height=\"540\" src=\"https:\/\/taizyfarmequipment.com\/wp-content\/uploads\/2022\/03\/corn-seeding-machine.webp\" alt=\"semoir de ma\u00efs\" class=\"wp-image-4536\" srcset=\"https:\/\/taizyfarmequipment.com\/wp-content\/uploads\/2022\/03\/corn-seeding-machine.webp 720w, https:\/\/taizyfarmequipment.com\/wp-content\/uploads\/2022\/03\/corn-seeding-machine-300x225.webp 300w, https:\/\/taizyfarmequipment.com\/wp-content\/uploads\/2022\/03\/corn-seeding-machine-16x12.webp 16w\" sizes=\"auto, (max-width: 720px) 100vw, 720px\" \/><figcaption class=\"wp-element-caption\">semoir de ma\u00efs<\/figcaption><\/figure>    <h2 class=\"wp-block-heading\">Comment fonctionne la machine \u00e0 planter le ma\u00efs ?<\/h2>    <p>Pendant l'op\u00e9ration de semis, la puissance principale du semoir provient de la prise de force arri\u00e8re du tracteur. Sous la traction du tracteur, l'ouvreur ouvre une tranch\u00e9e de sol pour l'ensemencement et la fertilisation \u00e0 une profondeur pr\u00e9d\u00e9finie. <\/p>    <p>En raison de l'action de friction, la roue au sol roule en continu et entra\u00eene le doseur de semences et le compteur d'engrais, d\u00e9versant les graines et les engrais dans le foss\u00e9 via diff\u00e9rents pipelines. Il utilise ensuite le dispositif de couverture du sol et le dispositif de suppression pour obtenir un recouvrement et un compactage du sol.<\/p>    <figure class=\"wp-block-gallery has-nested-images columns-default is-cropped wp-block-gallery-3 is-layout-flex wp-block-gallery-is-layout-flex\"> <figure class=\"wp-block-image size-large\"><img loading=\"lazy\" decoding=\"async\" width=\"720\" height=\"540\" data-id=\"3083\" src=\"https:\/\/taizyfarmequipment.com\/wp-content\/uploads\/2022\/03\/corn-planter-1.jpg\" alt=\"Planteuse de ma\u00efs sucr\u00e9 \u00e0 4 rangs\" class=\"wp-image-3083\" title=\"Planteuse de ma\u00efs sucr\u00e9 \u00e0 4 rangs\"\/><figcaption class=\"wp-element-caption\">Planteuse de ma\u00efs sucr\u00e9 \u00e0 4 rangs<\/figcaption><\/figure>    <figure class=\"wp-block-image size-large\"><img loading=\"lazy\" decoding=\"async\" width=\"720\" height=\"540\" data-id=\"3084\" src=\"https:\/\/taizyfarmequipment.com\/wp-content\/uploads\/2022\/03\/sweet-corn-planter2.jpg\" alt=\"Planteuse de ma\u00efs \u00e0 8 rangs\" class=\"wp-image-3084\" title=\"Planteuse de ma\u00efs \u00e0 8 rangs\"\/><figcaption class=\"wp-element-caption\">Planteuse de ma\u00efs \u00e0 8 rangs<\/figcaption><\/figure> <\/figure>    <h2 class=\"wp-block-heading\">Avantages de la machine \u00e0 planter le ma\u00efs<\/h2>    <div class=\"wp-block-media-text is-stacked-on-mobile\"><figure class=\"wp-block-media-text__media\"><img loading=\"lazy\" decoding=\"async\" width=\"720\" height=\"540\" src=\"https:\/\/taizyfarmequipment.com\/wp-content\/uploads\/2022\/03\/manufacturer-of-2-row-corn-planter1.jpg\" alt=\"fabricant de semoir \u00e0 ma\u00efs 2 rangs\" class=\"wp-image-3089 size-full\"\/><\/figure><div class=\"wp-block-media-text__content\"> <ul class=\"wp-block-list\"> <li>\u00c9conomise du temps et de la main-d'\u0153uvre en effectuant le creusage, le semis et la fertilisation en une seule op\u00e9ration.<\/li>    <li>Supporte plusieurs cultures, y compris le ma\u00efs, les haricots et le sorgho.<\/li>    <li>Espacement des rangs, espacement des plantes et profondeur de semis r\u00e9glables pour s'adapter \u00e0 diff\u00e9rentes conditions de terrain.<\/li>    <li>Assure une distribution uniforme des semences et une profondeur de semis constante pour de meilleurs taux d'\u00e9mergence.<\/li>    <li>S\u00e8me plusieurs rang\u00e9es \u00e0 la fois (disponible en mod\u00e8les de 2, 3, 4, 5, 6 et 8 rang\u00e9es) pour une efficacit\u00e9 \u00e9lev\u00e9e.<\/li> <\/ul> <\/div><\/div>    <div class=\"wp-block-media-text has-media-on-the-right is-stacked-on-mobile\"><div class=\"wp-block-media-text__content\"> <ul class=\"wp-block-list\"> <li>Convient \u00e0 la fois aux terrains plats et aux champs pr\u00e9-labour\u00e9s.<\/li>    <li>Structure compacte et flexible permettant des virages faciles et r\u00e9duisant la consommation de carburant.<\/li>    <li>N\u00e9cessite moins de puissance, ce qui le rend compatible avec une plus large gamme de tracteurs.<\/li>    <li>\u00c9quip\u00e9 de bacs \u00e0 semences et \u00e0 engrais s\u00e9par\u00e9s pour \u00e9viter d'endommager les semences avec les engrais.<\/li>    <li>Un semis pr\u00e9cis r\u00e9duit le gaspillage de semences et am\u00e9liore la qualit\u00e9 des semis.<\/li> <\/ul> <\/div><figure class=\"wp-block-media-text__media\"><img loading=\"lazy\" decoding=\"async\" width=\"720\" height=\"540\" src=\"https:\/\/taizyfarmequipment.com\/wp-content\/uploads\/2022\/03\/factory-of-corn-seeder1.jpg\" alt=\"usine de semoir de ma\u00efs\" class=\"wp-image-3090 size-full\"\/><\/figure><\/div>    <h2 class=\"wp-block-heading\">Mat\u00e9riel de semoir \u00e0 ma\u00efs exp\u00e9di\u00e9 \u00e0 l'\u00e9tranger<\/h2>    <p>Notre \u00e9quipement de plantation de ma\u00efs est souvent vendu au Ghana, au Zimbabwe, au Nigeria, au Congo, au Mexique, au Salvador, au Burkina Faso et dans d'autres pays. Voici les photos de l'emballage et du transport pour l'exp\u00e9dition vers des pays \u00e9trangers.<\/p>    <figure class=\"wp-block-gallery has-nested-images columns-2 is-cropped wp-block-gallery-4 is-layout-flex wp-block-gallery-is-layout-flex\"> <figure class=\"wp-block-image size-large\"><img loading=\"lazy\" decoding=\"async\" width=\"720\" height=\"540\" data-id=\"3085\" src=\"https:\/\/taizyfarmequipment.com\/wp-content\/uploads\/2022\/03\/wrap-film-4.jpg\" alt=\"Machine \u00e0 planter le ma\u00efs export\u00e9e\" class=\"wp-image-3085\"\/><figcaption class=\"wp-element-caption\">Machine \u00e0 planter le ma\u00efs export\u00e9e<\/figcaption><\/figure>    <figure class=\"wp-block-image size-large\"><img loading=\"lazy\" decoding=\"async\" width=\"720\" height=\"540\" data-id=\"3086\" src=\"https:\/\/taizyfarmequipment.com\/wp-content\/uploads\/2022\/03\/loading-2.jpg\" alt=\"chargement de planteur de ma\u00efs\" class=\"wp-image-3086\"\/><figcaption class=\"wp-element-caption\">chargement de planteur de ma\u00efs<\/figcaption><\/figure>    <figure class=\"wp-block-image size-large\"><img loading=\"lazy\" decoding=\"async\" width=\"720\" height=\"540\" data-id=\"3087\" src=\"https:\/\/taizyfarmequipment.com\/wp-content\/uploads\/2022\/03\/in-container1-.jpg\" alt=\"machine de plantation de ma\u00efs dans un conteneur\" class=\"wp-image-3087\"\/><figcaption class=\"wp-element-caption\">machine de plantation de ma\u00efs dans un conteneur<\/figcaption><\/figure>    <figure class=\"wp-block-image size-large\"><img loading=\"lazy\" decoding=\"async\" width=\"720\" height=\"540\" data-id=\"3088\" src=\"https:\/\/taizyfarmequipment.com\/wp-content\/uploads\/2022\/03\/shipping-3.jpg\" alt=\"exp\u00e9dition de semoir \u00e0 ma\u00efs\" class=\"wp-image-3088\"\/><figcaption class=\"wp-element-caption\">exp\u00e9dition de semoir \u00e0 ma\u00efs<\/figcaption><\/figure> <\/figure>    <h2 class=\"wp-block-heading\">Investissez dans notre planteuse de ma\u00efs<\/h2>    <p class=\"translation-block\">Choisir notre <a href=\"https:\/\/en.wikipedia.org\/wiki\/Corn\" data-type=\"link\" data-id=\"https:\/\/en.wikipedia.org\/wiki\/Corn\" target=\"_blank\" rel=\"noopener\">ma\u00efs<\/a> machine de plantation est la d\u00e9cision optimale pour am\u00e9liorer l'efficacit\u00e9 de la production et rationaliser votre processus de plantation. R\u00e9put\u00e9 pour sa technologie de semis efficace et pr\u00e9cise, et son fonctionnement convivial, notre \u00e9quipement offre un soutien fiable \u00e0 vos activit\u00e9s agricoles.<\/p>    <p>Contactez notre \u00e9quipe commerciale d\u00e8s maintenant pour en savoir plus et obtenir un devis. Choisissez-nous et regardez votre production agricole prosp\u00e9rer\u00a0!<\/p>    <figure class=\"wp-block-gallery has-nested-images columns-default is-cropped wp-block-gallery-5 is-layout-flex wp-block-gallery-is-layout-flex\"> <figure class=\"wp-block-image size-large\"><img loading=\"lazy\" decoding=\"async\" width=\"720\" height=\"540\" data-id=\"3091\" src=\"https:\/\/taizyfarmequipment.com\/wp-content\/uploads\/2022\/03\/6-row-corn-planter1.jpg\" alt=\"Planteuse de ma\u00efs \u00e0 6 rangs\" class=\"wp-image-3091\" title=\"Planteuse de ma\u00efs \u00e0 6 rangs\"\/><figcaption class=\"wp-element-caption\">Planteuse de ma\u00efs \u00e0 6 rangs<\/figcaption><\/figure>    <figure class=\"wp-block-image size-large\"><img loading=\"lazy\" decoding=\"async\" width=\"720\" height=\"540\" data-id=\"3092\" src=\"https:\/\/taizyfarmequipment.com\/wp-content\/uploads\/2022\/03\/corn-planter-with-fertilizer1.jpg\" alt=\"semoir de ma\u00efs avec engrais\" class=\"wp-image-3092\" title=\"semoir de ma\u00efs avec engrais\"\/><figcaption class=\"wp-element-caption\">semoir de ma\u00efs avec engrais<\/figcaption><\/figure> <\/figure>","protected":false},"excerpt":{"rendered":"<p>Cette s\u00e9rie de planteurs de ma\u00efs polyvalents de Taizy est sp\u00e9cialement con\u00e7ue pour r\u00e9pondre \u00e0 divers besoins de plantation, offrant plusieurs mod\u00e8les, y compris des configurations \u00e0 2 rang\u00e9es, 3 rang\u00e9es, 4 rang\u00e9es, 5 rang\u00e9es et 6 rang\u00e9es - id\u00e9ales pour les exploitations agricoles de petite, moyenne et grande taille.<\/p>","protected":false},"author":1,"featured_media":3081,"parent":0,"template":"","tags":[236,240,241,243,238],"product-type":[235],"class_list":["post-3080","product","type-product","status-publish","has-post-thumbnail","hentry","tag-corn-planter","tag-corn-planter-for-sale","tag-corn-planter-for-tractor","tag-corn-seeder-with-fertilizer","tag-sweet-corn-planter","product-type-planter"],"_links":{"self":[{"href":"https:\/\/taizyfarmequipment.com\/fr\/wp-json\/wp\/v2\/product\/3080","targetHints":{"allow":["GET"]}}],"collection":[{"href":"https:\/\/taizyfarmequipment.com\/fr\/wp-json\/wp\/v2\/product"}],"about":[{"href":"https:\/\/taizyfarmequipment.com\/fr\/wp-json\/wp\/v2\/types\/product"}],"author":[{"embeddable":true,"href":"https:\/\/taizyfarmequipment.com\/fr\/wp-json\/wp\/v2\/users\/1"}],"wp:featuredmedia":[{"embeddable":true,"href":"https:\/\/taizyfarmequipment.com\/fr\/wp-json\/wp\/v2\/media\/3081"}],"wp:attachment":[{"href":"https:\/\/taizyfarmequipment.com\/fr\/wp-json\/wp\/v2\/media?parent=3080"}],"wp:term":[{"taxonomy":"post_tag","embeddable":true,"href":"https:\/\/taizyfarmequipment.com\/fr\/wp-json\/wp\/v2\/tags?post=3080"},{"taxonomy":"product-type","embeddable":true,"href":"https:\/\/taizyfarmequipment.com\/fr\/wp-json\/wp\/v2\/product-type?post=3080"}],"curies":[{"name":"wp","href":"https:\/\/api.w.org\/{rel}","templated":true}]}}