{"id":3095,"date":"2022-03-29T08:32:50","date_gmt":"2022-03-29T08:32:50","guid":{"rendered":"https:\/\/taizyfarmequipment.com\/?post_type=product&#038;p=3095"},"modified":"2025-12-23T17:44:56","modified_gmt":"2025-12-23T09:44:56","slug":"batteuse-multi-grains","status":"publish","type":"product","link":"https:\/\/taizyfarmequipment.com\/fr\/product\/multi-grain-thresher\/","title":{"rendered":"Batteuse automatique multi-grains pour ma\u00efs, millet, sorgho, soja"},"content":{"rendered":"<div class=\"kk-star-ratings kksr-auto kksr-align-left kksr-valign-top\"     data-payload='{&quot;align&quot;:&quot;left&quot;,&quot;id&quot;:&quot;3095&quot;,&quot;slug&quot;:&quot;default&quot;,&quot;valign&quot;:&quot;top&quot;,&quot;ignore&quot;:&quot;&quot;,&quot;reference&quot;:&quot;auto&quot;,&quot;class&quot;:&quot;&quot;,&quot;count&quot;:&quot;7&quot;,&quot;legendonly&quot;:&quot;&quot;,&quot;readonly&quot;:&quot;&quot;,&quot;score&quot;:&quot;4.8&quot;,&quot;starsonly&quot;:&quot;&quot;,&quot;best&quot;:&quot;5&quot;,&quot;gap&quot;:&quot;5&quot;,&quot;greet&quot;:&quot;Rate this product&quot;,&quot;legend&quot;:&quot;4.8\\\/5 - (7 votes)&quot;,&quot;size&quot;:&quot;24&quot;,&quot;title&quot;:&quot;Automatic multi grain thresher for corn millet sorghum soybeans&quot;,&quot;width&quot;:&quot;136.7&quot;,&quot;_legend&quot;:&quot;{score}\\\/{best} - ({count} {votes})&quot;,&quot;font_factor&quot;:&quot;1.25&quot;}'>              <div class=\"kksr-stars\">      <div class=\"kksr-stars-inactive\">             <div class=\"kksr-star\" data-star=\"1\" style=\"padding-right: 5px\">               <div class=\"kksr-icon\" style=\"width: 24px; height: 24px;\"><\/div>         <\/div>             <div class=\"kksr-star\" data-star=\"2\" style=\"padding-right: 5px\">               <div class=\"kksr-icon\" style=\"width: 24px; height: 24px;\"><\/div>         <\/div>             <div class=\"kksr-star\" data-star=\"3\" style=\"padding-right: 5px\">               <div class=\"kksr-icon\" style=\"width: 24px; height: 24px;\"><\/div>         <\/div>             <div class=\"kksr-star\" data-star=\"4\" style=\"padding-right: 5px\">               <div class=\"kksr-icon\" style=\"width: 24px; height: 24px;\"><\/div>         <\/div>             <div class=\"kksr-star\" data-star=\"5\" style=\"padding-right: 5px\">               <div class=\"kksr-icon\" style=\"width: 24px; height: 24px;\"><\/div>         <\/div>     <\/div>      <div class=\"kksr-stars-active\" style=\"width: 136.7px;\">             <div class=\"kksr-star\" style=\"padding-right: 5px\">               <div class=\"kksr-icon\" style=\"width: 24px; height: 24px;\"><\/div>         <\/div>             <div class=\"kksr-star\" style=\"padding-right: 5px\">               <div class=\"kksr-icon\" style=\"width: 24px; height: 24px;\"><\/div>         <\/div>             <div class=\"kksr-star\" style=\"padding-right: 5px\">               <div class=\"kksr-icon\" style=\"width: 24px; height: 24px;\"><\/div>         <\/div>             <div class=\"kksr-star\" style=\"padding-right: 5px\">               <div class=\"kksr-icon\" style=\"width: 24px; height: 24px;\"><\/div>         <\/div>             <div class=\"kksr-star\" style=\"padding-right: 5px\">               <div class=\"kksr-icon\" style=\"width: 24px; height: 24px;\"><\/div>         <\/div>     <\/div> <\/div>                   <div class=\"kksr-legend\" style=\"font-size: 19.2px;\">             4,8\/5 - (7 votes)    <\/div>     <\/div>  <p class=\"translation-block\">La <strong>machine \u00e0 battage multigrain<\/strong> est une machine de traitement agricole polyvalente pour le battage d'une large gamme de c\u00e9r\u00e9ales et de l\u00e9gumineuses, y compris le ma\u00efs, le millet, le sorgho et le soja. Elle r\u00e9duit consid\u00e9rablement le travail manuel et am\u00e9liore l'efficacit\u00e9 de la r\u00e9colte en s\u00e9parant automatiquement les grains des cosses et des impuret\u00e9s avec un minimum d'intervention. <\/p>    <p class=\"translation-block\">Le produit est disponible en deux mod\u00e8les principaux \u2014 MT-860  et  MT-1200 \u2014 avec des capacit\u00e9s d'environ  1,5\u20132 t\/h et 3 t\/h , respectivement. Les deux mod\u00e8les atteignent un taux de battage \u00e9lev\u00e9 d'environ 98%, sont faciles \u00e0 utiliser avec des \u00e9crans interchangeables pour diff\u00e9rentes cultures, et peuvent \u00eatre aliment\u00e9s par des moteurs \u00e0 essence ou diesel. <\/p>    <figure class=\"wp-block-embed is-type-video is-provider-youtube wp-block-embed-youtube wp-embed-aspect-16-9 wp-has-aspect-ratio\"><div class=\"wp-block-embed__wrapper\"> <iframe loading=\"lazy\" title=\"Multi Functional Thresher Test Run | Efficient Rice, Wheat &amp; Sorghum Threshing #thresh #farming\" width=\"500\" height=\"281\" src=\"https:\/\/www.youtube.com\/embed\/YkiYmEj5JFI?feature=oembed\" frameborder=\"0\" allow=\"accelerometer; autoplay; clipboard-write; encrypted-media; gyroscope; picture-in-picture; web-share\" referrerpolicy=\"strict-origin-when-cross-origin\" allowfullscreen><\/iframe> <\/div><figcaption class=\"wp-element-caption\">Vid\u00e9o de fonctionnement du multigrain<\/figcaption><\/figure>    <h2 class=\"wp-block-heading\" id=\"h-what-is-the-multi-grain-thresher\"><strong>Vente de batteur multigrain commercial<\/strong><\/h2>    <p class=\"translation-block\">Ce <strong>batteur multifonction commercial \u00e0 vendre<\/strong> est con\u00e7u pour r\u00e9pondre aux exigences d'un traitement diversifi\u00e9 des grains en int\u00e9grant des fonctions de battage pour plusieurs cultures dans une machine compacte. <\/p>    <p>En changeant simplement l'\u00e9cran interne, l'\u00e9quipement peut s'adapter \u00e0 des grains de diff\u00e9rentes tailles de noyau, assurant une s\u00e9paration propre et une d\u00e9charge fluide lors du fonctionnement. Par exemple, lors du traitement du ma\u00efs, un \u00e9cran \u00e0 maillage plus grand est install\u00e9 pour permettre aux grains de passer efficacement sans blocage ni dommage.<\/p>    <figure class=\"wp-block-gallery has-nested-images columns-default is-cropped wp-block-gallery-2 is-layout-flex wp-block-gallery-is-layout-flex\"> <figure class=\"wp-block-image size-large\"><img loading=\"lazy\" decoding=\"async\" width=\"720\" height=\"540\" data-id=\"3099\" src=\"https:\/\/taizyfarmequipment.com\/wp-content\/uploads\/2022\/03\/millet-thresher1.jpg\" alt=\"Batteuse \u00e0 millet MT-860\" class=\"wp-image-3099\" title=\"Batteuse \u00e0 millet MT-860\"\/><figcaption class=\"wp-element-caption\">Batteuse \u00e0 millet MT-860<\/figcaption><\/figure>    <figure class=\"wp-block-image size-large\"><img loading=\"lazy\" decoding=\"async\" width=\"720\" height=\"540\" data-id=\"3100\" src=\"https:\/\/taizyfarmequipment.com\/wp-content\/uploads\/2022\/03\/multi-thresher1.jpg\" alt=\"Batteuse multiple MT-860\" class=\"wp-image-3100\" title=\"Batteuse multiple MT-860\"\/><figcaption class=\"wp-element-caption\"> Batteuse multiple MT-860<\/figcaption><\/figure> <\/figure>    <p class=\"translation-block\">Pour s'adapter \u00e0 diverses conditions de travail, la machine offre <strong>configurations d'alimentation flexibles<\/strong>, y compris moteur \u00e9lectrique, moteur diesel et moteur \u00e0 essence. Cela permet un fonctionnement stable dans les zones aliment\u00e9es par le r\u00e9seau \u00e9lectrique ainsi que dans les fermes isol\u00e9es. Lors du battage du ma\u00efs, la machine peut traiter du mat\u00e9riel <strong>avec ou sans cosses<\/strong>, am\u00e9liorant l'adaptabilit\u00e9 et r\u00e9duisant les pr\u00e9-traitements.<\/p>    <p class=\"translation-block\">Con\u00e7ue pour <strong>efficacit\u00e9 commerciale<\/strong>, la multigrain d\u00e9livre une haute production tout en minimisant l'entr\u00e9e de main-d'\u0153uvre et la consommation d'\u00e9nergie. Deux mod\u00e8les sont disponibles \u2014<strong>MT-860 et MT-1200<\/strong>\u2014, chacun avec des capacit\u00e9s de traitement et des tailles structurelles diff\u00e9rentes, permettant aux utilisateurs de choisir la solution la plus adapt\u00e9e \u00e0 leur \u00e9chelle de production, type de culture et attentes en termes de d\u00e9bit.<\/p>    <figure class=\"wp-block-gallery has-nested-images columns-default is-cropped wp-block-gallery-3 is-layout-flex wp-block-gallery-is-layout-flex\"> <figure class=\"wp-block-image size-large\"><img loading=\"lazy\" decoding=\"async\" width=\"720\" height=\"540\" data-id=\"3101\" src=\"https:\/\/taizyfarmequipment.com\/wp-content\/uploads\/2022\/03\/MT-1200-threshing-machine2.jpg\" alt=\"Batteuse MT-1200\" class=\"wp-image-3101\" title=\"Batteuse MT-1200\"\/><figcaption class=\"wp-element-caption\">Batteuse MT-1200<\/figcaption><\/figure>    <figure class=\"wp-block-image size-large\"><img loading=\"lazy\" decoding=\"async\" width=\"720\" height=\"540\" data-id=\"3102\" src=\"https:\/\/taizyfarmequipment.com\/wp-content\/uploads\/2022\/03\/MT-1200-maize-thresher-2.jpg\" alt=\"Batteuse \u00e0 ma\u00efs MT-1200 \" class=\"wp-image-3102\" title=\"Batteuse \u00e0 ma\u00efs MT-1200 \"\/><figcaption class=\"wp-element-caption\">Batteuse \u00e0 ma\u00efs MT-1200 <\/figcaption><\/figure> <\/figure>    <h2 class=\"wp-block-heading\"><strong>Structure du batteur de ma\u00efs \u00e0 vendre<\/strong><\/h2>    <div class=\"wp-block-media-text is-stacked-on-mobile\"><figure class=\"wp-block-media-text__media\"><img loading=\"lazy\" decoding=\"async\" width=\"720\" height=\"540\" src=\"https:\/\/taizyfarmequipment.com\/wp-content\/uploads\/2022\/03\/corn-shellers-structure2.jpg\" alt=\"structure de la d\u00e9cortiqueuse de ma\u00efs\" class=\"wp-image-3097 size-full\"\/><\/figure><div class=\"wp-block-media-text__content\"> <p>La batteuse multi-grains comprend principalement une entr\u00e9e, un dispositif de battage, un ventilateur de tirage, une sortie d'impuret\u00e9s, une exportation d'impuret\u00e9s l\u00e9g\u00e8res, une exportation de c\u00e9r\u00e9ales, etc.<\/p> <\/div><\/div>    <div class=\"wp-block-media-text has-media-on-the-right is-stacked-on-mobile\"><div class=\"wp-block-media-text__content\"> <p class=\"translation-block\"><strong>La structure interne du dispositif de battage<\/strong><\/p>    <p>Cette pi\u00e8ce comprend un marteau \u00e0 cylindre de tamis. Lorsque nous traitons diff\u00e9rents grains, nous devons changer le tamis avec diff\u00e9rentes tailles de pur\u00e9e. Et il est facile \u00e0 utiliser.<\/p> <\/div><figure class=\"wp-block-media-text__media\"><img loading=\"lazy\" decoding=\"async\" width=\"720\" height=\"540\" src=\"https:\/\/taizyfarmequipment.com\/wp-content\/uploads\/2022\/03\/inner-structure-of-grain-thresher1.jpg\" alt=\"structure interne de la batteuse \u00e0 grains\" class=\"wp-image-3098 size-full\"\/><\/figure><\/div>    <h2 class=\"wp-block-heading\"><strong>Comment fonctionne la machine \u00e0 d\u00e9cortiquer le ma\u00efs ?<\/strong><\/h2>    <div class=\"wp-block-media-text is-stacked-on-mobile\"><figure class=\"wp-block-media-text__media\"><img loading=\"lazy\" decoding=\"async\" width=\"720\" height=\"540\" src=\"https:\/\/taizyfarmequipment.com\/wp-content\/uploads\/2022\/03\/multi-grain-thresher.webp\" alt=\"batteuse multi-grains\" class=\"wp-image-5001 size-full\" srcset=\"https:\/\/taizyfarmequipment.com\/wp-content\/uploads\/2022\/03\/multi-grain-thresher.webp 720w, https:\/\/taizyfarmequipment.com\/wp-content\/uploads\/2022\/03\/multi-grain-thresher-300x225.webp 300w, https:\/\/taizyfarmequipment.com\/wp-content\/uploads\/2022\/03\/multi-grain-thresher-16x12.webp 16w\" sizes=\"auto, (max-width: 720px) 100vw, 720px\" \/><\/figure><div class=\"wp-block-media-text__content\"> <ul class=\"wp-block-list\"> <li>Alimenter le grain dans le <strong>batteuse multi-grains<\/strong> par l'entr\u00e9e.<\/li>    <li>Le grain entre dans la chambre de battage et est impact\u00e9 par le <strong>cylindre de marteaux \u00e0 haute vitesse rotatif<\/strong>, qui casse et bat le mat\u00e9riau.<\/li>    <li>Les grains battus passent par le <strong>trous de tamis<\/strong>, o\u00f9 les grains et les r\u00e9sidus sont s\u00e9par\u00e9s selon leur taille.<\/li>    <li>Les grains propres et les impuret\u00e9s sont \u00e9vacu\u00e9s <strong>depuis diff\u00e9rentes sorties<\/strong>, compl\u00e9tant le processus de battage et de s\u00e9paration.<\/li> <\/ul> <\/div><\/div>    <h2 class=\"wp-block-heading\"><strong>Param\u00e8tres techniques du batteur \u00e0 grains \u00e0 vendre<\/strong><\/h2>    <figure class=\"wp-block-table\"><table><tbody><tr><td>Mod\u00e8le&nbsp;<\/td><td>MT-860&nbsp;<\/td><td>MT-1200&nbsp;<\/td><\/tr><tr><td>Capacit\u00e9&nbsp;<\/td><td>1,5-2T\/H<\/td><td>3t \/h\u00a0<\/td><\/tr><tr><td>Taille<\/td><td>1150*860*1160mm<\/td><td>2100*1700*1400mm<\/td><\/tr><tr><td>Taux de battage&nbsp;<\/td><td>98%&nbsp;<\/td><td>98%&nbsp;<\/td><\/tr><tr><td>Roue&nbsp;<\/td><td>Quatre&nbsp;<\/td><td>Six&nbsp;<\/td><\/tr><tr><td>Poids<\/td><td>112 kg<\/td><td>200 kg<\/td><\/tr><tr><td>Pouvoir<\/td><td>moteur \u00e0 essence<\/td><td>Moteur diesel 10-12HP&nbsp;<\/td><\/tr><\/tbody><\/table><figcaption class=\"wp-element-caption\">sorghum thresher&#8217;s parameters<\/figcaption><\/figure>    <h2 class=\"wp-block-heading\"><strong>Avantages de la d\u00e9cortiqueuse de ma\u00efs motoris\u00e9e<\/strong><strong><\/strong><\/h2>    <div class=\"wp-block-media-text is-stacked-on-mobile\"><figure class=\"wp-block-media-text__media\"><img loading=\"lazy\" decoding=\"async\" width=\"720\" height=\"540\" src=\"https:\/\/taizyfarmequipment.com\/wp-content\/uploads\/2022\/03\/stock-of-the-thresher1.jpg\" alt=\"stock de la batteuse\" class=\"wp-image-3103 size-full\"\/><\/figure><div class=\"wp-block-media-text__content\"> <ul class=\"wp-block-list\"> <li><strong>Haute efficacit\u00e9 de travail :<\/strong> Capacit\u00e9 de traitement atteignant <strong>1,5\u20132 T\/H ou jusqu'\u00e0 3 T\/H<\/strong>, adapt\u00e9 \u00e0 une op\u00e9ration continue.<\/li>    <li><strong>Fonctionnement enti\u00e8rement automatique :<\/strong> Une fois le grain introduit dans la machine, le battage et l'\u00e9limination des impuret\u00e9s sont effectu\u00e9s automatiquement sans intervention manuelle.<\/li>    <li><strong>Facile \u00e0 utiliser :<\/strong> Il suffit de d\u00e9marrer le multigrain et d'alimenter le grain ; aucun r\u00e9glage complexe n'est requis.<\/li> <\/ul> <\/div><\/div>    <div class=\"wp-block-media-text has-media-on-the-right is-stacked-on-mobile\"><div class=\"wp-block-media-text__content\"> <ul class=\"wp-block-list\"> <li><strong>\u00c9conomies de temps et d'\u00e9nergie :<\/strong> L'ensemble du processus peut \u00eatre g\u00e9r\u00e9 par <strong>un op\u00e9rateur<\/strong>, avec une efficacit\u00e9 bien sup\u00e9rieure \u00e0 celle du battage manuel traditionnel.<\/li>    <li><strong>Application polyvalente :<\/strong> Une machine capable de battre <strong>quatre grains diff\u00e9rents<\/strong>, y compris le ma\u00efs, le millet, le sorgho et le soja.<\/li>    <li><strong>Sortie propre et finie :<\/strong> La machine s\u00e9pare efficacement les grains des impuret\u00e9s, garantissant un produit final clair et de haute qualit\u00e9.<\/li> <\/ul> <\/div><figure class=\"wp-block-media-text__media\"><img loading=\"lazy\" decoding=\"async\" width=\"720\" height=\"540\" src=\"https:\/\/taizyfarmequipment.com\/wp-content\/uploads\/2022\/03\/corn-thresher.webp\" alt=\"batteuse de ma\u00efs\" class=\"wp-image-5002 size-full\" srcset=\"https:\/\/taizyfarmequipment.com\/wp-content\/uploads\/2022\/03\/corn-thresher.webp 720w, https:\/\/taizyfarmequipment.com\/wp-content\/uploads\/2022\/03\/corn-thresher-300x225.webp 300w, https:\/\/taizyfarmequipment.com\/wp-content\/uploads\/2022\/03\/corn-thresher-16x12.webp 16w\" sizes=\"auto, (max-width: 720px) 100vw, 720px\" \/><\/figure><\/div>    <h2 class=\"wp-block-heading\">Questions fr\u00e9quentes sur le batteur multigrain<\/h2>   <div id=\"rank-math-faq\" class=\"rank-math-block\"> <div class=\"rank-math-list\"> <div id=\"faq-question-1766482155545\" class=\"rank-math-list-item\"> <h3 class=\"rank-math-question\">Comment battre diff\u00e9rentes cultures ?<\/h3> <div class=\"rank-math-answer\">  <p>Pour ajuster la machine \u00e0 diff\u00e9rents grains, il suffit d'ouvrir le couvercle sup\u00e9rieur et de remplacer l'\u00e9cran selon la taille des grains. Lors du battage du ma\u00efs, les quatre arbres internes doivent \u00eatre retir\u00e9s pour mieux accueillir les grains plus gros et assurer un fonctionnement fluide et efficace.<\/p>  <\/div> <\/div> <div id=\"faq-question-1766482274992\" class=\"rank-math-list-item\"> <h3 class=\"rank-math-question\">Est-il facile \u00e0 d\u00e9placer ?<\/h3> <div class=\"rank-math-answer\">  <p>Roue + poign\u00e9e de pouss\u00e9e, facile \u00e0 d\u00e9placer.<\/p>  <\/div> <\/div> <div id=\"faq-question-1766482288276\" class=\"rank-math-list-item\"> <h3 class=\"rank-math-question\">Pour quelles cultures le multigrain peut-il \u00eatre utilis\u00e9 ?<\/h3> <div class=\"rank-math-answer\">  <p>Ma\u00efs, bl\u00e9, soja, sorgho, etc.<\/p>  <\/div> <\/div> <div id=\"faq-question-1766482299155\" class=\"rank-math-list-item\"> <h3 class=\"rank-math-question\">Motivation ?<\/h3> <div class=\"rank-math-answer\">  <p>Moteur 2,2-3 kW, moteur diesel 6-8 CV, moteur essence 170 F.<\/p>  <\/div> <\/div> <div id=\"faq-question-1766482313562\" class=\"rank-math-list-item\"> <h3 class=\"rank-math-question\">Rendement, taux de battage ?<\/h3> <div class=\"rank-math-answer\">  <p>1,5-2t\/h ; 98%<\/p>  <\/div> <\/div> <\/div> <\/div>   <figure class=\"wp-block-gallery has-nested-images columns-default is-cropped wp-block-gallery-4 is-layout-flex wp-block-gallery-is-layout-flex\"> <figure class=\"wp-block-image size-large\"><img loading=\"lazy\" decoding=\"async\" width=\"720\" height=\"540\" data-id=\"5003\" src=\"https:\/\/taizyfarmequipment.com\/wp-content\/uploads\/2022\/03\/grain-threshing-machine.webp\" alt=\"batteuse de grains\" class=\"wp-image-5003\" srcset=\"https:\/\/taizyfarmequipment.com\/wp-content\/uploads\/2022\/03\/grain-threshing-machine.webp 720w, https:\/\/taizyfarmequipment.com\/wp-content\/uploads\/2022\/03\/grain-threshing-machine-300x225.webp 300w, https:\/\/taizyfarmequipment.com\/wp-content\/uploads\/2022\/03\/grain-threshing-machine-16x12.webp 16w\" sizes=\"auto, (max-width: 720px) 100vw, 720px\" \/><figcaption class=\"wp-element-caption\">batteuse de grains<\/figcaption><\/figure>    <figure class=\"wp-block-image size-large\"><img loading=\"lazy\" decoding=\"async\" width=\"720\" height=\"540\" data-id=\"5004\" src=\"https:\/\/taizyfarmequipment.com\/wp-content\/uploads\/2022\/03\/multi-grain-thresher-price.webp\" alt=\"prix du batteur multigrain\" class=\"wp-image-5004\" srcset=\"https:\/\/taizyfarmequipment.com\/wp-content\/uploads\/2022\/03\/multi-grain-thresher-price.webp 720w, https:\/\/taizyfarmequipment.com\/wp-content\/uploads\/2022\/03\/multi-grain-thresher-price-300x225.webp 300w, https:\/\/taizyfarmequipment.com\/wp-content\/uploads\/2022\/03\/multi-grain-thresher-price-16x12.webp 16w\" sizes=\"auto, (max-width: 720px) 100vw, 720px\" \/><figcaption class=\"wp-element-caption\">prix du batteur multigrain<\/figcaption><\/figure> <\/figure>    <h2 class=\"wp-block-heading\"><strong>Batteuse industrielle de sorgho vendue au Burkina Faso<\/strong><\/h2>    <p class=\"translation-block\">La semaine derni\u00e8re, notre responsable commercial a re\u00e7u une demande de devis via Alibaba et a initialement communiqu\u00e9 avec le client par e-mail, puis via WhatsApp. Le client a demand\u00e9 un batteur multigrain \u00e0 essence, un <a href=\"https:\/\/taizyfarmequipment.com\/fr\/produit-2\/tracteur-a-marche-2\/\" data-type=\"link\" data-id=\"https:\/\/taizyfarmequipment.com\/product\/walking-tractor-2\/\">tracteur \u00e0 marche<\/a>, un semoir \u00e0 ma\u00efs et une charrue \u00e0 disque. Apr\u00e8s avoir confirm\u00e9 tous les besoins, notre vendeur a rapidement fourni un devis. <\/p>    <p>La principale pr\u00e9occupation du client \u00e9tait de savoir si les manuels d'instruction \u00e9taient disponibles en fran\u00e7ais. Bien que nos manuels soient g\u00e9n\u00e9ralement en anglais, nous avons propos\u00e9 des traductions en fran\u00e7ais, ce qui a r\u00e9solu le probl\u00e8me. En cons\u00e9quence, le client a pass\u00e9 la commande avec succ\u00e8s. Ci-dessous, des photos de l'emballage et de l'exp\u00e9dition.<\/p>    <figure class=\"wp-block-gallery has-nested-images columns-2 is-cropped wp-block-gallery-5 is-layout-flex wp-block-gallery-is-layout-flex\"> <figure class=\"wp-block-image size-large\"><img loading=\"lazy\" decoding=\"async\" width=\"720\" height=\"540\" data-id=\"3105\" src=\"https:\/\/taizyfarmequipment.com\/wp-content\/uploads\/2022\/03\/small-scale-grain-thresher1.jpg\" alt=\"batteuse de grains \u00e0 petite \u00e9chelle\" class=\"wp-image-3105\" title=\"batteuse de grains \u00e0 petite \u00e9chelle\"\/><figcaption class=\"wp-element-caption\">batteuse de grains \u00e0 petite \u00e9chelle<\/figcaption><\/figure>    <figure class=\"wp-block-image size-large\"><img loading=\"lazy\" decoding=\"async\" width=\"720\" height=\"540\" data-id=\"3106\" src=\"https:\/\/taizyfarmequipment.com\/wp-content\/uploads\/2022\/03\/portable-maize-sheller1.jpg\" alt=\"d\u00e9cortiqueuse de ma\u00efs portable\" class=\"wp-image-3106\" title=\"d\u00e9cortiqueuse de ma\u00efs portable\"\/><figcaption class=\"wp-element-caption\">d\u00e9cortiqueuse de ma\u00efs portable<\/figcaption><\/figure>    <figure class=\"wp-block-image size-large\"><img loading=\"lazy\" decoding=\"async\" width=\"720\" height=\"540\" data-id=\"3107\" src=\"https:\/\/taizyfarmequipment.com\/wp-content\/uploads\/2022\/03\/homemade-corn-thresher1.jpg\" alt=\"batteuse de ma\u00efs maison\" class=\"wp-image-3107\" title=\"batteuse de ma\u00efs maison\"\/><figcaption class=\"wp-element-caption\">batteuse de ma\u00efs maison<\/figcaption><\/figure>    <figure class=\"wp-block-image size-large\"><img loading=\"lazy\" decoding=\"async\" width=\"720\" height=\"540\" data-id=\"3108\" src=\"https:\/\/taizyfarmequipment.com\/wp-content\/uploads\/2022\/03\/small-grain-thresher-for-sale1.jpg\" alt=\"batteuse de petits grains \u00e0 vendre\" class=\"wp-image-3108\" title=\"batteuse de petits grains \u00e0 vendre\"\/><figcaption class=\"wp-element-caption\">batteuse de petits grains \u00e0 vendre<\/figcaption><\/figure> <figcaption class=\"blocks-gallery-caption wp-element-caption\">emballage et exp\u00e9dition de batteuse industrielle de sorgho<\/figcaption><\/figure>    <h2 class=\"wp-block-heading\">Conclusion<\/h2>    <p class=\"translation-block\">En r\u00e9sum\u00e9, ce  multigrain  batteur  se distingue par sa haute efficacit\u00e9, sa large adaptabilit\u00e9 aux cultures et sa performance stable. Il peut rapidement battre diverses c\u00e9r\u00e9ales telles que le ma\u00efs, le riz et le bl\u00e9, r\u00e9duisant consid\u00e9rablement les co\u00fbts de main-d'\u0153uvre et de temps. <\/p>    <p>La machine prend en charge une option aliment\u00e9e \u00e0 l'essence, ce qui la rend adapt\u00e9e \u00e0 diff\u00e9rents environnements de travail, et offre une utilisation facile ainsi qu'un entretien pratique. De plus, nous proposons des manuels d'instructions multilingues et des services personnalis\u00e9s selon les besoins du client, garantissant une installation et une utilisation sans probl\u00e8me. <\/p>    <p>Si vous recherchez une solution fiable, pratique et \u00e9conomique pour le battage multigrain, n'h\u00e9sitez pas \u00e0 nous contacter pour un devis et une consultation d\u00e9taill\u00e9e.<\/p>","protected":false},"excerpt":{"rendered":"<p>La machine \u00e0 battre multi-grains est une machine de traitement agricole polyvalente pour battre une large gamme de c\u00e9r\u00e9ales et de l\u00e9gumineuses, y compris le ma\u00efs, le millet, le sorgho et le soja. <\/p>","protected":false},"author":1,"featured_media":3096,"parent":0,"template":"","tags":[],"product-type":[129],"class_list":["post-3095","product","type-product","status-publish","has-post-thumbnail","hentry","product-type-thresher-and-sheller"],"_links":{"self":[{"href":"https:\/\/taizyfarmequipment.com\/fr\/wp-json\/wp\/v2\/product\/3095","targetHints":{"allow":["GET"]}}],"collection":[{"href":"https:\/\/taizyfarmequipment.com\/fr\/wp-json\/wp\/v2\/product"}],"about":[{"href":"https:\/\/taizyfarmequipment.com\/fr\/wp-json\/wp\/v2\/types\/product"}],"author":[{"embeddable":true,"href":"https:\/\/taizyfarmequipment.com\/fr\/wp-json\/wp\/v2\/users\/1"}],"wp:featuredmedia":[{"embeddable":true,"href":"https:\/\/taizyfarmequipment.com\/fr\/wp-json\/wp\/v2\/media\/3096"}],"wp:attachment":[{"href":"https:\/\/taizyfarmequipment.com\/fr\/wp-json\/wp\/v2\/media?parent=3095"}],"wp:term":[{"taxonomy":"post_tag","embeddable":true,"href":"https:\/\/taizyfarmequipment.com\/fr\/wp-json\/wp\/v2\/tags?post=3095"},{"taxonomy":"product-type","embeddable":true,"href":"https:\/\/taizyfarmequipment.com\/fr\/wp-json\/wp\/v2\/product-type?post=3095"}],"curies":[{"name":"wp","href":"https:\/\/api.w.org\/{rel}","templated":true}]}}