{"id":3143,"date":"2022-04-07T08:43:57","date_gmt":"2022-04-07T08:43:57","guid":{"rendered":"https:\/\/taizyfarmequipment.com\/?post_type=product&#038;p=3143"},"modified":"2024-05-29T18:21:26","modified_gmt":"2024-05-29T10:21:26","slug":"planteur-de-mais-a-main","status":"publish","type":"product","link":"https:\/\/taizyfarmequipment.com\/fr\/product\/hand-held-corn-planter\/","title":{"rendered":"Planteur de ma\u00efs tenu \u00e0 la main | Planteuse de ma\u00efs manuelle \u00e0 petite \u00e9chelle"},"content":{"rendered":"<div class=\"kk-star-ratings kksr-auto kksr-align-left kksr-valign-top\"     data-payload='{&quot;align&quot;:&quot;left&quot;,&quot;id&quot;:&quot;3143&quot;,&quot;slug&quot;:&quot;default&quot;,&quot;valign&quot;:&quot;top&quot;,&quot;ignore&quot;:&quot;&quot;,&quot;reference&quot;:&quot;auto&quot;,&quot;class&quot;:&quot;&quot;,&quot;count&quot;:&quot;5&quot;,&quot;legendonly&quot;:&quot;&quot;,&quot;readonly&quot;:&quot;&quot;,&quot;score&quot;:&quot;4.6&quot;,&quot;starsonly&quot;:&quot;&quot;,&quot;best&quot;:&quot;5&quot;,&quot;gap&quot;:&quot;5&quot;,&quot;greet&quot;:&quot;Rate this product&quot;,&quot;legend&quot;:&quot;4.6\\\/5 - (5 votes)&quot;,&quot;size&quot;:&quot;24&quot;,&quot;title&quot;:&quot;Hand held corn planter | Small scale manual corn planter&quot;,&quot;width&quot;:&quot;130.9&quot;,&quot;_legend&quot;:&quot;{score}\\\/{best} - ({count} {votes})&quot;,&quot;font_factor&quot;:&quot;1.25&quot;}'>              <div class=\"kksr-stars\">      <div class=\"kksr-stars-inactive\">             <div class=\"kksr-star\" data-star=\"1\" style=\"padding-right: 5px\">               <div class=\"kksr-icon\" style=\"width: 24px; height: 24px;\"><\/div>         <\/div>             <div class=\"kksr-star\" data-star=\"2\" style=\"padding-right: 5px\">               <div class=\"kksr-icon\" style=\"width: 24px; height: 24px;\"><\/div>         <\/div>             <div class=\"kksr-star\" data-star=\"3\" style=\"padding-right: 5px\">               <div class=\"kksr-icon\" style=\"width: 24px; height: 24px;\"><\/div>         <\/div>             <div class=\"kksr-star\" data-star=\"4\" style=\"padding-right: 5px\">               <div class=\"kksr-icon\" style=\"width: 24px; height: 24px;\"><\/div>         <\/div>             <div class=\"kksr-star\" data-star=\"5\" style=\"padding-right: 5px\">               <div class=\"kksr-icon\" style=\"width: 24px; height: 24px;\"><\/div>         <\/div>     <\/div>      <div class=\"kksr-stars-active\" style=\"width: 130.9px;\">             <div class=\"kksr-star\" style=\"padding-right: 5px\">               <div class=\"kksr-icon\" style=\"width: 24px; height: 24px;\"><\/div>         <\/div>             <div class=\"kksr-star\" style=\"padding-right: 5px\">               <div class=\"kksr-icon\" style=\"width: 24px; height: 24px;\"><\/div>         <\/div>             <div class=\"kksr-star\" style=\"padding-right: 5px\">               <div class=\"kksr-icon\" style=\"width: 24px; height: 24px;\"><\/div>         <\/div>             <div class=\"kksr-star\" style=\"padding-right: 5px\">               <div class=\"kksr-icon\" style=\"width: 24px; height: 24px;\"><\/div>         <\/div>             <div class=\"kksr-star\" style=\"padding-right: 5px\">               <div class=\"kksr-icon\" style=\"width: 24px; height: 24px;\"><\/div>         <\/div>     <\/div> <\/div>                   <div class=\"kksr-legend\" style=\"font-size: 19.2px;\">             4,6\/5 - (5 votes)    <\/div>     <\/div>  <p>Le planteur de ma\u00efs portatif est le choix parfait pour planter du ma\u00efs. Sa technologie de semis pr\u00e9cise garantit le placement pr\u00e9cis de chaque graine, maximisant ainsi les rendements des cultures. <\/p>    <p>La planteuse de ma\u00efs est facile \u00e0 utiliser, portable et convient aussi bien aux grands agriculteurs qu'aux petits producteurs. Que vous soyez novice ou planteur exp\u00e9riment\u00e9, notre planteur de ma\u00efs portatif sera votre assistant fiable dans les t\u00e2ches de plantation.<\/p>    <p>En plus de semer du ma\u00efs, la machine peut \u00e9galement semer du bl\u00e9, du soja, du sorgho et d'autres graines. En plus de cela, vous pouvez \u00e9galement fertiliser. Il peut r\u00e9pondre aux besoins quotidiens des gens en mati\u00e8re de semis et \u00eatre pratique pour les agriculteurs.<\/p>    <figure class=\"wp-block-image size-full\"><img loading=\"lazy\" decoding=\"async\" width=\"720\" height=\"540\" src=\"https:\/\/taizyfarmequipment.com\/wp-content\/uploads\/2022\/04\/suitable-materials-of-maize-planting-machine.webp\" alt=\"mat\u00e9riaux appropri\u00e9s de la planteuse de ma\u00efs\" class=\"wp-image-4523\" srcset=\"https:\/\/taizyfarmequipment.com\/wp-content\/uploads\/2022\/04\/suitable-materials-of-maize-planting-machine.webp 720w, https:\/\/taizyfarmequipment.com\/wp-content\/uploads\/2022\/04\/suitable-materials-of-maize-planting-machine-300x225.webp 300w, https:\/\/taizyfarmequipment.com\/wp-content\/uploads\/2022\/04\/suitable-materials-of-maize-planting-machine-16x12.webp 16w\" sizes=\"auto, (max-width: 720px) 100vw, 720px\" \/><figcaption class=\"wp-element-caption\">mat\u00e9riaux appropri\u00e9s de la planteuse de ma\u00efs<\/figcaption><\/figure>    <h2 class=\"wp-block-heading\" id=\"h-what-is-hand-held-corn-planter\">Qu'est-ce que le planteur de ma\u00efs portatif\u00a0?<\/h2>    <p>Notre Taizy, en tant que fabricant et fournisseur de machines agricoles, dispose de diff\u00e9rentes formes de semoirs \u00e0 ma\u00efs. Il s'agit notamment des planteuses de ma\u00efs \u00e0 conducteur marchant, disponibles en trois mod\u00e8les diff\u00e9rents. Diff\u00e9rents mod\u00e8les diff\u00e8rent par leur fonction et leur apparence. Cet article pr\u00e9sente principalement trois mod\u00e8les de semoirs de ma\u00efs \u00e0 conducteur marchant. Les trois types de planteurs peuvent semer diff\u00e9rentes graines et engrais. <\/p>    <p class=\"translation-block\">Ils sont de petite taille et faciles \u00e0 utiliser. De plus, ils peuvent accomplir plusieurs actions en une seule fois, telles que le creusement de sillons, le semis et le tassage du sol. Certains mod\u00e8les permettent \u00e9galement de r\u00e9gler l'espacement des plants, que les clients peuvent ajuster selon leurs besoins. En outre, nous proposons \u00e9galement la planteuse de ma\u00efs attel\u00e9e au tracteur <a href=\"https:\/\/taizyfarmequipment.com\/fr\/produit-2\/planteuse-de-mais-a-4-rangs\/\">planteuse de ma\u00efs<\/a> et la <a href=\"https:\/\/taizyfarmequipment.com\/fr\/produit-2\/planteuse-darachides-a-4-rangs\/\" data-type=\"link\" data-id=\"https:\/\/taizyfarmequipment.com\/product\/4-row-peanut-planter\/\">planteuse d'arachides<\/a>.<\/p>    <figure class=\"wp-block-gallery has-nested-images columns-2 is-cropped wp-block-gallery-2 is-layout-flex wp-block-gallery-is-layout-flex\"> <figure class=\"wp-block-image size-large\"><img loading=\"lazy\" decoding=\"async\" width=\"720\" height=\"540\" data-id=\"3145\" src=\"https:\/\/taizyfarmequipment.com\/wp-content\/uploads\/2022\/04\/corn-planter1.jpg\" alt=\"planteur de ma\u00efs\" class=\"wp-image-3145\" title=\"planteur de ma\u00efs\"\/><figcaption class=\"wp-element-caption\">planteur de ma\u00efs<\/figcaption><\/figure>    <figure class=\"wp-block-image size-large\"><img loading=\"lazy\" decoding=\"async\" width=\"720\" height=\"540\" data-id=\"3146\" src=\"https:\/\/taizyfarmequipment.com\/wp-content\/uploads\/2022\/04\/small-scale-corn-planter-1.jpg\" alt=\" planteur de ma\u00efs \u00e0 petite \u00e9chelle\" class=\"wp-image-3146\" title=\" planteur de ma\u00efs \u00e0 petite \u00e9chelle\"\/><figcaption class=\"wp-element-caption\"> planteur de ma\u00efs \u00e0 petite \u00e9chelle<\/figcaption><\/figure>    <figure class=\"wp-block-image size-large\"><img loading=\"lazy\" decoding=\"async\" width=\"720\" height=\"540\" data-id=\"3147\" src=\"https:\/\/taizyfarmequipment.com\/wp-content\/uploads\/2022\/04\/small-corn-bean-planter1.jpg\" alt=\"petit planteur de haricots\" class=\"wp-image-3147\" title=\"petit planteur de haricots\"\/><figcaption class=\"wp-element-caption\">petit planteur de haricots<\/figcaption><\/figure>    <figure class=\"wp-block-image size-large\"><img loading=\"lazy\" decoding=\"async\" width=\"720\" height=\"540\" data-id=\"3148\" src=\"https:\/\/taizyfarmequipment.com\/wp-content\/uploads\/2022\/04\/grain-seeder1.jpg\" alt=\"semoir \u00e0 grains\" class=\"wp-image-3148\" title=\"semoir \u00e0 grains\"\/><figcaption class=\"wp-element-caption\">semoir \u00e0 grains<\/figcaption><\/figure> <\/figure>    <h2 class=\"wp-block-heading\">Quelles graines le planteur de ma\u00efs \u00e0 petite \u00e9chelle peut-il semer\u00a0?<\/h2>    <p>Le planteur de ma\u00efs portatif \u00e0 petite \u00e9chelle peut semer du bl\u00e9, du ma\u00efs, des arachides, du soja, des haricots rouges, du mil, du sorgho, du colza, etc. Il ne se limite donc pas \u00e0 semer une seule graine, ce qui incarne la polyvalence de la machine. Ces machines conviennent \u00e0 toutes les cultures en champs secs.<\/p>    <figure class=\"wp-block-image size-full\"><img loading=\"lazy\" decoding=\"async\" width=\"720\" height=\"540\" src=\"https:\/\/taizyfarmequipment.com\/wp-content\/uploads\/2022\/04\/small-corn-planter-supplier.webp\" alt=\"petit fournisseur de planteur de ma\u00efs\" class=\"wp-image-4528\" srcset=\"https:\/\/taizyfarmequipment.com\/wp-content\/uploads\/2022\/04\/small-corn-planter-supplier.webp 720w, https:\/\/taizyfarmequipment.com\/wp-content\/uploads\/2022\/04\/small-corn-planter-supplier-300x225.webp 300w, https:\/\/taizyfarmequipment.com\/wp-content\/uploads\/2022\/04\/small-corn-planter-supplier-16x12.webp 16w\" sizes=\"auto, (max-width: 720px) 100vw, 720px\" \/><figcaption class=\"wp-element-caption\">petit fournisseur de planteur de ma\u00efs<\/figcaption><\/figure>    <h2 class=\"wp-block-heading\">Mod\u00e8le 1\u00a0: Planteuse manuelle de ma\u00efs et de soja<\/h2>    <p>Ce type de planteur de ma\u00efs portatif a une structure simple et des fonctions compl\u00e8tes. Et 1 \u00e0 2 personnes peuvent faire fonctionner ce semoir \u00e0 ma\u00efs. Ainsi, il est plus \u00e9conomique de travailler avec 2 personnes, une personne tirant \u00e0 l'avant et l'autre poussant \u00e0 l'arri\u00e8re. <\/p>    <p>La planteuse de ma\u00efs portative peut terminer l'amerrissage, semer des graines pendant l'amerrissage, puis couvrir le sol pour supprimer le sol. Et si le semoir \u00e0 ma\u00efs portatif est utilis\u00e9 pour semer des graines de ma\u00efs, il s\u2019agit g\u00e9n\u00e9ralement d\u2019une port\u00e9e de deux graines. Le nombre de graines varie d'une graine \u00e0 l'autre.<\/p>    <figure class=\"wp-block-image size-full is-resized\"><img loading=\"lazy\" decoding=\"async\" width=\"720\" height=\"540\" src=\"https:\/\/taizyfarmequipment.com\/wp-content\/uploads\/2022\/04\/walk-behind-corn-planter1.jpg\" alt=\"semoir \u00e0 ma\u00efs \u00e0 conducteur marchant\" class=\"wp-image-3149\" style=\"width:716px;height:536px\" title=\"semoir \u00e0 ma\u00efs \u00e0 conducteur marchant\"\/><figcaption class=\"wp-element-caption\">semoir \u00e0 ma\u00efs \u00e0 conducteur marchant<\/figcaption><\/figure>    <h3 class=\"wp-block-heading\">Structure du semoir de ma\u00efs manuel<\/h3>    <p>Le planteur de ma\u00efs portatif se compose d'une tr\u00e9mie, de roues, d'une poign\u00e9e, d'un ouvre-sol, d'une roue presseuse de sol, etc. La machine est l\u00e9g\u00e8re, de petite taille et occupe une petite surface.<\/p>    <figure class=\"wp-block-image size-full\"><img loading=\"lazy\" decoding=\"async\" width=\"720\" height=\"540\" src=\"https:\/\/taizyfarmequipment.com\/wp-content\/uploads\/2022\/04\/manual-corn-seeder-structure-1.jpg\" alt=\"structure de semoir \u00e0 ma\u00efs manuel\" class=\"wp-image-3150\" title=\"structure de semoir \u00e0 ma\u00efs manuel\"\/><figcaption class=\"wp-element-caption\">structure de semoir \u00e0 ma\u00efs manuel<\/figcaption><\/figure>    <h2 class=\"wp-block-heading\">Mod\u00e8le 2\u00a0: Planteur de ma\u00efs \u00e0 main<\/h2>    <p class=\"translation-block\">This hand held corn <a href=\"https:\/\/en.wikipedia.org\/wiki\/Planter\" data-type=\"link\" data-id=\"https:\/\/en.wikipedia.org\/wiki\/Planter\" target=\"_blank\" rel=\"noopener\">planteuse<\/a> est plus l\u00e9g\u00e8re et la partie semis ressemble \u00e0 un rouleau. De plus, cette planteuse \u00e0 pousser peut \u00eatre utilis\u00e9e par une seule personne. Il n'est pas n\u00e9cessaire de tracter la machine. La machine permet \u00e9galement d'ajuster l'espacement des plants, que les clients peuvent adapter en fonction des besoins des diff\u00e9rentes graines. <\/p>    <p>Si vous devez changer de graines pour semer, vous devrez remplacer la tr\u00e9mie \u00e0 l'int\u00e9rieur de la roue distributrice. Et nous fournirons aux clients des bo\u00eetes de semences compl\u00e8tes. Ainsi, il peut r\u00e9pondre aux besoins de semis de la plupart des graines. Les clients peuvent mettre du sable ou des pierres dans la roue de compactage de la machine pour compacter le sol apr\u00e8s le semis.<\/p>    <figure class=\"wp-block-image size-full is-resized\"><img loading=\"lazy\" decoding=\"async\" width=\"720\" height=\"540\" src=\"https:\/\/taizyfarmequipment.com\/wp-content\/uploads\/2022\/04\/hand-held-wheat-planter1.jpg\" alt=\"semoir \u00e0 bl\u00e9 portatif\" class=\"wp-image-3151\" style=\"width:720px;height:540px\" title=\"semoir \u00e0 bl\u00e9 portatif\"\/><figcaption class=\"wp-element-caption\">semoir de bl\u00e9 portatif<\/figcaption><\/figure>    <h3 class=\"wp-block-heading\">Quelle est la structure du petit planteur de ma\u00efs ?&nbsp;<\/h3>    <p>Ce petit planteur de ma\u00efs portatif comprend principalement une poign\u00e9e, un planteur, une brosse, un bec de canard et une roue de r\u00e9pression recouverte de terre.<\/p>    <figure class=\"wp-block-image size-full is-resized\"><img loading=\"lazy\" decoding=\"async\" width=\"720\" height=\"540\" src=\"https:\/\/taizyfarmequipment.com\/wp-content\/uploads\/2022\/04\/small-corn-planter1.jpg\" alt=\"petit planteur de ma\u00efs\" class=\"wp-image-3152\" style=\"width:720px;height:540px\" title=\"petit planteur de ma\u00efs\"\/><figcaption class=\"wp-element-caption\">petit planteur de ma\u00efs<\/figcaption><\/figure>    <h2 class=\"wp-block-heading\">Mod\u00e8le 3\u00a0: Semoir manuel \u00e0 essence<\/h2>    <p>Ce planteur de ma\u00efs portatif est propuls\u00e9 par un moteur \u00e0 essence. Le semis sera donc plus efficace. La machine peut \u00eatre utilis\u00e9e par une seule personne. <\/p>    <p>Allumez la machine et le moteur \u00e0 essence entra\u00eene les roues avant pour avancer, puis entra\u00eene la trancheuse et la partie semoir pour avancer. Et enfin, la roue couvre-sol sert \u00e0 recouvrir le sol.<\/p>    <figure class=\"wp-block-image size-full\"><img loading=\"lazy\" decoding=\"async\" width=\"720\" height=\"540\" src=\"https:\/\/taizyfarmequipment.com\/wp-content\/uploads\/2022\/04\/hand-seed-planter1.jpg\" alt=\"planteur de graines \u00e0 la main\" class=\"wp-image-3153\" title=\"planteur de graines \u00e0 la main\"\/><figcaption class=\"wp-element-caption\">planteur de graines \u00e0 la main<\/figcaption><\/figure>    <h3 class=\"wp-block-heading\">Qu\u2019en est-il de la structure du planteur de ma\u00efs pouss\u00e9 \u00e0 la main\u00a0?<\/h3>    <p>Le semoir \u00e0 ma\u00efs portatif est dot\u00e9 de mains courantes, de roues, de ressorts, de dispositifs de semis, de trancheuses, de moteurs \u00e0 essence, de roues couvrant le sol, etc.<\/p>    <figure class=\"wp-block-image size-full\"><img loading=\"lazy\" decoding=\"async\" width=\"720\" height=\"540\" src=\"https:\/\/taizyfarmequipment.com\/wp-content\/uploads\/2022\/04\/small-farm-corn-planter1.jpg\" alt=\"petite planteuse de ma\u00efs de ferme\" class=\"wp-image-3154\" title=\"petite planteuse de ma\u00efs de ferme\"\/><figcaption class=\"wp-element-caption\">petite planteuse de ma\u00efs de ferme<\/figcaption><\/figure>    <h2 class=\"wp-block-heading\">Quels sont les avantages des petits planteurs de ma\u00efs ?<\/h2>    <ul class=\"wp-block-list\"> <li>La qualit\u00e9 du planteur de ma\u00efs portatif est bonne. Toutes les pi\u00e8ces de la machine sont constitu\u00e9es de pi\u00e8ces de haute qualit\u00e9 et la machine est l\u00e9g\u00e8re et durable.<\/li>    <li>Fonction puissante de la machine. En plus de semer du ma\u00efs, les planteuses de ma\u00efs \u00e0 conducteur marchant peuvent semer de nombreuses autres graines. Peut \u00e9galement \u00eatre utilis\u00e9 pour la fertilisation. Il convient toutefois de noter que l\u2019engrais et les graines ne peuvent pas \u00eatre sem\u00e9s ensemble.<\/li>    <li>Par rapport au semis manuel, l'efficacit\u00e9 du semis de ce petit planteur de ma\u00efs sera grandement am\u00e9lior\u00e9e. Ces marches \u00e0 une rang\u00e9e derri\u00e8re des semoirs de ma\u00efs sont faciles \u00e0 utiliser et peuvent \u00eatre apprises en quelques minutes.<\/li>    <li>L'espacement des plantes et la profondeur de semis de ces planteuses de ma\u00efs portatives\u00a0peuvent \u00eatre ajust\u00e9es. Ces machines sont donc plus flexibles. Il peut r\u00e9pondre aux besoins des gens de semer une vari\u00e9t\u00e9 de graines. Et les clients peuvent s'adapter en fonction de leur propre situation.<\/li> <\/ul>    <figure class=\"wp-block-image size-full\"><img loading=\"lazy\" decoding=\"async\" width=\"720\" height=\"540\" src=\"https:\/\/taizyfarmequipment.com\/wp-content\/uploads\/2022\/04\/corn-planting-machine.webp\" alt=\"planteuse de ma\u00efs\" class=\"wp-image-4524\" srcset=\"https:\/\/taizyfarmequipment.com\/wp-content\/uploads\/2022\/04\/corn-planting-machine.webp 720w, https:\/\/taizyfarmequipment.com\/wp-content\/uploads\/2022\/04\/corn-planting-machine-300x225.webp 300w, https:\/\/taizyfarmequipment.com\/wp-content\/uploads\/2022\/04\/corn-planting-machine-16x12.webp 16w\" sizes=\"auto, (max-width: 720px) 100vw, 720px\" \/><figcaption class=\"wp-element-caption\">planteuse de ma\u00efs<\/figcaption><\/figure>    <h2 class=\"wp-block-heading\">Pourquoi choisir le semoir \u00e0 ma\u00efs \u00e0 conducteur marchant de Taizy ?<\/h2>    <ol class=\"wp-block-list\"> <li>Nous recommanderons des machines adapt\u00e9es en fonction des besoins sp\u00e9cifiques des clients. Nous pouvons \u00e9galement personnaliser la machine pour r\u00e9pondre aux besoins particuliers des clients.<\/li>    <li>Service complet. Avant la vente, nous communiquerons pleinement avec les clients pour comprendre leurs besoins et recommanderons des machines adapt\u00e9es aux clients. Nous prenons en charge une vari\u00e9t\u00e9 de m\u00e9thodes de paiement pendant la vente. Apr\u00e8s r\u00e9ception du d\u00e9p\u00f4t, nous contr\u00f4lerons strictement l\u2019ensemble du processus de production de la machine. Apr\u00e8s la vente, nous emballerons soigneusement la machine pour organiser le transport. Si le client rencontre un probl\u00e8me lors de l'utilisation de la machine, nous lui fournirons des services en ligne ou hors ligne.<\/li>    <li>Toutes les machines sont fabriqu\u00e9es \u00e0 partir de mat\u00e9riaux de haute qualit\u00e9 et sont durables. Nous avons plus de 10 ans d'exp\u00e9rience \u00e0 l'exportation. Il a \u00e9t\u00e9 export\u00e9 vers de nombreux pays et entretient d\u00e9sormais une coop\u00e9ration \u00e0 long terme avec de nombreux pays.<\/li> <\/ol>    <figure class=\"wp-block-gallery has-nested-images columns-default is-cropped wp-block-gallery-3 is-layout-flex wp-block-gallery-is-layout-flex\"> <figure class=\"wp-block-image size-large\"><img loading=\"lazy\" decoding=\"async\" width=\"720\" height=\"540\" data-id=\"4525\" src=\"https:\/\/taizyfarmequipment.com\/wp-content\/uploads\/2022\/04\/details-of-Hand-held-corn-planter.webp\" alt=\"D\u00e9tails du planteur de ma\u00efs portatif\" class=\"wp-image-4525\" srcset=\"https:\/\/taizyfarmequipment.com\/wp-content\/uploads\/2022\/04\/details-of-Hand-held-corn-planter.webp 720w, https:\/\/taizyfarmequipment.com\/wp-content\/uploads\/2022\/04\/details-of-Hand-held-corn-planter-300x225.webp 300w, https:\/\/taizyfarmequipment.com\/wp-content\/uploads\/2022\/04\/details-of-Hand-held-corn-planter-16x12.webp 16w\" sizes=\"auto, (max-width: 720px) 100vw, 720px\" \/><figcaption class=\"wp-element-caption\">D\u00e9tails du planteur de ma\u00efs portatif<\/figcaption><\/figure>    <figure class=\"wp-block-image size-large\"><img loading=\"lazy\" decoding=\"async\" width=\"720\" height=\"540\" data-id=\"4526\" src=\"https:\/\/taizyfarmequipment.com\/wp-content\/uploads\/2022\/04\/Hand-held-corn-planter-for-sale.webp\" alt=\"Planteur de ma\u00efs portatif \u00e0 vendre\" class=\"wp-image-4526\" srcset=\"https:\/\/taizyfarmequipment.com\/wp-content\/uploads\/2022\/04\/Hand-held-corn-planter-for-sale.webp 720w, https:\/\/taizyfarmequipment.com\/wp-content\/uploads\/2022\/04\/Hand-held-corn-planter-for-sale-300x225.webp 300w, https:\/\/taizyfarmequipment.com\/wp-content\/uploads\/2022\/04\/Hand-held-corn-planter-for-sale-16x12.webp 16w\" sizes=\"auto, (max-width: 720px) 100vw, 720px\" \/><figcaption class=\"wp-element-caption\">Planteur de ma\u00efs portatif \u00e0 vendre<\/figcaption><\/figure> <\/figure>    <h2 class=\"wp-block-heading\">Petit planteur de ma\u00efs sucr\u00e9 vendu au Ghana<\/h2>    <p>La semaine derni\u00e8re, notre client du Ghana a pris contact avec nos coordonn\u00e9es depuis le site Web. Apr\u00e8s communication, nous avons appris que le client souhaitait vendre 30 semoirs de ma\u00efs portatifs. <\/p>    <p>Apr\u00e8s avoir pr\u00e9sent\u00e9 la machine au client, celui-ci a besoin de dix machines de chaque mod\u00e8le. Voici le sch\u00e9ma d'emballage et de livraison de la machine.<\/p>    <figure class=\"wp-block-gallery has-nested-images columns-default is-cropped wp-block-gallery-4 is-layout-flex wp-block-gallery-is-layout-flex\"> <figure class=\"wp-block-image size-large\"><img loading=\"lazy\" decoding=\"async\" width=\"720\" height=\"540\" data-id=\"3155\" src=\"https:\/\/taizyfarmequipment.com\/wp-content\/uploads\/2022\/04\/wooden-case-packaging0.jpg\" alt=\"\" class=\"wp-image-3155\"\/><figcaption class=\"wp-element-caption\">Caisse en bois d'emballage de mini planteur de ma\u00efs<\/figcaption><\/figure>    <figure class=\"wp-block-image size-large\"><img loading=\"lazy\" decoding=\"async\" width=\"720\" height=\"540\" data-id=\"3156\" src=\"https:\/\/taizyfarmequipment.com\/wp-content\/uploads\/2022\/04\/loading-and-shipping-of-small-pull-behind-corn-planter0.jpg\" alt=\"chargement et exp\u00e9dition d&#039;un petit planteur de ma\u00efs \u00e0 traction\" class=\"wp-image-3156\" title=\"chargement et exp\u00e9dition d&#039;un petit planteur de ma\u00efs \u00e0 traction\"\/><figcaption class=\"wp-element-caption\">chargement et exp\u00e9dition d'un petit planteur de ma\u00efs \u00e0 traction<\/figcaption><\/figure> <\/figure>    <h2 class=\"wp-block-heading\">Conclusion<\/h2>    <p>Choisissez notre planteuse de ma\u00efs portative d\u00e8s aujourd'hui et d\u00e9couvrez un nouveau niveau d'efficacit\u00e9 et de commodit\u00e9 dans vos t\u00e2ches de plantation\u00a0! Nous nous engageons \u00e0 vous fournir des solutions de plantation de la plus haute qualit\u00e9 pour garantir un plus grand succ\u00e8s dans vos efforts agricoles. <\/p>    <p class=\"translation-block\">De plus, nous proposons d'autres \u00e9quipements tels que des <a href=\"https:\/\/taizyfarmequipment.com\/fr\/produit-2\/gruau-de-mais-faisant-la-machine\/\" data-type=\"link\" data-id=\"https:\/\/taizyfarmequipment.com\/product\/corn-grits-making-machine\/\">machines de fabrication de semoule de ma\u00efs<\/a> et des <a href=\"https:\/\/taizyfarmequipment.com\/fr\/produit-2\/broyeur-a-marteaux\/\" data-type=\"link\" data-id=\"https:\/\/taizyfarmequipment.com\/product\/hammer-mill-grinder\/\">broyeurs de ma\u00efs<\/a> pour r\u00e9pondre \u00e0 vos divers besoins en mati\u00e8re de plantation.<\/p>    <figure class=\"wp-block-image size-full\"><img loading=\"lazy\" decoding=\"async\" width=\"720\" height=\"540\" src=\"https:\/\/taizyfarmequipment.com\/wp-content\/uploads\/2022\/04\/Hand-held-corn-planter-in-stock.webp\" alt=\"Planteur de ma\u00efs \u00e0 main en stock\" class=\"wp-image-4527\" srcset=\"https:\/\/taizyfarmequipment.com\/wp-content\/uploads\/2022\/04\/Hand-held-corn-planter-in-stock.webp 720w, https:\/\/taizyfarmequipment.com\/wp-content\/uploads\/2022\/04\/Hand-held-corn-planter-in-stock-300x225.webp 300w, https:\/\/taizyfarmequipment.com\/wp-content\/uploads\/2022\/04\/Hand-held-corn-planter-in-stock-16x12.webp 16w\" sizes=\"auto, (max-width: 720px) 100vw, 720px\" \/><figcaption class=\"wp-element-caption\">Planteur de ma\u00efs \u00e0 main en stock<\/figcaption><\/figure>","protected":false},"excerpt":{"rendered":"<p>Le planteur de ma\u00efs portatif est le choix parfait pour planter du ma\u00efs. Sa technologie de semis pr\u00e9cise garantit le placement pr\u00e9cis de chaque graine, maximisant ainsi les rendements des cultures. <\/p>","protected":false},"author":1,"featured_media":3144,"parent":0,"template":"","tags":[306,307,308],"product-type":[235],"class_list":["post-3143","product","type-product","status-publish","has-post-thumbnail","hentry","tag-corn","tag-maize","tag-planter","product-type-planter"],"_links":{"self":[{"href":"https:\/\/taizyfarmequipment.com\/fr\/wp-json\/wp\/v2\/product\/3143","targetHints":{"allow":["GET"]}}],"collection":[{"href":"https:\/\/taizyfarmequipment.com\/fr\/wp-json\/wp\/v2\/product"}],"about":[{"href":"https:\/\/taizyfarmequipment.com\/fr\/wp-json\/wp\/v2\/types\/product"}],"author":[{"embeddable":true,"href":"https:\/\/taizyfarmequipment.com\/fr\/wp-json\/wp\/v2\/users\/1"}],"wp:featuredmedia":[{"embeddable":true,"href":"https:\/\/taizyfarmequipment.com\/fr\/wp-json\/wp\/v2\/media\/3144"}],"wp:attachment":[{"href":"https:\/\/taizyfarmequipment.com\/fr\/wp-json\/wp\/v2\/media?parent=3143"}],"wp:term":[{"taxonomy":"post_tag","embeddable":true,"href":"https:\/\/taizyfarmequipment.com\/fr\/wp-json\/wp\/v2\/tags?post=3143"},{"taxonomy":"product-type","embeddable":true,"href":"https:\/\/taizyfarmequipment.com\/fr\/wp-json\/wp\/v2\/product-type?post=3143"}],"curies":[{"name":"wp","href":"https:\/\/api.w.org\/{rel}","templated":true}]}}