{"id":3157,"date":"2022-04-08T07:04:24","date_gmt":"2022-04-08T07:04:24","guid":{"rendered":"https:\/\/taizyfarmequipment.com\/?post_type=product&#038;p=3157"},"modified":"2025-11-26T16:26:03","modified_gmt":"2025-11-26T08:26:03","slug":"recolteuse-de-mais-a-une-rangee","status":"publish","type":"product","link":"https:\/\/taizyfarmequipment.com\/fr\/product\/single-row-corn-harvester\/","title":{"rendered":"Moissonneuse de ma\u00efs \u00e0 une seule rang\u00e9e | Petit \u00e9greneur de ma\u00efs"},"content":{"rendered":"<div class=\"kk-star-ratings kksr-auto kksr-align-left kksr-valign-top\"     data-payload='{&quot;align&quot;:&quot;left&quot;,&quot;id&quot;:&quot;3157&quot;,&quot;slug&quot;:&quot;default&quot;,&quot;valign&quot;:&quot;top&quot;,&quot;ignore&quot;:&quot;&quot;,&quot;reference&quot;:&quot;auto&quot;,&quot;class&quot;:&quot;&quot;,&quot;count&quot;:&quot;27&quot;,&quot;legendonly&quot;:&quot;&quot;,&quot;readonly&quot;:&quot;&quot;,&quot;score&quot;:&quot;4.7&quot;,&quot;starsonly&quot;:&quot;&quot;,&quot;best&quot;:&quot;5&quot;,&quot;gap&quot;:&quot;5&quot;,&quot;greet&quot;:&quot;Rate this product&quot;,&quot;legend&quot;:&quot;4.7\\\/5 - (27 votes)&quot;,&quot;size&quot;:&quot;24&quot;,&quot;title&quot;:&quot;Single row corn harvester | Small corn picker&quot;,&quot;width&quot;:&quot;133.8&quot;,&quot;_legend&quot;:&quot;{score}\\\/{best} - ({count} {votes})&quot;,&quot;font_factor&quot;:&quot;1.25&quot;}'>              <div class=\"kksr-stars\">      <div class=\"kksr-stars-inactive\">             <div class=\"kksr-star\" data-star=\"1\" style=\"padding-right: 5px\">               <div class=\"kksr-icon\" style=\"width: 24px; height: 24px;\"><\/div>         <\/div>             <div class=\"kksr-star\" data-star=\"2\" style=\"padding-right: 5px\">               <div class=\"kksr-icon\" style=\"width: 24px; height: 24px;\"><\/div>         <\/div>             <div class=\"kksr-star\" data-star=\"3\" style=\"padding-right: 5px\">               <div class=\"kksr-icon\" style=\"width: 24px; height: 24px;\"><\/div>         <\/div>             <div class=\"kksr-star\" data-star=\"4\" style=\"padding-right: 5px\">               <div class=\"kksr-icon\" style=\"width: 24px; height: 24px;\"><\/div>         <\/div>             <div class=\"kksr-star\" data-star=\"5\" style=\"padding-right: 5px\">               <div class=\"kksr-icon\" style=\"width: 24px; height: 24px;\"><\/div>         <\/div>     <\/div>      <div class=\"kksr-stars-active\" style=\"width: 133.8px;\">             <div class=\"kksr-star\" style=\"padding-right: 5px\">               <div class=\"kksr-icon\" style=\"width: 24px; height: 24px;\"><\/div>         <\/div>             <div class=\"kksr-star\" style=\"padding-right: 5px\">               <div class=\"kksr-icon\" style=\"width: 24px; height: 24px;\"><\/div>         <\/div>             <div class=\"kksr-star\" style=\"padding-right: 5px\">               <div class=\"kksr-icon\" style=\"width: 24px; height: 24px;\"><\/div>         <\/div>             <div class=\"kksr-star\" style=\"padding-right: 5px\">               <div class=\"kksr-icon\" style=\"width: 24px; height: 24px;\"><\/div>         <\/div>             <div class=\"kksr-star\" style=\"padding-right: 5px\">               <div class=\"kksr-icon\" style=\"width: 24px; height: 24px;\"><\/div>         <\/div>     <\/div> <\/div>                   <div class=\"kksr-legend\" style=\"font-size: 19.2px;\">             4,7\/5 - (27 votes)    <\/div>     <\/div>  <p class=\"translation-block\">Maintenant, le moissonneur de ma\u00efs \u00e0 une seule rang\u00e9e est populaire dans de nombreux pays. De plus, le petit ramasseur de ma\u00efs est petit, l\u00e9ger et facile \u00e0 utiliser, ce qui peut r\u00e9pondre aux besoins de nombreux agriculteurs. Ce petit ramasseur de ma\u00efs est abordable et comble le besoin des agriculteurs qui ont des champs dans les collines, les montagnes et d'autres endroits o\u00f9 de grandes machines sont difficiles d'acc\u00e8s et de travail. De plus, nous recommandons des moissonneurs de ma\u00efs de petite taille aux agriculteurs ayant des champs \u00e0 petite \u00e9chelle pour r\u00e9colter le ma\u00efs. En outre, nous avons \u00e9galement des moissonneurs de ma\u00efs mont\u00e9s sur <a href=\"https:\/\/taizyfarmequipment.com\/fr\/produit-2\/tracteur-a-marche-2\/\">tracteur \u00e0 marche<\/a>, des <a href=\"https:\/\/www.agriculture-machine.com\/potato-harvester-two-models-of-potato-harvester\/\" target=\"_blank\" rel=\"noopener\">moissonneurs de pommes de terre<\/a>, des moissonneurs de cacahu\u00e8tes et des <a href=\"https:\/\/www.agriculture-machine.com\/combine-harvester\/\" target=\"_blank\" rel=\"noopener\">moissonneurs de bl\u00e9 et de riz<\/a>. Cet article pr\u00e9sente principalement le moissonneur de ma\u00efs \u00e0 une seule rang\u00e9e.<\/p>    <h2 class=\"wp-block-heading\" id=\"h-what-is-a-single-row-corn-harvester\">Qu'est-ce qu'une arracheuse de ma\u00efs \u00e0 un rang ?<\/h2>    <p>Les petites r\u00e9colteuses de ma\u00efs \u00e0 un seul rang ne peuvent r\u00e9colter qu\u2019un seul rang de ma\u00efs \u00e0 la fois. Et la machine peut ramasser le ma\u00efs tout en \u00e9crasant les tiges de ma\u00efs dans le champ. Concernant la puissance, nous pouvons \u00e9quiper la r\u00e9colteuse de ma\u00efs de moteurs essence et diesel. Ainsi, les clients peuvent choisir en fonction de leurs besoins. Et ce cueilleur de ma\u00efs est facile \u00e0 utiliser et dispose de quatre roues pour une mobilit\u00e9 ais\u00e9e. De plus, il y a un panier sur un c\u00f4t\u00e9 du cueilleur de ma\u00efs. Lorsque le panier est plein, le client peut ouvrir le panier et le ma\u00efs r\u00e9colt\u00e9 formera un tas. De plus, vous pouvez \u00e9galement installer un sac sous le panier pour faciliter la collecte du ma\u00efs. Et la r\u00e9colteuse de ma\u00efs est applicable aux petits blocs de terre, aux r\u00e9gions montagneuses et aux terrains vallonn\u00e9s.<\/p>    <figure class=\"wp-block-gallery has-nested-images columns-default is-cropped wp-block-gallery-2 is-layout-flex wp-block-gallery-is-layout-flex\"> <figure class=\"wp-block-image size-large\"><img loading=\"lazy\" decoding=\"async\" width=\"720\" height=\"540\" data-id=\"3159\" src=\"https:\/\/taizyfarmequipment.com\/wp-content\/uploads\/2022\/04\/single-row-corn-harvester1.jpg\" alt=\"r\u00e9colteuse de ma\u00efs \u00e0 une rang\u00e9e\" class=\"wp-image-3159\" title=\"r\u00e9colteuse de ma\u00efs \u00e0 une rang\u00e9e\"\/><figcaption class=\"wp-element-caption\">r\u00e9colteuse de ma\u00efs \u00e0 une rang\u00e9e<\/figcaption><\/figure>    <figure class=\"wp-block-image size-large\"><img loading=\"lazy\" decoding=\"async\" width=\"720\" height=\"540\" data-id=\"3160\" src=\"https:\/\/taizyfarmequipment.com\/wp-content\/uploads\/2022\/04\/corn-picker1-.jpg\" alt=\"cueilleur de ma\u00efs\" class=\"wp-image-3160\" title=\"cueilleur de ma\u00efs\"\/><figcaption class=\"wp-element-caption\">cueilleur de ma\u00efs<\/figcaption><\/figure> <\/figure>    <h2 class=\"wp-block-heading\">Quelles pi\u00e8ces composent un petit cueilleur de ma\u00efs ?<\/h2>    <p>Ce petit ramasseur de ma\u00efs comprend principalement un cadre, un r\u00e9servoir, une alimentation (moteur \u00e0 essence ou diesel), la roue avec pneu, la poign\u00e9e, la prise pour le r\u00e9glage de la hauteur, l'embrayage de marche, le rouleau, le dispositif de broyage, etc. Le moissonneur de ma\u00efs tract\u00e9 est de petite taille, facile \u00e0 installer, simple \u00e0 utiliser et pratique \u00e0 d\u00e9placer.<\/p>    <figure class=\"wp-block-image size-full\"><img loading=\"lazy\" decoding=\"async\" width=\"720\" height=\"540\" src=\"https:\/\/taizyfarmequipment.com\/wp-content\/uploads\/2022\/04\/small-corn-harvester1.jpg\" alt=\"petite r\u00e9colteuse de ma\u00efs\" class=\"wp-image-3161\"\/><figcaption class=\"wp-element-caption\">petite r\u00e9colteuse de ma\u00efs<\/figcaption><\/figure>    <h2 class=\"wp-block-heading\">Quels sont les avantages de la r\u00e9colteuse de ma\u00efs tract\u00e9e\u00a0?<\/h2>    <p>1. Cette r\u00e9colteuse de ma\u00efs tract\u00e9e est petite et adaptable, et nous pouvons l'utiliser pour des champs sporadiques tels que les collines et les montagnes que les grandes r\u00e9colteuses de ma\u00efs ne peuvent pas traverser.&nbsp;<\/p>    <p>2. Fonctions compl\u00e8tes, telles que cueillir les \u00e9pis, boxer, briser et renvoyer la paille au champ, etc. Cette petite r\u00e9colteuse de ma\u00efs sucr\u00e9 a presque les m\u00eames fonctions que la grande r\u00e9colteuse de ma\u00efs.&nbsp; &nbsp;<\/p>    <p>3. Il est facile \u00e0 installer et \u00e0 d\u00e9monter, et permet de r\u00e9aliser de multiples utilisations dans une seule machine.&nbsp; &nbsp;<\/p>    <p>4. L'op\u00e9ration est flexible et le rayon de braquage est petit et facile \u00e0 utiliser. La hauteur de coupe peut \u00eatre ajust\u00e9e et les clients peuvent l'ajuster en fonction de leurs propres besoins.<\/p>    <h2 class=\"wp-block-heading\">Comment choisir correctement une r\u00e9colteuse de ma\u00efs \u00e0 usage domestique ?<\/h2>    <p>1. Applicabilit\u00e9 r\u00e9gionale. La r\u00e9colteuse de ma\u00efs \u00e0 une rang\u00e9e convient aux petits champs, aux collines, aux montagnes, etc.<\/p>    <p>2. La question du recouvrement des co\u00fbts apr\u00e8s investissement doit \u00eatre prise en compte. Les clients peuvent choisir la r\u00e9colteuse de ma\u00efs de la bonne taille en fonction des avantages.<\/p>    <p>3. Correspondance de puissance. Choisissez la puissance appropri\u00e9e en fonction des conditions locales, moteur essence ou moteur diesel.<\/p>    <p>4. Envisagez les m\u00e9thodes d'\u00e9limination de la paille. La r\u00e9colteuse de ma\u00efs \u00e0 un rang \u00e9crase directement les tiges dans le champ. Les clients doivent choisir une r\u00e9colteuse de paille adapt\u00e9e \u00e0 leurs propres besoins.<\/p>    <figure class=\"wp-block-gallery has-nested-images columns-default is-cropped wp-block-gallery-3 is-layout-flex wp-block-gallery-is-layout-flex\"> <figure class=\"wp-block-image size-large\"><img loading=\"lazy\" decoding=\"async\" width=\"720\" height=\"540\" data-id=\"3162\" src=\"https:\/\/taizyfarmequipment.com\/wp-content\/uploads\/2022\/04\/corn-pickers-factory1.jpg\" alt=\"usine de r\u00e9colte de ma\u00efs\" class=\"wp-image-3162\" title=\"usine de r\u00e9colte de ma\u00efs\"\/><figcaption class=\"wp-element-caption\">usine de r\u00e9colte de ma\u00efs<\/figcaption><\/figure>    <figure class=\"wp-block-image size-large\"><img loading=\"lazy\" decoding=\"async\" width=\"720\" height=\"540\" data-id=\"3163\" src=\"https:\/\/taizyfarmequipment.com\/wp-content\/uploads\/2022\/04\/walk-behind-corn-harvester1.jpg\" alt=\"marcher derri\u00e8re la r\u00e9colteuse de ma\u00efs\" class=\"wp-image-3163\" title=\"marcher derri\u00e8re la r\u00e9colteuse de ma\u00efs\"\/><figcaption class=\"wp-element-caption\">marcher derri\u00e8re la r\u00e9colteuse de ma\u00efs<\/figcaption><\/figure> <\/figure>    <h2 class=\"wp-block-heading\">FAQ<\/h2>    <p>1. Cette r\u00e9colteuse peut-elle \u00e9plucher la peau du ma\u00efs ?<\/p>    <p>Non, \u00e7a ne peut pas<\/p>    <p>2. O\u00f9 se trouve la paille de ma\u00efs apr\u00e8s la r\u00e9colte ?<\/p>    <p>Ils reviendront au champ apr\u00e8s avoir \u00e9t\u00e9 broy\u00e9s par 10 lames dans le bas de la machine.<\/p>    <p>3. Quelle est la hauteur du chaume ?<\/p>    <p>Nous pouvons nous ajuster, mais la hauteur minimale est de 10 cm.<\/p>    <p>4. Combien de lames de broyage ?<\/p>    <p>Il y a 10 lames de broyage au fond.<\/p>    <p>5. Les lames se cassent-elles facilement ? Combien de temps puis-je l'utiliser ?<\/p>    <p>Oui, les lames sont des pi\u00e8ces qui se cassent facilement, notamment lorsqu'elles rencontrent de grosses pierres ou d'autres obstacles tr\u00e8s durs. Habituellement, nous pouvons l'utiliser pendant un an. Nous vous envoyons gratuitement 1 unit\u00e9 suppl\u00e9mentaire (10 pi\u00e8ces) avec la r\u00e9colteuse de ma\u00efs lors de la livraison.<\/p>    <p>6. Y aura-t-il du ma\u00efs qui ne pourra pas \u00eatre r\u00e9colt\u00e9 ?<\/p>    <p>Avec l'exp\u00e9rience pratique, le taux de r\u00e9colte du ma\u00efs est sup\u00e9rieur \u00e0 98%.<\/p>    <p>7. Quelle quantit\u00e9 de ma\u00efs peut-on collecter dans le conteneur situ\u00e9 sur le c\u00f4t\u00e9 de la machine\u00a0?<\/p>    <p>Selon la taille du ma\u00efs, il peut g\u00e9n\u00e9ralement en collecter 30 \u00e0 50 pi\u00e8ces.<\/p>    <h2 class=\"wp-block-heading\">Petit cueilleur de ma\u00efs sucr\u00e9\u00a0vendu \u00e0 la Malaisie<\/h2>    <p>Our customers from Malaysia get our contact information from Alibaba. Our sales manager learned through communication that the customer needs a corn harvester. The client&#8217;s budget is not high and the area to be harvested is not large. So we recommend a small sweet corn harvester to the client. Since the customer wanted to buy one for a friend, the customer finally decided to buy two machines from us. Below are the packaging and shipping&nbsp;pictures&nbsp;of the&nbsp;home use corn harvester&nbsp;machine.<\/p>    <figure class=\"wp-block-gallery has-nested-images columns-default is-cropped wp-block-gallery-4 is-layout-flex wp-block-gallery-is-layout-flex\"> <figure class=\"wp-block-image size-large\"><img loading=\"lazy\" decoding=\"async\" width=\"720\" height=\"540\" data-id=\"3164\" src=\"https:\/\/taizyfarmequipment.com\/wp-content\/uploads\/2022\/04\/home-use-maize-harvester0.jpg\" alt=\"r\u00e9colteuse de ma\u00efs \u00e0 usage domestique\" class=\"wp-image-3164\" title=\"r\u00e9colteuse de ma\u00efs \u00e0 usage domestique\"\/><figcaption class=\"wp-element-caption\">r\u00e9colteuse de ma\u00efs \u00e0 usage domestique<\/figcaption><\/figure>    <figure class=\"wp-block-image size-large\"><img loading=\"lazy\" decoding=\"async\" width=\"720\" height=\"540\" data-id=\"3165\" src=\"https:\/\/taizyfarmequipment.com\/wp-content\/uploads\/2022\/04\/packing-of-small-corn-harvester0.jpg\" alt=\"emballage d&#039;une petite r\u00e9colteuse de ma\u00efs\" class=\"wp-image-3165\" title=\"emballage d&#039;une petite r\u00e9colteuse de ma\u00efs\"\/><figcaption class=\"wp-element-caption\">emballage d'une petite r\u00e9colteuse de ma\u00efs<\/figcaption><\/figure>    <figure class=\"wp-block-image size-large\"><img loading=\"lazy\" decoding=\"async\" width=\"720\" height=\"540\" data-id=\"3166\" src=\"https:\/\/taizyfarmequipment.com\/wp-content\/uploads\/2022\/04\/loading-and-shipping-of-small-scale-corn-harvester0.jpg\" alt=\"exp\u00e9dition d&#039;une r\u00e9colteuse de ma\u00efs \u00e0 petite \u00e9chelle\" class=\"wp-image-3166\" title=\"exp\u00e9dition d&#039;une r\u00e9colteuse de ma\u00efs \u00e0 petite \u00e9chelle\"\/><figcaption class=\"wp-element-caption\">exp\u00e9dition d'une r\u00e9colteuse de ma\u00efs \u00e0 petite \u00e9chelle<\/figcaption><\/figure> <\/figure>","protected":false},"excerpt":{"rendered":"<p>La r\u00e9colteuse de ma\u00efs \u00e0 une rang\u00e9e est petite, l\u00e9g\u00e8re et facile \u00e0 utiliser, ce qui peut r\u00e9pondre aux besoins des agriculteurs. Il est populaire dans de nombreux pays.<\/p>","protected":false},"author":1,"featured_media":3158,"parent":0,"template":"","tags":[245,248,249,247,250,244,246],"product-type":[128],"class_list":["post-3157","product","type-product","status-publish","has-post-thumbnail","hentry","tag-corn-picker-for-sale","tag-home-use-maize-harvster","tag-mini-corn-harvester","tag-pull-behind-corn-harvester","tag-single-row-corn-harvester","tag-single-row-corn-picker","tag-small-scale-corn-harvester","product-type-harvester"],"_links":{"self":[{"href":"https:\/\/taizyfarmequipment.com\/fr\/wp-json\/wp\/v2\/product\/3157","targetHints":{"allow":["GET"]}}],"collection":[{"href":"https:\/\/taizyfarmequipment.com\/fr\/wp-json\/wp\/v2\/product"}],"about":[{"href":"https:\/\/taizyfarmequipment.com\/fr\/wp-json\/wp\/v2\/types\/product"}],"author":[{"embeddable":true,"href":"https:\/\/taizyfarmequipment.com\/fr\/wp-json\/wp\/v2\/users\/1"}],"wp:featuredmedia":[{"embeddable":true,"href":"https:\/\/taizyfarmequipment.com\/fr\/wp-json\/wp\/v2\/media\/3158"}],"wp:attachment":[{"href":"https:\/\/taizyfarmequipment.com\/fr\/wp-json\/wp\/v2\/media?parent=3157"}],"wp:term":[{"taxonomy":"post_tag","embeddable":true,"href":"https:\/\/taizyfarmequipment.com\/fr\/wp-json\/wp\/v2\/tags?post=3157"},{"taxonomy":"product-type","embeddable":true,"href":"https:\/\/taizyfarmequipment.com\/fr\/wp-json\/wp\/v2\/product-type?post=3157"}],"curies":[{"name":"wp","href":"https:\/\/api.w.org\/{rel}","templated":true}]}}