{"id":3167,"date":"2022-04-11T09:49:56","date_gmt":"2022-04-11T09:49:56","guid":{"rendered":"https:\/\/taizyfarmequipment.com\/?post_type=product&#038;p=3167"},"modified":"2025-11-26T14:39:17","modified_gmt":"2025-11-26T06:39:17","slug":"machine-a-eplucher-le-soja","status":"publish","type":"product","link":"https:\/\/taizyfarmequipment.com\/fr\/product\/soybean-peeling-machine\/","title":{"rendered":"Machine \u00e0 \u00e9plucher le soja | \u00c9plucheur de haricots domestique \u00e0 petite \u00e9chelle"},"content":{"rendered":"<div class=\"kk-star-ratings kksr-auto kksr-align-left kksr-valign-top\"     data-payload='{&quot;align&quot;:&quot;left&quot;,&quot;id&quot;:&quot;3167&quot;,&quot;slug&quot;:&quot;default&quot;,&quot;valign&quot;:&quot;top&quot;,&quot;ignore&quot;:&quot;&quot;,&quot;reference&quot;:&quot;auto&quot;,&quot;class&quot;:&quot;&quot;,&quot;count&quot;:&quot;19&quot;,&quot;legendonly&quot;:&quot;&quot;,&quot;readonly&quot;:&quot;&quot;,&quot;score&quot;:&quot;4.7&quot;,&quot;starsonly&quot;:&quot;&quot;,&quot;best&quot;:&quot;5&quot;,&quot;gap&quot;:&quot;5&quot;,&quot;greet&quot;:&quot;Rate this product&quot;,&quot;legend&quot;:&quot;4.7\\\/5 - (19 votes)&quot;,&quot;size&quot;:&quot;24&quot;,&quot;title&quot;:&quot;Soybean peeling machine | Household small scale beans peeler&quot;,&quot;width&quot;:&quot;133.8&quot;,&quot;_legend&quot;:&quot;{score}\\\/{best} - ({count} {votes})&quot;,&quot;font_factor&quot;:&quot;1.25&quot;}'>              <div class=\"kksr-stars\">      <div class=\"kksr-stars-inactive\">             <div class=\"kksr-star\" data-star=\"1\" style=\"padding-right: 5px\">               <div class=\"kksr-icon\" style=\"width: 24px; height: 24px;\"><\/div>         <\/div>             <div class=\"kksr-star\" data-star=\"2\" style=\"padding-right: 5px\">               <div class=\"kksr-icon\" style=\"width: 24px; height: 24px;\"><\/div>         <\/div>             <div class=\"kksr-star\" data-star=\"3\" style=\"padding-right: 5px\">               <div class=\"kksr-icon\" style=\"width: 24px; height: 24px;\"><\/div>         <\/div>             <div class=\"kksr-star\" data-star=\"4\" style=\"padding-right: 5px\">               <div class=\"kksr-icon\" style=\"width: 24px; height: 24px;\"><\/div>         <\/div>             <div class=\"kksr-star\" data-star=\"5\" style=\"padding-right: 5px\">               <div class=\"kksr-icon\" style=\"width: 24px; height: 24px;\"><\/div>         <\/div>     <\/div>      <div class=\"kksr-stars-active\" style=\"width: 133.8px;\">             <div class=\"kksr-star\" style=\"padding-right: 5px\">               <div class=\"kksr-icon\" style=\"width: 24px; height: 24px;\"><\/div>         <\/div>             <div class=\"kksr-star\" style=\"padding-right: 5px\">               <div class=\"kksr-icon\" style=\"width: 24px; height: 24px;\"><\/div>         <\/div>             <div class=\"kksr-star\" style=\"padding-right: 5px\">               <div class=\"kksr-icon\" style=\"width: 24px; height: 24px;\"><\/div>         <\/div>             <div class=\"kksr-star\" style=\"padding-right: 5px\">               <div class=\"kksr-icon\" style=\"width: 24px; height: 24px;\"><\/div>         <\/div>             <div class=\"kksr-star\" style=\"padding-right: 5px\">               <div class=\"kksr-icon\" style=\"width: 24px; height: 24px;\"><\/div>         <\/div>     <\/div> <\/div>                   <div class=\"kksr-legend\" style=\"font-size: 19.2px;\">             4,7\/5 - (19 votes)    <\/div>     <\/div>  <p>La machine \u00e0 \u00e9plucher le soja peut \u00e9liminer efficacement la peau externe du soja. Cette machine offre plusieurs avantages cl\u00e9s, notamment une efficacit\u00e9 de pelage \u00e9lev\u00e9e, des dommages minimes aux grains et des performances constantes. Il dispose d'un m\u00e9canisme de pelage avanc\u00e9 qui garantit une \u00e9limination compl\u00e8te de la peau tout en pr\u00e9servant l'int\u00e9grit\u00e9 des grains.<\/p>    <p>Nous, Taizy, disposons de trois types de machines pour \u00e9plucher diff\u00e9rents grains. Les haricots pel\u00e9s n'ont pas d'odeur de poisson, ce qui peut am\u00e9liorer le go\u00fbt des produits \u00e0 base de soja et am\u00e9liorer la qualit\u00e9 et la valeur ajout\u00e9e des produits \u00e0 base de soja. <\/p>    <p>Maintenant, notre machine \u00e0 \u00e9plucher le soja a \u00e9t\u00e9 export\u00e9e vers de nombreux pays \u00e9trangers. Les exemples sont le Nigeria, le Togo, le Vietnam, le Canada, le Pakistan, le Cameroun, etc. Et les clients sont tr\u00e8s satisfaits de nos machines.<\/p>    <figure class=\"wp-block-embed is-type-video is-provider-youtube wp-block-embed-youtube wp-embed-aspect-16-9 wp-has-aspect-ratio\"><div class=\"wp-block-embed__wrapper\"> <iframe loading=\"lazy\" title=\"\u00c9plucheur de soja : choisir le meilleur mod\u00e8le pour vos besoins #soybean #soybeans\" width=\"500\" height=\"281\" src=\"https:\/\/www.youtube.com\/embed\/VODibd3Ve0U?feature=oembed\" frameborder=\"0\" allow=\"accelerometer; autoplay; clipboard-write; encrypted-media; gyroscope; picture-in-picture; web-share\" referrerpolicy=\"strict-origin-when-cross-origin\" allowfullscreen><\/iframe> <\/div><figcaption class=\"wp-element-caption\">Vid\u00e9o de fonctionnement de la machine \u00e0 \u00e9plucher le soja<\/figcaption><\/figure>    <h2 class=\"wp-block-heading\" id=\"h-what-is-a-soybean-peeling-machine\">Qu'est-ce qu'une machine \u00e0 \u00e9plucher le soja ?<\/h2>    <p>La machine \u00e0 \u00e9plucher le soja est un \u00e9quipement qui peut enlever et s\u00e9parer les peaux de divers haricots. Cette machine est un mod\u00e8le professionnel de pelage \u00e0 sec avec un taux de pelage sup\u00e9rieur \u00e0 95%. \u00c9plucher toutes sortes de haricots peut am\u00e9liorer le go\u00fbt des produits \u00e0 base de soja, la qualit\u00e9 et la valeur ajout\u00e9e des produits \u00e0 base de soja. Par cons\u00e9quent, un \u00e9plucheur de soja est un \u00e9quipement id\u00e9al pour \u00e9liminer l\u2019odeur du soja et am\u00e9liorer la qualit\u00e9 des produits \u00e0 base de soja.<\/p>    <p class=\"translation-block\">La machine d'\u00e9pluchage des haricots pr\u00e9sente une qualit\u00e9 fiable, une haute efficacit\u00e9, une \u00e9conomie d'\u00e9nergie et est facile \u00e0 utiliser. Elle convient aux usines de transformation alimentaire, h\u00f4tels, cantines, m\u00e9nages professionnels, etc. De plus, nous proposons \u00e9galement une <a href=\"https:\/\/taizyfarmequipment.com\/fr\/produit-2\/decortiqueuse-automatique-depluchage-de-graines-de-sesame\/\">machine d'\u00e9pluchage des graines de s\u00e9same<\/a>, qui peut \u00e9plucher le s\u00e9same proprement. Cet article pr\u00e9sente principalement les machines d'\u00e9pluchage de haricots.<\/p>    <figure class=\"wp-block-gallery has-nested-images columns-default is-cropped wp-block-gallery-2 is-layout-flex wp-block-gallery-is-layout-flex\"> <figure class=\"wp-block-image size-full\"><img loading=\"lazy\" decoding=\"async\" width=\"720\" height=\"540\" data-id=\"4961\" src=\"https:\/\/taizyfarmequipment.com\/wp-content\/uploads\/2022\/04\/soybean-peeling-machine.webp\" alt=\"machine \u00e0 \u00e9plucher le soja\" class=\"wp-image-4961\" title=\"machine \u00e0 \u00e9plucher le soja\" srcset=\"https:\/\/taizyfarmequipment.com\/wp-content\/uploads\/2022\/04\/soybean-peeling-machine.webp 720w, https:\/\/taizyfarmequipment.com\/wp-content\/uploads\/2022\/04\/soybean-peeling-machine-300x225.webp 300w, https:\/\/taizyfarmequipment.com\/wp-content\/uploads\/2022\/04\/soybean-peeling-machine-16x12.webp 16w\" sizes=\"auto, (max-width: 720px) 100vw, 720px\" \/><figcaption class=\"wp-element-caption\">machine \u00e0 \u00e9plucher le soja<\/figcaption><\/figure>    <figure class=\"wp-block-image size-large\"><img loading=\"lazy\" decoding=\"async\" width=\"720\" height=\"540\" data-id=\"3170\" src=\"https:\/\/taizyfarmequipment.com\/wp-content\/uploads\/2022\/04\/red-bean-peeling-machine1.jpg\" alt=\"\" class=\"wp-image-3170\"\/><figcaption class=\"wp-element-caption\">machine \u00e0 \u00e9plucher les haricots rouges<\/figcaption><\/figure>    <figure class=\"wp-block-image size-large\"><img loading=\"lazy\" decoding=\"async\" width=\"720\" height=\"540\" data-id=\"3171\" src=\"https:\/\/taizyfarmequipment.com\/wp-content\/uploads\/2022\/04\/broad-bean-peeler1.jpg\" alt=\"\u00e9plucheur de f\u00e8ves\" class=\"wp-image-3171\" title=\"\u00e9plucheur de f\u00e8ves\"\/><figcaption class=\"wp-element-caption\">\u00e9plucheur de f\u00e8ves<\/figcaption><\/figure> <\/figure>    <h2 class=\"wp-block-heading\">Quels mat\u00e9riaux l'\u00e9plucheur de haricots domestique peut-il g\u00e9rer\u00a0?<\/h2>    <p>L'\u00e9plucheur de haricots domestique peut traiter les pois chiches, les haricots noirs, les haricots rouges, le soja, les lentilles, les f\u00e8ves, les pois verts, les pois chiches, les haricots verts, les haricots noirs, etc. Cet \u00e9plucheur de haricots \u00e0 petite \u00e9chelle est donc multifonctionnel et peut r\u00e9pondre \u00e0 la plupart des besoins. besoins de l'utilisateur.<\/p>    <figure class=\"wp-block-image size-full is-resized\"><img loading=\"lazy\" decoding=\"async\" width=\"720\" height=\"540\" src=\"https:\/\/taizyfarmequipment.com\/wp-content\/uploads\/2022\/04\/various-beans0.jpg\" alt=\"divers haricots \" class=\"wp-image-3172\" title=\"divers haricots \"\/><figcaption class=\"wp-element-caption\">divers haricots <\/figcaption><\/figure>    <h2 class=\"wp-block-heading\">Mod\u00e8le 1\u00a0: machine \u00e0 enlever la peau du soja<\/h2>    <p>Ce mod\u00e8le d'\u00e9plucheur de soja permet de d\u00e9coller la peau de haricots ronds relativement r\u00e9guliers. Par exemple, les haricots noirs, les haricots ronds purs, les pois, les haricots mungo, les haricots noirs, le soja, les haricots rouges, etc. Cette machine \u00e0 \u00e9plucher les haricots mungo est de petite taille, l\u00e9g\u00e8re, de petite puissance, occupe moins de surface et est facile \u00e0 utiliser.<\/p>    <figure class=\"wp-block-image size-full\"><img loading=\"lazy\" decoding=\"async\" width=\"720\" height=\"540\" src=\"https:\/\/taizyfarmequipment.com\/wp-content\/uploads\/2022\/04\/beans-peeling-machine-1.webp\" alt=\"machine \u00e0 \u00e9plucher les haricots\" class=\"wp-image-4962\" title=\"machine \u00e0 \u00e9plucher le soja\" srcset=\"https:\/\/taizyfarmequipment.com\/wp-content\/uploads\/2022\/04\/beans-peeling-machine-1.webp 720w, https:\/\/taizyfarmequipment.com\/wp-content\/uploads\/2022\/04\/beans-peeling-machine-1-300x225.webp 300w, https:\/\/taizyfarmequipment.com\/wp-content\/uploads\/2022\/04\/beans-peeling-machine-1-16x12.webp 16w\" sizes=\"auto, (max-width: 720px) 100vw, 720px\" \/><figcaption class=\"wp-element-caption\">machine \u00e0 \u00e9plucher les haricots<\/figcaption><\/figure>    <h3 class=\"wp-block-heading\">De quelle construction est la machine \u00e0 \u00e9plucher les haricots rouges\u00a0?<\/h3>    <p>La machine \u00e0 \u00e9plucher les haricots rouges comprend principalement une bo\u00eete de distribution, un bac d'alimentation, un moteur, un ventilateur, une vanne de contr\u00f4le du volume d'air, un tuyau de r\u00e9seau d'air, une sortie de mat\u00e9riau, etc. La structure globale de la machine est compacte et occupe une petite surface.<\/p>    <figure class=\"wp-block-image size-full\"><img loading=\"lazy\" decoding=\"async\" width=\"720\" height=\"540\" src=\"https:\/\/taizyfarmequipment.com\/wp-content\/uploads\/2022\/04\/green-pea-peeling-machine1.jpg\" alt=\"\u00e9plucheur de soja\" class=\"wp-image-3174\" title=\"\u00e9plucheur de soja\"\/><figcaption class=\"wp-element-caption\">\u00e9plucheur de soja<\/figcaption><\/figure>    <h3 class=\"wp-block-heading\">Quelle est la sp\u00e9cification de l\u2019\u00e9plucheur de haricots mungo\u00a0?<\/h3>    <figure class=\"wp-block-table\"><table><tbody><tr><td>Mod\u00e8le<\/td><td>TZ-10<\/td><\/tr><tr><td>Poids<\/td><td>200 kg<\/td><\/tr><tr><td>Taille<\/td><td>190*140*75cm<\/td><\/tr><tr><td>Capacit\u00e9<\/td><td>300-400kg\/heure<\/td><\/tr><tr><td>Pouvoir<\/td><td>5,5 kW + 1,5 kW<\/td><\/tr><\/tbody><\/table><figcaption class=\"wp-element-caption\">Sp\u00e9cifications de l'\u00e9plucheur de haricots mungo<\/figcaption><\/figure>    <h2 class=\"wp-block-heading\">Mod\u00e8le 2 : Machine \u00e0 \u00e9plucher les lentilles<\/h2>    <p>Cette machine \u00e0 \u00e9plucher les lentilles peut enlever les peaux de haricots ronds et plats. La fonction de la machine est plus puissante. Et la puissance de cette machine est un moteur \u00e9lectrique. L'intensit\u00e9 du pelage de cette machine peut \u00eatre ajust\u00e9e. Les clients peuvent ajuster la force de la machine en fonction de leurs besoins. <\/p>    <p>La machine \u00e0 \u00e9plucher les lentilles est \u00e9quip\u00e9e d'un cyclone, qui peut collecter diverses impuret\u00e9s. Les haricots pel\u00e9s sont donc plus propres et peuvent \u00eatre vendus directement en sacs.<\/p>    <figure class=\"wp-block-image size-full is-resized\"><img loading=\"lazy\" decoding=\"async\" width=\"720\" height=\"540\" src=\"https:\/\/taizyfarmequipment.com\/wp-content\/uploads\/2022\/04\/red-bean-peeling-machine1-1.jpg\" alt=\"\u00e9plucheur de soja\" class=\"wp-image-3175\" title=\"\u00e9plucheur de soja\"\/><figcaption class=\"wp-element-caption\">\u00e9plucheur de soja<\/figcaption><\/figure>    <h3 class=\"wp-block-heading\">Quelle est la structure de la machine \u00e0 \u00e9plucher les haricots rouges\u00a0?<\/h3>    <p>La machine \u00e0 \u00e9plucher les haricots rouges comprend principalement une tr\u00e9mie, un cyclone, un dispositif d'\u00e9pluchage, un syst\u00e8me de r\u00e9glage de la pression d'\u00e9pluchage, une sortie, un moteur, etc. Ce type de machine \u00e0 \u00e9plucher peut traiter plus de haricots.<\/p>    <figure class=\"wp-block-image size-full\"><img loading=\"lazy\" decoding=\"async\" width=\"720\" height=\"540\" src=\"https:\/\/taizyfarmequipment.com\/wp-content\/uploads\/2022\/04\/soybean-peeling-machine-2.jpg\" alt=\"machine \u00e0 \u00e9plucher le soja \" class=\"wp-image-3177\" title=\"machine \u00e0 \u00e9plucher le soja \"\/><figcaption class=\"wp-element-caption\">machine \u00e0 \u00e9plucher le soja <\/figcaption><\/figure>    <h3 class=\"wp-block-heading\">Sp\u00e9cification des param\u00e8tres du <a href=\"https:\/\/en.wikipedia.org\/wiki\/Soybean\" data-type=\"link\" data-id=\"https:\/\/en.wikipedia.org\/wiki\/Soybean\" target=\"_blank\" rel=\"noopener\">soja<\/a> machine \u00e0 \u00e9plucher<\/h3>    <figure class=\"wp-block-table\"><table><tbody><tr><td>Mod\u00e8le<\/td><td>S18<\/td><\/tr><tr><td>Pouvoir<\/td><td>15KW<\/td><\/tr><tr><td>Capacit\u00e9<\/td><td>500 KG\/H<\/td><\/tr><tr><td>Taille<\/td><td>1800*1200*2150mm<\/td><\/tr><\/tbody><\/table><figcaption class=\"wp-element-caption\">param\u00e8tre de la machine \u00e0 \u00e9plucher le soja<\/figcaption><\/figure>    <h2 class=\"wp-block-heading\">Mod\u00e8le 3\u00a0: Machine \u00e0 \u00e9plucher les f\u00e8ves<\/h2>    <p>Cette \u00e9plucheuse de f\u00e8ves a une forme tr\u00e8s diff\u00e9rente des deux mod\u00e8les pr\u00e9c\u00e9dents. La machine \u00e0 \u00e9plucher les f\u00e8ves est principalement utilis\u00e9e pour les haricots aux formes irr\u00e9guli\u00e8res et aux grosses particules telles que les f\u00e8ves et les f\u00e8ves. <\/p>    <p>La machine \u00e0 \u00e9plucher les f\u00e8ves est facile \u00e0 utiliser, contient peu de particules cass\u00e9es, un bon effet de pelage, a une belle apparence, des performances fiables et une protection de l'environnement verte. Il convient aux petites usines de transformation de f\u00e8ves ou aux usines alimentaires. La puissance de la machine est aussi celle du moteur.<\/p>    <figure class=\"wp-block-image size-full\"><img loading=\"lazy\" decoding=\"async\" width=\"720\" height=\"540\" src=\"https:\/\/taizyfarmequipment.com\/wp-content\/uploads\/2022\/04\/broad-bean-peeler-2.jpg\" alt=\"\u00e9plucheur de f\u00e8ves\" class=\"wp-image-3178\" title=\"\u00e9plucheur de f\u00e8ves\"\/><figcaption class=\"wp-element-caption\">\u00e9plucheur de f\u00e8ves<\/figcaption><\/figure>    <h3 class=\"wp-block-heading\">Quels sont les composants de l\u2019\u00e9plucheur de peau de f\u00e8ves ?<\/h3>    <p>Cet \u00e9plucheur de f\u00e8ves a une structure simple. Il comprend principalement une tr\u00e9mie \u00e0 grains, un panneau de commande, un dispositif d'\u00e9pluchage, une sortie de grains, etc.<\/p>    <figure class=\"wp-block-image size-full\"><img loading=\"lazy\" decoding=\"async\" width=\"720\" height=\"540\" src=\"https:\/\/taizyfarmequipment.com\/wp-content\/uploads\/2022\/04\/Fava-beans-skin-peeler-2.jpg\" alt=\"\u00c9plucheur de peau de f\u00e8ves \" class=\"wp-image-3179\" title=\"\u00c9plucheur de peau de f\u00e8ves \"\/><figcaption class=\"wp-element-caption\">\u00c9plucheur de peau de f\u00e8ves <\/figcaption><\/figure>    <h3 class=\"wp-block-heading\">D\u00e9tails de la machine \u00e0 \u00e9plucher le soja<\/h3>    <figure class=\"wp-block-table\"><table><tbody><tr><td>Taille<\/td><td>1000*1150*1400mm<\/td><\/tr><tr><td>Pouvoir<\/td><td>5KW<\/td><\/tr><tr><td>Capacit\u00e9<\/td><td>200 KG\/H<\/td><\/tr><tr><td>Poids<\/td><td>400KG<\/td><\/tr><\/tbody><\/table><figcaption class=\"wp-element-caption\">Informations d\u00e9taill\u00e9es sur la machine \u00e0 \u00e9plucher le soja<\/figcaption><\/figure>    <h2 class=\"wp-block-heading\">Comment fonctionne la machine \u00e0 \u00e9plucher les haricots secs ?<\/h2>    <p>Lors du travail, le mat\u00e9riau est pel\u00e9 entre les deux disques de broyage depuis la tr\u00e9mie d'alimentation via le dispositif de transport \u00e0 vis sans fin. Le but du pelage ou du broyage est atteint gr\u00e2ce \u00e0 la rotation diff\u00e9rentielle des deux disques abrasifs. <\/p>    <p>Lorsque les graines de soja traversent la chambre de s\u00e9paration apr\u00e8s le pelage, sous l'action du vent, la partie du fruit est \u00e9vacu\u00e9e par la sortie, et la peau et les traces de poudre sont \u00e9vacu\u00e9es par la sortie avec l'air, compl\u00e9tant ainsi le processus de pelage.<\/p>    <figure class=\"wp-block-gallery has-nested-images columns-default is-cropped wp-block-gallery-3 is-layout-flex wp-block-gallery-is-layout-flex\"> <figure class=\"wp-block-image size-full\"><img loading=\"lazy\" decoding=\"async\" width=\"720\" height=\"540\" data-id=\"4963\" src=\"https:\/\/taizyfarmequipment.com\/wp-content\/uploads\/2022\/04\/Lentils-peeling-machine-1.webp\" alt=\"Machine \u00e0 \u00e9plucher les lentilles\" class=\"wp-image-4963\" srcset=\"https:\/\/taizyfarmequipment.com\/wp-content\/uploads\/2022\/04\/Lentils-peeling-machine-1.webp 720w, https:\/\/taizyfarmequipment.com\/wp-content\/uploads\/2022\/04\/Lentils-peeling-machine-1-300x225.webp 300w, https:\/\/taizyfarmequipment.com\/wp-content\/uploads\/2022\/04\/Lentils-peeling-machine-1-16x12.webp 16w\" sizes=\"auto, (max-width: 720px) 100vw, 720px\" \/><figcaption class=\"wp-element-caption\">Machine \u00e0 \u00e9plucher les lentilles<\/figcaption><\/figure>    <figure class=\"wp-block-image size-full\"><img loading=\"lazy\" decoding=\"async\" width=\"720\" height=\"540\" data-id=\"4965\" src=\"https:\/\/taizyfarmequipment.com\/wp-content\/uploads\/2022\/04\/soybean-peeling-machine-price.webp\" alt=\"prix de la machine \u00e0 \u00e9plucher le soja\" class=\"wp-image-4965\" srcset=\"https:\/\/taizyfarmequipment.com\/wp-content\/uploads\/2022\/04\/soybean-peeling-machine-price.webp 720w, https:\/\/taizyfarmequipment.com\/wp-content\/uploads\/2022\/04\/soybean-peeling-machine-price-300x225.webp 300w, https:\/\/taizyfarmequipment.com\/wp-content\/uploads\/2022\/04\/soybean-peeling-machine-price-16x12.webp 16w\" sizes=\"auto, (max-width: 720px) 100vw, 720px\" \/><figcaption class=\"wp-element-caption\">prix de la machine \u00e0 \u00e9plucher le soja<\/figcaption><\/figure> <\/figure>    <h2 class=\"wp-block-heading\">Pourquoi devons-nous \u00e9plucher les haricots ?<\/h2>    <p>Produits de transformation en profondeur du soja, tels que le tofu, le yuba, le lait de soja, l'huile de soja, le tambour de haricots, la sauce soja, le lait de soja, la farine de soja et d'autres produits \u00e0 base de soja. Avec l'am\u00e9lioration continue de divers processus, la plupart des usines de transformation du soja et des usines alimentaires ont commenc\u00e9 \u00e0 \u00e9plucher le soja, puis \u00e0 le transformer.<\/p>    <ol class=\"wp-block-list\"> <li>Le d\u00e9corticage peut r\u00e9duire le nombre de bact\u00e9ries et am\u00e9liorer la saveur des produits \u00e0 base de soja.<\/li>    <li>R\u00e9duisez la d\u00e9naturation thermique des prot\u00e9ines stock\u00e9es, raccourcissez le temps de chauffage requis pour la passivation de la lipoxyg\u00e9nase et \u00e9vitez le brunissement.<\/li>    <li>Am\u00e9liorez la teneur en prot\u00e9ines de la farine de soja et r\u00e9duisez la teneur en cellulose.<\/li> <\/ol>    <figure class=\"wp-block-image size-full\"><img loading=\"lazy\" decoding=\"async\" width=\"720\" height=\"541\" src=\"https:\/\/taizyfarmequipment.com\/wp-content\/uploads\/2022\/04\/Various-soy-products-.jpg\" alt=\"Divers produits \u00e0 base de soja\" class=\"wp-image-3181\" title=\"Divers produits \u00e0 base de soja\"\/><figcaption class=\"wp-element-caption\">Divers produits \u00e0 base de soja<\/figcaption><\/figure>    <h2 class=\"wp-block-heading\">Quels sont les avantages de la machine \u00e0 \u00e9plucher le soja \u00e0 petite \u00e9chelle\u00a0?<\/h2>    <ul class=\"wp-block-list\"> <li>Tous les mod\u00e8les de machines sont faciles \u00e0 utiliser. Allumez simplement la machine et mettez le mat\u00e9riau dans la machine, aucune autre action n'est requise.<\/li>    <li>L'\u00e9plucheur de haricots \u00e0 petite \u00e9chelle peut s\u00e9parer proprement la peau, le noyau et le nombril noir. Le produit fini apr\u00e8s pelage est propre et peut \u00eatre vendu directement sans nettoyage secondaire.<\/li>    <li>Le produit final pr\u00e9sente peu de particules bris\u00e9es, un bon effet peeling et une belle apparence.<\/li>    <li>Le mat\u00e9riau de l'\u00e9plucheur de haricots domestique est excellent, les performances sont fiables et il est vert et respectueux de l'environnement.<\/li>    <li>Machine \u00e0 \u00e9plucher les haricots polyvalente. Une seule machine peut d\u00e9cortiquer une vari\u00e9t\u00e9 de haricots. \u00e9conomiser du temps et de l'\u00e9nergie.<\/li> <\/ul>    <h2 class=\"wp-block-heading\">Laissez vos messages !<\/h2>    <figure class=\"wp-block-image size-full\"><img loading=\"lazy\" decoding=\"async\" width=\"720\" height=\"540\" src=\"https:\/\/taizyfarmequipment.com\/wp-content\/uploads\/2022\/04\/red-bean-peeler-machine.webp\" alt=\"machine \u00e0 \u00e9plucher les haricots rouges\" class=\"wp-image-4568\" srcset=\"https:\/\/taizyfarmequipment.com\/wp-content\/uploads\/2022\/04\/red-bean-peeler-machine.webp 720w, https:\/\/taizyfarmequipment.com\/wp-content\/uploads\/2022\/04\/red-bean-peeler-machine-300x225.webp 300w, https:\/\/taizyfarmequipment.com\/wp-content\/uploads\/2022\/04\/red-bean-peeler-machine-16x12.webp 16w\" sizes=\"auto, (max-width: 720px) 100vw, 720px\" \/><figcaption class=\"wp-element-caption\">machine \u00e0 \u00e9plucher les haricots rouges<\/figcaption><\/figure>    <p>La machine \u00e0 \u00e9plucher le soja se distingue par son efficacit\u00e9, sa durabilit\u00e9 et sa polyvalence, ce qui en fait un choix id\u00e9al pour la transformation du soja. Que votre op\u00e9ration soit \u00e0 petite ou \u00e0 grande \u00e9chelle, cette machine peut am\u00e9liorer consid\u00e9rablement votre efficacit\u00e9 de production et la qualit\u00e9 de vos produits. <\/p>    <p>Contactez-nous d\u00e8s aujourd'hui pour en savoir plus sur la machine \u00e0 \u00e9plucher le soja et demander les derniers prix. Nous sommes impatients de collaborer avec vous pour faire passer votre entreprise au niveau sup\u00e9rieur\u00a0!<\/p>","protected":false},"excerpt":{"rendered":"<p>Les machines \u00e0 \u00e9plucher le soja peuvent retirer et s\u00e9parer les peaux de divers haricots. Son taux de pelage est sup\u00e9rieur \u00e0 95%.<\/p>","protected":false},"author":1,"featured_media":3168,"parent":0,"template":"","tags":[317,316],"product-type":[131],"class_list":["post-3167","product","type-product","status-publish","has-post-thumbnail","hentry","tag-peeling-machine","tag-soybean","product-type-grains-peeling-machine"],"_links":{"self":[{"href":"https:\/\/taizyfarmequipment.com\/fr\/wp-json\/wp\/v2\/product\/3167","targetHints":{"allow":["GET"]}}],"collection":[{"href":"https:\/\/taizyfarmequipment.com\/fr\/wp-json\/wp\/v2\/product"}],"about":[{"href":"https:\/\/taizyfarmequipment.com\/fr\/wp-json\/wp\/v2\/types\/product"}],"author":[{"embeddable":true,"href":"https:\/\/taizyfarmequipment.com\/fr\/wp-json\/wp\/v2\/users\/1"}],"wp:featuredmedia":[{"embeddable":true,"href":"https:\/\/taizyfarmequipment.com\/fr\/wp-json\/wp\/v2\/media\/3168"}],"wp:attachment":[{"href":"https:\/\/taizyfarmequipment.com\/fr\/wp-json\/wp\/v2\/media?parent=3167"}],"wp:term":[{"taxonomy":"post_tag","embeddable":true,"href":"https:\/\/taizyfarmequipment.com\/fr\/wp-json\/wp\/v2\/tags?post=3167"},{"taxonomy":"product-type","embeddable":true,"href":"https:\/\/taizyfarmequipment.com\/fr\/wp-json\/wp\/v2\/product-type?post=3167"}],"curies":[{"name":"wp","href":"https:\/\/api.w.org\/{rel}","templated":true}]}}