{"id":3215,"date":"2022-04-13T08:39:45","date_gmt":"2022-04-13T08:39:45","guid":{"rendered":"https:\/\/taizyfarmequipment.com\/?post_type=product&#038;p=3215"},"modified":"2025-11-26T16:24:17","modified_gmt":"2025-11-26T08:24:17","slug":"equipement-de-recolte-darachide","status":"publish","type":"product","link":"https:\/\/taizyfarmequipment.com\/fr\/product\/peanut-harvesting-equipment\/","title":{"rendered":"Machine de r\u00e9colte d'arachides | R\u00e9colteuse d'arachides"},"content":{"rendered":"<div class=\"kk-star-ratings kksr-auto kksr-align-left kksr-valign-top\"     data-payload='{&quot;align&quot;:&quot;left&quot;,&quot;id&quot;:&quot;3215&quot;,&quot;slug&quot;:&quot;default&quot;,&quot;valign&quot;:&quot;top&quot;,&quot;ignore&quot;:&quot;&quot;,&quot;reference&quot;:&quot;auto&quot;,&quot;class&quot;:&quot;&quot;,&quot;count&quot;:&quot;26&quot;,&quot;legendonly&quot;:&quot;&quot;,&quot;readonly&quot;:&quot;&quot;,&quot;score&quot;:&quot;4.8&quot;,&quot;starsonly&quot;:&quot;&quot;,&quot;best&quot;:&quot;5&quot;,&quot;gap&quot;:&quot;5&quot;,&quot;greet&quot;:&quot;Rate this product&quot;,&quot;legend&quot;:&quot;4.8\\\/5 - (26 votes)&quot;,&quot;size&quot;:&quot;24&quot;,&quot;title&quot;:&quot;Peanut harvesting machine | Groundnut harvester&quot;,&quot;width&quot;:&quot;136.7&quot;,&quot;_legend&quot;:&quot;{score}\\\/{best} - ({count} {votes})&quot;,&quot;font_factor&quot;:&quot;1.25&quot;}'>              <div class=\"kksr-stars\">      <div class=\"kksr-stars-inactive\">             <div class=\"kksr-star\" data-star=\"1\" style=\"padding-right: 5px\">               <div class=\"kksr-icon\" style=\"width: 24px; height: 24px;\"><\/div>         <\/div>             <div class=\"kksr-star\" data-star=\"2\" style=\"padding-right: 5px\">               <div class=\"kksr-icon\" style=\"width: 24px; height: 24px;\"><\/div>         <\/div>             <div class=\"kksr-star\" data-star=\"3\" style=\"padding-right: 5px\">               <div class=\"kksr-icon\" style=\"width: 24px; height: 24px;\"><\/div>         <\/div>             <div class=\"kksr-star\" data-star=\"4\" style=\"padding-right: 5px\">               <div class=\"kksr-icon\" style=\"width: 24px; height: 24px;\"><\/div>         <\/div>             <div class=\"kksr-star\" data-star=\"5\" style=\"padding-right: 5px\">               <div class=\"kksr-icon\" style=\"width: 24px; height: 24px;\"><\/div>         <\/div>     <\/div>      <div class=\"kksr-stars-active\" style=\"width: 136.7px;\">             <div class=\"kksr-star\" style=\"padding-right: 5px\">               <div class=\"kksr-icon\" style=\"width: 24px; height: 24px;\"><\/div>         <\/div>             <div class=\"kksr-star\" style=\"padding-right: 5px\">               <div class=\"kksr-icon\" style=\"width: 24px; height: 24px;\"><\/div>         <\/div>             <div class=\"kksr-star\" style=\"padding-right: 5px\">               <div class=\"kksr-icon\" style=\"width: 24px; height: 24px;\"><\/div>         <\/div>             <div class=\"kksr-star\" style=\"padding-right: 5px\">               <div class=\"kksr-icon\" style=\"width: 24px; height: 24px;\"><\/div>         <\/div>             <div class=\"kksr-star\" style=\"padding-right: 5px\">               <div class=\"kksr-icon\" style=\"width: 24px; height: 24px;\"><\/div>         <\/div>     <\/div> <\/div>                   <div class=\"kksr-legend\" style=\"font-size: 19.2px;\">             4,8\/5 - (26 votes)    <\/div>     <\/div>  <p class=\"translation-block\">La <strong>machine de r\u00e9colte d'arachides<\/strong> rationalise le processus de r\u00e9colte des arachides en combinant les fonctions de d\u00e9terrage, desserrage, convoyage, secouage et mise en andain. Aliment\u00e9e par des tracteurs de plus de 30 chevaux, cette machine offre une efficacit\u00e9 exceptionnelle et un fonctionnement fluide, minimisant les pertes de fruits et garantissant des r\u00e9sultats de haute qualit\u00e9. <\/p>    <p class=\"translation-block\">Avec une capacit\u00e9 de <strong>1300-2000\u33a1\/h<\/strong>, elle est id\u00e9ale pour les grandes cultures d'arachides. Nos machines de r\u00e9colte d'arachides ont \u00e9t\u00e9 largement export\u00e9es vers des pays tels que l'Italie, le S\u00e9n\u00e9gal, l'Afrique du Sud et le Ghana, o\u00f9 elles sont tr\u00e8s appr\u00e9ci\u00e9es pour leur fiabilit\u00e9 et leurs performances.<\/p>    <figure class=\"wp-block-embed is-type-video is-provider-youtube wp-block-embed-youtube wp-embed-aspect-16-9 wp-has-aspect-ratio\"><div class=\"wp-block-embed__wrapper\"> <iframe loading=\"lazy\" title=\"L\u2019art de l\u2019entretien : assurer le bon fonctionnement des r\u00e9colteuses d\u2019arachides #farming #peanut #groundnut\" width=\"500\" height=\"281\" src=\"https:\/\/www.youtube.com\/embed\/uj-5wb4jFbk?feature=oembed\" frameborder=\"0\" allow=\"accelerometer; autoplay; clipboard-write; encrypted-media; gyroscope; picture-in-picture; web-share\" referrerpolicy=\"strict-origin-when-cross-origin\" allowfullscreen><\/iframe> <\/div><figcaption class=\"wp-element-caption\">vid\u00e9o de travail de la r\u00e9colteuse d'arachides<\/figcaption><\/figure>    <h2 class=\"wp-block-heading\" id=\"h-introduction-of-the-peanut-harvesting-equipment\">Machine de r\u00e9colte d'arachides \u00e0 vendre<\/h2>    <p class=\"translation-block\">La <strong>machine de r\u00e9colte d'arachides<\/strong> est un \u00e9quipement tr\u00e8s efficace mont\u00e9 sur tracteur con\u00e7u pour simplifier la r\u00e9colte des arachides. Elle fonctionne en transmettant la puissance via la prise de force (PTO) du tracteur. <\/p>    <p>Cette machine combine des fonctions de creusement, de secouage du sol et de pose pour fournir un processus de r\u00e9colte fluide, garantissant que les arachides sont extraites avec un minimum de dommages et pr\u00e9par\u00e9es pour un traitement ult\u00e9rieur.<\/p>    <figure class=\"wp-block-image size-full\"><img loading=\"lazy\" decoding=\"async\" width=\"720\" height=\"540\" src=\"https:\/\/taizyfarmequipment.com\/wp-content\/uploads\/2025\/04\/groundnut-collecting-machine.webp\" alt=\"Machine de collecte d&#039;arachide\" class=\"wp-image-4825\" srcset=\"https:\/\/taizyfarmequipment.com\/wp-content\/uploads\/2025\/04\/groundnut-collecting-machine.webp 720w, https:\/\/taizyfarmequipment.com\/wp-content\/uploads\/2025\/04\/groundnut-collecting-machine-300x225.webp 300w, https:\/\/taizyfarmequipment.com\/wp-content\/uploads\/2025\/04\/groundnut-collecting-machine-16x12.webp 16w\" sizes=\"auto, (max-width: 720px) 100vw, 720px\" \/><figcaption class=\"wp-element-caption\">Machine de collecte d'arachide<\/figcaption><\/figure>    <h2 class=\"wp-block-heading\">Principaux composants de la machine de r\u00e9colte d'arachides<\/h2>    <div class=\"wp-block-media-text has-media-on-the-right is-stacked-on-mobile\"><div class=\"wp-block-media-text__content\"> <p>La machine de r\u00e9colte d'arachide comprend principalement une pelle, une prise de force, un ch\u00e2ssis, une bande transporteuse, un tamis vibrant, une poign\u00e9e de transmission, une sortie biseaut\u00e9e et des roues. <\/p>    <p>L'ensemble de la machine a une structure compacte, un fonctionnement simple et une efficacit\u00e9 de travail \u00e9lev\u00e9e.<\/p> <\/div><figure class=\"wp-block-media-text__media\"><img loading=\"lazy\" decoding=\"async\" width=\"720\" height=\"540\" src=\"https:\/\/taizyfarmequipment.com\/wp-content\/uploads\/2022\/04\/groundnut-harvesting-machine0.jpg\" alt=\"machine de r\u00e9colte d&#039;arachide\" class=\"wp-image-3219 size-full\"\/><\/figure><\/div>    <h2 class=\"wp-block-heading\"><strong>Comment fonctionne la machine de r\u00e9colte de cacahu\u00e8tes<\/strong>?<\/h2>    <div class=\"wp-block-media-text is-stacked-on-mobile\"><figure class=\"wp-block-media-text__media\"><img loading=\"lazy\" decoding=\"async\" width=\"720\" height=\"540\" src=\"https:\/\/taizyfarmequipment.com\/wp-content\/uploads\/2022\/04\/groundnut-harvester_720_540.jpg\" alt=\"r\u00e9colteuse d&#039;arachides\" class=\"wp-image-3217 size-full\"\/><\/figure><div class=\"wp-block-media-text__content\"> <ul class=\"wp-block-list\"> <li><strong>Creuser et soulever<\/strong> <ul class=\"wp-block-list\"> <li>La pelle de creusement coupe la racine pivotante de la plante de cacahu\u00e8te \u00e0 environ 10 cm sous la surface du sol.<\/li>    <li>Les cacahu\u00e8tes \u00e9mergent du sol le long de la surface de la pelle, minimisant ainsi les perturbations.<\/li> <\/ul> <\/li>    <li><strong>S\u00e9paration du sol<\/strong> <ul class=\"wp-block-list\"> <li>Des barres de grille \u00e0 l'arri\u00e8re de la pelle permettent \u00e0 la terre de s'\u00e9chapper efficacement.<\/li>    <li>Cette fonctionnalit\u00e9 garantit que les plants d\u2019arachides propres sont d\u00e9pos\u00e9s en bandes, pr\u00eats \u00e0 \u00eatre collect\u00e9s.<\/li> <\/ul> <\/li>    <li><strong>Collecte manuelle<\/strong> <ul class=\"wp-block-list\"> <li>Apr\u00e8s avoir \u00e9t\u00e9 dispos\u00e9es en bandes, les cacahu\u00e8tes sont collect\u00e9es manuellement et pr\u00e9par\u00e9es pour une transformation ult\u00e9rieure.<\/li> <\/ul> <\/li> <\/ul> <\/div><\/div>    <h2 class=\"wp-block-heading\"><strong>\u00c9quipement suppl\u00e9mentaire pour le traitement des arachides<\/strong><\/h2>    <ul class=\"wp-block-list\"> <li><strong><a href=\"https:\/\/taizyfarmequipment.com\/fr\/produit-2\/cueilleur-darachides\/\" data-type=\"link\" data-id=\"https:\/\/taizyfarmequipment.com\/product\/peanut-picker\/\">Cueilleur d'arachides<\/a><\/strong>. S\u00e9pare facilement les cacahu\u00e8tes des semis, rationalisant ainsi les op\u00e9rations post-r\u00e9colte.<\/li>    <li><strong><a href=\"https:\/\/taizyfarmequipment.com\/fr\/produit-2\/machine-combinee-de-decorticage-et-de-nettoyage-darachides\/\" data-type=\"link\" data-id=\"https:\/\/taizyfarmequipment.com\/product\/combined-peanut-shelling-and-cleaning-machine\/\">D\u00e9cortiqueuse d'arachide<\/a><\/strong>. Traite les arachides r\u00e9colt\u00e9es avec un haut niveau de pr\u00e9cision, garantissant des r\u00e9sultats propres et un faible taux de casse.<\/li> <\/ul>    <figure class=\"wp-block-gallery has-nested-images columns-default is-cropped wp-block-gallery-2 is-layout-flex wp-block-gallery-is-layout-flex\"> <figure class=\"wp-block-image size-large\"><img loading=\"lazy\" decoding=\"async\" width=\"720\" height=\"540\" data-id=\"4315\" src=\"https:\/\/taizyfarmequipment.com\/wp-content\/uploads\/2024\/01\/peanut-picker-machine-price.webp\" alt=\"prix de la machine \u00e0 cueillir des cacahu\u00e8tes\" class=\"wp-image-4315\" srcset=\"https:\/\/taizyfarmequipment.com\/wp-content\/uploads\/2024\/01\/peanut-picker-machine-price.webp 720w, https:\/\/taizyfarmequipment.com\/wp-content\/uploads\/2024\/01\/peanut-picker-machine-price-300x225.webp 300w\" sizes=\"auto, (max-width: 720px) 100vw, 720px\" \/><figcaption class=\"wp-element-caption\">prix de la machine \u00e0 cueillir des cacahu\u00e8tes<\/figcaption><\/figure>    <figure class=\"wp-block-image size-large\"><img loading=\"lazy\" decoding=\"async\" width=\"720\" height=\"540\" data-id=\"4154\" src=\"https:\/\/taizyfarmequipment.com\/wp-content\/uploads\/2023\/07\/Automatic-peanut-sheller-1-1.webp\" alt=\"d\u00e9cortiqueuse automatique d&#039;arachides\" class=\"wp-image-4154\"\/><figcaption class=\"wp-element-caption\">d\u00e9cortiqueuse automatique d'arachides<\/figcaption><\/figure> <\/figure>    <p class=\"translation-block\">Cette <strong>machine de r\u00e9colte d'arachides<\/strong> est id\u00e9ale pour les agriculteurs recherchant efficacit\u00e9 et performances de haute qualit\u00e9. Sa conception convient \u00e0 divers types de sols et conditions de r\u00e9colte, ce qui en fait un investissement pr\u00e9cieux pour les exploitations agricoles \u00e0 grande \u00e9chelle. Contactez-nous d\u00e8s aujourd'hui pour plus de d\u00e9tails sur la disponibilit\u00e9 et la personnalisation !<\/p>    <h2 class=\"wp-block-heading\">Quelle est la fonction de chaque partie de la r\u00e9colteuse d'arachides\u00a0?<\/h2>    <p class=\"translation-block\">La <strong>machine de r\u00e9colte d'arachides<\/strong> est un outil agricole sophistiqu\u00e9 compos\u00e9 de divers composants, chacun con\u00e7u pour accomplir des t\u00e2ches sp\u00e9cifiques. Ces pi\u00e8ces travaillent ensemble de mani\u00e8re harmonieuse pour assurer une r\u00e9colte d'arachides efficace et de haute qualit\u00e9.<\/p>    <h3 class=\"wp-block-heading\"><strong>Composants cl\u00e9s et leurs fonctions<\/strong><\/h3>    <div class=\"wp-block-media-text is-stacked-on-mobile\"><figure class=\"wp-block-media-text__media\"><img loading=\"lazy\" decoding=\"async\" width=\"720\" height=\"540\" src=\"https:\/\/taizyfarmequipment.com\/wp-content\/uploads\/2022\/04\/structure-of-the-peanut-harvesting-equipmeny-0.jpg\" alt=\"structure de la machine \u00e0 r\u00e9colter les arachides\" class=\"wp-image-3226 size-full\"\/><\/figure><div class=\"wp-block-media-text__content\"> <ul class=\"wp-block-list\"> <li>La lame d'excavation p\u00e9n\u00e8tre doucement dans le sol et extrait les cacahu\u00e8tes sans les endommager, pr\u00e9servant leur qualit\u00e9 pour le traitement post-r\u00e9colte.<\/li>    <li>Le syst\u00e8me de prise de force (PTO) transf\u00e8re la puissance du tracteur vers la moissonneuse, entra\u00eenant plusieurs fonctions de la machine pour un fonctionnement fluide.<\/li> <\/ul> <\/div><\/div>    <div class=\"wp-block-media-text has-media-on-the-right is-stacked-on-mobile\"><div class=\"wp-block-media-text__content\"> <ul class=\"wp-block-list\"> <li>Le m\u00e9canisme de convoyage transporte les cacahu\u00e8tes excav\u00e9es vers l'\u00e9tape de traitement suivante, garantissant un flux de travail continu et efficace.<\/li>    <li>L'\u00e9cran vibrant \u00e9limine la terre et les d\u00e9bris des gousses d'arachide, les gardant propres et pr\u00eates pour un traitement ult\u00e9rieur.<\/li>    <li>La sortie angulaire de pr\u00e9cision arrange les arachides et les semis en rang\u00e9es soign\u00e9es, facilitant ainsi la collecte et la rendant plus efficace.<\/li> <\/ul> <\/div><figure class=\"wp-block-media-text__media\"><img loading=\"lazy\" decoding=\"async\" width=\"720\" height=\"540\" src=\"https:\/\/taizyfarmequipment.com\/wp-content\/uploads\/2022\/04\/automatic-Peanut-harvesting-equipment.webp\" alt=\"\u00e9quipement automatique de r\u00e9colte d&#039;arachides\" class=\"wp-image-4437 size-full\" srcset=\"https:\/\/taizyfarmequipment.com\/wp-content\/uploads\/2022\/04\/automatic-Peanut-harvesting-equipment.webp 720w, https:\/\/taizyfarmequipment.com\/wp-content\/uploads\/2022\/04\/automatic-Peanut-harvesting-equipment-300x225.webp 300w, https:\/\/taizyfarmequipment.com\/wp-content\/uploads\/2022\/04\/automatic-Peanut-harvesting-equipment-16x12.webp 16w\" sizes=\"auto, (max-width: 720px) 100vw, 720px\" \/><\/figure><\/div>    <p class=\"translation-block\">La <strong>machine de r\u00e9colte d'arachides<\/strong> combine ces composants pour offrir un processus de r\u00e9colte fluide, efficace et \u00e0 haut rendement. Cela en fait un outil indispensable pour les op\u00e9rations modernes de culture d'arachides.<\/p>    <h2 class=\"wp-block-heading\">Quelle est la sp\u00e9cification d\u00e9taill\u00e9e d\u2019une r\u00e9colteuse automatique d\u2019arachides\u00a0?<\/h2>    <figure class=\"wp-block-table\"><table><tbody><tr><td>Mod\u00e8le<\/td><td>HS-800<\/td><\/tr><tr><td>Pouvoir<\/td><td>Tracteur 20-35HP<\/td><\/tr><tr><td>Capacit\u00e9<\/td><td>1300-2000\u33a1\/h<\/td><\/tr><tr><td>Largeur de r\u00e9colte<\/td><td>800mm<\/td><\/tr><tr><td>Poids<\/td><td>280 kg<\/td><\/tr><tr><td>Taille<\/td><td>2100*1050*1030mm<\/td><\/tr><tr><td>Tarif d'emballage<\/td><td>\u226598%<\/td><\/tr><tr><td>Taux de rupture<\/td><td>\u22641%<\/td><\/tr><tr><td>Taux de nettoyage<\/td><td>\u226595%<\/td><\/tr><tr><td>Largeur de la moissonneuse<\/td><td>deux rang\u00e9es<\/td><\/tr><tr><td>Distance entre les rang\u00e9es<\/td><td>750-850mm<\/td><\/tr><tr><td>\u00c9cartement des rangs<\/td><td>180-250mm<\/td><\/tr><tr><td>Dimension<\/td><td>2100*1050*1030mm<\/td><\/tr><\/tbody><\/table><figcaption class=\"wp-element-caption\">Sp\u00e9cifications de la r\u00e9colteuse automatique d'arachides<\/figcaption><\/figure>    <h2 class=\"wp-block-heading\">Comment fonctionne une r\u00e9colteuse automatique d\u2019arachides ?<\/h2>    <figure class=\"wp-block-embed is-type-video is-provider-youtube wp-block-embed-youtube wp-embed-aspect-16-9 wp-has-aspect-ratio\"><div class=\"wp-block-embed__wrapper\"> <iframe loading=\"lazy\" title=\"Comment une r\u00e9colteuse d&#039;arachides augmente la productivit\u00e9 agricole\u00a0! #arachide #arachide #agriculture #agriculture\" width=\"500\" height=\"281\" src=\"https:\/\/www.youtube.com\/embed\/pwE8-4GJ9Hs?feature=oembed\" frameborder=\"0\" allow=\"accelerometer; autoplay; clipboard-write; encrypted-media; gyroscope; picture-in-picture; web-share\" referrerpolicy=\"strict-origin-when-cross-origin\" allowfullscreen><\/iframe> <\/div><figcaption class=\"wp-element-caption\">Processus de travail de la machine \u00e0 r\u00e9colter les arachides<\/figcaption><\/figure>    <h2 class=\"wp-block-heading\">Quels sont les avantages de la moissonneuse \u00e0 arachides ?<\/h2>    <div class=\"wp-block-media-text is-stacked-on-mobile\"><figure class=\"wp-block-media-text__media\"><img loading=\"lazy\" decoding=\"async\" width=\"720\" height=\"540\" src=\"https:\/\/taizyfarmequipment.com\/wp-content\/uploads\/2022\/04\/peanut-harvesting-equipment-2.jpg\" alt=\"\u00e9quipement de r\u00e9colte d&#039;arachide\" class=\"wp-image-3220 size-full\"\/><\/figure><div class=\"wp-block-media-text__content\"> <ul class=\"wp-block-list\"> <li>La machine de r\u00e9colte des arachides offre une efficacit\u00e9 exceptionnelle en maintenant des op\u00e9rations de r\u00e9colte fluides et continues.<\/li>    <li>Un crible vibrant int\u00e9gr\u00e9 garantit des r\u00e9sultats de r\u00e9colte propres en \u00e9liminant efficacement le sol et le sable des gousses de cacahu\u00e8te.<\/li> <\/ul> <\/div><\/div>    <div class=\"wp-block-media-text has-media-on-the-right is-stacked-on-mobile\"><div class=\"wp-block-media-text__content\"> <ul class=\"wp-block-list\"> <li>La machine a un faible taux de panne gr\u00e2ce \u00e0 son syst\u00e8me \u00e0 cha\u00eene robuste et \u00e0 sa conception bien con\u00e7ue.<\/li>    <li>Elle offre une polyvalence d'adaptabilit\u00e9 au sol, performe bien dans les terres s\u00e8ches, les zones humides, les sols sablonneux et les terrains mixtes.<\/li>    <li>Le syst\u00e8me \u00e0 cha\u00eene permet un secouage du sol et un transport des cacahu\u00e8tes en douceur, r\u00e9duisant l'entretien et augmentant la durabilit\u00e9.<\/li> <\/ul> <\/div><figure class=\"wp-block-media-text__media\"><img loading=\"lazy\" decoding=\"async\" width=\"720\" height=\"540\" src=\"https:\/\/taizyfarmequipment.com\/wp-content\/uploads\/2022\/04\/small-groundnut-harvester-3.jpg\" alt=\"petite r\u00e9colteuse d&#039;arachides \" class=\"wp-image-3221 size-full\"\/><\/figure><\/div>    <h2 class=\"wp-block-heading\">Probl\u00e8mes courants et solutions des r\u00e9colteuses d'arachides<\/h2>   <div id=\"rank-math-faq\" class=\"rank-math-block\"> <div class=\"rank-math-list\"> <div id=\"faq-question-1709869754644\" class=\"rank-math-list-item\"> <h3 class=\"rank-math-question\">1. Le fuselage est instable<\/h3> <div class=\"rank-math-answer\">  <p>Il y a un probl\u00e8me avec le balancement de la r\u00e9colteuse d'arachides. <br \/>Solution : ajuster la longueur de la tige de connexion pour ajuster.<\/p>  <\/div> <\/div> <div id=\"faq-question-1709869762896\" class=\"rank-math-list-item\"> <h3 class=\"rank-math-question\">2. L\u2019enl\u00e8vement des terres n\u2019est pas une bonne chose<\/h3> <div class=\"rank-math-answer\">  <p>La raison en est que la pelle est trop profond\u00e9ment enfonc\u00e9e dans le sol, ce qui entra\u00eene une r\u00e9duction de la force de balancement. <br \/>Solution : ajuster la longueur de la tige centrale.<\/p>  <\/div> <\/div> <div id=\"faq-question-1709869774526\" class=\"rank-math-list-item\"> <h3 class=\"rank-math-question\">3. Perdez plus de fruits<\/h3> <div class=\"rank-math-answer\">  <p>Une chute plus importante des fruits est caus\u00e9e par une pelle trop \u00e9lev\u00e9e. <br \/>Solution : prolonger la longueur du tirant central peut r\u00e9soudre le probl\u00e8me des chutes excessives de fruits.<\/p>  <\/div> <\/div> <\/div> <\/div>   <figure class=\"wp-block-image size-large\"><img loading=\"lazy\" decoding=\"async\" width=\"720\" height=\"540\" src=\"https:\/\/taizyfarmequipment.com\/wp-content\/uploads\/2022\/04\/Peanut-harvesting-equipment-with-a-good-price.webp\" alt=\"Mat\u00e9riel de r\u00e9colte d&#039;arachides \u00e0 bon prix\" class=\"wp-image-4439\" srcset=\"https:\/\/taizyfarmequipment.com\/wp-content\/uploads\/2022\/04\/Peanut-harvesting-equipment-with-a-good-price.webp 720w, https:\/\/taizyfarmequipment.com\/wp-content\/uploads\/2022\/04\/Peanut-harvesting-equipment-with-a-good-price-300x225.webp 300w, https:\/\/taizyfarmequipment.com\/wp-content\/uploads\/2022\/04\/Peanut-harvesting-equipment-with-a-good-price-16x12.webp 16w\" sizes=\"auto, (max-width: 720px) 100vw, 720px\" \/><figcaption class=\"wp-element-caption\">Mat\u00e9riel de r\u00e9colte d'arachides \u00e0 bon prix<\/figcaption><\/figure>    <h2 class=\"wp-block-heading\">R\u00e9colteuse d'arachides \u00e0 tracteur ambulant vendue au S\u00e9n\u00e9gal<\/h2>    <p class=\"translation-block\">Notre entreprise a r\u00e9cemment aid\u00e9 un client du S\u00e9n\u00e9gal \u00e0 choisir la <strong>machine de r\u00e9colte d'arachides<\/strong> id\u00e9ale pour ses besoins agricoles. Apr\u00e8s une consultation approfondie, la <strong>r\u00e9colteuse d'arachides pour motoculteur<\/strong> s'est r\u00e9v\u00e9l\u00e9e \u00eatre la solution parfaite. Voici comment le processus s'est d\u00e9roul\u00e9 :<\/p>    <h4 class=\"wp-block-heading\"><strong>1. Une communication fluide<\/strong><\/h4>    <ul class=\"wp-block-list\"> <li>D\u00e8s r\u00e9ception de la demande du client, notre responsable commercial a rapidement pris contact via WhatsApp, garantissant une communication claire et efficace.<\/li>    <li>Toutes les questions et pr\u00e9occupations ont \u00e9t\u00e9 trait\u00e9es en temps r\u00e9el, ce qui a permis au client d'avoir confiance dans sa d\u00e9cision d'achat.<\/li> <\/ul>    <h4 class=\"wp-block-heading\"><strong>2. Solutions personnalis\u00e9es<\/strong><\/h4>    <ul class=\"wp-block-list\"> <li>L'automatique <strong>machine de r\u00e9colte d'arachide<\/strong> s'est r\u00e9v\u00e9l\u00e9 parfaitement align\u00e9 avec les exigences du client pour les t\u00e2ches de r\u00e9colte quotidiennes.<\/li>    <li>Son prix abordable lui permettait de respecter le budget du client, ce qui en faisait un excellent choix pour ses op\u00e9rations.<\/li> <\/ul>    <figure class=\"wp-block-image size-large\"><img loading=\"lazy\" decoding=\"async\" width=\"720\" height=\"540\" src=\"https:\/\/taizyfarmequipment.com\/wp-content\/uploads\/2022\/04\/peanut-harvester1.jpg\" alt=\"r\u00e9colteuse d&#039;arachides\" class=\"wp-image-3218\" title=\"r\u00e9colteuse d&#039;arachides\"\/><figcaption class=\"wp-element-caption\">r\u00e9colteuse d'arachides<\/figcaption><\/figure>    <h4 class=\"wp-block-heading\"><strong>3. Confirmation de commande<\/strong><\/h4>    <ul class=\"wp-block-list\"> <li>Apr\u00e8s des discussions et une \u00e9valuation approfondies, le client a exprim\u00e9 sa satisfaction \u00e0 l'\u00e9gard du produit et a pass\u00e9 une commande pour le produit. <strong>R\u00e9colteuse d'arachides \u00e0 tracteur ambulant<\/strong>.<\/li> <\/ul>    <h4 class=\"wp-block-heading\"><strong>4. Emballage et exp\u00e9dition<\/strong><\/h4>    <ul class=\"wp-block-list\"> <li>Le mat\u00e9riel a \u00e9t\u00e9 soigneusement emball\u00e9 pour \u00e9viter tout dommage pendant le transport.<\/li>    <li>Un plan d'exp\u00e9dition d\u00e9taill\u00e9 a \u00e9t\u00e9 mis en \u0153uvre, garantissant que le produit serait livr\u00e9 rapidement et en excellent \u00e9tat au S\u00e9n\u00e9gal.<\/li> <\/ul>    <p class=\"translation-block\">Cette collaboration r\u00e9ussie met en \u00e9vidence notre engagement \u00e0 fournir des <strong><a href=\"https:\/\/en.wikipedia.org\/wiki\/Peanut\" data-type=\"link\" data-id=\"https:\/\/en.wikipedia.org\/wiki\/Peanut\" target=\"_blank\" rel=\"noopener\">moissonneuses d'arachides<\/a><\/strong> de haute qualit\u00e9 qui r\u00e9pondent aux besoins uniques de nos clients internationaux.<\/p>    <figure class=\"wp-block-image size-large\"><img loading=\"lazy\" decoding=\"async\" width=\"720\" height=\"540\" src=\"https:\/\/taizyfarmequipment.com\/wp-content\/uploads\/2022\/04\/wooden-case-packing-od-peanut-harvesting-equipment-.jpg\" alt=\"Emballage de caisses en bois d&#039;\u00e9quipement de r\u00e9colte d&#039;arachides\" class=\"wp-image-3222\" title=\"Emballage de caisses en bois d&#039;\u00e9quipement de r\u00e9colte d&#039;arachides \"\/><figcaption class=\"wp-element-caption\">Emballage de caisses en bois d'\u00e9quipement de r\u00e9colte d'arachides<\/figcaption><\/figure>    <h2 class=\"wp-block-heading\">Choisissez notre machine \u00e0 r\u00e9colter les arachides<\/h2>    <p>Notre machine de r\u00e9colte de cacahu\u00e8tes combine une haute efficacit\u00e9, une r\u00e9colte propre et une forte adaptabilit\u00e9 \u00e0 diff\u00e9rents types de sol, ce qui en fait une solution id\u00e9ale pour l'agriculture moderne des cacahu\u00e8tes. <\/p>    <p>Si vous cherchez \u00e0 am\u00e9liorer votre processus de r\u00e9colte, contactez-nous d\u00e8s aujourd'hui pour obtenir un devis comp\u00e9titif et un support personnalis\u00e9 !<\/p>","protected":false},"excerpt":{"rendered":"<p>La machine de r\u00e9colte d'arachides rationalise le processus de r\u00e9colte des arachides, combinant les fonctions de creusement, de desserrage, de transport, de secouage et de pose. <\/p>","protected":false},"author":1,"featured_media":3216,"parent":0,"template":"","tags":[267,269,272,266,270,271,268],"product-type":[128],"class_list":["post-3215","product","type-product","status-publish","has-post-thumbnail","hentry","tag-4-row-peanut-planter","tag-groundnut-planting-machine","tag-multi-functional-peanut-planter","tag-peanut-planter","tag-peanut-planter-for-sale","tag-peanut-sowing-machine","tag-twin-row-peanut-planter","product-type-harvester"],"_links":{"self":[{"href":"https:\/\/taizyfarmequipment.com\/fr\/wp-json\/wp\/v2\/product\/3215","targetHints":{"allow":["GET"]}}],"collection":[{"href":"https:\/\/taizyfarmequipment.com\/fr\/wp-json\/wp\/v2\/product"}],"about":[{"href":"https:\/\/taizyfarmequipment.com\/fr\/wp-json\/wp\/v2\/types\/product"}],"author":[{"embeddable":true,"href":"https:\/\/taizyfarmequipment.com\/fr\/wp-json\/wp\/v2\/users\/1"}],"wp:featuredmedia":[{"embeddable":true,"href":"https:\/\/taizyfarmequipment.com\/fr\/wp-json\/wp\/v2\/media\/3216"}],"wp:attachment":[{"href":"https:\/\/taizyfarmequipment.com\/fr\/wp-json\/wp\/v2\/media?parent=3215"}],"wp:term":[{"taxonomy":"post_tag","embeddable":true,"href":"https:\/\/taizyfarmequipment.com\/fr\/wp-json\/wp\/v2\/tags?post=3215"},{"taxonomy":"product-type","embeddable":true,"href":"https:\/\/taizyfarmequipment.com\/fr\/wp-json\/wp\/v2\/product-type?post=3215"}],"curies":[{"name":"wp","href":"https:\/\/api.w.org\/{rel}","templated":true}]}}