{"id":3228,"date":"2022-04-18T10:58:07","date_gmt":"2022-04-18T10:58:07","guid":{"rendered":"https:\/\/taizyfarmequipment.com\/?post_type=product&#038;p=3228"},"modified":"2025-11-07T17:58:57","modified_gmt":"2025-11-07T09:58:57","slug":"broyeur-a-marteaux","status":"publish","type":"product","link":"https:\/\/taizyfarmequipment.com\/fr\/product\/hammer-mill-grinder\/","title":{"rendered":"Broyeur \u00e0 marteaux | Machine de broyeur de moulin \u00e0 ma\u00efs"},"content":{"rendered":"<div class=\"kk-star-ratings kksr-auto kksr-align-left kksr-valign-top\"     data-payload='{&quot;align&quot;:&quot;left&quot;,&quot;id&quot;:&quot;3228&quot;,&quot;slug&quot;:&quot;default&quot;,&quot;valign&quot;:&quot;top&quot;,&quot;ignore&quot;:&quot;&quot;,&quot;reference&quot;:&quot;auto&quot;,&quot;class&quot;:&quot;&quot;,&quot;count&quot;:&quot;23&quot;,&quot;legendonly&quot;:&quot;&quot;,&quot;readonly&quot;:&quot;&quot;,&quot;score&quot;:&quot;4.8&quot;,&quot;starsonly&quot;:&quot;&quot;,&quot;best&quot;:&quot;5&quot;,&quot;gap&quot;:&quot;5&quot;,&quot;greet&quot;:&quot;Rate this product&quot;,&quot;legend&quot;:&quot;4.8\\\/5 - (23 votes)&quot;,&quot;size&quot;:&quot;24&quot;,&quot;title&quot;:&quot;Hammer mill grinder | Corn mill grinder machine&quot;,&quot;width&quot;:&quot;136.7&quot;,&quot;_legend&quot;:&quot;{score}\\\/{best} - ({count} {votes})&quot;,&quot;font_factor&quot;:&quot;1.25&quot;}'>              <div class=\"kksr-stars\">      <div class=\"kksr-stars-inactive\">             <div class=\"kksr-star\" data-star=\"1\" style=\"padding-right: 5px\">               <div class=\"kksr-icon\" style=\"width: 24px; height: 24px;\"><\/div>         <\/div>             <div class=\"kksr-star\" data-star=\"2\" style=\"padding-right: 5px\">               <div class=\"kksr-icon\" style=\"width: 24px; height: 24px;\"><\/div>         <\/div>             <div class=\"kksr-star\" data-star=\"3\" style=\"padding-right: 5px\">               <div class=\"kksr-icon\" style=\"width: 24px; height: 24px;\"><\/div>         <\/div>             <div class=\"kksr-star\" data-star=\"4\" style=\"padding-right: 5px\">               <div class=\"kksr-icon\" style=\"width: 24px; height: 24px;\"><\/div>         <\/div>             <div class=\"kksr-star\" data-star=\"5\" style=\"padding-right: 5px\">               <div class=\"kksr-icon\" style=\"width: 24px; height: 24px;\"><\/div>         <\/div>     <\/div>      <div class=\"kksr-stars-active\" style=\"width: 136.7px;\">             <div class=\"kksr-star\" style=\"padding-right: 5px\">               <div class=\"kksr-icon\" style=\"width: 24px; height: 24px;\"><\/div>         <\/div>             <div class=\"kksr-star\" style=\"padding-right: 5px\">               <div class=\"kksr-icon\" style=\"width: 24px; height: 24px;\"><\/div>         <\/div>             <div class=\"kksr-star\" style=\"padding-right: 5px\">               <div class=\"kksr-icon\" style=\"width: 24px; height: 24px;\"><\/div>         <\/div>             <div class=\"kksr-star\" style=\"padding-right: 5px\">               <div class=\"kksr-icon\" style=\"width: 24px; height: 24px;\"><\/div>         <\/div>             <div class=\"kksr-star\" style=\"padding-right: 5px\">               <div class=\"kksr-icon\" style=\"width: 24px; height: 24px;\"><\/div>         <\/div>     <\/div> <\/div>                   <div class=\"kksr-legend\" style=\"font-size: 19.2px;\">             4,8\/5 - (23 votes)    <\/div>     <\/div>  <p>Le moulin \u00e0 marteau broie la paille et les grains en particules fines avec une grande efficacit\u00e9. Il traite une large gamme de mat\u00e9riaux, y compris la paille, l'herbe fourrag\u00e8re et le ma\u00efs. Plusieurs mod\u00e8les sont disponibles dans cette s\u00e9rie, chacun offrant une sortie diff\u00e9rente pour r\u00e9pondre \u00e0 des exigences de production sp\u00e9cifiques.<\/p>    <p>En termes de puissance, le broyeur \u00e0 ma\u00efs peut \u00eatre \u00e9quip\u00e9 de trois types de puissance : moteur \u00e9lectrique, moteur diesel et moteur \u00e0 essence. Les clients peuvent choisir en fonction de leurs besoins. <\/p>    <figure class=\"wp-block-embed is-type-video is-provider-youtube wp-block-embed-youtube wp-embed-aspect-16-9 wp-has-aspect-ratio\"><div class=\"wp-block-embed__wrapper\"> <iframe loading=\"lazy\" title=\"Solutions de broyage innovantes\u00a0: comment les broyeurs \u00e0 marteaux r\u00e9volutionnent votre flux de travail #farming #corn\" width=\"500\" height=\"281\" src=\"https:\/\/www.youtube.com\/embed\/F0NbuZuJLAw?feature=oembed\" frameborder=\"0\" allow=\"accelerometer; autoplay; clipboard-write; encrypted-media; gyroscope; picture-in-picture; web-share\" referrerpolicy=\"strict-origin-when-cross-origin\" allowfullscreen><\/iframe> <\/div><figcaption class=\"wp-element-caption\">Vid\u00e9o de travail du broyeur \u00e0 marteaux<\/figcaption><\/figure>    <h2 class=\"wp-block-heading\">Quels mat\u00e9riaux conviennent pour le moulin \u00e0 grains ?<\/h2>    <p>Le moulin \u00e0 grains est adapt\u00e9 au traitement d'une large gamme de mat\u00e9riaux. Il broie efficacement des grains tels que le ma\u00efs, le bl\u00e9, le riz, le soja et le sorgho en poudre fine ou en particules grossi\u00e8res selon les besoins. <\/p>    <p>En plus des grains, il peut \u00e9galement traiter des sous-produits agricoles comme la paille, les tiges, les cosses et le foin, ce qui le rend id\u00e9al pour la pr\u00e9paration de l'alimentation et la transformation de la biomasse. Cette polyvalence permet \u00e0 la machine de servir diverses industries, notamment la production alimentaire, l'alimentation animale et la fabrication de combustibles \u00e0 base de biomasse.<\/p>    <figure class=\"wp-block-gallery has-nested-images columns-default is-cropped wp-block-gallery-2 is-layout-flex wp-block-gallery-is-layout-flex\"> <figure class=\"wp-block-image size-large\"><img loading=\"lazy\" decoding=\"async\" width=\"720\" height=\"540\" data-id=\"3232\" src=\"https:\/\/taizyfarmequipment.com\/wp-content\/uploads\/2022\/04\/420-hammer-mill-grinder0.jpg\" alt=\"Broyeur \u00e0 marteaux 9FQ-420\" class=\"wp-image-3232\" title=\"Broyeur \u00e0 marteaux 9FQ-420\"\/><figcaption class=\"wp-element-caption\">Broyeur \u00e0 marteaux 9FQ-420<\/figcaption><\/figure>    <figure class=\"wp-block-image size-large\"><img loading=\"lazy\" decoding=\"async\" width=\"720\" height=\"540\" data-id=\"3233\" src=\"https:\/\/taizyfarmequipment.com\/wp-content\/uploads\/2022\/04\/500-high-speed-hammer-mill-0.jpg\" alt=\"Broyeur \u00e0 marteaux \u00e0 grande vitesse 9FQ-500\" class=\"wp-image-3233\" title=\"Broyeur \u00e0 marteaux \u00e0 grande vitesse 9FQ-500\"\/><figcaption class=\"wp-element-caption\">Broyeur \u00e0 marteaux \u00e0 grande vitesse 9FQ-500<\/figcaption><\/figure> <\/figure>    <h2 class=\"wp-block-heading\" id=\"h-structure-of-hammer-mill-grinder\">Structure du broyeur \u00e0 marteaux<\/h2>    <div class=\"wp-block-media-text is-stacked-on-mobile is-resized\"><figure class=\"wp-block-media-text__media\"><img loading=\"lazy\" decoding=\"async\" width=\"720\" height=\"540\" src=\"https:\/\/taizyfarmequipment.com\/wp-content\/uploads\/2022\/04\/hammer-mill-grinder0.jpg\" alt=\"broyeur \u00e0 marteaux\" class=\"wp-image-3229 size-full\"\/><\/figure><div class=\"wp-block-media-text__content\"> <ul class=\"wp-block-list\"> <li><strong>Base<\/strong>: Assure la stabilit\u00e9 pendant le fonctionnement.<\/li>    <li><strong>Rotor<\/strong>: Entra\u00eene le mouvement des marteaux pour un \u00e9crasement efficace.<\/li>    <li><strong>Mangeoire<\/strong>: Introduit les mati\u00e8res premi\u00e8res dans la machine.<\/li>    <li><strong>Chambre de concassage<\/strong>: Comprend des marteaux durables en acier \u00e0 haute teneur en carbone pour une pulv\u00e9risation efficace.<\/li>    <li><strong>\u00c9cran<\/strong>: Personnalisable pour contr\u00f4ler la taille des particules du produit final.<\/li>    <li><strong>Cyclone<\/strong>: Collecte et \u00e9vacue efficacement les mat\u00e9riaux trait\u00e9s, minimisant ainsi la poussi\u00e8re.<\/li> <\/ul> <\/div><\/div>    <h2 class=\"wp-block-heading\">Comment fonctionne la machine \u00e0 moulin \u00e0 grains ?<\/h2>    <div class=\"wp-block-media-text has-media-on-the-right is-stacked-on-mobile\"><div class=\"wp-block-media-text__content\"> <ul class=\"wp-block-list\"> <li><strong>Alimentation du mat\u00e9riau<\/strong>. Les mati\u00e8res premi\u00e8res sont introduites dans la chambre de concassage via le chargeur pour une entr\u00e9e contr\u00f4l\u00e9e.<\/li>    <li><strong>Concassage \u00e0 grande vitesse<\/strong>. Les marteaux rotatifs d\u00e9composent rapidement les mat\u00e9riaux par impact et meulage.<\/li>    <li><strong>D\u00e9pistage et sortie<\/strong>. Les mat\u00e9riaux broy\u00e9s passent \u00e0 travers le tamis qui d\u00e9termine leur dimension finale, puis sont \u00e9vacu\u00e9s par la sortie.<\/li> <\/ul> <\/div><figure class=\"wp-block-media-text__media\"><img loading=\"lazy\" decoding=\"async\" width=\"720\" height=\"540\" src=\"https:\/\/taizyfarmequipment.com\/wp-content\/uploads\/2022\/04\/hammer-mill0.jpg\" alt=\"broyeur \u00e0 marteaux\" class=\"wp-image-3234 size-full\"\/><\/figure><\/div>    <h2 class=\"wp-block-heading\">Param\u00e8tres de la machine de concasseur \u00e0 marteaux<\/h2>    <figure class=\"wp-block-table\"><table><tbody><tr><td>Mod\u00e8le<\/td><td>Pouvoir<\/td><td>Poids<\/td><td>Capacit\u00e9<\/td><td>Marteau<\/td><td>Dia du tamis<\/td><td>Taille (mm)<\/td><\/tr><tr><td>9FQ-320<\/td><td>2,2 kW<\/td><td>85 kg<\/td><td>200kg\/h<\/td><td>12 pi\u00e8ces<\/td><td>0,5-5 mm<\/td><td>1200*500*1000<\/td><\/tr><tr><td>9FQ-360<\/td><td>5,5 kW<\/td><td>130 kg<\/td><td>600kg\/heure<\/td><td>12 pi\u00e8ces<\/td><td>0,5-5 mm<\/td><td>1200*600*1100<\/td><\/tr><tr><td>9FQ-420<\/td><td>7,5\/11 kW<\/td><td>220 kg<\/td><td>1000kg\/heure<\/td><td>16 pi\u00e8ces<\/td><td>1,2-3 mm<\/td><td>1500*800*1400<\/td><\/tr><tr><td>9FQ-500<\/td><td>11\/15kw<\/td><td>270 kg<\/td><td>1500kg\/heure<\/td><td>16 pi\u00e8ces<\/td><td>1,2-3 mm<\/td><td>1500*1000*1600<\/td><\/tr><\/tbody><\/table><figcaption class=\"wp-element-caption\">Param\u00e8tres du broyeur de ma\u00efs<\/figcaption><\/figure>    <figure class=\"wp-block-gallery has-nested-images columns-default is-cropped wp-block-gallery-3 is-layout-flex wp-block-gallery-is-layout-flex\"> <figure class=\"wp-block-image size-large\"><img loading=\"lazy\" decoding=\"async\" width=\"720\" height=\"540\" data-id=\"3230\" src=\"https:\/\/taizyfarmequipment.com\/wp-content\/uploads\/2022\/04\/320-hammer-mill-crusher0.jpg\" alt=\"Broyeur \u00e0 marteaux 9FQ-320\" class=\"wp-image-3230\" title=\"Broyeur \u00e0 marteaux 9FQ-320\"\/><figcaption class=\"wp-element-caption\">Broyeur \u00e0 marteaux 9FQ-320<\/figcaption><\/figure>    <figure class=\"wp-block-image size-large\"><img loading=\"lazy\" decoding=\"async\" width=\"720\" height=\"540\" data-id=\"3231\" src=\"https:\/\/taizyfarmequipment.com\/wp-content\/uploads\/2022\/04\/360-corn-grinder0.jpg\" alt=\"Broyeur de ma\u00efs 9FQ-360\" class=\"wp-image-3231\" title=\"Broyeur de ma\u00efs 9FQ-360\"\/><figcaption class=\"wp-element-caption\">Broyeur de ma\u00efs 9FQ-360<\/figcaption><\/figure> <\/figure>    <h2 class=\"wp-block-heading\">Quels sont les avantages du broyeur \u00e0 marteaux ?<\/h2>    <ul class=\"wp-block-list\"> <li><strong>Application large :<\/strong> Broie des grains, l\u00e9gumineuses, paille, foin, copeaux de bois et autres biomasses pour l'alimentation, l'alimentation animale ou l'utilisation comme carburant.<\/li>    <li><strong>Concassage \u00e0 haute efficacit\u00e9 :<\/strong> \u00c9quip\u00e9 de 24 lames de marteau \u00e0 grande vitesse pour une pulv\u00e9risation fine et uniforme.<\/li>    <li><strong>Taille de sortie r\u00e9glable :<\/strong> Les mailles de tamis interchangeables permettent un contr\u00f4le flexible de la taille des particules.<\/li>    <li><strong>D\u00e9charge anti-poussi\u00e8re :<\/strong> L'issue de type cyclone minimise la dispersion de la poudre et maintient l'espace de travail propre.<\/li>    <li><strong>Durable et facile \u00e0 utiliser :<\/strong> Une construction robuste garantit des performances stables avec une op\u00e9ration et un entretien simples.<\/li> <\/ul>    <figure class=\"wp-block-image\"><img loading=\"lazy\" decoding=\"async\" width=\"720\" height=\"540\" src=\"https:\/\/taizyfarmequipment.com\/wp-content\/uploads\/2023\/12\/HAMMER-MILL-GRINDER.webp\" alt=\"BROYEUR \u00c0 MARTEAU\" class=\"wp-image-4245\" srcset=\"https:\/\/taizyfarmequipment.com\/wp-content\/uploads\/2023\/12\/HAMMER-MILL-GRINDER.webp 720w, https:\/\/taizyfarmequipment.com\/wp-content\/uploads\/2023\/12\/HAMMER-MILL-GRINDER-300x225.webp 300w\" sizes=\"auto, (max-width: 720px) 100vw, 720px\" \/><\/figure>    <h2 class=\"wp-block-heading\">Broyeur \u00e0 marteaux de grande capacit\u00e9 \u00e0 vendre en Angola<\/h2>    <p>Le client, bas\u00e9 en Angola, est sp\u00e9cialis\u00e9 dans l'\u00e9levage bovin et ovin et recherchait une machine permettant d'am\u00e9liorer l'efficacit\u00e9 et de gagner du temps. Apr\u00e8s avoir discut\u00e9 de leurs besoins sp\u00e9cifiques, notre responsable commercial exp\u00e9riment\u00e9 a recommand\u00e9 le broyeur \u00e0 marteaux 500, garantissant ainsi une solution sur mesure r\u00e9pondant \u00e0 leurs besoins op\u00e9rationnels.<\/p>    <p>Impressionn\u00e9 par notre professionnalisme et l'assistance compl\u00e8te fournie, le client a choisi en toute confiance d'acheter le broyeur \u00e0 marteaux 500. La machine a \u00e9t\u00e9 soigneusement emball\u00e9e pour garantir un transport en toute s\u00e9curit\u00e9 et exp\u00e9di\u00e9e rapidement au client. Vous trouverez ci-dessous une repr\u00e9sentation visuelle de l\u2019emballage soign\u00e9 et du processus de livraison dans les d\u00e9lais.<\/p>    <figure class=\"wp-block-gallery has-nested-images columns-default is-cropped wp-block-gallery-4 is-layout-flex wp-block-gallery-is-layout-flex\"> <figure class=\"wp-block-image size-large\"><img loading=\"lazy\" decoding=\"async\" width=\"720\" height=\"540\" data-id=\"3238\" src=\"https:\/\/taizyfarmequipment.com\/wp-content\/uploads\/2022\/04\/wooden-case-packaging0-1.jpg\" alt=\"emballage de caisse en bois\" class=\"wp-image-3238\" title=\"emballage de caisse en bois\"\/><figcaption class=\"wp-element-caption\">emballage de caisse en bois<\/figcaption><\/figure>    <figure class=\"wp-block-image size-large\"><img loading=\"lazy\" decoding=\"async\" width=\"720\" height=\"540\" data-id=\"3237\" src=\"https:\/\/taizyfarmequipment.com\/wp-content\/uploads\/2022\/04\/shipping-of-high-speed-grain-grinder-1.jpg\" alt=\"exp\u00e9dition d&#039;un broyeur \u00e0 grains \u00e0 grande vitesse \" class=\"wp-image-3237\" title=\"exp\u00e9dition d&#039;un broyeur \u00e0 grains \u00e0 grande vitesse \"\/><figcaption class=\"wp-element-caption\">exp\u00e9dition d'un broyeur \u00e0 grains \u00e0 grande vitesse <\/figcaption><\/figure> <\/figure>    <h2 class=\"wp-block-heading\">FAQ de <a href=\"https:\/\/en.wikipedia.org\/wiki\/Hammer_mill\" data-type=\"link\" data-id=\"https:\/\/en.wikipedia.org\/wiki\/Hammer_mill\" target=\"_blank\" rel=\"noopener\">broyeur \u00e0 marteaux<\/a> machine \u00e0 broyer<\/h2>   <div id=\"rank-math-faq\" class=\"rank-math-block\"> <div class=\"rank-math-list\"> <div id=\"faq-question-1705893362789\" class=\"rank-math-list-item\"> <h3 class=\"rank-math-question\">1. Quels mat\u00e9riaux ce broyeur \u00e0 marteaux peut-il traiter\u00a0?<\/h3> <div class=\"rank-math-answer\">  <p>Peut manipuler de la paille, du fourrage, des \u00e9pis de ma\u00efs, du ma\u00efs, etc.<\/p>  <\/div> <\/div> <div id=\"faq-question-1705893371674\" class=\"rank-math-list-item\"> <h3 class=\"rank-math-question\">2. Quelle est la puissance de la machine ?<\/h3> <div class=\"rank-math-answer\">  <p>Moteurs \u00e9lectriques, moteurs diesel et essence.<\/p>  <\/div> <\/div> <div id=\"faq-question-1705893387700\" class=\"rank-math-list-item\"> <h3 class=\"rank-math-question\">3. L\u2019\u00e9cran du broyeur \u00e0 marteaux peut-il \u00eatre personnalis\u00e9 ?<\/h3> <div class=\"rank-math-answer\">  <p>Oui, les clients doivent communiquer leurs besoins \u00e0 l'avance.<\/p>  <\/div> <\/div> <div id=\"faq-question-1705893402977\" class=\"rank-math-list-item\"> <h3 class=\"rank-math-question\">4. La machine est-elle \u00e9quip\u00e9e d'un d\u00e9poussi\u00e9reur\u00a0?<\/h3> <div class=\"rank-math-answer\">  <p>\u00c0 l'exception des mod\u00e8les 320, tous les autres mod\u00e8les sont \u00e9quip\u00e9s de cyclones.<\/p>  <\/div> <\/div> <\/div> <\/div>   <figure class=\"wp-block-image size-full\"><img loading=\"lazy\" decoding=\"async\" width=\"720\" height=\"540\" src=\"https:\/\/taizyfarmequipment.com\/wp-content\/uploads\/2023\/12\/HAMMER-MILL-GRINDER-for-business.webp\" alt=\"BROYEUR \u00c0 MARTEAU pour les entreprises\" class=\"wp-image-4242\" srcset=\"https:\/\/taizyfarmequipment.com\/wp-content\/uploads\/2023\/12\/HAMMER-MILL-GRINDER-for-business.webp 720w, https:\/\/taizyfarmequipment.com\/wp-content\/uploads\/2023\/12\/HAMMER-MILL-GRINDER-for-business-300x225.webp 300w\" sizes=\"auto, (max-width: 720px) 100vw, 720px\" \/><figcaption class=\"wp-element-caption\">BROYEUR \u00c0 MARTEAU pour les entreprises<\/figcaption><\/figure>    <h2 class=\"wp-block-heading\">Contactez-nous maintenant!<\/h2>    <p class=\"translation-block\">Le moulin \u00e0 marteau offre une solution puissante et efficace pour traiter une large gamme de mat\u00e9riaux, des grains et l\u00e9gumineuses \u00e0 la paille, aux tiges et aux copeaux de bois. Il peut \u00e9galement \u00eatre utilis\u00e9 avec notre <strong><a href=\"https:\/\/taizyfarmequipment.com\/fr\/produit-2\/machine-de-broyeur-dherbe\/\" data-type=\"link\" data-id=\"https:\/\/taizyfarmequipment.com\/product\/grass-chopper-machine\/\"> coupe-foin <\/a><\/strong> et notre <strong><a href=\"https:\/\/taizyfarmequipment.com\/fr\/produit-2\/presse-a-balles-rondes-densilage\/\" data-type=\"link\" data-id=\"https:\/\/taizyfarmequipment.com\/product\/silage-round-baler\/\"> ensacheuse de silo <\/a><\/strong> en tant que syst\u00e8me complet pour la transformation de l'alimentation. <\/p>    <p class=\"translation-block\"><strong>Contactez-nous d\u00e8s aujourd'hui pour obtenir un devis personnalis\u00e9 et trouver le mod\u00e8le id\u00e9al pour vos besoins de production !<\/strong><\/p>    <figure class=\"wp-block-image size-large\"><img loading=\"lazy\" decoding=\"async\" width=\"720\" height=\"540\" src=\"https:\/\/taizyfarmequipment.com\/wp-content\/uploads\/2022\/04\/hammer-mill-feed-grinder0.jpg\" alt=\"broyeur d&#039;alimentation de broyeur \u00e0 marteaux\" class=\"wp-image-3235\" title=\"broyeur d&#039;alimentation de broyeur \u00e0 marteaux\"\/><figcaption class=\"wp-element-caption\">broyeur d'alimentation de broyeur \u00e0 marteaux<\/figcaption><\/figure>","protected":false},"excerpt":{"rendered":"<p>Le moulin \u00e0 marteau broie la paille et les grains en particules fines avec une grande efficacit\u00e9.<\/p>","protected":false},"author":1,"featured_media":3239,"parent":0,"template":"","tags":[256,251,252,254,253,257,255],"product-type":[130],"class_list":["post-3228","product","type-product","status-publish","has-post-thumbnail","hentry","tag-corn-mill-grinder-machine","tag-hammer-crusher","tag-hammer-mill","tag-hammer-mill-feed-grinder","tag-hammer-mill-grinder","tag-hammer-pulverizer-machine-price","tag-high-speed-hammer-mill","product-type-corn-grains-grinding-equipment"],"_links":{"self":[{"href":"https:\/\/taizyfarmequipment.com\/fr\/wp-json\/wp\/v2\/product\/3228","targetHints":{"allow":["GET"]}}],"collection":[{"href":"https:\/\/taizyfarmequipment.com\/fr\/wp-json\/wp\/v2\/product"}],"about":[{"href":"https:\/\/taizyfarmequipment.com\/fr\/wp-json\/wp\/v2\/types\/product"}],"author":[{"embeddable":true,"href":"https:\/\/taizyfarmequipment.com\/fr\/wp-json\/wp\/v2\/users\/1"}],"wp:featuredmedia":[{"embeddable":true,"href":"https:\/\/taizyfarmequipment.com\/fr\/wp-json\/wp\/v2\/media\/3239"}],"wp:attachment":[{"href":"https:\/\/taizyfarmequipment.com\/fr\/wp-json\/wp\/v2\/media?parent=3228"}],"wp:term":[{"taxonomy":"post_tag","embeddable":true,"href":"https:\/\/taizyfarmequipment.com\/fr\/wp-json\/wp\/v2\/tags?post=3228"},{"taxonomy":"product-type","embeddable":true,"href":"https:\/\/taizyfarmequipment.com\/fr\/wp-json\/wp\/v2\/product-type?post=3228"}],"curies":[{"name":"wp","href":"https:\/\/api.w.org\/{rel}","templated":true}]}}