{"id":3258,"date":"2022-04-20T09:44:09","date_gmt":"2022-04-20T09:44:09","guid":{"rendered":"https:\/\/taizyfarmequipment.com\/?post_type=product&#038;p=3258"},"modified":"2025-11-26T17:22:14","modified_gmt":"2025-11-26T09:22:14","slug":"planteuse-darachides-a-4-rangs","status":"publish","type":"product","link":"https:\/\/taizyfarmequipment.com\/fr\/product\/4-row-peanut-planter\/","title":{"rendered":"Planteuse d'arachides | Machine multifonctionnelle de plantation d'arachides"},"content":{"rendered":"<div class=\"kk-star-ratings kksr-auto kksr-align-left kksr-valign-top\"     data-payload='{&quot;align&quot;:&quot;left&quot;,&quot;id&quot;:&quot;3258&quot;,&quot;slug&quot;:&quot;default&quot;,&quot;valign&quot;:&quot;top&quot;,&quot;ignore&quot;:&quot;&quot;,&quot;reference&quot;:&quot;auto&quot;,&quot;class&quot;:&quot;&quot;,&quot;count&quot;:&quot;17&quot;,&quot;legendonly&quot;:&quot;&quot;,&quot;readonly&quot;:&quot;&quot;,&quot;score&quot;:&quot;4.9&quot;,&quot;starsonly&quot;:&quot;&quot;,&quot;best&quot;:&quot;5&quot;,&quot;gap&quot;:&quot;5&quot;,&quot;greet&quot;:&quot;Rate this product&quot;,&quot;legend&quot;:&quot;4.9\\\/5 - (17 votes)&quot;,&quot;size&quot;:&quot;24&quot;,&quot;title&quot;:&quot;Peanut planter | Multi-functional groundnut planting machine&quot;,&quot;width&quot;:&quot;139.6&quot;,&quot;_legend&quot;:&quot;{score}\\\/{best} - ({count} {votes})&quot;,&quot;font_factor&quot;:&quot;1.25&quot;}'>              <div class=\"kksr-stars\">      <div class=\"kksr-stars-inactive\">             <div class=\"kksr-star\" data-star=\"1\" style=\"padding-right: 5px\">               <div class=\"kksr-icon\" style=\"width: 24px; height: 24px;\"><\/div>         <\/div>             <div class=\"kksr-star\" data-star=\"2\" style=\"padding-right: 5px\">               <div class=\"kksr-icon\" style=\"width: 24px; height: 24px;\"><\/div>         <\/div>             <div class=\"kksr-star\" data-star=\"3\" style=\"padding-right: 5px\">               <div class=\"kksr-icon\" style=\"width: 24px; height: 24px;\"><\/div>         <\/div>             <div class=\"kksr-star\" data-star=\"4\" style=\"padding-right: 5px\">               <div class=\"kksr-icon\" style=\"width: 24px; height: 24px;\"><\/div>         <\/div>             <div class=\"kksr-star\" data-star=\"5\" style=\"padding-right: 5px\">               <div class=\"kksr-icon\" style=\"width: 24px; height: 24px;\"><\/div>         <\/div>     <\/div>      <div class=\"kksr-stars-active\" style=\"width: 139.6px;\">             <div class=\"kksr-star\" style=\"padding-right: 5px\">               <div class=\"kksr-icon\" style=\"width: 24px; height: 24px;\"><\/div>         <\/div>             <div class=\"kksr-star\" style=\"padding-right: 5px\">               <div class=\"kksr-icon\" style=\"width: 24px; height: 24px;\"><\/div>         <\/div>             <div class=\"kksr-star\" style=\"padding-right: 5px\">               <div class=\"kksr-icon\" style=\"width: 24px; height: 24px;\"><\/div>         <\/div>             <div class=\"kksr-star\" style=\"padding-right: 5px\">               <div class=\"kksr-icon\" style=\"width: 24px; height: 24px;\"><\/div>         <\/div>             <div class=\"kksr-star\" style=\"padding-right: 5px\">               <div class=\"kksr-icon\" style=\"width: 24px; height: 24px;\"><\/div>         <\/div>     <\/div> <\/div>                   <div class=\"kksr-legend\" style=\"font-size: 19.2px;\">             4,9\/5 - (17 votes)    <\/div>     <\/div>  <p>La planteuse d'arachides assure un semis efficace et pr\u00e9cis des arachides. Cette machine 4 rangs est entra\u00een\u00e9e par un tracteur via la prise de force (PTO), garantissant un fonctionnement synchronis\u00e9 et fiable sur le terrain. Les fonctions standard incluent la fertilisation, le semis et le recouvrement du sol\u2014r\u00e9pondant aux exigences essentielles de la plantation d'arachides.<\/p>    <p class=\"translation-block\">Pour s'adapter aux pratiques agricoles modernes et aux diverses demandes des clients, notre <strong>planteuse d'arachides<\/strong> peut \u00eatre \u00e9quip\u00e9e de fonctions suppl\u00e9mentaires telles que des bo\u00eetes \u00e0 produits pour l'application de pesticides, le paillage plastique, des roues de compactage du sol et le travail rotatif du sol. Ces options personnalisables permettent aux agriculteurs d'am\u00e9liorer l'efficacit\u00e9 de la plantation et la protection des cultures en fonction des conditions locales du champ.<\/p>    <p class=\"translation-block\">Avec une capacit\u00e9 de travail de <strong>0,5 \u00e0 3,2 acres par heure<\/strong>, cette <strong>planteuse d'arachides<\/strong> est id\u00e9ale pour les petites et moyennes exploitations. Sa structure simple, sa facilit\u00e9 d'utilisation et son prix abordable en font un choix populaire parmi les agriculteurs, tant au niveau national qu'international.<\/p>    <figure class=\"wp-block-embed is-type-video is-provider-youtube wp-block-embed-youtube wp-embed-aspect-16-9 wp-has-aspect-ratio\"><div class=\"wp-block-embed__wrapper\"> <iframe loading=\"lazy\" title=\"Boostez votre productivit\u00e9 agricole\u00a0: trucs et astuces pour les machines \u00e0 planter des arachides #peanut #groundnut\" width=\"500\" height=\"281\" src=\"https:\/\/www.youtube.com\/embed\/9t2IQI40t0k?feature=oembed\" frameborder=\"0\" allow=\"accelerometer; autoplay; clipboard-write; encrypted-media; gyroscope; picture-in-picture; web-share\" referrerpolicy=\"strict-origin-when-cross-origin\" allowfullscreen><\/iframe> <\/div><figcaption class=\"wp-element-caption\">vid\u00e9o de travail de la machine \u00e0 planter des arachides<\/figcaption><\/figure>    <h2 class=\"wp-block-heading\" id=\"h-introduction-to-the-peanut-planter\">Peanut planter for sale<\/h2>    <p>Nos planteuses d'arachides peuvent semer plusieurs rangs d'arachides en une seule fois, tels que 2 rangs, 4 rangs et 6 rangs. Leurs mod\u00e8les sont 2BH-2, 2BH-4 et 2BH-6, qui peuvent r\u00e9pondre aux besoins de multi-rangs.<\/p>    <p>Le planteur d'arachides a des fonctions puissantes et peut effectuer des op\u00e9rations telles que la fertilisation, le semis, la pulv\u00e9risation, le paillage, le recouvrement du sol et le rehaussement des billons en m\u00eame temps. De plus, les clients peuvent \u00e9galement ajuster l'espacement des plantes et l'espacement des rangs en fonction de leurs propres besoins.<\/p>    <p>Pendant tout le processus de fonctionnement, la machine est facile \u00e0 utiliser, uniform\u00e9ment ensemenc\u00e9e, a une efficacit\u00e9 de travail \u00e9lev\u00e9e et est durable. Et c\u2019est un outil courant pour les agriculteurs que de semer des graines quotidiennement. <\/p>    <figure class=\"wp-block-gallery has-nested-images columns-default is-cropped wp-block-gallery-2 is-layout-flex wp-block-gallery-is-layout-flex\"> <figure class=\"wp-block-image size-large\"><img loading=\"lazy\" decoding=\"async\" width=\"720\" height=\"540\" data-id=\"3261\" src=\"https:\/\/taizyfarmequipment.com\/wp-content\/uploads\/2022\/04\/4-rows-peanut-planter2.jpg\" alt=\"Planteuse d&#039;arachides \u00e0 4 rangs\" class=\"wp-image-3261\" title=\"Jardini\u00e8re cacahu\u00e8tes 4 rangs\"\/><figcaption class=\"wp-element-caption\">Planteuse d'arachides \u00e0 4 rangs<\/figcaption><\/figure>    <figure class=\"wp-block-image size-large\"><img loading=\"lazy\" decoding=\"async\" width=\"720\" height=\"540\" data-id=\"3263\" src=\"https:\/\/taizyfarmequipment.com\/wp-content\/uploads\/2022\/04\/8-row-peanut-planter-0.jpg\" alt=\"Machine de plantation d&#039;arachides 6 rangs\" class=\"wp-image-3263\" title=\"Planteuse d&#039;arachides \u00e0 8 rangs\"\/><figcaption class=\"wp-element-caption\">Machine de plantation d'arachides 6 rangs<\/figcaption><\/figure> <\/figure>    <p class=\"translation-block\">Besides, peanut planters, we also have a <a href=\"https:\/\/taizyfarmequipment.com\/fr\/produit-2\/equipement-de-recolte-darachide\/\">peanut harvester<\/a>, peanut picker, <a href=\"https:\/\/taizyfarmequipment.com\/fr\/produit-2\/machine-combinee-de-decorticage-et-de-nettoyage-darachides\/\">peanut sheller<\/a>, etc. These machines help people save a lot of energy and time in the process from growing peanuts to obtaining peanut kernels.<\/p>    <figure class=\"wp-block-gallery has-nested-images columns-default is-cropped wp-block-gallery-3 is-layout-flex wp-block-gallery-is-layout-flex\"> <figure class=\"wp-block-image size-large\"><img loading=\"lazy\" decoding=\"async\" width=\"720\" height=\"540\" data-id=\"4059\" src=\"https:\/\/taizyfarmequipment.com\/wp-content\/uploads\/2023\/01\/peanut-harvester-.webp\" alt=\"\" class=\"wp-image-4059\"\/><\/figure>    <figure class=\"wp-block-image size-large\"><img loading=\"lazy\" decoding=\"async\" width=\"720\" height=\"540\" data-id=\"3907\" src=\"https:\/\/taizyfarmequipment.com\/wp-content\/uploads\/2022\/12\/peanut-sheller-.webp\" alt=\"machine \u00e0 d\u00e9cortiquer les arachides\" class=\"wp-image-3907\"\/><figcaption class=\"wp-element-caption\">machine \u00e0 d\u00e9cortiquer les arachides<\/figcaption><\/figure> <\/figure>    <h2 class=\"wp-block-heading\">Peanut planting machine structure<\/h2>    <div class=\"wp-block-media-text is-stacked-on-mobile\"><figure class=\"wp-block-media-text__media\"><img loading=\"lazy\" decoding=\"async\" width=\"720\" height=\"540\" src=\"https:\/\/taizyfarmequipment.com\/wp-content\/uploads\/2022\/04\/tractor-mounted-peanut-planting-machine0.jpg\" alt=\"Structure de jardini\u00e8re \u00e0 4 rang\u00e9es d&#039;arachides\" class=\"wp-image-3264 size-full\"\/><\/figure><div class=\"wp-block-media-text__content\"> <p>La planteuse d'arachides 4 rangs se compose principalement d'une bo\u00eete d'engrais, d'une bo\u00eete de graines, d'un ouvre-sillon et d'un ch\u00e2ssis. Pour des fonctions suppl\u00e9mentaires telles que le faussage, le paillage et la pulv\u00e9risation, des composants additionnels peuvent \u00eatre int\u00e9gr\u00e9s. <\/p>    <p>Elle assure un fonctionnement fluide avec un semis en profondeur, un espacement uniforme des rangs et une bonne couverture du sol\u2014favorisant une croissance saine des plantules.<\/p> <\/div><\/div>    <h2 class=\"wp-block-heading\">Sp\u00e9cifications de la planteuse d'arachide multifonctionnelle<\/h2>    <figure class=\"wp-block-table\"><table><tbody><tr><td>Mod\u00e8le<\/td><td>2BHMF-2<\/td><td>2BHMF-4<\/td><td>2BHMF-6<\/td><\/tr><tr><td>Puissance adapt\u00e9e (ch)<\/td><td>20-40<\/td><td>40-70<\/td><td>60-90<\/td><\/tr><tr><td>Taille<\/td><td>2940\u00d71200\u00d71300mm<\/td><td>2940\u00d71600\u00d71300mm<\/td><td>2940\u00d71900\u00d71300mm<\/td><\/tr><tr><td>Poids<\/td><td>180 kg<\/td><td>350 kg<\/td><td>450 kg<\/td><\/tr><tr><td>Capacit\u00e9 de la tr\u00e9mie<\/td><td>10kg*2<\/td><td>10kg*4<\/td><td>10kg*6<\/td><\/tr><tr><td>Nombre de lignes<\/td><td>2 rang\u00e9es<\/td><td>4 rang\u00e9es<\/td><td>6 rang\u00e9es<\/td><\/tr><tr><td>Espace des lignes<\/td><td>300-350mm<\/td><td>300-350mm<\/td><td>300-350mm<\/td><\/tr><tr><td>Espace de graine<\/td><td>80-300mm<\/td><td>80-300mm<\/td><td>80-300mm<\/td><\/tr><tr><td>Productivit\u00e9<\/td><td>0,5-0,8 acre\/h<\/td><td>0,8 \u00e0 1,6 acre\/h<\/td><td>1,6-3,2 acres\/h<\/td><\/tr><tr><td>Taux de semis<\/td><td>&gt;98%<\/td><td>&gt;98%<\/td><td>&gt;98%<\/td><\/tr><\/tbody><\/table><figcaption class=\"wp-element-caption\">Param\u00e8tres de la machine de plantation d'arachides multifonctionnelle<\/figcaption><\/figure>    <h2 class=\"wp-block-heading\">Comment utiliser un planteur d'arachides multifonctionnel ?<\/h2>    <div class=\"wp-block-media-text has-media-on-the-right is-stacked-on-mobile\"><div class=\"wp-block-media-text__content\"> <ul class=\"wp-block-list\"> <li>Commencez par inspecter la planteuse d'arachides pour vous assurer que tous les composants fonctionnent correctement.<\/li>    <li>Chargez l'engrais dans la bo\u00eete \u00e0 engrais et les graines dans la bo\u00eete \u00e0 graines une fois que la machine fonctionne normalement.<\/li>    <li>Activez le syst\u00e8me de fertilisation pour permettre \u00e0 l'engrais de circuler \u00e0 travers l'applicateur et d'\u00eatre plac\u00e9 dans le sol via la pelle d'engrais.<\/li> <\/ul> <\/div><figure class=\"wp-block-media-text__media\"><img loading=\"lazy\" decoding=\"async\" width=\"720\" height=\"540\" src=\"https:\/\/taizyfarmequipment.com\/wp-content\/uploads\/2022\/04\/groundnut-planter-0.jpg\" alt=\"planteur d&#039;arachides au travail\" class=\"wp-image-3269 size-full\"\/><\/figure><\/div>    <div class=\"wp-block-media-text is-stacked-on-mobile\"><figure class=\"wp-block-media-text__media\"><img loading=\"lazy\" decoding=\"async\" width=\"720\" height=\"540\" src=\"https:\/\/taizyfarmequipment.com\/wp-content\/uploads\/2022\/04\/peanut-planting-machine0.jpg\" alt=\"R\u00e9sultats de travail de la machine \u00e0 planter des arachides\" class=\"wp-image-3270 size-full\"\/><\/figure><div class=\"wp-block-media-text__content\"> <ul class=\"wp-block-list\"> <li>Commencez le processus de semis o\u00f9 les graines sont dos\u00e9es et d\u00e9pos\u00e9es dans les sillons tandis que la machine creuse et recouvre simultan\u00e9ment le sol.<\/li>    <li>Connectez le r\u00e9servoir d\u2019herbicide au syst\u00e8me de compresseur d\u2019air du tracteur pour appliquer de l\u2019herbicide tout en r\u00e9alisant le semis, la fertilisation, le buttage et le paillage en un seul passage.<\/li> <\/ul> <\/div><\/div>    <h2 class=\"wp-block-heading\">Multi-functional peanut planter advantages<\/h2>    <div class=\"wp-block-media-text has-media-on-the-right is-stacked-on-mobile\"><div class=\"wp-block-media-text__content\"> <ul class=\"wp-block-list\"> <li>La planteuse d'arachides 4 rangs pr\u00e9sente une structure simple, un design l\u00e9ger et peut \u00eatre facilement op\u00e9r\u00e9e par une seule personne.<\/li>    <li>Elle s'adapte \u00e0 divers terrains, y compris les zones vallonn\u00e9es et montagneuses, avec un impact minimal sur la surface du sol.<\/li>    <li>La largeur du film est r\u00e9glable, prenant en charge \u00e0 la fois le semis en simple rang et en multi-rangs, tandis que la roue de pressage de laminage assure un paillage efficace avec des dommages minimes.<\/li> <\/ul> <\/div><figure class=\"wp-block-media-text__media\"><img loading=\"lazy\" decoding=\"async\" width=\"720\" height=\"539\" src=\"https:\/\/taizyfarmequipment.com\/wp-content\/uploads\/2022\/04\/groundnut-planting-machine9.jpg\" alt=\"Planteuse d&#039;arachide expos\u00e9e\" class=\"wp-image-3265 size-full\"\/><\/figure><\/div>    <div class=\"wp-block-media-text is-stacked-on-mobile\"><figure class=\"wp-block-media-text__media\"><img loading=\"lazy\" decoding=\"async\" width=\"720\" height=\"540\" src=\"https:\/\/taizyfarmequipment.com\/wp-content\/uploads\/2022\/04\/groundnut-planting-machine-1.webp\" alt=\"planteuse d&#039;arachide\" class=\"wp-image-4986 size-full\" srcset=\"https:\/\/taizyfarmequipment.com\/wp-content\/uploads\/2022\/04\/groundnut-planting-machine-1.webp 720w, https:\/\/taizyfarmequipment.com\/wp-content\/uploads\/2022\/04\/groundnut-planting-machine-1-300x225.webp 300w, https:\/\/taizyfarmequipment.com\/wp-content\/uploads\/2022\/04\/groundnut-planting-machine-1-16x12.webp 16w\" sizes=\"auto, (max-width: 720px) 100vw, 720px\" \/><\/figure><div class=\"wp-block-media-text__content\"> <ul class=\"wp-block-list\"> <li>La machine int\u00e8gre les fonctions de semis, de pulv\u00e9risation et de paillage, augmentant consid\u00e9rablement l'efficacit\u00e9 globale de la plantation.<\/li>    <li>L'espacement des rangs peut \u00eatre ajust\u00e9 pour r\u00e9pondre \u00e0 diff\u00e9rents besoins de plantation.<\/li>    <li>Elle offre une haute pr\u00e9cision de semis, \u00e9conomisant les semences, garantissant une profondeur de semis constante et atteignant un taux de germination \u00e9lev\u00e9.<\/li> <\/ul> <\/div><\/div>    <h2 class=\"wp-block-heading\">Peanut planting machine sold to Kenya<\/h2>    <p>Un client du Kenya nous a contact\u00e9s via Alibaba la semaine derni\u00e8re. Nos responsables commerciaux communiquent avec les clients via WhatsApp. Apr\u00e8s avoir compris les besoins du client, nous lui recommandons une planteuse d'arachides \u00e0 4 rangs.<\/p>    <p>Plus tard, le client a appris que notre machine pouvait ajouter deux fonctions de fa\u00eetage et de laminage et a demand\u00e9 d'ajouter ces deux fonctions. <\/p>    <p>Finalement, le client d\u00e9cide de passer commande. Avant la livraison, nous testons le planteur d'arachides \u00e0 4 rangs pour le client et envoyons la vid\u00e9o de test selon la demande du client. Vous trouverez ci-dessous les photos de livraison du colis.<\/p>    <figure class=\"wp-block-gallery has-nested-images columns-default is-cropped wp-block-gallery-4 is-layout-flex wp-block-gallery-is-layout-flex\"> <figure class=\"wp-block-image size-large\"><img loading=\"lazy\" decoding=\"async\" width=\"720\" height=\"540\" data-id=\"3267\" src=\"https:\/\/taizyfarmequipment.com\/wp-content\/uploads\/2022\/04\/wooden-case-packing-of-peanut-planter-.jpg\" alt=\"paquet de planteur d&#039;arachides\" class=\"wp-image-3267\" title=\"Caisse en bois d&#039;emballage de planteur d&#039;arachides  \"\/><figcaption class=\"wp-element-caption\">paquet de planteur d'arachides<\/figcaption><\/figure>    <figure class=\"wp-block-image size-large\"><img loading=\"lazy\" decoding=\"async\" width=\"720\" height=\"540\" data-id=\"3268\" src=\"https:\/\/taizyfarmequipment.com\/wp-content\/uploads\/2022\/04\/shipping-of-6-row-peanut-planter-1.jpg\" alt=\"transport de planteuse d&#039;arachide\" class=\"wp-image-3268\" title=\"exp\u00e9dition d&#039;un planteur d&#039;arachides \u00e0 6 rangs\"\/><figcaption class=\"wp-element-caption\">transport de planteuse d'arachide<\/figcaption><\/figure> <\/figure>    <h2 class=\"wp-block-heading\">Pourquoi les clients choisissent-ils notre planteuse d'arachides \u00e0 4 rang\u00e9es\u00a0?<\/h2>    <div class=\"wp-block-media-text is-stacked-on-mobile\"><figure class=\"wp-block-media-text__media\"><img loading=\"lazy\" decoding=\"async\" width=\"720\" height=\"540\" src=\"https:\/\/taizyfarmequipment.com\/wp-content\/uploads\/2022\/04\/peanut-planting-machine.webp\" alt=\"planteuse d&#039;arachide\" class=\"wp-image-4319 size-full\" srcset=\"https:\/\/taizyfarmequipment.com\/wp-content\/uploads\/2022\/04\/peanut-planting-machine.webp 720w, https:\/\/taizyfarmequipment.com\/wp-content\/uploads\/2022\/04\/peanut-planting-machine-300x225.webp 300w\" sizes=\"auto, (max-width: 720px) 100vw, 720px\" \/><\/figure><div class=\"wp-block-media-text__content\"> <ul class=\"wp-block-list\"> <li>Notre planteuse d'arachides est construite avec des mat\u00e9riaux de haute qualit\u00e9 et r\u00e9pond aux normes internationales de durabilit\u00e9 et de performance.<\/li>    <li>Le personnel de vente professionnel fournit des conseils d'experts et aide les clients \u00e0 choisir le mod\u00e8le le plus adapt\u00e9.<\/li> <\/ul> <\/div><\/div>    <div class=\"wp-block-media-text has-media-on-the-right is-stacked-on-mobile\"><div class=\"wp-block-media-text__content\"> <ul class=\"wp-block-list\"> <li>Nous proposons plusieurs m\u00e9thodes de paiement s\u00e9curis\u00e9es et flexibles pour convenir aux pr\u00e9f\u00e9rences des clients.<\/li>    <li>Les clients re\u00e7oivent des mises \u00e0 jour transparentes avec des photos et des vid\u00e9os d\u00e9taill\u00e9es de la machine pendant le processus d'achat.<\/li>    <li>Nous fournissons un service apr\u00e8s-vente fiable en ligne et hors ligne pour assurer un fonctionnement fluide et la satisfaction des clients.<\/li> <\/ul> <\/div><figure class=\"wp-block-media-text__media\"><img loading=\"lazy\" decoding=\"async\" width=\"720\" height=\"540\" src=\"https:\/\/taizyfarmequipment.com\/wp-content\/uploads\/2022\/04\/4-row-peanut-planter-1.webp\" alt=\"Planteuse d&#039;arachides \u00e0 4 rangs\" class=\"wp-image-4984 size-full\" srcset=\"https:\/\/taizyfarmequipment.com\/wp-content\/uploads\/2022\/04\/4-row-peanut-planter-1.webp 720w, https:\/\/taizyfarmequipment.com\/wp-content\/uploads\/2022\/04\/4-row-peanut-planter-1-300x225.webp 300w, https:\/\/taizyfarmequipment.com\/wp-content\/uploads\/2022\/04\/4-row-peanut-planter-1-16x12.webp 16w\" sizes=\"auto, (max-width: 720px) 100vw, 720px\" \/><\/figure><\/div>    <h2 class=\"wp-block-heading\">N'h\u00e9sitez pas \u00e0 nous contacter!<\/h2>    <p class=\"translation-block\">Avec sa haute efficacit\u00e9, ses performances fiables et son design convivial, notre <strong><a href=\"https:\/\/en.wikipedia.org\/wiki\/Peanut\" target=\"_blank\" rel=\"noopener\">machine de r\u00e9colte des arachides<\/a><\/strong> est un choix id\u00e9al pour les agriculteurs et les transformateurs souhaitant augmenter la productivit\u00e9 des r\u00e9coltes et r\u00e9duire les co\u00fbts de main-d'\u0153uvre. <\/p>    <p>Gr\u00e2ce \u00e0 notre \u00e9quipe professionnelle, \u00e0 des options de paiement flexibles et \u00e0 un support apr\u00e8s-vente complet, vous pouvez investir dans nos machines en toute confiance. Que vous d\u00e9veloppiez vos exploitations agricoles ou mettiez \u00e0 niveau votre \u00e9quipement existant, nous sommes l\u00e0 pour fournir des solutions sur mesure r\u00e9pondant \u00e0 vos besoins.<\/p>    <p class=\"translation-block\"><strong>Contactez-nous d\u00e8s maintenant pour obtenir un devis gratuit et des conseils professionnels pour choisir la bonne machine de r\u00e9colte d'arachides pour votre entreprise !<\/strong><\/p>    <figure class=\"wp-block-gallery has-nested-images columns-default is-cropped wp-block-gallery-5 is-layout-flex wp-block-gallery-is-layout-flex\"> <figure class=\"wp-block-image size-full\"><img loading=\"lazy\" decoding=\"async\" width=\"720\" height=\"540\" data-id=\"4983\" src=\"https:\/\/taizyfarmequipment.com\/wp-content\/uploads\/2022\/04\/peanut-planter-with-ridge-and-film-mulching.webp\" alt=\"planteuse d&#039;arachides avec billon et paillage en film\" class=\"wp-image-4983\" srcset=\"https:\/\/taizyfarmequipment.com\/wp-content\/uploads\/2022\/04\/peanut-planter-with-ridge-and-film-mulching.webp 720w, https:\/\/taizyfarmequipment.com\/wp-content\/uploads\/2022\/04\/peanut-planter-with-ridge-and-film-mulching-300x225.webp 300w, https:\/\/taizyfarmequipment.com\/wp-content\/uploads\/2022\/04\/peanut-planter-with-ridge-and-film-mulching-16x12.webp 16w\" sizes=\"auto, (max-width: 720px) 100vw, 720px\" \/><figcaption class=\"wp-element-caption\">planteuse d'arachides avec billon et paillage en film<\/figcaption><\/figure>    <figure class=\"wp-block-image size-large\"><img loading=\"lazy\" decoding=\"async\" width=\"720\" height=\"540\" data-id=\"4985\" src=\"https:\/\/taizyfarmequipment.com\/wp-content\/uploads\/2022\/04\/groundnut-planter-1.webp\" alt=\"planteur d&#039;arachide\" class=\"wp-image-4985\" srcset=\"https:\/\/taizyfarmequipment.com\/wp-content\/uploads\/2022\/04\/groundnut-planter-1.webp 720w, https:\/\/taizyfarmequipment.com\/wp-content\/uploads\/2022\/04\/groundnut-planter-1-300x225.webp 300w, https:\/\/taizyfarmequipment.com\/wp-content\/uploads\/2022\/04\/groundnut-planter-1-16x12.webp 16w\" sizes=\"auto, (max-width: 720px) 100vw, 720px\" \/><figcaption class=\"wp-element-caption\">planteur d'arachide<\/figcaption><\/figure> <\/figure>","protected":false},"excerpt":{"rendered":"<p>Ce planteur de cacahu\u00e8tes \u00e0 4 rangs est sp\u00e9cialement utilis\u00e9 pour semer des cacahu\u00e8tes. Et le tracteur propulse la machine via un attelage trois points et une prise de force.<\/p>","protected":false},"author":1,"featured_media":3259,"parent":0,"template":"","tags":[266],"product-type":[235],"class_list":["post-3258","product","type-product","status-publish","has-post-thumbnail","hentry","tag-peanut-planter","product-type-planter"],"_links":{"self":[{"href":"https:\/\/taizyfarmequipment.com\/fr\/wp-json\/wp\/v2\/product\/3258","targetHints":{"allow":["GET"]}}],"collection":[{"href":"https:\/\/taizyfarmequipment.com\/fr\/wp-json\/wp\/v2\/product"}],"about":[{"href":"https:\/\/taizyfarmequipment.com\/fr\/wp-json\/wp\/v2\/types\/product"}],"author":[{"embeddable":true,"href":"https:\/\/taizyfarmequipment.com\/fr\/wp-json\/wp\/v2\/users\/1"}],"wp:featuredmedia":[{"embeddable":true,"href":"https:\/\/taizyfarmequipment.com\/fr\/wp-json\/wp\/v2\/media\/3259"}],"wp:attachment":[{"href":"https:\/\/taizyfarmequipment.com\/fr\/wp-json\/wp\/v2\/media?parent=3258"}],"wp:term":[{"taxonomy":"post_tag","embeddable":true,"href":"https:\/\/taizyfarmequipment.com\/fr\/wp-json\/wp\/v2\/tags?post=3258"},{"taxonomy":"product-type","embeddable":true,"href":"https:\/\/taizyfarmequipment.com\/fr\/wp-json\/wp\/v2\/product-type?post=3258"}],"curies":[{"name":"wp","href":"https:\/\/api.w.org\/{rel}","templated":true}]}}