{"id":3275,"date":"2022-04-25T07:23:21","date_gmt":"2022-04-25T07:23:21","guid":{"rendered":"https:\/\/taizyfarmequipment.com\/?post_type=product&#038;p=3275"},"modified":"2024-10-18T15:05:53","modified_gmt":"2024-10-18T07:05:53","slug":"machine-de-broyeur-a-disques","status":"publish","type":"product","link":"https:\/\/taizyfarmequipment.com\/fr\/product\/disk-mill-machine\/","title":{"rendered":"Broyeuse \u00e0 disques | Broyeur de grains | Broyeur de grains avec cyclone"},"content":{"rendered":"<div class=\"kk-star-ratings kksr-auto kksr-align-left kksr-valign-top\"     data-payload='{&quot;align&quot;:&quot;left&quot;,&quot;id&quot;:&quot;3275&quot;,&quot;slug&quot;:&quot;default&quot;,&quot;valign&quot;:&quot;top&quot;,&quot;ignore&quot;:&quot;&quot;,&quot;reference&quot;:&quot;auto&quot;,&quot;class&quot;:&quot;&quot;,&quot;count&quot;:&quot;17&quot;,&quot;legendonly&quot;:&quot;&quot;,&quot;readonly&quot;:&quot;&quot;,&quot;score&quot;:&quot;4.6&quot;,&quot;starsonly&quot;:&quot;&quot;,&quot;best&quot;:&quot;5&quot;,&quot;gap&quot;:&quot;5&quot;,&quot;greet&quot;:&quot;Rate this product&quot;,&quot;legend&quot;:&quot;4.6\\\/5 - (17 votes)&quot;,&quot;size&quot;:&quot;24&quot;,&quot;title&quot;:&quot;Disk mill machine | Grain grinder machine | Grain crusher with cyclone&quot;,&quot;width&quot;:&quot;130.9&quot;,&quot;_legend&quot;:&quot;{score}\\\/{best} - ({count} {votes})&quot;,&quot;font_factor&quot;:&quot;1.25&quot;}'>              <div class=\"kksr-stars\">      <div class=\"kksr-stars-inactive\">             <div class=\"kksr-star\" data-star=\"1\" style=\"padding-right: 5px\">               <div class=\"kksr-icon\" style=\"width: 24px; height: 24px;\"><\/div>         <\/div>             <div class=\"kksr-star\" data-star=\"2\" style=\"padding-right: 5px\">               <div class=\"kksr-icon\" style=\"width: 24px; height: 24px;\"><\/div>         <\/div>             <div class=\"kksr-star\" data-star=\"3\" style=\"padding-right: 5px\">               <div class=\"kksr-icon\" style=\"width: 24px; height: 24px;\"><\/div>         <\/div>             <div class=\"kksr-star\" data-star=\"4\" style=\"padding-right: 5px\">               <div class=\"kksr-icon\" style=\"width: 24px; height: 24px;\"><\/div>         <\/div>             <div class=\"kksr-star\" data-star=\"5\" style=\"padding-right: 5px\">               <div class=\"kksr-icon\" style=\"width: 24px; height: 24px;\"><\/div>         <\/div>     <\/div>      <div class=\"kksr-stars-active\" style=\"width: 130.9px;\">             <div class=\"kksr-star\" style=\"padding-right: 5px\">               <div class=\"kksr-icon\" style=\"width: 24px; height: 24px;\"><\/div>         <\/div>             <div class=\"kksr-star\" style=\"padding-right: 5px\">               <div class=\"kksr-icon\" style=\"width: 24px; height: 24px;\"><\/div>         <\/div>             <div class=\"kksr-star\" style=\"padding-right: 5px\">               <div class=\"kksr-icon\" style=\"width: 24px; height: 24px;\"><\/div>         <\/div>             <div class=\"kksr-star\" style=\"padding-right: 5px\">               <div class=\"kksr-icon\" style=\"width: 24px; height: 24px;\"><\/div>         <\/div>             <div class=\"kksr-star\" style=\"padding-right: 5px\">               <div class=\"kksr-icon\" style=\"width: 24px; height: 24px;\"><\/div>         <\/div>     <\/div> <\/div>                   <div class=\"kksr-legend\" style=\"font-size: 19.2px;\">             4,6\/5 - (17 votes)    <\/div>     <\/div>  <p>Le broyeur \u00e0 disques est un dispositif de broyage tr\u00e8s efficace et polyvalent con\u00e7u pour traiter une large gamme de mat\u00e9riaux en poudre fine. Ses principaux avantages comprennent une efficacit\u00e9 de broyage \u00e9lev\u00e9e, une distribution granulom\u00e9trique uniforme et une construction robuste. <\/p>    <p>Le broyeur \u00e0 grains dispose de param\u00e8tres de broyage r\u00e9glables pour obtenir la finesse souhait\u00e9e, ce qui le rend adapt\u00e9 \u00e0 diverses applications telles que la transformation des aliments, les produits pharmaceutiques et les produits chimiques. <\/p>    <p>Avec des disques durables fabriqu\u00e9s \u00e0 partir de mat\u00e9riaux de haute qualit\u00e9, la fraiseuse \u00e0 disques garantit des performances constantes et un fonctionnement durable. Sa conception compacte et sa facilit\u00e9 d'entretien renforcent encore son attrait pour les op\u00e9rations \u00e0 petite \u00e9chelle et industrielles.<\/p>    <figure class=\"wp-block-gallery has-nested-images columns-default is-cropped wp-block-gallery-2 is-layout-flex wp-block-gallery-is-layout-flex\"> <figure class=\"wp-block-image size-large\"><img loading=\"lazy\" decoding=\"async\" width=\"720\" height=\"540\" data-id=\"4561\" src=\"https:\/\/taizyfarmequipment.com\/wp-content\/uploads\/2022\/04\/Disk-mill-machine-for-sale.webp\" alt=\"Broyeur \u00e0 disques \u00e0 vendre\" class=\"wp-image-4561\" srcset=\"https:\/\/taizyfarmequipment.com\/wp-content\/uploads\/2022\/04\/Disk-mill-machine-for-sale.webp 720w, https:\/\/taizyfarmequipment.com\/wp-content\/uploads\/2022\/04\/Disk-mill-machine-for-sale-300x225.webp 300w, https:\/\/taizyfarmequipment.com\/wp-content\/uploads\/2022\/04\/Disk-mill-machine-for-sale-16x12.webp 16w\" sizes=\"auto, (max-width: 720px) 100vw, 720px\" \/><figcaption class=\"wp-element-caption\">Broyeur \u00e0 disques \u00e0 vendre<\/figcaption><\/figure>    <figure class=\"wp-block-image size-large\"><img loading=\"lazy\" decoding=\"async\" width=\"720\" height=\"540\" data-id=\"4562\" src=\"https:\/\/taizyfarmequipment.com\/wp-content\/uploads\/2022\/04\/Disk-mill-machine.webp\" alt=\"Machine de broyage de disques\" class=\"wp-image-4562\" srcset=\"https:\/\/taizyfarmequipment.com\/wp-content\/uploads\/2022\/04\/Disk-mill-machine.webp 720w, https:\/\/taizyfarmequipment.com\/wp-content\/uploads\/2022\/04\/Disk-mill-machine-300x225.webp 300w, https:\/\/taizyfarmequipment.com\/wp-content\/uploads\/2022\/04\/Disk-mill-machine-16x12.webp 16w\" sizes=\"auto, (max-width: 720px) 100vw, 720px\" \/><figcaption class=\"wp-element-caption\">Machine de broyage de disques<\/figcaption><\/figure> <\/figure>    <h2 class=\"wp-block-heading\" id=\"h-introduction-to-grain-crushing-machine\">Introduction \u00e0 la machine de concassage de grains<\/h2>    <p>Notre soci\u00e9t\u00e9 Taizy fabrique une grande vari\u00e9t\u00e9 de broyeurs \u00e0 grains. Il existe des broyeurs \u00e0 disques, des broyeurs \u00e0 grains et des broyeurs \u00e0 grains avec cyclones, etc.<\/p>    <p>Toutes ces machines peuvent broyer des c\u00e9r\u00e9ales, des mati\u00e8res m\u00e9dicinales, des aliments, des aliments pour animaux, etc. Nous pouvons manger le mat\u00e9riau trait\u00e9 ou l'utiliser pour \u00e9lever de la volaille, etc. Ces broyeurs de grains sont de structure simple, faciles \u00e0 installer, faciles \u00e0 utiliser et \u00e9conomes en \u00e9nergie. .<\/p>    <p class=\"translation-block\">De plus, nous fabriquons \u00e9galement des machines \u00e0 \u00e9plucher les grains et des <a href=\"https:\/\/taizyfarmequipment.com\/fr\/produit-2\/gruau-de-mais-faisant-la-machine\/\">machines \u00e0 fabriquer des gruaux de ma\u00efs<\/a>. Toutes ces machines peuvent vous aider \u00e0 traiter facilement les grains.<\/p>    <figure class=\"wp-block-gallery has-nested-images columns-default is-cropped wp-block-gallery-3 is-layout-flex wp-block-gallery-is-layout-flex\"> <figure class=\"wp-block-image size-large\"><img loading=\"lazy\" decoding=\"async\" width=\"720\" height=\"540\" data-id=\"3278\" src=\"https:\/\/taizyfarmequipment.com\/wp-content\/uploads\/2022\/04\/disk-mill-machine0.jpg\" alt=\"machine de broyeur \u00e0 disques\" class=\"wp-image-3278\" title=\"machine de broyeur \u00e0 disques\"\/><figcaption class=\"wp-element-caption\">machine de broyeur \u00e0 disques<\/figcaption><\/figure>    <figure class=\"wp-block-image size-large\"><img loading=\"lazy\" decoding=\"async\" width=\"720\" height=\"540\" data-id=\"3279\" src=\"https:\/\/taizyfarmequipment.com\/wp-content\/uploads\/2022\/04\/grain-grinder-machine0.jpg\" alt=\"\" class=\"wp-image-3279\"\/><figcaption class=\"wp-element-caption\">broyeur \u00e0 grains<\/figcaption><\/figure>    <figure class=\"wp-block-image size-large\"><img loading=\"lazy\" decoding=\"async\" width=\"720\" height=\"540\" data-id=\"3280\" src=\"https:\/\/taizyfarmequipment.com\/wp-content\/uploads\/2022\/04\/corn-crushe0.jpg\" alt=\"\" class=\"wp-image-3280\"\/><figcaption class=\"wp-element-caption\">broyeur de ma\u00efs<\/figcaption><\/figure> <\/figure>    <h2 class=\"wp-block-heading\">Type 1\u00a0: broyeur \u00e0 disques<\/h2>    <p>Un broyeur \u00e0 disques est un \u00e9quipement sp\u00e9cialement capable de broyer toutes sortes de c\u00e9r\u00e9ales, d'aliments, de mati\u00e8res m\u00e9dicinales, d'aliments pour animaux, etc. Le mat\u00e9riau trait\u00e9 est d\u00e9licat et beau.<\/p>    <p>Cette fraise \u00e0 disque a une structure compacte, un fonctionnement s\u00fbr et pratique, une belle apparence, une faible consommation d'\u00e9nergie, des performances stables et fiables et est tr\u00e8s populaire parmi les utilisateurs. <\/p>    <p>La puissance du pulv\u00e9risateur peut \u00eatre un moteur \u00e9lectrique ou un moteur \u00e0 essence. Les clients peuvent choisir la puissance en fonction de leurs besoins.<\/p>    <figure class=\"wp-block-image size-full\"><img loading=\"lazy\" decoding=\"async\" width=\"720\" height=\"540\" src=\"https:\/\/taizyfarmequipment.com\/wp-content\/uploads\/2022\/04\/disk-mill-machine10.jpg\" alt=\"machine de broyeur \u00e0 disques\" class=\"wp-image-3281\" title=\"machine de broyeur \u00e0 disques\"\/><figcaption class=\"wp-element-caption\">machine de broyeur \u00e0 disques<\/figcaption><\/figure>    <h3 class=\"wp-block-heading\">Quels mat\u00e9riaux la fraiseuse \u00e0 disques peut-elle traiter\u00a0?<\/h3>    <p>La machine \u00e0 broyer les disques convient au broyage du ma\u00efs, du bl\u00e9, des haricots, de la paille, des vignes, des pommes de terre s\u00e9ch\u00e9es et fra\u00eeches, des poivrons s\u00e9ch\u00e9s (frais), des mati\u00e8res m\u00e9dicinales chinoises, des grains entiers, des aliments pour animaux, etc. <\/p>    <p>Il peut \u00e9galement broyer des min\u00e9raux de faible duret\u00e9 tels que le gypse, la poudre de plomb, la poudre de barbotine, les terres rares, l'industrie chimique, l'argile, le charbon, etc. C'est donc un \u00e9quipement id\u00e9al pour un usage commercial et domestique.<\/p>    <figure class=\"wp-block-image size-full\"><img loading=\"lazy\" decoding=\"async\" width=\"720\" height=\"540\" src=\"https:\/\/taizyfarmequipment.com\/wp-content\/uploads\/2022\/04\/Grains0.jpg\" alt=\"C\u00e9r\u00e9ales\" class=\"wp-image-3290\" title=\"C\u00e9r\u00e9ales\"\/><figcaption class=\"wp-element-caption\">C\u00e9r\u00e9ales<\/figcaption><\/figure>    <h3 class=\"wp-block-heading\">Structure de la machine \u00e0 broyer les disques<\/h3>    <p>La machine de broyeur \u00e0 disques comprend principalement six parties\u00a0: le corps sup\u00e9rieur, le couvercle, l'ensemble rotor, le tamis, le dispositif d'alimentation et le cadre. Le corps et l'ensemble rotor forment ensemble une chambre de concassage. L'ensemble rotor est la principale partie active. Le concassage est r\u00e9alis\u00e9 dans la chambre de concassage. La machine est de petite taille, occupe une petite surface et pr\u00e9sente une efficacit\u00e9 de travail \u00e9lev\u00e9e.<\/p>    <figure class=\"wp-block-image size-full\"><img loading=\"lazy\" decoding=\"async\" width=\"720\" height=\"540\" src=\"https:\/\/taizyfarmequipment.com\/wp-content\/uploads\/2022\/04\/disk-mill-machine-0.jpg\" alt=\"machine de broyeur \u00e0 disques\" class=\"wp-image-3282\" title=\"machine de broyeur \u00e0 disques\"\/><figcaption class=\"wp-element-caption\">machine de broyeur \u00e0 disques<\/figcaption><\/figure>    <h3 class=\"wp-block-heading\">Quel est le principe de fonctionnement de la fraiseuse \u00e0 disques ?<\/h3>    <p>Lorsque le mat\u00e9riau entre dans la chambre de concassage, la structure en forme de griffe \u00e9crase rapidement la machine en poudre fine et en boue sous l'action d'un soufflage partiel. Et aussi le p\u00e9trissage des dents rondes et plates. Ensuite, il est \u00e9vacu\u00e9 par le trou du tamis sous l'action de la force centrifuge et du flux d'air. <\/p>    <p>La meuleuse \u00e0 disque pr\u00e9sente les caract\u00e9ristiques d'une structure simple, d'une installation, d'une utilisation et d'un entretien pratiques et d'une large plage d'utilisation.<\/p>    <h3 class=\"wp-block-heading\">Param\u00e8tres de la machine de broyeur \u00e0 disques&nbsp;&nbsp;&nbsp;<\/h3>    <figure class=\"wp-block-table\"><table><tbody><tr><td>Mod\u00e8le<\/td><td>9FZ-280<\/td><\/tr><tr><td>Capacit\u00e9<\/td><td>300-500kg\/heure<\/td><\/tr><tr><td>Poids<\/td><td>60 kg<\/td><\/tr><tr><td>Taille<\/td><td>530*420*440mm<\/td><\/tr><\/tbody><\/table><figcaption class=\"wp-element-caption\">param\u00e8tres du broyeur de ma\u00efs<\/figcaption><\/figure>    <h3 class=\"wp-block-heading\">Comment fonctionne le broyeur \u00e0 ma\u00efs ?<\/h3>    <figure class=\"wp-block-embed is-type-video is-provider-youtube wp-block-embed-youtube wp-embed-aspect-16-9 wp-has-aspect-ratio\"><div class=\"wp-block-embed__wrapper\"> <iframe loading=\"lazy\" title=\"poudre tr\u00e8s fine ! Broyeur de ma\u00efs \u00e0 disque ou \u00e0 disque\/broyeur de ma\u00efs\/broyeur de ma\u00efs\" width=\"500\" height=\"281\" src=\"https:\/\/www.youtube.com\/embed\/GpSOvkaJMOE?feature=oembed\" frameborder=\"0\" allow=\"accelerometer; autoplay; clipboard-write; encrypted-media; gyroscope; picture-in-picture; web-share\" referrerpolicy=\"strict-origin-when-cross-origin\" allowfullscreen><\/iframe> <\/div><figcaption class=\"wp-element-caption\">vid\u00e9o de travail de la machine \u00e0 broyer le ma\u00efs<\/figcaption><\/figure>    <h2 class=\"wp-block-heading\">Type 2 : broyeur \u00e0 grains.<\/h2>    <p>La machine \u00e0 broyer les grains est un produit qui peut broyer les grains en poudre ou les transformer par voie humide en pulpe. Le broyeur \u00e0 grains est puissant et peut traiter toutes sortes de farine de riz, lait de riz, farine, farine de ma\u00efs, farine de bl\u00e9, farine de soja, etc. <\/p>    <p>La machine pr\u00e9sente les caract\u00e9ristiques d'une production de poudre fine, d'un double usage sec et humide et d'une \u00e9paisseur r\u00e9glable. Ainsi, il peut r\u00e9pondre \u00e0 une vari\u00e9t\u00e9 de besoins. De plus, la machine dispose d'un interrupteur \u00e9lectrique \u00e9tanche avec des performances de s\u00e9curit\u00e9 \u00e9lev\u00e9es.<\/p>    <figure class=\"wp-block-image size-full is-resized\"><img loading=\"lazy\" decoding=\"async\" width=\"720\" height=\"540\" src=\"https:\/\/taizyfarmequipment.com\/wp-content\/uploads\/2022\/04\/commercial-grain-grinder0.jpg\" alt=\"broyeur \u00e0 grains professionnel\" class=\"wp-image-3283\" title=\"broyeur \u00e0 grains professionnel\"\/><figcaption class=\"wp-element-caption\">broyeur \u00e0 grains professionnel<\/figcaption><\/figure>    <h3 class=\"wp-block-heading\">Composants du broyeur \u00e0 grains<\/h3>    <p>La machine comprend principalement un entonnoir d'alimentation, un bouton de r\u00e9glage de l'\u00e9paisseur, un moteur, une prise, un support d'\u00e9paississement, un interrupteur, etc. Ce broyeur \u00e0 grains est compact et durable, avec une efficacit\u00e9 de travail \u00e9lev\u00e9e.<\/p>    <figure class=\"wp-block-image size-full\"><img loading=\"lazy\" decoding=\"async\" width=\"720\" height=\"540\" src=\"https:\/\/taizyfarmequipment.com\/wp-content\/uploads\/2022\/04\/electric-grain-mill-for-sale-.jpg\" alt=\"moulin \u00e0 grains \u00e9lectrique \u00e0 vendre\" class=\"wp-image-3284\" title=\"moulin \u00e0 grains \u00e9lectrique \u00e0 vendre\"\/><figcaption class=\"wp-element-caption\">moulin \u00e0 grains \u00e9lectrique \u00e0 vendre<\/figcaption><\/figure>    <h3 class=\"wp-block-heading\">Quels sont les avantages du broyeur \u00e0 grains \u00e9lectrique \u00e0 marteaux ?<\/h3>    <ol class=\"wp-block-list\"> <li>Le broyeur \u00e0 grains a une longue dur\u00e9e de vie. T\u00eate \u00e9paissie, disque de meulage en acier, puret\u00e9 du mat\u00e9riau \u00e9lev\u00e9e, duret\u00e9 \u00e9lev\u00e9e et surface fine, ce qui rend le meulage plus d\u00e9licat.<\/li>    <li>La finesse du produit fini est r\u00e9glable. La machine dispose d'un bouton de r\u00e9glage de l'\u00e9paisseur et les clients peuvent l'ajuster en fonction de leurs propres besoins.<\/li>    <li>La machine a un large \u00e9ventail d\u2019applications et peut traiter divers aliments, m\u00e9dicaments et autres mat\u00e9riaux.<\/li>    <li>Moteur haute puissance, utilisant un fil de cuivre haute temp\u00e9rature. La machine est donc durable.<\/li>    <li>\u00c9largissez et \u00e9paississez l'entonnoir, solide et ferme.<\/li> <\/ol>    <h2 class=\"wp-block-heading\">Type 3 : broyeur \u00e0 grains avec cyclone  <\/h2>    <p>Le broyeur \u00e0 grains avec cyclone est un pulv\u00e9risateur qui peut traiter le riz, le piment s\u00e9ch\u00e9, la phytoth\u00e9rapie chinoise, les grains entiers, les aliments pour animaux, etc. La diff\u00e9rence entre ce broyeur \u00e0 grains et le type 1 et le type 2 est que cette machine a un tube qui peut aspirer le Mat\u00e9riau par lui-m\u00eame, ce qui permet d'\u00e9conomiser du temps et des efforts. <\/p>    <p>L'\u00e9paisseur du pulv\u00e9risateur peut \u00e9galement \u00eatre modifi\u00e9e, mais le tamis \u00e0 l'int\u00e9rieur de la machine doit \u00eatre remplac\u00e9. De plus, ce broyeur \u00e0 grains dispose d'un r\u00e9servoir de d\u00e9poussi\u00e9rage, qui collecte la poussi\u00e8re lorsque la machine fonctionne, ce qui est b\u00e9n\u00e9fique pour la sant\u00e9 des personnes.<\/p>    <figure class=\"wp-block-image size-full is-resized\"><img loading=\"lazy\" decoding=\"async\" width=\"720\" height=\"540\" src=\"https:\/\/taizyfarmequipment.com\/wp-content\/uploads\/2022\/04\/grain-crusher-for-grain0.jpg\" alt=\"concasseur \u00e0 grains pour le grain\" class=\"wp-image-3285\" title=\"concasseur \u00e0 grains pour le grain\"\/><figcaption class=\"wp-element-caption\">concasseur \u00e0 grains pour le grain<\/figcaption><\/figure>    <h3 class=\"wp-block-heading\">Composants du moulin \u00e0 grains avec cyclone<\/h3>    <p>Le moulin \u00e0 grains avec cyclone est principalement compos\u00e9 d'un port d'alimentation, d'un interrupteur, d'un tuyau de transport, d'une chambre de pulv\u00e9risation, d'un port de d\u00e9charge et d'un r\u00e9servoir de d\u00e9poussi\u00e9rage \u00e9paissi.<\/p>    <figure class=\"wp-block-image size-full\"><img loading=\"lazy\" decoding=\"async\" width=\"720\" height=\"540\" src=\"https:\/\/taizyfarmequipment.com\/wp-content\/uploads\/2022\/04\/grain-mill-machine-with-cyclone-.jpg\" alt=\"moulin \u00e0 grains avec cyclone\" class=\"wp-image-3286\" title=\"moulin \u00e0 grains avec cyclone\"\/><figcaption class=\"wp-element-caption\">moulin \u00e0 grains avec cyclone<\/figcaption><\/figure>    <h3 class=\"wp-block-heading\">Quelles sont les caract\u00e9ristiques du broyeur \u00e0 grains ?<\/h3>    <ol class=\"wp-block-list\"> <li>La structure est simple, la chambre de concassage est relativement \u00e9troite, le volume est petit et le poids est l\u00e9ger.<\/li>    <li>L'angle d'enroulement du tamis est de 360 \u200b\u200bdegr\u00e9s, l'efficacit\u00e9 de production est relativement \u00e9lev\u00e9e et la vitesse de travail est \u00e9lev\u00e9e.<\/li>    <li>Le produit a une granulom\u00e9trie fine et une grande adaptabilit\u00e9 aux mat\u00e9riaux de traitement et peut \u00eatre largement utilis\u00e9 dans le broyage de c\u00e9r\u00e9ales, d'aliments pour animaux, de mati\u00e8res premi\u00e8res chimiques et de plantes m\u00e9dicinales chinoises.<\/li>    <li>Le pulv\u00e9risateur auto-amor\u00e7ant est \u00e9quip\u00e9 d'un cyclone, avec une fonction auto-amor\u00e7ante, qui peut aspirer automatiquement les mati\u00e8res premi\u00e8res dans la chambre de concassage. Ainsi, cela am\u00e9liore le taux d\u2019utilisation des mati\u00e8res premi\u00e8res et \u00e9vite le gaspillage. Apr\u00e8s le concassage, le cyclone peut efficacement emp\u00eacher les produits d'\u00eatre \u00e9cras\u00e9s, dispers\u00e9s et \u00e9clabouss\u00e9s pour assurer le rendement du concassage.<\/li> <\/ol>    <figure class=\"wp-block-gallery has-nested-images columns-default is-cropped wp-block-gallery-4 is-layout-flex wp-block-gallery-is-layout-flex\"> <figure class=\"wp-block-image size-large\"><img loading=\"lazy\" decoding=\"async\" width=\"720\" height=\"540\" data-id=\"3287\" src=\"https:\/\/taizyfarmequipment.com\/wp-content\/uploads\/2022\/04\/manufactuer-of-the-grain-grinder0.jpg\" alt=\"fabrication du broyeur \u00e0 grains\" class=\"wp-image-3287\" title=\"fabrication du broyeur \u00e0 grains\"\/><figcaption class=\"wp-element-caption\">fabrication du broyeur \u00e0 grains<\/figcaption><\/figure>    <figure class=\"wp-block-image size-large\"><img loading=\"lazy\" decoding=\"async\" width=\"720\" height=\"540\" data-id=\"3288\" src=\"https:\/\/taizyfarmequipment.com\/wp-content\/uploads\/2022\/04\/stock-of-the-disk-mill-machine0.jpg\" alt=\"stock de la machine \u00e0 broyer les disques\" class=\"wp-image-3288\" title=\"stock de la machine \u00e0 broyer les disques\"\/><figcaption class=\"wp-element-caption\">stock de la machine \u00e0 broyer les disques<\/figcaption><\/figure>    <figure class=\"wp-block-image size-large\"><img loading=\"lazy\" decoding=\"async\" width=\"720\" height=\"540\" data-id=\"3289\" src=\"https:\/\/taizyfarmequipment.com\/wp-content\/uploads\/2022\/04\/grain-grinder-for-maize0.jpg\" alt=\"broyeur de grains pour le ma\u00efs\" class=\"wp-image-3289\" title=\"broyeur de grains pour le ma\u00efs\"\/><figcaption class=\"wp-element-caption\">broyeur de grains pour le ma\u00efs<\/figcaption><\/figure> <\/figure>    <h2 class=\"wp-block-heading\">Fonctionnement et entretien s\u00fbrs de la machine<\/h2>    <ol class=\"wp-block-list\"> <li>Avant de d\u00e9marrer la machine, vous devez lire attentivement le manuel d'instructions et effectuer les r\u00e9glages et l'entretien normal.<\/li>    <li>La puissance de support doit r\u00e9pondre aux exigences et nous ne devons pas augmenter la vitesse de broche sans autorisation.<\/li>    <li>Avant de d\u00e9marrer la machine, v\u00e9rifiez si le sens de marche est le m\u00eame que le sens de coupe, sinon nous ne devrions pas d\u00e9marrer la machine.<\/li>    <li>Les mat\u00e9riaux \u00e0 couper ne doivent pas \u00eatre m\u00e9lang\u00e9s avec des objets durs tels que des m\u00e9taux et des pierres, sinon la machine serait endommag\u00e9e.<\/li>    <li>Apr\u00e8s avoir d\u00e9marr\u00e9 la machine pendant quelques heures, il faut observer si les diff\u00e9rentes pi\u00e8ces sont desserr\u00e9es et les roulements doivent \u00eatre r\u00e9guli\u00e8rement remplis de beurre.<\/li> <\/ol>    <figure class=\"wp-block-gallery has-nested-images columns-default is-cropped wp-block-gallery-5 is-layout-flex wp-block-gallery-is-layout-flex\"> <figure class=\"wp-block-image size-large\"><img loading=\"lazy\" decoding=\"async\" width=\"720\" height=\"540\" data-id=\"4559\" src=\"https:\/\/taizyfarmequipment.com\/wp-content\/uploads\/2022\/04\/disk-miller-machine.webp\" alt=\"machine de fraisage de disque\" class=\"wp-image-4559\" srcset=\"https:\/\/taizyfarmequipment.com\/wp-content\/uploads\/2022\/04\/disk-miller-machine.webp 720w, https:\/\/taizyfarmequipment.com\/wp-content\/uploads\/2022\/04\/disk-miller-machine-300x225.webp 300w, https:\/\/taizyfarmequipment.com\/wp-content\/uploads\/2022\/04\/disk-miller-machine-16x12.webp 16w\" sizes=\"auto, (max-width: 720px) 100vw, 720px\" \/><figcaption class=\"wp-element-caption\">machine de fraisage de disque<\/figcaption><\/figure>    <figure class=\"wp-block-image size-large\"><img loading=\"lazy\" decoding=\"async\" width=\"720\" height=\"540\" data-id=\"4560\" src=\"https:\/\/taizyfarmequipment.com\/wp-content\/uploads\/2022\/04\/disk-milling-machine.webp\" alt=\"fraiseuse \u00e0 disque\" class=\"wp-image-4560\" srcset=\"https:\/\/taizyfarmequipment.com\/wp-content\/uploads\/2022\/04\/disk-milling-machine.webp 720w, https:\/\/taizyfarmequipment.com\/wp-content\/uploads\/2022\/04\/disk-milling-machine-300x225.webp 300w, https:\/\/taizyfarmequipment.com\/wp-content\/uploads\/2022\/04\/disk-milling-machine-16x12.webp 16w\" sizes=\"auto, (max-width: 720px) 100vw, 720px\" \/><figcaption class=\"wp-element-caption\">fraiseuse \u00e0 disque<\/figcaption><\/figure> <\/figure>    <h2 class=\"wp-block-heading\">Conclusion<\/h2>    <p>Le broyeur \u00e0 disques allie efficacit\u00e9, durabilit\u00e9 et polyvalence, ce qui en fait un choix id\u00e9al pour broyer une large gamme de mat\u00e9riaux. Que vous soyez dans l'industrie agroalimentaire, pharmaceutique ou chimique, cette machine r\u00e9pondra \u00e0 vos besoins et am\u00e9liorera votre efficacit\u00e9 de production. <\/p>    <p>Contactez-nous d\u00e8s aujourd'hui pour en savoir plus sur la fraiseuse \u00e0 disques et obtenir les derniers prix. Nous sommes impatients de collaborer avec vous et d\u2019aider votre entreprise \u00e0 atteindre de nouveaux sommets.<\/p>","protected":false},"excerpt":{"rendered":"<p>Notre soci\u00e9t\u00e9 Taizy fabrique divers broyeurs \u00e0 grains. Et ce sont des broyeurs \u00e0 disques, des broyeurs de grains, des broyeurs de grains avec cyclones, etc. <\/p>","protected":false},"author":1,"featured_media":3277,"parent":0,"template":"","tags":[312,314,313],"product-type":[130],"class_list":["post-3275","product","type-product","status-publish","has-post-thumbnail","hentry","tag-disk-mill-machine","tag-grain-crusher","tag-grain-grinder","product-type-corn-grains-grinding-equipment"],"_links":{"self":[{"href":"https:\/\/taizyfarmequipment.com\/fr\/wp-json\/wp\/v2\/product\/3275","targetHints":{"allow":["GET"]}}],"collection":[{"href":"https:\/\/taizyfarmequipment.com\/fr\/wp-json\/wp\/v2\/product"}],"about":[{"href":"https:\/\/taizyfarmequipment.com\/fr\/wp-json\/wp\/v2\/types\/product"}],"author":[{"embeddable":true,"href":"https:\/\/taizyfarmequipment.com\/fr\/wp-json\/wp\/v2\/users\/1"}],"wp:featuredmedia":[{"embeddable":true,"href":"https:\/\/taizyfarmequipment.com\/fr\/wp-json\/wp\/v2\/media\/3277"}],"wp:attachment":[{"href":"https:\/\/taizyfarmequipment.com\/fr\/wp-json\/wp\/v2\/media?parent=3275"}],"wp:term":[{"taxonomy":"post_tag","embeddable":true,"href":"https:\/\/taizyfarmequipment.com\/fr\/wp-json\/wp\/v2\/tags?post=3275"},{"taxonomy":"product-type","embeddable":true,"href":"https:\/\/taizyfarmequipment.com\/fr\/wp-json\/wp\/v2\/product-type?post=3275"}],"curies":[{"name":"wp","href":"https:\/\/api.w.org\/{rel}","templated":true}]}}