{"id":3291,"date":"2022-04-25T09:47:06","date_gmt":"2022-04-25T09:47:06","guid":{"rendered":"https:\/\/taizyfarmequipment.com\/?post_type=product&#038;p=3291"},"modified":"2023-12-27T18:02:41","modified_gmt":"2023-12-27T10:02:41","slug":"petite-machine-a-eplucher-le-mais","status":"publish","type":"product","link":"https:\/\/taizyfarmequipment.com\/fr\/product\/small-corn-peeling-machine\/","title":{"rendered":"Petite machine \u00e0 \u00e9plucher le ma\u00efs \u4e28\u00c9plucheur de peau de ma\u00efs"},"content":{"rendered":"<div class=\"kk-star-ratings kksr-auto kksr-align-left kksr-valign-top\"     data-payload='{&quot;align&quot;:&quot;left&quot;,&quot;id&quot;:&quot;3291&quot;,&quot;slug&quot;:&quot;default&quot;,&quot;valign&quot;:&quot;top&quot;,&quot;ignore&quot;:&quot;&quot;,&quot;reference&quot;:&quot;auto&quot;,&quot;class&quot;:&quot;&quot;,&quot;count&quot;:&quot;9&quot;,&quot;legendonly&quot;:&quot;&quot;,&quot;readonly&quot;:&quot;&quot;,&quot;score&quot;:&quot;4.7&quot;,&quot;starsonly&quot;:&quot;&quot;,&quot;best&quot;:&quot;5&quot;,&quot;gap&quot;:&quot;5&quot;,&quot;greet&quot;:&quot;Rate this product&quot;,&quot;legend&quot;:&quot;4.7\\\/5 - (9 votes)&quot;,&quot;size&quot;:&quot;24&quot;,&quot;title&quot;:&quot;Small corn peeling machine\u4e28Maize skin peeler&quot;,&quot;width&quot;:&quot;133.8&quot;,&quot;_legend&quot;:&quot;{score}\\\/{best} - ({count} {votes})&quot;,&quot;font_factor&quot;:&quot;1.25&quot;}'>              <div class=\"kksr-stars\">      <div class=\"kksr-stars-inactive\">             <div class=\"kksr-star\" data-star=\"1\" style=\"padding-right: 5px\">               <div class=\"kksr-icon\" style=\"width: 24px; height: 24px;\"><\/div>         <\/div>             <div class=\"kksr-star\" data-star=\"2\" style=\"padding-right: 5px\">               <div class=\"kksr-icon\" style=\"width: 24px; height: 24px;\"><\/div>         <\/div>             <div class=\"kksr-star\" data-star=\"3\" style=\"padding-right: 5px\">               <div class=\"kksr-icon\" style=\"width: 24px; height: 24px;\"><\/div>         <\/div>             <div class=\"kksr-star\" data-star=\"4\" style=\"padding-right: 5px\">               <div class=\"kksr-icon\" style=\"width: 24px; height: 24px;\"><\/div>         <\/div>             <div class=\"kksr-star\" data-star=\"5\" style=\"padding-right: 5px\">               <div class=\"kksr-icon\" style=\"width: 24px; height: 24px;\"><\/div>         <\/div>     <\/div>      <div class=\"kksr-stars-active\" style=\"width: 133.8px;\">             <div class=\"kksr-star\" style=\"padding-right: 5px\">               <div class=\"kksr-icon\" style=\"width: 24px; height: 24px;\"><\/div>         <\/div>             <div class=\"kksr-star\" style=\"padding-right: 5px\">               <div class=\"kksr-icon\" style=\"width: 24px; height: 24px;\"><\/div>         <\/div>             <div class=\"kksr-star\" style=\"padding-right: 5px\">               <div class=\"kksr-icon\" style=\"width: 24px; height: 24px;\"><\/div>         <\/div>             <div class=\"kksr-star\" style=\"padding-right: 5px\">               <div class=\"kksr-icon\" style=\"width: 24px; height: 24px;\"><\/div>         <\/div>             <div class=\"kksr-star\" style=\"padding-right: 5px\">               <div class=\"kksr-icon\" style=\"width: 24px; height: 24px;\"><\/div>         <\/div>     <\/div> <\/div>                   <div class=\"kksr-legend\" style=\"font-size: 19.2px;\">             4,7\/5 - (9 votes)    <\/div>     <\/div>  <p>La petite machine \u00e0 \u00e9plucher le ma\u00efs est un \u00e9quipement que les gens utilisent pour d\u00e9cortiquer le ma\u00efs dans la vie quotidienne. La machine \u00e0 \u00e9plucher le ma\u00efs est de petite taille, de structure simple et facile \u00e0 utiliser. C'est une bonne aide pour \u00e9plucher le ma\u00efs domestique. Le d\u00e9corticage du ma\u00efs est d\u00e9sormais devenu la premi\u00e8re \u00e9tape de la transformation du ma\u00efs car le ma\u00efs pel\u00e9 a bon go\u00fbt et est facile \u00e0 transformer. <\/p>    <p>Ainsi, le ma\u00efs pel\u00e9 peut \u00eatre transform\u00e9 en collations, en-cas, en farine, etc. De plus, nous pouvons \u00e9galement transformer le ma\u00efs sans le peler en aliments pour animaux, qui sont plus nutritifs et faciles \u00e0 absorber.<\/p>    <figure class=\"wp-block-embed is-type-video is-provider-youtube wp-block-embed-youtube wp-embed-aspect-16-9 wp-has-aspect-ratio\"><div class=\"wp-block-embed__wrapper\"> <iframe loading=\"lazy\" title=\"Dites adieu au travail manuel\u00a0: d\u00e9ballage et test du petit \u00e9plucheur de ma\u00efs #corn #maize\" width=\"500\" height=\"281\" src=\"https:\/\/www.youtube.com\/embed\/Fp8cYi34eMY?feature=oembed\" frameborder=\"0\" allow=\"accelerometer; autoplay; clipboard-write; encrypted-media; gyroscope; picture-in-picture; web-share\" referrerpolicy=\"strict-origin-when-cross-origin\" allowfullscreen><\/iframe> <\/div><figcaption class=\"wp-element-caption\">Vid\u00e9o de fonctionnement de la machine \u00e0 \u00e9plucher le ma\u00efs<\/figcaption><\/figure>    <h2 class=\"wp-block-heading\" id=\"h-introduction-to-small-corn-peeling-machine\">Introduction \u00e0 la petite machine \u00e0 \u00e9plucher le ma\u00efs<\/h2>    <p>La petite machine \u00e0 \u00e9plucher le ma\u00efs que nous produisons a un bon effet d'\u00e9pluchage et une efficacit\u00e9 de travail \u00e9lev\u00e9e. Il broie le ma\u00efs en plusieurs gros lobes tout en le pelant, et le ma\u00efs transform\u00e9 est lisse, exempt de germes et de sons noirs. De plus, le produit fini apr\u00e8s pelage est propre. Et nous pouvons l'envoyer directement au march\u00e9 pour la vente. <\/p>    <p>Quant \u00e0 la puissance, la puissance de la machine \u00e0 \u00e9plucher le ma\u00efs peut \u00eatre un moteur \u00e9lectrique ou un moteur diesel. Ainsi, il peut r\u00e9pondre aux besoins en \u00e9nergie des personnes de diff\u00e9rentes r\u00e9gions. <\/p>    <p class=\"translation-block\">G\u00e9n\u00e9ralement, la machine est utilis\u00e9e dans les petites usines alimentaires et les foyers. En tant que fabricant de machines agricoles, nous produisons \u00e9galement des moissonneuses-batteuses de ma\u00efs, <a href=\"https:\/\/taizyfarmequipment.com\/fr\/produit-2\/batteuse-multi-grains\/\">batteuses de ma\u00efs<\/a>, <a href=\"https:\/\/taizyfarmequipment.com\/fr\/produit-2\/gruau-de-mais-faisant-la-machine\/\" data-type=\"link\" data-id=\"https:\/\/taizyfarmequipment.com\/product\/corn-grits-making-machine\/\">machines \u00e0 fabriquer des semoules de ma\u00efs<\/a>, et des machines \u00e0 farine de ma\u00efs. Elle peut r\u00e9pondre \u00e0 la plupart des besoins des personnes pour traiter le ma\u00efs.<\/p>    <figure class=\"wp-block-gallery has-nested-images columns-2 is-cropped wp-block-gallery-2 is-layout-flex wp-block-gallery-is-layout-flex\"> <figure class=\"wp-block-image size-large\"><img loading=\"lazy\" decoding=\"async\" width=\"720\" height=\"540\" data-id=\"3294\" src=\"https:\/\/taizyfarmequipment.com\/wp-content\/uploads\/2022\/04\/small-corn-peeling-machine0.jpg\" alt=\"petite machine \u00e0 \u00e9plucher le ma\u00efs\" class=\"wp-image-3294\" title=\"petite machine \u00e0 \u00e9plucher le ma\u00efs\"\/><figcaption class=\"wp-element-caption\">petite machine \u00e0 \u00e9plucher le ma\u00efs<\/figcaption><\/figure>    <figure class=\"wp-block-image size-large\"><img loading=\"lazy\" decoding=\"async\" width=\"720\" height=\"540\" data-id=\"3295\" src=\"https:\/\/taizyfarmequipment.com\/wp-content\/uploads\/2022\/04\/corn-skin-peeler0.jpg\" alt=\"\u00e9plucheur de peau de ma\u00efs\" class=\"wp-image-3295\" title=\"\u00e9plucheur de peau de ma\u00efs\"\/><figcaption class=\"wp-element-caption\">\u00e9plucheur de peau de ma\u00efs<\/figcaption><\/figure>    <figure class=\"wp-block-image size-large\"><img loading=\"lazy\" decoding=\"async\" width=\"720\" height=\"540\" data-id=\"3296\" src=\"https:\/\/taizyfarmequipment.com\/wp-content\/uploads\/2022\/04\/Maize-skin-peeling-machine-.jpg\" alt=\"Machine \u00e0 \u00e9plucher la peau de ma\u00efs\" class=\"wp-image-3296\" title=\"Machine \u00e0 \u00e9plucher la peau de ma\u00efs\"\/><figcaption class=\"wp-element-caption\">machine \u00e0 \u00e9plucher la peau de ma\u00efs<\/figcaption><\/figure>    <figure class=\"wp-block-image size-large\"><img loading=\"lazy\" decoding=\"async\" width=\"720\" height=\"540\" data-id=\"3297\" src=\"https:\/\/taizyfarmequipment.com\/wp-content\/uploads\/2022\/04\/maize-peeler0.jpg\" alt=\"\u00c9plucheur de peau de ma\u00efs\" class=\"wp-image-3297\" title=\"\u00c9plucheur de peau de ma\u00efs\"\/><figcaption class=\"wp-element-caption\">\u00e9plucheur de peau de ma\u00efs<\/figcaption><\/figure> <\/figure>    <h2 class=\"wp-block-heading\">Structure de l'\u00e9plucheur de peau de ma\u00efs<\/h2>    <p>L'\u00e9plucheur de peau de ma\u00efs comprend principalement un port d'alimentation, un bouton de r\u00e9glage de la vitesse d'alimentation, un couteau \u00e0 \u00e9plucher, une exportation de cosses de ma\u00efs, une exportation de produits finis, etc. La structure globale de la petite machine \u00e0 \u00e9plucher le ma\u00efs est compacte, occupe une petite surface, est solide et durable, et a une longue dur\u00e9e de vie.<\/p>    <figure class=\"wp-block-image size-full\"><img loading=\"lazy\" decoding=\"async\" width=\"720\" height=\"540\" src=\"https:\/\/taizyfarmequipment.com\/wp-content\/uploads\/2022\/04\/corn-skin-removers-structure-0.jpg\" alt=\"structure du dissolvant de peau de ma\u00efs\" class=\"wp-image-3293\" title=\"structure du dissolvant de peau de ma\u00efs\"\/><figcaption class=\"wp-element-caption\">structure du dissolvant de peau de ma\u00efs<\/figcaption><\/figure>    <h2 class=\"wp-block-heading\">Param\u00e8tres de la machine \u00e0 \u00e9plucher le ma\u00efs<\/h2>    <figure class=\"wp-block-table\"><table><tbody><tr><td>Nom<\/td><td>Machine \u00e0 \u00e9plucher le ma\u00efs<\/td><\/tr><tr><td>Pouvoir<\/td><td>Moteur \u00e9lectrique de 5,5 kW ou moteur diesel de 12 CV<\/td><\/tr><tr><td>Capacit\u00e9<\/td><td>300-500kg\/heure<\/td><\/tr><tr><td>Poids<\/td><td>100 kg<\/td><\/tr><tr><td>Taille<\/td><td>660*450*1020mm<\/td><\/tr><\/tbody><\/table><figcaption class=\"wp-element-caption\">Param\u00e8tre de la machine \u00e0 \u00e9plucher le ma\u00efs<\/figcaption><\/figure>    <h2 class=\"wp-block-heading\">Pourquoi devons-nous \u00e9plucher le ma\u00efs ?<\/h2>    <p>Les principaux composants de la balle de ma\u00efs sont les fibres, l'amidon et les prot\u00e9ines, et son niveau nutritionnel n'est pas \u00e9lev\u00e9. De plus, les coques de ma\u00efs sont dures et difficiles \u00e0 transformer en p\u00e2te, ce qui prend du temps et demande beaucoup de main d'\u0153uvre pour un traitement en profondeur. <\/p>    <p>De plus, le go\u00fbt des coques de ma\u00efs est tr\u00e8s mauvais, ce qui affectera la consommation et le go\u00fbt des aliments transform\u00e9s non de base. Par cons\u00e9quent, lors du traitement de la farine de ma\u00efs, du gruau de ma\u00efs et des aliments \u00e0 base de ma\u00efs, le fabricant enl\u00e8vera la peau du ma\u00efs avant le traitement.<\/p>    <figure class=\"wp-block-image size-full\"><img loading=\"lazy\" decoding=\"async\" width=\"720\" height=\"540\" src=\"https:\/\/taizyfarmequipment.com\/wp-content\/uploads\/2022\/04\/corn-peeling-machine-for-sale.webp\" alt=\"machine \u00e0 \u00e9plucher le ma\u00efs \u00e0 vendre\" class=\"wp-image-4264\" srcset=\"https:\/\/taizyfarmequipment.com\/wp-content\/uploads\/2022\/04\/corn-peeling-machine-for-sale.webp 720w, https:\/\/taizyfarmequipment.com\/wp-content\/uploads\/2022\/04\/corn-peeling-machine-for-sale-300x225.webp 300w\" sizes=\"auto, (max-width: 720px) 100vw, 720px\" \/><figcaption class=\"wp-element-caption\">machine \u00e0 \u00e9plucher le ma\u00efs \u00e0 vendre<\/figcaption><\/figure>    <h2 class=\"wp-block-heading\">Quels sont les avantages du d\u00e9corticage du ma\u00efs ?<\/h2>    <p>1. En \u00e9pluchant le ma\u00efs, la balle de ma\u00efs produite par l'\u00e9quipement de transformation du ma\u00efs est petite et la qualit\u00e9 du produit peut \u00e9galement \u00eatre am\u00e9lior\u00e9e.<\/p>    <p>2. L\u2019embryon et l\u2019endosperme du ma\u00efs sont envelopp\u00e9s par la peau. Apr\u00e8s le pelage, il est facile de le s\u00e9parer, ce qui peut am\u00e9liorer l'efficacit\u00e9 de la d\u00e9germination, ce qui favorise un traitement plus fin.<\/p>    <p>3. Apr\u00e8s \u00e9pluchage, il peut am\u00e9liorer la qualit\u00e9 comestible de divers aliments produits \u00e0 partir du ma\u00efs.<\/p>    <p>4. La couche de ma\u00efs est susceptible de contenir des substances nocives, qui peuvent \u00eatre \u00e9limin\u00e9es par mue et am\u00e9liorer la puret\u00e9 du produit.<\/p>    <figure class=\"wp-block-image size-full\"><img loading=\"lazy\" decoding=\"async\" width=\"720\" height=\"540\" src=\"https:\/\/taizyfarmequipment.com\/wp-content\/uploads\/2022\/04\/corn-peeling-machine-for-business.webp\" alt=\"machine \u00e0 \u00e9plucher le ma\u00efs pour les entreprises\" class=\"wp-image-4265\" srcset=\"https:\/\/taizyfarmequipment.com\/wp-content\/uploads\/2022\/04\/corn-peeling-machine-for-business.webp 720w, https:\/\/taizyfarmequipment.com\/wp-content\/uploads\/2022\/04\/corn-peeling-machine-for-business-300x225.webp 300w\" sizes=\"auto, (max-width: 720px) 100vw, 720px\" \/><figcaption class=\"wp-element-caption\">machine \u00e0 \u00e9plucher le ma\u00efs pour les entreprises<\/figcaption><\/figure>    <h2 class=\"wp-block-heading\">Applications de la machine \u00e0 \u00e9plucher le ma\u00efs<\/h2>    <ol class=\"wp-block-list\"> <li><strong>Petites fermes\u00a0:<\/strong> <ul class=\"wp-block-list\"> <li>Convient aux exploitations agricoles \u00e0 petite \u00e9chelle cultivant du ma\u00efs.<\/li>    <li>\u00c9conomise du temps et du travail par rapport au pelage manuel, permettant aux agriculteurs de traiter le ma\u00efs plus efficacement.<\/li> <\/ul> <\/li>    <li><strong>Vendeurs de nourriture de rue\u00a0:<\/strong> <ul class=\"wp-block-list\"> <li>Permet une pr\u00e9paration rapide et efficace du ma\u00efs pour les vendeurs de rue qui int\u00e8grent du ma\u00efs dans leurs offres.<\/li>    <li>Am\u00e9liore la productivit\u00e9 pendant les p\u00e9riodes charg\u00e9es.<\/li> <\/ul> <\/li>    <li><strong>Entreprises de transformation des aliments\u00a0:<\/strong> <ul class=\"wp-block-list\"> <li>Utile pour les entreprises de transformation alimentaire qui utilisent le ma\u00efs comme ingr\u00e9dient dans divers produits.<\/li>    <li>Augmente l\u2019efficacit\u00e9 de la production et la coh\u00e9rence dans la transformation du ma\u00efs.<\/li> <\/ul> <\/li>    <li><strong>Production d'aliments en conserve et surgel\u00e9s\u00a0:<\/strong> <ul class=\"wp-block-list\"> <li>Incorpor\u00e9 dans les lignes de production de produits de ma\u00efs en conserve ou surgel\u00e9s.<\/li>    <li>Aide \u00e0 maintenir la qualit\u00e9 du produit et r\u00e9duit le travail manuel dans le traitement \u00e0 grande \u00e9chelle.<\/li> <\/ul> <\/li>    <li><strong>Fabricants de produits \u00e0 base de ma\u00efs\u00a0:<\/strong> <ul class=\"wp-block-list\"> <li>Utilis\u00e9 par les entreprises fabriquant des produits \u00e0 base de ma\u00efs tels que la farine de ma\u00efs, la semoule de ma\u00efs ou les collations \u00e0 base de ma\u00efs.<\/li>    <li>Contribue \u00e0 l\u2019efficacit\u00e9 et \u00e0 la rentabilit\u00e9 du processus de production.<\/li> <\/ul> <\/li> <\/ol>    <figure class=\"wp-block-image size-large\"><img loading=\"lazy\" decoding=\"async\" width=\"720\" height=\"540\" src=\"https:\/\/taizyfarmequipment.com\/wp-content\/uploads\/2022\/04\/exported-corn-peeling-machine.webp\" alt=\"machine \u00e0 \u00e9plucher le ma\u00efs export\u00e9e\" class=\"wp-image-4266\" srcset=\"https:\/\/taizyfarmequipment.com\/wp-content\/uploads\/2022\/04\/exported-corn-peeling-machine.webp 720w, https:\/\/taizyfarmequipment.com\/wp-content\/uploads\/2022\/04\/exported-corn-peeling-machine-300x225.webp 300w\" sizes=\"auto, (max-width: 720px) 100vw, 720px\" \/><figcaption class=\"wp-element-caption\">machine \u00e0 \u00e9plucher le ma\u00efs export\u00e9e<\/figcaption><\/figure>    <h2 class=\"wp-block-heading\">Petite machine \u00e0 \u00e9plucher le ma\u00efs vendue en Afrique du Sud<\/h2>    <p>La semaine derni\u00e8re, nous avons exp\u00e9di\u00e9 les 10 ensembles de petites machines \u00e0 \u00e9plucher le ma\u00efs en Afrique du Sud. Nous contactons les clients \u00e0 travers leurs messages sur le site Internet. Gr\u00e2ce \u00e0 la communication, nous avons appris que le client souhaitait construire une petite usine d'\u00e9pluchage de ma\u00efs. <\/p>    <p>Comme cela vient tout juste de d\u00e9marrer, le client souhaite d\u2019abord acheter plusieurs petites machines \u00e0 \u00e9plucher le ma\u00efs. Nous recommandons donc cette machine \u00e0 nos clients. Le client final d\u00e9cide de passer une commande de dix sets. Voici les photos d'emballage et de livraison de la machine.<\/p>    <figure class=\"wp-block-gallery has-nested-images columns-default is-cropped wp-block-gallery-3 is-layout-flex wp-block-gallery-is-layout-flex\"> <figure class=\"wp-block-image size-large\"><img loading=\"lazy\" decoding=\"async\" width=\"720\" height=\"540\" data-id=\"3298\" src=\"https:\/\/taizyfarmequipment.com\/wp-content\/uploads\/2022\/04\/wooden-case-packaging0-2.jpg\" alt=\"emballage de caisse en bois\" class=\"wp-image-3298\" title=\"emballage de caisse en bois\"\/><figcaption class=\"wp-element-caption\">emballage de caisse en bois<\/figcaption><\/figure>    <figure class=\"wp-block-image size-large\"><img loading=\"lazy\" decoding=\"async\" width=\"720\" height=\"540\" data-id=\"3299\" src=\"https:\/\/taizyfarmequipment.com\/wp-content\/uploads\/2022\/04\/loading-of-the-maize-peller-machine0.jpg\" alt=\"chargement de la petite \u00e9plucheuse de ma\u00efs\" class=\"wp-image-3299\" title=\"chargement de la petite \u00e9plucheuse de ma\u00efs\"\/><figcaption class=\"wp-element-caption\">chargement de la petite \u00e9plucheuse de ma\u00efs<\/figcaption><\/figure>    <figure class=\"wp-block-image size-large\"><img loading=\"lazy\" decoding=\"async\" width=\"720\" height=\"540\" data-id=\"3300\" src=\"https:\/\/taizyfarmequipment.com\/wp-content\/uploads\/2022\/04\/shipping-of-the-machine0.jpg\" alt=\"exp\u00e9dition de la machine\" class=\"wp-image-3300\" title=\"exp\u00e9dition de la machine\"\/><figcaption class=\"wp-element-caption\">exp\u00e9dition de la machine<\/figcaption><\/figure> <\/figure>    <h2 class=\"wp-block-heading\">Investissez dans notre \u00e9plucheuse de ma\u00efs<\/h2>    <p>Dans l\u2019agitation de la vie moderne, l\u2019\u00e9plucheuse \u00e0 ma\u00efs n\u2019est pas seulement un appareil de cuisine parmi d\u2019autres : c\u2019est votre ticket pour une commodit\u00e9 mains libres et une efficacit\u00e9 accrue. Dites adieu au fastidieux \u00e9pluchage manuel et entrez dans une nouvelle \u00e8re d\u2019exp\u00e9riences culinaires sans effort\u00a0!<\/p>    <p>Si vous cherchez \u00e0 augmenter l'efficacit\u00e9 de la cuisine, \u00e0 savourer des moments plus d\u00e9licieux et \u00e0 ajouter une touche d'innovation \u00e0 votre cuisine, la petite \u00e9plucheuse de ma\u00efs est sans aucun doute un choix indispensable. Ne laissez pas le travail manuel freiner votre enthousiasme culinaire : laissez la petite machine \u00e0 \u00e9plucher le ma\u00efs \u00eatre l'\u00e9toile brillante de votre voyage culinaire.<\/p>","protected":false},"excerpt":{"rendered":"<p>La petite machine \u00e0 \u00e9plucher le ma\u00efs a un bon effet d'\u00e9pluchage et une efficacit\u00e9 de travail \u00e9lev\u00e9e. Et le ma\u00efs transform\u00e9 est lisse, exempt de germes noirs et de son.<\/p>","protected":false},"author":1,"featured_media":3301,"parent":0,"template":"","tags":[],"product-type":[131],"class_list":["post-3291","product","type-product","status-publish","has-post-thumbnail","hentry","product-type-grains-peeling-machine"],"_links":{"self":[{"href":"https:\/\/taizyfarmequipment.com\/fr\/wp-json\/wp\/v2\/product\/3291","targetHints":{"allow":["GET"]}}],"collection":[{"href":"https:\/\/taizyfarmequipment.com\/fr\/wp-json\/wp\/v2\/product"}],"about":[{"href":"https:\/\/taizyfarmequipment.com\/fr\/wp-json\/wp\/v2\/types\/product"}],"author":[{"embeddable":true,"href":"https:\/\/taizyfarmequipment.com\/fr\/wp-json\/wp\/v2\/users\/1"}],"wp:featuredmedia":[{"embeddable":true,"href":"https:\/\/taizyfarmequipment.com\/fr\/wp-json\/wp\/v2\/media\/3301"}],"wp:attachment":[{"href":"https:\/\/taizyfarmequipment.com\/fr\/wp-json\/wp\/v2\/media?parent=3291"}],"wp:term":[{"taxonomy":"post_tag","embeddable":true,"href":"https:\/\/taizyfarmequipment.com\/fr\/wp-json\/wp\/v2\/tags?post=3291"},{"taxonomy":"product-type","embeddable":true,"href":"https:\/\/taizyfarmequipment.com\/fr\/wp-json\/wp\/v2\/product-type?post=3291"}],"curies":[{"name":"wp","href":"https:\/\/api.w.org\/{rel}","templated":true}]}}