{"id":3302,"date":"2022-04-26T10:22:49","date_gmt":"2022-04-26T10:22:49","guid":{"rendered":"https:\/\/taizyfarmequipment.com\/?post_type=product&#038;p=3302"},"modified":"2025-11-26T15:37:56","modified_gmt":"2025-11-26T07:37:56","slug":"decortiqueuse-de-mais-frais","status":"publish","type":"product","link":"https:\/\/taizyfarmequipment.com\/fr\/product\/fresh-corn-shelling-machine\/","title":{"rendered":"Machine \u00e0 d\u00e9cortiquer le ma\u00efs frais \u4e28\u00c9quipement de batteuse de ma\u00efs sucr\u00e9"},"content":{"rendered":"<div class=\"kk-star-ratings kksr-auto kksr-align-left kksr-valign-top\"     data-payload='{&quot;align&quot;:&quot;left&quot;,&quot;id&quot;:&quot;3302&quot;,&quot;slug&quot;:&quot;default&quot;,&quot;valign&quot;:&quot;top&quot;,&quot;ignore&quot;:&quot;&quot;,&quot;reference&quot;:&quot;auto&quot;,&quot;class&quot;:&quot;&quot;,&quot;count&quot;:&quot;18&quot;,&quot;legendonly&quot;:&quot;&quot;,&quot;readonly&quot;:&quot;&quot;,&quot;score&quot;:&quot;4.9&quot;,&quot;starsonly&quot;:&quot;&quot;,&quot;best&quot;:&quot;5&quot;,&quot;gap&quot;:&quot;5&quot;,&quot;greet&quot;:&quot;Rate this product&quot;,&quot;legend&quot;:&quot;4.9\\\/5 - (18 votes)&quot;,&quot;size&quot;:&quot;24&quot;,&quot;title&quot;:&quot;Fresh corn shelling machine\u4e28Sweet corn threshing machine equipment&quot;,&quot;width&quot;:&quot;139.6&quot;,&quot;_legend&quot;:&quot;{score}\\\/{best} - ({count} {votes})&quot;,&quot;font_factor&quot;:&quot;1.25&quot;}'>              <div class=\"kksr-stars\">      <div class=\"kksr-stars-inactive\">             <div class=\"kksr-star\" data-star=\"1\" style=\"padding-right: 5px\">               <div class=\"kksr-icon\" style=\"width: 24px; height: 24px;\"><\/div>         <\/div>             <div class=\"kksr-star\" data-star=\"2\" style=\"padding-right: 5px\">               <div class=\"kksr-icon\" style=\"width: 24px; height: 24px;\"><\/div>         <\/div>             <div class=\"kksr-star\" data-star=\"3\" style=\"padding-right: 5px\">               <div class=\"kksr-icon\" style=\"width: 24px; height: 24px;\"><\/div>         <\/div>             <div class=\"kksr-star\" data-star=\"4\" style=\"padding-right: 5px\">               <div class=\"kksr-icon\" style=\"width: 24px; height: 24px;\"><\/div>         <\/div>             <div class=\"kksr-star\" data-star=\"5\" style=\"padding-right: 5px\">               <div class=\"kksr-icon\" style=\"width: 24px; height: 24px;\"><\/div>         <\/div>     <\/div>      <div class=\"kksr-stars-active\" style=\"width: 139.6px;\">             <div class=\"kksr-star\" style=\"padding-right: 5px\">               <div class=\"kksr-icon\" style=\"width: 24px; height: 24px;\"><\/div>         <\/div>             <div class=\"kksr-star\" style=\"padding-right: 5px\">               <div class=\"kksr-icon\" style=\"width: 24px; height: 24px;\"><\/div>         <\/div>             <div class=\"kksr-star\" style=\"padding-right: 5px\">               <div class=\"kksr-icon\" style=\"width: 24px; height: 24px;\"><\/div>         <\/div>             <div class=\"kksr-star\" style=\"padding-right: 5px\">               <div class=\"kksr-icon\" style=\"width: 24px; height: 24px;\"><\/div>         <\/div>             <div class=\"kksr-star\" style=\"padding-right: 5px\">               <div class=\"kksr-icon\" style=\"width: 24px; height: 24px;\"><\/div>         <\/div>     <\/div> <\/div>                   <div class=\"kksr-legend\" style=\"font-size: 19.2px;\">             4,9\/5 - (18 votes)    <\/div>     <\/div>  <p>La d\u00e9cortiqueuse de ma\u00efs frais est un appareil qui peut s\u00e9parer les grains de ma\u00efs frais et les \u00e9pis de ma\u00efs. Les grains de ma\u00efs trait\u00e9s peuvent \u00eatre transform\u00e9s ou congel\u00e9s pour fabriquer des aliments surgel\u00e9s. <\/p>    <p>La batteuse de ma\u00efs sucr\u00e9 est facile \u00e0 utiliser et a une efficacit\u00e9 de travail \u00e9lev\u00e9e. Et il peut g\u00e9rer toutes sortes de ma\u00efs frais, de ma\u00efs sucr\u00e9, de ma\u00efs cireux et de ma\u00efs d\u00e9congel\u00e9.<\/p>    <figure class=\"wp-block-embed is-type-video is-provider-youtube wp-block-embed-youtube wp-embed-aspect-16-9 wp-has-aspect-ratio\"><div class=\"wp-block-embed__wrapper\"> <iframe loading=\"lazy\" title=\"Machine \u00e0 \u00e9grener le ma\u00efs frais | \u00c9greneuse \u00e0 ma\u00efs haute efficacit\u00e9 pour le ma\u00efs doux #ma\u00efs #ma\u00efs #thresh\" width=\"500\" height=\"281\" src=\"https:\/\/www.youtube.com\/embed\/iTv3jonA5pk?feature=oembed\" frameborder=\"0\" allow=\"accelerometer; autoplay; clipboard-write; encrypted-media; gyroscope; picture-in-picture; web-share\" referrerpolicy=\"strict-origin-when-cross-origin\" allowfullscreen><\/iframe> <\/div><figcaption class=\"wp-element-caption\">Vid\u00e9o de fonctionnement de la machine \u00e0 \u00e9grener le ma\u00efs frais<\/figcaption><\/figure>    <h2 class=\"wp-block-heading\" id=\"h-introduction-to-the-fresh-corn-shelling-machine\">Introduction \u00e0 la d\u00e9cortiqueuse de ma\u00efs frais&nbsp;<\/h2>    <p>Nos d\u00e9cortiqueuses de ma\u00efs frais sont en acier inoxydable 304 et r\u00e9pondent aux normes GMP et USDA. La machine peut traiter du ma\u00efs de toutes tailles et formes. <\/p>    <p>Il existe deux mod\u00e8les de cette machine, il s'agit du HYMZ-268 et du HYMZ-368. La diff\u00e9rence entre les deux machines r\u00e9side dans la pr\u00e9sence ou l'absence d'un tapis roulant et dans le d\u00e9bit. La machine avec bande transporteuse a un rendement plus important. <\/p>    <p>Concernant la puissance, la puissance de cette batteuse de ma\u00efs frais est le moteur. <\/p>    <p class=\"translation-block\">De plus, la batteuse de ma\u00efs est \u00e9quip\u00e9e d'un ventilateur, qui soufflera les impuret\u00e9s sur les grains de ma\u00efs. Ainsi, le produit final de grains de ma\u00efs est propre et esth\u00e9tique. En plus de cette machine, nous proposons \u00e9galement une <a href=\"https:\/\/taizyfarmequipment.com\/fr\/produit-2\/batteuse-de-riz-et-de-ble\/\" data-type=\"link\" data-id=\"https:\/\/taizyfarmequipment.com\/product\/rice-and-wheat-thresher-machine\/\">batteuse pour riz et bl\u00e9<\/a>, un \u00e9pluche-ma\u00efs et une <a href=\"https:\/\/taizyfarmequipment.com\/fr\/produit-2\/gruau-de-mais-faisant-la-machine\/\">machine \u00e0 fabriquer de la semoule de ma\u00efs<\/a>, etc.<\/p>    <figure class=\"wp-block-gallery has-nested-images columns-default is-cropped wp-block-gallery-2 is-layout-flex wp-block-gallery-is-layout-flex\"> <figure class=\"wp-block-image size-large\"><img loading=\"lazy\" decoding=\"async\" width=\"720\" height=\"540\" data-id=\"3305\" src=\"https:\/\/taizyfarmequipment.com\/wp-content\/uploads\/2022\/04\/sweet-maize-thresher0.jpg\" alt=\"batteuse de ma\u00efs sucr\u00e9\" class=\"wp-image-3305\" title=\"batteuse de ma\u00efs sucr\u00e9\"\/><figcaption class=\"wp-element-caption\">batteuse de ma\u00efs sucr\u00e9<\/figcaption><\/figure>    <figure class=\"wp-block-image size-large\"><img loading=\"lazy\" decoding=\"async\" width=\"720\" height=\"540\" data-id=\"3306\" src=\"https:\/\/taizyfarmequipment.com\/wp-content\/uploads\/2022\/04\/fresh-corn-thresher-machine0.jpg\" alt=\"batteuse de ma\u00efs frais\" class=\"wp-image-3306\" title=\"batteuse de ma\u00efs frais\"\/><figcaption class=\"wp-element-caption\">batteuse de ma\u00efs frais<\/figcaption><\/figure> <\/figure>    <h2 class=\"wp-block-heading\">Quelles sont les utilisations de la batteuse de ma\u00efs sucr\u00e9 ?<\/h2>    <p>Cette d\u00e9cortiqueuse de ma\u00efs frais convient aux usines de transformation des aliments telles que les cuisines centrales, les grains de ma\u00efs en conserve, le sirop de ma\u00efs \u00e0 cong\u00e9lation rapide, les usines de grains de ma\u00efs, la transformation des aliments secs, la transformation des produits agricoles et secondaires, etc.<\/p>    <figure class=\"wp-block-image size-full\"><img loading=\"lazy\" decoding=\"async\" width=\"720\" height=\"541\" src=\"https:\/\/taizyfarmequipment.com\/wp-content\/uploads\/2022\/04\/Fresh-corn-thresher-tuya_720_541.jpg\" alt=\"Batteuse de ma\u00efs frais.\" class=\"wp-image-3309\" title=\"Batteuse de ma\u00efs frais.\"\/><figcaption class=\"wp-element-caption\">Batteuse de ma\u00efs frais. Batteuse de ma\u00efs frais.<\/figcaption><\/figure>    <h2 class=\"wp-block-heading\">Structure de la batteuse de ma\u00efs frais<\/h2>    <p>La batteuse de ma\u00efs frais comprend principalement un cadre, une roue, un rouleau en caoutchouc, un dispositif de battage, une sortie de grain de ma\u00efs, un ventilateur, une sortie d'\u00e9pi de ma\u00efs, une armoire de commande \u00e9lectrique, etc. La d\u00e9cortiqueuse de ma\u00efs sucr\u00e9 a un faible encombrement, une belle apparence et un travail \u00e9lev\u00e9 efficacit\u00e9. <\/p>    <p>De plus, le mat\u00e9riau de cette batteuse de ma\u00efs frais est en acier inoxydable 304, et les grains de ma\u00efs apr\u00e8s battage sont plus propres et hygi\u00e9niques et peuvent \u00eatre consomm\u00e9s en toute confiance.<\/p>    <figure class=\"wp-block-image size-full\"><img loading=\"lazy\" decoding=\"async\" width=\"720\" height=\"540\" src=\"https:\/\/taizyfarmequipment.com\/wp-content\/uploads\/2022\/04\/fresh-corn-shelling-machines-structure0.jpg\" alt=\"structure de la machine \u00e0 d\u00e9cortiquer le ma\u00efs frais\" class=\"wp-image-3307\" title=\"structure de la machine \u00e0 d\u00e9cortiquer le ma\u00efs frais\"\/><figcaption class=\"wp-element-caption\">structure de la machine \u00e0 d\u00e9cortiquer le ma\u00efs frais<\/figcaption><\/figure>    <h2 class=\"wp-block-heading\">Quelles sont les fonctions et caract\u00e9ristiques de chaque partie de la d\u00e9cortiqueuse de ma\u00efs sucr\u00e9\u00a0?<\/h2>    <h3 class=\"wp-block-heading\">1. Rouleau en caoutchouc<\/h3>    <p>Fonction : il peut utiliser sa friction pour envoyer du ma\u00efs dans le dispositif de battage de la machine.<\/p>    <p>Caract\u00e9ristiques : \u00e9tant donn\u00e9 que le mat\u00e9riau en caoutchouc est relativement doux et flexible, il n'endommagera pas la peau des grains de ma\u00efs pendant le processus de travail, de sorte que les grains de ma\u00efs conservent une bonne forme.<\/p>    <h3 class=\"wp-block-heading\">2. Dispositif de battage<\/h3>    <p>Fonction : cette partie peut couper les grains de ma\u00efs de l'\u00e9pi de ma\u00efs.<\/p>    <p>Caract\u00e9ristiques : La lame de l'appareil est r\u00e9glable et nous pouvons ajuster la lame en fonction du diam\u00e8tre de l'\u00e9pi de ma\u00efs que nous manipulons. Il peut donc traiter du ma\u00efs de toutes tailles. En plus de cela, le mat\u00e9riau et la conception de cette lame sont sp\u00e9cialement con\u00e7us pour une coupe raisonnable.<\/p>    <h3 class=\"wp-block-heading\">3. Sortie d'\u00e9pis de ma\u00efs<\/h3>    <p>Fonction : envoyer l'\u00e9pi de ma\u00efs hors de la machine.<\/p>    <p>Caract\u00e9ristiques : 4 guides d'engrenage peuvent guider l'\u00e9pi de ma\u00efs, ce qui peut efficacement \u00e9viter le ph\u00e9nom\u00e8ne de coincement de l'\u00e9pi de ma\u00efs dans la machine.<\/p>    <h3 class=\"wp-block-heading\">4. Ventilateur<\/h3>    <p>Fonction : il peut \u00e9liminer efficacement les impuret\u00e9s sur les grains de ma\u00efs.<\/p>    <figure class=\"wp-block-gallery has-nested-images columns-2 is-cropped wp-block-gallery-3 is-layout-flex wp-block-gallery-is-layout-flex\"> <figure class=\"wp-block-image size-large\"><img loading=\"lazy\" decoding=\"async\" width=\"720\" height=\"539\" data-id=\"3310\" src=\"https:\/\/taizyfarmequipment.com\/wp-content\/uploads\/2022\/04\/roller-9.jpg\" alt=\" rouleau en caoutchouc\" class=\"wp-image-3310\" title=\" rouleau en caoutchouc\"\/><figcaption class=\"wp-element-caption\"> rouleau en caoutchouc<\/figcaption><\/figure>    <figure class=\"wp-block-image size-large\"><img loading=\"lazy\" decoding=\"async\" width=\"720\" height=\"541\" data-id=\"3311\" src=\"https:\/\/taizyfarmequipment.com\/wp-content\/uploads\/2022\/04\/blade-01.jpg\" alt=\"dispositif \u00e0 lame\" class=\"wp-image-3311\" title=\"dispositif \u00e0 lame\"\/><figcaption class=\"wp-element-caption\">dispositif \u00e0 lame<\/figcaption><\/figure>    <figure class=\"wp-block-image size-large\"><img loading=\"lazy\" decoding=\"async\" width=\"720\" height=\"539\" data-id=\"3312\" src=\"https:\/\/taizyfarmequipment.com\/wp-content\/uploads\/2022\/04\/blade-9.jpg\" alt=\"lame\" class=\"wp-image-3312\" title=\"lame\"\/><figcaption class=\"wp-element-caption\">lame<\/figcaption><\/figure>    <figure class=\"wp-block-image size-large\"><img loading=\"lazy\" decoding=\"async\" width=\"720\" height=\"733\" data-id=\"3313\" src=\"https:\/\/taizyfarmequipment.com\/wp-content\/uploads\/2022\/04\/corn-cob-outlet-3.jpg\" alt=\"sortie d&#039;\u00e9pi de ma\u00efs \" class=\"wp-image-3313\" title=\"sortie d&#039;\u00e9pi de ma\u00efs \"\/><figcaption class=\"wp-element-caption\">sortie d'\u00e9pi de ma\u00efs<\/figcaption><\/figure> <\/figure>    <h2 class=\"wp-block-heading\">Param\u00e8tre technique de la batteuse de ma\u00efs frais<\/h2>    <figure class=\"wp-block-table\"><table><tbody><tr><td>Mod\u00e8le<\/td><td>Tension<\/td><td>Moteur<\/td><td>Production<\/td><td>Taille du convoyeur d'entr\u00e9e<\/td><td>Taille de la machine<\/td><td>Poids de la machine<\/td><\/tr><tr><td>HYMZ-268<\/td><td>220V monophas\u00e9<\/td><td>1CV+1\/2CV+1\/4CV<\/td><td>400\uff0d500kg\/h\uff08graines uniquement\uff09<\/td><td>Sans<\/td><td>630*620*1250mm<\/td><td>100KG<\/td><\/tr><tr><td>HYMZ-368<\/td><td>220V monophas\u00e9<\/td><td>1CV+1\/2CV+1\/4CV<\/td><td>600 kg\/h (graines uniquement)<\/td><td>690*260*380mm<\/td><td>1320*620*1250mm<\/td><td>100KG<\/td><\/tr><\/tbody><\/table><figcaption class=\"wp-element-caption\">param\u00e8tre de la batteuse de ma\u00efs frais<\/figcaption><\/figure>    <h2 class=\"wp-block-heading\">Flux de travail de la batteuse de ma\u00efs automatique \u00e9lectrique<\/h2>    <p>1. Tout d'abord, allumez la d\u00e9cortiqueuse de ma\u00efs frais apr\u00e8s avoir confirm\u00e9 que la machine est en utilisation normale, placez l'\u00e9pi de ma\u00efs sur la bande transporteuse face \u00e0 la machine ou placez-le directement sur le dispositif \u00e0 rouleaux en caoutchouc.<\/p>    <p>2. Ensuite, le rouleau en caoutchouc envoie le ma\u00efs dans le dispositif de battage et la lame bat le ma\u00efs.<\/p>    <p>3. Ensuite, les grains de ma\u00efs sortent de la sortie et le ventilateur \u00e9limine les impuret\u00e9s des grains de ma\u00efs.<\/p>    <p>4. En m\u00eame temps, l'\u00e9pi de ma\u00efs est \u00e9vacu\u00e9 de l'autre sortie. La machine fait le travail.<\/p>    <h2 class=\"wp-block-heading\">Quels sont les avantages de la batteuse de ma\u00efs industrielle ?<\/h2>    <p>1. Le mat\u00e9riau est s\u00fbr et l'ensemble de la machine est en acier inoxydable, propre et hygi\u00e9nique.<\/p>    <p>2. La batteuse de ma\u00efs frais est \u00e9quip\u00e9e de roues faciles \u00e0 d\u00e9placer.<\/p>    <p>3. Le convertisseur de fr\u00e9quence contr\u00f4le la vitesse et le fonctionnement est simple, adapt\u00e9 \u00e0 toutes sortes de ma\u00efs frais, sucr\u00e9 et gluant et de ma\u00efs congel\u00e9 apr\u00e8s battage.<\/p>    <p>4. Forte adaptabilit\u00e9. Il convient non seulement \u00e0 la production \u00e0 grande \u00e9chelle dans des usines dot\u00e9es de cha\u00eenes de montage, mais \u00e9galement \u00e0 la transformation dans des ateliers familiaux.<\/p>    <p>5. Le taux d'utilisation de la machine est \u00e9lev\u00e9. La d\u00e9cortiqueuse de ma\u00efs frais peut \u00eatre automatiquement ajust\u00e9e en fonction de la taille des \u00e9pis de ma\u00efs, adapt\u00e9e au battage du ma\u00efs de diff\u00e9rentes tailles, avec un taux de battage \u00e9lev\u00e9. Et la profondeur de battage de la machine est r\u00e9glable et le taux de pelage du ma\u00efs sucr\u00e9 peut atteindre 100%.<\/p>    <p>6. L'outil a une longue dur\u00e9e de vie. Les couteaux de cette machine sont fabriqu\u00e9s \u00e0 partir de mat\u00e9riaux sp\u00e9ciaux en acier inoxydable, qui ne n\u00e9cessitent pas d'aff\u00fbtage \u00e0 long terme et sont plus durables.<\/p>    <figure class=\"wp-block-image size-full\"><img loading=\"lazy\" decoding=\"async\" width=\"720\" height=\"540\" src=\"https:\/\/taizyfarmequipment.com\/wp-content\/uploads\/2022\/04\/finished-product0.jpg\" alt=\"produit fini\" class=\"wp-image-3308\" title=\"produit fini\"\/><figcaption class=\"wp-element-caption\">produit fini<\/figcaption><\/figure>    <h2 class=\"wp-block-heading\">FAQ<\/h2>    <p>1. Y a-t-il une exigence concernant le diam\u00e8tre de l\u2019\u00e9pi de ma\u00efs ?<\/p>    <p>Il n\u2019y a aucune exigence puisque les lames de l\u2019unit\u00e9 de battage de la machine peuvent \u00eatre r\u00e9gl\u00e9es en fonction du diam\u00e8tre de l\u2019\u00e9pi de ma\u00efs.<\/p>    <p>2. Quelle est la diff\u00e9rence entre HYMZ-268 et HYMZ-368\u00a0?<\/p>    <p>368 a une bande transporteuse suppl\u00e9mentaire et le rendement est plus grand.<\/p>    <p>3.\u00a0Quel est le mat\u00e9riau de la d\u00e9cortiqueuse de ma\u00efs frais\u00a0?<\/p>    <p>Mat\u00e9riau en acier inoxydable 304.<\/p>    <p>4. Quelle est la puissance de la machine ?<\/p>    <p>Moteur.<\/p>    <p>5. Quelle est la longueur la plus courte de ma\u00efs trait\u00e9\u00a0?<\/p>    <p>80mm.<\/p>","protected":false},"excerpt":{"rendered":"<p>La d\u00e9cortiqueuse de ma\u00efs frais peut s\u00e9parer les grains de ma\u00efs frais de l'\u00e9pi de ma\u00efs. Et les grains de ma\u00efs peuvent \u00eatre transform\u00e9s davantage.<\/p>","protected":false},"author":1,"featured_media":3304,"parent":0,"template":"","tags":[278,274,275,273,277,276,279,281,280],"product-type":[129],"class_list":["post-3302","product","type-product","status-publish","has-post-thumbnail","hentry","tag-electric-automatic-corn-thresher","tag-fresh-corn-sheller","tag-fresh-corn-shelling-machine","tag-fresh-corn-threshing-machine","tag-fresh-maize-thresher","tag-fresh-sweet-corn-thresher-machine","tag-stainless-steel-corn-sheller-machine","tag-sweet-corn-thresher-for-sale","tag-sweet-corn-threshing-machine-equipment","product-type-thresher-and-sheller"],"_links":{"self":[{"href":"https:\/\/taizyfarmequipment.com\/fr\/wp-json\/wp\/v2\/product\/3302","targetHints":{"allow":["GET"]}}],"collection":[{"href":"https:\/\/taizyfarmequipment.com\/fr\/wp-json\/wp\/v2\/product"}],"about":[{"href":"https:\/\/taizyfarmequipment.com\/fr\/wp-json\/wp\/v2\/types\/product"}],"author":[{"embeddable":true,"href":"https:\/\/taizyfarmequipment.com\/fr\/wp-json\/wp\/v2\/users\/1"}],"wp:featuredmedia":[{"embeddable":true,"href":"https:\/\/taizyfarmequipment.com\/fr\/wp-json\/wp\/v2\/media\/3304"}],"wp:attachment":[{"href":"https:\/\/taizyfarmequipment.com\/fr\/wp-json\/wp\/v2\/media?parent=3302"}],"wp:term":[{"taxonomy":"post_tag","embeddable":true,"href":"https:\/\/taizyfarmequipment.com\/fr\/wp-json\/wp\/v2\/tags?post=3302"},{"taxonomy":"product-type","embeddable":true,"href":"https:\/\/taizyfarmequipment.com\/fr\/wp-json\/wp\/v2\/product-type?post=3302"}],"curies":[{"name":"wp","href":"https:\/\/api.w.org\/{rel}","templated":true}]}}