{"id":3316,"date":"2022-04-27T10:08:41","date_gmt":"2022-04-27T10:08:41","guid":{"rendered":"https:\/\/taizyfarmequipment.com\/?post_type=product&#038;p=3316"},"modified":"2025-11-26T16:10:03","modified_gmt":"2025-11-26T08:10:03","slug":"sechoir-a-grains-a-circulation","status":"publish","type":"product","link":"https:\/\/taizyfarmequipment.com\/fr\/product\/circulating-grain-dryer\/","title":{"rendered":"S\u00e8che-grains circulant | S\u00e8che-m\u00e9canique pour riz et ma\u00efs"},"content":{"rendered":"<div class=\"kk-star-ratings kksr-auto kksr-align-left kksr-valign-top\"     data-payload='{&quot;align&quot;:&quot;left&quot;,&quot;id&quot;:&quot;3316&quot;,&quot;slug&quot;:&quot;default&quot;,&quot;valign&quot;:&quot;top&quot;,&quot;ignore&quot;:&quot;&quot;,&quot;reference&quot;:&quot;auto&quot;,&quot;class&quot;:&quot;&quot;,&quot;count&quot;:&quot;20&quot;,&quot;legendonly&quot;:&quot;&quot;,&quot;readonly&quot;:&quot;&quot;,&quot;score&quot;:&quot;4.5&quot;,&quot;starsonly&quot;:&quot;&quot;,&quot;best&quot;:&quot;5&quot;,&quot;gap&quot;:&quot;5&quot;,&quot;greet&quot;:&quot;Rate this product&quot;,&quot;legend&quot;:&quot;4.5\\\/5 - (20 votes)&quot;,&quot;size&quot;:&quot;24&quot;,&quot;title&quot;:&quot;Circulating grain dryer | Mechanical dryer for rice and corn&quot;,&quot;width&quot;:&quot;128&quot;,&quot;_legend&quot;:&quot;{score}\\\/{best} - ({count} {votes})&quot;,&quot;font_factor&quot;:&quot;1.25&quot;}'>              <div class=\"kksr-stars\">      <div class=\"kksr-stars-inactive\">             <div class=\"kksr-star\" data-star=\"1\" style=\"padding-right: 5px\">               <div class=\"kksr-icon\" style=\"width: 24px; height: 24px;\"><\/div>         <\/div>             <div class=\"kksr-star\" data-star=\"2\" style=\"padding-right: 5px\">               <div class=\"kksr-icon\" style=\"width: 24px; height: 24px;\"><\/div>         <\/div>             <div class=\"kksr-star\" data-star=\"3\" style=\"padding-right: 5px\">               <div class=\"kksr-icon\" style=\"width: 24px; height: 24px;\"><\/div>         <\/div>             <div class=\"kksr-star\" data-star=\"4\" style=\"padding-right: 5px\">               <div class=\"kksr-icon\" style=\"width: 24px; height: 24px;\"><\/div>         <\/div>             <div class=\"kksr-star\" data-star=\"5\" style=\"padding-right: 5px\">               <div class=\"kksr-icon\" style=\"width: 24px; height: 24px;\"><\/div>         <\/div>     <\/div>      <div class=\"kksr-stars-active\" style=\"width: 128px;\">             <div class=\"kksr-star\" style=\"padding-right: 5px\">               <div class=\"kksr-icon\" style=\"width: 24px; height: 24px;\"><\/div>         <\/div>             <div class=\"kksr-star\" style=\"padding-right: 5px\">               <div class=\"kksr-icon\" style=\"width: 24px; height: 24px;\"><\/div>         <\/div>             <div class=\"kksr-star\" style=\"padding-right: 5px\">               <div class=\"kksr-icon\" style=\"width: 24px; height: 24px;\"><\/div>         <\/div>             <div class=\"kksr-star\" style=\"padding-right: 5px\">               <div class=\"kksr-icon\" style=\"width: 24px; height: 24px;\"><\/div>         <\/div>             <div class=\"kksr-star\" style=\"padding-right: 5px\">               <div class=\"kksr-icon\" style=\"width: 24px; height: 24px;\"><\/div>         <\/div>     <\/div> <\/div>                   <div class=\"kksr-legend\" style=\"font-size: 19.2px;\">             4,5\/5 - (20 votes)    <\/div>     <\/div>  <p>Le s\u00e9choir \u00e0 grains \u00e0 circulation est \u00e9galement appel\u00e9 s\u00e9choir \u00e0 circulation \u00e0 basse temp\u00e9rature, qui peut s\u00e9cher diverses graines de c\u00e9r\u00e9ales en grande quantit\u00e9. En g\u00e9n\u00e9ral, la machine convient aux grandes stations c\u00e9r\u00e9ali\u00e8res, aux fermes, etc. Les grains trait\u00e9s sont faciles \u00e0 stocker pendant une longue p\u00e9riode, transport\u00e9s sur de longues distances et trait\u00e9s ult\u00e9rieurement. <\/p>    <p>Il existe actuellement diff\u00e9rentes formes de s\u00e9choirs \u00e0 grains sur le march\u00e9, avec diff\u00e9rentes structures internes et diff\u00e9rentes m\u00e9thodes de traitement des machines. La machine a fait l'objet d'un d\u00e9veloppement continu et le dernier mod\u00e8le est le s\u00e9choir \u00e0 grains \u00e0 flux mixte de quatre g\u00e9n\u00e9rations. Nos s\u00e9choirs \u00e0 grains de production existants sont les derni\u00e8res machines de ce type.<\/p>    <h2 class=\"wp-block-heading\" id=\"h-introduction-to-circulating-grain-dryer\">Introduction au s\u00e9choir \u00e0 grains \u00e0 circulation<\/h2>    <p>Nos s\u00e9choirs \u00e0 grains sont disponibles en diff\u00e9rents mod\u00e8les avec des rendements diff\u00e9rents par lot. Habituellement, les mod\u00e8les 5H-15 et 5H-32 sont plus couramment utilis\u00e9s. Cette machine \u00e0 s\u00e9cher les grains poss\u00e8de la derni\u00e8re forme de s\u00e9chage, la couche de s\u00e9chage d'angle. Et une telle structure de s\u00e9chage peut prolonger le processus de descente du grain, de sorte que l'air chaud puisse s\u00e9cher le mat\u00e9riau plus compl\u00e8tement. En outre, la machine dispose de diverses m\u00e9thodes de chauffage, qui peuvent \u00eatre du combustible biomasse, un po\u00eale diesel, un br\u00fbleur \u00e0 gaz naturel et un br\u00fbleur \u00e9lectrique. <\/p>    <p class=\"translation-block\">Les grains trait\u00e9s sont exempts de moisissures, de vers et de go\u00fbts d\u00e9sagr\u00e9ables. Par cons\u00e9quent, le s\u00e9chage des grains est un bon assistant pour s\u00e9cher de grandes quantit\u00e9s de grains. Et nous pouvons utiliser la batteuse pour battre les grains avant le s\u00e9chage en vrac. Nous avons <a href=\"https:\/\/www.agriculture-machine.com\/multifunctional-thresher-for-maize-beans-sorghum-millet\/\" target=\"_blank\" rel=\"noopener\">batteuse multifonctionnelle<\/a>, <a href=\"https:\/\/taizyfarmequipment.com\/fr\/produit-2\/batteuse-pour-le-ble-de-riz\/\">batteuse riz-bl\u00e9<\/a>, batteuse de ma\u00efs, etc.<\/p>    <figure class=\"wp-block-gallery has-nested-images columns-default is-cropped wp-block-gallery-2 is-layout-flex wp-block-gallery-is-layout-flex\"> <figure class=\"wp-block-image size-large\"><img loading=\"lazy\" decoding=\"async\" width=\"720\" height=\"540\" data-id=\"3319\" src=\"https:\/\/taizyfarmequipment.com\/wp-content\/uploads\/2022\/04\/circulating-grain-dryer-0.jpg\" alt=\"\" class=\"wp-image-3319\"\/><figcaption class=\"wp-element-caption\">s\u00e9choir \u00e0 grains \u00e0 circulation<\/figcaption><\/figure>    <figure class=\"wp-block-image size-large\"><img loading=\"lazy\" decoding=\"async\" width=\"720\" height=\"540\" data-id=\"3320\" src=\"https:\/\/taizyfarmequipment.com\/wp-content\/uploads\/2022\/04\/mechanical-dryer-for-rice-and-corn0.jpg\" alt=\"s\u00e9choir m\u00e9canique pour riz et ma\u00efs\" class=\"wp-image-3320\" title=\"s\u00e9choir m\u00e9canique pour riz et ma\u00efs\"\/><figcaption class=\"wp-element-caption\">s\u00e9choir m\u00e9canique pour riz et ma\u00efs<\/figcaption><\/figure> <\/figure>    <h2 class=\"wp-block-heading\">Quel est le champ d\u2019application du s\u00e9choir m\u00e9canique pour le riz ?<\/h2>    <p>C\u00e9r\u00e9ales appropri\u00e9es : riz, bl\u00e9, ma\u00efs, soja, sorgho, millet, graines de colza et de tournesol, etc.<\/p>    <p>Champs applicables : fermes, stations c\u00e9r\u00e9ali\u00e8res et m\u00e9nages professionnels cultivant des c\u00e9r\u00e9ales.<\/p>    <figure class=\"wp-block-image size-full\"><img loading=\"lazy\" decoding=\"async\" width=\"720\" height=\"540\" src=\"https:\/\/taizyfarmequipment.com\/wp-content\/uploads\/2022\/04\/grains0.jpg\" alt=\"c\u00e9r\u00e9ales\" class=\"wp-image-3321\" title=\" c\u00e9r\u00e9ales\"\/><figcaption class=\"wp-element-caption\"> c\u00e9r\u00e9ales<\/figcaption><\/figure>    <h2 class=\"wp-block-heading\">Structure du s\u00e9choir \u00e0 grains \u00e0 circulation<\/h2>    <p>Le s\u00e9choir \u00e0 grains \u00e0 circulation comprend un \u00e9l\u00e9vateur, un silo, une couche chauffante, une partie source de chaleur, un ventilateur, etc.<\/p>    <figure class=\"wp-block-image size-full\"><img loading=\"lazy\" decoding=\"async\" width=\"720\" height=\"540\" src=\"https:\/\/taizyfarmequipment.com\/wp-content\/uploads\/2022\/04\/structure-of-the-circulating-grain-dryer0.jpg\" alt=\"structure du s\u00e9choir \u00e0 grains \u00e0 circulation\" class=\"wp-image-3322\" title=\"structure du s\u00e9choir \u00e0 grains \u00e0 circulation\"\/><figcaption class=\"wp-element-caption\">structure du s\u00e9choir \u00e0 grains \u00e0 circulation<\/figcaption><\/figure>    <h3 class=\"wp-block-heading\"><strong>Quelles sont les fonctions de chaque partie du s\u00e9choir \u00e0 grains<\/strong>?<\/h3>    <p>1. \u00c9l\u00e9vateur\u00a0: acheminez le grain dans le silo du s\u00e9choir \u00e0 grains \u00e0 circulation.<\/p>    <p>2. Silo : La hauteur du silo est diff\u00e9rente selon les mod\u00e8les. Plus le mod\u00e8le est grand, plus la hauteur du bac est \u00e9lev\u00e9e.<\/p>    <p>3. Couche chauffante\u00a0: \u00e0 l\u2019int\u00e9rieur de cette partie se trouve la couche de bo\u00eete d\u2019angle. L'air chaud p\u00e9n\u00e8tre dans la couche de s\u00e9chage pour s\u00e9cher les grains traversant cette couche. La conception de la couche de bo\u00eete d'angle peut prolonger le processus de chute du mat\u00e9riau et ainsi s\u00e9cher compl\u00e8tement le mat\u00e9riau. Et l'air chaud peut traverser la couche chauffante en douceur sans provoquer de blocage de poussi\u00e8re.<\/p>    <p>4. Partie source de chaleur\u00a0: Cette partie du s\u00e9choir \u00e0 grains \u00e0 circulation peut \u00eatre un po\u00eale \u00e0 air chaud \u00e0 biomasse, un po\u00eale diesel, un br\u00fbleur \u00e0 gaz naturel et un br\u00fbleur \u00e9lectrique. L'air chaud produit par toutes ces sources de chaleur est propre et hygi\u00e9nique.<\/p>    <p>5. Ventilateur\u00a0: Extrayez l\u2019air chaud de la couche de s\u00e9chage. Les ventilateurs de haute qualit\u00e9 sont durables et ont une longue dur\u00e9e de vie.<\/p>    <figure class=\"wp-block-gallery has-nested-images columns-2 is-cropped wp-block-gallery-3 is-layout-flex wp-block-gallery-is-layout-flex\"> <figure class=\"wp-block-image size-large\"><img loading=\"lazy\" decoding=\"async\" width=\"750\" height=\"563\" data-id=\"3323\" src=\"https:\/\/taizyfarmequipment.com\/wp-content\/uploads\/2022\/04\/elevator-3.jpg\" alt=\"ascenseur\" class=\"wp-image-3323\" title=\"ascenseur\"\/><figcaption class=\"wp-element-caption\">ascenseur<\/figcaption><\/figure>    <figure class=\"wp-block-image size-large\"><img loading=\"lazy\" decoding=\"async\" width=\"720\" height=\"540\" data-id=\"3324\" src=\"https:\/\/taizyfarmequipment.com\/wp-content\/uploads\/2022\/04\/heating-sources0.jpg\" alt=\"sources de chauffage\" class=\"wp-image-3324\" title=\"sources de chauffage\"\/><figcaption class=\"wp-element-caption\">sources de chauffage<\/figcaption><\/figure>    <figure class=\"wp-block-image size-large\"><img loading=\"lazy\" decoding=\"async\" width=\"720\" height=\"540\" data-id=\"3325\" src=\"https:\/\/taizyfarmequipment.com\/wp-content\/uploads\/2022\/04\/PLC0.jpg\" alt=\"API\" class=\"wp-image-3325\" title=\"API\"\/><figcaption class=\"wp-element-caption\">API<\/figcaption><\/figure>    <figure class=\"wp-block-image size-large\"><img loading=\"lazy\" decoding=\"async\" width=\"720\" height=\"540\" data-id=\"3326\" src=\"https:\/\/taizyfarmequipment.com\/wp-content\/uploads\/2022\/04\/fan0.jpg\" alt=\"ventilateur\" class=\"wp-image-3326\" title=\"ventilateur\"\/><figcaption class=\"wp-element-caption\">ventilateur<\/figcaption><\/figure> <\/figure>    <h2 class=\"wp-block-heading\"><strong>Le processus de travail du s\u00e9choir \u00e0 tour \u00e0 grains<\/strong><\/h2>    <p>Le s\u00e9choir \u00e0 grains \u00e0 circulation dans son ensemble comprend de nombreuses structures complexes. Il comprend principalement un syst\u00e8me d'alimentation, un syst\u00e8me de transmission, un syst\u00e8me de contr\u00f4le et un syst\u00e8me de s\u00e9chage.<\/p>    <p>1. Nous mettons d\u2019abord une grande quantit\u00e9 de c\u00e9r\u00e9ales dans la zone de stockage des c\u00e9r\u00e9ales.<\/p>    <p>2. Allumez ensuite le s\u00e9choir \u00e0 grains \u00e0 circulation, l'\u00e9l\u00e9vateur de la machine ramassera le grain et le transf\u00e9rera vers le silo du s\u00e9choir.<\/p>    <p>3. Le grain continue de tomber jusqu\u2019\u00e0 ce qu\u2019il atteigne la couche de s\u00e9chage.<\/p>    <p>4. Le grain est bloqu\u00e9 par la structure de coin sur la couche de s\u00e9chage, ce qui r\u00e9duira la vitesse de chute. En m\u00eame temps, l\u2019air chaud s\u00e8che le grain \u00e0 travers cette couche.<\/p>    <p>5. Le grain s\u00e9ch\u00e9 final est d\u00e9charg\u00e9 de la sortie.<\/p>    <h2 class=\"wp-block-heading\">Quels sont les avantages du s\u00e9choir \u00e0 grains professionnel ?<\/h2>    <p>1. Le s\u00e9chage est uniforme, les pr\u00e9cipitations sont rapides et les pr\u00e9cipitations par heure sont d'environ 1,21 TP3T, ce qui raccourcit efficacement le temps de s\u00e9chage et r\u00e9duit le co\u00fbt de s\u00e9chage.<\/p>    <p>2. Les grains uniformes de s\u00e9chage ont un faible taux d'\u00e9clatement, qui est deux fois plus faible que celui des s\u00e9choirs \u00e0 flux transversal.<\/p>    <p>3. Le taux de germination des graines s\u00e9ch\u00e9es par cette machine est \u00e9lev\u00e9 et le taux de germination identifi\u00e9 est de 86%.<\/p>    <p>4. La prise d'air de type bo\u00eete d'angle est lisse et nous n'avons pas besoin d'\u00eatre propre apr\u00e8s des ann\u00e9es d'utilisation.<\/p>    <p>5. Le riz s\u00e9ch\u00e9 est de bonne qualit\u00e9, vendu sur un large march\u00e9 et g\u00e9n\u00e8re des b\u00e9n\u00e9fices consid\u00e9rables.<\/p>    <p>6. Facile \u00e0 utiliser. Syst\u00e8me de contr\u00f4le enti\u00e8rement automatique avec \u00e9cran tactile, facile \u00e0 utiliser, peut d\u00e9terminer automatiquement l'eau, s'arr\u00eater automatiquement lorsque la valeur d\u00e9finie est atteinte.<\/p>    <p>7. Nettoyage respectueux de l\u2019environnement. \u00c9quip\u00e9 d'un po\u00eale \u00e0 air chaud respectueux de l'environnement pour garantir que les aliments ne sont pas pollu\u00e9s, avec le m\u00eame bruit intemporel que les produits similaires, de faibles vibrations, une \u00e9conomie de carburant, un faible co\u00fbt et une longue dur\u00e9e de vie.<\/p>    <figure class=\"wp-block-gallery has-nested-images columns-2 is-cropped wp-block-gallery-4 is-layout-flex wp-block-gallery-is-layout-flex\"> <figure class=\"wp-block-image size-large\"><img loading=\"lazy\" decoding=\"async\" width=\"720\" height=\"540\" data-id=\"3327\" src=\"https:\/\/taizyfarmequipment.com\/wp-content\/uploads\/2022\/04\/circulating-grain-dryer-0-1.jpg\" alt=\"s\u00e9choir \u00e0 grains \u00e0 circulation\" class=\"wp-image-3327\" title=\"s\u00e9choir \u00e0 grains \u00e0 circulation\"\/><figcaption class=\"wp-element-caption\">s\u00e9choir \u00e0 grains \u00e0 circulation<\/figcaption><\/figure>    <figure class=\"wp-block-image size-large\"><img loading=\"lazy\" decoding=\"async\" width=\"720\" height=\"540\" data-id=\"3328\" src=\"https:\/\/taizyfarmequipment.com\/wp-content\/uploads\/2022\/04\/circulating-grain-dryer10.jpg\" alt=\"s\u00e9choir \u00e0 grains par lots\" class=\"wp-image-3328\" title=\"s\u00e9choir \u00e0 grains par lots\"\/><figcaption class=\"wp-element-caption\">c<br>s\u00e9choir \u00e0 grains par lots<\/figcaption><\/figure>    <figure class=\"wp-block-image size-large\"><img loading=\"lazy\" decoding=\"async\" width=\"720\" height=\"540\" data-id=\"3329\" src=\"https:\/\/taizyfarmequipment.com\/wp-content\/uploads\/2022\/04\/circulating-grain-dryer-40.jpg\" alt=\"s\u00e9choir \u00e0 grains \u00e0 circulation\" class=\"wp-image-3329\" title=\"s\u00e9choir \u00e0 grains \u00e0 circulation\"\/><figcaption class=\"wp-element-caption\">s\u00e9choir \u00e0 grains \u00e0 circulation<\/figcaption><\/figure>    <figure class=\"wp-block-image size-large\"><img loading=\"lazy\" decoding=\"async\" width=\"720\" height=\"540\" data-id=\"3330\" src=\"https:\/\/taizyfarmequipment.com\/wp-content\/uploads\/2022\/04\/mechanical-dryer-for-rice-and-corn-0.jpg\" alt=\"s\u00e9choir m\u00e9canique pour riz et ma\u00efs\" class=\"wp-image-3330\" title=\"s\u00e9choir m\u00e9canique pour riz et ma\u00efs\"\/><figcaption class=\"wp-element-caption\">s\u00e9choir m\u00e9canique pour riz et ma\u00efs<\/figcaption><\/figure> <\/figure>    <h2 class=\"wp-block-heading\">FAQ<\/h2>    <p>1. Quel est le taux d'\u00e9limination de l'eau par heure pour le type 1,15\u00a0?<\/p>    <p>1-1.2%.<\/p>    <p>2. La diff\u00e9rence entre la couche de s\u00e9chage de type 5H-15 et la couche de s\u00e9chage de type 5H-32\u00a0?<\/p>    <p>La hauteur est la m\u00eame, la largeur est diff\u00e9rente, le type 5H-32 est plus large et plus long, deux fois plus long que le type 5H-15, le 5H-15 a une entr\u00e9e d'air et le 5H-32 a deux entr\u00e9es d'air.<\/p>    <p>3. Comment savoir si le grain est plein du s\u00e9choir ?<\/p>    <p>Il y a un voyant d'avertissement sur l'armoire de commande.<\/p>    <p>4. Quelle est la temp\u00e9rature interne du s\u00e9choir \u00e0 grains \u00e0 circulation\u00a0?<\/p>    <p>La temp\u00e9rature des diff\u00e9rents endroits est diff\u00e9rente, les c\u00e9r\u00e9ales commerciales sont g\u00e9n\u00e9ralement d'environ 60 degr\u00e9s Celsius et les graines d'environ 40 degr\u00e9s Celsius.<\/p>    <p>5. Quel est le mat\u00e9riau de l\u2019\u00e9l\u00e9vateur \u00e0 godets ?<\/p>    <p>Toile de nylon pur.<\/p>    <p>6. Quelle est la marque et la fonction de l\u2019armoire de commande ?<\/p>    <p>Siemens, Allemagne, bo\u00eetier de contr\u00f4le d'automatisation PLC.<\/p>    <p><\/p>    <p><\/p>    <p><\/p>    <p><\/p>","protected":false},"excerpt":{"rendered":"<p>Le s\u00e9choir \u00e0 grains est \u00e9galement appel\u00e9 s\u00e9choir \u00e0 circulation \u00e0 basse temp\u00e9rature, qui peut s\u00e9cher diverses graines de c\u00e9r\u00e9ales en grande quantit\u00e9.<\/p>","protected":false},"author":1,"featured_media":3318,"parent":0,"template":"","tags":[],"product-type":[282],"class_list":["post-3316","product","type-product","status-publish","has-post-thumbnail","hentry","product-type-grains-dryer"],"_links":{"self":[{"href":"https:\/\/taizyfarmequipment.com\/fr\/wp-json\/wp\/v2\/product\/3316","targetHints":{"allow":["GET"]}}],"collection":[{"href":"https:\/\/taizyfarmequipment.com\/fr\/wp-json\/wp\/v2\/product"}],"about":[{"href":"https:\/\/taizyfarmequipment.com\/fr\/wp-json\/wp\/v2\/types\/product"}],"author":[{"embeddable":true,"href":"https:\/\/taizyfarmequipment.com\/fr\/wp-json\/wp\/v2\/users\/1"}],"wp:featuredmedia":[{"embeddable":true,"href":"https:\/\/taizyfarmequipment.com\/fr\/wp-json\/wp\/v2\/media\/3318"}],"wp:attachment":[{"href":"https:\/\/taizyfarmequipment.com\/fr\/wp-json\/wp\/v2\/media?parent=3316"}],"wp:term":[{"taxonomy":"post_tag","embeddable":true,"href":"https:\/\/taizyfarmequipment.com\/fr\/wp-json\/wp\/v2\/tags?post=3316"},{"taxonomy":"product-type","embeddable":true,"href":"https:\/\/taizyfarmequipment.com\/fr\/wp-json\/wp\/v2\/product-type?post=3316"}],"curies":[{"name":"wp","href":"https:\/\/api.w.org\/{rel}","templated":true}]}}