{"id":3334,"date":"2022-05-05T11:34:45","date_gmt":"2022-05-05T11:34:45","guid":{"rendered":"https:\/\/taizyfarmequipment.com\/?post_type=product&#038;p=3334"},"modified":"2024-03-14T09:59:46","modified_gmt":"2024-03-14T01:59:46","slug":"machine-de-collecte-de-citrouilles","status":"publish","type":"product","link":"https:\/\/taizyfarmequipment.com\/fr\/product\/pumpkin-collecting-machine\/","title":{"rendered":"Machine de collecte de citrouilles, machine de r\u00e9colte de past\u00e8ques"},"content":{"rendered":"<div class=\"kk-star-ratings kksr-auto kksr-align-left kksr-valign-top\"     data-payload='{&quot;align&quot;:&quot;left&quot;,&quot;id&quot;:&quot;3334&quot;,&quot;slug&quot;:&quot;default&quot;,&quot;valign&quot;:&quot;top&quot;,&quot;ignore&quot;:&quot;&quot;,&quot;reference&quot;:&quot;auto&quot;,&quot;class&quot;:&quot;&quot;,&quot;count&quot;:&quot;7&quot;,&quot;legendonly&quot;:&quot;&quot;,&quot;readonly&quot;:&quot;&quot;,&quot;score&quot;:&quot;4.5&quot;,&quot;starsonly&quot;:&quot;&quot;,&quot;best&quot;:&quot;5&quot;,&quot;gap&quot;:&quot;5&quot;,&quot;greet&quot;:&quot;Rate this product&quot;,&quot;legend&quot;:&quot;4.5\\\/5 - (7 votes)&quot;,&quot;size&quot;:&quot;24&quot;,&quot;title&quot;:&quot;Pumpkin collecting machine\u4e28watermelon harvest machine&quot;,&quot;width&quot;:&quot;128&quot;,&quot;_legend&quot;:&quot;{score}\\\/{best} - ({count} {votes})&quot;,&quot;font_factor&quot;:&quot;1.25&quot;}'>              <div class=\"kksr-stars\">      <div class=\"kksr-stars-inactive\">             <div class=\"kksr-star\" data-star=\"1\" style=\"padding-right: 5px\">               <div class=\"kksr-icon\" style=\"width: 24px; height: 24px;\"><\/div>         <\/div>             <div class=\"kksr-star\" data-star=\"2\" style=\"padding-right: 5px\">               <div class=\"kksr-icon\" style=\"width: 24px; height: 24px;\"><\/div>         <\/div>             <div class=\"kksr-star\" data-star=\"3\" style=\"padding-right: 5px\">               <div class=\"kksr-icon\" style=\"width: 24px; height: 24px;\"><\/div>         <\/div>             <div class=\"kksr-star\" data-star=\"4\" style=\"padding-right: 5px\">               <div class=\"kksr-icon\" style=\"width: 24px; height: 24px;\"><\/div>         <\/div>             <div class=\"kksr-star\" data-star=\"5\" style=\"padding-right: 5px\">               <div class=\"kksr-icon\" style=\"width: 24px; height: 24px;\"><\/div>         <\/div>     <\/div>      <div class=\"kksr-stars-active\" style=\"width: 128px;\">             <div class=\"kksr-star\" style=\"padding-right: 5px\">               <div class=\"kksr-icon\" style=\"width: 24px; height: 24px;\"><\/div>         <\/div>             <div class=\"kksr-star\" style=\"padding-right: 5px\">               <div class=\"kksr-icon\" style=\"width: 24px; height: 24px;\"><\/div>         <\/div>             <div class=\"kksr-star\" style=\"padding-right: 5px\">               <div class=\"kksr-icon\" style=\"width: 24px; height: 24px;\"><\/div>         <\/div>             <div class=\"kksr-star\" style=\"padding-right: 5px\">               <div class=\"kksr-icon\" style=\"width: 24px; height: 24px;\"><\/div>         <\/div>             <div class=\"kksr-star\" style=\"padding-right: 5px\">               <div class=\"kksr-icon\" style=\"width: 24px; height: 24px;\"><\/div>         <\/div>     <\/div> <\/div>                   <div class=\"kksr-legend\" style=\"font-size: 19.2px;\">             4,5\/5 - (7 votes)    <\/div>     <\/div>  <p>La machine de collecte de citrouilles est un \u00e9quipement qui peut collecter des graines de melons, des citrouilles, des courges, etc. La machine peut effectuer plusieurs op\u00e9rations telles que casser les vignes, collecter et former des bandes. Et revenir \u00e0 la ligne en m\u00eame temps. La machine convient pour collecter efficacement un grand nombre de citrouilles, de graines de melon, de courges, etc. sur le terrain. En outre, cette machine de collecte de citrouilles est robuste et durable, facile \u00e0 utiliser, a une efficacit\u00e9 de travail \u00e9lev\u00e9e et peut \u00e9conomiser beaucoup de main d'\u0153uvre.<\/p>    <h2 class=\"wp-block-heading\" id=\"h-introduction-of-pumpkin-collecting-machine\">Introduction de la machine de collecte de citrouilles<\/h2>    <p class=\"translation-block\"><br>Les collecteurs de citrouilles que nous produisons fonctionnent avec des tracteurs via la prise de force (PDF). Le tracteur entra\u00eene la machine pour travailler. Et pendant que la machine travaille, elle enroule les vignes tout en alignant les fruits. Ainsi, les gens peuvent manipuler les citrouilles plus facilement. La machine a une grande capacit\u00e9 et une large zone de r\u00e9colte. C'est donc un \u00e9quipement id\u00e9al pour une collecte \u00e0 grande \u00e9chelle de citrouilles, melons \u00e0 graines, etc. De plus, nous disposons \u00e9galement d'un <a href=\"https:\/\/taizyfarmequipment.com\/fr\/produit-2\/extracteur-de-graines-de-citrouille\/\">extracteur de graines de citrouille<\/a>, qui peut rapidement enlever les graines des citrouilles, melons \u00e0 graines, etc.<\/p>    <h2 class=\"wp-block-heading\">Structure de la r\u00e9colteuse de past\u00e8ques<\/h2>    <p class=\"translation-block\"><br>Cette <a href=\"https:\/\/www.agriculture-machine.com\/watermelon-and-pumpkin-harvester-machine\/\" target=\"_blank\" rel=\"noopener\">machine de r\u00e9colte de past\u00e8ques<\/a> se compose principalement d\u2019un ch\u00e2ssis, d\u2019une roue de collecte, d\u2019un arbre pour enlever les vignes, d\u2019une roue de support, d\u2019une bo\u00eete de vitesses, d\u2019un syst\u00e8me de transmission, d\u2019une conduite hydraulique et d\u2019autres composants.<\/p>    <p><\/p>    <h2 class=\"wp-block-heading\">Param\u00e8tres de la r\u00e9colteuse de graines de melon<\/h2>    <p><br>Le cadre adopte un cadre combin\u00e9 en tube carr\u00e9\u00a0; toute la bo\u00eete de vitesses distribue la puissance ; la structure de roue \u00e0 barres \u00e0 double jeu\u00a0; Les principaux param\u00e8tres techniques sont les suivants :<\/p>    <figure class=\"wp-block-table\"><table><tbody><tr><td>Largeur de travail\uff08cm\uff09<\/td><td>Structure divine<\/td><td>D\u00e9finir le formulaire de barre<\/td><td>Diam\u00e8tre de la spirale \uff08cm\uff09<\/td><td>Vitesse de travail (Km\/h)<\/td><td>Puissance (kW)<\/td><td>Poids (kg)<\/td><\/tr><tr><td>1200+1050<\/td><td>Marteau \u00e0 double bande de caoutchouc<\/td><td>Double h\u00e9lice<\/td><td>50<\/td><td>\u22655&nbsp;<\/td><td>22~44<\/td><td>518<\/td><\/tr><\/tbody><\/table><figcaption class=\"wp-element-caption\">param\u00e8tre de la r\u00e9colteuse de past\u00e8ques<\/figcaption><\/figure>    <h2 class=\"wp-block-heading\"> Principe de fonctionnement d'une r\u00e9colteuse de citrouilles<\/h2>    <ol class=\"wp-block-list\"> <li>D\u00e9marrez le tracteur, le tracteur distribuera la puissance \u00e0 chaque syst\u00e8me d'arbre \u00e9tape par \u00e9tape et en continu. Et la mise en \u0153uvre \u00e9voluera en cons\u00e9quence.<\/li>    <li>Sous l'action de la tringlerie \u00e0 quatre barres et du v\u00e9rin hydraulique, le v\u00e9rin \u00e0 vis de l'outil maintient une position relative par rapport au sol\u00a0;<\/li>    <li>Lorsque la machine avance, un groupe de cylindres \u00e0 vis relativement rotatifs transporte les graines de melon des deux c\u00f4t\u00e9s de la machine\u00a0;<\/li>    <li>Sous l'action du v\u00e9rin spiral\u00e9 et de l'arbre d'arrachage des vignes. La machine s\u00e9pare et coupe les vignes et les branches de mauvaises herbes ;<\/li>    <li>Le cylindre d'huile soul\u00e8vera le tracteur lorsqu'il se retournera\u00a0;<\/li>    <li>Gr\u00e2ce \u00e0 deux cycles d'op\u00e9ration, les graines de melon transport\u00e9es des deux c\u00f4t\u00e9s sont collect\u00e9es en rang\u00e9es\u00a0;<\/li>    <li>Dans le cadre de l'action ci-dessus, il ach\u00e8ve les op\u00e9rations d'arrachage des vignes, de convoyage, de formation de bandes et de collecte des graines de melons.<\/li> <\/ol>    <h2 class=\"wp-block-heading\">Quels sont les avantages d\u2019un ramasseur de citrouilles ?<\/h2>    <ol class=\"wp-block-list\"> <li>Nous utilisons de l'acier de haute qualit\u00e9 pour souder le collecteur de citrouilles. La machine a donc une structure raisonnable, solide et durable.<\/li>    <li>Le cylindre en spirale unique permet d'enlever facilement les plantes telles que les vignes et les mauvaises herbes, et l'efficacit\u00e9 du travail est \u00e9lev\u00e9e.<\/li>    <li>Nous utilisons \u00e9galement des matrices sp\u00e9ciales pour emboutir les pi\u00e8ces en t\u00f4le. Et nous adoptons la structure en forme de pression et en forme d'arc, qui pr\u00e9sente les caract\u00e9ristiques de robustesse et de dext\u00e9rit\u00e9.<\/li>    <li>Utilisation d'acier de haute qualit\u00e9 pour fabriquer le syst\u00e8me d'arbre. Et traitez-les int\u00e9gralement apr\u00e8s assemblage et soudage, avec une grande pr\u00e9cision.<\/li>    <li>Adoptez des roulements et des pi\u00e8ces standard de haute qualit\u00e9 pour garantir la fiabilit\u00e9 de l\u2019ensemble de la machine.<\/li>    <li>Les pi\u00e8ces et composants du m\u00eame mod\u00e8le et de la m\u00eame cat\u00e9gorie sont interchangeables et faciles \u00e0 remplacer.<\/li>    <li>Il adopte une m\u00e9thode de connexion flexible avec la partie puissance, qui offre une meilleure adaptabilit\u00e9 au sol.<\/li>    <li>La structure sp\u00e9ciale de la roue de support arri\u00e8re est facile \u00e0 utiliser et l\u00e9g\u00e8re \u00e0 marcher.<\/li> <\/ol>    <h2 class=\"wp-block-heading\">Pr\u00e9cautions d'utilisation et de fonctionnement de la machine de collecte de citrouilles<\/h2>    <ol class=\"wp-block-list\"> <li>La vitesse peut affecter consid\u00e9rablement la qualit\u00e9 des graines, veuillez op\u00e9rer \u00e0 une vitesse de 2 km\/h \u00e0 5 km\/h.<\/li>    <li>Lors du nettoyage ou de l'entretien des outils, le tracteur doit \u00eatre arr\u00eat\u00e9 et l'arbre de transmission compl\u00e8tement arr\u00eat\u00e9 avant de continuer.<\/li>    <li>Faites toujours attention aux conditions de travail lorsque le syst\u00e8me de levage hydraulique du tracteur est abaiss\u00e9 au point le plus bas, sinon l'outil pourrait \u00eatre suspendu et les performances de l'outil seraient r\u00e9duites\u00a0;<\/li>    <li>Si le sol est irr\u00e9gulier ou trop collant, r\u00e9duisez de mani\u00e8re appropri\u00e9e la pression des pneus du tracteur pour am\u00e9liorer la stabilit\u00e9 de l'op\u00e9ration.<\/li>    <li>Si la surface est recouverte de beaucoup de d\u00e9bris ou de rhizomes, faites toujours attention au nettoyage pour \u00e9viter qu'ils ne s'emm\u00ealent.<\/li>    <li>Nettoyez r\u00e9guli\u00e8rement l'enchev\u00eatrement de chaque arbre de la machine pour \u00e9viter tout blocage, afin de ne pas affecter l'effet d'utilisation\u00a0;<\/li>    <li>Ne reculez pas lorsque la machine tombe sur le sol, car cela pourrait endommager la machine.<\/li>    <li>Une fois le v\u00e9hicule en marche arri\u00e8re, descendez imm\u00e9diatement du v\u00e9hicule et v\u00e9rifiez toutes les pi\u00e8ces de la machine de collecte de citrouilles.<\/li>    <li>Lors du virage, l'outil doit \u00eatre suspendu.<\/li>    <li>Pendant le fonctionnement ou le transport, en cas d'appels anormaux, de jets de pierres, de jets de terre, etc., arr\u00eatez-vous imm\u00e9diatement et recherchez-en les raisons.<\/li> <\/ol>","protected":false},"excerpt":{"rendered":"<p>La machine de collecte de citrouilles est un \u00e9quipement qui peut collecter des graines de melons, des citrouilles, des courges, etc. La machine peut effectuer plusieurs op\u00e9rations telles que casser les vignes, collecter et former des bandes.<\/p>","protected":false},"author":1,"featured_media":4037,"parent":0,"template":"","tags":[],"product-type":[128],"class_list":["post-3334","product","type-product","status-publish","has-post-thumbnail","hentry","product-type-harvester"],"_links":{"self":[{"href":"https:\/\/taizyfarmequipment.com\/fr\/wp-json\/wp\/v2\/product\/3334","targetHints":{"allow":["GET"]}}],"collection":[{"href":"https:\/\/taizyfarmequipment.com\/fr\/wp-json\/wp\/v2\/product"}],"about":[{"href":"https:\/\/taizyfarmequipment.com\/fr\/wp-json\/wp\/v2\/types\/product"}],"author":[{"embeddable":true,"href":"https:\/\/taizyfarmequipment.com\/fr\/wp-json\/wp\/v2\/users\/1"}],"wp:featuredmedia":[{"embeddable":true,"href":"https:\/\/taizyfarmequipment.com\/fr\/wp-json\/wp\/v2\/media\/4037"}],"wp:attachment":[{"href":"https:\/\/taizyfarmequipment.com\/fr\/wp-json\/wp\/v2\/media?parent=3334"}],"wp:term":[{"taxonomy":"post_tag","embeddable":true,"href":"https:\/\/taizyfarmequipment.com\/fr\/wp-json\/wp\/v2\/tags?post=3334"},{"taxonomy":"product-type","embeddable":true,"href":"https:\/\/taizyfarmequipment.com\/fr\/wp-json\/wp\/v2\/product-type?post=3334"}],"curies":[{"name":"wp","href":"https:\/\/api.w.org\/{rel}","templated":true}]}}