{"id":3337,"date":"2022-05-06T10:28:24","date_gmt":"2022-05-06T10:28:24","guid":{"rendered":"https:\/\/taizyfarmequipment.com\/?post_type=product&#038;p=3337"},"modified":"2025-11-26T17:02:07","modified_gmt":"2025-11-26T09:02:07","slug":"petite-fraiseuse-a-riz","status":"publish","type":"product","link":"https:\/\/taizyfarmequipment.com\/fr\/product\/small-rice-milling-machine\/","title":{"rendered":"Petite fraiseuse \u00e0 riz | Moulin \u00e0 riz domestique avec broyeur"},"content":{"rendered":"<div class=\"kk-star-ratings kksr-auto kksr-align-left kksr-valign-top\"     data-payload='{&quot;align&quot;:&quot;left&quot;,&quot;id&quot;:&quot;3337&quot;,&quot;slug&quot;:&quot;default&quot;,&quot;valign&quot;:&quot;top&quot;,&quot;ignore&quot;:&quot;&quot;,&quot;reference&quot;:&quot;auto&quot;,&quot;class&quot;:&quot;&quot;,&quot;count&quot;:&quot;30&quot;,&quot;legendonly&quot;:&quot;&quot;,&quot;readonly&quot;:&quot;&quot;,&quot;score&quot;:&quot;4.8&quot;,&quot;starsonly&quot;:&quot;&quot;,&quot;best&quot;:&quot;5&quot;,&quot;gap&quot;:&quot;5&quot;,&quot;greet&quot;:&quot;Rate this product&quot;,&quot;legend&quot;:&quot;4.8\\\/5 - (30 votes)&quot;,&quot;size&quot;:&quot;24&quot;,&quot;title&quot;:&quot;Small rice milling machine | Household rice mill with grinder&quot;,&quot;width&quot;:&quot;136.7&quot;,&quot;_legend&quot;:&quot;{score}\\\/{best} - ({count} {votes})&quot;,&quot;font_factor&quot;:&quot;1.25&quot;}'>              <div class=\"kksr-stars\">      <div class=\"kksr-stars-inactive\">             <div class=\"kksr-star\" data-star=\"1\" style=\"padding-right: 5px\">               <div class=\"kksr-icon\" style=\"width: 24px; height: 24px;\"><\/div>         <\/div>             <div class=\"kksr-star\" data-star=\"2\" style=\"padding-right: 5px\">               <div class=\"kksr-icon\" style=\"width: 24px; height: 24px;\"><\/div>         <\/div>             <div class=\"kksr-star\" data-star=\"3\" style=\"padding-right: 5px\">               <div class=\"kksr-icon\" style=\"width: 24px; height: 24px;\"><\/div>         <\/div>             <div class=\"kksr-star\" data-star=\"4\" style=\"padding-right: 5px\">               <div class=\"kksr-icon\" style=\"width: 24px; height: 24px;\"><\/div>         <\/div>             <div class=\"kksr-star\" data-star=\"5\" style=\"padding-right: 5px\">               <div class=\"kksr-icon\" style=\"width: 24px; height: 24px;\"><\/div>         <\/div>     <\/div>      <div class=\"kksr-stars-active\" style=\"width: 136.7px;\">             <div class=\"kksr-star\" style=\"padding-right: 5px\">               <div class=\"kksr-icon\" style=\"width: 24px; height: 24px;\"><\/div>         <\/div>             <div class=\"kksr-star\" style=\"padding-right: 5px\">               <div class=\"kksr-icon\" style=\"width: 24px; height: 24px;\"><\/div>         <\/div>             <div class=\"kksr-star\" style=\"padding-right: 5px\">               <div class=\"kksr-icon\" style=\"width: 24px; height: 24px;\"><\/div>         <\/div>             <div class=\"kksr-star\" style=\"padding-right: 5px\">               <div class=\"kksr-icon\" style=\"width: 24px; height: 24px;\"><\/div>         <\/div>             <div class=\"kksr-star\" style=\"padding-right: 5px\">               <div class=\"kksr-icon\" style=\"width: 24px; height: 24px;\"><\/div>         <\/div>     <\/div> <\/div>                   <div class=\"kksr-legend\" style=\"font-size: 19.2px;\">             4,8\/5 - (30 votes)    <\/div>     <\/div>  <p>La petite fraiseuse \u00e0 riz est un appareil qui peut transformer le riz brun en riz. Avec l'am\u00e9lioration progressive du niveau de vie, les gens imposent des exigences plus \u00e9lev\u00e9es en mati\u00e8re de qualit\u00e9 du riz, ce qui entra\u00eene une am\u00e9lioration rapide du processus de mouture du riz. La production du petit moulin \u00e0 riz convient \u00e0 un usage domestique ou aux petits ateliers, petites usines, etc. <\/p>    <p>La petite fraiseuse \u00e0 riz pr\u00e9sente les caract\u00e9ristiques d'une petite taille, d'une vitesse \u00e9lev\u00e9e, d'un fonctionnement pratique, facile \u00e0 d\u00e9placer et \u00e0 faible bruit. Lorsque nous utilisons la fraiseuse \u00e0 riz, nous pouvons ajuster le degr\u00e9 de mouture du riz de la machine en fonction de nos propres besoins. De cette fa\u00e7on, les gens peuvent obtenir du riz comme pr\u00e9vu. Le riz trait\u00e9 est blanc et exempt d'impuret\u00e9s et peut \u00eatre vendu directement.<\/p>    <figure class=\"wp-block-embed is-type-video is-provider-youtube wp-block-embed-youtube wp-embed-aspect-16-9 wp-has-aspect-ratio\"><div class=\"wp-block-embed__wrapper\"> <iframe loading=\"lazy\" title=\"Meilleure fraiseuse de riz pour petites fermes #farming #agriculture #rice #ricemill\" width=\"500\" height=\"281\" src=\"https:\/\/www.youtube.com\/embed\/ZTTRcMJv0qY?feature=oembed\" frameborder=\"0\" allow=\"accelerometer; autoplay; clipboard-write; encrypted-media; gyroscope; picture-in-picture; web-share\" referrerpolicy=\"strict-origin-when-cross-origin\" allowfullscreen><\/iframe> <\/div><figcaption class=\"wp-element-caption\">Vid\u00e9o de travail d'une petite fraiseuse \u00e0 riz<\/figcaption><\/figure>    <h2 class=\"wp-block-heading\" id=\"h-introduction-of-small-rice-milling-machine\">Introduction d'une petite fraiseuse \u00e0 riz<\/h2>    <p>Nos petits moulins \u00e0 riz produits par Taizy ont diff\u00e9rents styles et peuvent r\u00e9pondre aux besoins de diff\u00e9rents clients. Par cons\u00e9quent, en plus de la fonction de broyage du riz, nous pouvons \u00e9galement \u00e9quiper la fraiseuse \u00e0 riz des fonctions de broyage des grains, de battage, d'\u00e9limination des pierres et de criblage. Il r\u00e9alise v\u00e9ritablement une machine polyvalente et \u00e9conomise de l\u2019\u00e9nergie. Dans le m\u00eame temps, les clients peuvent \u00e9galement exercer diverses activit\u00e9s et r\u00e9aliser davantage de b\u00e9n\u00e9fices. <\/p>    <p>Concernant la mati\u00e8re premi\u00e8re \u00e0 transformer, on peut utiliser soit du riz \u00e0 grains ronds, soit du riz \u00e0 grains longs. Par cons\u00e9quent, ils peuvent g\u00e9rer le riz courant sur le march\u00e9 et les clients peuvent l\u2019utiliser en toute confiance. Cette machine a \u00e9t\u00e9 bien accueillie par de nombreux pays et nous l'avons export\u00e9e au Royaume-Uni, au Ghana, au Burkina Faso, au Nigeria, en Zambie, au Congo, etc. <\/p>    <p class=\"translation-block\">En plus de cette machine, nous proposons \u00e9galement une <a href=\"https:\/\/taizyfarmequipment.com\/fr\/produit-2\/machine-a-decortiquer-le-riz-automatique-de-15-tonnes\/\">ligne de meunerie de riz de grande capacit\u00e9<\/a> capable de traiter de gros volumes de riz. La ligne de production est un \u00e9quipement plus intelligent et enti\u00e8rement automatique, ce qui permet d'\u00e9conomiser beaucoup de main-d'\u0153uvre et de temps. Cet article pr\u00e9sente diff\u00e9rentes formes de moulins \u00e0 riz.<\/p>    <figure class=\"wp-block-gallery has-nested-images columns-default is-cropped wp-block-gallery-2 is-layout-flex wp-block-gallery-is-layout-flex\"> <figure class=\"wp-block-image size-large\"><img loading=\"lazy\" decoding=\"async\" width=\"720\" height=\"540\" data-id=\"3350\" src=\"https:\/\/taizyfarmequipment.com\/wp-content\/uploads\/2022\/05\/4-1.jpg\" alt=\"petite fraiseuse \u00e0 riz\" class=\"wp-image-3350\" title=\"petite fraiseuse \u00e0 riz\"\/><figcaption class=\"wp-element-caption\">petite fraiseuse \u00e0 riz<\/figcaption><\/figure>    <figure class=\"wp-block-image size-large\"><img loading=\"lazy\" decoding=\"async\" width=\"720\" height=\"540\" data-id=\"3351\" src=\"https:\/\/taizyfarmequipment.com\/wp-content\/uploads\/2022\/05\/5-1.jpg\" alt=\" fraiseuse \u00e0 riz\" class=\"wp-image-3351\" title=\" fraiseuse \u00e0 riz\"\/><figcaption class=\"wp-element-caption\"> fraiseuse \u00e0 riz<\/figcaption><\/figure>    <figure class=\"wp-block-image size-large\"><img loading=\"lazy\" decoding=\"async\" width=\"720\" height=\"540\" data-id=\"3352\" src=\"https:\/\/taizyfarmequipment.com\/wp-content\/uploads\/2022\/05\/2-1.jpg\" alt=\"mini moulin \u00e0 riz\" class=\"wp-image-3352\" title=\"mini moulin \u00e0 riz\"\/><figcaption class=\"wp-element-caption\">mini moulin \u00e0 riz<\/figcaption><\/figure> <\/figure>    <h2 class=\"wp-block-heading\">La port\u00e9e du moulin \u00e0 riz domestique avec broyeur<\/h2>    <p>Ce moulin \u00e0 riz convient aux familles, aux fermes, aux magasins de m\u00e9decine chinoise, aux fermes, aux ranchs, aux usines de poisson, aux usines d'aliments pour animaux, aux petits moulins \u00e0 riz, etc. Il peut traiter le riz, le ma\u00efs, le soja, le haricot mungo, le bl\u00e9, la m\u00e9decine traditionnelle chinoise et autres mati\u00e8res premi\u00e8res.<\/p>    <h2 class=\"wp-block-heading\">Type 1\u00a0: Petite fraiseuse \u00e0 riz<\/h2>    <p>Ce type de fraiseuse \u00e0 riz n'a qu'une seule fonction de moudre le riz et n'a aucune autre fonction suppl\u00e9mentaire. La puissance de la machine est le moteur. Nous pouvons ajuster le degr\u00e9 de mouture du riz de la machine en ajustant la vis \u00e0 l'avant de la machine. <\/p>    <p>Le moulin \u00e0 riz g\u00e9n\u00e8re de la chaleur pendant la mouture du riz, de sorte que l'\u00e9cran est fabriqu\u00e9 dans un mat\u00e9riau r\u00e9sistant \u00e0 la chaleur et a une dur\u00e9e de vie plus longue.<\/p>    <figure class=\"wp-block-gallery has-nested-images columns-default is-cropped wp-block-gallery-3 is-layout-flex wp-block-gallery-is-layout-flex\"> <figure class=\"wp-block-image size-large\"><img loading=\"lazy\" decoding=\"async\" width=\"720\" height=\"540\" data-id=\"3345\" src=\"https:\/\/taizyfarmequipment.com\/wp-content\/uploads\/2022\/05\/3.jpg\" alt=\"meunier de riz\" class=\"wp-image-3345\" title=\"meunier de riz\"\/><figcaption class=\"wp-element-caption\">meunier de riz<\/figcaption><\/figure>    <figure class=\"wp-block-image size-large\"><img loading=\"lazy\" decoding=\"async\" width=\"720\" height=\"540\" data-id=\"3344\" src=\"https:\/\/taizyfarmequipment.com\/wp-content\/uploads\/2022\/05\/4.jpg\" alt=\"moulin \u00e0 riz domestique\" class=\"wp-image-3344\" title=\"moulin \u00e0 riz domestique\"\/><figcaption class=\"wp-element-caption\">moulin \u00e0 riz domestique<\/figcaption><\/figure> <\/figure>    <h3 class=\"wp-block-heading\">La structure du moulin \u00e0 riz<\/h3>    <p>La fraiseuse \u00e0 riz est de structure simple, pratique \u00e0 utiliser, permet de gagner du temps et de travailler. Il comprend principalement un support, une tr\u00e9mie d'alimentation, une alimentation \u00e9lectrique, une chambre de broyage du riz, une vis de r\u00e9glage, un port de d\u00e9charge, un tamis, etc.<\/p>    <figure class=\"wp-block-image size-full\"><img loading=\"lazy\" decoding=\"async\" width=\"720\" height=\"540\" src=\"https:\/\/taizyfarmequipment.com\/wp-content\/uploads\/2022\/05\/combined-mini-rice-mill.jpg\" alt=\"mini moulin \u00e0 riz combin\u00e9\" class=\"wp-image-3357\" title=\"mini moulin \u00e0 riz combin\u00e9\"\/><figcaption class=\"wp-element-caption\">mini moulin \u00e0 riz combin\u00e9<\/figcaption><\/figure>    <h2 class=\"wp-block-heading\">Type 2 : Moulin \u00e0 riz avec broyeur<\/h2>    <p>En plus de moudre le riz, ce type de moulin \u00e0 riz peut \u00e9galement moudre toutes sortes de grains. Ce mod\u00e8le de machine a une fonction de d\u00e9chiquetage de plus que le type 1. La partie pulv\u00e9risation de ce type est diff\u00e9rente, l'une est de type griffe et l'autre est \u00e0 la fois broyante et battante. Les clients peuvent choisir des machines en fonction de leurs besoins. La puissance de ce type de machine est aussi le moteur.<\/p>    <figure class=\"wp-block-gallery has-nested-images columns-default is-cropped wp-block-gallery-4 is-layout-flex wp-block-gallery-is-layout-flex\"> <figure class=\"wp-block-image size-large\"><img loading=\"lazy\" decoding=\"async\" width=\"720\" height=\"540\" data-id=\"3347\" src=\"https:\/\/taizyfarmequipment.com\/wp-content\/uploads\/2022\/05\/5.jpg\" alt=\"moulin \u00e0 riz avec broyeur\" class=\"wp-image-3347\" title=\"moulin \u00e0 riz avec broyeur\"\/><figcaption class=\"wp-element-caption\">moulin \u00e0 riz avec broyeur<\/figcaption><\/figure>    <figure class=\"wp-block-image size-large\"><img loading=\"lazy\" decoding=\"async\" width=\"720\" height=\"540\" data-id=\"3346\" src=\"https:\/\/taizyfarmequipment.com\/wp-content\/uploads\/2022\/05\/6.jpg\" alt=\"moulin \u00e0 riz avec broyeur\" class=\"wp-image-3346\" title=\"moulin \u00e0 riz avec broyeur\"\/><figcaption class=\"wp-element-caption\">moulin \u00e0 riz avec broyeur<\/figcaption><\/figure> <\/figure>    <h3 class=\"wp-block-heading\">La structure de la petite machine \u00e0 riz<\/h3>    <p>La fraiseuse \u00e0 riz comprend principalement un support, une tr\u00e9mie d'alimentation, une alimentation, une chambre de broyage du riz, un dispositif de concassage, un dispositif de broyage et de battage, une vis de r\u00e9glage, un orifice de d\u00e9charge, un tamis, etc.<\/p>    <figure class=\"wp-block-image size-full\"><img loading=\"lazy\" decoding=\"async\" width=\"720\" height=\"540\" src=\"https:\/\/taizyfarmequipment.com\/wp-content\/uploads\/2022\/05\/rice-mill-machine-with-grinder.jpg\" alt=\"moulin \u00e0 riz avec broyeur\" class=\"wp-image-3356\" title=\"moulin \u00e0 riz avec broyeur\"\/><figcaption class=\"wp-element-caption\">moulin \u00e0 riz avec broyeur<\/figcaption><\/figure>    <h2 class=\"wp-block-heading\">Type 3 : Moulin \u00e0 riz avec d\u00e9noyauteur et tamis vibrant<\/h2>    <p>Ce mod\u00e8le de moulin \u00e0 riz se pr\u00e9sente sous de nombreuses formes, nous pouvons l'\u00e9quiper d'un d\u00e9noyauteur, d'un tamis vibrant et d'un broyeur. Ces fonctions suppl\u00e9mentaires que les clients peuvent choisir en fonction de leurs besoins, et nous pouvons \u00e9galement personnaliser la machine. Le d\u00e9noyauteur peut \u00e9liminer les cailloux, le sable et autres impuret\u00e9s contenues dans le riz non trait\u00e9. Cela peut r\u00e9duire les dommages caus\u00e9s au moulin \u00e0 riz et prolonger sa dur\u00e9e de vie. <\/p>    <p>La fonction du tamis vibrant est de filtrer les brisures de riz contenues dans le riz blanchi. Le riz restant apr\u00e8s tamisage est un produit fini complet, blanc et beau. Le moulin \u00e0 riz peut ajouter trois fonctions en m\u00eame temps : une machine \u00e0 enlever les pierres, un tamis vibrant et un pulv\u00e9risateur. Ce mod\u00e8le de fraiseuse \u00e0 riz r\u00e9alise v\u00e9ritablement une machine polyvalente.<\/p>    <figure class=\"wp-block-gallery has-nested-images columns-default is-cropped wp-block-gallery-5 is-layout-flex wp-block-gallery-is-layout-flex\"> <figure class=\"wp-block-image size-large\"><img loading=\"lazy\" decoding=\"async\" width=\"720\" height=\"540\" data-id=\"3349\" src=\"https:\/\/taizyfarmequipment.com\/wp-content\/uploads\/2022\/05\/1.jpg\" alt=\"\" class=\"wp-image-3349\"\/><\/figure>    <figure class=\"wp-block-image size-large\"><img loading=\"lazy\" decoding=\"async\" width=\"720\" height=\"540\" data-id=\"3348\" src=\"https:\/\/taizyfarmequipment.com\/wp-content\/uploads\/2022\/05\/2.jpg\" alt=\"\" class=\"wp-image-3348\"\/><\/figure> <\/figure>    <h3 class=\"wp-block-heading\">Structure de la fraiseuse \u00e0 riz multifonctionnelle<\/h3>    <p>La fraiseuse \u00e0 riz multifonction comprend principalement un support, une entr\u00e9e, une alimentation, une chambre de broyage du riz, un dispositif de concassage, un dispositif de broyage et de battage, une vis de r\u00e9glage, un orifice de d\u00e9charge, un tamis, un extracteur de pierre, un vibrateur. \u00e9cran, etc<\/p>    <figure class=\"wp-block-image size-full\"><img loading=\"lazy\" decoding=\"async\" width=\"720\" height=\"540\" src=\"https:\/\/taizyfarmequipment.com\/wp-content\/uploads\/2022\/05\/modern-rice-mill-machinery.jpg\" alt=\"machines modernes de moulin \u00e0 riz\" class=\"wp-image-3355\" title=\"machines modernes de moulin \u00e0 riz\"\/><figcaption class=\"wp-element-caption\">machines modernes de moulin \u00e0 riz<\/figcaption><\/figure>    <h2 class=\"wp-block-heading\">Param\u00e8tres de la fraiseuse \u00e0 riz multifonctionnelle<\/h2>    <figure class=\"wp-block-table\"><table><tbody><tr><td>Nom du produit&nbsp;<\/td><td>Machine combin\u00e9e plus crible vibrant&nbsp;<\/td><\/tr><tr><td>Num\u00e9ro de mod\u00e8le.&nbsp;<\/td><td>6N40C-9FZ21<\/td><\/tr><tr><td>Fr\u00e9quence des vibrations<\/td><td>484 battements\/min<\/td><\/tr><tr><td>Les fonctions&nbsp;<\/td><td>Moulin \u00e0 riz\/moulin \u00e0 farine\/s\u00e9parateur de riz cass\u00e9<\/td><\/tr><tr><td>Moteur entra\u00een\u00e9<\/td><td>Moteur 3CV<\/td><\/tr><tr><td>D\u00e9tails du moteur<\/td><td>220 V, 50 Hz, monophas\u00e9, cuivre&nbsp;<\/td><\/tr><tr><td>riz cass\u00e9 tarif s\u00e9par\u00e9<\/td><td>90-93%<\/td><\/tr><tr><td>Capacit\u00e9&nbsp;<\/td><td>150kg\/heure<\/td><\/tr><\/tbody><\/table><figcaption class=\"wp-element-caption\">Param\u00e8tre de la fraiseuse \u00e0 riz multifonctionnelle<\/figcaption><\/figure>    <h2 class=\"wp-block-heading\">Principe de fonctionnement du moulin \u00e0 riz domestique <\/h2>    <figure class=\"wp-block-image size-full\"><img loading=\"lazy\" decoding=\"async\" width=\"720\" height=\"540\" src=\"https:\/\/taizyfarmequipment.com\/wp-content\/uploads\/2022\/05\/Small-rice-milling-machine-details.webp\" alt=\"D\u00e9tails de la petite fraiseuse \u00e0 riz\" class=\"wp-image-4545\" srcset=\"https:\/\/taizyfarmequipment.com\/wp-content\/uploads\/2022\/05\/Small-rice-milling-machine-details.webp 720w, https:\/\/taizyfarmequipment.com\/wp-content\/uploads\/2022\/05\/Small-rice-milling-machine-details-300x225.webp 300w, https:\/\/taizyfarmequipment.com\/wp-content\/uploads\/2022\/05\/Small-rice-milling-machine-details-16x12.webp 16w\" sizes=\"auto, (max-width: 720px) 100vw, 720px\" \/><figcaption class=\"wp-element-caption\">D\u00e9tails de la petite fraiseuse \u00e0 riz<\/figcaption><\/figure>    <p>Le moulin \u00e0 riz utilise principalement la force m\u00e9canique pour peler et blanchir le riz brun. Le riz brun entre dans le dispositif de broyage du riz depuis la tr\u00e9mie d'alimentation via le m\u00e9canisme de r\u00e9gulation de d\u00e9bit. Ensuite, la t\u00eate de vis envoie le riz brun au rouleau de broyage du riz, et le riz suit le rouleau de pon\u00e7age en spirale.<\/p>    <p>Au cours de ce processus, les rouleaux de sable frotteront le riz brun et, en m\u00eame temps, il y aura une friction entre les grains de riz et entre les grains de riz et le tamis \u00e0 riz. Finalement, le riz brun devient du riz. <\/p>    <p>En m\u00eame temps, la poudre de son sera battue et les grains de riz seront \u00e9limin\u00e9s par pulv\u00e9risation d'air, et les trous de tamis seront exclus. Au final, nous aurons un riz propre et beau.<\/p>    <h2 class=\"wp-block-heading\">Quels sont les avantages du moulin \u00e0 riz multifonction ?<\/h2>    <figure class=\"wp-block-image size-full\"><img loading=\"lazy\" decoding=\"async\" width=\"720\" height=\"540\" src=\"https:\/\/taizyfarmequipment.com\/wp-content\/uploads\/2022\/05\/Small-rice-milling-machine-for-business.webp\" alt=\"Petite fraiseuse \u00e0 riz pour entreprise\" class=\"wp-image-4546\" srcset=\"https:\/\/taizyfarmequipment.com\/wp-content\/uploads\/2022\/05\/Small-rice-milling-machine-for-business.webp 720w, https:\/\/taizyfarmequipment.com\/wp-content\/uploads\/2022\/05\/Small-rice-milling-machine-for-business-300x225.webp 300w, https:\/\/taizyfarmequipment.com\/wp-content\/uploads\/2022\/05\/Small-rice-milling-machine-for-business-16x12.webp 16w\" sizes=\"auto, (max-width: 720px) 100vw, 720px\" \/><figcaption class=\"wp-element-caption\">Petite fraiseuse \u00e0 riz pour entreprise<\/figcaption><\/figure>    <ul class=\"wp-block-list\"> <li>Structure simple et op\u00e9ration facile. Les gens n\u2019ont pas besoin d\u2019apprendre \u00e0 faire fonctionner le moulin \u00e0 riz, il leur suffit de le voir une seule fois pour le faire fonctionner. L'op\u00e9ration par une seule personne permet d'\u00e9conomiser du temps et des efforts.<\/li>    <li>Les fraiseuses \u00e0 riz domestiques sont petites en taille et en poids, et faciles \u00e0 d\u00e9placer, de sorte que les gens peuvent moudre le riz n'importe o\u00f9.<\/li>    <li>La fraiseuse \u00e0 riz a peu de vibrations pendant le travail, elle ne doit donc pas \u00eatre sp\u00e9cialement r\u00e9par\u00e9e.<\/li>    <li>Le moulin \u00e0 riz domestique a un bon effet d'\u00e9tanch\u00e9it\u00e9 et le d\u00e9versement de poussi\u00e8re est tr\u00e8s faible lorsque la machine fonctionne, ce qui est propre et hygi\u00e9nique.<\/li>    <li>L'effet de mouture du riz est bon, tout le riz <a href=\"https:\/\/en.wikipedia.org\/wiki\/Grain\" data-type=\"link\" data-id=\"https:\/\/en.wikipedia.org\/wiki\/Grain\" target=\"_blank\" rel=\"noopener\">c\u00e9r\u00e9ales<\/a> sont trait\u00e9s. Le taux de casse des grains de riz finis est faible et la qualit\u00e9 des produits finis est \u00e9lev\u00e9e.<\/li> <\/ul>    <h2 class=\"wp-block-heading\">Fraiseuse \u00e0 riz vendue au Nigeria<\/h2>    <p>Le client vient du Nigeria et laisse un message via notre site Web. Nos chefs d'entreprise communiquent avec les clients via WhatsApp. Apr\u00e8s communication, nous avons appris que le client souhaitait ouvrir un petit atelier de rizerie. <\/p>    <p>Nous recommandons des broyeurs et des broyeurs de riz en fonction des besoins sp\u00e9cifiques des clients. Finalement, le client a d\u00e9cid\u00e9 de commander deux machines int\u00e9gr\u00e9es de broyage et de broyage du riz. Voici le sch\u00e9ma d'emballage et de livraison de la machine.<\/p>    <figure class=\"wp-block-gallery has-nested-images columns-default is-cropped wp-block-gallery-6 is-layout-flex wp-block-gallery-is-layout-flex\"> <figure class=\"wp-block-image size-large\"><img loading=\"lazy\" decoding=\"async\" width=\"720\" height=\"540\" data-id=\"3341\" src=\"https:\/\/taizyfarmequipment.com\/wp-content\/uploads\/2022\/05\/wooden-case-packaging0.jpg\" alt=\"\" class=\"wp-image-3341\"\/><\/figure>    <figure class=\"wp-block-image size-large\"><img loading=\"lazy\" decoding=\"async\" width=\"720\" height=\"540\" data-id=\"3342\" src=\"https:\/\/taizyfarmequipment.com\/wp-content\/uploads\/2022\/05\/loading-of-the-maize-peller-machine0.jpg\" alt=\"\" class=\"wp-image-3342\"\/><\/figure>    <figure class=\"wp-block-image size-large\"><img loading=\"lazy\" decoding=\"async\" width=\"720\" height=\"540\" data-id=\"3343\" src=\"https:\/\/taizyfarmequipment.com\/wp-content\/uploads\/2022\/05\/shipping-of-the-machine0.jpg\" alt=\"\" class=\"wp-image-3343\"\/><\/figure> <\/figure>    <h2 class=\"wp-block-heading\">Contactez-nous!<\/h2>    <p>En conclusion, notre petite fraiseuse \u00e0 riz offre une solution compacte et efficace pour vos besoins de transformation du riz. Sa petite taille dissimule ses puissantes capacit\u00e9s, fournissant des r\u00e9sultats de fraisage de haute qualit\u00e9 tout en n\u00e9cessitant un minimum d'espace. <\/p>    <p>Avec un fonctionnement convivial et de faibles besoins d'entretien, notre petite fraiseuse \u00e0 riz est le choix parfait pour les petits producteurs de riz ou pour un usage domestique. <\/p>    <p>D\u00e9couvrez la commodit\u00e9, l'efficacit\u00e9 et la qualit\u00e9 que notre machine apporte \u00e0 vos op\u00e9rations de mouture du riz. Choisissez notre petite fraiseuse \u00e0 riz pour des performances fiables et des r\u00e9sultats exceptionnels.<\/p>    <figure class=\"wp-block-gallery has-nested-images columns-default is-cropped wp-block-gallery-7 is-layout-flex wp-block-gallery-is-layout-flex\"> <figure class=\"wp-block-image size-large\"><img loading=\"lazy\" decoding=\"async\" width=\"720\" height=\"540\" data-id=\"4547\" src=\"https:\/\/taizyfarmequipment.com\/wp-content\/uploads\/2022\/05\/Small-rice-milling-machine-for-sale.webp\" alt=\"Petite fraiseuse \u00e0 riz \u00e0 vendre\" class=\"wp-image-4547\" srcset=\"https:\/\/taizyfarmequipment.com\/wp-content\/uploads\/2022\/05\/Small-rice-milling-machine-for-sale.webp 720w, https:\/\/taizyfarmequipment.com\/wp-content\/uploads\/2022\/05\/Small-rice-milling-machine-for-sale-300x225.webp 300w, https:\/\/taizyfarmequipment.com\/wp-content\/uploads\/2022\/05\/Small-rice-milling-machine-for-sale-16x12.webp 16w\" sizes=\"auto, (max-width: 720px) 100vw, 720px\" \/><figcaption class=\"wp-element-caption\">Petite fraiseuse \u00e0 riz \u00e0 vendre<\/figcaption><\/figure>    <figure class=\"wp-block-image size-large\"><img loading=\"lazy\" decoding=\"async\" width=\"720\" height=\"540\" data-id=\"4548\" src=\"https:\/\/taizyfarmequipment.com\/wp-content\/uploads\/2022\/05\/Small-rice-milling-machine-stucture.webp\" alt=\"Structure de petite fraiseuse \u00e0 riz\" class=\"wp-image-4548\" srcset=\"https:\/\/taizyfarmequipment.com\/wp-content\/uploads\/2022\/05\/Small-rice-milling-machine-stucture.webp 720w, https:\/\/taizyfarmequipment.com\/wp-content\/uploads\/2022\/05\/Small-rice-milling-machine-stucture-300x225.webp 300w, https:\/\/taizyfarmequipment.com\/wp-content\/uploads\/2022\/05\/Small-rice-milling-machine-stucture-16x12.webp 16w\" sizes=\"auto, (max-width: 720px) 100vw, 720px\" \/><figcaption class=\"wp-element-caption\">Structure de petite fraiseuse \u00e0 riz<\/figcaption><\/figure> <\/figure>","protected":false},"excerpt":{"rendered":"<p>Une petite fraiseuse \u00e0 riz peut transformer le riz brun en riz. Le r\u00e9sultat est adapt\u00e9 \u00e0 un usage domestique, aux petits ateliers, etc. <\/p>","protected":false},"author":1,"featured_media":3340,"parent":0,"template":"","tags":[284,286,288,287,283],"product-type":[132],"class_list":["post-3337","product","type-product","status-publish","has-post-thumbnail","hentry","tag-household-rice-mill-with-grinder","tag-mini-rice-milling-machine","tag-multifunctional-rice-milling-machine","tag-rice-mill-with-stoner-and-vibrating-screen","tag-small-rice-milling-machine","product-type-rice-mill"],"_links":{"self":[{"href":"https:\/\/taizyfarmequipment.com\/fr\/wp-json\/wp\/v2\/product\/3337","targetHints":{"allow":["GET"]}}],"collection":[{"href":"https:\/\/taizyfarmequipment.com\/fr\/wp-json\/wp\/v2\/product"}],"about":[{"href":"https:\/\/taizyfarmequipment.com\/fr\/wp-json\/wp\/v2\/types\/product"}],"author":[{"embeddable":true,"href":"https:\/\/taizyfarmequipment.com\/fr\/wp-json\/wp\/v2\/users\/1"}],"wp:featuredmedia":[{"embeddable":true,"href":"https:\/\/taizyfarmequipment.com\/fr\/wp-json\/wp\/v2\/media\/3340"}],"wp:attachment":[{"href":"https:\/\/taizyfarmequipment.com\/fr\/wp-json\/wp\/v2\/media?parent=3337"}],"wp:term":[{"taxonomy":"post_tag","embeddable":true,"href":"https:\/\/taizyfarmequipment.com\/fr\/wp-json\/wp\/v2\/tags?post=3337"},{"taxonomy":"product-type","embeddable":true,"href":"https:\/\/taizyfarmequipment.com\/fr\/wp-json\/wp\/v2\/product-type?post=3337"}],"curies":[{"name":"wp","href":"https:\/\/api.w.org\/{rel}","templated":true}]}}