{"id":3359,"date":"2022-05-09T10:07:18","date_gmt":"2022-05-09T10:07:18","guid":{"rendered":"https:\/\/taizyfarmequipment.com\/?post_type=product&#038;p=3359"},"modified":"2022-11-10T17:45:12","modified_gmt":"2022-11-10T09:45:12","slug":"coupe-paille-et-broyeur-a-grains-combines","status":"publish","type":"product","link":"https:\/\/taizyfarmequipment.com\/fr\/product\/combined-straw-cutter-and-grain-grinder\/","title":{"rendered":"Coupe-paille et broyeur \u00e0 grains combin\u00e9s"},"content":{"rendered":"<div class=\"kk-star-ratings kksr-auto kksr-align-left kksr-valign-top\"     data-payload='{&quot;align&quot;:&quot;left&quot;,&quot;id&quot;:&quot;3359&quot;,&quot;slug&quot;:&quot;default&quot;,&quot;valign&quot;:&quot;top&quot;,&quot;ignore&quot;:&quot;&quot;,&quot;reference&quot;:&quot;auto&quot;,&quot;class&quot;:&quot;&quot;,&quot;count&quot;:&quot;7&quot;,&quot;legendonly&quot;:&quot;&quot;,&quot;readonly&quot;:&quot;&quot;,&quot;score&quot;:&quot;4.8&quot;,&quot;starsonly&quot;:&quot;&quot;,&quot;best&quot;:&quot;5&quot;,&quot;gap&quot;:&quot;5&quot;,&quot;greet&quot;:&quot;Rate this product&quot;,&quot;legend&quot;:&quot;4.8\\\/5 - (7 votes)&quot;,&quot;size&quot;:&quot;24&quot;,&quot;title&quot;:&quot;Combined straw cutter and grain grinder&quot;,&quot;width&quot;:&quot;136.7&quot;,&quot;_legend&quot;:&quot;{score}\\\/{best} - ({count} {votes})&quot;,&quot;font_factor&quot;:&quot;1.25&quot;}'>              <div class=\"kksr-stars\">      <div class=\"kksr-stars-inactive\">             <div class=\"kksr-star\" data-star=\"1\" style=\"padding-right: 5px\">               <div class=\"kksr-icon\" style=\"width: 24px; height: 24px;\"><\/div>         <\/div>             <div class=\"kksr-star\" data-star=\"2\" style=\"padding-right: 5px\">               <div class=\"kksr-icon\" style=\"width: 24px; height: 24px;\"><\/div>         <\/div>             <div class=\"kksr-star\" data-star=\"3\" style=\"padding-right: 5px\">               <div class=\"kksr-icon\" style=\"width: 24px; height: 24px;\"><\/div>         <\/div>             <div class=\"kksr-star\" data-star=\"4\" style=\"padding-right: 5px\">               <div class=\"kksr-icon\" style=\"width: 24px; height: 24px;\"><\/div>         <\/div>             <div class=\"kksr-star\" data-star=\"5\" style=\"padding-right: 5px\">               <div class=\"kksr-icon\" style=\"width: 24px; height: 24px;\"><\/div>         <\/div>     <\/div>      <div class=\"kksr-stars-active\" style=\"width: 136.7px;\">             <div class=\"kksr-star\" style=\"padding-right: 5px\">               <div class=\"kksr-icon\" style=\"width: 24px; height: 24px;\"><\/div>         <\/div>             <div class=\"kksr-star\" style=\"padding-right: 5px\">               <div class=\"kksr-icon\" style=\"width: 24px; height: 24px;\"><\/div>         <\/div>             <div class=\"kksr-star\" style=\"padding-right: 5px\">               <div class=\"kksr-icon\" style=\"width: 24px; height: 24px;\"><\/div>         <\/div>             <div class=\"kksr-star\" style=\"padding-right: 5px\">               <div class=\"kksr-icon\" style=\"width: 24px; height: 24px;\"><\/div>         <\/div>             <div class=\"kksr-star\" style=\"padding-right: 5px\">               <div class=\"kksr-icon\" style=\"width: 24px; height: 24px;\"><\/div>         <\/div>     <\/div> <\/div>                   <div class=\"kksr-legend\" style=\"font-size: 19.2px;\">             4,8\/5 - (7 votes)    <\/div>     <\/div>  <p>Le coupe-paille et le broyeur \u00e0 grains combin\u00e9s sont une machine agricole multifonctionnelle. Il s\u2019agit d\u2019une machine polyvalente qui peut remplir trois fonctions : couper la paille, d\u00e9chiqueter et moudre les grains. Par cons\u00e9quent, les agriculteurs peuvent utiliser une seule machine pour r\u00e9pondre aux besoins alimentaires du processus agricole. Il existe d\u00e9sormais diff\u00e9rents types de coupe-paille et de broyeurs sur le march\u00e9, et nous disposons \u00e9galement de ce type de machines. Et apr\u00e8s des recherches continues, nous avons produit une machine qui combine trois fonctions en une seule. C'est une bonne aide pour les agriculteurs pour pr\u00e9parer des aliments.<\/p>    <h2 class=\"wp-block-heading\">Introduction du coupe-paille et du broyeur \u00e0 grains combin\u00e9s<\/h2>    <p class=\"translation-block\">Notre <a href=\"https:\/\/www.agriculture-machine.com\/combined-chaff-cutter-and-grinder-straw-cutter-and-grain-grinder\/\" target=\"_blank\" rel=\"noopener\">combineuse de paille et broyeur de grains<\/a> peut \u00eatre \u00e9quip\u00e9e de deux types de motorisations : un moteur \u00e9lectrique et un moteur diesel. Les clients peuvent choisir selon leurs besoins. La machine peut traiter toutes sortes de fourrages, tels que la paille, l'herbe, le riz et la paille de bl\u00e9, et peut \u00e9galement broyer toutes sortes de grains. Les fourrages et grains trait\u00e9s peuvent \u00eatre utilis\u00e9s comme alimentation pour le b\u00e9tail ou stock\u00e9s. La guillotine et le broyeur sont faciles \u00e0 utiliser, efficaces et multifonctionnels, ce qui est appr\u00e9ci\u00e9 tant au niveau national qu'international. De plus, nous proposons \u00e9galement des <a href=\"https:\/\/taizyfarmequipment.com\/fr\/produit-2\/machine-de-broyeur-dherbe\/\">coupe-paille<\/a>, des <a href=\"https:\/\/taizyfarmequipment.com\/fr\/produit-2\/presse-a-balles-rondes-densilage\/\">presses \u00e0 balles de fourrage<\/a>, des <a href=\"https:\/\/taizyfarmequipment.com\/fr\/produit-2\/broyeur-a-marteaux\/\">broyeurs de grains<\/a>, etc.<\/p>    <figure class=\"wp-block-gallery has-nested-images columns-default is-cropped wp-block-gallery-2 is-layout-flex wp-block-gallery-is-layout-flex\"> <figure class=\"wp-block-image size-large\"><img loading=\"lazy\" decoding=\"async\" width=\"720\" height=\"540\" data-id=\"3364\" src=\"https:\/\/taizyfarmequipment.com\/wp-content\/uploads\/2022\/05\/chaff-cutter-and-grain-grinder.jpg\" alt=\"coupe-paille et broyeur \u00e0 grains\" class=\"wp-image-3364\" title=\"coupe-paille et broyeur \u00e0 grains\"\/><figcaption class=\"wp-element-caption\">coupe-paille et broyeur \u00e0 grains<\/figcaption><\/figure>    <figure class=\"wp-block-image size-large\"><img loading=\"lazy\" decoding=\"async\" width=\"720\" height=\"540\" data-id=\"3365\" src=\"https:\/\/taizyfarmequipment.com\/wp-content\/uploads\/2022\/05\/straw-cutter-1.jpg\" alt=\"coupe-paille\" class=\"wp-image-3365\" title=\"coupe-paille\"\/><figcaption class=\"wp-element-caption\">coupe-paille<\/figcaption><\/figure> <\/figure>    <h2 class=\"wp-block-heading\" id=\"h-the-scope-of-application-of-the-combined-chaff-cutter\">Le champ d'application du coupe-paille combin\u00e9<\/h2>    <p>Le coupe-paille et le broyeur \u00e0 grains combin\u00e9s peuvent traiter l'herbe et la paille mouill\u00e9es, telles que les tiges de ma\u00efs, les tiges de bl\u00e9, les vignes de patate douce, etc. Les c\u00e9r\u00e9ales, telles que le ma\u00efs, le bl\u00e9, etc., les \u00e9pis de ma\u00efs et les coquilles d'arachide peuvent \u00e9galement \u00eatre \u00e9cras\u00e9es par cette machine.<\/p>    <p>Les mati\u00e8res premi\u00e8res transform\u00e9es peuvent \u00eatre utilis\u00e9es pour \u00e9lever des chevaux, des bovins, des moutons, des canards, des poulets, des porcs, des lapins, etc.<\/p>    <figure class=\"wp-block-gallery has-nested-images columns-default is-cropped wp-block-gallery-3 is-layout-flex wp-block-gallery-is-layout-flex\"> <figure class=\"wp-block-image size-large\"><img loading=\"lazy\" decoding=\"async\" width=\"720\" height=\"540\" data-id=\"3361\" src=\"https:\/\/taizyfarmequipment.com\/wp-content\/uploads\/2022\/05\/raw-material-2.jpg\" alt=\"tige\" class=\"wp-image-3361\" title=\"tige \"\/><figcaption class=\"wp-element-caption\">tige<\/figcaption><\/figure>    <figure class=\"wp-block-image size-large\"><img loading=\"lazy\" decoding=\"async\" width=\"720\" height=\"540\" data-id=\"3362\" src=\"https:\/\/taizyfarmequipment.com\/wp-content\/uploads\/2022\/05\/raw-material-1.jpg\" alt=\"grain\" class=\"wp-image-3362\" title=\"grain\"\/><figcaption class=\"wp-element-caption\">grain<\/figcaption><\/figure> <\/figure>    <h2 class=\"wp-block-heading\">Structure du coupe-paille et du broyeur \u00e0 grains<\/h2>    <p>Ce coupe-paille et broyeur \u00e0 grains combin\u00e9s comprennent principalement un cadre, une entr\u00e9e de grain, une entr\u00e9e d'herbe, une manille, une sortie de d\u00e9chiquetage, une chambre de d\u00e9chiquetage, une guillotine et une chambre de d\u00e9chiquetage, des roues, etc.<\/p>    <figure class=\"wp-block-image size-full is-resized\"><img loading=\"lazy\" decoding=\"async\" src=\"https:\/\/taizyfarmequipment.com\/wp-content\/uploads\/2022\/05\/straw-cutter-and-grain-grinders-structure.jpg\" alt=\"structure du coupe-paille et du broyeur \u00e0 grains\" class=\"wp-image-3373\" width=\"720\" height=\"540\" title=\"structure du coupe-paille et du broyeur \u00e0 grains\"\/><figcaption class=\"wp-element-caption\">structure du coupe-paille et du broyeur \u00e0 grains<\/figcaption><\/figure>    <h2 class=\"wp-block-heading\">Param\u00e8tres du coupe-paille<\/h2>    <p>Nous avons deux mod\u00e8les de ce coupe-paille et broyeur \u00e0 grains combin\u00e9s, ils ont des puissances et des puissances diff\u00e9rentes, qui peuvent r\u00e9pondre aux diff\u00e9rents besoins des clients.<\/p>    <figure class=\"wp-block-table\"><table><tbody><tr><td>Mod\u00e8le<\/td><td>Pouvoir<\/td><td>Capacit\u00e9<\/td><td>Longueur de la lame<\/td><td>Quantit\u00e9 de lame<\/td><td>Taille globale<\/td><\/tr><tr><td>9ZRF-3.8<\/td><td>biphas\u00e9 4,5 kW, triphas\u00e9 3 kW<\/td><td>3800kg\/h<\/td><td>220*70*6mm<\/td><td>5<\/td><td>1700*1200*1500mm<\/td><\/tr><tr><td>9ZRF-4.8<\/td><td>biphas\u00e9 4,5 kW, triphas\u00e9 3 kW<\/td><td>4000kg\/heure<\/td><td>280*70*6mm<\/td><td>5<\/td><td>1950*1200*1800mm<\/td><\/tr><\/tbody><\/table><figcaption class=\"wp-element-caption\">param\u00e8tre du coupe-paillettes<\/figcaption><\/figure>    <h2 class=\"wp-block-heading\">Quels sont les avantages du coupe-herbe et du broyeur ?<\/h2>    <p>1. Le fourrage trait\u00e9 par le coupe-paille et le broyeur \u00e0 grains combin\u00e9s est doux, broy\u00e9 et d\u00e9licat, avec une bonne app\u00e9tence. Le b\u00e9tail se nourrit de mani\u00e8re \u00e9lev\u00e9e et m\u00e2che plus facilement, une meilleure digestion, ce qui am\u00e9liore \u00e9galement le taux d'utilisation des mati\u00e8res premi\u00e8res.<\/p>    <p>2. R\u00e9glable, nous pouvons ajuster la longueur du fourrage et la taille des particules de grains en ajustant la poign\u00e9e.<\/p>    <p>3. Le coupe-paille et le broyeur \u00e0 grains combin\u00e9s fonctionnent avec un corps stable, de bonnes performances, un rendement \u00e9lev\u00e9 et un faible bruit.<\/p>    <p>4. Adoptant un m\u00e9canisme avanc\u00e9 d'alimentation en herbe, une alimentation automatique, la cha\u00eene de transport n'emm\u00eale pas l'herbe, une alimentation en herbe douce et une productivit\u00e9 \u00e9lev\u00e9e.<\/p>    <p>5. Large application, peut g\u00e9rer toutes sortes d'herbes et de c\u00e9r\u00e9ales pour \u00e9lever toutes sortes de b\u00e9tail.<\/p>    <figure class=\"wp-block-gallery has-nested-images columns-default is-cropped wp-block-gallery-4 is-layout-flex wp-block-gallery-is-layout-flex\"> <figure class=\"wp-block-image size-large\"><img loading=\"lazy\" decoding=\"async\" width=\"720\" height=\"540\" data-id=\"3366\" src=\"https:\/\/taizyfarmequipment.com\/wp-content\/uploads\/2022\/05\/combined-staw-cutter-and-grain-grinder.jpg\" alt=\"Coupe-paille et broyeur \u00e0 grains combin\u00e9s \" class=\"wp-image-3366\" title=\"Coupe-paille et broyeur \u00e0 grains combin\u00e9s \"\/><figcaption class=\"wp-element-caption\">Coupe-paille et broyeur \u00e0 grains combin\u00e9s <\/figcaption><\/figure>    <figure class=\"wp-block-image size-large\"><img loading=\"lazy\" decoding=\"async\" width=\"720\" height=\"540\" data-id=\"3368\" src=\"https:\/\/taizyfarmequipment.com\/wp-content\/uploads\/2022\/05\/chaff-cutter.jpg\" alt=\"coupeur de paillettes\" class=\"wp-image-3368\" title=\"coupeur de paillettes\"\/><figcaption class=\"wp-element-caption\">coupeur de paillettes<\/figcaption><\/figure>    <figure class=\"wp-block-image size-large\"><img loading=\"lazy\" decoding=\"async\" width=\"720\" height=\"540\" data-id=\"3369\" src=\"https:\/\/taizyfarmequipment.com\/wp-content\/uploads\/2022\/05\/grass-chopper.jpg\" alt=\"coupe-herbe\" class=\"wp-image-3369\" title=\"coupe-herbe\"\/><figcaption class=\"wp-element-caption\">coupe-herbe<\/figcaption><\/figure> <\/figure>    <h2 class=\"wp-block-heading\">Pourquoi choisir notre machine \u00e0 couper, p\u00e9trir et broyer la paille ?<\/h2>    <p>1. Nous utilisons des mat\u00e9riaux de haute qualit\u00e9 pour toutes nos machines agricoles, de la production \u00e0 l'assemblage, et nous les prenons au s\u00e9rieux.<\/p>    <p>2. Service de haute qualit\u00e9. Nous recommanderons la bonne machine en fonction de la situation du client. Nous aidons en ligne ou hors ligne pour r\u00e9soudre divers probl\u00e8mes de nos clients.<\/p>    <p>3. Nos machines agricoles nouvellement con\u00e7ues peuvent r\u00e9pondre aux multiples besoins des clients.<\/p>    <p>4. Nous fournissons un service de garantie d'un an. Pendant la p\u00e9riode de garantie, nous aiderons les clients \u00e0 r\u00e9soudre divers probl\u00e8mes avec la machine.<\/p>    <figure class=\"wp-block-gallery has-nested-images columns-default is-cropped wp-block-gallery-5 is-layout-flex wp-block-gallery-is-layout-flex\"> <figure class=\"wp-block-image size-large\"><img loading=\"lazy\" decoding=\"async\" width=\"720\" height=\"540\" data-id=\"3370\" src=\"https:\/\/taizyfarmequipment.com\/wp-content\/uploads\/2022\/05\/factory.jpg\" alt=\"usine\" class=\"wp-image-3370\" title=\"usine\"\/><figcaption class=\"wp-element-caption\">usine<\/figcaption><\/figure>    <figure class=\"wp-block-image size-large\"><img loading=\"lazy\" decoding=\"async\" width=\"720\" height=\"540\" data-id=\"3371\" src=\"https:\/\/taizyfarmequipment.com\/wp-content\/uploads\/2022\/05\/5-2.jpg\" alt=\"machine de coupe d&#039;herbe\" class=\"wp-image-3371\" title=\"machine de coupe d&#039;herbe\"\/><figcaption class=\"wp-element-caption\">machine de coupe d'herbe<\/figcaption><\/figure> <\/figure>","protected":false},"excerpt":{"rendered":"<p>Le coupe-paille et le broyeur \u00e0 grains combin\u00e9s peuvent remplir trois fonctions\u00a0: couper la paille, d\u00e9chiqueter et moudre le grain. C'est une machine polyvalente.<\/p>","protected":false},"author":1,"featured_media":3363,"parent":0,"template":"","tags":[289,292,290,291,294,293],"product-type":[133],"class_list":["post-3359","product","type-product","status-publish","has-post-thumbnail","hentry","tag-chaff-cutter","tag-chopper-cutter","tag-combined-straw-cutter-and-grain-grinder","tag-grass-cutter","tag-hay-cutter","tag-straw-chaff-cutter","product-type-silage-machine"],"_links":{"self":[{"href":"https:\/\/taizyfarmequipment.com\/fr\/wp-json\/wp\/v2\/product\/3359","targetHints":{"allow":["GET"]}}],"collection":[{"href":"https:\/\/taizyfarmequipment.com\/fr\/wp-json\/wp\/v2\/product"}],"about":[{"href":"https:\/\/taizyfarmequipment.com\/fr\/wp-json\/wp\/v2\/types\/product"}],"author":[{"embeddable":true,"href":"https:\/\/taizyfarmequipment.com\/fr\/wp-json\/wp\/v2\/users\/1"}],"wp:featuredmedia":[{"embeddable":true,"href":"https:\/\/taizyfarmequipment.com\/fr\/wp-json\/wp\/v2\/media\/3363"}],"wp:attachment":[{"href":"https:\/\/taizyfarmequipment.com\/fr\/wp-json\/wp\/v2\/media?parent=3359"}],"wp:term":[{"taxonomy":"post_tag","embeddable":true,"href":"https:\/\/taizyfarmequipment.com\/fr\/wp-json\/wp\/v2\/tags?post=3359"},{"taxonomy":"product-type","embeddable":true,"href":"https:\/\/taizyfarmequipment.com\/fr\/wp-json\/wp\/v2\/product-type?post=3359"}],"curies":[{"name":"wp","href":"https:\/\/api.w.org\/{rel}","templated":true}]}}