{"id":3450,"date":"2022-05-30T09:48:22","date_gmt":"2022-05-30T09:48:22","guid":{"rendered":"https:\/\/taizyfarmequipment.com\/?post_type=product&#038;p=3450"},"modified":"2024-01-11T17:56:56","modified_gmt":"2024-01-11T09:56:56","slug":"coupe-herbe","status":"publish","type":"product","link":"https:\/\/taizyfarmequipment.com\/fr\/product\/grass-chaff-cutter\/","title":{"rendered":"Coupe-paille d'herbe \u4e28 Machine de coupe de fourrage"},"content":{"rendered":"<div class=\"kk-star-ratings kksr-auto kksr-align-left kksr-valign-top\"     data-payload='{&quot;align&quot;:&quot;left&quot;,&quot;id&quot;:&quot;3450&quot;,&quot;slug&quot;:&quot;default&quot;,&quot;valign&quot;:&quot;top&quot;,&quot;ignore&quot;:&quot;&quot;,&quot;reference&quot;:&quot;auto&quot;,&quot;class&quot;:&quot;&quot;,&quot;count&quot;:&quot;22&quot;,&quot;legendonly&quot;:&quot;&quot;,&quot;readonly&quot;:&quot;&quot;,&quot;score&quot;:&quot;4.6&quot;,&quot;starsonly&quot;:&quot;&quot;,&quot;best&quot;:&quot;5&quot;,&quot;gap&quot;:&quot;5&quot;,&quot;greet&quot;:&quot;Rate this product&quot;,&quot;legend&quot;:&quot;4.6\\\/5 - (22 votes)&quot;,&quot;size&quot;:&quot;24&quot;,&quot;title&quot;:&quot;Grass chaff cutter\u4e28Fodder cutter machine&quot;,&quot;width&quot;:&quot;130.9&quot;,&quot;_legend&quot;:&quot;{score}\\\/{best} - ({count} {votes})&quot;,&quot;font_factor&quot;:&quot;1.25&quot;}'>              <div class=\"kksr-stars\">      <div class=\"kksr-stars-inactive\">             <div class=\"kksr-star\" data-star=\"1\" style=\"padding-right: 5px\">               <div class=\"kksr-icon\" style=\"width: 24px; height: 24px;\"><\/div>         <\/div>             <div class=\"kksr-star\" data-star=\"2\" style=\"padding-right: 5px\">               <div class=\"kksr-icon\" style=\"width: 24px; height: 24px;\"><\/div>         <\/div>             <div class=\"kksr-star\" data-star=\"3\" style=\"padding-right: 5px\">               <div class=\"kksr-icon\" style=\"width: 24px; height: 24px;\"><\/div>         <\/div>             <div class=\"kksr-star\" data-star=\"4\" style=\"padding-right: 5px\">               <div class=\"kksr-icon\" style=\"width: 24px; height: 24px;\"><\/div>         <\/div>             <div class=\"kksr-star\" data-star=\"5\" style=\"padding-right: 5px\">               <div class=\"kksr-icon\" style=\"width: 24px; height: 24px;\"><\/div>         <\/div>     <\/div>      <div class=\"kksr-stars-active\" style=\"width: 130.9px;\">             <div class=\"kksr-star\" style=\"padding-right: 5px\">               <div class=\"kksr-icon\" style=\"width: 24px; height: 24px;\"><\/div>         <\/div>             <div class=\"kksr-star\" style=\"padding-right: 5px\">               <div class=\"kksr-icon\" style=\"width: 24px; height: 24px;\"><\/div>         <\/div>             <div class=\"kksr-star\" style=\"padding-right: 5px\">               <div class=\"kksr-icon\" style=\"width: 24px; height: 24px;\"><\/div>         <\/div>             <div class=\"kksr-star\" style=\"padding-right: 5px\">               <div class=\"kksr-icon\" style=\"width: 24px; height: 24px;\"><\/div>         <\/div>             <div class=\"kksr-star\" style=\"padding-right: 5px\">               <div class=\"kksr-icon\" style=\"width: 24px; height: 24px;\"><\/div>         <\/div>     <\/div> <\/div>                   <div class=\"kksr-legend\" style=\"font-size: 19.2px;\">             4,6\/5 - (22 votes)    <\/div>     <\/div>  <p>Le coupe-paille d'herbe est la machine de traitement de la paille auto-d\u00e9velopp\u00e9e par notre soci\u00e9t\u00e9. Il s'agit d'un nouveau type de machine de traitement d'aliments grossiers int\u00e9grant la d\u00e9coupe et le p\u00e9trissage. La machine pr\u00e9sente les caract\u00e9ristiques de performances avanc\u00e9es, d'une structure raisonnable et d'une large gamme d'applications. En outre, les performances de ses mat\u00e9riaux de traitement et sa qualit\u00e9 de traitement sont \u00e0 un niveau avanc\u00e9. <\/p>    <p>Il est principalement utilis\u00e9 pour le traitement de l'herbe broy\u00e9e, telle que les tiges de ma\u00efs, les plants d'arachide, les vignes de patate douce, l'herbe de bambou royale, l'herbe d'\u00e9l\u00e9phant douce, la canne \u00e0 sucre, etc. Ce coupe-herbe est un \u00e9quipement humide et sec, donc qu'il s'agisse d'herbe verte ou d'herbe s\u00e8che, il peut \u00eatre trait\u00e9.<\/p>    <figure class=\"wp-block-embed is-type-video is-provider-youtube wp-block-embed-youtube wp-embed-aspect-16-9 wp-has-aspect-ratio\"><div class=\"wp-block-embed__wrapper\"> <iframe loading=\"lazy\" title=\"De l&#039;herbe \u00e0 l&#039;alimentation\u00a0: comprendre le processus de coupe des paillettes d&#039;herbe #grass #chaff #chaffcutter #cutting\" width=\"500\" height=\"281\" src=\"https:\/\/www.youtube.com\/embed\/zeVbOb07lEg?feature=oembed\" frameborder=\"0\" allow=\"accelerometer; autoplay; clipboard-write; encrypted-media; gyroscope; picture-in-picture; web-share\" referrerpolicy=\"strict-origin-when-cross-origin\" allowfullscreen><\/iframe> <\/div><figcaption class=\"wp-element-caption\">Processus de travail du coupe-paillettes<\/figcaption><\/figure>    <h2 class=\"wp-block-heading\" id=\"h-introduction-of-grass-chaff-cutter\">Introduction du coupe-herbe<\/h2>    <p>Nous produisons diff\u00e9rents mod\u00e8les de coupe-herbes. Les clients peuvent choisir le mod\u00e8le de machine en fonction de leurs besoins. Les mod\u00e8les de machines sont diff\u00e9rents et le rendement est \u00e9galement diff\u00e9rent. <\/p>    <p>Concernant la puissance de la machine, la puissance peut \u00eatre un moteur \u00e9lectrique, un moteur diesel ou un moteur \u00e0 essence. <\/p>    <p>De plus, chaque mod\u00e8le de notre machine de coupe de fourrage est \u00e9quip\u00e9 d'une bande transporteuse qui peut alimenter automatiquement le mat\u00e9riau dans la chambre de coupe. Cela contribue \u00e0 am\u00e9liorer l\u2019efficacit\u00e9 de la machine et \u00e0 \u00e9conomiser du travail. <\/p>    <p class=\"translation-block\">Nous disposons \u00e9galement de la <a href=\"https:\/\/taizyfarmequipment.com\/fr\/produit-2\/presse-a-balles-rondes-densilage\/\">presse \u00e0 balles de fourrage<\/a>, qui peut emballer automatiquement le fourrage trait\u00e9. Voici nos machines pour chaque mod\u00e8le.<\/p>    <figure class=\"wp-block-gallery has-nested-images columns-default is-cropped wp-block-gallery-2 is-layout-flex wp-block-gallery-is-layout-flex\"> <figure class=\"wp-block-image size-large\"><img loading=\"lazy\" decoding=\"async\" width=\"720\" height=\"540\" data-id=\"3463\" src=\"https:\/\/taizyfarmequipment.com\/wp-content\/uploads\/2022\/05\/2.5-grass-chaff-cutter-.jpg\" alt=\"Coupe-herbe 2,5\" class=\"wp-image-3463\" title=\"Coupe-herbe 2,5 \"\/><figcaption class=\"wp-element-caption\">Coupe-herbe 2,5<\/figcaption><\/figure>    <figure class=\"wp-block-image size-large\"><img loading=\"lazy\" decoding=\"async\" width=\"720\" height=\"540\" data-id=\"3459\" src=\"https:\/\/taizyfarmequipment.com\/wp-content\/uploads\/2022\/05\/3.8A-garss-chopper-.jpg\" alt=\"Broyeur d&#039;herbe 3,8A\" class=\"wp-image-3459\" title=\"Hachoir \u00e0 gars 3,8A \"\/><figcaption class=\"wp-element-caption\">Broyeur d'herbe 3,8A<\/figcaption><\/figure>    <figure class=\"wp-block-image size-large\"><img loading=\"lazy\" decoding=\"async\" width=\"720\" height=\"540\" data-id=\"3464\" src=\"https:\/\/taizyfarmequipment.com\/wp-content\/uploads\/2022\/05\/3.8B-fodder-cutter-machine-.jpg\" alt=\"Machine de coupeur de fourrage 3.8B\" class=\"wp-image-3464\" title=\"Machine de coupeur de fourrage 3.8B \"\/><figcaption class=\"wp-element-caption\">Machine de coupeur de fourrage 3.8B<\/figcaption><\/figure>    <figure class=\"wp-block-image size-large\"><img loading=\"lazy\" decoding=\"async\" width=\"720\" height=\"540\" data-id=\"3461\" src=\"https:\/\/taizyfarmequipment.com\/wp-content\/uploads\/2022\/05\/4.8-chaff-cutter-.jpg\" alt=\"4.8 coupe-paille\" class=\"wp-image-3461\" title=\"4.8 coupe-paille \"\/><figcaption class=\"wp-element-caption\">4.8 coupe-paille<\/figcaption><\/figure>    <figure class=\"wp-block-image size-large\"><img loading=\"lazy\" decoding=\"async\" width=\"720\" height=\"540\" data-id=\"3460\" src=\"https:\/\/taizyfarmequipment.com\/wp-content\/uploads\/2022\/05\/6.8-choper-cutter-machine-.jpg\" alt=\"6.8 machine de coupe hacheuse\" class=\"wp-image-3460\"\/><figcaption class=\"wp-element-caption\">6.8 machine de coupe hacheuse<\/figcaption><\/figure>    <figure class=\"wp-block-image size-large\"><img loading=\"lazy\" decoding=\"async\" width=\"720\" height=\"540\" data-id=\"3462\" src=\"https:\/\/taizyfarmequipment.com\/wp-content\/uploads\/2022\/05\/8-chaff-cutter-.jpg\" alt=\"8 coupe-balles\" class=\"wp-image-3462\" title=\"8 coupe-balles \"\/><figcaption class=\"wp-element-caption\">8 coupe-balles<\/figcaption><\/figure> <\/figure>    <h2 class=\"wp-block-heading\">Champ d'application de la machine de coupe de fourrage<\/h2>    <p>La machine de d\u00e9coupe de fourrage est principalement utilis\u00e9e pour fabriquer des aliments pour porcs, bovins, moutons, chevaux, \u00e2nes, mulets, lapins, poulets, canards, oies et autres volailles et animaux d'\u00e9levage. <\/p>    <p>La machine peut manipuler des pailles de ma\u00efs, des pailles de c\u00e9r\u00e9ales, des pailles de riz, des pailles de haricots, des vignes d'arachide, de la luzerne et d'autres mat\u00e9riaux.<\/p>    <figure class=\"wp-block-gallery has-nested-images columns-default is-cropped wp-block-gallery-3 is-layout-flex wp-block-gallery-is-layout-flex\"> <figure class=\"wp-block-image size-large\"><img loading=\"lazy\" decoding=\"async\" width=\"720\" height=\"540\" data-id=\"3452\" src=\"https:\/\/taizyfarmequipment.com\/wp-content\/uploads\/2022\/05\/various-materials-1-1.jpg\" alt=\"applications de la machine de d\u00e9coupe de paillettes\" class=\"wp-image-3452\"\/><figcaption class=\"wp-element-caption\">applications de la machine de d\u00e9coupe de paillettes<\/figcaption><\/figure>    <figure class=\"wp-block-image size-large\"><img loading=\"lazy\" decoding=\"async\" width=\"720\" height=\"540\" data-id=\"3454\" src=\"https:\/\/taizyfarmequipment.com\/wp-content\/uploads\/2022\/05\/various-animals-0.jpg\" alt=\"utilisation d&#039;une machine \u00e0 couper l&#039;herbe\" class=\"wp-image-3454\" title=\"objet d&#039;alimentation\"\/><figcaption class=\"wp-element-caption\">utilisation d'une machine \u00e0 couper l'herbe<\/figcaption><\/figure> <\/figure>    <h2 class=\"wp-block-heading\">Structure de la machine \u00e0 couper les paillettes<\/h2>    <p>Les principaux composants du coupe-paille comprennent principalement un convoyeur, une entr\u00e9e, une salle de coupe et de p\u00e9trissage, une sortie, un ch\u00e2ssis, des roues de levier de vitesses, un ch\u00e2ssis de moteur, un capot de protection, etc. <\/p>    <figure class=\"wp-block-image size-full\"><img loading=\"lazy\" decoding=\"async\" width=\"720\" height=\"470\" src=\"https:\/\/taizyfarmequipment.com\/wp-content\/uploads\/2022\/05\/straw-cutting-machine-structure.jpg\" alt=\"Structure de la machine \u00e0 couper la paille\" class=\"wp-image-3453\" title=\"structure de la machine de d\u00e9coupe de paille\"\/><figcaption class=\"wp-element-caption\">Structure de la machine \u00e0 couper la paille<\/figcaption><\/figure>    <h2 class=\"wp-block-heading\">Vid\u00e9o de travail du coupe-herbe<\/h2>    <figure class=\"wp-block-embed is-type-video is-provider-youtube wp-block-embed-youtube wp-embed-aspect-16-9 wp-has-aspect-ratio\"><div class=\"wp-block-embed__wrapper\"> <iframe loading=\"lazy\" title=\"Coupe-paille | machine de coupe d&#039;herbe | machine de fabrication d&#039;aliments pour le b\u00e9tail pour tige de ma\u00efs, luzerne, etc.\" width=\"500\" height=\"281\" src=\"https:\/\/www.youtube.com\/embed\/jraLJjs5Tig?feature=oembed\" frameborder=\"0\" allow=\"accelerometer; autoplay; clipboard-write; encrypted-media; gyroscope; picture-in-picture; web-share\" referrerpolicy=\"strict-origin-when-cross-origin\" allowfullscreen><\/iframe> <\/div><figcaption class=\"wp-element-caption\">Processus de travail de la machine \u00e0 broyer l'herbe<\/figcaption><\/figure>    <h2 class=\"wp-block-heading\">Diff\u00e9rents types de param\u00e8tres de machine de coupe-herbe <\/h2>    <figure class=\"wp-block-table\"><table><tbody><tr><td>Mod\u00e8le<\/td><td>Pouvoir<\/td><td>Capacit\u00e9<\/td><td>Taille<\/td><td>Poids<\/td><\/tr><tr><td>9ZR-2.5T<\/td><td>Moteur \u00e9lectrique 3-4,5 kW<\/td><td>2500kg\/h<\/td><td>1350*490*750mm<\/td><td>67 kg<\/td><\/tr><tr><td>9ZR-3.8A<\/td><td>Moteur \u00e9lectrique 3-4,5 kW<\/td><td>3800kg\/h<\/td><td>1650*550*900mm<\/td><td>88 kg<\/td><\/tr><tr><td>9ZR-3.8B<\/td><td>Moteur \u00e9lectrique 3-4,5 kW<\/td><td>3800kg\/h<\/td><td>1750*550*900mm<\/td><td>93 kg<\/td><\/tr><tr><td>9ZR-4.8T<strong><\/strong>&nbsp;<\/td><td>Moteur \u00e9lectrique 5,5 kW<\/td><td>4800kg\/h<\/td><td>1750*600*930mm<\/td><td>116 kg<\/td><\/tr><tr><td>9ZR-6.8<strong><\/strong>&nbsp;<\/td><td>Moteur \u00e9lectrique 7,5 kW<\/td><td>6800kg\/h<\/td><td>2283*740*1040mm<\/td><td>189kg<\/td><\/tr><tr><td>9ZR-8<\/td><td>Moteur \u00e9lectrique 11kw<\/td><td>8000kg\/heure&nbsp;<\/td><td>3400*830*1200mm<\/td><td>320 kg<\/td><\/tr><\/tbody><\/table><figcaption class=\"wp-element-caption\">Param\u00e8tres de la machine de coupe-paillettes d'herbe<\/figcaption><\/figure>    <h2 class=\"wp-block-heading\">Pourquoi devons-nous utiliser un coupe-herbe pour traiter les mat\u00e9riaux\u00a0?<\/h2>    <p>Les tiges \u00e0 traiter comprennent les tiges de ma\u00efs, la paille de c\u00e9r\u00e9ales, la paille de riz, les tiges de haricots, les vignes d'arachide, la luzerne, etc., qui sont riches en cellulose brute, vitamines, min\u00e9raux, prot\u00e9ines brutes, etc., et constituent un aliment naturel pour le b\u00e9tail. <\/p>    <p>Cependant, les tiges de plantes non transform\u00e9es ne sont pas facilement dig\u00e9r\u00e9es et absorb\u00e9es par le b\u00e9tail en raison de leur forme naturelle et de leur cortex dur, elles doivent donc \u00eatre transform\u00e9es davantage. <\/p>    <p>Des m\u00e9thodes m\u00e9caniques sont utilis\u00e9es pour modifier la forme des tiges des plantes afin de les rendre propres \u00e0 la consommation animale. Dans les \u00e9quipements de traitement m\u00e9canique des tiges de plantes, les machines de coupe et de broyage sont parmi les plus couramment utilis\u00e9es. Il s'agit de couper les tiges des plantes en petits tron\u00e7ons, puis de les marteler et de les p\u00e9trir par des dispositifs m\u00e9caniques pour former un fourrage mou, court et d\u00e9chiquet\u00e9. <\/p>    <p>Cette forme d'aliment peut am\u00e9liorer l'app\u00e9tence de la consommation du b\u00e9tail et est propice \u00e0 la digestion et \u00e0 l'absorption des nutriments, am\u00e9liorant ainsi consid\u00e9rablement le taux d'utilisation du fourrage.<\/p>    <figure class=\"wp-block-image size-full\"><img loading=\"lazy\" decoding=\"async\" width=\"720\" height=\"540\" src=\"https:\/\/taizyfarmequipment.com\/wp-content\/uploads\/2022\/05\/grass-chaff-cutter-with-a-disel-engine.webp\" alt=\"coupe-herbe \u00e0 moteur diesel\" class=\"wp-image-4305\" srcset=\"https:\/\/taizyfarmequipment.com\/wp-content\/uploads\/2022\/05\/grass-chaff-cutter-with-a-disel-engine.webp 720w, https:\/\/taizyfarmequipment.com\/wp-content\/uploads\/2022\/05\/grass-chaff-cutter-with-a-disel-engine-300x225.webp 300w\" sizes=\"auto, (max-width: 720px) 100vw, 720px\" \/><figcaption class=\"wp-element-caption\">coupe-herbe \u00e0 moteur diesel<\/figcaption><\/figure>    <h2 class=\"wp-block-heading\">Quels sont les avantages de la coupeuse de fourrage ?<\/h2>    <ol class=\"wp-block-list\"> <li>L'herbe <a href=\"https:\/\/en.wikipedia.org\/wiki\/Chaff\" data-type=\"link\" data-id=\"https:\/\/en.wikipedia.org\/wiki\/Chaff\" target=\"_blank\" rel=\"noopener\">balle<\/a> Le coupeur est principalement compos\u00e9 de l'alimentation du cadre, du bo\u00eetier, du rotor et d'autres composants. Il pr\u00e9sente les avantages d'une structure raisonnable, d'un fonctionnement pratique et d'une efficacit\u00e9 de production \u00e9lev\u00e9e.<\/li>    <li>Cette s\u00e9rie de produits a modifi\u00e9 le principe simple de coupe de la lame de la pr\u00e9c\u00e9dente machine de coupe-paille, l'utilisation de la coupe, du frappe, du p\u00e9trissage, du frottement et d'autres effets physiques du mat\u00e9riau en une longueur uniforme, douce et finement d\u00e9chiquet\u00e9e, tandis qu'il y a une augmentation de la dispositif d'alimentation automatique, emp\u00eachant efficacement le blocage et le ph\u00e9nom\u00e8ne d'alimentation in\u00e9gal.<\/li>    <li>La machine int\u00e8gre la coupe et le broyeur en un seul, la machine enti\u00e8re se compose de la guillotine, de la lame de marteau et de la lame de vent en trois parties pour l'\u00e9crasement, la guillotine et d'autres fonctions. <\/li>    <li>Structure compacte, petit volume et petit poids.<\/li>    <li>Le rendement \u00e9lev\u00e9 de la machine, sa structure simple, son fonctionnement facile et le traitement d'un large \u00e9ventail de caract\u00e9ristiques. <\/li>    <li>De grandes lames \u00e9paissies double face, plus 32 couteaux \u00e0 p\u00e9trir double face, peuvent \u00eatre compl\u00e8tement bris\u00e9es en p\u00e9trissant l'herbe en soie, am\u00e9liorant ainsi l'alimentation des bovins et des moutons, l'herbe est essentiellement utilis\u00e9e pour \u00e9conomiser le co\u00fbt de l'\u00e9levage.<\/li> <\/ol>    <figure class=\"wp-block-image size-full\"><img loading=\"lazy\" decoding=\"async\" width=\"720\" height=\"540\" src=\"https:\/\/taizyfarmequipment.com\/wp-content\/uploads\/2022\/05\/grass-chopper-machine.webp\" alt=\"machine de broyeur d&#039;herbe\" class=\"wp-image-4306\" srcset=\"https:\/\/taizyfarmequipment.com\/wp-content\/uploads\/2022\/05\/grass-chopper-machine.webp 720w, https:\/\/taizyfarmequipment.com\/wp-content\/uploads\/2022\/05\/grass-chopper-machine-300x225.webp 300w\" sizes=\"auto, (max-width: 720px) 100vw, 720px\" \/><figcaption class=\"wp-element-caption\">machine de broyeur d'herbe<\/figcaption><\/figure>    <h2 class=\"wp-block-heading\">Entretien du coupe-herbe<\/h2>    <ol class=\"wp-block-list\"> <li>Avant et apr\u00e8s l'op\u00e9ration, inspectez r\u00e9guli\u00e8rement toutes les fixations pour \u00e9viter tout desserrage et tout dommage potentiel \u00e0 la machine.<\/li>    <li>Pendant le fonctionnement, ajoutez une quantit\u00e9 appropri\u00e9e d'huile moteur 30# dans chaque trou d'injection d'huile toutes les 2 heures. Lubrifiez les positions des roulements avec de la graisse une fois par jour pour assurer une lubrification ad\u00e9quate pendant le travail.<\/li>    <li>Pendant le fonctionnement, aff\u00fbtez les lames mobiles et fixes toutes les 6 heures de travail pour maintenir leur tranchant.<\/li>    <li>Apr\u00e8s avoir arr\u00eat\u00e9 l'op\u00e9ration, nettoyez rapidement la machine des mauvaises herbes et de la poussi\u00e8re, lubrifiez tous les points de lubrification et stockez-la dans un entrep\u00f4t sec si elle n'est pas utilis\u00e9e pendant une p\u00e9riode prolong\u00e9e afin d'\u00e9viter la corrosion due \u00e0 l'exposition au vent et \u00e0 la pluie.<\/li> <\/ol>    <figure class=\"wp-block-gallery has-nested-images columns-default is-cropped wp-block-gallery-4 is-layout-flex wp-block-gallery-is-layout-flex\"> <figure class=\"wp-block-image size-large\"><img loading=\"lazy\" decoding=\"async\" width=\"720\" height=\"540\" data-id=\"3455\" src=\"https:\/\/taizyfarmequipment.com\/wp-content\/uploads\/2022\/05\/grass-chaff-cutter-0.jpg\" alt=\"coupe-herbe \u00e0 bon prix\" class=\"wp-image-3455\" title=\"coupe-herbe\"\/><figcaption class=\"wp-element-caption\">coupe-herbe \u00e0 bon prix<\/figcaption><\/figure>    <figure class=\"wp-block-image size-large\"><img loading=\"lazy\" decoding=\"async\" width=\"720\" height=\"540\" data-id=\"3456\" src=\"https:\/\/taizyfarmequipment.com\/wp-content\/uploads\/2022\/05\/grass-chaff-cutter-40.jpg\" alt=\"machine industrielle de coupeur de fourrage\" class=\"wp-image-3456\" title=\"machine de coupe de fourrage\"\/><figcaption class=\"wp-element-caption\">machine industrielle de coupeur de fourrage<\/figcaption><\/figure> <\/figure>    <h2 class=\"wp-block-heading\">Cas r\u00e9ussi<\/h2>    <p>La semaine derni\u00e8re, notre client du Kazakhstan nous a achet\u00e9 un hachoir 9ZR-3.8B. Le client a demand\u00e9 que la machine soit propuls\u00e9e par un moteur diesel. Le client vient d'Alibaba, notre directeur commercial a vu que le client lui avait envoy\u00e9 une demande de broyeur d'herbe et a imm\u00e9diatement communiqu\u00e9 avec le client. <\/p>    <p>En comprenant que le client avait import\u00e9 la machine de Chine, il avait une exp\u00e9rience en importation et en savait plus sur la machine. L\u2019ensemble du processus d\u2019achat a donc \u00e9t\u00e9 relativement rapide. Ce qui suit est une photo de l'emballage de la machine pour l'exp\u00e9dition.<\/p>    <figure class=\"wp-block-gallery has-nested-images columns-default is-cropped wp-block-gallery-5 is-layout-flex wp-block-gallery-is-layout-flex\"> <figure class=\"wp-block-image size-large\"><img loading=\"lazy\" decoding=\"async\" width=\"720\" height=\"540\" data-id=\"3458\" src=\"https:\/\/taizyfarmequipment.com\/wp-content\/uploads\/2022\/05\/wooden-case-packaging0-3.jpg\" alt=\"paquet de machine de coupe de fourrage\" class=\"wp-image-3458\" title=\"emballage de caisse en bois\"\/><figcaption class=\"wp-element-caption\">paquet de machine de coupe de fourrage<\/figcaption><\/figure>    <figure class=\"wp-block-image size-large\"><img loading=\"lazy\" decoding=\"async\" width=\"720\" height=\"540\" data-id=\"3457\" src=\"https:\/\/taizyfarmequipment.com\/wp-content\/uploads\/2022\/05\/shipping-of-the-grass-chaff-cutter-0.jpg\" alt=\"machine de coupe d&#039;herbe export\u00e9e\" class=\"wp-image-3457\" title=\"exp\u00e9dition du coupe-herbe\"\/><figcaption class=\"wp-element-caption\">machine de coupe d'herbe export\u00e9e<\/figcaption><\/figure> <\/figure>    <h2 class=\"wp-block-heading\">Investissez dans notre machine \u00e0 couper les paillettes<\/h2>    <p>Dans le domaine de l'agriculture moderne, la machine \u00e0 couper les paillettes se pr\u00e9sente comme un outil indispensable pour am\u00e9liorer l'efficacit\u00e9 et rationaliser les op\u00e9rations agricoles. Sa conception innovante et ses performances exceptionnelles garantissent des r\u00e9sultats optimaux dans la transformation du fourrage. <\/p>    <p>Que vous soyez un grand agriculteur ou un petit exploitant, cette machine r\u00e9pond \u00e0 vos besoins et \u00e9l\u00e8ve votre production agricole vers de nouveaux sommets.<\/p>    <p>Si vous \u00eates intrigu\u00e9 par la machine \u00e0 couper les paillettes et souhaitez en savoir plus ou recevoir un devis personnalis\u00e9, n'h\u00e9sitez pas \u00e0 nous contacter. Notre \u00e9quipe d\u00e9di\u00e9e est pr\u00eate \u00e0 vous fournir un soutien complet, vous assurant de choisir le mod\u00e8le qui r\u00e9pond le mieux aux exigences de votre ferme. <\/p>    <p>Ne manquez pas l\u2019opportunit\u00e9 d\u2019augmenter la productivit\u00e9 agricole \u2013 contactez-nous d\u00e8s maintenant et lancez-vous dans un nouveau chapitre de l\u2019agriculture moderne !<\/p>    <figure class=\"wp-block-gallery has-nested-images columns-default is-cropped wp-block-gallery-6 is-layout-flex wp-block-gallery-is-layout-flex\"> <figure class=\"wp-block-image size-large\"><img loading=\"lazy\" decoding=\"async\" width=\"720\" height=\"540\" data-id=\"4303\" src=\"https:\/\/taizyfarmequipment.com\/wp-content\/uploads\/2022\/05\/chaff-cutter-for-business.webp\" alt=\"coupe-paille pour entreprise\" class=\"wp-image-4303\" srcset=\"https:\/\/taizyfarmequipment.com\/wp-content\/uploads\/2022\/05\/chaff-cutter-for-business.webp 720w, https:\/\/taizyfarmequipment.com\/wp-content\/uploads\/2022\/05\/chaff-cutter-for-business-300x225.webp 300w\" sizes=\"auto, (max-width: 720px) 100vw, 720px\" \/><figcaption class=\"wp-element-caption\">coupe-paille pour entreprise<\/figcaption><\/figure>    <figure class=\"wp-block-image size-large\"><img loading=\"lazy\" decoding=\"async\" width=\"720\" height=\"540\" data-id=\"4304\" src=\"https:\/\/taizyfarmequipment.com\/wp-content\/uploads\/2022\/05\/grass-chaff-cutter-for-sale.webp\" alt=\"coupe-herbe \u00e0 vendre\" class=\"wp-image-4304\" srcset=\"https:\/\/taizyfarmequipment.com\/wp-content\/uploads\/2022\/05\/grass-chaff-cutter-for-sale.webp 720w, https:\/\/taizyfarmequipment.com\/wp-content\/uploads\/2022\/05\/grass-chaff-cutter-for-sale-300x225.webp 300w\" sizes=\"auto, (max-width: 720px) 100vw, 720px\" \/><figcaption class=\"wp-element-caption\">coupe-herbe \u00e0 vendre<\/figcaption><\/figure> <\/figure>","protected":false},"excerpt":{"rendered":"<p>Le coupe-herbe est une machine de traitement des aliments grossiers int\u00e9grant la coupe et le p\u00e9trissage. Il est principalement utilis\u00e9 pour traiter l'herbe broy\u00e9e, telle que les tiges de ma\u00efs, les plants d'arachide, les vignes de patate douce, l'herbe de bambou royale, etc.<\/p>","protected":false},"author":1,"featured_media":3466,"parent":0,"template":"","tags":[298,300,296,299,295,297,182],"product-type":[133],"class_list":["post-3450","product","type-product","status-publish","has-post-thumbnail","hentry","tag-animal-feed-chaff-cutter-machine","tag-chaff-cutter-machine-for-agriculture","tag-fodder-cutter-machine","tag-forage-chopper","tag-grass-chaff-cutter","tag-silage-chaff-cutter-machine","tag-silage-chopper","product-type-silage-machine"],"_links":{"self":[{"href":"https:\/\/taizyfarmequipment.com\/fr\/wp-json\/wp\/v2\/product\/3450","targetHints":{"allow":["GET"]}}],"collection":[{"href":"https:\/\/taizyfarmequipment.com\/fr\/wp-json\/wp\/v2\/product"}],"about":[{"href":"https:\/\/taizyfarmequipment.com\/fr\/wp-json\/wp\/v2\/types\/product"}],"author":[{"embeddable":true,"href":"https:\/\/taizyfarmequipment.com\/fr\/wp-json\/wp\/v2\/users\/1"}],"wp:featuredmedia":[{"embeddable":true,"href":"https:\/\/taizyfarmequipment.com\/fr\/wp-json\/wp\/v2\/media\/3466"}],"wp:attachment":[{"href":"https:\/\/taizyfarmequipment.com\/fr\/wp-json\/wp\/v2\/media?parent=3450"}],"wp:term":[{"taxonomy":"post_tag","embeddable":true,"href":"https:\/\/taizyfarmequipment.com\/fr\/wp-json\/wp\/v2\/tags?post=3450"},{"taxonomy":"product-type","embeddable":true,"href":"https:\/\/taizyfarmequipment.com\/fr\/wp-json\/wp\/v2\/product-type?post=3450"}],"curies":[{"name":"wp","href":"https:\/\/api.w.org\/{rel}","templated":true}]}}