{"id":3516,"date":"2022-06-06T10:09:08","date_gmt":"2022-06-06T10:09:08","guid":{"rendered":"https:\/\/taizyfarmequipment.com\/?post_type=product&#038;p=3516"},"modified":"2024-01-22T15:36:04","modified_gmt":"2024-01-22T07:36:04","slug":"presse-a-balles-de-ramassage-de-foin","status":"publish","type":"product","link":"https:\/\/taizyfarmequipment.com\/fr\/product\/hay-pick-up-baler-machine\/","title":{"rendered":"Presse \u00e0 balles de foin, tracteur avec presse \u00e0 balles"},"content":{"rendered":"<div class=\"kk-star-ratings kksr-auto kksr-align-left kksr-valign-top\"     data-payload='{&quot;align&quot;:&quot;left&quot;,&quot;id&quot;:&quot;3516&quot;,&quot;slug&quot;:&quot;default&quot;,&quot;valign&quot;:&quot;top&quot;,&quot;ignore&quot;:&quot;&quot;,&quot;reference&quot;:&quot;auto&quot;,&quot;class&quot;:&quot;&quot;,&quot;count&quot;:&quot;30&quot;,&quot;legendonly&quot;:&quot;&quot;,&quot;readonly&quot;:&quot;&quot;,&quot;score&quot;:&quot;4.7&quot;,&quot;starsonly&quot;:&quot;&quot;,&quot;best&quot;:&quot;5&quot;,&quot;gap&quot;:&quot;5&quot;,&quot;greet&quot;:&quot;Rate this product&quot;,&quot;legend&quot;:&quot;4.7\\\/5 - (30 votes)&quot;,&quot;size&quot;:&quot;24&quot;,&quot;title&quot;:&quot;Hay pick up baler machine\u4e28tractor with baler&quot;,&quot;width&quot;:&quot;133.8&quot;,&quot;_legend&quot;:&quot;{score}\\\/{best} - ({count} {votes})&quot;,&quot;font_factor&quot;:&quot;1.25&quot;}'>              <div class=\"kksr-stars\">      <div class=\"kksr-stars-inactive\">             <div class=\"kksr-star\" data-star=\"1\" style=\"padding-right: 5px\">               <div class=\"kksr-icon\" style=\"width: 24px; height: 24px;\"><\/div>         <\/div>             <div class=\"kksr-star\" data-star=\"2\" style=\"padding-right: 5px\">               <div class=\"kksr-icon\" style=\"width: 24px; height: 24px;\"><\/div>         <\/div>             <div class=\"kksr-star\" data-star=\"3\" style=\"padding-right: 5px\">               <div class=\"kksr-icon\" style=\"width: 24px; height: 24px;\"><\/div>         <\/div>             <div class=\"kksr-star\" data-star=\"4\" style=\"padding-right: 5px\">               <div class=\"kksr-icon\" style=\"width: 24px; height: 24px;\"><\/div>         <\/div>             <div class=\"kksr-star\" data-star=\"5\" style=\"padding-right: 5px\">               <div class=\"kksr-icon\" style=\"width: 24px; height: 24px;\"><\/div>         <\/div>     <\/div>      <div class=\"kksr-stars-active\" style=\"width: 133.8px;\">             <div class=\"kksr-star\" style=\"padding-right: 5px\">               <div class=\"kksr-icon\" style=\"width: 24px; height: 24px;\"><\/div>         <\/div>             <div class=\"kksr-star\" style=\"padding-right: 5px\">               <div class=\"kksr-icon\" style=\"width: 24px; height: 24px;\"><\/div>         <\/div>             <div class=\"kksr-star\" style=\"padding-right: 5px\">               <div class=\"kksr-icon\" style=\"width: 24px; height: 24px;\"><\/div>         <\/div>             <div class=\"kksr-star\" style=\"padding-right: 5px\">               <div class=\"kksr-icon\" style=\"width: 24px; height: 24px;\"><\/div>         <\/div>             <div class=\"kksr-star\" style=\"padding-right: 5px\">               <div class=\"kksr-icon\" style=\"width: 24px; height: 24px;\"><\/div>         <\/div>     <\/div> <\/div>                   <div class=\"kksr-legend\" style=\"font-size: 19.2px;\">             4,7\/5 - (30 votes)    <\/div>     <\/div>  <p>La presse \u00e0 balles de ramassage de foin est une sorte d'\u00e9quipement de cueillette et de r\u00e9colte de paille, qui peut automatiquement compl\u00e9ter la cueillette, la mise en balles et la lib\u00e9ration des p\u00e2turages, du riz, du bl\u00e9 et des tiges de ma\u00efs p\u00e9tries, largement utilis\u00e9es pour la collecte et la mise en balles de p\u00e2turages secs et verts, tiges de riz, de bl\u00e9 et de ma\u00efs. La machine de ramassage et de mise en balles de paille pr\u00e9sente les caract\u00e9ristiques d'une structure compacte, d'un fonctionnement pratique et d'une fiabilit\u00e9 \u00e9lev\u00e9e. <\/p>    <p>La balle form\u00e9e est petite et compacte, et la balle est l\u00e2che \u00e0 l'int\u00e9rieur et serr\u00e9e \u00e0 l'ext\u00e9rieur, avec une bonne perm\u00e9abilit\u00e9 \u00e0 l'air, ce qui est pratique pour le transport et le stockage.<\/p>    <h2 class=\"wp-block-heading\" id=\"h-introduction-to-hay-pick-up-baler-machine\">Introduction \u00e0 la presse \u00e0 balles de foin<\/h2>    <p class=\"translation-block\"><br>Nous produisons maintenant une <a href=\"https:\/\/www.agriculture-machine.com\/round-silage-straw-harvester-and-baler-machine-picking-and-bundling-machine\/\" target=\"_blank\" rel=\"noopener\">machine de ramassage et pressage de paille<\/a> capable de g\u00e9rer des produits finis ronds et carr\u00e9s. La machine ronde de ramassage et pressage de paille peut empaqueter avec une corde en sisal ou un filet, tandis que la machine carr\u00e9e ne peut qu'utiliser une corde. Les deux mod\u00e8les fonctionnent avec un tracteur via une prise de force (PDF). Concernant la largeur de r\u00e9colte de la machine, la largeur de r\u00e9colte de la machine carr\u00e9e est de 2,2 m\u00e8tres et celle de la ronde est de 1,8 m\u00e8tre. <\/p>    <p class=\"translation-block\">La promotion et l'utilisation de cette machine ont jou\u00e9 un grand r\u00f4le dans la promotion du recyclage de la paille et dans l'att\u00e9nuation de la pollution environnementale caus\u00e9e par le br\u00fblage de la paille \u00e0 la campagne. Et dans l'am\u00e9lioration de la qualit\u00e9 de l'utilisation de la paille et de l'herbe. Depuis son lancement, la machine a \u00e9t\u00e9 appr\u00e9ci\u00e9e par la plupart des agriculteurs. Et c'est une bonne aide pour nos agriculteurs afin de s'enrichir. De plus, nous proposons \u00e9galement la <a href=\"https:\/\/taizyfarmequipment.com\/fr\/produit-2\/machine-a-balles-de-paille-carrees\/\">presse-ramasseuse d'ensilage<\/a> avec une fonction de concassage. <\/p>    <figure class=\"wp-block-gallery has-nested-images columns-default is-cropped wp-block-gallery-2 is-layout-flex wp-block-gallery-is-layout-flex\"> <figure class=\"wp-block-image size-large\"><img loading=\"lazy\" decoding=\"async\" width=\"720\" height=\"540\" data-id=\"3524\" src=\"https:\/\/taizyfarmequipment.com\/wp-content\/uploads\/2022\/06\/Pickup-Round-Baler-0.jpg\" alt=\"Presse \u00e0 balles rondes\" class=\"wp-image-3524\" title=\"Presse \u00e0 balles rondes\"\/><figcaption class=\"wp-element-caption\">Presse \u00e0 balles rondes pick-up<\/figcaption><\/figure>    <figure class=\"wp-block-image size-large\"><img loading=\"lazy\" decoding=\"async\" width=\"720\" height=\"540\" data-id=\"3525\" src=\"https:\/\/taizyfarmequipment.com\/wp-content\/uploads\/2022\/06\/hay-pick-up-baler-machine0.jpg\" alt=\"presse \u00e0 balles de ramassage de foin\" class=\"wp-image-3525\" title=\"presse \u00e0 balles de ramassage de foin\"\/><figcaption class=\"wp-element-caption\">presse \u00e0 balles de ramassage de foin<\/figcaption><\/figure> <\/figure>    <h2 class=\"wp-block-heading\">Champ d'application du tracteur avec presse \u00e0 balles<\/h2>    <p><br>Le tracteur \u00e9quip\u00e9 d'une presse \u00e0 balles peut traiter la paille de bl\u00e9, la paille de riz, l'herbe des p\u00e2turages, les plants d'arachide, la paille de ma\u00efs, le riz, le bl\u00e9, la paille de colza, le soja, etc. <\/p>    <h2 class=\"wp-block-heading\">Structure de la presse \u00e0 balles rondes<\/h2>    <p><br>La machine est principalement compos\u00e9e d'un ramasseur, d'un tambour de fenaison, d'un m\u00e9canisme de transmission \u00e0 pignon, d'une bo\u00eete \u00e0 c\u00e2ble, d'une tige de guidage de c\u00e2ble et d'un dispositif d'avertissement, d'un m\u00e9canisme de commande hydraulique et d'autres composants. Lors de la mise en balles, il peut automatiquement diriger la corde, ramasser automatiquement la paille, mettre automatiquement en balle et couper automatiquement la corde. Et peut modifier le cercle de corde et la densit\u00e9 de la balle lors de la mise en balles en ajustant la taille de la roue \u00e0 fente, de sorte que la balle ne soit pas dispers\u00e9e et salissante.<\/p>    <figure class=\"wp-block-image size-full is-resized\"><img loading=\"lazy\" decoding=\"async\" src=\"https:\/\/taizyfarmequipment.com\/wp-content\/uploads\/2022\/06\/square-stalk-baling-machines-structure2-.jpg\" alt=\"structure de la presse \u00e0 balles carr\u00e9es\" class=\"wp-image-3520\" width=\"720\" height=\"540\" title=\"structure de la presse \u00e0 balles carr\u00e9es\"\/><figcaption class=\"wp-element-caption\">structure de la presse \u00e0 balles carr\u00e9es<\/figcaption><\/figure>    <h2 class=\"wp-block-heading\">Param\u00e8tres de la presse \u00e0 foin<\/h2>    <figure class=\"wp-block-table\"><table><tbody><tr><td>Mod\u00e8le<\/td><td><strong>ST80*100<\/strong><\/td><\/tr><tr><td>Poids<\/td><td>680kg<\/td><\/tr><tr><td>Puissance du tracteur<\/td><td>Plus de 40 ch<\/td><\/tr><tr><td>Dimension globale<\/td><td>1,63*1,37*1,43m<\/td><\/tr><tr><td>Taille de la presse<\/td><td>\u03a6800*1000mm<\/td><\/tr><tr><td>Poids de la presse<\/td><td>40-50kg<\/td><\/tr><tr><td>Capacit\u00e9<\/td><td>1,3-1,65acre\/h<\/td><\/tr><\/tbody><\/table><figcaption class=\"wp-element-caption\">Param\u00e8tres de la machine \u00e0 ramasser le foin<\/figcaption><\/figure>    <h2 class=\"wp-block-heading\">Avantages de la petite presse \u00e0 balles carr\u00e9es haute capacit\u00e9<\/h2>    <ol class=\"wp-block-list\"> <li>Faible encombrement, l\u00e9ger, fonctionnement simple, haute efficacit\u00e9.<\/li>    <li>Efficacit\u00e9 de travail \u00e9lev\u00e9e, une heure peut collecter de la paille sur plus de 5 acres, soit environ 800 kg de paille.<\/li>    <li>La botte de paille a une structure compacte, une densit\u00e9 \u00e9lev\u00e9e et une bonne perm\u00e9abilit\u00e9 \u00e0 l'air.<\/li>    <li>La paille apr\u00e8s mise en balles r\u00e9duit l'empreinte de la paille et r\u00e9duit consid\u00e9rablement l'empreinte du stockage.<\/li>    <li>Les bottes de paille sont faciles \u00e0 transporter et r\u00e9duisent \u00e9galement les risques d'incendie.<\/li> <\/ol>    <figure class=\"wp-block-gallery has-nested-images columns-default is-cropped wp-block-gallery-3 is-layout-flex wp-block-gallery-is-layout-flex\"> <figure class=\"wp-block-image size-large\"><img loading=\"lazy\" decoding=\"async\" width=\"720\" height=\"540\" data-id=\"3521\" src=\"https:\/\/taizyfarmequipment.com\/wp-content\/uploads\/2022\/06\/square-straw-pick-up-baler-machine-.jpg\" alt=\"presse \u00e0 balles carr\u00e9es pour ramasser la paille\" class=\"wp-image-3521\" title=\"presse \u00e0 balles carr\u00e9es pour ramasser la paille\"\/><figcaption class=\"wp-element-caption\">presse \u00e0 balles carr\u00e9es pour ramasser la paille<\/figcaption><\/figure>    <figure class=\"wp-block-image size-large\"><img loading=\"lazy\" decoding=\"async\" width=\"720\" height=\"540\" data-id=\"3522\" src=\"https:\/\/taizyfarmequipment.com\/wp-content\/uploads\/2022\/06\/tractor-with-baler-0.jpg\" alt=\"tracteur avec presse \u00e0 balles\" class=\"wp-image-3522\" title=\"tracteur avec presse \u00e0 balles\"\/><figcaption class=\"wp-element-caption\">tracteur avec presse \u00e0 balles<\/figcaption><\/figure> <\/figure>    <h2 class=\"wp-block-heading\">Principe de fonctionnement de la presse \u00e0 balles \u00e0 tiges<\/h2>    <p><br>L'arbre de sortie de puissance du tracteur est achemin\u00e9 vers l'arbre d'entr\u00e9e de la presse \u00e0 balles via l'arbre d'entra\u00eenement universel, qui entra\u00eene le m\u00e9canisme du rouleau enrouleur. Et le m\u00e9canisme de ramassage de la paille via le pignon et la cha\u00eene respectivement. L'interface de sortie hydraulique du tracteur est utilis\u00e9e pour contr\u00f4ler l'expansion et la contraction du piston du cylindre afin de r\u00e9aliser l'op\u00e9ration de lib\u00e9ration de la balle.<\/p>    <h2 class=\"wp-block-heading\">Points techniques de fonctionnement de la machine de ramassage et de mise en balles<\/h2>    <ol class=\"wp-block-list\"> <li>Le conducteur doit ma\u00eetriser la technologie des op\u00e9rations de conduite. Pendant le fonctionnement, le conducteur doit conduire au centre pour \u00e9viter que la balle n'ait une grosse t\u00eate.<\/li>    <li>Corde \u00e0 balles avec structure de pompage externe et moins de n\u0153uds, haute r\u00e9sistance, pour \u00e9viter la rupture de la corde ou de la corde \u00e0 carte.<\/li>    <li>Envoyez la corde lorsque l'acc\u00e9l\u00e9rateur doit \u00eatre stable, maintenez l'acc\u00e9l\u00e9rateur \u00e0 vitesse moyenne pour garantir la qualit\u00e9 de l'envoi de la corde.<\/li>    <li>Lorsque vous envoyez la corde \u00e0 l'arr\u00eat, d\u00e9placez imm\u00e9diatement la vanne hydraulique, sans faire de pause, afin que la botte de paille ne soit pas frott\u00e9e par le rouleau presseur. Lors de la lib\u00e9ration de la balle, ne ralentissez pas, afin que la balle puisse \u00eatre lib\u00e9r\u00e9e par inertie rotative.<\/li> <\/ol>    <figure class=\"wp-block-image size-full\"><img loading=\"lazy\" decoding=\"async\" width=\"720\" height=\"540\" src=\"https:\/\/taizyfarmequipment.com\/wp-content\/uploads\/2022\/06\/hay-pick-up-baler-machine-0.jpg\" alt=\"presse \u00e0 balles de ramassage de foin \" class=\"wp-image-3523\" title=\"presse \u00e0 balles de ramassage de foin \"\/><figcaption class=\"wp-element-caption\">presse \u00e0 balles de ramassage de foin<\/figcaption><\/figure>","protected":false},"excerpt":{"rendered":"<p>La presse \u00e0 balles de ramassage du foin peut automatiquement terminer la cueillette, la mise en balles et la lib\u00e9ration des p\u00e2turages pour les tiges de riz, de bl\u00e9 et de ma\u00efs p\u00e9tries.<\/p>","protected":false},"author":1,"featured_media":3518,"parent":0,"template":"","tags":[],"product-type":[133],"class_list":["post-3516","product","type-product","status-publish","has-post-thumbnail","hentry","product-type-silage-machine"],"_links":{"self":[{"href":"https:\/\/taizyfarmequipment.com\/fr\/wp-json\/wp\/v2\/product\/3516","targetHints":{"allow":["GET"]}}],"collection":[{"href":"https:\/\/taizyfarmequipment.com\/fr\/wp-json\/wp\/v2\/product"}],"about":[{"href":"https:\/\/taizyfarmequipment.com\/fr\/wp-json\/wp\/v2\/types\/product"}],"author":[{"embeddable":true,"href":"https:\/\/taizyfarmequipment.com\/fr\/wp-json\/wp\/v2\/users\/1"}],"wp:featuredmedia":[{"embeddable":true,"href":"https:\/\/taizyfarmequipment.com\/fr\/wp-json\/wp\/v2\/media\/3518"}],"wp:attachment":[{"href":"https:\/\/taizyfarmequipment.com\/fr\/wp-json\/wp\/v2\/media?parent=3516"}],"wp:term":[{"taxonomy":"post_tag","embeddable":true,"href":"https:\/\/taizyfarmequipment.com\/fr\/wp-json\/wp\/v2\/tags?post=3516"},{"taxonomy":"product-type","embeddable":true,"href":"https:\/\/taizyfarmequipment.com\/fr\/wp-json\/wp\/v2\/product-type?post=3516"}],"curies":[{"name":"wp","href":"https:\/\/api.w.org\/{rel}","templated":true}]}}