{"id":3529,"date":"2022-06-07T09:46:21","date_gmt":"2022-06-07T09:46:21","guid":{"rendered":"https:\/\/taizyfarmequipment.com\/?post_type=product&#038;p=3529"},"modified":"2025-11-26T17:05:14","modified_gmt":"2025-11-26T09:05:14","slug":"semoir-de-legumes-a-poussee-manuelle","status":"publish","type":"product","link":"https:\/\/taizyfarmequipment.com\/fr\/product\/hand-push-vegetable-seeder\/","title":{"rendered":"Semoir manuel de l\u00e9gumes | Machine de plantation de graines de l\u00e9gumes"},"content":{"rendered":"<div class=\"kk-star-ratings kksr-auto kksr-align-left kksr-valign-top\"     data-payload='{&quot;align&quot;:&quot;left&quot;,&quot;id&quot;:&quot;3529&quot;,&quot;slug&quot;:&quot;default&quot;,&quot;valign&quot;:&quot;top&quot;,&quot;ignore&quot;:&quot;&quot;,&quot;reference&quot;:&quot;auto&quot;,&quot;class&quot;:&quot;&quot;,&quot;count&quot;:&quot;12&quot;,&quot;legendonly&quot;:&quot;&quot;,&quot;readonly&quot;:&quot;&quot;,&quot;score&quot;:&quot;4.6&quot;,&quot;starsonly&quot;:&quot;&quot;,&quot;best&quot;:&quot;5&quot;,&quot;gap&quot;:&quot;5&quot;,&quot;greet&quot;:&quot;Rate this product&quot;,&quot;legend&quot;:&quot;4.6\\\/5 - (12 votes)&quot;,&quot;size&quot;:&quot;24&quot;,&quot;title&quot;:&quot;Hand push vegetable seeder | Vegetable seed planting machine&quot;,&quot;width&quot;:&quot;130.9&quot;,&quot;_legend&quot;:&quot;{score}\\\/{best} - ({count} {votes})&quot;,&quot;font_factor&quot;:&quot;1.25&quot;}'>              <div class=\"kksr-stars\">      <div class=\"kksr-stars-inactive\">             <div class=\"kksr-star\" data-star=\"1\" style=\"padding-right: 5px\">               <div class=\"kksr-icon\" style=\"width: 24px; height: 24px;\"><\/div>         <\/div>             <div class=\"kksr-star\" data-star=\"2\" style=\"padding-right: 5px\">               <div class=\"kksr-icon\" style=\"width: 24px; height: 24px;\"><\/div>         <\/div>             <div class=\"kksr-star\" data-star=\"3\" style=\"padding-right: 5px\">               <div class=\"kksr-icon\" style=\"width: 24px; height: 24px;\"><\/div>         <\/div>             <div class=\"kksr-star\" data-star=\"4\" style=\"padding-right: 5px\">               <div class=\"kksr-icon\" style=\"width: 24px; height: 24px;\"><\/div>         <\/div>             <div class=\"kksr-star\" data-star=\"5\" style=\"padding-right: 5px\">               <div class=\"kksr-icon\" style=\"width: 24px; height: 24px;\"><\/div>         <\/div>     <\/div>      <div class=\"kksr-stars-active\" style=\"width: 130.9px;\">             <div class=\"kksr-star\" style=\"padding-right: 5px\">               <div class=\"kksr-icon\" style=\"width: 24px; height: 24px;\"><\/div>         <\/div>             <div class=\"kksr-star\" style=\"padding-right: 5px\">               <div class=\"kksr-icon\" style=\"width: 24px; height: 24px;\"><\/div>         <\/div>             <div class=\"kksr-star\" style=\"padding-right: 5px\">               <div class=\"kksr-icon\" style=\"width: 24px; height: 24px;\"><\/div>         <\/div>             <div class=\"kksr-star\" style=\"padding-right: 5px\">               <div class=\"kksr-icon\" style=\"width: 24px; height: 24px;\"><\/div>         <\/div>             <div class=\"kksr-star\" style=\"padding-right: 5px\">               <div class=\"kksr-icon\" style=\"width: 24px; height: 24px;\"><\/div>         <\/div>     <\/div> <\/div>                   <div class=\"kksr-legend\" style=\"font-size: 19.2px;\">             4,6\/5 - (12 votes)    <\/div>     <\/div>  <p>Notre semoir de l\u00e9gumes \u00e0 pouss\u00e9e manuelle peut semer une vari\u00e9t\u00e9 de graines de l\u00e9gumes. Les planteuses de l\u00e9gumes ont diff\u00e9rents num\u00e9ros de rang\u00e9es, ce qui peut r\u00e9pondre \u00e0 la demande du client concernant le nombre de rang\u00e9es. En g\u00e9n\u00e9ral, nos planteuses de l\u00e9gumes sont \u00e0 moteur essence. \u00c9tant donn\u00e9 que la machine est dot\u00e9e d\u2019une traction motoris\u00e9e, les utilisateurs n\u2019ont pas besoin de d\u00e9ployer beaucoup d\u2019efforts pour l\u2019utiliser. Et le semoir de l\u00e9gumes a une vitesse de semis rapide, une efficacit\u00e9 \u00e9lev\u00e9e et un gain de temps. <\/p>    <p class=\"translation-block\">Lorsque la machine fonctionne, elle peut r\u00e9aliser en une seule fois les actions de creusement de tranch\u00e9e, de semis et de recouvrement de terre. Et la machine peut travailler sur des champs plats et en billons, ce qui la rend peu exigeante concernant le terrain et tr\u00e8s adaptable. De plus, nous disposons \u00e9galement d'une <a href=\"https:\/\/taizyfarmequipment.com\/fr\/produit-2\/machine-delevage-de-pepiniere\/\">machine de p\u00e9pini\u00e8re pour semis en plaques alv\u00e9ol\u00e9es<\/a>, adapt\u00e9e \u00e0 la plantation en serres.<\/p>    <figure class=\"wp-block-gallery has-nested-images columns-default is-cropped wp-block-gallery-2 is-layout-flex wp-block-gallery-is-layout-flex\"> <figure class=\"wp-block-image size-large\"><img loading=\"lazy\" decoding=\"async\" width=\"720\" height=\"540\" data-id=\"3535\" src=\"https:\/\/taizyfarmequipment.com\/wp-content\/uploads\/2022\/06\/hand-push-soybean-seeder-0.jpg\" alt=\"semoir de soja \u00e0 pouss\u00e9e manuelle \" class=\"wp-image-3535\" title=\"semoir de soja \u00e0 pouss\u00e9e manuelle \"\/><figcaption class=\"wp-element-caption\">semoir de soja \u00e0 pouss\u00e9e manuelle<\/figcaption><\/figure>    <figure class=\"wp-block-image size-large\"><img loading=\"lazy\" decoding=\"async\" width=\"720\" height=\"540\" data-id=\"3536\" src=\"https:\/\/taizyfarmequipment.com\/wp-content\/uploads\/2022\/06\/vegetable-seed-planting-machine-0.jpg\" alt=\"machine de plantation de graines de l\u00e9gumes\" class=\"wp-image-3536\" title=\"machine de plantation de graines de l\u00e9gumes\"\/><figcaption class=\"wp-element-caption\">machine de plantation de graines de l\u00e9gumes<\/figcaption><\/figure> <\/figure>    <h2 class=\"wp-block-heading\" id=\"h-application-scope-of-the-hand-push-vegetable-seeder\">Champ d'application du semoir de l\u00e9gumes \u00e0 pouss\u00e9e manuelle<\/h2>    <p class=\"translation-block\">Ce <a href=\"https:\/\/www.agriculture-machine.com\/vegetable-seed-planters-vegetable-sowing-machine\/\" target=\"_blank\" rel=\"noopener\">semoir \u00e0 l\u00e9gumes pouss\u00e9 \u00e0 la main<\/a> peut planter des carottes, radis daikon, carottes, navets, betteraves, oignons, \u00e9pinards, radis, daikon, carottes, navets, betteraves, oignons, pousses vertes, choux, asperges, tournesol, laitue, c\u00e9leri, chou, petit chou, b\u00e9b\u00e9 chou, choy sum, ciboule, radis rouge, s\u00e9same, vigne, poivre, chou-fleur, brocoli, colza, millet, soja, bl\u00e9, herbe fourrag\u00e8re, et d'autres petites et moyennes graines. Pour les graines de diff\u00e9rentes tailles, nous devons changer les diff\u00e9rents plateaux de semis.<\/p>    <figure class=\"wp-block-gallery has-nested-images columns-default is-cropped wp-block-gallery-3 is-layout-flex wp-block-gallery-is-layout-flex\"> <figure class=\"wp-block-image size-large\"><img loading=\"lazy\" decoding=\"async\" width=\"720\" height=\"540\" data-id=\"3532\" src=\"https:\/\/taizyfarmequipment.com\/wp-content\/uploads\/2022\/06\/seeds-0.jpg\" alt=\"graines\" class=\"wp-image-3532\" title=\"graines\"\/><figcaption class=\"wp-element-caption\">graines<\/figcaption><\/figure>    <figure class=\"wp-block-image size-large\"><img loading=\"lazy\" decoding=\"async\" width=\"720\" height=\"540\" data-id=\"3533\" src=\"https:\/\/taizyfarmequipment.com\/wp-content\/uploads\/2022\/06\/variuos-seeds-0.jpg\" alt=\"diverses graines\" class=\"wp-image-3533\" title=\"diverses graines\"\/><figcaption class=\"wp-element-caption\">diverses graines<\/figcaption><\/figure> <\/figure>    <h2 class=\"wp-block-heading\"><br><br>Structure de la planteuse de semences de l\u00e9gumes<\/h2>    <p>La machine de plantation de graines de l\u00e9gumes comprend principalement l'alimentation \u00e9lectrique, l'ouvreur, la tr\u00e9mie, la main courante, la roue de recouvrement du sol, les roues, etc.<\/p>    <figure class=\"wp-block-image size-full\"><img loading=\"lazy\" decoding=\"async\" width=\"720\" height=\"540\" src=\"https:\/\/taizyfarmequipment.com\/wp-content\/uploads\/2022\/06\/tomato-seed-planting-machine-0.jpg\" alt=\"planteuse de graines de tomates\" class=\"wp-image-3534\" title=\"planteuse de graines de tomates\"\/><figcaption class=\"wp-element-caption\">planteuse de graines de tomates<\/figcaption><\/figure>    <h2 class=\"wp-block-heading\">Principe de fonctionnement de la planteuse de graines de tomates<\/h2>    <p>Apr\u00e8s le contr\u00f4le pr\u00e9cis du nombre de graines plant\u00e9es par le syst\u00e8me local de contr\u00f4le des semis, les graines sont relativement r\u00e9guli\u00e8res et les graines individuelles sont d\u00e9vers\u00e9es dans la couche de sol. Au final, l'espacement des plantes est naturel et raisonnable, ce qui \u00e9vite le lien laborieux entre squattage artificiel et \u00e9claircissage. Dans le m\u00eame temps, l\u2019efficacit\u00e9 du semis est plus de 15 fois sup\u00e9rieure \u00e0 celle du semis manuel. <\/p>    <h2 class=\"wp-block-heading\">Sp\u00e9cification du semoir de l\u00e9gumes \u00e0 pouss\u00e9e manuelle<\/h2>    <figure class=\"wp-block-table\"><table><tbody><tr><td>M\u00e9thode de d\u00e9marrage<\/td><td>d\u00e9marrage par traction manuelle<\/td><\/tr><tr><td>Pouvoir<\/td><td>Moteur essence 170 4,0 kW<\/td><\/tr><tr><td>Poids<\/td><td>160 kg<\/td><\/tr><tr><td>Taille d'emballage<\/td><td>1160*1260*870mm<\/td><\/tr><\/tbody><\/table><figcaption class=\"wp-element-caption\">Param\u00e8tres du semoir de l\u00e9gumes \u00e0 pouss\u00e9e manuelle<\/figcaption><\/figure>    <h2 class=\"wp-block-heading\"><br>Quelles sont les caract\u00e9ristiques de la planteuse de l\u00e9gumes ?<\/h2>    <ol class=\"wp-block-list\"> <li>La machine de plantation de l\u00e9gumes peut effectuer l'amerrissage, le semis, le recouvrement du sol et le dynamitage en m\u00eame temps.<\/li>    <li>Dot\u00e9 de son propre planteur, il convient aux op\u00e9rations \u00e0 grande \u00e9chelle. Et peut travailler sur la cr\u00eate.<\/li>    <li>Les petites graines ont un bon effet sur une plantation intensive.<\/li>    <li>Facile \u00e0 utiliser et habile dans les virages.<\/li>    <li>La roue de semis fabriqu\u00e9e \u00e0 partir de mat\u00e9riaux sp\u00e9ciaux peut laisser tomber les graines avec pr\u00e9cision. Et avoir un taux de chute de graines \u00e9lev\u00e9. Cette machine permet donc \u00e9galement d'\u00e9conomiser des semences.<\/li>    <li>Les deux c\u00f4t\u00e9s sont \u00e9quip\u00e9s de roues mobiles en caoutchouc. Ainsi, il est pratique pour le stockage et le d\u00e9placement du planteur lorsqu\u2019il ne fonctionne pas.<\/li>    <li>Type de roue de semis, montage gratuit. Ainsi, il est d\u00e9tachable pour augmenter ou diminuer le nombre de lignes.<\/li>    <li>Nous pouvons changer la roue semeuse pour semer diff\u00e9rents types de graines.<\/li>    <li>Associez au hasard diff\u00e9rents types d'engrenages pour ajuster l'espacement des plantes.<\/li> <\/ol>    <p><\/p>","protected":false},"excerpt":{"rendered":"<p>Le semoir de l\u00e9gumes \u00e0 pouss\u00e9e manuelle peut semer une vari\u00e9t\u00e9 de graines de l\u00e9gumes. Et nous avons diff\u00e9rentes lignes, qui peuvent r\u00e9pondre \u00e0 la demande des diff\u00e9rents clients. <\/p>","protected":false},"author":1,"featured_media":3531,"parent":0,"template":"","tags":[],"product-type":[235],"class_list":["post-3529","product","type-product","status-publish","has-post-thumbnail","hentry","product-type-planter"],"_links":{"self":[{"href":"https:\/\/taizyfarmequipment.com\/fr\/wp-json\/wp\/v2\/product\/3529","targetHints":{"allow":["GET"]}}],"collection":[{"href":"https:\/\/taizyfarmequipment.com\/fr\/wp-json\/wp\/v2\/product"}],"about":[{"href":"https:\/\/taizyfarmequipment.com\/fr\/wp-json\/wp\/v2\/types\/product"}],"author":[{"embeddable":true,"href":"https:\/\/taizyfarmequipment.com\/fr\/wp-json\/wp\/v2\/users\/1"}],"wp:featuredmedia":[{"embeddable":true,"href":"https:\/\/taizyfarmequipment.com\/fr\/wp-json\/wp\/v2\/media\/3531"}],"wp:attachment":[{"href":"https:\/\/taizyfarmequipment.com\/fr\/wp-json\/wp\/v2\/media?parent=3529"}],"wp:term":[{"taxonomy":"post_tag","embeddable":true,"href":"https:\/\/taizyfarmequipment.com\/fr\/wp-json\/wp\/v2\/tags?post=3529"},{"taxonomy":"product-type","embeddable":true,"href":"https:\/\/taizyfarmequipment.com\/fr\/wp-json\/wp\/v2\/product-type?post=3529"}],"curies":[{"name":"wp","href":"https:\/\/api.w.org\/{rel}","templated":true}]}}