{"id":3552,"date":"2022-06-10T09:35:42","date_gmt":"2022-06-10T09:35:42","guid":{"rendered":"https:\/\/taizyfarmequipment.com\/?post_type=product&#038;p=3552"},"modified":"2025-06-18T17:34:51","modified_gmt":"2025-06-18T09:34:51","slug":"decortiqueuse-de-mais","status":"publish","type":"product","link":"https:\/\/taizyfarmequipment.com\/fr\/product\/maize-sheller-machine\/","title":{"rendered":"Machine \u00e0 d\u00e9cortiquer le ma\u00efs | Machine \u00e0 battre le ma\u00efs \u00e0 haute capacit\u00e9"},"content":{"rendered":"<div class=\"kk-star-ratings kksr-auto kksr-align-left kksr-valign-top\"     data-payload='{&quot;align&quot;:&quot;left&quot;,&quot;id&quot;:&quot;3552&quot;,&quot;slug&quot;:&quot;default&quot;,&quot;valign&quot;:&quot;top&quot;,&quot;ignore&quot;:&quot;&quot;,&quot;reference&quot;:&quot;auto&quot;,&quot;class&quot;:&quot;&quot;,&quot;count&quot;:&quot;15&quot;,&quot;legendonly&quot;:&quot;&quot;,&quot;readonly&quot;:&quot;&quot;,&quot;score&quot;:&quot;4.7&quot;,&quot;starsonly&quot;:&quot;&quot;,&quot;best&quot;:&quot;5&quot;,&quot;gap&quot;:&quot;5&quot;,&quot;greet&quot;:&quot;Rate this product&quot;,&quot;legend&quot;:&quot;4.7\\\/5 - (15 votes)&quot;,&quot;size&quot;:&quot;24&quot;,&quot;title&quot;:&quot;Maize sheller machine | High capacity corn threshing machine&quot;,&quot;width&quot;:&quot;133.8&quot;,&quot;_legend&quot;:&quot;{score}\\\/{best} - ({count} {votes})&quot;,&quot;font_factor&quot;:&quot;1.25&quot;}'>              <div class=\"kksr-stars\">      <div class=\"kksr-stars-inactive\">             <div class=\"kksr-star\" data-star=\"1\" style=\"padding-right: 5px\">               <div class=\"kksr-icon\" style=\"width: 24px; height: 24px;\"><\/div>         <\/div>             <div class=\"kksr-star\" data-star=\"2\" style=\"padding-right: 5px\">               <div class=\"kksr-icon\" style=\"width: 24px; height: 24px;\"><\/div>         <\/div>             <div class=\"kksr-star\" data-star=\"3\" style=\"padding-right: 5px\">               <div class=\"kksr-icon\" style=\"width: 24px; height: 24px;\"><\/div>         <\/div>             <div class=\"kksr-star\" data-star=\"4\" style=\"padding-right: 5px\">               <div class=\"kksr-icon\" style=\"width: 24px; height: 24px;\"><\/div>         <\/div>             <div class=\"kksr-star\" data-star=\"5\" style=\"padding-right: 5px\">               <div class=\"kksr-icon\" style=\"width: 24px; height: 24px;\"><\/div>         <\/div>     <\/div>      <div class=\"kksr-stars-active\" style=\"width: 133.8px;\">             <div class=\"kksr-star\" style=\"padding-right: 5px\">               <div class=\"kksr-icon\" style=\"width: 24px; height: 24px;\"><\/div>         <\/div>             <div class=\"kksr-star\" style=\"padding-right: 5px\">               <div class=\"kksr-icon\" style=\"width: 24px; height: 24px;\"><\/div>         <\/div>             <div class=\"kksr-star\" style=\"padding-right: 5px\">               <div class=\"kksr-icon\" style=\"width: 24px; height: 24px;\"><\/div>         <\/div>             <div class=\"kksr-star\" style=\"padding-right: 5px\">               <div class=\"kksr-icon\" style=\"width: 24px; height: 24px;\"><\/div>         <\/div>             <div class=\"kksr-star\" style=\"padding-right: 5px\">               <div class=\"kksr-icon\" style=\"width: 24px; height: 24px;\"><\/div>         <\/div>     <\/div> <\/div>                   <div class=\"kksr-legend\" style=\"font-size: 19.2px;\">             4,7\/5 - (15 votes)    <\/div>     <\/div>  <p class=\"translation-block\">La <strong>D\u00e9cortiqueuse de ma\u00efs<\/strong> est un \u00e9quipement d'\u00e9grenage du ma\u00efs \u00e0 haute efficacit\u00e9 qui rationalise le processus post-r\u00e9colte pour les agriculteurs et les transformateurs de c\u00e9r\u00e9ales. <\/p>    <p>Capable de traiter jusqu'\u00e0 6 tonnes de ma\u00efs sec par heure, cette machine garantit un taux d'\u00e9grenage impressionnant de plus de 99,5 % avec un taux de dommages de moins de 1,5 %. Elle combine \u00e9grenage, s\u00e9paration, nettoyage et d\u00e9chargement des grains en une seule op\u00e9ration fluide. <\/p>    <p>Aliment\u00e9e par un moteur diesel ou un moteur \u00e9lectrique, la machine \u00e0 \u00e9grener le ma\u00efs est \u00e9quip\u00e9e d'un syst\u00e8me d'alimentation par convoyeur, d'un d\u00e9chargeur \u00e0 cyclone et de composants r\u00e9glables pour s'adapter \u00e0 diverses conditions de travail. <\/p>    <figure class=\"wp-block-embed is-type-video is-provider-youtube wp-block-embed-youtube wp-embed-aspect-16-9 wp-has-aspect-ratio\"><div class=\"wp-block-embed__wrapper\"> <iframe loading=\"lazy\" title=\"Machine \u00e0 \u00e9grener le ma\u00efs haute performance \u2013 Maximisez votre r\u00e9colte ! #ma\u00efs #r\u00e9colte #\u00e9grenage #agriculture\" width=\"500\" height=\"281\" src=\"https:\/\/www.youtube.com\/embed\/R3A8AMbCGYA?feature=oembed\" frameborder=\"0\" allow=\"accelerometer; autoplay; clipboard-write; encrypted-media; gyroscope; picture-in-picture; web-share\" referrerpolicy=\"strict-origin-when-cross-origin\" allowfullscreen><\/iframe> <\/div><figcaption class=\"wp-element-caption\">vid\u00e9o de fonctionnement de la machine \u00e0 d\u00e9cortiquer le ma\u00efs<\/figcaption><\/figure>    <h2 class=\"wp-block-heading\" id=\"h-what-is-a-sheller-machine\">Machine \u00e0 d\u00e9cortiquer le ma\u00efs \u00e0 vendre<\/h2>    <p class=\"translation-block\"><strong>D\u00e9cortiqueuse de ma\u00efs \u00e0 vendre<\/strong> \u2013 con\u00e7ue pour retirer efficacement les grains de ma\u00efs de l'\u00e9pi en grande quantit\u00e9. Cette machine polyvalente prend en charge des options de moteur diesel ou de moteur \u00e9lectrique, lui permettant de r\u00e9pondre aux divers besoins \u00e9nerg\u00e9tiques des clients dans diff\u00e9rentes r\u00e9gions. <\/p>    <p>Pour am\u00e9liorer encore la commodit\u00e9, des accessoires optionnels tels qu'un tuyau de transport de grain et un tapis roulant sont disponibles, ce qui permet de r\u00e9duire consid\u00e9rablement l'effort manuel pendant l'op\u00e9ration. <\/p>    <p class=\"translation-block\">En plus de la d\u00e9cortiqueuse de ma\u00efs pour ma\u00efs sec, nous proposons \u00e9galement une <strong><a href=\"https:\/\/taizyfarmequipment.com\/fr\/produit-2\/decortiqueuse-de-mais-frais\/\" data-type=\"link\" data-id=\"https:\/\/taizyfarmequipment.com\/product\/fresh-corn-shelling-machine\/\">machine d'\u00e9grenage pour ma\u00efs frais<\/a><\/strong> sp\u00e9cialement con\u00e7ue pour traiter le ma\u00efs non s\u00e9ch\u00e9, offrant plus de flexibilit\u00e9 pour diff\u00e9rentes conditions de r\u00e9colte.<\/p>    <figure class=\"wp-block-gallery has-nested-images columns-default is-cropped wp-block-gallery-2 is-layout-flex wp-block-gallery-is-layout-flex\"> <figure class=\"wp-block-image size-large\"><img loading=\"lazy\" decoding=\"async\" width=\"720\" height=\"540\" data-id=\"3555\" src=\"https:\/\/taizyfarmequipment.com\/wp-content\/uploads\/2022\/06\/maize-sheller-machine-1.jpg\" alt=\"d\u00e9cortiqueuse de ma\u00efs\" class=\"wp-image-3555\" title=\"d\u00e9cortiqueuse de ma\u00efs\"\/><figcaption class=\"wp-element-caption\">d\u00e9cortiqueuse de ma\u00efs<\/figcaption><\/figure>    <figure class=\"wp-block-image size-large\"><img loading=\"lazy\" decoding=\"async\" width=\"720\" height=\"540\" data-id=\"3556\" src=\"https:\/\/taizyfarmequipment.com\/wp-content\/uploads\/2022\/06\/corn-thresher-machine-.jpg\" alt=\"batteuse de ma\u00efs \" class=\"wp-image-3556\" title=\"batteuse de ma\u00efs \"\/><figcaption class=\"wp-element-caption\">batteuse de ma\u00efs <\/figcaption><\/figure> <\/figure>    <h2 class=\"wp-block-heading\">Structure de la d\u00e9cortiqueuse de ma\u00efs<\/h2>    <p>La machine \u00e0 d\u00e9cortiquer le ma\u00efs pr\u00e9sente une structure bien con\u00e7ue qui garantit un battage efficace du ma\u00efs et une utilisation facile. Elle est construite avec des composants durables qui travaillent ensemble pour s\u00e9parer les grains de ma\u00efs de l'\u00e9pi tout en minimisant l'effort de travail.<\/p>    <div class=\"wp-block-media-text is-stacked-on-mobile\"><figure class=\"wp-block-media-text__media\"><img loading=\"lazy\" decoding=\"async\" width=\"720\" height=\"540\" src=\"https:\/\/taizyfarmequipment.com\/wp-content\/uploads\/2022\/06\/high-capacity-corn-threshing-machine-.jpg\" alt=\"batteuse de ma\u00efs de grande capacit\u00e9\" class=\"wp-image-3557 size-full\"\/><\/figure><div class=\"wp-block-media-text__content\"> <ul class=\"wp-block-list\"> <li><strong>Entr\u00e9e de ma\u00efs<\/strong> \u2013 O\u00f9 le ma\u00efs est introduit dans la machine.<\/li>    <li><strong>Dispositif de battage et de roulage interne<\/strong> \u2013 Responsable du d\u00e9tachement des grains de l'\u00e9pi par rotation \u00e0 grande vitesse et friction.<\/li>    <li><strong>Sortie de grain de ma\u00efs<\/strong> \u2013 \u00c9vacue les grains s\u00e9par\u00e9s apr\u00e8s traitement.<\/li>    <li><strong>Sortie de \u00e9pi de ma\u00efs<\/strong> \u2013 Expulse les \u00e9pis vides s\u00e9par\u00e9ment pour garder le processus propre et efficace.<\/li>    <li><strong>Syst\u00e8me d'alimentation<\/strong> \u2013 \u00c9quip\u00e9 soit d'un moteur \u00e9lectrique, soit d'un moteur diesel pour s'adapter \u00e0 la disponibilit\u00e9 de l'\u00e9nergie.<\/li>    <li><strong>Cadre de machine<\/strong> \u2013 Fournit une base stable pour soutenir tous les composants pendant le fonctionnement.<\/li> <\/ul> <\/div><\/div>    <p class=\"translation-block\"><strong>\u00c9quipement optionnel :<\/strong> Pour am\u00e9liorer davantage l'efficacit\u00e9 de travail, la d\u00e9cortiqueuse de ma\u00efs peut \u00eatre \u00e9quip\u00e9e d'une <strong>tapis roulant<\/strong> et d'un <strong>tuyau de transport des grains<\/strong>. Le tapis roulant simplifie le processus d'alimentation en livrant automatiquement le ma\u00efs \u00e0 la chambre d'\u00e9grenage, r\u00e9duisant le besoin de manutention manuelle. <\/p>    <p>Pendant ce temps, le tuyau de transport des grains permet la collecte et le transport centralis\u00e9s des grains d\u00e9cortiqu\u00e9s vers un emplacement d\u00e9sign\u00e9. Ces deux ajouts aident \u00e0 \u00e9conomiser du travail et rendent l'ensemble de l'op\u00e9ration plus pratique et rationalis\u00e9e.<\/p>    <h2 class=\"wp-block-heading\">Sp\u00e9cifications de la d\u00e9cortiqueuse de ma\u00efs commerciale<\/h2>    <figure class=\"wp-block-table\"><table><tbody><tr><td>Mod\u00e8le<\/td><td>5TY-80D (avec alimentateur \u00e9l\u00e9vateur et convoyeur)<\/td><\/tr><tr><td>Pouvoir<\/td><td>Moteur diesel 15HP ou moteur 7,5 KW<\/td><\/tr><tr><td>Capacit\u00e9<\/td><td>6t\/h (graines de ma\u00efs)<\/td><\/tr><tr><td>Taux de battage<\/td><td>\u226599,5%<\/td><\/tr><tr><td>Taux de perte<\/td><td>\u22642,0%<\/td><\/tr><tr><td>Taux de casse<\/td><td>\u22641,5%<\/td><\/tr><tr><td>Taux d'impuret\u00e9s<\/td><td>\u22641,0%<\/td><\/tr><tr><td>Poids<\/td><td>350 kg<\/td><\/tr><tr><td>Taille<\/td><td>3860*1360*2480\u00a0mm<\/td><\/tr><\/tbody><\/table><figcaption class=\"wp-element-caption\"><strong>d\u00e9cortiqueuse de ma\u00efs commerciale<\/strong>les param\u00e8tres de<\/figcaption><\/figure>    <h2 class=\"wp-block-heading\">Proc\u00e9dure de travail de la d\u00e9cortiqueuse de ma\u00efs<\/h2>    <div class=\"wp-block-media-text has-media-on-the-right is-stacked-on-mobile\"><div class=\"wp-block-media-text__content\"> <ul class=\"wp-block-list\"> <li><strong>Alimentation en ma\u00efs sur le tapis roulant<\/strong> <ul class=\"wp-block-list\"> <li>L'utilisateur commence par placer le ma\u00efs sur la bande transporteuse de la machine \u00e0 d\u00e9cortiquer le ma\u00efs.<\/li> <\/ul> <\/li>    <li><strong>Livraison par tapis roulant \u00e0 la chambre de battage<\/strong> <ul class=\"wp-block-list\"> <li>La bande transporteuse se d\u00e9place en continu, transportant le ma\u00efs et le livrant dans la chambre de battage de la machine.<\/li> <\/ul> <\/li>    <li><strong>Action de battage \u00e0 l'int\u00e9rieur de la chambre<\/strong> <ul class=\"wp-block-list\"> <li>Une fois dans la chambre de battage, le ma\u00efs rencontre le rouleau en fer et l'\u00e9cran.<\/li>    <li>Le rouleau en fer tourne et, par son interaction avec l'\u00e9cran, applique des forces de friction et d'impact sur le ma\u00efs. Cette action bat le ma\u00efs, d\u00e9tachant les grains des \u00e9pis.<\/li> <\/ul> <\/li> <\/ul> <\/div><figure class=\"wp-block-media-text__media\"><img loading=\"lazy\" decoding=\"async\" width=\"720\" height=\"540\" src=\"https:\/\/taizyfarmequipment.com\/wp-content\/uploads\/2022\/06\/automatic-corn-threshing-machine-.jpg\" alt=\"batteuse de ma\u00efs automatique \" class=\"wp-image-3559 size-full\"\/><\/figure><\/div>    <div class=\"wp-block-media-text is-stacked-on-mobile\"><figure class=\"wp-block-media-text__media\"><img loading=\"lazy\" decoding=\"async\" width=\"720\" height=\"540\" src=\"https:\/\/taizyfarmequipment.com\/wp-content\/uploads\/2022\/06\/high-speed-maize-sheller-machine-.jpg\" alt=\"d\u00e9cortiqueuse de ma\u00efs \u00e0 grande vitesse\" class=\"wp-image-3561 size-full\"\/><\/figure><div class=\"wp-block-media-text__content\"> <ul class=\"wp-block-list\"> <li><strong>S\u00e9paration des \u00e9pis de ma\u00efs et des grains<\/strong> <ul class=\"wp-block-list\"> <li>Apr\u00e8s le battage, les m\u00e9canismes internes de la machine, qui peuvent d\u00e9pendre de facteurs tels que la taille, la forme et les diff\u00e9rences de poids, s\u00e9parent les \u00e9pis de ma\u00efs des grains.<\/li> <\/ul> <\/li>    <li><strong>D\u00e9charge des sorties correspondantes<\/strong> <ul class=\"wp-block-list\"> <li>Les grains de ma\u00efs s\u00e9par\u00e9s sortent de la machine par la sortie d\u00e9sign\u00e9e pour les grains.<\/li>    <li>Les \u00e9pis de ma\u00efs sont d\u00e9charg\u00e9s par la sortie des \u00e9pis, compl\u00e9tant ainsi le processus de d\u00e9corticage.<\/li> <\/ul> <\/li> <\/ul> <\/div><\/div>    <h2 class=\"wp-block-heading\"><strong>Avantages de la batteuse de ma\u00efs automatique<\/strong><\/h2>    <div class=\"wp-block-media-text has-media-on-the-right is-stacked-on-mobile\"><div class=\"wp-block-media-text__content\"> <ul class=\"wp-block-list\"> <li><strong>Fonctions multiples en une seule \u00e9tape<\/strong> \u2013 Cette machine int\u00e8gre le battage, la s\u00e9paration, le nettoyage et l'empilage, accomplissant toutes les t\u00e2ches en une seule op\u00e9ration.<\/li>    <li><strong>Haute efficacit\u00e9<\/strong> \u2013 Avec une production allant jusqu'\u00e0 6 tonnes par heure, elle am\u00e9liore consid\u00e9rablement la productivit\u00e9.<\/li>    <li><strong>Excellente performance<\/strong> \u2013 Elle garantit un taux \u00e9lev\u00e9 d'\u00e9limination des grains et fournit un produit final propre.<\/li>    <li><strong>Construction durable<\/strong> \u2013 Fabriqu\u00e9e avec des mat\u00e9riaux de haute qualit\u00e9, la machine est robuste et fiable pour une utilisation \u00e0 long terme.<\/li>    <li><strong>Transport de grain efficace<\/strong> \u2013 Le tuyau de transport de grain optionnel aide \u00e0 livrer les grains de ma\u00efs directement \u00e0 un emplacement d\u00e9sign\u00e9, r\u00e9duisant le travail et augmentant la commodit\u00e9.<\/li> <\/ul> <\/div><figure class=\"wp-block-media-text__media\"><img loading=\"lazy\" decoding=\"async\" width=\"720\" height=\"540\" src=\"https:\/\/taizyfarmequipment.com\/wp-content\/uploads\/2022\/06\/Maize-sheller-machine.webp\" alt=\"Machine \u00e0 d\u00e9cortiquer le ma\u00efs\" class=\"wp-image-4852 size-full\" srcset=\"https:\/\/taizyfarmequipment.com\/wp-content\/uploads\/2022\/06\/Maize-sheller-machine.webp 720w, https:\/\/taizyfarmequipment.com\/wp-content\/uploads\/2022\/06\/Maize-sheller-machine-300x225.webp 300w, https:\/\/taizyfarmequipment.com\/wp-content\/uploads\/2022\/06\/Maize-sheller-machine-16x12.webp 16w\" sizes=\"auto, (max-width: 720px) 100vw, 720px\" \/><\/figure><\/div>    <h2 class=\"wp-block-heading\">Installation et r\u00e9glage d'une d\u00e9cortiqueuse de ma\u00efs industrielle<\/h2>    <div class=\"wp-block-media-text is-stacked-on-mobile\"><figure class=\"wp-block-media-text__media\"><img loading=\"lazy\" decoding=\"async\" width=\"720\" height=\"540\" src=\"https:\/\/taizyfarmequipment.com\/wp-content\/uploads\/2022\/06\/industrial-corn-sheller-.jpg\" alt=\"d\u00e9cortiqueuse de ma\u00efs industrielle\" class=\"wp-image-3560 size-full\"\/><\/figure><div class=\"wp-block-media-text__content\"> <ul class=\"wp-block-list\"> <li><strong>Installer le moteur diesel<\/strong> sur le cadre. Ajustez la tige de vis pour serrer ou desserrer la ceinture. D\u00e9vissez la vis de s\u00e9paration pour soulever le moteur, desserrer la ceinture et permettre un d\u00e9marrage \u00e0 vide.<\/li>    <li><strong>V\u00e9rifiez la tension de la courroie<\/strong> pour le mandrin, la vis sans fin, l'\u00e9l\u00e9vateur et le ventilateur. Assurez-vous que toutes les courroies sont mod\u00e9r\u00e9ment tendues.<\/li>    <li><strong>Ajustez l'angle de l'\u00e9cran vibrant<\/strong> en changeant la hauteur des deux cadres de support pour contr\u00f4ler la vitesse de d\u00e9charge des impuret\u00e9s.<\/li>    <li><strong>Mettez en place la sortie des impuret\u00e9s<\/strong>. Attachez un grand sac tiss\u00e9 en dessous de l'\u00e9cran pour collecter les impuret\u00e9s d\u00e9charg\u00e9es.<\/li>    <li><strong>Stabilisez la machine<\/strong> en ajustant les tiges de support sous le moteur diesel jusqu'\u00e0 ce que les roues soient presque hors du sol pour un fonctionnement stable.<\/li> <\/ul> <\/div><\/div>    <h2 class=\"wp-block-heading\">Contactez-nous maintenant!<\/h2>    <p class=\"translation-block\">Notre <strong><a href=\"https:\/\/en.wikipedia.org\/wiki\/Maize\" data-type=\"link\" data-id=\"https:\/\/en.wikipedia.org\/wiki\/Maize\" target=\"_blank\" rel=\"noopener\">ma\u00efs<\/a> d\u00e9cortiqueuse<\/strong> offre une efficacit\u00e9 et une durabilit\u00e9 exceptionnelles. Avec des options pour l'alimentation diesel ou \u00e9lectrique et des accessoires suppl\u00e9mentaires tels que des tapis roulants et des tuyaux \u00e0 grains, cette machine peut \u00eatre personnalis\u00e9e pour r\u00e9pondre \u00e0 vos besoins sp\u00e9cifiques et am\u00e9liorer votre flux de traitement du ma\u00efs. <\/p>    <p class=\"translation-block\">Outre la d\u00e9cortiqueuse de ma\u00efs, nous fournissons une gamme compl\u00e8te d'\u00e9quipements de transformation du ma\u00efs, y compris des <a href=\"https:\/\/taizyfarmequipment.com\/fr\/produit-2\/machine-de-broyeur-a-disques\/\" data-type=\"link\" data-id=\"https:\/\/taizyfarmequipment.com\/product\/disk-mill-machine\/\">moulins \u00e0 ma\u00efs<\/a> et des <a href=\"https:\/\/taizyfarmequipment.com\/fr\/produit-2\/decortiqueuse-de-mais-frais\/\" data-type=\"link\" data-id=\"https:\/\/taizyfarmequipment.com\/product\/fresh-corn-shelling-machine\/\">d\u00e9cortiqueuses pour ma\u00efs frais<\/a>, con\u00e7us pour vous aider \u00e0 g\u00e9rer chaque \u00e9tape de la production de ma\u00efs en toute simplicit\u00e9. <\/p>    <p>Si vous souhaitez augmenter votre productivit\u00e9 et r\u00e9duire vos co\u00fbts de main-d'\u0153uvre, n'h\u00e9sitez pas \u00e0 nous contacter pour une consultation d\u00e9taill\u00e9e et des prix comp\u00e9titifs. Nous sommes impatients de vous aider \u00e0 trouver la solution de machines parfaite !<\/p>    <figure class=\"wp-block-image size-large\"><img loading=\"lazy\" decoding=\"async\" width=\"720\" height=\"540\" src=\"https:\/\/taizyfarmequipment.com\/wp-content\/uploads\/2022\/06\/corn-threshing-machine.webp\" alt=\"batteuse de ma\u00efs\" class=\"wp-image-4854\" srcset=\"https:\/\/taizyfarmequipment.com\/wp-content\/uploads\/2022\/06\/corn-threshing-machine.webp 720w, https:\/\/taizyfarmequipment.com\/wp-content\/uploads\/2022\/06\/corn-threshing-machine-300x225.webp 300w, https:\/\/taizyfarmequipment.com\/wp-content\/uploads\/2022\/06\/corn-threshing-machine-16x12.webp 16w\" sizes=\"auto, (max-width: 720px) 100vw, 720px\" \/><figcaption class=\"wp-element-caption\">batteuse de ma\u00efs<\/figcaption><\/figure>","protected":false},"excerpt":{"rendered":"<p>La machine \u00e0 d\u00e9cortiquer le ma\u00efs est un \u00e9quipement de battage du ma\u00efs \u00e0 haute efficacit\u00e9 qui rationalise le processus post-r\u00e9colte pour les agriculteurs et les transformateurs de grains. <\/p>","protected":false},"author":1,"featured_media":3554,"parent":0,"template":"","tags":[340],"product-type":[129],"class_list":["post-3552","product","type-product","status-publish","has-post-thumbnail","hentry","tag-maize-sheller-machine","product-type-thresher-and-sheller"],"_links":{"self":[{"href":"https:\/\/taizyfarmequipment.com\/fr\/wp-json\/wp\/v2\/product\/3552","targetHints":{"allow":["GET"]}}],"collection":[{"href":"https:\/\/taizyfarmequipment.com\/fr\/wp-json\/wp\/v2\/product"}],"about":[{"href":"https:\/\/taizyfarmequipment.com\/fr\/wp-json\/wp\/v2\/types\/product"}],"author":[{"embeddable":true,"href":"https:\/\/taizyfarmequipment.com\/fr\/wp-json\/wp\/v2\/users\/1"}],"wp:featuredmedia":[{"embeddable":true,"href":"https:\/\/taizyfarmequipment.com\/fr\/wp-json\/wp\/v2\/media\/3554"}],"wp:attachment":[{"href":"https:\/\/taizyfarmequipment.com\/fr\/wp-json\/wp\/v2\/media?parent=3552"}],"wp:term":[{"taxonomy":"post_tag","embeddable":true,"href":"https:\/\/taizyfarmequipment.com\/fr\/wp-json\/wp\/v2\/tags?post=3552"},{"taxonomy":"product-type","embeddable":true,"href":"https:\/\/taizyfarmequipment.com\/fr\/wp-json\/wp\/v2\/product-type?post=3552"}],"curies":[{"name":"wp","href":"https:\/\/api.w.org\/{rel}","templated":true}]}}