{"id":3849,"date":"2022-11-21T17:58:07","date_gmt":"2022-11-21T09:58:07","guid":{"rendered":"https:\/\/taizyfarmequipment.com\/?post_type=product&#038;p=3849"},"modified":"2025-11-26T16:12:54","modified_gmt":"2025-11-26T08:12:54","slug":"ensileuse-a-vendre","status":"publish","type":"product","link":"https:\/\/taizyfarmequipment.com\/fr\/product\/forage-harvester-for-sale\/","title":{"rendered":"Ensileuse \u00e0 vendre | Ensileuse"},"content":{"rendered":"<div class=\"kk-star-ratings kksr-auto kksr-align-left kksr-valign-top\"     data-payload='{&quot;align&quot;:&quot;left&quot;,&quot;id&quot;:&quot;3849&quot;,&quot;slug&quot;:&quot;default&quot;,&quot;valign&quot;:&quot;top&quot;,&quot;ignore&quot;:&quot;&quot;,&quot;reference&quot;:&quot;auto&quot;,&quot;class&quot;:&quot;&quot;,&quot;count&quot;:&quot;16&quot;,&quot;legendonly&quot;:&quot;&quot;,&quot;readonly&quot;:&quot;&quot;,&quot;score&quot;:&quot;4.6&quot;,&quot;starsonly&quot;:&quot;&quot;,&quot;best&quot;:&quot;5&quot;,&quot;gap&quot;:&quot;5&quot;,&quot;greet&quot;:&quot;Rate this product&quot;,&quot;legend&quot;:&quot;4.6\\\/5 - (16 votes)&quot;,&quot;size&quot;:&quot;24&quot;,&quot;title&quot;:&quot;Forage harvester for sale | Silage harvester&quot;,&quot;width&quot;:&quot;130.9&quot;,&quot;_legend&quot;:&quot;{score}\\\/{best} - ({count} {votes})&quot;,&quot;font_factor&quot;:&quot;1.25&quot;}'>              <div class=\"kksr-stars\">      <div class=\"kksr-stars-inactive\">             <div class=\"kksr-star\" data-star=\"1\" style=\"padding-right: 5px\">               <div class=\"kksr-icon\" style=\"width: 24px; height: 24px;\"><\/div>         <\/div>             <div class=\"kksr-star\" data-star=\"2\" style=\"padding-right: 5px\">               <div class=\"kksr-icon\" style=\"width: 24px; height: 24px;\"><\/div>         <\/div>             <div class=\"kksr-star\" data-star=\"3\" style=\"padding-right: 5px\">               <div class=\"kksr-icon\" style=\"width: 24px; height: 24px;\"><\/div>         <\/div>             <div class=\"kksr-star\" data-star=\"4\" style=\"padding-right: 5px\">               <div class=\"kksr-icon\" style=\"width: 24px; height: 24px;\"><\/div>         <\/div>             <div class=\"kksr-star\" data-star=\"5\" style=\"padding-right: 5px\">               <div class=\"kksr-icon\" style=\"width: 24px; height: 24px;\"><\/div>         <\/div>     <\/div>      <div class=\"kksr-stars-active\" style=\"width: 130.9px;\">             <div class=\"kksr-star\" style=\"padding-right: 5px\">               <div class=\"kksr-icon\" style=\"width: 24px; height: 24px;\"><\/div>         <\/div>             <div class=\"kksr-star\" style=\"padding-right: 5px\">               <div class=\"kksr-icon\" style=\"width: 24px; height: 24px;\"><\/div>         <\/div>             <div class=\"kksr-star\" style=\"padding-right: 5px\">               <div class=\"kksr-icon\" style=\"width: 24px; height: 24px;\"><\/div>         <\/div>             <div class=\"kksr-star\" style=\"padding-right: 5px\">               <div class=\"kksr-icon\" style=\"width: 24px; height: 24px;\"><\/div>         <\/div>             <div class=\"kksr-star\" style=\"padding-right: 5px\">               <div class=\"kksr-icon\" style=\"width: 24px; height: 24px;\"><\/div>         <\/div>     <\/div> <\/div>                   <div class=\"kksr-legend\" style=\"font-size: 19.2px;\">             4,6\/5 - (16 votes)    <\/div>     <\/div>  <p>L'ensileuse est efficace pour le broyage et la collecte de la paille. Il peut \u00e9craser les tiges de ma\u00efs et les retourner au champ ou les collecter pour les utiliser comme aliment du b\u00e9tail ou comme fourrage. <\/p>    <p>Disponible en diff\u00e9rents mod\u00e8les avec des largeurs de coupe allant de 1 m \u00e0 2 m, l'abatteuse est compatible avec un tracteur de 60 CV et fonctionne \u00e0 une capacit\u00e9 de 0,25 \u00e0 0,48 m\u00b2\/h, atteignant un taux de r\u00e9cup\u00e9ration sup\u00e9rieur \u00e0 801 TP3T. <\/p>    <p>La hauteur de chaume r\u00e9glable et les capacit\u00e9s de coupe efficaces en font un outil essentiel pour une gestion efficace de la paille dans les op\u00e9rations agricoles.<\/p>    <figure class=\"wp-block-embed is-type-video is-provider-youtube wp-block-embed-youtube wp-embed-aspect-16-9 wp-has-aspect-ratio\"><div class=\"wp-block-embed__wrapper\"> <iframe loading=\"lazy\" title=\"Rencontrez les experts\u00a0: entretiens avec des agriculteurs sur les meilleures pratiques en mati\u00e8re d&#039;ensilage #silage #forage\" width=\"500\" height=\"281\" src=\"https:\/\/www.youtube.com\/embed\/GWtISYUIpYM?feature=oembed\" frameborder=\"0\" allow=\"accelerometer; autoplay; clipboard-write; encrypted-media; gyroscope; picture-in-picture; web-share\" referrerpolicy=\"strict-origin-when-cross-origin\" allowfullscreen><\/iframe> <\/div><figcaption class=\"wp-element-caption\">Processus de travail de l'ensileuse<\/figcaption><\/figure>    <h2 class=\"wp-block-heading\">Domaine d'application de l'ensileuse<\/h2>    <div class=\"wp-block-media-text is-stacked-on-mobile\"><figure class=\"wp-block-media-text__media\"><img loading=\"lazy\" decoding=\"async\" width=\"720\" height=\"540\" src=\"https:\/\/taizyfarmequipment.com\/wp-content\/uploads\/2022\/11\/straw-field.webp\" alt=\"champ de paille\" class=\"wp-image-4726 size-full\" srcset=\"https:\/\/taizyfarmequipment.com\/wp-content\/uploads\/2022\/11\/straw-field.webp 720w, https:\/\/taizyfarmequipment.com\/wp-content\/uploads\/2022\/11\/straw-field-300x225.webp 300w, https:\/\/taizyfarmequipment.com\/wp-content\/uploads\/2022\/11\/straw-field-16x12.webp 16w\" sizes=\"auto, (max-width: 720px) 100vw, 720px\" \/><\/figure><div class=\"wp-block-media-text__content\"> <p>L'ensileuse peut traiter diverses mati\u00e8res premi\u00e8res, notamment :<\/p>    <ul class=\"wp-block-list\"> <li>Ma\u00efs <a href=\"https:\/\/en.wikipedia.org\/wiki\/Stalk\" data-type=\"link\" data-id=\"https:\/\/en.wikipedia.org\/wiki\/Stalk\" target=\"_blank\" rel=\"noopener\">tiges<\/a><\/li>    <li>Tiges de sorgho<\/li>    <li>Tiges de coton<\/li>    <li>Tiges de bl\u00e9<\/li>    <li>Gramin\u00e9es<\/li> <\/ul>    <p>Les mati\u00e8res premi\u00e8res broy\u00e9es peuvent \u00eatre :<\/p>    <ul class=\"wp-block-list\"> <li>Emball\u00e9 dans de l'ensilage pour le stockage<\/li>    <li>Directement retourn\u00e9 sur le terrain<\/li> <\/ul> <\/div><\/div>    <h2 class=\"wp-block-heading\">Ensileuse \u00e0 vendre<\/h2>    <div class=\"wp-block-media-text has-media-on-the-right is-stacked-on-mobile\"><div class=\"wp-block-media-text__content\"> <ul class=\"wp-block-list\"> <li>L'ensileuse n\u00e9cessite un tracteur pour fonctionner, la taille du tracteur variant selon le mod\u00e8le.<\/li>    <li>Une ensileuse avec une largeur de r\u00e9colte de 1 m\u00e8tre a g\u00e9n\u00e9ralement besoin d'un tracteur d'un minimum de 60 chevaux.<\/li>    <li>Les largeurs de r\u00e9colte disponibles incluent 1 m, 1,3 m, 1,5 m, 1,65 m, 1,8 m, 2 m, 2,2 m et 2,4 m.<\/li>    <li>Pour les clients souhaitant faire de l'ensilage, un <a href=\"https:\/\/taizyfarmequipment.com\/fr\/produit-2\/presse-a-balles-rondes-densilage\/\" data-type=\"link\" data-id=\"https:\/\/taizyfarmequipment.com\/product\/silage-round-baler\/\">presse \u00e0 balles rondes d'ensilage<\/a> peut \u00eatre utilis\u00e9 pour mettre en balles la paille broy\u00e9e.<\/li>    <li>Le fourrage en balles est pratique pour le stockage et le transport.<\/li> <\/ul> <\/div><figure class=\"wp-block-media-text__media\"><img loading=\"lazy\" decoding=\"async\" width=\"720\" height=\"540\" src=\"https:\/\/taizyfarmequipment.com\/wp-content\/uploads\/2022\/11\/forage-harvester-for-sale-2.webp\" alt=\"Ensileuse \u00e0 vendre\" class=\"wp-image-3851 size-full\"\/><\/figure><\/div>    <h2 class=\"wp-block-heading\">Param\u00e8tres de la machine de concassage et de recyclage de paille<\/h2>    <figure class=\"wp-block-table\"><table><tbody><tr><td>Nom<\/td><td>R\u00e9colteuse de paillettes<\/td><\/tr><tr><td>Moteur<\/td><td>Tracteur \u226560HP<\/td><\/tr><tr><td>Dimension<\/td><td>1,6*1,2*2,8m<\/td><\/tr><tr><td>Poids<\/td><td>800 kg<\/td><\/tr><tr><td>Largeur de r\u00e9colte<\/td><td>1,3 m<\/td><\/tr><tr><td>Taux de recyclage<\/td><td>\u226580%<\/td><\/tr><tr><td>Distance de lancement<\/td><td>3-5m<\/td><\/tr><tr><td>Hauteur de projection<\/td><td>\u22652m<\/td><\/tr><tr><td>La longueur de la paille broy\u00e9e<\/td><td>Moins de 80 mm<\/td><\/tr><tr><td>Lame rotative<\/td><td>32 pi\u00e8ces<\/td><\/tr><tr><td>Vitesse de l'arbre de coupe<\/td><td>2160 tr\/min<\/td><\/tr><tr><td>Vitesse de travail<\/td><td>2-4km\/h<\/td><\/tr><tr><td>Capacit\u00e9<\/td><td>0,25-0,48 h\u33a1\/h<\/td><\/tr><\/tbody><\/table><figcaption class=\"wp-element-caption\">param\u00e8tre de la machine de concassage et de recyclage de la paille<\/figcaption><\/figure>    <h2 class=\"wp-block-heading\">Principe de fonctionnement de la machine \u00e0 r\u00e9colter le fourrage<\/h2>    <div class=\"wp-block-media-text is-stacked-on-mobile\"><figure class=\"wp-block-media-text__media\"><img loading=\"lazy\" decoding=\"async\" width=\"720\" height=\"540\" src=\"https:\/\/taizyfarmequipment.com\/wp-content\/uploads\/2022\/11\/Silage-harvester-with-a-good-price.webp\" alt=\"Ensileuse \u00e0 bon prix\" class=\"wp-image-4294 size-full\" srcset=\"https:\/\/taizyfarmequipment.com\/wp-content\/uploads\/2022\/11\/Silage-harvester-with-a-good-price.webp 720w, https:\/\/taizyfarmequipment.com\/wp-content\/uploads\/2022\/11\/Silage-harvester-with-a-good-price-300x225.webp 300w\" sizes=\"auto, (max-width: 720px) 100vw, 720px\" \/><\/figure><div class=\"wp-block-media-text__content\"> <p>La machine \u00e0 r\u00e9colter le fourrage fonctionne efficacement en utilisant une lame rotative \u00e0 grande vitesse qui initie le processus de coupe lorsque la paille est aspir\u00e9e dans le bo\u00eetier. <\/p>    <p>La conception du bo\u00eetier, avec un mur int\u00e9rieur en forme de ligne pli\u00e9e, facilite plusieurs coupes de la tige, garantissant que la paille est finement broy\u00e9e.<\/p> <\/div><\/div>    <div class=\"wp-block-media-text has-media-on-the-right is-stacked-on-mobile\"><div class=\"wp-block-media-text__content\"> <p>Le ventilateur joue ensuite un r\u00f4le crucial dans l'expulsion du mat\u00e9riau trait\u00e9, permettant un fonctionnement rationalis\u00e9. <\/p>    <p>De plus, l'option d'inclure une tr\u00e9mie de collecte am\u00e9liore la commodit\u00e9 en rassemblant directement la paille broy\u00e9e.<\/p> <\/div><figure class=\"wp-block-media-text__media\"><img loading=\"lazy\" decoding=\"async\" width=\"720\" height=\"540\" src=\"https:\/\/taizyfarmequipment.com\/wp-content\/uploads\/2022\/11\/Silage-harvester-for-sale.webp\" alt=\"Ensileuse \u00e0 vendre\" class=\"wp-image-4293 size-full\" srcset=\"https:\/\/taizyfarmequipment.com\/wp-content\/uploads\/2022\/11\/Silage-harvester-for-sale.webp 720w, https:\/\/taizyfarmequipment.com\/wp-content\/uploads\/2022\/11\/Silage-harvester-for-sale-300x225.webp 300w\" sizes=\"auto, (max-width: 720px) 100vw, 720px\" \/><\/figure><\/div>    <h2 class=\"wp-block-heading\">Structure de la machine \u00e0 collecter la paille<\/h2>    <div class=\"wp-block-media-text is-stacked-on-mobile\"><figure class=\"wp-block-media-text__media\"><img loading=\"lazy\" decoding=\"async\" width=\"720\" height=\"540\" src=\"https:\/\/taizyfarmequipment.com\/wp-content\/uploads\/2022\/11\/Small-silage-chopper-.webp\" alt=\"lames de broyeur d&#039;ensilage\" class=\"wp-image-3854 size-full\"\/><\/figure><div class=\"wp-block-media-text__content\"> <p>La machine \u00e0 collecter la paille comprend principalement un couvercle, un cadre, une suspension, un ensemble de bo\u00eete de vitesses, une grande roue de tension, un ventilateur, un pignon de transition, un tube d'entr\u00e9e, une vis, un espace liquide, une roue au sol et un tube de sortie.<\/p> <\/div><\/div>    <h2 class=\"wp-block-heading\">Principales caract\u00e9ristiques de la structure de l'ensileuse <\/h2>    <div class=\"wp-block-media-text has-media-on-the-right is-stacked-on-mobile\"><div class=\"wp-block-media-text__content\"> <ul class=\"wp-block-list\"> <li>Lame rotative \u00e0 grande vitesse pour une coupe efficace.<\/li>    <li>Paroi int\u00e9rieure pli\u00e9e unique en forme de ligne pour des cisaillements multiples.<\/li>    <li>Transport de paille broy\u00e9e assist\u00e9 par ventilateur.<\/li>    <li>Tr\u00e9mie de collecte en option pour d\u00e9p\u00f4t direct.<\/li>    <li>Polyvalent dans la manipulation de diverses mati\u00e8res premi\u00e8res telles que les tiges de ma\u00efs, les tiges de bl\u00e9 et les gramin\u00e9es.<\/li> <\/ul> <\/div><figure class=\"wp-block-media-text__media\"><img loading=\"lazy\" decoding=\"async\" width=\"720\" height=\"540\" src=\"https:\/\/taizyfarmequipment.com\/wp-content\/uploads\/2022\/11\/forage-harvester-for-sale-3.webp\" alt=\"structure interne de la r\u00e9colteuse-hacheuse\" class=\"wp-image-3855 size-full\"\/><\/figure><\/div>    <h2 class=\"wp-block-heading\">Avantages de l'ensileuse \u00e0 vendre<\/h2>    <ul class=\"wp-block-list\"> <li>L'ensileuse \u00e0 vendre adopte une alimentation automatique et a une efficacit\u00e9 de production \u00e9lev\u00e9e. La qualit\u00e9 de fabrication est fiable et pr\u00e9sente les caract\u00e9ristiques d\u2019une structure simple, d\u2019un fonctionnement pratique, d\u2019un petit volume et d\u2019un rendement \u00e9lev\u00e9.<\/li>    <li>La paille recycl\u00e9e n'est pas limit\u00e9e par la s\u00e9cheresse et l'humidit\u00e9, et elle peut \u00e9galement traiter des mat\u00e9riaux humides, ce qui am\u00e9liore l'efficacit\u00e9 du travail.<\/li>    <li>Durable. Composants de structure en acier, mat\u00e9riaux solides et fiables, roulements \u00e0 alignement automatique haute puissance et longue dur\u00e9e de vie.<\/li>    <li>Utilisation plus large, l'ensileuse \u00e0 vendre peut non seulement \u00e9craser les tiges de ma\u00efs, mais \u00e9galement traiter la paille de bl\u00e9, les tiges de coton, la paille, les balles de riz, les coquilles d'arachide, les \u00e9pis de ma\u00efs, les branches, les feuilles et la sciure de bois.<\/li>    <li>L'ensileuse \u00e0 vendre est facile \u00e0 d\u00e9placer, ce qui est pratique pour la production sur le terrain.<\/li> <\/ul>    <figure class=\"wp-block-image size-full\"><img loading=\"lazy\" decoding=\"async\" width=\"720\" height=\"540\" src=\"https:\/\/taizyfarmequipment.com\/wp-content\/uploads\/2022\/11\/forage-harvester-for-sale-4.webp\" alt=\"broyeur d&#039;ensilage en stock\" class=\"wp-image-3856\" title=\"Ensileuse \u00e0 vendre\"\/><figcaption class=\"wp-element-caption\">broyeur d'ensilage en stock<\/figcaption><\/figure>    <h2 class=\"wp-block-heading\">Conseils d'entretien de l'ensileuse<\/h2>    <div class=\"wp-block-media-text is-stacked-on-mobile\"><figure class=\"wp-block-media-text__media\"><img loading=\"lazy\" decoding=\"async\" width=\"720\" height=\"540\" src=\"https:\/\/taizyfarmequipment.com\/wp-content\/uploads\/2022\/11\/corn-chopper-.webp\" alt=\"usine de machines de hachoir \u00e0 ma\u00efs\" class=\"wp-image-3857 size-full\"\/><\/figure><div class=\"wp-block-media-text__content\"> <ul class=\"wp-block-list\"> <li>V\u00e9rifiez et serrez les fixations de connexion.<\/li>    <li>Inspectez l\u2019\u00e9tat d\u2019\u00e9tanch\u00e9it\u00e9 de la bo\u00eete de vitesses.<\/li>    <li>Ajoutez de l'huile lubrifiante \u00e0 tous les points de lubrification.<\/li>    <li>Retirez l'argile pour \u00e9viter une charge accrue de la machine.<\/li>    <li>Surveiller la temp\u00e9rature des roulements\u00a0; ajustez ou faites le plein si le niveau est trop \u00e9lev\u00e9.<\/li>    <li>Ouvrez le couvercle du ventilateur pour v\u00e9rifier et serrer les vis du moyeu de roue desserr\u00e9es.<\/li> <\/ul> <\/div><\/div>    <h2 class=\"wp-block-heading\">FAQ sur la machine \u00e0 r\u00e9colter le fourrage<\/h2>   <div id=\"rank-math-faq\" class=\"rank-math-block\"> <div class=\"rank-math-list\"> <div id=\"faq-question-1704854080661\" class=\"rank-math-list-item\"> <h3 class=\"rank-math-question\">Quels sont les accessoires ?<\/h3> <div class=\"rank-math-answer\">  <p>10 lames et lames en forme de Y.<\/p>  <\/div> <\/div> <div id=\"faq-question-1704854089320\" class=\"rank-math-list-item\"> <h3 class=\"rank-math-question\">Qu'est-ce que la machine correspondante ?<\/h3> <div class=\"rank-math-answer\">  <p>Machine d'emballage de balles.<\/p>  <\/div> <\/div> <div id=\"faq-question-1704854125511\" class=\"rank-math-list-item\"> <h3 class=\"rank-math-question\">La machine peut-elle r\u00e9colter du ma\u00efs, du sorgho et d\u2019autres cultures ?<\/h3> <div class=\"rank-math-answer\">  <p>Ne pouvant \u00eatre r\u00e9colt\u00e9, le ma\u00efs sorgho sera broy\u00e9 directement par la machine.<\/p>  <\/div> <\/div> <div id=\"faq-question-1704854153905\" class=\"rank-math-list-item\"> <h3 class=\"rank-math-question\">La machine peut-elle fonctionner sur les zones humides\u00a0?<\/h3> <div class=\"rank-math-answer\">  <p>Non, cela endommagerait la lame, et s\u00e9rieusement, cela bloquerait l'ascenseur.<\/p>  <\/div> <\/div> <div id=\"faq-question-1704854190291\" class=\"rank-math-list-item\"> <h3 class=\"rank-math-question\">\u00c0 quelle fr\u00e9quence remplacer la lame ?<\/h3> <div class=\"rank-math-answer\">  <p>La machine peut \u00eatre remplac\u00e9e apr\u00e8s 2 ans d'utilisation.<\/p>  <\/div> <\/div> <\/div> <\/div>   <figure class=\"wp-block-image size-full\"><img loading=\"lazy\" decoding=\"async\" width=\"720\" height=\"540\" src=\"https:\/\/taizyfarmequipment.com\/wp-content\/uploads\/2022\/11\/silage-harvester-.webp\" alt=\"ensileuse professionnelle\" class=\"wp-image-3859\" title=\"ensileuse\"\/><figcaption class=\"wp-element-caption\">ensileuse professionnelle<\/figcaption><\/figure>    <h2 class=\"wp-block-heading\">Connexion du dispositif de sortie hydraulique de la machine \u00e0 r\u00e9colter les tiges<\/h2>    <figure class=\"wp-block-gallery has-nested-images columns-default is-cropped wp-block-gallery-2 is-layout-flex wp-block-gallery-is-layout-flex\"> <figure class=\"wp-block-image size-large\"><img loading=\"lazy\" decoding=\"async\" width=\"720\" height=\"540\" data-id=\"3852\" src=\"https:\/\/taizyfarmequipment.com\/wp-content\/uploads\/2022\/11\/stalk-harvester-machine-.webp\" alt=\"machine \u00e0 r\u00e9colter les tiges\" class=\"wp-image-3852\" title=\"machine \u00e0 r\u00e9colter les tiges\"\/><figcaption class=\"wp-element-caption\">machine \u00e0 r\u00e9colter les tiges<\/figcaption><\/figure>    <figure class=\"wp-block-image size-large\"><img loading=\"lazy\" decoding=\"async\" width=\"720\" height=\"540\" data-id=\"3853\" src=\"https:\/\/taizyfarmequipment.com\/wp-content\/uploads\/2022\/11\/silage-chopper-.webp\" alt=\"connexion d&#039;une machine \u00e0 r\u00e9colter les tiges\" class=\"wp-image-3853\" title=\"machine \u00e0 r\u00e9colter les tiges\"\/><figcaption class=\"wp-element-caption\">connexion d'une machine \u00e0 r\u00e9colter les tiges<\/figcaption><\/figure> <\/figure>    <h2 class=\"wp-block-heading\">Machine \u00e0 r\u00e9colter le fourrage vendue au Cambodge<\/h2>    <p>Notre client cambodgien vient d\u2019acheter chez nous une ensileuse. En communiquant avec le client, nous avons appris que celui-ci poss\u00e8de un champ de ma\u00efs et nourrit des moutons. <\/p>    <p>Par cons\u00e9quent, pour utiliser plus efficacement ces tiges de ma\u00efs, le client esp\u00e8re acheter une machine capable de traiter directement les tiges de ma\u00efs sur le terrain. La zone de plantation du client n\u2019est pas tr\u00e8s grande et nous recommandons une largeur de r\u00e9colte de 1,5 m\u00e8tre. <\/p>    <p>Puisque le client poss\u00e8de son tracteur, il lui suffit d\u2019acheter la pi\u00e8ce pour la r\u00e9colte de la paille. Une fois que le client aura re\u00e7u la machine, nous le guiderons sur la fa\u00e7on de connecter le tracteur en ligne. Les clients peuvent donc acheter en toute confiance.<\/p>    <figure class=\"wp-block-image size-full\"><img loading=\"lazy\" decoding=\"async\" width=\"720\" height=\"540\" src=\"https:\/\/taizyfarmequipment.com\/wp-content\/uploads\/2022\/11\/forage-chopper-packing-and-shipping-.webp\" alt=\"transports de broyeur \u00e0 fourrage\" class=\"wp-image-3858\" title=\"emballage et exp\u00e9dition du broyeur de fourrage\"\/><figcaption class=\"wp-element-caption\">transports de broyeur \u00e0 fourrage<\/figcaption><\/figure>    <h2 class=\"wp-block-heading\">Contactez-nous<\/h2>    <p>Dans la recherche de l'ensileuse id\u00e9ale, notre produit offre non seulement des performances et une polyvalence exceptionnelles, mais est m\u00e9ticuleusement con\u00e7u pour garantir des op\u00e9rations agricoles efficaces et fiables. <\/p>    <p>N'h\u00e9sitez pas \u00e0 contacter notre \u00e9quipe d\u00e9di\u00e9e pour plus d'informations sur notre ensileuse. Nous nous engageons \u00e0 fournir des consultations d\u00e9taill\u00e9es sur les produits et \u00e0 recommander le mod\u00e8le le plus appropri\u00e9 en fonction des besoins sp\u00e9cifiques de votre ferme.<\/p>","protected":false},"excerpt":{"rendered":"<p>La machine \u00e0 r\u00e9colter le fourrage est efficace pour le broyage et la collecte de paille.<\/p>","protected":false},"author":1,"featured_media":3850,"parent":0,"template":"","tags":[337,338],"product-type":[133],"class_list":["post-3849","product","type-product","status-publish","has-post-thumbnail","hentry","tag-forage-harvester","tag-silage-harvester","product-type-silage-machine"],"_links":{"self":[{"href":"https:\/\/taizyfarmequipment.com\/fr\/wp-json\/wp\/v2\/product\/3849","targetHints":{"allow":["GET"]}}],"collection":[{"href":"https:\/\/taizyfarmequipment.com\/fr\/wp-json\/wp\/v2\/product"}],"about":[{"href":"https:\/\/taizyfarmequipment.com\/fr\/wp-json\/wp\/v2\/types\/product"}],"author":[{"embeddable":true,"href":"https:\/\/taizyfarmequipment.com\/fr\/wp-json\/wp\/v2\/users\/1"}],"wp:featuredmedia":[{"embeddable":true,"href":"https:\/\/taizyfarmequipment.com\/fr\/wp-json\/wp\/v2\/media\/3850"}],"wp:attachment":[{"href":"https:\/\/taizyfarmequipment.com\/fr\/wp-json\/wp\/v2\/media?parent=3849"}],"wp:term":[{"taxonomy":"post_tag","embeddable":true,"href":"https:\/\/taizyfarmequipment.com\/fr\/wp-json\/wp\/v2\/tags?post=3849"},{"taxonomy":"product-type","embeddable":true,"href":"https:\/\/taizyfarmequipment.com\/fr\/wp-json\/wp\/v2\/product-type?post=3849"}],"curies":[{"name":"wp","href":"https:\/\/api.w.org\/{rel}","templated":true}]}}