{"id":3912,"date":"2022-12-13T15:43:34","date_gmt":"2022-12-13T07:43:34","guid":{"rendered":"https:\/\/taizyfarmequipment.com\/?post_type=product&#038;p=3912"},"modified":"2025-11-26T16:02:04","modified_gmt":"2025-11-26T08:02:04","slug":"transplanteur-de-riz-pour-semis-de-riz","status":"publish","type":"product","link":"https:\/\/taizyfarmequipment.com\/fr\/product\/rice-transplanter-for-rice-seedings\/","title":{"rendered":"Planteuse de riz \u00e0 4 rangs pour semis de riz"},"content":{"rendered":"<div class=\"kk-star-ratings kksr-auto kksr-align-left kksr-valign-top\"     data-payload='{&quot;align&quot;:&quot;left&quot;,&quot;id&quot;:&quot;3912&quot;,&quot;slug&quot;:&quot;default&quot;,&quot;valign&quot;:&quot;top&quot;,&quot;ignore&quot;:&quot;&quot;,&quot;reference&quot;:&quot;auto&quot;,&quot;class&quot;:&quot;&quot;,&quot;count&quot;:&quot;5&quot;,&quot;legendonly&quot;:&quot;&quot;,&quot;readonly&quot;:&quot;&quot;,&quot;score&quot;:&quot;4.7&quot;,&quot;starsonly&quot;:&quot;&quot;,&quot;best&quot;:&quot;5&quot;,&quot;gap&quot;:&quot;5&quot;,&quot;greet&quot;:&quot;Rate this product&quot;,&quot;legend&quot;:&quot;4.7\\\/5 - (5 votes)&quot;,&quot;size&quot;:&quot;24&quot;,&quot;title&quot;:&quot;4 row rice transplanter for rice seedings&quot;,&quot;width&quot;:&quot;133.8&quot;,&quot;_legend&quot;:&quot;{score}\\\/{best} - ({count} {votes})&quot;,&quot;font_factor&quot;:&quot;1.25&quot;}'>              <div class=\"kksr-stars\">      <div class=\"kksr-stars-inactive\">             <div class=\"kksr-star\" data-star=\"1\" style=\"padding-right: 5px\">               <div class=\"kksr-icon\" style=\"width: 24px; height: 24px;\"><\/div>         <\/div>             <div class=\"kksr-star\" data-star=\"2\" style=\"padding-right: 5px\">               <div class=\"kksr-icon\" style=\"width: 24px; height: 24px;\"><\/div>         <\/div>             <div class=\"kksr-star\" data-star=\"3\" style=\"padding-right: 5px\">               <div class=\"kksr-icon\" style=\"width: 24px; height: 24px;\"><\/div>         <\/div>             <div class=\"kksr-star\" data-star=\"4\" style=\"padding-right: 5px\">               <div class=\"kksr-icon\" style=\"width: 24px; height: 24px;\"><\/div>         <\/div>             <div class=\"kksr-star\" data-star=\"5\" style=\"padding-right: 5px\">               <div class=\"kksr-icon\" style=\"width: 24px; height: 24px;\"><\/div>         <\/div>     <\/div>      <div class=\"kksr-stars-active\" style=\"width: 133.8px;\">             <div class=\"kksr-star\" style=\"padding-right: 5px\">               <div class=\"kksr-icon\" style=\"width: 24px; height: 24px;\"><\/div>         <\/div>             <div class=\"kksr-star\" style=\"padding-right: 5px\">               <div class=\"kksr-icon\" style=\"width: 24px; height: 24px;\"><\/div>         <\/div>             <div class=\"kksr-star\" style=\"padding-right: 5px\">               <div class=\"kksr-icon\" style=\"width: 24px; height: 24px;\"><\/div>         <\/div>             <div class=\"kksr-star\" style=\"padding-right: 5px\">               <div class=\"kksr-icon\" style=\"width: 24px; height: 24px;\"><\/div>         <\/div>             <div class=\"kksr-star\" style=\"padding-right: 5px\">               <div class=\"kksr-icon\" style=\"width: 24px; height: 24px;\"><\/div>         <\/div>     <\/div> <\/div>                   <div class=\"kksr-legend\" style=\"font-size: 19.2px;\">             4,7\/5 - (5 votes)    <\/div>     <\/div>  <p>La repiqueuse de riz est d\u00e9j\u00e0 le premier choix pour la plupart des riziculteurs. De nos jours, afin d'effectuer plus efficacement les travaux agricoles, il est devenu courant d'utiliser des machines pour transplanter les plants de riz. La machine \u00e0 planter le riz est puissante. <\/p>    <p>Et notre transplanteur peut planter 4 ou 6 rang\u00e9es de plants \u00e0 la fois. Compar\u00e9 au travail manuel, il est plus efficace et l'effet de la transplantation de plants de riz est \u00e9galement bon.<\/p>    <h2 class=\"wp-block-heading\">Introduction de la transplanteuse de riz<\/h2>    <p>Actuellement, nous produisons des transplanteuses de paddy en mod\u00e8les \u00e0 4 et 6 rangs. Concernant la repiqueuse de riz \u00e0 4 rangs, l'utilisateur doit pousser la machine \u00e0 la main pour fonctionner. La transplanteuse de paddy est propuls\u00e9e par un moteur \u00e0 essence. Lors de l'utilisation de la planteuse de riz \u00e0 6 rangs, le client doit s'asseoir et conduire la repiqueuse de riz. Pour la transplanteuse \u00e0 6 rangs, la puissance est un moteur diesel.<br>En plus de cela, nous pouvons r\u00e9gler la profondeur de ce mod\u00e8le de repiqueuse de riz de 15 cm \u00e0 35 cm.<\/p>    <p class=\"translation-block\">En plus de ces machines pour la transplantation du riz, nous produisons \u00e9galement des <a href=\"https:\/\/taizyfarmequipment.com\/fr\/produit-2\/semoir-de-legumes-a-poussee-manuelle\/\">machines de transplantation de l\u00e9gumes<\/a>, qui peuvent transplanter des plantules de divers l\u00e9gumes.<\/p>    <figure class=\"wp-block-gallery has-nested-images columns-default is-cropped wp-block-gallery-2 is-layout-flex wp-block-gallery-is-layout-flex\"> <figure class=\"wp-block-image size-full\"><img loading=\"lazy\" decoding=\"async\" width=\"720\" height=\"540\" data-id=\"4974\" src=\"https:\/\/taizyfarmequipment.com\/wp-content\/uploads\/2022\/12\/rice-transplanter.webp\" alt=\"repiqueuse de riz\" class=\"wp-image-4974\" title=\"Planteuse de riz \u00e0 4 rangs\" srcset=\"https:\/\/taizyfarmequipment.com\/wp-content\/uploads\/2022\/12\/rice-transplanter.webp 720w, https:\/\/taizyfarmequipment.com\/wp-content\/uploads\/2022\/12\/rice-transplanter-300x225.webp 300w, https:\/\/taizyfarmequipment.com\/wp-content\/uploads\/2022\/12\/rice-transplanter-16x12.webp 16w\" sizes=\"auto, (max-width: 720px) 100vw, 720px\" \/><figcaption class=\"wp-element-caption\">repiqueuse de riz<\/figcaption><\/figure>    <figure class=\"wp-block-image size-large\"><img loading=\"lazy\" decoding=\"async\" width=\"720\" height=\"540\" data-id=\"3918\" src=\"https:\/\/taizyfarmequipment.com\/wp-content\/uploads\/2022\/12\/6-row-rice-planting-machine-.webp\" alt=\"Planteuse de riz \u00e0 6 rangs\" class=\"wp-image-3918\" title=\"Planteuse de riz \u00e0 6 rangs\"\/><figcaption class=\"wp-element-caption\">Planteuse de riz \u00e0 6 rangs<\/figcaption><\/figure> <\/figure>    <h2 class=\"wp-block-heading\">Quel type de machine peut fonctionner avec le semoir \u00e0 riz\u00a0?<\/h2>    <p class=\"translation-block\">La transplanteuse de riz peut fonctionner avec les <a href=\"https:\/\/www.agriculture-machine.com\/rice-nursery-seedling-machine\/\" target=\"_blank\" rel=\"noopener\">machines de p\u00e9pini\u00e8re de plantules<\/a>. Nous pouvons utiliser la machine d\u2019\u00e9levage de plantules pour cultiver d'abord les plantules de riz. Ensuite, nous pouvons transplanter les plantules de riz quand elles sont matures. Cela permet de gagner beaucoup de temps pour l\u2019\u00e9levage manuel de plantules et la transplantation du riz tout en am\u00e9liorant l'efficacit\u00e9.<\/p>    <figure class=\"wp-block-image size-full\"><img loading=\"lazy\" decoding=\"async\" width=\"720\" height=\"540\" src=\"https:\/\/taizyfarmequipment.com\/wp-content\/uploads\/2022\/12\/Rice-Nursery-Seedling-Machine-.jpg\" alt=\"machine de p\u00e9pini\u00e8re de riz\" class=\"wp-image-3919\" title=\"machine de p\u00e9pini\u00e8re de riz\"\/><figcaption class=\"wp-element-caption\">machine de p\u00e9pini\u00e8re de riz<\/figcaption><\/figure>    <h2 class=\"wp-block-heading\">Pourquoi devons-nous utiliser un semoir \u00e0 riz ?<\/h2>    <ol class=\"wp-block-list\"> <li>Haute efficacit\u00e9 de travail. Nous savons tous que le repiquage manuel prend beaucoup de temps. Et il faut employer beaucoup de personnel, ce qui vient d'am\u00e9liorer le co\u00fbt de la plantation du riz. Par cons\u00e9quent, l\u2019utilisation d\u2019un semoir de riz peut \u00eatre plus efficace et plus rentable.<\/li>    <li>La semoir \u00e0 riz fonctionne bien. Parce que le travail de la machine peut r\u00e9aliser et maintenir l\u2019espacement standard des plantes et l\u2019espacement des rang\u00e9es. Cela aide \u00e9galement les plants \u00e0 mieux pousser.<\/li> <\/ol>    <h2 class=\"wp-block-heading\">La structure de la planteuse de paddy<\/h2>    <ol class=\"wp-block-list\"> <li>La premi\u00e8re est la planteuse de paddy \u00e0 4 rangs. Ce type de plantation de riz est principalement compos\u00e9 d'une bo\u00eete \u00e0 semis, d'un cadre de plateau de semis, d'un moteur, d'une roue, etc. Voici le sch\u00e9ma de structure d\u00e9taill\u00e9 de la machine.<\/li> <\/ol>    <figure class=\"wp-block-image size-full is-resized\"><img loading=\"lazy\" decoding=\"async\" width=\"720\" height=\"540\" src=\"https:\/\/taizyfarmequipment.com\/wp-content\/uploads\/2022\/12\/4-row-paddy-planting-machines-structure.webp\" alt=\"Structure de la machine de plantation de paddy \u00e0 4 rang\u00e9es\" class=\"wp-image-4975\" style=\"width:720px;height:540px\" title=\"Structure de la machine de plantation de paddy \u00e0 4 rang\u00e9es\" srcset=\"https:\/\/taizyfarmequipment.com\/wp-content\/uploads\/2022\/12\/4-row-paddy-planting-machines-structure.webp 720w, https:\/\/taizyfarmequipment.com\/wp-content\/uploads\/2022\/12\/4-row-paddy-planting-machines-structure-300x225.webp 300w, https:\/\/taizyfarmequipment.com\/wp-content\/uploads\/2022\/12\/4-row-paddy-planting-machines-structure-16x12.webp 16w\" sizes=\"auto, (max-width: 720px) 100vw, 720px\" \/><figcaption class=\"wp-element-caption\">Structure de la machine de plantation de paddy \u00e0 4 rang\u00e9es<\/figcaption><\/figure>    <p>2. Ce qui suit est le sch\u00e9ma structurel de la planteuse de paddy \u00e0 6 rangs.<\/p>    <figure class=\"wp-block-image size-full\"><img loading=\"lazy\" decoding=\"async\" width=\"720\" height=\"540\" src=\"https:\/\/taizyfarmequipment.com\/wp-content\/uploads\/2022\/12\/6-row-rice-transplanter-strucure-.webp\" alt=\"Structure de repiqueuse de riz \u00e0 6 rangs \" class=\"wp-image-3921\" title=\"Structure de repiqueuse de riz \u00e0 6 rangs \"\/><figcaption class=\"wp-element-caption\">Structure de repiqueuse de riz \u00e0 6 rangs<\/figcaption><\/figure>    <h2 class=\"wp-block-heading\">Principe de fonctionnement de la machine de plantation de riz<\/h2>    <p>Bien que l'apparence de la machine soit diff\u00e9rente. Mais le fonctionnement fondamental des machines est sensiblement le m\u00eame. <\/p>    <ol class=\"wp-block-list\"> <li>La pousse de riz de la feuille enti\u00e8re est mise dans la caissette de semis. <\/li>    <li>D\u00e9placez-vous ensuite lat\u00e9ralement avec la caisse \u00e0 semis, et le dispositif de pr\u00e9l\u00e8vement des plants emporte un certain nombre de plants par divisions successives. <\/li>    <li>Sous l\u2019action du m\u00e9canisme de contr\u00f4le de trajectoire, les plants sont ins\u00e9r\u00e9s dans le sol selon les exigences agronomiques. <\/li>    <li>Enfin, le dispositif de r\u00e9cup\u00e9ration des semis revient \u00e0 la bo\u00eete \u00e0 semis pour r\u00e9cup\u00e9rer les semis selon une certaine trajectoire.<\/li> <\/ol>    <figure class=\"wp-block-gallery has-nested-images columns-default is-cropped wp-block-gallery-3 is-layout-flex wp-block-gallery-is-layout-flex\"> <figure class=\"wp-block-image size-large\"><img loading=\"lazy\" decoding=\"async\" width=\"720\" height=\"540\" data-id=\"3923\" src=\"https:\/\/taizyfarmequipment.com\/wp-content\/uploads\/2022\/12\/rice-plantation-machine-.webp\" alt=\"machine de plantation de riz\" class=\"wp-image-3923\" title=\"machine de plantation de riz\"\/><figcaption class=\"wp-element-caption\">machine de plantation de riz<\/figcaption><\/figure>    <figure class=\"wp-block-image size-large\"><img loading=\"lazy\" decoding=\"async\" width=\"720\" height=\"540\" data-id=\"3924\" src=\"https:\/\/taizyfarmequipment.com\/wp-content\/uploads\/2022\/12\/rice-planting-machine-.webp\" alt=\"machine \u00e0 planter le riz \" class=\"wp-image-3924\" title=\"machine \u00e0 planter le riz \"\/><figcaption class=\"wp-element-caption\">machine \u00e0 planter le riz<\/figcaption><\/figure> <\/figure>    <h2 class=\"wp-block-heading\">Informations techniques d\u00e9taill\u00e9es sur la planteuse de riz<\/h2>    <h2 class=\"wp-block-heading\">4 rang\u00e9es <\/h2>    <figure class=\"wp-block-table\"><table><tbody><tr><td>Mod\u00e8le<\/td><td>2ZS-4<\/td><\/tr><tr><td>Taille<\/td><td>2140 \u00d7 1630 \u00d7 910 (mm)<\/td><\/tr><tr><td>Poids<\/td><td>165 kg<\/td><\/tr><tr><td>Puissance du moteur<\/td><td>2,6\/3000 (kw\/tr\/min)<\/td><\/tr><tr><td>Lignes de travail<\/td><td>4 lignes<\/td><\/tr><tr><td>Vitesse de travail<\/td><td>0,34-0,77 (m\/s)<\/td><\/tr><tr><td>Distance entre les lignes<\/td><td>300(mm)<\/td><\/tr><tr><td>Distance de semis<\/td><td>210\u00a0; 180\u00a0; 160\u00a0; 140\u00a0; 120 (mm)<\/td><\/tr><tr><td>Profondeur de semis<\/td><td>15-35(mm)<\/td><\/tr><\/tbody><\/table><\/figure>    <h2 class=\"wp-block-heading\">6 rang\u00e9es <\/h2>    <figure class=\"wp-block-table\"><table><tbody><tr><td>Mod\u00e8le<\/td><td>CY-6<\/td><\/tr><tr><td>Mod\u00e8le de moteur diesel<\/td><td>D\u00e9marrage manuel 175F<\/td><\/tr><tr><td>Sortie du moteur diesel (kw\/HP)<\/td><td>3.72\/5.5<\/td><\/tr><tr><td>Vitesse de rotation du moteur diesel (r\/min)<\/td><td>2600<\/td><\/tr><tr><td>Nombre de rang\u00e9es de transplantation<\/td><td>6<\/td><\/tr><tr><td>Distance de rang\u00e9e \u00e0 rang\u00e9e (mm)<\/td><td>300mm<\/td><\/tr><tr><td>Distance de colline \u00e0 colline (mm)<\/td><td>120\/140mm<\/td><\/tr><tr><td>Efficacit\u00e9 de transplantation<\/td><td>0,35 \u00e0 0,5 acres\/heure<\/td><\/tr><tr><td>Poids net<\/td><td>300 kg<\/td><\/tr><\/tbody><\/table><\/figure>    <h2 class=\"wp-block-heading\">Quelles sont les caract\u00e9ristiques du semoir \u00e0 riz ?<\/h2>    <ol class=\"wp-block-list\"> <li>La transplanteuse de riz fonctionne rapidement et s\u00e8me les plants de mani\u00e8re uniforme, ce qui favorise la r\u00e9sistance aux maladies et un rendement \u00e9lev\u00e9\u00a0!<\/li>    <li>La repiqueuse de riz \u00e0 4 rangs doit \u00eatre tenue \u00e0 la main et la repiqueuse de riz \u00e0 6 rangs peut \u00eatre conduite. Il n\u2019est pas n\u00e9cessaire que les gens se penchent pour planter des plants de riz. Cela r\u00e9duit consid\u00e9rablement l'intensit\u00e9 du travail des personnes.<\/li>    <li>Le travail \u00e0 la machine r\u00e9alise une fosse pour un plant, \u00e9vitant ainsi le ph\u00e9nom\u00e8ne de gaspillage des plants.<\/li>    <li>Le riz plant\u00e9 par le repiqueur de riz est propice \u00e0 l'a\u00e9ration du riz et au soleil. Ces grains de riz sont pleins et le taux de coques vides est faible.<\/li> <\/ol>    <figure class=\"wp-block-image size-full is-resized\"><img loading=\"lazy\" decoding=\"async\" width=\"720\" height=\"540\" src=\"https:\/\/taizyfarmequipment.com\/wp-content\/uploads\/2022\/12\/rice-sowing-machine-1-1.webp\" alt=\"semoir \u00e0 riz \" class=\"wp-image-3925\" style=\"width:720px;height:540px\" title=\"semoir \u00e0 riz \"\/><figcaption class=\"wp-element-caption\">semoir \u00e0 riz <\/figcaption><\/figure>    <h2 class=\"wp-block-heading\">Taizy Machinery-le meilleur choix du client<\/h2>    <ol class=\"wp-block-list\"> <li>Nous sommes un fabricant professionnel de machines agricoles. Nous nous engageons \u00e0 rechercher et \u00e0 concevoir des machines agricoles plus pratiques et de haute qualit\u00e9.<\/li>    <li>Machines de haute qualit\u00e9. Les machines que nous fabriquons sont fabriqu\u00e9es avec les meilleurs mat\u00e9riaux. De cette fa\u00e7on, la dur\u00e9e de vie de la machine est plus longue.<\/li>    <li>\u00c9quipe de service professionnelle. Notre directeur des ventes peut vous proposer des solutions professionnelles, n'h\u00e9sitez pas \u00e0 nous consulter.<\/li>    <li>Service apr\u00e8s-vente d'un an. Nous fournirons aux clients un service apr\u00e8s-vente d'un an en ligne ou hors ligne.<\/li> <\/ol>    <figure class=\"wp-block-gallery has-nested-images columns-default is-cropped wp-block-gallery-4 is-layout-flex wp-block-gallery-is-layout-flex\"> <figure class=\"wp-block-image size-large\"><img loading=\"lazy\" decoding=\"async\" width=\"720\" height=\"540\" data-id=\"3926\" src=\"https:\/\/taizyfarmequipment.com\/wp-content\/uploads\/2022\/12\/paddy-seeding-machine-.webp\" alt=\"semoir de paddy \" class=\"wp-image-3926\" title=\"semoir de paddy \"\/><figcaption class=\"wp-element-caption\">semoir de paddy<\/figcaption><\/figure>    <figure class=\"wp-block-image size-large\"><img loading=\"lazy\" decoding=\"async\" width=\"720\" height=\"540\" data-id=\"3928\" src=\"https:\/\/taizyfarmequipment.com\/wp-content\/uploads\/2022\/12\/exporting-of-the-paddy-saowing-machine-.webp\" alt=\"exportation de la machine \u00e0 scier le paddy\" class=\"wp-image-3928\" title=\"exportation de la machine \u00e0 scier le paddy\"\/><figcaption class=\"wp-element-caption\">exportation de la machine \u00e0 scier le paddy<\/figcaption><\/figure> <\/figure>","protected":false},"excerpt":{"rendered":"<p>La repiqueuse de riz est d\u00e9j\u00e0 le premier choix pour la plupart des riziculteurs. De nos jours, afin de r\u00e9aliser plus efficacement les travaux agricoles, cela est devenu un ph\u00e9nom\u00e8ne courant.<\/p>","protected":false},"author":1,"featured_media":3915,"parent":0,"template":"","tags":[],"product-type":[134],"class_list":["post-3912","product","type-product","status-publish","has-post-thumbnail","hentry","product-type-nursery-transplanter"],"_links":{"self":[{"href":"https:\/\/taizyfarmequipment.com\/fr\/wp-json\/wp\/v2\/product\/3912","targetHints":{"allow":["GET"]}}],"collection":[{"href":"https:\/\/taizyfarmequipment.com\/fr\/wp-json\/wp\/v2\/product"}],"about":[{"href":"https:\/\/taizyfarmequipment.com\/fr\/wp-json\/wp\/v2\/types\/product"}],"author":[{"embeddable":true,"href":"https:\/\/taizyfarmequipment.com\/fr\/wp-json\/wp\/v2\/users\/1"}],"wp:featuredmedia":[{"embeddable":true,"href":"https:\/\/taizyfarmequipment.com\/fr\/wp-json\/wp\/v2\/media\/3915"}],"wp:attachment":[{"href":"https:\/\/taizyfarmequipment.com\/fr\/wp-json\/wp\/v2\/media?parent=3912"}],"wp:term":[{"taxonomy":"post_tag","embeddable":true,"href":"https:\/\/taizyfarmequipment.com\/fr\/wp-json\/wp\/v2\/tags?post=3912"},{"taxonomy":"product-type","embeddable":true,"href":"https:\/\/taizyfarmequipment.com\/fr\/wp-json\/wp\/v2\/product-type?post=3912"}],"curies":[{"name":"wp","href":"https:\/\/api.w.org\/{rel}","templated":true}]}}