{"id":3938,"date":"2022-12-19T17:18:33","date_gmt":"2022-12-19T09:18:33","guid":{"rendered":"https:\/\/taizyfarmequipment.com\/?post_type=product&#038;p=3938"},"modified":"2023-01-07T17:38:31","modified_gmt":"2023-01-07T09:38:31","slug":"liaison-de-moissonneuse-pour-le-riz-et-le-ble","status":"publish","type":"product","link":"https:\/\/taizyfarmequipment.com\/fr\/product\/reaper-binder-for-rice-and-wheat\/","title":{"rendered":"Liant Reaper pour le riz et le bl\u00e9"},"content":{"rendered":"<div class=\"kk-star-ratings kksr-auto kksr-align-left kksr-valign-top\"     data-payload='{&quot;align&quot;:&quot;left&quot;,&quot;id&quot;:&quot;3938&quot;,&quot;slug&quot;:&quot;default&quot;,&quot;valign&quot;:&quot;top&quot;,&quot;ignore&quot;:&quot;&quot;,&quot;reference&quot;:&quot;auto&quot;,&quot;class&quot;:&quot;&quot;,&quot;count&quot;:&quot;30&quot;,&quot;legendonly&quot;:&quot;&quot;,&quot;readonly&quot;:&quot;&quot;,&quot;score&quot;:&quot;4.7&quot;,&quot;starsonly&quot;:&quot;&quot;,&quot;best&quot;:&quot;5&quot;,&quot;gap&quot;:&quot;5&quot;,&quot;greet&quot;:&quot;Rate this product&quot;,&quot;legend&quot;:&quot;4.7\\\/5 - (30 votes)&quot;,&quot;size&quot;:&quot;24&quot;,&quot;title&quot;:&quot;Reaper binder for rice and wheat&quot;,&quot;width&quot;:&quot;133.8&quot;,&quot;_legend&quot;:&quot;{score}\\\/{best} - ({count} {votes})&quot;,&quot;font_factor&quot;:&quot;1.25&quot;}'>              <div class=\"kksr-stars\">      <div class=\"kksr-stars-inactive\">             <div class=\"kksr-star\" data-star=\"1\" style=\"padding-right: 5px\">               <div class=\"kksr-icon\" style=\"width: 24px; height: 24px;\"><\/div>         <\/div>             <div class=\"kksr-star\" data-star=\"2\" style=\"padding-right: 5px\">               <div class=\"kksr-icon\" style=\"width: 24px; height: 24px;\"><\/div>         <\/div>             <div class=\"kksr-star\" data-star=\"3\" style=\"padding-right: 5px\">               <div class=\"kksr-icon\" style=\"width: 24px; height: 24px;\"><\/div>         <\/div>             <div class=\"kksr-star\" data-star=\"4\" style=\"padding-right: 5px\">               <div class=\"kksr-icon\" style=\"width: 24px; height: 24px;\"><\/div>         <\/div>             <div class=\"kksr-star\" data-star=\"5\" style=\"padding-right: 5px\">               <div class=\"kksr-icon\" style=\"width: 24px; height: 24px;\"><\/div>         <\/div>     <\/div>      <div class=\"kksr-stars-active\" style=\"width: 133.8px;\">             <div class=\"kksr-star\" style=\"padding-right: 5px\">               <div class=\"kksr-icon\" style=\"width: 24px; height: 24px;\"><\/div>         <\/div>             <div class=\"kksr-star\" style=\"padding-right: 5px\">               <div class=\"kksr-icon\" style=\"width: 24px; height: 24px;\"><\/div>         <\/div>             <div class=\"kksr-star\" style=\"padding-right: 5px\">               <div class=\"kksr-icon\" style=\"width: 24px; height: 24px;\"><\/div>         <\/div>             <div class=\"kksr-star\" style=\"padding-right: 5px\">               <div class=\"kksr-icon\" style=\"width: 24px; height: 24px;\"><\/div>         <\/div>             <div class=\"kksr-star\" style=\"padding-right: 5px\">               <div class=\"kksr-icon\" style=\"width: 24px; height: 24px;\"><\/div>         <\/div>     <\/div> <\/div>                   <div class=\"kksr-legend\" style=\"font-size: 19.2px;\">             4,7\/5 - (30 votes)    <\/div>     <\/div>  <p class=\"translation-block\">La moissonneuse-lieuse est une petite moissonneuse sp\u00e9cialement utilis\u00e9e pour r\u00e9colter le bl\u00e9, le riz et d'autres cultures. Parce que c'est une petite moissonneuse, elle convient tr\u00e8s bien aux familles ayant de petites parcelles. En plus de cette moissonneuse, nous disposons \u00e9galement d'une <a href=\"https:\/\/www.agriculture-machine.com\/reaper-binder\/\" target=\"_blank\" rel=\"noopener\">liieuse coupeuse de riz<\/a>. Les mat\u00e9riaux r\u00e9colt\u00e9s peuvent \u00eatre coup\u00e9s et li\u00e9s.<\/p>    <h2 class=\"wp-block-heading\">Qu'est-ce que la machine \u00e0 reliure faucheuse\u00a0?<\/h2>    <p>Il existe 3 mod\u00e8les de classeurs Reaper produits par Taizy. Diff\u00e9rents mod\u00e8les de machines \u00e0 r\u00e9colter le riz ont des largeurs de r\u00e9colte diff\u00e9rentes. Nous recommanderons la machine avec la largeur de r\u00e9colte appropri\u00e9e en fonction de la situation sp\u00e9cifique du client. La machine \u00e0 couper le riz est propuls\u00e9e par un moteur diesel. <\/p>    <p>Nous disposons de 3 types de tondeuses. L\u2019un est celui dot\u00e9 d\u2019une lame verticale pour couper l\u2019herbe emm\u00eal\u00e9e. Un autre type est celui avec un cadre de support sur le dessus, qui convient aux tiges plus hautes telles que les tiges de ma\u00efs. Le troisi\u00e8me est le mod\u00e8le ordinaire, sans couteau vertical ni support.<\/p>    <figure class=\"wp-block-gallery has-nested-images columns-default is-cropped wp-block-gallery-2 is-layout-flex wp-block-gallery-is-layout-flex\"> <figure class=\"wp-block-image size-large\"><img loading=\"lazy\" decoding=\"async\" width=\"720\" height=\"540\" data-id=\"4031\" src=\"https:\/\/taizyfarmequipment.com\/wp-content\/uploads\/2023\/01\/reaper-binder-machine-.webp\" alt=\"machine \u00e0 reliure faucheuse\" class=\"wp-image-4031\" title=\"machine \u00e0 reliure faucheuse\"\/><figcaption class=\"wp-element-caption\">machine \u00e0 reliure faucheuse<\/figcaption><\/figure>    <figure class=\"wp-block-image size-large\"><img loading=\"lazy\" decoding=\"async\" width=\"720\" height=\"540\" data-id=\"4032\" src=\"https:\/\/taizyfarmequipment.com\/wp-content\/uploads\/2023\/01\/wheat-cutting-and-binding-machine.webp\" alt=\"machine de d\u00e9coupe et de reliure de bl\u00e9\" class=\"wp-image-4032\" title=\"machine de d\u00e9coupe et de reliure de bl\u00e9\"\/><figcaption class=\"wp-element-caption\">machine de d\u00e9coupe et de reliure de bl\u00e9<\/figcaption><\/figure>    <figure class=\"wp-block-image size-large\"><img loading=\"lazy\" decoding=\"async\" width=\"720\" height=\"540\" data-id=\"4033\" src=\"https:\/\/taizyfarmequipment.com\/wp-content\/uploads\/2023\/01\/Hand-reaper-machine-.webp\" alt=\"Machine \u00e0 faucher \u00e0 main\" class=\"wp-image-4033\" title=\"Machine \u00e0 faucher \u00e0 main\"\/><figcaption class=\"wp-element-caption\">Machine \u00e0 faucher \u00e0 main<\/figcaption><\/figure> <\/figure>    <h2 class=\"wp-block-heading\">Quelles plantes la machine \u00e0 couper et \u00e0 relier le riz peut-elle g\u00e9rer\u00a0?<\/h2>    <p class=\"translation-block\">Nos machines de coupe et de liage de riz peuvent traiter un large \u00e9ventail de mat\u00e9riaux. Ces mat\u00e9riaux comprennent le riz, le bl\u00e9, le soja, l'herbe, le millet, les c\u00e9r\u00e9ales, la luzerne, etc. En plus de la moissonneuse-lieuse en vente, nous fabriquons \u00e9galement des <a href=\"https:\/\/taizyfarmequipment.com\/fr\/produit-2\/recolteuse-de-mais-a-une-rangee\/\">petites moissonneuses de ma\u00efs<\/a> sp\u00e9cialement pour la r\u00e9colte du ma\u00efs. La moissonneuse de ma\u00efs r\u00e9colte une seule rang\u00e9e de ma\u00efs \u00e0 la fois, et une personne peut accomplir le travail.<\/p>    <figure class=\"wp-block-image size-full\"><img loading=\"lazy\" decoding=\"async\" width=\"720\" height=\"540\" src=\"https:\/\/taizyfarmequipment.com\/wp-content\/uploads\/2023\/01\/various-plants-.webp\" alt=\"diverses plantes \" class=\"wp-image-4034\" title=\"diverses plantes \"\/><figcaption class=\"wp-element-caption\">diverses plantes<\/figcaption><\/figure>    <h2 class=\"wp-block-heading\">Param\u00e8tres de la machine \u00e0 faucher \u00e0 main<\/h2>    <figure class=\"wp-block-table\"><table><tbody><tr><td>Largeur de r\u00e9colte<\/td><td>1000<\/td><\/tr><tr><td>Hauteur apr\u00e8s coupe<\/td><td>\u226550<\/td><\/tr><tr><td>Capacit\u00e9<\/td><td>0,41-0,66 acre\/h<\/td><\/tr><tr><td>Angle de pose (degr\u00e9s)<\/td><td>90 \u00b1 20<\/td><\/tr><tr><td>Formulaire de pose<\/td><td>de c\u00f4t\u00e9<\/td><\/tr><tr><td>Pouvoir de soutien<\/td><td>(3,64 kW) 170 F\/moteur diesel \u00e0 trois anneaux 4,5 chevaux<\/td><\/tr><tr><td>Poids net \/ kg)<\/td><td>210<\/td><\/tr><tr><td>Poids brut (kg)<\/td><td>250<\/td><\/tr><tr><td>Taille du colis (longueur*largeur*hauteur) m<\/td><td>1.3*1.07*0.65<\/td><\/tr><\/tbody><\/table><figcaption class=\"wp-element-caption\">Param\u00e8tres de la machine \u00e0 faucher \u00e0 main<\/figcaption><\/figure>    <h2 class=\"wp-block-heading\">Avantages favorables de la faucheuse manuelle<\/h2>    <ol class=\"wp-block-list\"> <li>Large gamme d'applications. Peut g\u00e9rer les cultures les plus courantes.<\/li>    <li>Facile \u00e0 utiliser. Les performances op\u00e9rationnelles sont fortes. Et tout le travail peut \u00eatre r\u00e9alis\u00e9 avec une seule op\u00e9ration manuelle.<\/li>    <li>La structure de la faucheuse manuelle est compacte, le volume est petit et la surface occup\u00e9e par l'andaineur est l'\u00e9quipement le plus pratique permettant aux agriculteurs de r\u00e9colter leurs r\u00e9coltes.<\/li>    <li>La machine convient \u00e0 une utilisation dans les montagnes, les collines et les petits champs.<\/li>    <li>Les pneus correspondants pendant le fonctionnement sont des pneus \u00e9largis de grand diam\u00e8tre, qui ont une forte capacit\u00e9 de d\u00e9passement et sont particuli\u00e8rement adapt\u00e9s aux op\u00e9rations sur sol mouill\u00e9 et pourri.<\/li>    <li>Embrayage de direction manuel, direction facile et flexible, petit rayon de braquage, aucune d\u00e9viation sur sol mouill\u00e9 ou mauvais.<\/li> <\/ol>    <figure class=\"wp-block-image size-full\"><img loading=\"lazy\" decoding=\"async\" width=\"720\" height=\"540\" src=\"https:\/\/taizyfarmequipment.com\/wp-content\/uploads\/2023\/01\/manual-paddy-reaper-.webp\" alt=\"faucheuse \u00e0 paddy manuelle\" class=\"wp-image-4035\" title=\"faucheuse \u00e0 paddy manuelle\"\/><figcaption class=\"wp-element-caption\">faucheuse \u00e0 paddy manuelle<\/figcaption><\/figure>    <h2 class=\"wp-block-heading\">Comment fonctionne la machine \u00e0 couper le paddy\u00a0?<\/h2>    <p>Au fur et \u00e0 mesure que la moissonneuse-lieuse avance, le diviseur de r\u00e9colte s\u00e9pare la r\u00e9colte. Les couteaux coupaient ensuite la r\u00e9colte. Ensuite, le tapis roulant envoie la r\u00e9colte verticalement vers la gauche. Enfin, sous l'action de la roue \u00e9toil\u00e9e et du faible ressort de pression, les r\u00e9coltes sont dispos\u00e9es en bandes et d\u00e9pos\u00e9es proprement au sol.<\/p>    <h2 class=\"wp-block-heading\">Vid\u00e9o de travail de la machine \u00e0 couper le bl\u00e9<\/h2>    <figure class=\"wp-block-embed is-type-video is-provider-youtube wp-block-embed-youtube wp-embed-aspect-4-3 wp-has-aspect-ratio\"><div class=\"wp-block-embed__wrapper\"> <iframe loading=\"lazy\" title=\"tr\u00e8s excellente vid\u00e9o !!! comment installer une faucheuse et une machine \u00e0 relier le riz et le bl\u00e9 ?\" width=\"500\" height=\"375\" src=\"https:\/\/www.youtube.com\/embed\/qVnE7wE-lAI?feature=oembed\" frameborder=\"0\" allow=\"accelerometer; autoplay; clipboard-write; encrypted-media; gyroscope; picture-in-picture; web-share\" referrerpolicy=\"strict-origin-when-cross-origin\" allowfullscreen><\/iframe> <\/div><\/figure>    <h2 class=\"wp-block-heading\">R\u00e9colteuse de riz Taizy - meilleur choix<\/h2>    <ol class=\"wp-block-list\"> <li>Nous sommes un fabricant professionnel de machines agricoles. S'est engag\u00e9 \u00e0 fabriquer des produits de machines agricoles durables et de haute qualit\u00e9. Par cons\u00e9quent, chacune de nos machines agricoles est de haute qualit\u00e9 et \u00e0 bas prix. Les clients peuvent acheter en toute confiance.<\/li>    <li>Nous exportons des machines depuis de nombreuses ann\u00e9es. Ainsi, les clients \u00e9trangers peuvent \u00eatre aid\u00e9s \u00e0 r\u00e9soudre de nombreux probl\u00e8mes rencontr\u00e9s lors du processus d\u2019achat.<\/li>    <li>Service complet. Notre personnel commercial poss\u00e8de une connaissance professionnelle des machines. Peut aider les clients \u00e0 r\u00e9pondre \u00e0 diverses questions sur la machine.<\/li>    <li>Service apr\u00e8s-vente d'un an. Nous prenons en charge un service apr\u00e8s-vente d'un an pour toutes les machines.<\/li> <\/ol>    <figure class=\"wp-block-image size-full\"><img loading=\"lazy\" decoding=\"async\" width=\"720\" height=\"540\" src=\"https:\/\/taizyfarmequipment.com\/wp-content\/uploads\/2023\/01\/rice-reaper-harvester-.webp\" alt=\"r\u00e9colteuse de riz\" class=\"wp-image-4036\" title=\"r\u00e9colteuse de riz\"\/><figcaption class=\"wp-element-caption\">r\u00e9colteuse de riz<\/figcaption><\/figure>","protected":false},"excerpt":{"rendered":"<p>La moissonneuse-lieuse est une petite moissonneuse sp\u00e9cialement utilis\u00e9e pour r\u00e9colter le bl\u00e9, le riz et d'autres cultures. Parce qu'il s'agit d'une petite moissonneuse, elle convient tr\u00e8s bien aux familles poss\u00e9dant de petits champs.<\/p>","protected":false},"author":1,"featured_media":4029,"parent":0,"template":"","tags":[301],"product-type":[128],"class_list":["post-3938","product","type-product","status-publish","has-post-thumbnail","hentry","tag-reaper-binder","product-type-harvester"],"_links":{"self":[{"href":"https:\/\/taizyfarmequipment.com\/fr\/wp-json\/wp\/v2\/product\/3938","targetHints":{"allow":["GET"]}}],"collection":[{"href":"https:\/\/taizyfarmequipment.com\/fr\/wp-json\/wp\/v2\/product"}],"about":[{"href":"https:\/\/taizyfarmequipment.com\/fr\/wp-json\/wp\/v2\/types\/product"}],"author":[{"embeddable":true,"href":"https:\/\/taizyfarmequipment.com\/fr\/wp-json\/wp\/v2\/users\/1"}],"wp:featuredmedia":[{"embeddable":true,"href":"https:\/\/taizyfarmequipment.com\/fr\/wp-json\/wp\/v2\/media\/4029"}],"wp:attachment":[{"href":"https:\/\/taizyfarmequipment.com\/fr\/wp-json\/wp\/v2\/media?parent=3938"}],"wp:term":[{"taxonomy":"post_tag","embeddable":true,"href":"https:\/\/taizyfarmequipment.com\/fr\/wp-json\/wp\/v2\/tags?post=3938"},{"taxonomy":"product-type","embeddable":true,"href":"https:\/\/taizyfarmequipment.com\/fr\/wp-json\/wp\/v2\/product-type?post=3938"}],"curies":[{"name":"wp","href":"https:\/\/api.w.org\/{rel}","templated":true}]}}