{"id":3944,"date":"2022-12-21T17:06:49","date_gmt":"2022-12-21T09:06:49","guid":{"rendered":"https:\/\/taizyfarmequipment.com\/?post_type=product&#038;p=3944"},"modified":"2025-11-26T15:59:48","modified_gmt":"2025-11-26T07:59:48","slug":"machine-automatique-de-semis-de-riz","status":"publish","type":"product","link":"https:\/\/taizyfarmequipment.com\/fr\/product\/automatic-paddy-seed-sowing-machine\/","title":{"rendered":"Semoir automatique de graines de riz paddy"},"content":{"rendered":"<div class=\"kk-star-ratings kksr-auto kksr-align-left kksr-valign-top\"     data-payload='{&quot;align&quot;:&quot;left&quot;,&quot;id&quot;:&quot;3944&quot;,&quot;slug&quot;:&quot;default&quot;,&quot;valign&quot;:&quot;top&quot;,&quot;ignore&quot;:&quot;&quot;,&quot;reference&quot;:&quot;auto&quot;,&quot;class&quot;:&quot;&quot;,&quot;count&quot;:&quot;25&quot;,&quot;legendonly&quot;:&quot;&quot;,&quot;readonly&quot;:&quot;&quot;,&quot;score&quot;:&quot;4.7&quot;,&quot;starsonly&quot;:&quot;&quot;,&quot;best&quot;:&quot;5&quot;,&quot;gap&quot;:&quot;5&quot;,&quot;greet&quot;:&quot;Rate this product&quot;,&quot;legend&quot;:&quot;4.7\\\/5 - (25 votes)&quot;,&quot;size&quot;:&quot;24&quot;,&quot;title&quot;:&quot;Automatic rice paddy seed sowing machine&quot;,&quot;width&quot;:&quot;133.8&quot;,&quot;_legend&quot;:&quot;{score}\\\/{best} - ({count} {votes})&quot;,&quot;font_factor&quot;:&quot;1.25&quot;}'>              <div class=\"kksr-stars\">      <div class=\"kksr-stars-inactive\">             <div class=\"kksr-star\" data-star=\"1\" style=\"padding-right: 5px\">               <div class=\"kksr-icon\" style=\"width: 24px; height: 24px;\"><\/div>         <\/div>             <div class=\"kksr-star\" data-star=\"2\" style=\"padding-right: 5px\">               <div class=\"kksr-icon\" style=\"width: 24px; height: 24px;\"><\/div>         <\/div>             <div class=\"kksr-star\" data-star=\"3\" style=\"padding-right: 5px\">               <div class=\"kksr-icon\" style=\"width: 24px; height: 24px;\"><\/div>         <\/div>             <div class=\"kksr-star\" data-star=\"4\" style=\"padding-right: 5px\">               <div class=\"kksr-icon\" style=\"width: 24px; height: 24px;\"><\/div>         <\/div>             <div class=\"kksr-star\" data-star=\"5\" style=\"padding-right: 5px\">               <div class=\"kksr-icon\" style=\"width: 24px; height: 24px;\"><\/div>         <\/div>     <\/div>      <div class=\"kksr-stars-active\" style=\"width: 133.8px;\">             <div class=\"kksr-star\" style=\"padding-right: 5px\">               <div class=\"kksr-icon\" style=\"width: 24px; height: 24px;\"><\/div>         <\/div>             <div class=\"kksr-star\" style=\"padding-right: 5px\">               <div class=\"kksr-icon\" style=\"width: 24px; height: 24px;\"><\/div>         <\/div>             <div class=\"kksr-star\" style=\"padding-right: 5px\">               <div class=\"kksr-icon\" style=\"width: 24px; height: 24px;\"><\/div>         <\/div>             <div class=\"kksr-star\" style=\"padding-right: 5px\">               <div class=\"kksr-icon\" style=\"width: 24px; height: 24px;\"><\/div>         <\/div>             <div class=\"kksr-star\" style=\"padding-right: 5px\">               <div class=\"kksr-icon\" style=\"width: 24px; height: 24px;\"><\/div>         <\/div>     <\/div> <\/div>                   <div class=\"kksr-legend\" style=\"font-size: 19.2px;\">             4,7\/5 - (25 votes)    <\/div>     <\/div>  <p class=\"translation-block\">La machine de semis de graines de riz peut am\u00e9liorer l'efficacit\u00e9 de la culture des semis de riz. Avec une capacit\u00e9 de <strong>969-1017 plateaux par heure<\/strong>, elle assure un semis rapide et uniforme, r\u00e9duisant consid\u00e9rablement la main-d'\u0153uvre. <\/p>    <p>Cette machine automatique de semis de graines de riz dispose d'un dosage automatis\u00e9 des graines et d'un remplissage des plateaux, garantissant des r\u00e9sultats constants qui am\u00e9liorent la qualit\u00e9 et la croissance des semis. <\/p>    <figure class=\"wp-block-embed is-type-video is-provider-youtube wp-block-embed-youtube wp-embed-aspect-9-16 wp-has-aspect-ratio\"><div class=\"wp-block-embed__wrapper\"> <iframe loading=\"lazy\" title=\"Machine automatique de semis de graines de riz pour une agriculture \u00e0 haute efficacit\u00e9 #riz #paddy #semer #agriculture\" width=\"422\" height=\"750\" src=\"https:\/\/www.youtube.com\/embed\/XhMncCF22Iw?feature=oembed\" frameborder=\"0\" allow=\"accelerometer; autoplay; clipboard-write; encrypted-media; gyroscope; picture-in-picture; web-share\" referrerpolicy=\"strict-origin-when-cross-origin\" allowfullscreen><\/iframe> <\/div><figcaption class=\"wp-element-caption\">Vid\u00e9o de fonctionnement de la machine automatique de semis de graines de riz<\/figcaption><\/figure>    <h2 class=\"wp-block-heading\">Machine de semis de graines de riz \u00e0 vendre<\/h2>    <div class=\"wp-block-media-text is-stacked-on-mobile\"><figure class=\"wp-block-media-text__media\"><img loading=\"lazy\" decoding=\"async\" width=\"720\" height=\"540\" src=\"https:\/\/taizyfarmequipment.com\/wp-content\/uploads\/2023\/01\/paddy-seed-sowing-machine-2.webp\" alt=\"semoir de graines de paddy\" class=\"wp-image-4022 size-full\"\/><\/figure><div class=\"wp-block-media-text__content\"> <p>La machine semeuse automatique de riz en rizi\u00e8re de Taizy int\u00e8gre l'alimentation des plateaux, le remplissage en terre, le semis, l'arrosage et l'empilage des plateaux en une seule unit\u00e9. <\/p>    <p>Elle \u00e9conomise la main-d'\u0153uvre et le temps, assure un semis pr\u00e9cis, am\u00e9liore le taux de survie des semis, et r\u00e9duit le gaspillage de graines.<\/p> <\/div><\/div>    <h2 class=\"wp-block-heading\">Structure de la machine \u00e0 semis de semis de riz<\/h2>    <div class=\"wp-block-media-text has-media-on-the-right is-stacked-on-mobile\"><div class=\"wp-block-media-text__content\"> <p>La machine comprend principalement une bande transporteuse, une bo\u00eete de paillage, une partie d'arrosage, un dispositif de semis, une partie d'empilement de plateaux, une partie de chargement de terre, etc.<\/p> <\/div><figure class=\"wp-block-media-text__media\"><img loading=\"lazy\" decoding=\"async\" width=\"720\" height=\"540\" src=\"https:\/\/taizyfarmequipment.com\/wp-content\/uploads\/2023\/01\/rice-seedling-machine-.webp\" alt=\"machine \u00e0 semis de riz\" class=\"wp-image-4023 size-full\"\/><\/figure><\/div>    <h2 class=\"wp-block-heading\">Comment fonctionne la machine de semis de riz ?<\/h2>    <div class=\"wp-block-media-text is-stacked-on-mobile\"><figure class=\"wp-block-media-text__media\"><img loading=\"lazy\" decoding=\"async\" width=\"720\" height=\"540\" src=\"https:\/\/taizyfarmequipment.com\/wp-content\/uploads\/2023\/01\/automatic-paddy-rice-seeding-machine-.webp\" alt=\"semoir de riz paddy pour entreprise\" class=\"wp-image-4020 size-full\"\/><\/figure><div class=\"wp-block-media-text__content\"> <ul class=\"wp-block-list\"> <li>Placez un plateau de semis sur le dispositif d'alimentation automatique des plateaux et mettez la machine en marche.<\/li>    <li>La bande transporteuse avance le plateau jusqu'\u00e0 la premi\u00e8re bo\u00eete de terre pour un recouvrement uniforme.<\/li>    <li>Des brosses retirent l'exc\u00e8s de terre du plateau.<\/li>    <li>L'arroseur disperse de l'eau sur le plateau.<\/li>    <li>Le plateau passe dans la section de semis, o\u00f9 les graines sont sem\u00e9es avec pr\u00e9cision.<\/li>    <li>Le plateau est \u00e0 nouveau paill\u00e9 apr\u00e8s la semence pour soutenir <a href=\"https:\/\/en.wikipedia.org\/wiki\/Seedling\" data-type=\"link\" data-id=\"https:\/\/en.wikipedia.org\/wiki\/Seedling\" target=\"_blank\" rel=\"noopener\">semis<\/a> croissance.<\/li>    <li>La machine empile automatiquement les plateaux de semis, pr\u00eats \u00e0 \u00eatre r\u00e9cup\u00e9r\u00e9s par les op\u00e9rateurs.<\/li> <\/ul> <\/div><\/div>    <h2 class=\"wp-block-heading\">Avantages de la machine \u00e0 semis de p\u00e9pini\u00e8re de riz<\/h2>    <ol class=\"wp-block-list\"> <li><strong>Efficacit\u00e9 \u00e9lev\u00e9e de semis<\/strong>. Combine le paillage, la semence, l'arrosage et l'empilement automatique des plateaux en une seule machine pour r\u00e9aliser rapidement toutes les t\u00e2ches de semis.<\/li>    <li><strong>Semis pr\u00e9cis<\/strong>. \u00c9conomise les graines de riz et garantit une bonne croissance des plantules avec un taux de survie \u00e9lev\u00e9.<\/li>    <li><strong>Haute automatisation<\/strong>. Nourrit automatiquement les plateaux, empile les plateaux, et comprend un convoyeur automatique d'alimentation du sol, r\u00e9duisant les besoins en main-d'\u0153uvre.<\/li>    <li><strong>Facile \u00e0 utiliser<\/strong>. Une structure simple permet \u00e0 une personne de r\u00e9aliser efficacement tout le processus de semis du riz.<\/li> <\/ol>    <figure class=\"wp-block-gallery has-nested-images columns-default is-cropped wp-block-gallery-2 is-layout-flex wp-block-gallery-is-layout-flex\"> <figure class=\"wp-block-image size-large\"><img loading=\"lazy\" decoding=\"async\" width=\"720\" height=\"540\" data-id=\"4025\" src=\"https:\/\/taizyfarmequipment.com\/wp-content\/uploads\/2023\/01\/factory-.webp\" alt=\"machine de semis de p\u00e9pini\u00e8re de riz en stock\" class=\"wp-image-4025\" title=\"Notre usine \"\/><figcaption class=\"wp-element-caption\">machine de semis de p\u00e9pini\u00e8re de riz en stock<\/figcaption><\/figure>    <figure class=\"wp-block-image size-large\"><img loading=\"lazy\" decoding=\"async\" width=\"720\" height=\"540\" data-id=\"4027\" src=\"https:\/\/taizyfarmequipment.com\/wp-content\/uploads\/2023\/01\/part-of-our-factory-.webp\" alt=\"machine de semis de p\u00e9pini\u00e8re de riz export\u00e9e\" class=\"wp-image-4027\" title=\"une partie de notre usine \"\/><figcaption class=\"wp-element-caption\">machine de semis de p\u00e9pini\u00e8re de riz export\u00e9e<\/figcaption><\/figure> <\/figure>    <h2 class=\"wp-block-heading\">Param\u00e8tres de la planteuse de semences de riz<\/h2>    <figure class=\"wp-block-table\"><table><tbody><tr><td>Mod\u00e8le<strong><\/strong><\/td><td>TZY-280A<strong><\/strong><\/td><\/tr><tr><td>Taille<\/td><td>6830*460*1020mm<strong><\/strong><\/td><\/tr><tr><td>Poids<\/td><td>190 kg<strong><\/strong><\/td><\/tr><tr><td>Pouvoir<\/td><td>240w pour la livraison120w pour l'ensemencement<strong><\/strong><\/td><\/tr><tr><td>Entonnoir auxiliaire pour sol de semis<\/td><td>45L<strong><\/strong><\/td><\/tr><tr><td>Entonnoir \u00e0 graines<\/td><td>30L<strong><\/strong><\/td><\/tr><tr><td>Entonnoir auxiliaire pour sol de semis<\/td><td>45L<\/td><\/tr><tr><td>Quantit\u00e9 de semis (g\/plateau)<\/td><td>95\uff5e304,5<strong><\/strong><\/td><\/tr><tr><td>Capacit\u00e9<\/td><td>969-1017plateau\/heure<\/td><\/tr><tr><td>\u00c9paisseur du sous-sol<\/td><td>18-25mm<\/td><\/tr><tr><td>L'\u00e9paisseur du sol superficiel<\/td><td>3-9mm<\/td><\/tr><\/tbody><\/table><figcaption class=\"wp-element-caption\">Param\u00e8tres de la machine de plantation de graines de riz<\/figcaption><\/figure>    <h2 class=\"wp-block-heading\">Quelles sont les machines qui peuvent fonctionner avec la machine \u00e0 semis de riz ?<\/h2>    <div class=\"wp-block-media-text has-media-on-the-right is-stacked-on-mobile\"><div class=\"wp-block-media-text__content\"> <p class=\"translation-block\">La machine \u00e0 semis de riz peut \u00eatre utilis\u00e9e en combinaison avec un <a href=\"https:\/\/taizyfarmequipment.com\/fr\/produit-2\/transplanteur-de-riz-pour-semis-de-riz\/\" data-type=\"link\" data-id=\"https:\/\/taizyfarmequipment.com\/product\/rice-transplanter-for-rice-seedings\/\">planteur de riz<\/a> pour am\u00e9liorer consid\u00e9rablement l'efficacit\u00e9. <\/p>    <p>D'abord, la machine \u00e0 semis est utilis\u00e9e pour semer les graines, et une fois que les semis ont atteint la maturit\u00e9, le planteur de riz est alors utilis\u00e9 pour les planter dans le champ.<\/p> <\/div><figure class=\"wp-block-media-text__media\"><img loading=\"lazy\" decoding=\"async\" width=\"720\" height=\"540\" src=\"https:\/\/taizyfarmequipment.com\/wp-content\/uploads\/2022\/12\/rice-transplanter.webp\" alt=\"repiqueuse de riz\" class=\"wp-image-4974 size-full\" srcset=\"https:\/\/taizyfarmequipment.com\/wp-content\/uploads\/2022\/12\/rice-transplanter.webp 720w, https:\/\/taizyfarmequipment.com\/wp-content\/uploads\/2022\/12\/rice-transplanter-300x225.webp 300w, https:\/\/taizyfarmequipment.com\/wp-content\/uploads\/2022\/12\/rice-transplanter-16x12.webp 16w\" sizes=\"auto, (max-width: 720px) 100vw, 720px\" \/><\/figure><\/div>    <h2 class=\"wp-block-heading\">Machine de p\u00e9pini\u00e8re de riz vendue en Azerba\u00efdjan<\/h2>    <p>Un client d\u2019Azerba\u00efdjan nous a achet\u00e9 un semoir de graines de riz paddy. Le client l'a achet\u00e9 pour son ami. Lors de la communication avec le client \u00e0 propos de la machine, nous lui avons envoy\u00e9 des photos, des vid\u00e9os et des param\u00e8tres de la machine. <\/p>    <p>Nous avons \u00e9galement pr\u00e9sent\u00e9 deux mod\u00e8les de notre machine \u00e0 semis de riz au client. L\u2019un est un mod\u00e8le standard et l\u2019autre est enti\u00e8rement automatique. Ensuite, le client a d\u00e9cid\u00e9 d'acheter la machine \u00e0 semis de riz enti\u00e8rement automatique apr\u00e8s en avoir discut\u00e9 avec ses amis.<\/p>    <figure class=\"wp-block-image size-large\"><img loading=\"lazy\" decoding=\"async\" width=\"720\" height=\"540\" src=\"https:\/\/taizyfarmequipment.com\/wp-content\/uploads\/2023\/01\/paddy-seed-sowing-machine-.jpg\" alt=\"transport de semoir de graines de paddy\" class=\"wp-image-4028\" title=\"semoir de graines de paddy\"\/><figcaption class=\"wp-element-caption\">transport de semoir de graines de paddy<\/figcaption><\/figure>    <h2 class=\"wp-block-heading\">Pourquoi choisir d'acheter la machine automatique de semis de graines de riz chez nous ?<\/h2>    <p>Nous accordons la priorit\u00e9 \u00e0 la qualit\u00e9 et \u00e0 la durabilit\u00e9 des produits, en veillant \u00e0 ce que le semoir de riz paddy conserve des performances \u00e9lev\u00e9es et stables sur des p\u00e9riodes d'utilisation prolong\u00e9es. De plus, notre \u00e9quipe de service client est \u00e0 votre disposition pour fournir une assistance et r\u00e9pondre \u00e0 toute question concernant l'utilisation et la maintenance de la machine.<\/p>    <p>Si vous envisagez d'am\u00e9liorer l'efficacit\u00e9 de la plantation du riz, de r\u00e9duire les co\u00fbts de main-d'\u0153uvre et d'am\u00e9liorer l'avenir de la production agricole, notre semoir de riz paddy est le choix id\u00e9al. <\/p>    <h2 class=\"wp-block-heading\">Conclusion<\/h2>    <p>N'h\u00e9sitez pas \u00e0 nous contacter \u00e0 tout moment; nous sommes impatients de vous fournir des informations plus d\u00e9taill\u00e9es et d\u2019\u00e9laborer une solution adapt\u00e9e \u00e0 vos besoins agricoles. En choisissant notre machine, vous faites un pas vers une production agricole plus efficace, durable et r\u00e9ussie.<\/p>","protected":false},"excerpt":{"rendered":"<p>La machine de semis de graines de riz peut am\u00e9liorer l'efficacit\u00e9 de la culture des semis de riz. <\/p>","protected":false},"author":1,"featured_media":4019,"parent":0,"template":"","tags":[343],"product-type":[134],"class_list":["post-3944","product","type-product","status-publish","has-post-thumbnail","hentry","tag-automatic-rice-paddy-seed-sowing-machine","product-type-nursery-transplanter"],"_links":{"self":[{"href":"https:\/\/taizyfarmequipment.com\/fr\/wp-json\/wp\/v2\/product\/3944","targetHints":{"allow":["GET"]}}],"collection":[{"href":"https:\/\/taizyfarmequipment.com\/fr\/wp-json\/wp\/v2\/product"}],"about":[{"href":"https:\/\/taizyfarmequipment.com\/fr\/wp-json\/wp\/v2\/types\/product"}],"author":[{"embeddable":true,"href":"https:\/\/taizyfarmequipment.com\/fr\/wp-json\/wp\/v2\/users\/1"}],"wp:featuredmedia":[{"embeddable":true,"href":"https:\/\/taizyfarmequipment.com\/fr\/wp-json\/wp\/v2\/media\/4019"}],"wp:attachment":[{"href":"https:\/\/taizyfarmequipment.com\/fr\/wp-json\/wp\/v2\/media?parent=3944"}],"wp:term":[{"taxonomy":"post_tag","embeddable":true,"href":"https:\/\/taizyfarmequipment.com\/fr\/wp-json\/wp\/v2\/tags?post=3944"},{"taxonomy":"product-type","embeddable":true,"href":"https:\/\/taizyfarmequipment.com\/fr\/wp-json\/wp\/v2\/product-type?post=3944"}],"curies":[{"name":"wp","href":"https:\/\/api.w.org\/{rel}","templated":true}]}}