{"id":3965,"date":"2023-01-04T11:05:05","date_gmt":"2023-01-04T03:05:05","guid":{"rendered":"https:\/\/taizyfarmequipment.com\/?post_type=product&#038;p=3965"},"modified":"2024-09-09T17:48:51","modified_gmt":"2024-09-09T09:48:51","slug":"charrue-a-disques-a-vendre","status":"publish","type":"product","link":"https:\/\/taizyfarmequipment.com\/fr\/product\/disc-plow-for-sale\/","title":{"rendered":"Charrue \u00e0 disque tracteur 4 roues \u00e0 vendre"},"content":{"rendered":"<div class=\"kk-star-ratings kksr-auto kksr-align-left kksr-valign-top\"     data-payload='{&quot;align&quot;:&quot;left&quot;,&quot;id&quot;:&quot;3965&quot;,&quot;slug&quot;:&quot;default&quot;,&quot;valign&quot;:&quot;top&quot;,&quot;ignore&quot;:&quot;&quot;,&quot;reference&quot;:&quot;auto&quot;,&quot;class&quot;:&quot;&quot;,&quot;count&quot;:&quot;26&quot;,&quot;legendonly&quot;:&quot;&quot;,&quot;readonly&quot;:&quot;&quot;,&quot;score&quot;:&quot;4.7&quot;,&quot;starsonly&quot;:&quot;&quot;,&quot;best&quot;:&quot;5&quot;,&quot;gap&quot;:&quot;5&quot;,&quot;greet&quot;:&quot;Rate this product&quot;,&quot;legend&quot;:&quot;4.7\\\/5 - (26 votes)&quot;,&quot;size&quot;:&quot;24&quot;,&quot;title&quot;:&quot;Tractor 4-wheeler disc plow for sale&quot;,&quot;width&quot;:&quot;133.8&quot;,&quot;_legend&quot;:&quot;{score}\\\/{best} - ({count} {votes})&quot;,&quot;font_factor&quot;:&quot;1.25&quot;}'>              <div class=\"kksr-stars\">      <div class=\"kksr-stars-inactive\">             <div class=\"kksr-star\" data-star=\"1\" style=\"padding-right: 5px\">               <div class=\"kksr-icon\" style=\"width: 24px; height: 24px;\"><\/div>         <\/div>             <div class=\"kksr-star\" data-star=\"2\" style=\"padding-right: 5px\">               <div class=\"kksr-icon\" style=\"width: 24px; height: 24px;\"><\/div>         <\/div>             <div class=\"kksr-star\" data-star=\"3\" style=\"padding-right: 5px\">               <div class=\"kksr-icon\" style=\"width: 24px; height: 24px;\"><\/div>         <\/div>             <div class=\"kksr-star\" data-star=\"4\" style=\"padding-right: 5px\">               <div class=\"kksr-icon\" style=\"width: 24px; height: 24px;\"><\/div>         <\/div>             <div class=\"kksr-star\" data-star=\"5\" style=\"padding-right: 5px\">               <div class=\"kksr-icon\" style=\"width: 24px; height: 24px;\"><\/div>         <\/div>     <\/div>      <div class=\"kksr-stars-active\" style=\"width: 133.8px;\">             <div class=\"kksr-star\" style=\"padding-right: 5px\">               <div class=\"kksr-icon\" style=\"width: 24px; height: 24px;\"><\/div>         <\/div>             <div class=\"kksr-star\" style=\"padding-right: 5px\">               <div class=\"kksr-icon\" style=\"width: 24px; height: 24px;\"><\/div>         <\/div>             <div class=\"kksr-star\" style=\"padding-right: 5px\">               <div class=\"kksr-icon\" style=\"width: 24px; height: 24px;\"><\/div>         <\/div>             <div class=\"kksr-star\" style=\"padding-right: 5px\">               <div class=\"kksr-icon\" style=\"width: 24px; height: 24px;\"><\/div>         <\/div>             <div class=\"kksr-star\" style=\"padding-right: 5px\">               <div class=\"kksr-icon\" style=\"width: 24px; height: 24px;\"><\/div>         <\/div>     <\/div> <\/div>                   <div class=\"kksr-legend\" style=\"font-size: 19.2px;\">             4,7\/5 - (26 votes)    <\/div>     <\/div>  <p>La charrue \u00e0 disques \u00e0 vendre peut ameublir efficacement le sol apr\u00e8s la r\u00e9colte. Propuls\u00e9 par des tracteurs de 18 \u00e0 160 ch, cet \u00e9quipement permet aux agriculteurs de retourner le sol facilement, r\u00e9duisant consid\u00e9rablement le travail manuel. <\/p>    <p>En minimisant le compactage du sol et en am\u00e9liorant l'a\u00e9ration et la p\u00e9n\u00e9tration de l'eau, la charrue \u00e0 disques cr\u00e9e des conditions optimales pour une croissance saine des cultures.<\/p>    <figure class=\"wp-block-embed is-type-video is-provider-youtube wp-block-embed-youtube wp-embed-aspect-16-9 wp-has-aspect-ratio\"><div class=\"wp-block-embed__wrapper\"> <iframe loading=\"lazy\" title=\"Pourquoi cette charrue \u00e0 disques est un incontournable pour chaque agriculteur #agriculture #farming #plowing\" width=\"500\" height=\"281\" src=\"https:\/\/www.youtube.com\/embed\/oKwRLv9Ahp8?feature=oembed\" frameborder=\"0\" allow=\"accelerometer; autoplay; clipboard-write; encrypted-media; gyroscope; picture-in-picture; web-share\" referrerpolicy=\"strict-origin-when-cross-origin\" allowfullscreen><\/iframe> <\/div><figcaption class=\"wp-element-caption\">vid\u00e9o de travail de la charrue \u00e0 disques<\/figcaption><\/figure>    <h2 class=\"wp-block-heading\">Charrue \u00e0 disques \u00e0 vendre<\/h2>    <p>La charrue \u00e0 disques \u00e0 vendre s'appuie principalement sur son disque concave pour un ameublissement efficace du sol. Taizy propose diff\u00e9rents mod\u00e8les pour r\u00e9pondre aux diff\u00e9rents besoins agricoles, avec des options allant de deux disques pour le plus petit mod\u00e8le \u00e0 six disques pour le plus grand. <\/p>    <p>En plus de plusieurs tailles, Taizy propose \u00e9galement trois styles distincts de charrues \u00e0 disques : triangulaires, \u00e0 tubes ronds et petites charrues \u00e0 poissons, offrant aux clients un large \u00e9ventail de choix pour r\u00e9pondre \u00e0 leurs besoins sp\u00e9cifiques.<\/p>    <p class=\"translation-block\">Lors de l'utilisation de la charrue \u00e0 disques, elle se connecte \u00e0 un tracteur via un syst\u00e8me de suspension \u00e0 trois points. Pour les clients qui poss\u00e8dent d\u00e9j\u00e0 des tracteurs, nous d\u00e9terminons la taille appropri\u00e9e de la charrue en fonction de la puissance (horsepower) du <a href=\"https:\/\/en.wikipedia.org\/wiki\/Tractor\" data-type=\"link\" data-id=\"https:\/\/en.wikipedia.org\/wiki\/Tractor\" target=\"_blank\" rel=\"noopener\">tracteur<\/a>\u2018s.<\/p>    <figure class=\"wp-block-image size-full\"><img loading=\"lazy\" decoding=\"async\" width=\"720\" height=\"540\" src=\"https:\/\/taizyfarmequipment.com\/wp-content\/uploads\/2023\/01\/disc-plow-for-sale-in-stock.webp\" alt=\"charrue \u00e0 disques \u00e0 vendre en stock\" class=\"wp-image-4668\" srcset=\"https:\/\/taizyfarmequipment.com\/wp-content\/uploads\/2023\/01\/disc-plow-for-sale-in-stock.webp 720w, https:\/\/taizyfarmequipment.com\/wp-content\/uploads\/2023\/01\/disc-plow-for-sale-in-stock-300x225.webp 300w, https:\/\/taizyfarmequipment.com\/wp-content\/uploads\/2023\/01\/disc-plow-for-sale-in-stock-16x12.webp 16w\" sizes=\"auto, (max-width: 720px) 100vw, 720px\" \/><figcaption class=\"wp-element-caption\">charrue \u00e0 disques \u00e0 vendre en stock<\/figcaption><\/figure>    <h3 class=\"wp-block-heading\"><strong>Principales caract\u00e9ristiques<\/strong><\/h3>    <ul class=\"wp-block-list\"> <li><strong>Mod\u00e8les de disques.<\/strong> Disponible avec 2 \u00e0 6 disques.<\/li>    <li><strong>Styles<\/strong>. Charrues triangulaires, \u00e0 tube rond et petites charrues \u00e0 poissons.<\/li>    <li><strong>Compatibilit\u00e9 tracteur.<\/strong> Se fixe au tracteur \u00e0 l'aide d'un syst\u00e8me de suspension \u00e0 trois points.<\/li>    <li><strong>Personnalisation<\/strong>. La taille de la charrue est adapt\u00e9e \u00e0 la puissance du tracteur du client.<\/li> <\/ul>    <figure class=\"wp-block-gallery has-nested-images columns-default is-cropped wp-block-gallery-2 is-layout-flex wp-block-gallery-is-layout-flex\"> <figure class=\"wp-block-image size-large\"><img loading=\"lazy\" decoding=\"async\" width=\"720\" height=\"540\" data-id=\"3985\" src=\"https:\/\/taizyfarmequipment.com\/wp-content\/uploads\/2023\/01\/triangular-disc-plow-for-sale-.webp\" alt=\"charrue \u00e0 disques triangulaires \u00e0 vendre\" class=\"wp-image-3985\" title=\"charrue \u00e0 disques triangulaires \u00e0 vendre\"\/><figcaption class=\"wp-element-caption\">charrue \u00e0 disques triangulaires \u00e0 vendre<\/figcaption><\/figure>    <figure class=\"wp-block-image size-large\"><img loading=\"lazy\" decoding=\"async\" width=\"720\" height=\"540\" data-id=\"3986\" src=\"https:\/\/taizyfarmequipment.com\/wp-content\/uploads\/2023\/01\/round-tube-disc-plough-.webp\" alt=\"charrue \u00e0 disque \u00e0 tube rond \" class=\"wp-image-3986\" title=\"charrue \u00e0 disque \u00e0 tube rond \"\/><figcaption class=\"wp-element-caption\">charrue \u00e0 disque \u00e0 tube rond<\/figcaption><\/figure>    <figure class=\"wp-block-image size-large\"><img loading=\"lazy\" decoding=\"async\" width=\"720\" height=\"540\" data-id=\"3987\" src=\"https:\/\/taizyfarmequipment.com\/wp-content\/uploads\/2023\/01\/small-fish-plow-.webp\" alt=\"petite charrue \u00e0 poisson\" class=\"wp-image-3987\" title=\"petite charrue \u00e0 poisson\"\/><figcaption class=\"wp-element-caption\">petite charrue \u00e0 poisson<\/figcaption><\/figure> <\/figure>    <h2 class=\"wp-block-heading\">Applications de charrue \u00e0 disques \u00e0 4 roues<\/h2>    <p>La charrue \u00e0 disques est id\u00e9ale pour g\u00e9rer diverses conditions difficiles sur les terres agricoles. Il excelle dans le labour des r\u00e9gions s\u00e8ches, le d\u00e9frichement des terres incultes et le travail dans les sols m\u00e9lang\u00e9s \u00e0 des d\u00e9bris. <\/p>    <p>Sa conception garantit des performances fiables sur diff\u00e9rents terrains, ce qui en fait un choix polyvalent pour l'agriculture moderne.<\/p>    <figure class=\"wp-block-image size-full\"><img loading=\"lazy\" decoding=\"async\" width=\"720\" height=\"540\" src=\"https:\/\/taizyfarmequipment.com\/wp-content\/uploads\/2023\/01\/industrial-disc-plow-for-sale.webp\" alt=\"charrue \u00e0 disques industrielle \u00e0 vendre\" class=\"wp-image-4673\" srcset=\"https:\/\/taizyfarmequipment.com\/wp-content\/uploads\/2023\/01\/industrial-disc-plow-for-sale.webp 720w, https:\/\/taizyfarmequipment.com\/wp-content\/uploads\/2023\/01\/industrial-disc-plow-for-sale-300x225.webp 300w, https:\/\/taizyfarmequipment.com\/wp-content\/uploads\/2023\/01\/industrial-disc-plow-for-sale-16x12.webp 16w\" sizes=\"auto, (max-width: 720px) 100vw, 720px\" \/><figcaption class=\"wp-element-caption\">charrue \u00e0 disques industrielle \u00e0 vendre<\/figcaption><\/figure>    <h3 class=\"wp-block-heading\"><strong>Champ d'application :<\/strong><\/h3>    <ul class=\"wp-block-list\"> <li>Convient pour labourer des terres m\u00fbres dans les zones agricoles s\u00e8ches.<\/li>    <li>Efficace pour nettoyer les friches brutes envahies par les mauvaises herbes.<\/li>    <li>Capable de labourer des sols contenant des d\u00e9bris de ma\u00e7onnerie.<\/li> <\/ul>    <figure class=\"wp-block-image size-full\"><img loading=\"lazy\" decoding=\"async\" width=\"720\" height=\"540\" src=\"https:\/\/taizyfarmequipment.com\/wp-content\/uploads\/2023\/01\/disc-plow-for-sale-2.webp\" alt=\" charrue \u00e0 disques \u00e0 vendre\" class=\"wp-image-3970\" title=\" charrue \u00e0 disques \u00e0 vendre\"\/><figcaption class=\"wp-element-caption\"> charrue \u00e0 disques \u00e0 vendre<\/figcaption><\/figure>    <h2 class=\"wp-block-heading\">Param\u00e8tres de la charrue \u00e0 disques<\/h2>    <figure class=\"wp-block-table\"><table><tbody><tr><td>Mod\u00e8le<\/td><td>1LYQ-220<\/td><td>1LYQ-315<\/td><td>1LYQ-320<\/td><td>1LYQ-325<\/td><td>1LYQ-425<\/td><td>1LYQ-525<\/td><td>1LYQ-625<\/td><\/tr><tr><td>Largeur de coupe (mm)<\/td><td>400<\/td><td>450<\/td><td>600<\/td><td>750<\/td><td>1000<\/td><td>1250<\/td><td>1500<\/td><\/tr><tr><td>Profondeur de coupe (mm)<\/td><td>200<\/td><td>200<\/td><td>200<\/td><td>250-300<\/td><td>250-300<\/td><td>250-300<\/td><td>250-300<\/td><\/tr><tr><td>Dia du disque (mm)<\/td><td>510<\/td><td>460<\/td><td>510<\/td><td>600<\/td><td>600<\/td><td>600<\/td><td>600<\/td><\/tr><tr><td>Quantit\u00e9 de disque<\/td><td>2<\/td><td>3<\/td><td>3<\/td><td>3<\/td><td>4<\/td><td>5<\/td><td>6<\/td><\/tr><tr><td>Poids (kg)<\/td><td>140<\/td><td>160<\/td><td>190<\/td><td>420<\/td><td>490<\/td><td>565<\/td><td>640<\/td><\/tr><tr><td>Poudre de tracteur (hp)<\/td><td>18<\/td><td>25<\/td><td>25-40<\/td><td>50<\/td><td>90<\/td><td>120<\/td><td>160<\/td><\/tr><tr><td>Chat mont\u00e9<\/td><td>Cat1\u00a0: suspension \u00e0 trois points<\/td><td>Chat1<\/td><td>Chat1<\/td><td>Cat2\u00a0: suspension \u00e0 trois points<\/td><td>Chat2<\/td><td>Chat2<\/td><td>Chat2<\/td><\/tr><\/tbody><\/table><figcaption class=\"wp-element-caption\">param\u00e8tre de la charrue \u00e0 disque<\/figcaption><\/figure>    <h2 class=\"wp-block-heading\">Structure de la charrue \u00e0 disques \u00e0 4 roues<\/h2>    <p>La structure de la charrue \u00e0 4 roues est con\u00e7ue pour \u00eatre facile \u00e0 utiliser, permettant \u00e0 une seule personne de g\u00e9rer efficacement diff\u00e9rents mod\u00e8les. <\/p>    <p>De conception simple, la charrue est con\u00e7ue pour une pr\u00e9paration fiable du sol et une utilisation efficace dans les t\u00e2ches agricoles. La charrue \u00e0 disques triangulaires, par exemple, se compose de plusieurs composants essentiels qui assurent son bon fonctionnement.<\/p>    <figure class=\"wp-block-gallery has-nested-images columns-default is-cropped wp-block-gallery-3 is-layout-flex wp-block-gallery-is-layout-flex\"> <figure class=\"wp-block-image size-large\"><img loading=\"lazy\" decoding=\"async\" width=\"720\" height=\"540\" data-id=\"4669\" src=\"https:\/\/taizyfarmequipment.com\/wp-content\/uploads\/2023\/01\/disc-plow-for-sale-price.webp\" alt=\"charrue \u00e0 disques \u00e0 prix de vente\" class=\"wp-image-4669\" srcset=\"https:\/\/taizyfarmequipment.com\/wp-content\/uploads\/2023\/01\/disc-plow-for-sale-price.webp 720w, https:\/\/taizyfarmequipment.com\/wp-content\/uploads\/2023\/01\/disc-plow-for-sale-price-300x225.webp 300w, https:\/\/taizyfarmequipment.com\/wp-content\/uploads\/2023\/01\/disc-plow-for-sale-price-16x12.webp 16w\" sizes=\"auto, (max-width: 720px) 100vw, 720px\" \/><figcaption class=\"wp-element-caption\">charrue \u00e0 disques \u00e0 prix de vente<\/figcaption><\/figure>    <figure class=\"wp-block-image size-large\"><img loading=\"lazy\" decoding=\"async\" width=\"720\" height=\"540\" data-id=\"4670\" src=\"https:\/\/taizyfarmequipment.com\/wp-content\/uploads\/2023\/01\/disc-plow-for-sale.webp\" alt=\"charrue \u00e0 disques \u00e0 vendre\" class=\"wp-image-4670\" srcset=\"https:\/\/taizyfarmequipment.com\/wp-content\/uploads\/2023\/01\/disc-plow-for-sale.webp 720w, https:\/\/taizyfarmequipment.com\/wp-content\/uploads\/2023\/01\/disc-plow-for-sale-300x225.webp 300w, https:\/\/taizyfarmequipment.com\/wp-content\/uploads\/2023\/01\/disc-plow-for-sale-16x12.webp 16w\" sizes=\"auto, (max-width: 720px) 100vw, 720px\" \/><figcaption class=\"wp-element-caption\">charrue \u00e0 disques \u00e0 vendre<\/figcaption><\/figure> <\/figure>    <h3 class=\"wp-block-heading\"><strong>Composants structurels cl\u00e9s de la charrue \u00e0 disques \u00e0 4 roues<\/strong><\/h3>    <ul class=\"wp-block-list\"> <li><strong>Corps de charrue \u00e0 disques.<\/strong> La partie principale est responsable de la p\u00e9n\u00e9tration et du rel\u00e2chement du sol.<\/li>    <li><strong>Roue de queue.<\/strong> Aide \u00e0 maintenir l\u2019\u00e9quilibre et contr\u00f4le la profondeur de labour.<\/li>    <li><strong>Plaque de retournement du sol.<\/strong> Assure un retournement du sol fluide et efficace pendant le fonctionnement.<\/li>    <li><strong>Ch\u00e2ssis de charrue.<\/strong> Fournit un support structurel pour l\u2019ensemble de l\u2019assemblage.<\/li>    <li><strong>Ch\u00e2ssis suspendu.<\/strong> Relie la charrue au tracteur via un attelage trois points.<\/li>    <li><strong>Poign\u00e9e de r\u00e9glage de l'arbre de suspension.<\/strong> Permet un r\u00e9glage facile de la position et de la profondeur.<\/li>    <li><strong>Arbre de suspension.<\/strong> Stabilise la connexion entre la charrue et le tracteur.<\/li> <\/ul>    <p>Cette conception bien structur\u00e9e garantit que la charrue \u00e0 4 roues fonctionne de mani\u00e8re fiable et efficace dans divers contextes agricoles.<\/p>    <figure class=\"wp-block-image size-full\"><img loading=\"lazy\" decoding=\"async\" width=\"720\" height=\"540\" src=\"https:\/\/taizyfarmequipment.com\/wp-content\/uploads\/2023\/01\/4-wheeler-disc-plow-.webp\" alt=\" charrue \u00e0 disques \u00e0 vendre\" class=\"wp-image-3969\" title=\" charrue \u00e0 disques \u00e0 vendre\"\/><figcaption class=\"wp-element-caption\"> charrue \u00e0 disques \u00e0 vendre<\/figcaption><\/figure>    <h2 class=\"wp-block-heading\">Comment fonctionne la charrue 3 disques ?<\/h2>    <p>La charrue \u00e0 3 disques fonctionne en tirant parti de la rotation de ses disques concaves pour couper, soulever et retourner le sol. Lorsque le tracteur tire la charrue vers l'avant, les disques tournent autour de leur axe central. <\/p>    <p>Les bords tranchants des disques tranchent le sol, tandis que les surfaces concaves aident \u00e0 soulever et \u00e0 retourner le sol sur le c\u00f4t\u00e9, cr\u00e9ant ainsi des sillons bien form\u00e9s qui pr\u00e9parent la terre \u00e0 la plantation.<\/p>    <h3 class=\"wp-block-heading\"><strong>Les \u00e9tapes cl\u00e9s du fonctionnement de la charrue<\/strong><\/h3>    <ul class=\"wp-block-list\"> <li>Le tracteur tire la charrue, initiant la rotation du disque.<\/li>    <li>Les bords des disques tranchent le sol \u00e0 mesure qu\u2019ils avancent.<\/li>    <li>Les disques concaves soul\u00e8vent le sol et le retournent sur le c\u00f4t\u00e9 et vers l'arri\u00e8re.<\/li>    <li>Un sillon est cr\u00e9\u00e9 apr\u00e8s le retournement du sol, laissant le champ pr\u00eat \u00e0 \u00eatre cultiv\u00e9.<\/li> <\/ul>    <figure class=\"wp-block-image size-full\"><img loading=\"lazy\" decoding=\"async\" width=\"720\" height=\"540\" src=\"https:\/\/taizyfarmequipment.com\/wp-content\/uploads\/2023\/01\/3-disc-plough-.webp\" alt=\"charrue \u00e0 3 disques\" class=\"wp-image-3971\" title=\"charrue \u00e0 3 disques\"\/><figcaption class=\"wp-element-caption\">charrue \u00e0 3 disques<\/figcaption><\/figure>    <h2 class=\"wp-block-heading\">Avantages de la charrue \u00e0 disques pour tracteur<\/h2>    <ul class=\"wp-block-list\"> <li><strong>Fonctionnement efficace.<\/strong> Fonctionne sans s'emm\u00ealer dans l'herbe, sans bloquer ou \u00eatre affect\u00e9 par le jeune sol.<\/li>    <li><strong>Utilisation polyvalente.<\/strong> Convient pour labourer des terres agricoles complexes avec des mauvaises herbes, des tiges et une r\u00e9sistance du sol.<\/li>    <li><strong>Efficacit\u00e9 am\u00e9lior\u00e9e.<\/strong> R\u00e9duit le temps de rotation de la t\u00eate du tracteur, am\u00e9liorant ainsi l\u2019efficacit\u00e9 globale du travail.<\/li>    <li><strong>Performances dans des conditions s\u00e8ches.<\/strong> Fonctionne efficacement sans humidit\u00e9, r\u00e9duisant les foss\u00e9s d\u2019humidit\u00e9 et nivelant la surface.<\/li>    <li><strong>Compact et \u00e9conomique.<\/strong> La charrue pendulaire horizontale a une structure compacte, p\u00e8se environ un tiers de moins qu\u2019une charrue tournante et est plus abordable.<\/li> <\/ul>    <figure class=\"wp-block-image size-full\"><img loading=\"lazy\" decoding=\"async\" width=\"720\" height=\"540\" src=\"https:\/\/taizyfarmequipment.com\/wp-content\/uploads\/2023\/01\/tractor-disc-plow-.webp\" alt=\"charrue \u00e0 disques pour tracteur\" class=\"wp-image-3972\" title=\"charrue \u00e0 disques pour tracteur\"\/><figcaption class=\"wp-element-caption\">charrue \u00e0 disques pour tracteur<\/figcaption><\/figure>    <h2 class=\"wp-block-heading\">Pourquoi avons-nous besoin de labourer ?<\/h2>    <p>Le labour est essentiel pour une pr\u00e9paration efficace du lit de semence, offrant de nombreux avantages qui am\u00e9liorent la qualit\u00e9 du sol et la productivit\u00e9 des cultures. <\/p>    <p>Il joue un r\u00f4le crucial dans la d\u00e9composition du sol, la gestion des mauvaises herbes et des ravageurs et l'am\u00e9lioration de la gestion du chaume. <\/p>    <p>En incorporant divers r\u00e9sidus de terre et de cultures, le labour stimule \u00e9galement l\u2019activit\u00e9 et la structure du sol.<\/p>    <figure class=\"wp-block-image size-full\"><img loading=\"lazy\" decoding=\"async\" width=\"720\" height=\"540\" src=\"https:\/\/taizyfarmequipment.com\/wp-content\/uploads\/2023\/01\/high-quality-disc-plow-for-sale.webp\" alt=\"charrue \u00e0 disques de haute qualit\u00e9 \u00e0 vendre\" class=\"wp-image-4672\" srcset=\"https:\/\/taizyfarmequipment.com\/wp-content\/uploads\/2023\/01\/high-quality-disc-plow-for-sale.webp 720w, https:\/\/taizyfarmequipment.com\/wp-content\/uploads\/2023\/01\/high-quality-disc-plow-for-sale-300x225.webp 300w, https:\/\/taizyfarmequipment.com\/wp-content\/uploads\/2023\/01\/high-quality-disc-plow-for-sale-16x12.webp 16w\" sizes=\"auto, (max-width: 720px) 100vw, 720px\" \/><figcaption class=\"wp-element-caption\">charrue \u00e0 disques de haute qualit\u00e9 \u00e0 vendre<\/figcaption><\/figure>    <h3 class=\"wp-block-heading\"><strong>Raisons du labour<\/strong><\/h3>    <ul class=\"wp-block-list\"> <li><strong>Rupture du sol.<\/strong> R\u00e9alise la fragmentation du sol et pr\u00e9pare un lit de semence appropri\u00e9.<\/li>    <li><strong>Lutte contre les mauvaises herbes et les nuisibles.<\/strong> Aide \u00e0 g\u00e9rer et \u00e0 r\u00e9duire les mauvaises herbes et les ravageurs.<\/li>    <li><strong>Gestion am\u00e9lior\u00e9e des chaumes.<\/strong> Facilite une meilleure d\u00e9composition des r\u00e9sidus de r\u00e9colte.<\/li>    <li><strong>Am\u00e9lioration de la structure du sol.<\/strong> M\u00e9lange le sol et les r\u00e9sidus de cultures pour am\u00e9liorer la structure globale du sol.<\/li>    <li><strong>R\u00e9partition uniforme du sol.<\/strong> Assure une structure du sol plus uniforme et am\u00e9liore la r\u00e9partition de l\u2019humidit\u00e9, y compris l\u2019eau, l\u2019oxyg\u00e8ne, les nutriments et l\u2019a\u00e9ration.<\/li>    <li><strong>Utilisation r\u00e9duite de produits chimiques.<\/strong> Enterre profond\u00e9ment la paille et le chaume, r\u00e9duisant ainsi le besoin d'herbicides et r\u00e9duisant la pollution de l'environnement.<\/li> <\/ul>    <figure class=\"wp-block-image size-full\"><img loading=\"lazy\" decoding=\"async\" width=\"720\" height=\"540\" src=\"https:\/\/taizyfarmequipment.com\/wp-content\/uploads\/2023\/01\/effective-disc-plow-for-sale.webp\" alt=\"charrue \u00e0 disques efficace \u00e0 vendre\" class=\"wp-image-4671\" title=\"charrue \u00e0 disques\" srcset=\"https:\/\/taizyfarmequipment.com\/wp-content\/uploads\/2023\/01\/effective-disc-plow-for-sale.webp 720w, https:\/\/taizyfarmequipment.com\/wp-content\/uploads\/2023\/01\/effective-disc-plow-for-sale-300x225.webp 300w, https:\/\/taizyfarmequipment.com\/wp-content\/uploads\/2023\/01\/effective-disc-plow-for-sale-16x12.webp 16w\" sizes=\"auto, (max-width: 720px) 100vw, 720px\" \/><figcaption class=\"wp-element-caption\">charrue \u00e0 disques efficace \u00e0 vendre<\/figcaption><\/figure>    <h2 class=\"wp-block-heading\">Contactez-nous!<\/h2>    <p>Chez Taizy, nous sommes fiers de fournir des machines agricoles haut de gamme offrant des performances et une fiabilit\u00e9 exceptionnelles. Notre charrue \u00e0 disques n\u2019est qu\u2019un exemple de notre engagement envers la qualit\u00e9 et l\u2019innovation. <\/p>    <p class=\"translation-block\">De plus, nous proposons \u00e0 la vente un <a href=\"https:\/\/taizyfarmequipment.com\/fr\/produit-2\/disque-a-herser-robuste-a-vendre\/\">D\u00e9chaumeur \u00e0 disques hydraulique robuste<\/a>, con\u00e7u pour g\u00e9rer ais\u00e9ment les conditions de sol les plus difficiles.<\/p>    <p>Choisissez Taizy pour des solutions agricoles avanc\u00e9es qui contribuent \u00e0 votre r\u00e9ussite. Contactez-nous d\u00e8s aujourd'hui pour en savoir plus sur nos produits et comment nous pouvons r\u00e9pondre \u00e0 vos besoins agricoles.<\/p>","protected":false},"excerpt":{"rendered":"<p>La charrue \u00e0 disques \u00e0 vendre peut ameublir efficacement le sol apr\u00e8s la r\u00e9colte. Propuls\u00e9 par des tracteurs de 18 \u00e0 160 ch, cet \u00e9quipement permet aux agriculteurs de retourner le sol facilement, r\u00e9duisant consid\u00e9rablement le travail manuel. <\/p>","protected":false},"author":1,"featured_media":3983,"parent":0,"template":"","tags":[336,334,335],"product-type":[302],"class_list":["post-3965","product","type-product","status-publish","has-post-thumbnail","hentry","tag-agriculture","tag-disc-plow","tag-farming","product-type-arable-plows"],"_links":{"self":[{"href":"https:\/\/taizyfarmequipment.com\/fr\/wp-json\/wp\/v2\/product\/3965","targetHints":{"allow":["GET"]}}],"collection":[{"href":"https:\/\/taizyfarmequipment.com\/fr\/wp-json\/wp\/v2\/product"}],"about":[{"href":"https:\/\/taizyfarmequipment.com\/fr\/wp-json\/wp\/v2\/types\/product"}],"author":[{"embeddable":true,"href":"https:\/\/taizyfarmequipment.com\/fr\/wp-json\/wp\/v2\/users\/1"}],"wp:featuredmedia":[{"embeddable":true,"href":"https:\/\/taizyfarmequipment.com\/fr\/wp-json\/wp\/v2\/media\/3983"}],"wp:attachment":[{"href":"https:\/\/taizyfarmequipment.com\/fr\/wp-json\/wp\/v2\/media?parent=3965"}],"wp:term":[{"taxonomy":"post_tag","embeddable":true,"href":"https:\/\/taizyfarmequipment.com\/fr\/wp-json\/wp\/v2\/tags?post=3965"},{"taxonomy":"product-type","embeddable":true,"href":"https:\/\/taizyfarmequipment.com\/fr\/wp-json\/wp\/v2\/product-type?post=3965"}],"curies":[{"name":"wp","href":"https:\/\/api.w.org\/{rel}","templated":true}]}}