{"id":3988,"date":"2023-01-05T14:40:47","date_gmt":"2023-01-05T06:40:47","guid":{"rendered":"https:\/\/taizyfarmequipment.com\/?post_type=product&#038;p=3988"},"modified":"2025-11-26T16:10:56","modified_gmt":"2025-11-26T08:10:56","slug":"disque-a-herser-robuste-a-vendre","status":"publish","type":"product","link":"https:\/\/taizyfarmequipment.com\/fr\/product\/heavy-duty-disc-harrow-for-sale\/","title":{"rendered":"D\u00e9chaumeur \u00e0 disques hydraulique robuste \u00e0 vendre"},"content":{"rendered":"<div class=\"kk-star-ratings kksr-auto kksr-align-left kksr-valign-top\"     data-payload='{&quot;align&quot;:&quot;left&quot;,&quot;id&quot;:&quot;3988&quot;,&quot;slug&quot;:&quot;default&quot;,&quot;valign&quot;:&quot;top&quot;,&quot;ignore&quot;:&quot;&quot;,&quot;reference&quot;:&quot;auto&quot;,&quot;class&quot;:&quot;&quot;,&quot;count&quot;:&quot;8&quot;,&quot;legendonly&quot;:&quot;&quot;,&quot;readonly&quot;:&quot;&quot;,&quot;score&quot;:&quot;4.9&quot;,&quot;starsonly&quot;:&quot;&quot;,&quot;best&quot;:&quot;5&quot;,&quot;gap&quot;:&quot;5&quot;,&quot;greet&quot;:&quot;Rate this product&quot;,&quot;legend&quot;:&quot;4.9\\\/5 - (8 votes)&quot;,&quot;size&quot;:&quot;24&quot;,&quot;title&quot;:&quot;Hydraulic heavy duty disc harrow for sale&quot;,&quot;width&quot;:&quot;139.6&quot;,&quot;_legend&quot;:&quot;{score}\\\/{best} - ({count} {votes})&quot;,&quot;font_factor&quot;:&quot;1.25&quot;}'>              <div class=\"kksr-stars\">      <div class=\"kksr-stars-inactive\">             <div class=\"kksr-star\" data-star=\"1\" style=\"padding-right: 5px\">               <div class=\"kksr-icon\" style=\"width: 24px; height: 24px;\"><\/div>         <\/div>             <div class=\"kksr-star\" data-star=\"2\" style=\"padding-right: 5px\">               <div class=\"kksr-icon\" style=\"width: 24px; height: 24px;\"><\/div>         <\/div>             <div class=\"kksr-star\" data-star=\"3\" style=\"padding-right: 5px\">               <div class=\"kksr-icon\" style=\"width: 24px; height: 24px;\"><\/div>         <\/div>             <div class=\"kksr-star\" data-star=\"4\" style=\"padding-right: 5px\">               <div class=\"kksr-icon\" style=\"width: 24px; height: 24px;\"><\/div>         <\/div>             <div class=\"kksr-star\" data-star=\"5\" style=\"padding-right: 5px\">               <div class=\"kksr-icon\" style=\"width: 24px; height: 24px;\"><\/div>         <\/div>     <\/div>      <div class=\"kksr-stars-active\" style=\"width: 139.6px;\">             <div class=\"kksr-star\" style=\"padding-right: 5px\">               <div class=\"kksr-icon\" style=\"width: 24px; height: 24px;\"><\/div>         <\/div>             <div class=\"kksr-star\" style=\"padding-right: 5px\">               <div class=\"kksr-icon\" style=\"width: 24px; height: 24px;\"><\/div>         <\/div>             <div class=\"kksr-star\" style=\"padding-right: 5px\">               <div class=\"kksr-icon\" style=\"width: 24px; height: 24px;\"><\/div>         <\/div>             <div class=\"kksr-star\" style=\"padding-right: 5px\">               <div class=\"kksr-icon\" style=\"width: 24px; height: 24px;\"><\/div>         <\/div>             <div class=\"kksr-star\" style=\"padding-right: 5px\">               <div class=\"kksr-icon\" style=\"width: 24px; height: 24px;\"><\/div>         <\/div>     <\/div> <\/div>                   <div class=\"kksr-legend\" style=\"font-size: 19.2px;\">             4,9\/5 - (8 votes)    <\/div>     <\/div>  <p>Le d\u00e9chaumeur \u00e0 disques robuste est principalement utilis\u00e9 pour briser le sol apr\u00e8s le labour. Cela r\u00e9pond aux exigences du sol avant le semis. Le disque de tracteur robuste peut \u00e9galement \u00eatre utilis\u00e9 pour le d\u00e9sherbage, le travail du sol superficiel et le d\u00e9chaumage sur les chaumes. <\/p>    <p class=\"translation-block\">En g\u00e9n\u00e9ral, un d\u00e9chaumeur \u00e0 disques est un groupe de herses compos\u00e9 de plusieurs disques concaves ou \u00e0 encoches fix\u00e9s \u00e0 un axe horizontal. Et nous labourons tous le sol avec une <a href=\"https:\/\/taizyfarmequipment.com\/fr\/produit-2\/charrue-a-disques-a-vendre\/\">charrue \u00e0 disques<\/a> avant de le d\u00e9chaumer.<\/p>    <h2 class=\"wp-block-heading\">Introduction du d\u00e9chaumeur \u00e0 disques pour charges lourdes<\/h2>    <p>Il existe diff\u00e9rents types de d\u00e9chaumeurs \u00e0 disques robustes produits par Taizy. Et nous produisons des d\u00e9chaumeurs \u00e0 disques pour charges lourdes oppos\u00e9es, des d\u00e9chaumeurs \u00e0 disques pour charges lourdes d\u00e9port\u00e9es, des herses pour charges lourdes repliables hydrauliques, etc.<\/p>    <p class=\"translation-block\">Ces types de <a href=\"https:\/\/www.agriculture-machine.com\/heavy-disc-harrow-hydraulic-trailed-heavy-duty-harrow\/\" target=\"_blank\" rel=\"noopener\">d\u00e9chaumeurs \u00e0 disques haute r\u00e9sistance<\/a> sont entra\u00een\u00e9s par la pression hydraulique. Le d\u00e9chaumeur \u00e0 disques haute r\u00e9sistance est principalement utilis\u00e9 dans les terres agricoles avant le labour pour traiter les chaumes, briser la surface des chaumes et broyer la paille pour la remettre au champ. Il sert \u00e9galement \u00e0 \u00e9craser le sol apr\u00e8s le labour, \u00e0 niveler et \u00e0 pr\u00e9server l'humidit\u00e9.<\/p>    <p>Il pr\u00e9sente les caract\u00e9ristiques d'une structure raisonnable, d'un transport solide et durable, pratique, d'un petit rayon de braquage, d'un r\u00e9glage et d'un entretien faciles, etc. <\/p>    <figure class=\"wp-block-gallery has-nested-images columns-default is-cropped wp-block-gallery-2 is-layout-flex wp-block-gallery-is-layout-flex\"> <figure class=\"wp-block-image size-large\"><img loading=\"lazy\" decoding=\"async\" width=\"720\" height=\"540\" data-id=\"3991\" src=\"https:\/\/taizyfarmequipment.com\/wp-content\/uploads\/2023\/01\/opposed-heavy-duty-disc-harrows-.webp\" alt=\"D\u00e9chaumeurs \u00e0 disques pour charges lourdes oppos\u00e9s\" class=\"wp-image-3991\" title=\"D\u00e9chaumeurs \u00e0 disques pour charges lourdes oppos\u00e9s\"\/><figcaption class=\"wp-element-caption\">D\u00e9chaumeurs \u00e0 disques pour charges lourdes oppos\u00e9s<\/figcaption><\/figure>    <figure class=\"wp-block-image size-large\"><img loading=\"lazy\" decoding=\"async\" width=\"720\" height=\"540\" data-id=\"3992\" src=\"https:\/\/taizyfarmequipment.com\/wp-content\/uploads\/2023\/01\/offset-heavy-duty-disc-harrows-.webp\" alt=\"d\u00e9chaumeurs \u00e0 disques d\u00e9port\u00e9s pour charges lourdes\" class=\"wp-image-3992\" title=\"d\u00e9chaumeurs \u00e0 disques d\u00e9port\u00e9s pour charges lourdes\"\/><figcaption class=\"wp-element-caption\">d\u00e9chaumeurs \u00e0 disques d\u00e9port\u00e9s pour charges lourdes<\/figcaption><\/figure>    <figure class=\"wp-block-image size-large\"><img loading=\"lazy\" decoding=\"async\" width=\"720\" height=\"540\" data-id=\"3993\" src=\"https:\/\/taizyfarmequipment.com\/wp-content\/uploads\/2023\/01\/hydraulic-folding-heavy-harrows-.webp\" alt=\"herses lourdes repliables hydrauliques\" class=\"wp-image-3993\" title=\"herses lourdes repliables hydrauliques\"\/><figcaption class=\"wp-element-caption\">herses lourdes repliables hydrauliques<\/figcaption><\/figure> <\/figure>    <h2 class=\"wp-block-heading\">Structure du d\u00e9chaumeur \u00e0 disques lourd<\/h2>    <p>La herse \u00e0 disques robuste est principalement compos\u00e9e d'un disque, d'un ch\u00e2ssis de herse, d'un groupe de herse, d'un dispositif de traction ou de suspension, d'un m\u00e9canisme de r\u00e9glage de la d\u00e9clinaison, etc. L'ensemble de la machine a une structure simple, un fonctionnement pratique et facile \u00e0 utiliser. Et il est facile \u00e0 entretenir et \u00e0 r\u00e9parer. La structure enti\u00e8re de la machine est simple, facile \u00e0 utiliser, bon effet de travail.<\/p>    <figure class=\"wp-block-image size-full is-resized\"><img loading=\"lazy\" decoding=\"async\" width=\"720\" height=\"540\" src=\"https:\/\/taizyfarmequipment.com\/wp-content\/uploads\/2023\/01\/heavy-disc-harrow-.webp\" alt=\"d\u00e9chaumeur \u00e0 disques lourd\" class=\"wp-image-3994\" style=\"width:720px;height:540px\" title=\"d\u00e9chaumeur \u00e0 disques lourd\"\/><figcaption class=\"wp-element-caption\">d\u00e9chaumeur \u00e0 disques lourd<\/figcaption><\/figure>    <h2 class=\"wp-block-heading\">Comment fonctionne le d\u00e9chaumeur \u00e0 disques d\u00e9port\u00e9 pour charges lourdes ?<\/h2>    <p>Lorsque le d\u00e9chaumeur \u00e0 disques robuste fonctionne, la lame du disque est perpendiculaire au sol. Et la direction de la machine vers l'avant pour former un angle oblique. Ensuite, sous l\u2019action de la traction du tracteur et de la force de r\u00e9action du sol, la lame du r\u00e2teau roule le long de l\u2019axe angulaire. Sous l'action de la gravit\u00e9 d'aspiration du r\u00e2teau, le couteau d'aspiration du r\u00e2teau coupe le sol. <\/p>    <p>Dans le m\u00eame temps, la lame du d\u00e9chaumeur \u00e0 disques coupe les racines et les chaumes, creusant ainsi le sillon. Le sol monte l\u00e9g\u00e8rement le long de la surface du r\u00e2teau puis retombe, ce qui produit un certain effet de paillage.<\/p>    <figure class=\"wp-block-image size-full\"><img loading=\"lazy\" decoding=\"async\" width=\"720\" height=\"540\" src=\"https:\/\/taizyfarmequipment.com\/wp-content\/uploads\/2023\/01\/heavy-disc-harrow-2.webp\" alt=\"d\u00e9chaumeur \u00e0 disques lourd\" class=\"wp-image-3995\" title=\"d\u00e9chaumeur \u00e0 disques lourd\"\/><figcaption class=\"wp-element-caption\">d\u00e9chaumeur \u00e0 disques lourd<\/figcaption><\/figure>    <h2 class=\"wp-block-heading\">Param\u00e8tres techniques du disque offset lourd<\/h2>    <figure class=\"wp-block-table\"><table><tbody><tr><td>Mod\u00e8le<\/td><td>Largeur de travail (mm)<\/td><td>Profondeur de travail (mm)<\/td><td>Diam\u00e8tre du disque (mm)<\/td><td>Nombre de disque (pcs)<\/td><td>poids (kg)<\/td><td>Puissance adapt\u00e9e (ch)<\/td><td>Lien<\/td><\/tr><tr><td>1BZ-1.8<\/td><td>1800<\/td><td>200<\/td><td>660<\/td><td>16<\/td><td>1160<\/td><td>70<\/td><td>Hydraulique tra\u00een\u00e9 avec tracteur<\/td><\/tr><tr><td>1BZ-2.2<\/td><td>2200<\/td><td>200<\/td><td>660<\/td><td>20<\/td><td>1250<\/td><td>80<\/td><td>Hydraulique tra\u00een\u00e9 avec tracteur<\/td><\/tr><tr><td>1BZ-2.5<\/td><td>2500<\/td><td>200<\/td><td>660<\/td><td>24<\/td><td>1350<\/td><td>90<\/td><td>Hydraulique tra\u00een\u00e9 avec tracteur<\/td><\/tr><tr><td>1BZ-3.0<\/td><td>3000<\/td><td>200<\/td><td>660<\/td><td>28<\/td><td>1430<\/td><td>100<\/td><td>Hydraulique tra\u00een\u00e9 avec tracteur<\/td><\/tr><tr><td>1BZ-3.4<\/td><td>3400<\/td><td>200<\/td><td>660<\/td><td>32<\/td><td>1550<\/td><td>120<\/td><td>Hydraulique tra\u00een\u00e9 avec tracteur<\/td><\/tr><tr><td>1BZ-4.0<\/td><td>4000<\/td><td>200<\/td><td>660<\/td><td>36<\/td><td>1900<\/td><td>150<\/td><td>Hydraulique tra\u00een\u00e9 avec tracteur<\/td><\/tr><tr><td>1BZ-5.3<\/td><td>5300<\/td><td>200<\/td><td>660<\/td><td>48<\/td><td>2500<\/td><td>180<\/td><td>Hydraulique tra\u00een\u00e9 avec tracteur<\/td><\/tr><\/tbody><\/table><figcaption class=\"wp-element-caption\">param\u00e8tre du disque offset lourd<\/figcaption><\/figure>    <h2 class=\"wp-block-heading\">Quels sont les avantages du d\u00e9chaumeur \u00e0 disques d\u00e9port\u00e9 lourd ?<\/h2>    <ol class=\"wp-block-list\"> <li>Le d\u00e9chaumeur \u00e0 disques robuste a un taux de broyage du sol \u00e9lev\u00e9, ce qui favorise le travail du sol.<\/li>    <li>La herse lourde \u00e0 disques pr\u00e9sente les caract\u00e9ristiques d'une herbe non emm\u00eal\u00e9e, d'une haute qualit\u00e9 de fonctionnement et d'un rendement \u00e9lev\u00e9.<\/li>    <li>Le d\u00e9chaumeur \u00e0 disques robuste peut mieux couper et m\u00e9langer les r\u00e9sidus de culture pour former une taille de sol plus r\u00e9guli\u00e8re.<\/li>    <li>Le d\u00e9chaumeur \u00e0 disques est solide et durable, et peut mieux p\u00e9n\u00e9trer les sols durs et croustillants.<\/li>    <li>Bonnes performances de la machine et travail quotidien stable.<\/li> <\/ol>    <figure class=\"wp-block-image size-full\"><img loading=\"lazy\" decoding=\"async\" width=\"720\" height=\"540\" src=\"https:\/\/taizyfarmequipment.com\/wp-content\/uploads\/2023\/01\/heavy-disc-harrow-3.webp\" alt=\"d\u00e9chaumeur \u00e0 disques lourd\" class=\"wp-image-3996\" title=\"d\u00e9chaumeur \u00e0 disques lourd\"\/><figcaption class=\"wp-element-caption\">d\u00e9chaumeur \u00e0 disques lourd<\/figcaption><\/figure>    <h2 class=\"wp-block-heading\">La diff\u00e9rence entre un d\u00e9chaumeur \u00e0 disques et une charrue \u00e0 disques<\/h2>    <ol class=\"wp-block-list\"> <li>L'objet de l'exploitation et le r\u00f4le de la machine sont diff\u00e9rents. La charrue \u00e0 disques est principalement utilis\u00e9e pour labourer et labourer les terres incultes. Et la herse \u00e0 disques est utilis\u00e9e pour broyer et classer les terres cultiv\u00e9es.<\/li>    <li>La mani\u00e8re de se connecter avec la locomotive est diff\u00e9rente. La charrue \u00e0 disques est une suspension \u00e0 trois points, la herse \u00e0 disques a un grand type de traction et il existe \u00e9galement de petits types de suspension.<\/li>    <li>La structure de la machine et le fonctionnement de la force sont diff\u00e9rents. La charrue \u00e0 disques est une suspension \u00e0 trois points, un dispositif pour \u00e9quilibrer la pression lat\u00e9rale de la roue arri\u00e8re, l'unit\u00e9 est soumise \u00e0 une pression lat\u00e9rale pendant le fonctionnement. Le d\u00e9chaumeur \u00e0 disques est compos\u00e9 d'un ch\u00e2ssis de traction, d'un ch\u00e2ssis de herse et de plusieurs groupes de disques pr\u00e9sentant une sym\u00e9trie gauche et droite. Et la force est relativement \u00e9quilibr\u00e9e pendant le fonctionnement.<\/li>    <li>La structure des principales pi\u00e8ces de travail et l\u2019appareil sont diff\u00e9rents. Disque de charrue sph\u00e9rique concave, \u00e9paisseur du bord du disque de 0,5 \u00e0 1 mm. d\u00e9clinaison de travail de 40-45. Et la surface verticale \u00e0 15-25 degr\u00e9s d'inclinaison. La concavit\u00e9 sph\u00e9rique du d\u00e9chaumeur \u00e0 disques est relativement petite et l'\u00e9paisseur du bord du disque est de 0,3 \u00e0 0,8 mm. Et la d\u00e9clinaison de travail est de 0 \u00e0 10 degr\u00e9s, sans inclinaison.<\/li> <\/ol>    <figure class=\"wp-block-gallery has-nested-images columns-default is-cropped wp-block-gallery-3 is-layout-flex wp-block-gallery-is-layout-flex\"> <figure class=\"wp-block-image size-large\"><img loading=\"lazy\" decoding=\"async\" width=\"720\" height=\"540\" data-id=\"3997\" src=\"https:\/\/taizyfarmequipment.com\/wp-content\/uploads\/2023\/01\/disc-plow-.webp\" alt=\"\" class=\"wp-image-3997\"\/><figcaption class=\"wp-element-caption\">charrue \u00e0 disques<\/figcaption><\/figure>    <figure class=\"wp-block-image size-large\"><img loading=\"lazy\" decoding=\"async\" width=\"720\" height=\"540\" data-id=\"3999\" src=\"https:\/\/taizyfarmequipment.com\/wp-content\/uploads\/2023\/01\/disc-harrow-.webp\" alt=\"pulv\u00e9riseur \" class=\"wp-image-3999\" title=\"pulv\u00e9riseur \"\/><figcaption class=\"wp-element-caption\">pulv\u00e9riseur <\/figcaption><\/figure> <\/figure>    <p><\/p>","protected":false},"excerpt":{"rendered":"<p>Le d\u00e9chaumeur \u00e0 disques robuste est principalement utilis\u00e9 pour briser le sol apr\u00e8s le labour. Cela r\u00e9pond aux exigences du sol avant le semis.<\/p>","protected":false},"author":1,"featured_media":3990,"parent":0,"template":"","tags":[],"product-type":[302],"class_list":["post-3988","product","type-product","status-publish","has-post-thumbnail","hentry","product-type-arable-plows"],"_links":{"self":[{"href":"https:\/\/taizyfarmequipment.com\/fr\/wp-json\/wp\/v2\/product\/3988","targetHints":{"allow":["GET"]}}],"collection":[{"href":"https:\/\/taizyfarmequipment.com\/fr\/wp-json\/wp\/v2\/product"}],"about":[{"href":"https:\/\/taizyfarmequipment.com\/fr\/wp-json\/wp\/v2\/types\/product"}],"author":[{"embeddable":true,"href":"https:\/\/taizyfarmequipment.com\/fr\/wp-json\/wp\/v2\/users\/1"}],"wp:featuredmedia":[{"embeddable":true,"href":"https:\/\/taizyfarmequipment.com\/fr\/wp-json\/wp\/v2\/media\/3990"}],"wp:attachment":[{"href":"https:\/\/taizyfarmequipment.com\/fr\/wp-json\/wp\/v2\/media?parent=3988"}],"wp:term":[{"taxonomy":"post_tag","embeddable":true,"href":"https:\/\/taizyfarmequipment.com\/fr\/wp-json\/wp\/v2\/tags?post=3988"},{"taxonomy":"product-type","embeddable":true,"href":"https:\/\/taizyfarmequipment.com\/fr\/wp-json\/wp\/v2\/product-type?post=3988"}],"curies":[{"name":"wp","href":"https:\/\/api.w.org\/{rel}","templated":true}]}}