{"id":4206,"date":"2023-11-16T16:54:32","date_gmt":"2023-11-16T08:54:32","guid":{"rendered":"https:\/\/taizyfarmequipment.com\/?post_type=product&#038;p=4206"},"modified":"2023-11-16T16:54:34","modified_gmt":"2023-11-16T08:54:34","slug":"batteuse-de-riz-et-de-ble","status":"publish","type":"product","link":"https:\/\/taizyfarmequipment.com\/fr\/product\/rice-and-wheat-thresher-machine\/","title":{"rendered":"Batteuse \u00e0 riz et \u00e0 bl\u00e9"},"content":{"rendered":"<div class=\"kk-star-ratings kksr-auto kksr-align-left kksr-valign-top\"     data-payload='{&quot;align&quot;:&quot;left&quot;,&quot;id&quot;:&quot;4206&quot;,&quot;slug&quot;:&quot;default&quot;,&quot;valign&quot;:&quot;top&quot;,&quot;ignore&quot;:&quot;&quot;,&quot;reference&quot;:&quot;auto&quot;,&quot;class&quot;:&quot;&quot;,&quot;count&quot;:&quot;12&quot;,&quot;legendonly&quot;:&quot;&quot;,&quot;readonly&quot;:&quot;&quot;,&quot;score&quot;:&quot;4.6&quot;,&quot;starsonly&quot;:&quot;&quot;,&quot;best&quot;:&quot;5&quot;,&quot;gap&quot;:&quot;5&quot;,&quot;greet&quot;:&quot;Rate this product&quot;,&quot;legend&quot;:&quot;4.6\\\/5 - (12 votes)&quot;,&quot;size&quot;:&quot;24&quot;,&quot;title&quot;:&quot;Rice and wheat thresher machine&quot;,&quot;width&quot;:&quot;130.9&quot;,&quot;_legend&quot;:&quot;{score}\\\/{best} - ({count} {votes})&quot;,&quot;font_factor&quot;:&quot;1.25&quot;}'>              <div class=\"kksr-stars\">      <div class=\"kksr-stars-inactive\">             <div class=\"kksr-star\" data-star=\"1\" style=\"padding-right: 5px\">               <div class=\"kksr-icon\" style=\"width: 24px; height: 24px;\"><\/div>         <\/div>             <div class=\"kksr-star\" data-star=\"2\" style=\"padding-right: 5px\">               <div class=\"kksr-icon\" style=\"width: 24px; height: 24px;\"><\/div>         <\/div>             <div class=\"kksr-star\" data-star=\"3\" style=\"padding-right: 5px\">               <div class=\"kksr-icon\" style=\"width: 24px; height: 24px;\"><\/div>         <\/div>             <div class=\"kksr-star\" data-star=\"4\" style=\"padding-right: 5px\">               <div class=\"kksr-icon\" style=\"width: 24px; height: 24px;\"><\/div>         <\/div>             <div class=\"kksr-star\" data-star=\"5\" style=\"padding-right: 5px\">               <div class=\"kksr-icon\" style=\"width: 24px; height: 24px;\"><\/div>         <\/div>     <\/div>      <div class=\"kksr-stars-active\" style=\"width: 130.9px;\">             <div class=\"kksr-star\" style=\"padding-right: 5px\">               <div class=\"kksr-icon\" style=\"width: 24px; height: 24px;\"><\/div>         <\/div>             <div class=\"kksr-star\" style=\"padding-right: 5px\">               <div class=\"kksr-icon\" style=\"width: 24px; height: 24px;\"><\/div>         <\/div>             <div class=\"kksr-star\" style=\"padding-right: 5px\">               <div class=\"kksr-icon\" style=\"width: 24px; height: 24px;\"><\/div>         <\/div>             <div class=\"kksr-star\" style=\"padding-right: 5px\">               <div class=\"kksr-icon\" style=\"width: 24px; height: 24px;\"><\/div>         <\/div>             <div class=\"kksr-star\" style=\"padding-right: 5px\">               <div class=\"kksr-icon\" style=\"width: 24px; height: 24px;\"><\/div>         <\/div>     <\/div> <\/div>                   <div class=\"kksr-legend\" style=\"font-size: 19.2px;\">             4,6\/5 - (12 votes)    <\/div>     <\/div>  <p><br>La batteuse de riz et de bl\u00e9 convient au battage d'une vari\u00e9t\u00e9 de cultures, notamment le bl\u00e9, le riz, le soja, le colza, le mil, le sorgho et autres. Il se caract\u00e9rise par sa haute efficacit\u00e9 de production, son battage minutieux et sans dommages et sa teneur minimale en impuret\u00e9s. <\/p>    <p>Cette machine peut \u00eatre propuls\u00e9e par trois options diff\u00e9rentes : un moteur diesel, un moteur \u00e0 essence ou un moteur \u00e9lectrique, offrant une adaptabilit\u00e9 en fonction des exigences sp\u00e9cifiques.<\/p>    <figure class=\"wp-block-gallery has-nested-images columns-default is-cropped wp-block-gallery-2 is-layout-flex wp-block-gallery-is-layout-flex\"> <figure class=\"wp-block-image size-large\"><img loading=\"lazy\" decoding=\"async\" width=\"720\" height=\"540\" data-id=\"4216\" src=\"https:\/\/taizyfarmequipment.com\/wp-content\/uploads\/2023\/11\/commercial-thresher-machine.webp\" alt=\"batteuse commerciale\" class=\"wp-image-4216\" srcset=\"https:\/\/taizyfarmequipment.com\/wp-content\/uploads\/2023\/11\/commercial-thresher-machine.webp 720w, https:\/\/taizyfarmequipment.com\/wp-content\/uploads\/2023\/11\/commercial-thresher-machine-300x225.webp 300w\" sizes=\"auto, (max-width: 720px) 100vw, 720px\" \/><figcaption class=\"wp-element-caption\">batteuse commerciale<\/figcaption><\/figure>    <figure class=\"wp-block-image size-large\"><img loading=\"lazy\" decoding=\"async\" width=\"720\" height=\"540\" data-id=\"4217\" src=\"https:\/\/taizyfarmequipment.com\/wp-content\/uploads\/2023\/11\/industrial-thresher-machine.webp\" alt=\"batteuse industrielle\" class=\"wp-image-4217\" srcset=\"https:\/\/taizyfarmequipment.com\/wp-content\/uploads\/2023\/11\/industrial-thresher-machine.webp 720w, https:\/\/taizyfarmequipment.com\/wp-content\/uploads\/2023\/11\/industrial-thresher-machine-300x225.webp 300w\" sizes=\"auto, (max-width: 720px) 100vw, 720px\" \/><figcaption class=\"wp-element-caption\">batteuse industrielle<\/figcaption><\/figure>    <figure class=\"wp-block-image size-large\"><img loading=\"lazy\" decoding=\"async\" width=\"720\" height=\"540\" data-id=\"4218\" src=\"https:\/\/taizyfarmequipment.com\/wp-content\/uploads\/2023\/11\/thresher-machine-with-good-price.webp\" alt=\"batteuse \u00e0 bon prix\" class=\"wp-image-4218\" srcset=\"https:\/\/taizyfarmequipment.com\/wp-content\/uploads\/2023\/11\/thresher-machine-with-good-price.webp 720w, https:\/\/taizyfarmequipment.com\/wp-content\/uploads\/2023\/11\/thresher-machine-with-good-price-300x225.webp 300w\" sizes=\"auto, (max-width: 720px) 100vw, 720px\" \/><figcaption class=\"wp-element-caption\">batteuse \u00e0 bon prix<\/figcaption><\/figure> <\/figure>    <h2 class=\"wp-block-heading\">Principe de fonctionnement de la batteuse de riz et de bl\u00e9<\/h2>    <p>Notre batteuse de riz et de bl\u00e9 comprend une entr\u00e9e, une sortie de paille, une sortie de graines et un cylindre de battage. Voici un aper\u00e7u du principe de fonctionnement de la machine\u00a0:<\/p>    <figure class=\"wp-block-image size-full\"><img loading=\"lazy\" decoding=\"async\" width=\"720\" height=\"540\" src=\"https:\/\/taizyfarmequipment.com\/wp-content\/uploads\/2023\/11\/thresher-machine.webp\" alt=\"batteuse\" class=\"wp-image-4219\" srcset=\"https:\/\/taizyfarmequipment.com\/wp-content\/uploads\/2023\/11\/thresher-machine.webp 720w, https:\/\/taizyfarmequipment.com\/wp-content\/uploads\/2023\/11\/thresher-machine-300x225.webp 300w\" sizes=\"auto, (max-width: 720px) 100vw, 720px\" \/><figcaption class=\"wp-element-caption\">batteuse<\/figcaption><\/figure>    <ol class=\"wp-block-list\"> <li><strong>Processus d'alimentation\u00a0:<\/strong> Les agriculteurs introduisent les r\u00e9coltes r\u00e9colt\u00e9es, comme le riz ou le bl\u00e9, par l'entr\u00e9e, les dirigeant vers la machine.<\/li>    <li><strong>Fonctionnement du batteur :<\/strong> Les r\u00e9coltes entrent dans le batteur, un \u00e9l\u00e9ment crucial. Le batteur, par rotation ou autre moyen m\u00e9canique, s\u00e9pare les grains de la paille. Au cours de ce processus, la machine applique une force appropri\u00e9e pour garantir un battage efficace.<\/li>    <li><strong>S\u00e9paration des graines et de la paille\u00a0:<\/strong> Une fois le battage termin\u00e9, les graines (grains) et la paille sont \u00e9vacu\u00e9es respectivement par la sortie des graines et la sortie de la paille. La sortie des graines sert \u00e0 collecter les grains s\u00e9par\u00e9s, tandis que la sortie des pailles expulse les r\u00e9sidus de r\u00e9colte non utilis\u00e9s.<\/li> <\/ol>    <figure class=\"wp-block-image size-full\"><img loading=\"lazy\" decoding=\"async\" width=\"720\" height=\"540\" src=\"https:\/\/taizyfarmequipment.com\/wp-content\/uploads\/2023\/11\/structure-of-rice-and-wheat-threshing-machine.webp\" alt=\"structure de la batteuse de riz et de bl\u00e9\" class=\"wp-image-4209\" srcset=\"https:\/\/taizyfarmequipment.com\/wp-content\/uploads\/2023\/11\/structure-of-rice-and-wheat-threshing-machine.webp 720w, https:\/\/taizyfarmequipment.com\/wp-content\/uploads\/2023\/11\/structure-of-rice-and-wheat-threshing-machine-300x225.webp 300w\" sizes=\"auto, (max-width: 720px) 100vw, 720px\" \/><figcaption class=\"wp-element-caption\">structure de la batteuse de riz et de bl\u00e9<\/figcaption><\/figure>    <h2 class=\"wp-block-heading\">Mati\u00e8res premi\u00e8res de la batteuse<\/h2>    <p>Notre batteuse est un outil agricole polyvalent adapt\u00e9 \u00e0 une vari\u00e9t\u00e9 de cultures, notamment le soja, le sorgho, le bl\u00e9, le millet, le riz, le colza, le quinoa, le s\u00e9same, etc. Adapt\u00e9e aux caract\u00e9ristiques des diff\u00e9rentes cultures, cette machine est \u00e9quip\u00e9e de cribles de diff\u00e9rentes tailles, permettant de s\u00e9lectionner le maillage appropri\u00e9 en fonction des dimensions de la culture.<\/p>    <p>La flexibilit\u00e9 de cette machine permet aux agriculteurs de traiter efficacement une large gamme de cultures \u00e0 l\u2019aide d\u2019un seul \u00e9quipement. En choisissant la bonne taille de tamis, notre batteuse assure des performances exceptionnelles, garantissant une s\u00e9paration efficace et compl\u00e8te pendant le processus de battage. <\/p>    <p>Qu'il s'agisse de soja, de sorgho, de bl\u00e9 ou d'autres cultures, cette machine offre une solution optimale pour chacune, rendant la production agricole plus pratique et efficace. L\u2019adaptabilit\u00e9 et la polyvalence de la conception visent \u00e0 r\u00e9pondre aux besoins des diff\u00e9rentes fermes et cultures, am\u00e9liorant ainsi l\u2019efficacit\u00e9 et la qualit\u00e9 de la transformation agricole.<\/p>    <figure class=\"wp-block-gallery has-nested-images columns-default is-cropped wp-block-gallery-3 is-layout-flex wp-block-gallery-is-layout-flex\"> <figure class=\"wp-block-image size-large\"><img loading=\"lazy\" decoding=\"async\" width=\"720\" height=\"540\" data-id=\"4210\" src=\"https:\/\/taizyfarmequipment.com\/wp-content\/uploads\/2023\/11\/different-materials-of-rice-and-wheat-threshing-machine.webp\" alt=\"diff\u00e9rents mat\u00e9riaux de batteuse de riz et de bl\u00e9\" class=\"wp-image-4210\" srcset=\"https:\/\/taizyfarmequipment.com\/wp-content\/uploads\/2023\/11\/different-materials-of-rice-and-wheat-threshing-machine.webp 720w, https:\/\/taizyfarmequipment.com\/wp-content\/uploads\/2023\/11\/different-materials-of-rice-and-wheat-threshing-machine-300x225.webp 300w\" sizes=\"auto, (max-width: 720px) 100vw, 720px\" \/><figcaption class=\"wp-element-caption\">diff\u00e9rents mat\u00e9riaux de batteuse de riz et de bl\u00e9<\/figcaption><\/figure>    <figure class=\"wp-block-image size-large\"><img loading=\"lazy\" decoding=\"async\" width=\"720\" height=\"540\" data-id=\"4211\" src=\"https:\/\/taizyfarmequipment.com\/wp-content\/uploads\/2023\/11\/raw-materials-of-rice-and-wheat-threshing-machine.webp\" alt=\"mati\u00e8res premi\u00e8res de la batteuse de riz et de bl\u00e9\" class=\"wp-image-4211\" srcset=\"https:\/\/taizyfarmequipment.com\/wp-content\/uploads\/2023\/11\/raw-materials-of-rice-and-wheat-threshing-machine.webp 720w, https:\/\/taizyfarmequipment.com\/wp-content\/uploads\/2023\/11\/raw-materials-of-rice-and-wheat-threshing-machine-300x225.webp 300w\" sizes=\"auto, (max-width: 720px) 100vw, 720px\" \/><figcaption class=\"wp-element-caption\">mati\u00e8res premi\u00e8res de la batteuse de riz et de bl\u00e9<\/figcaption><\/figure> <\/figure>    <h2 class=\"wp-block-heading\">Param\u00e8tres de la batteuse de riz et de bl\u00e9<\/h2>    <figure class=\"wp-block-table\"><table><tbody><tr><td>Mod\u00e8le<\/td><td>Vitesse nominale<\/td><td>Capacit\u00e9<\/td><td>Cylindre de battage<\/td><td>Taille du tamis<\/td><td>Poids<\/td><td>Taille globale<\/td><\/tr><tr><td>TZ-90<\/td><td>3600 tr\/min<\/td><td>600-800 kg\/heure<\/td><td>360*900mm<\/td><td>870*610mm<\/td><td>90 kg<\/td><td>1640*1640*1280mm<\/td><\/tr><\/tbody><\/table><\/figure>    <h2 class=\"wp-block-heading\">Application principale de la batteuse de riz et de bl\u00e9<\/h2>    <ol class=\"wp-block-list\"> <li><strong>Propri\u00e9taires de fermes \u00e0 grande \u00e9chelle\u00a0:<\/strong> Ces machines jouent un r\u00f4le crucial dans les exploitations \u00e0 grande \u00e9chelle. Pour ceux qui cultivent de vastes superficies de riz et de bl\u00e9, cet \u00e9quipement am\u00e9liore consid\u00e9rablement l\u2019efficacit\u00e9 de la production et r\u00e9duit le besoin d\u2019une main-d\u2019\u0153uvre importante.<\/li>    <li><strong>Petits agriculteurs\u00a0:<\/strong> M\u00eame dans les petites exploitations agricoles, la batteuse de riz et de bl\u00e9 s\u2019av\u00e8re \u00eatre un outil pr\u00e9cieux. Il aide les petits agriculteurs \u00e0 g\u00e9rer leurs cultures plus efficacement, en r\u00e9duisant le travail physique et en am\u00e9liorant la productivit\u00e9 globale.<\/li>    <li><strong>Producteurs multi-cultures\u00a0:<\/strong> En raison de la polyvalence de ces batteuses, elles sont id\u00e9ales pour les agriculteurs pratiquant la culture multi-cultures. Cela inclut ceux qui cultivent diff\u00e9rents types de cultures telles que le bl\u00e9, le riz, le soja, le colza, etc.<\/li>    <li><strong>Producteurs agricoles technologiquement avanc\u00e9s\u00a0:<\/strong> Les agriculteurs qui adoptent des technologies agricoles modernes et des \u00e9quipements m\u00e9canis\u00e9s trouvent la batteuse de riz et de bl\u00e9 indispensable. Ces producteurs ont tendance \u00e0 investir dans des outils agricoles avanc\u00e9s pour am\u00e9liorer l\u2019efficacit\u00e9 et les rendements.<\/li>    <li><strong>R\u00e9gions connaissant des p\u00e9nuries de main-d\u2019\u0153uvre\u00a0:<\/strong> Dans certaines zones rurales confront\u00e9es \u00e0 une p\u00e9nurie de main-d\u2019\u0153uvre, les agriculteurs sont enclins \u00e0 adopter des outils automatis\u00e9s comme la batteuse de riz et de bl\u00e9 pour all\u00e9ger la pression du travail.<\/li> <\/ol>    <figure class=\"wp-block-gallery has-nested-images columns-default is-cropped wp-block-gallery-4 is-layout-flex wp-block-gallery-is-layout-flex\"> <figure class=\"wp-block-image size-large\"><img loading=\"lazy\" decoding=\"async\" width=\"720\" height=\"540\" data-id=\"4213\" src=\"https:\/\/taizyfarmequipment.com\/wp-content\/uploads\/2023\/11\/thresher-machine-for-sale.webp\" alt=\"batteuse \u00e0 vendre\" class=\"wp-image-4213\" srcset=\"https:\/\/taizyfarmequipment.com\/wp-content\/uploads\/2023\/11\/thresher-machine-for-sale.webp 720w, https:\/\/taizyfarmequipment.com\/wp-content\/uploads\/2023\/11\/thresher-machine-for-sale-300x225.webp 300w\" sizes=\"auto, (max-width: 720px) 100vw, 720px\" \/><figcaption class=\"wp-element-caption\">batteuse \u00e0 vendre<\/figcaption><\/figure>    <figure class=\"wp-block-image size-large\"><img loading=\"lazy\" decoding=\"async\" width=\"720\" height=\"540\" data-id=\"4212\" src=\"https:\/\/taizyfarmequipment.com\/wp-content\/uploads\/2023\/11\/thresher-machine-for-business.webp\" alt=\"batteuse pour entreprise\" class=\"wp-image-4212\" srcset=\"https:\/\/taizyfarmequipment.com\/wp-content\/uploads\/2023\/11\/thresher-machine-for-business.webp 720w, https:\/\/taizyfarmequipment.com\/wp-content\/uploads\/2023\/11\/thresher-machine-for-business-300x225.webp 300w\" sizes=\"auto, (max-width: 720px) 100vw, 720px\" \/><figcaption class=\"wp-element-caption\">batteuse pour entreprise<\/figcaption><\/figure> <\/figure>    <h2 class=\"wp-block-heading\">Pourquoi choisir d'acheter notre batteuse de riz et de bl\u00e9<\/h2>    <p>En tant que fournisseur de batteuses de riz et de bl\u00e9, nous sommes fiers de fournir des produits et services exceptionnels. Notre capacit\u00e9 d'inventaire constitue un facteur cl\u00e9 de notre succ\u00e8s, garantissant notre capacit\u00e9 \u00e0 r\u00e9pondre rapidement aux besoins des clients et \u00e0 ex\u00e9cuter des commandes de diff\u00e9rentes tailles et types.<\/p>    <p>Disposer d\u2019un stock important signifie que nous pouvons fournir des solutions flexibles, r\u00e9pondant rapidement aux exigences personnalis\u00e9es de nos clients. Notre inventaire comprend non seulement des mod\u00e8les standards, mais \u00e9galement une gamme diversifi\u00e9e de tailles et de configurations, r\u00e9pondant aux besoins des diff\u00e9rentes r\u00e9gions et exploitations agricoles.<\/p>    <p>En tant que partenaire de confiance, nous nous engageons \u00e0 vous fournir des batteuses de riz et de bl\u00e9 performantes, durables et \u00e9conomiques. Que vous soyez propri\u00e9taire d'une grande ferme, un petit agriculteur ou une entreprise agricole, notre capacit\u00e9 d'inventaire nous permet de r\u00e9pondre \u00e0 vos divers besoins, contribuant ainsi \u00e0 l'avancement de votre production agricole. Nous sommes impatients d\u2019\u00e9tablir un partenariat \u00e0 long terme avec vous, favorisant collectivement la croissance et la prosp\u00e9rit\u00e9 du secteur agricole.<\/p>    <figure class=\"wp-block-gallery has-nested-images columns-default is-cropped wp-block-gallery-5 is-layout-flex wp-block-gallery-is-layout-flex\"> <figure class=\"wp-block-image size-large\"><img loading=\"lazy\" decoding=\"async\" width=\"720\" height=\"540\" data-id=\"4214\" src=\"https:\/\/taizyfarmequipment.com\/wp-content\/uploads\/2023\/11\/rice-and-wheat-threshing-machine-in-stock.webp\" alt=\"batteuse de riz et de bl\u00e9 en stock\" class=\"wp-image-4214\" srcset=\"https:\/\/taizyfarmequipment.com\/wp-content\/uploads\/2023\/11\/rice-and-wheat-threshing-machine-in-stock.webp 720w, https:\/\/taizyfarmequipment.com\/wp-content\/uploads\/2023\/11\/rice-and-wheat-threshing-machine-in-stock-300x225.webp 300w\" sizes=\"auto, (max-width: 720px) 100vw, 720px\" \/><figcaption class=\"wp-element-caption\">batteuse de riz et de bl\u00e9 en stock<\/figcaption><\/figure>    <figure class=\"wp-block-image size-large\"><img loading=\"lazy\" decoding=\"async\" width=\"720\" height=\"540\" data-id=\"4215\" src=\"https:\/\/taizyfarmequipment.com\/wp-content\/uploads\/2023\/11\/transportation-of-rice-and-wheat-threshing-machine.webp\" alt=\"transport de batteuse de riz et de bl\u00e9\" class=\"wp-image-4215\" srcset=\"https:\/\/taizyfarmequipment.com\/wp-content\/uploads\/2023\/11\/transportation-of-rice-and-wheat-threshing-machine.webp 720w, https:\/\/taizyfarmequipment.com\/wp-content\/uploads\/2023\/11\/transportation-of-rice-and-wheat-threshing-machine-300x225.webp 300w\" sizes=\"auto, (max-width: 720px) 100vw, 720px\" \/><figcaption class=\"wp-element-caption\">transport de batteuse de riz et de bl\u00e9<\/figcaption><\/figure> <\/figure>","protected":false},"excerpt":{"rendered":"<p>La batteuse de riz et de bl\u00e9 convient au battage d'une vari\u00e9t\u00e9 de cultures, notamment le bl\u00e9, le riz, le soja, le colza, le millet, le sorgho et autres. <\/p>","protected":false},"author":1,"featured_media":4207,"parent":0,"template":"","tags":[],"product-type":[129],"class_list":["post-4206","product","type-product","status-publish","has-post-thumbnail","hentry","product-type-thresher-and-sheller"],"_links":{"self":[{"href":"https:\/\/taizyfarmequipment.com\/fr\/wp-json\/wp\/v2\/product\/4206","targetHints":{"allow":["GET"]}}],"collection":[{"href":"https:\/\/taizyfarmequipment.com\/fr\/wp-json\/wp\/v2\/product"}],"about":[{"href":"https:\/\/taizyfarmequipment.com\/fr\/wp-json\/wp\/v2\/types\/product"}],"author":[{"embeddable":true,"href":"https:\/\/taizyfarmequipment.com\/fr\/wp-json\/wp\/v2\/users\/1"}],"wp:featuredmedia":[{"embeddable":true,"href":"https:\/\/taizyfarmequipment.com\/fr\/wp-json\/wp\/v2\/media\/4207"}],"wp:attachment":[{"href":"https:\/\/taizyfarmequipment.com\/fr\/wp-json\/wp\/v2\/media?parent=4206"}],"wp:term":[{"taxonomy":"post_tag","embeddable":true,"href":"https:\/\/taizyfarmequipment.com\/fr\/wp-json\/wp\/v2\/tags?post=4206"},{"taxonomy":"product-type","embeddable":true,"href":"https:\/\/taizyfarmequipment.com\/fr\/wp-json\/wp\/v2\/product-type?post=4206"}],"curies":[{"name":"wp","href":"https:\/\/api.w.org\/{rel}","templated":true}]}}