{"id":4345,"date":"2024-02-05T16:24:51","date_gmt":"2024-02-05T08:24:51","guid":{"rendered":"https:\/\/taizyfarmequipment.com\/?post_type=product&#038;p=4345"},"modified":"2025-11-25T15:47:22","modified_gmt":"2025-11-25T07:47:22","slug":"machine-de-decoupe-de-paille","status":"publish","type":"product","link":"https:\/\/taizyfarmequipment.com\/fr\/product\/straw-cutting-machine\/","title":{"rendered":"Machine de d\u00e9coupe de paille \u4e28 \u00c9quipement de coupe-paille"},"content":{"rendered":"<div class=\"kk-star-ratings kksr-auto kksr-align-left kksr-valign-top\"     data-payload='{&quot;align&quot;:&quot;left&quot;,&quot;id&quot;:&quot;4345&quot;,&quot;slug&quot;:&quot;default&quot;,&quot;valign&quot;:&quot;top&quot;,&quot;ignore&quot;:&quot;&quot;,&quot;reference&quot;:&quot;auto&quot;,&quot;class&quot;:&quot;&quot;,&quot;count&quot;:&quot;12&quot;,&quot;legendonly&quot;:&quot;&quot;,&quot;readonly&quot;:&quot;&quot;,&quot;score&quot;:&quot;4.9&quot;,&quot;starsonly&quot;:&quot;&quot;,&quot;best&quot;:&quot;5&quot;,&quot;gap&quot;:&quot;5&quot;,&quot;greet&quot;:&quot;Rate this product&quot;,&quot;legend&quot;:&quot;4.9\\\/5 - (12 votes)&quot;,&quot;size&quot;:&quot;24&quot;,&quot;title&quot;:&quot;Straw cutting machine\u4e28Chaff cutter equipment&quot;,&quot;width&quot;:&quot;139.6&quot;,&quot;_legend&quot;:&quot;{score}\\\/{best} - ({count} {votes})&quot;,&quot;font_factor&quot;:&quot;1.25&quot;}'>              <div class=\"kksr-stars\">      <div class=\"kksr-stars-inactive\">             <div class=\"kksr-star\" data-star=\"1\" style=\"padding-right: 5px\">               <div class=\"kksr-icon\" style=\"width: 24px; height: 24px;\"><\/div>         <\/div>             <div class=\"kksr-star\" data-star=\"2\" style=\"padding-right: 5px\">               <div class=\"kksr-icon\" style=\"width: 24px; height: 24px;\"><\/div>         <\/div>             <div class=\"kksr-star\" data-star=\"3\" style=\"padding-right: 5px\">               <div class=\"kksr-icon\" style=\"width: 24px; height: 24px;\"><\/div>         <\/div>             <div class=\"kksr-star\" data-star=\"4\" style=\"padding-right: 5px\">               <div class=\"kksr-icon\" style=\"width: 24px; height: 24px;\"><\/div>         <\/div>             <div class=\"kksr-star\" data-star=\"5\" style=\"padding-right: 5px\">               <div class=\"kksr-icon\" style=\"width: 24px; height: 24px;\"><\/div>         <\/div>     <\/div>      <div class=\"kksr-stars-active\" style=\"width: 139.6px;\">             <div class=\"kksr-star\" style=\"padding-right: 5px\">               <div class=\"kksr-icon\" style=\"width: 24px; height: 24px;\"><\/div>         <\/div>             <div class=\"kksr-star\" style=\"padding-right: 5px\">               <div class=\"kksr-icon\" style=\"width: 24px; height: 24px;\"><\/div>         <\/div>             <div class=\"kksr-star\" style=\"padding-right: 5px\">               <div class=\"kksr-icon\" style=\"width: 24px; height: 24px;\"><\/div>         <\/div>             <div class=\"kksr-star\" style=\"padding-right: 5px\">               <div class=\"kksr-icon\" style=\"width: 24px; height: 24px;\"><\/div>         <\/div>             <div class=\"kksr-star\" style=\"padding-right: 5px\">               <div class=\"kksr-icon\" style=\"width: 24px; height: 24px;\"><\/div>         <\/div>     <\/div> <\/div>                   <div class=\"kksr-legend\" style=\"font-size: 19.2px;\">             4,9\/5 - (12 votes)    <\/div>     <\/div>  <p>La machine de d\u00e9coupe de paille sert \u00e0 couper et pulv\u00e9riser divers mat\u00e9riaux tels que les paillettes, la paille, les tiges de ma\u00efs, le sorgho, l'ensilage et pratiquement tout type de paille en herbe finement transform\u00e9e, adapt\u00e9e \u00e0 l'alimentation des animaux. <\/p>    <p>Cette herbe finement transform\u00e9e peut \u00eatre utilis\u00e9e comme aliment pour une vari\u00e9t\u00e9 d\u2019animaux, notamment les bovins, les vaches, les chevaux, les ch\u00e8vres, les moutons, les poulets, les canards, les lapins, etc., facilitant ainsi la digestion des animaux. <\/p>    <p>La machine est construite avec une structure de lame de marteau robuste et durable. De plus, il int\u00e8gre un tapis transporteur pour une alimentation efficace de l'herbe, garantissant une efficacit\u00e9 de travail minimale d'au moins 4 t\/h.<\/p>    <figure class=\"wp-block-embed is-type-video is-provider-youtube wp-block-embed-youtube wp-embed-aspect-16-9 wp-has-aspect-ratio\"><div class=\"wp-block-embed__wrapper\"> <iframe loading=\"lazy\" title=\"Am\u00e9liorez votre r\u00e9colte\u00a0: les avantages de l&#039;utilisation d&#039;une machine \u00e0 couper les paillettes #chaff #chaffcutter #cutting\" width=\"500\" height=\"281\" src=\"https:\/\/www.youtube.com\/embed\/KO3jyxd94Rk?feature=oembed\" frameborder=\"0\" allow=\"accelerometer; autoplay; clipboard-write; encrypted-media; gyroscope; picture-in-picture; web-share\" referrerpolicy=\"strict-origin-when-cross-origin\" allowfullscreen><\/iframe> <\/div><figcaption class=\"wp-element-caption\">vid\u00e9o de travail de la machine \u00e0 couper les paillettes<\/figcaption><\/figure>    <h2 class=\"wp-block-heading\">Param\u00e8tres de la machine de d\u00e9coupe de paille<\/h2>    <figure class=\"wp-block-table\"><table><tbody><tr><td>Mod\u00e8le<\/td><td>RSJ-6<\/td><td>RSJ-10<\/td><td>RSJ-15<\/td><\/tr><tr><td>Pouvoir<\/td><td>15+1,5kw<\/td><td>22+2,2kw<\/td><td>30+4kw<\/td><\/tr><tr><td>Vitesse de l'arbre principal<\/td><td>1750 tr\/min<\/td><td>1750 tr\/min<\/td><td>1750 tr\/min<\/td><\/tr><tr><td>Capacit\u00e9<\/td><td>4-7 t\/h<\/td><td>7-10 t\/h<\/td><td>15t\/h<\/td><\/tr><tr><td>Quantit\u00e9 de lames<\/td><td>40 pi\u00e8ces<\/td><td>48 pi\u00e8ces<\/td><td>80 pi\u00e8ces<\/td><\/tr><tr><td>Dimension(L*L*H)<\/td><td>2750*950*1500mm<\/td><td>3130*890*1230mm<\/td><td>3900*1400*1200mm<\/td><\/tr><\/tbody><\/table><figcaption class=\"wp-element-caption\">Param\u00e8tres de l'\u00e9quipement de coupe-paillettes<\/figcaption><\/figure>    <h2 class=\"wp-block-heading\">Mat\u00e9riaux appropri\u00e9s pour la machine de d\u00e9coupe d'ensilage<\/h2>    <figure class=\"wp-block-image size-full\"><img loading=\"lazy\" decoding=\"async\" width=\"720\" height=\"540\" src=\"https:\/\/taizyfarmequipment.com\/wp-content\/uploads\/2024\/02\/Chaff-cutter-equipment-in-display.webp\" alt=\"\u00c9quipement de coupe-paille en exposition\" class=\"wp-image-4350\" srcset=\"https:\/\/taizyfarmequipment.com\/wp-content\/uploads\/2024\/02\/Chaff-cutter-equipment-in-display.webp 720w, https:\/\/taizyfarmequipment.com\/wp-content\/uploads\/2024\/02\/Chaff-cutter-equipment-in-display-300x225.webp 300w\" sizes=\"auto, (max-width: 720px) 100vw, 720px\" \/><figcaption class=\"wp-element-caption\">\u00c9quipement de coupe-paille en exposition<\/figcaption><\/figure>    <p>La coupeuse d'ensilage est un \u00e9quipement polyvalent adapt\u00e9 au traitement de divers mat\u00e9riaux. Ses principaux mat\u00e9riaux applicables comprennent l'herbe et la paille, englobant une vari\u00e9t\u00e9 de sources v\u00e9g\u00e9tales. <\/p>    <p>Cela inclut, sans toutefois s'y limiter, diff\u00e9rents types d'herbes telles que l'herbe verte et le foin, ainsi que divers types de paille comme les tiges de ma\u00efs, les tiges de sorgho, etc.<\/p>    <h2 class=\"wp-block-heading\">Comment fonctionne l\u2019\u00e9quipement coupe-paille ?<\/h2>   <div id=\"rank-math-howto\" class=\"rank-math-block\" > <div class=\"rank-math-howto-description\">  <\/div>  <div class=\"rank-math-steps\"> <div id=\"howto-step-1707115707591\" class=\"rank-math-step\"> <h3 class=\"rank-math-step-title\">1. <strong>Mat\u00e9riel d'alimentation\u00a0:<\/strong><\/h3> <div class=\"rank-math-step-content\"><p>La mati\u00e8re premi\u00e8re, qui peut \u00eatre de la paille, du foin ou d'autres types de fourrage, est introduite manuellement ou m\u00e9caniquement dans le coupe-paille. Le coupe-paille dispose d'un tapis roulant pour faciliter ce processus.<\/p> <\/div> <\/div> <div id=\"howto-step-1707115737529\" class=\"rank-math-step\"> <h3 class=\"rank-math-step-title\">2. <strong>M\u00e9canisme de coupe\u00a0:<\/strong><\/h3> <div class=\"rank-math-step-content\"><img loading=\"lazy\" decoding=\"async\" width=\"720\" height=\"540\" src=\"https:\/\/taizyfarmequipment.com\/wp-content\/uploads\/2024\/02\/blades-of-Straw-cutting-machine.webp\" class=\"attachment-full size-full\" alt=\"Lames de machine \u00e0 couper la paille\" srcset=\"https:\/\/taizyfarmequipment.com\/wp-content\/uploads\/2024\/02\/blades-of-Straw-cutting-machine.webp 720w, https:\/\/taizyfarmequipment.com\/wp-content\/uploads\/2024\/02\/blades-of-Straw-cutting-machine-300x225.webp 300w\" sizes=\"auto, (max-width: 720px) 100vw, 720px\" \/><p>\u00c0 l\u2019int\u00e9rieur du coupe-paille, il y a un m\u00e9canisme de coupe compos\u00e9 de lames ou de couteaux rotatifs. Ces lames sont con\u00e7ues pour couper la mati\u00e8re premi\u00e8re en morceaux plus petits et plus maniables.<\/p> <\/div> <\/div> <div id=\"howto-step-1707116108921\" class=\"rank-math-step\"> <h3 class=\"rank-math-step-title\">3. <strong>Source d'\u00e9nergie:<\/strong><\/h3> <div class=\"rank-math-step-content\"><p>Les coupe-paillettes peuvent \u00eatre aliment\u00e9s par diverses sources, notamment l\u2019\u00e9lectricit\u00e9 et les moteurs diesel. La source d'\u00e9nergie entra\u00eene le m\u00e9canisme de coupe pour effectuer l'action de coupe.<\/p> <\/div> <\/div> <div id=\"howto-step-1707116499877\" class=\"rank-math-step\"> <h3 class=\"rank-math-step-title\">4. <strong>Collecte ou d\u00e9charge\u00a0:<\/strong><\/h3> <div class=\"rank-math-step-content\"><p>Le mat\u00e9riau coup\u00e9 est ensuite \u00e9vacu\u00e9 par un bec. La m\u00e9thode de collecte d\u00e9pend de l'utilisation pr\u00e9vue.<\/p> <\/div> <\/div> <div id=\"howto-step-1707116871593\" class=\"rank-math-step\"> <h3 class=\"rank-math-step-title\">5. <strong>Des dispositifs de s\u00e9curit\u00e9:<\/strong><\/h3> <div class=\"rank-math-step-content\"><p>Les coupe-paille modernes incluent des fonctionnalit\u00e9s de s\u00e9curit\u00e9 telles que des boutons d'arr\u00eat d'urgence, des protections autour des pi\u00e8ces mobiles et une protection contre les surcharges pour garantir la s\u00e9curit\u00e9 de l'op\u00e9rateur.<\/p> <\/div> <\/div> <\/div> <\/div>       <figure class=\"wp-block-image size-full\"><img loading=\"lazy\" decoding=\"async\" width=\"720\" height=\"540\" src=\"https:\/\/taizyfarmequipment.com\/wp-content\/uploads\/2024\/02\/commercial-Chaff-cutter-equipment.webp\" alt=\"\u00e9quipement commercial de coupe-paillettes\" class=\"wp-image-4356\" srcset=\"https:\/\/taizyfarmequipment.com\/wp-content\/uploads\/2024\/02\/commercial-Chaff-cutter-equipment.webp 720w, https:\/\/taizyfarmequipment.com\/wp-content\/uploads\/2024\/02\/commercial-Chaff-cutter-equipment-300x225.webp 300w\" sizes=\"auto, (max-width: 720px) 100vw, 720px\" \/><figcaption class=\"wp-element-caption\">\u00e9quipement commercial de coupe-paillettes<\/figcaption><\/figure>    <h2 class=\"wp-block-heading\">Principaux avantages de la machine \u00e0 couper la paille<\/h2>    <ol class=\"wp-block-list\"> <li><strong>Polyvalence:<\/strong> La machine est con\u00e7ue pour couper et broyer divers mat\u00e9riaux, notamment les paillettes, la paille, les tiges de ma\u00efs, le sorgho et l'ensilage. Cette polyvalence le rend adapt\u00e9 au traitement d\u2019une large gamme de r\u00e9sidus agricoles.<\/li>    <li><strong>Structure des lames de marteau durables\u00a0:<\/strong> L'adoption d'une structure de lame de marteau am\u00e9liore la durabilit\u00e9 et la r\u00e9sistance. Cette conception garantit que la machine peut r\u00e9sister aux rigueurs d\u2019une utilisation continue dans les op\u00e9rations agricoles.<\/li>    <li><strong>Bande transporteuse pour une alimentation efficace\u00a0:<\/strong> L'inclusion d'une bande transporteuse facilite le processus d'alimentation, contribuant ainsi \u00e0 une efficacit\u00e9 de travail plus \u00e9lev\u00e9e. Cette fonctionnalit\u00e9 garantit un flux coh\u00e9rent et rationalis\u00e9 de mat\u00e9riaux \u00e0 travers la machine.<\/li>    <li><strong>Efficacit\u00e9 de travail \u00e9lev\u00e9e\u00a0:<\/strong> La machine est capable d'atteindre une efficacit\u00e9 de travail d'au moins 4 tonnes par heure. Cette efficacit\u00e9 \u00e9lev\u00e9e est cruciale pour les op\u00e9rations agricoles \u00e0 grande \u00e9chelle, car elle permet d'\u00e9conomiser du temps et de la main d'\u0153uvre.<\/li> <\/ol>    <figure class=\"wp-block-image size-full\"><img loading=\"lazy\" decoding=\"async\" width=\"720\" height=\"540\" src=\"https:\/\/taizyfarmequipment.com\/wp-content\/uploads\/2024\/02\/Chaff-cutter-equipment-for-business.webp\" alt=\"\u00c9quipement de coupe-paille pour les entreprises\" class=\"wp-image-4351\" srcset=\"https:\/\/taizyfarmequipment.com\/wp-content\/uploads\/2024\/02\/Chaff-cutter-equipment-for-business.webp 720w, https:\/\/taizyfarmequipment.com\/wp-content\/uploads\/2024\/02\/Chaff-cutter-equipment-for-business-300x225.webp 300w\" sizes=\"auto, (max-width: 720px) 100vw, 720px\" \/><figcaption class=\"wp-element-caption\">\u00c9quipement de coupe-paille pour les entreprises<\/figcaption><\/figure>    <h2 class=\"wp-block-heading\">Diff\u00e9rences entre la machine \u00e0 couper la paille et la machine \u00e0 broyer l'herbe<\/h2>    <p>Les diff\u00e9rences entre une machine \u00e0 couper la paille et une machine \u00e0 broyer l'herbe r\u00e9sident dans leur conception et les caract\u00e9ristiques du mat\u00e9riau trait\u00e9. L'une des principales diff\u00e9rences r\u00e9side dans le nombre de lames utilis\u00e9es dans chaque machine. La machine \u00e0 couper la paille est \u00e9quip\u00e9e de plusieurs lames, offrant un m\u00e9canisme de coupe plus complexe. En revanche, le broyeur d'herbe utilise une seule lame, ce qui simplifie sa structure de coupe.<\/p>    <p>Une autre diff\u00e9rence notable r\u00e9side dans la forme du produit final produit par chaque machine. La machine \u00e0 couper la paille produit des morceaux allong\u00e9s et filiformes comme r\u00e9sultat final. Ces brins fins conviennent bien aux applications telles que l\u2019alimentation du b\u00e9tail, des vaches, des chevaux et d\u2019autres animaux d\u2019\u00e9levage en raison de leur facilit\u00e9 de digestion.<\/p>    <p>\u00c0 l\u2019inverse, la machine \u00e0 broyer l\u2019herbe cr\u00e9e des produits finaux en forme de bloc. Cette conception est particuli\u00e8rement avantageuse pour certaines applications o\u00f9 des morceaux d'herbe plus gros sont pr\u00e9f\u00e9r\u00e9s, r\u00e9pondant aux pr\u00e9f\u00e9rences alimentaires de diff\u00e9rents animaux.<\/p>    <figure class=\"wp-block-image size-full\"><img loading=\"lazy\" decoding=\"async\" width=\"720\" height=\"540\" src=\"https:\/\/taizyfarmequipment.com\/wp-content\/uploads\/2024\/02\/automatic-Chaff-cutter-equipment.webp\" alt=\"\u00e9quipement automatique de coupe-paille\" class=\"wp-image-4352\" srcset=\"https:\/\/taizyfarmequipment.com\/wp-content\/uploads\/2024\/02\/automatic-Chaff-cutter-equipment.webp 720w, https:\/\/taizyfarmequipment.com\/wp-content\/uploads\/2024\/02\/automatic-Chaff-cutter-equipment-300x225.webp 300w\" sizes=\"auto, (max-width: 720px) 100vw, 720px\" \/><figcaption class=\"wp-element-caption\">\u00e9quipement automatique de coupe-paille<\/figcaption><\/figure>    <h2 class=\"wp-block-heading\">\u00c9quipement de support du coupe-paille<\/h2>    <p class=\"translation-block\">Notre coupe-paille ne se contente pas d'offrir une fonctionnalit\u00e9 de coupe avanc\u00e9e, il peut \u00e9galement \u00eatre associ\u00e9 \u00e0 une presse \u00e0 ensilage pour proposer une solution compl\u00e8te de traitement des aliments. Combiner le coupe-paille avec une <a href=\"https:\/\/taizyfarmequipment.com\/fr\/produit-2\/presse-a-balles-rondes-densilage\/\">presse \u00e0 ensilage<\/a> permet une conservation plus efficace de l'alimentation, prolongeant sa dur\u00e9e de vie et facilitant son transport lorsque n\u00e9cessaire.<\/p>    <p>L'int\u00e9gration d'une presse \u00e0 ensilage facilite le compactage des mat\u00e9riaux coup\u00e9s en emballages \u00e9troitement emball\u00e9s, augmentant ainsi la densit\u00e9 de l'aliment et r\u00e9duisant efficacement les besoins en espace de stockage. Cela permet non seulement de r\u00e9duire les co\u00fbts de stockage, mais garantit \u00e9galement que les aliments restent frais et nutritifs pendant une p\u00e9riode prolong\u00e9e.<\/p>    <p>De plus, le syst\u00e8me de coupe-paille, associ\u00e9 \u00e0 une presse \u00e0 ensilage, rationalise le processus de transport des aliments pour animaux. Les aliments emball\u00e9s sont plus faciles \u00e0 g\u00e9rer en termes d'empilage et de manipulation, ce qui am\u00e9liore la commodit\u00e9 du transport et rend la production agricole plus efficace.<\/p>    <figure class=\"wp-block-image size-full\"><img loading=\"lazy\" decoding=\"async\" width=\"720\" height=\"540\" src=\"https:\/\/taizyfarmequipment.com\/wp-content\/uploads\/2022\/05\/3.8A-garss-chopper-.jpg\" alt=\"Broyeur d&#039;herbe 3,8A\" class=\"wp-image-3459\"\/><figcaption class=\"wp-element-caption\">Broyeur d'herbe 3,8A<\/figcaption><\/figure>    <h2 class=\"wp-block-heading\">Investissez dans notre machine \u00e0 couper la paille<\/h2>    <p class=\"translation-block\">En tant que fournisseur leader de <a href=\"https:\/\/en.wikipedia.org\/wiki\/Straw\" data-type=\"link\" data-id=\"https:\/\/en.wikipedia.org\/wiki\/Straw\" target=\"_blank\" rel=\"noopener\">paille<\/a> coupeuses, nous nous engageons \u00e0 fournir des \u00e9quipements qui excellent en performances et en fiabilit\u00e9 pour r\u00e9pondre \u00e0 vos besoins agricoles. R\u00e9put\u00e9e pour notre technologie avanc\u00e9e, notre conception durable et notre capacit\u00e9 de production efficace, notre entreprise propose des solutions fiables qui am\u00e9liorent l'efficacit\u00e9 du traitement des aliments.<\/p>    <p>Parall\u00e8lement, la satisfaction du client a toujours \u00e9t\u00e9 notre priorit\u00e9 absolue. Notre \u00e9quipe de professionnels se consacre \u00e0 fournir des services avant-vente et apr\u00e8s-vente de haute qualit\u00e9, garantissant une assistance compl\u00e8te tout au long de votre achat, de votre installation et de votre utilisation.<\/p>    <p>Nous vous invitons chaleureusement \u00e0 vous renseigner et \u00e0 nous rendre visite pour une compr\u00e9hension plus approfondie de nos machines avanc\u00e9es de d\u00e9coupe de paille. En choisissant nos produits, vous acc\u00e9dez \u00e0 des performances \u00e9lev\u00e9es, une durabilit\u00e9 et une efficacit\u00e9 op\u00e9rationnelle exceptionnelle. <\/p>    <p>N'h\u00e9sitez pas \u00e0 nous contacter \u00e0 tout moment; nous sommes impatients de vous fournir les meilleures solutions et de contribuer ensemble \u00e0 l\u2019avancement de la production agricole.<\/p>    <figure class=\"wp-block-image size-full\"><img loading=\"lazy\" decoding=\"async\" width=\"720\" height=\"540\" src=\"https:\/\/taizyfarmequipment.com\/wp-content\/uploads\/2024\/02\/Straw-cutting-machine-with-a-good-price-1.webp\" alt=\"Machine \u00e0 couper la paille \u00e0 bon prix\" class=\"wp-image-4943\" srcset=\"https:\/\/taizyfarmequipment.com\/wp-content\/uploads\/2024\/02\/Straw-cutting-machine-with-a-good-price-1.webp 720w, https:\/\/taizyfarmequipment.com\/wp-content\/uploads\/2024\/02\/Straw-cutting-machine-with-a-good-price-1-300x225.webp 300w, https:\/\/taizyfarmequipment.com\/wp-content\/uploads\/2024\/02\/Straw-cutting-machine-with-a-good-price-1-16x12.webp 16w\" sizes=\"auto, (max-width: 720px) 100vw, 720px\" \/><figcaption class=\"wp-element-caption\">Machine \u00e0 couper la paille \u00e0 bon prix<\/figcaption><\/figure>","protected":false},"excerpt":{"rendered":"<p>La machine de d\u00e9coupe de paille sert \u00e0 couper et pulv\u00e9riser divers mat\u00e9riaux tels que les paillettes, la paille, les tiges de ma\u00efs, le sorgho, l'ensilage et pratiquement tout type de paille en herbe finement transform\u00e9e, adapt\u00e9e \u00e0 l'alimentation des animaux.<\/p>","protected":false},"author":1,"featured_media":4346,"parent":0,"template":"","tags":[],"product-type":[133],"class_list":["post-4345","product","type-product","status-publish","has-post-thumbnail","hentry","product-type-silage-machine"],"_links":{"self":[{"href":"https:\/\/taizyfarmequipment.com\/fr\/wp-json\/wp\/v2\/product\/4345","targetHints":{"allow":["GET"]}}],"collection":[{"href":"https:\/\/taizyfarmequipment.com\/fr\/wp-json\/wp\/v2\/product"}],"about":[{"href":"https:\/\/taizyfarmequipment.com\/fr\/wp-json\/wp\/v2\/types\/product"}],"author":[{"embeddable":true,"href":"https:\/\/taizyfarmequipment.com\/fr\/wp-json\/wp\/v2\/users\/1"}],"wp:featuredmedia":[{"embeddable":true,"href":"https:\/\/taizyfarmequipment.com\/fr\/wp-json\/wp\/v2\/media\/4346"}],"wp:attachment":[{"href":"https:\/\/taizyfarmequipment.com\/fr\/wp-json\/wp\/v2\/media?parent=4345"}],"wp:term":[{"taxonomy":"post_tag","embeddable":true,"href":"https:\/\/taizyfarmequipment.com\/fr\/wp-json\/wp\/v2\/tags?post=4345"},{"taxonomy":"product-type","embeddable":true,"href":"https:\/\/taizyfarmequipment.com\/fr\/wp-json\/wp\/v2\/product-type?post=4345"}],"curies":[{"name":"wp","href":"https:\/\/api.w.org\/{rel}","templated":true}]}}