{"id":4458,"date":"2024-03-20T09:49:30","date_gmt":"2024-03-20T01:49:30","guid":{"rendered":"https:\/\/taizyfarmequipment.com\/?post_type=product&#038;p=4458"},"modified":"2025-02-07T17:11:30","modified_gmt":"2025-02-07T09:11:30","slug":"machine-de-semis-de-pepiniere","status":"publish","type":"product","link":"https:\/\/taizyfarmequipment.com\/fr\/product\/nursery-seeding-machine\/","title":{"rendered":"Machine de semis p\u00e9pini\u00e8re | Machine de plantation des semis d'arbre"},"content":{"rendered":"<div class=\"kk-star-ratings kksr-auto kksr-align-left kksr-valign-top\"     data-payload='{&quot;align&quot;:&quot;left&quot;,&quot;id&quot;:&quot;4458&quot;,&quot;slug&quot;:&quot;default&quot;,&quot;valign&quot;:&quot;top&quot;,&quot;ignore&quot;:&quot;&quot;,&quot;reference&quot;:&quot;auto&quot;,&quot;class&quot;:&quot;&quot;,&quot;count&quot;:&quot;22&quot;,&quot;legendonly&quot;:&quot;&quot;,&quot;readonly&quot;:&quot;&quot;,&quot;score&quot;:&quot;4.8&quot;,&quot;starsonly&quot;:&quot;&quot;,&quot;best&quot;:&quot;5&quot;,&quot;gap&quot;:&quot;5&quot;,&quot;greet&quot;:&quot;Rate this product&quot;,&quot;legend&quot;:&quot;4.8\\\/5 - (22 votes)&quot;,&quot;size&quot;:&quot;24&quot;,&quot;title&quot;:&quot;Nursery seeding machine | Tree seedling planting machine&quot;,&quot;width&quot;:&quot;136.7&quot;,&quot;_legend&quot;:&quot;{score}\\\/{best} - ({count} {votes})&quot;,&quot;font_factor&quot;:&quot;1.25&quot;}'>              <div class=\"kksr-stars\">      <div class=\"kksr-stars-inactive\">             <div class=\"kksr-star\" data-star=\"1\" style=\"padding-right: 5px\">               <div class=\"kksr-icon\" style=\"width: 24px; height: 24px;\"><\/div>         <\/div>             <div class=\"kksr-star\" data-star=\"2\" style=\"padding-right: 5px\">               <div class=\"kksr-icon\" style=\"width: 24px; height: 24px;\"><\/div>         <\/div>             <div class=\"kksr-star\" data-star=\"3\" style=\"padding-right: 5px\">               <div class=\"kksr-icon\" style=\"width: 24px; height: 24px;\"><\/div>         <\/div>             <div class=\"kksr-star\" data-star=\"4\" style=\"padding-right: 5px\">               <div class=\"kksr-icon\" style=\"width: 24px; height: 24px;\"><\/div>         <\/div>             <div class=\"kksr-star\" data-star=\"5\" style=\"padding-right: 5px\">               <div class=\"kksr-icon\" style=\"width: 24px; height: 24px;\"><\/div>         <\/div>     <\/div>      <div class=\"kksr-stars-active\" style=\"width: 136.7px;\">             <div class=\"kksr-star\" style=\"padding-right: 5px\">               <div class=\"kksr-icon\" style=\"width: 24px; height: 24px;\"><\/div>         <\/div>             <div class=\"kksr-star\" style=\"padding-right: 5px\">               <div class=\"kksr-icon\" style=\"width: 24px; height: 24px;\"><\/div>         <\/div>             <div class=\"kksr-star\" style=\"padding-right: 5px\">               <div class=\"kksr-icon\" style=\"width: 24px; height: 24px;\"><\/div>         <\/div>             <div class=\"kksr-star\" style=\"padding-right: 5px\">               <div class=\"kksr-icon\" style=\"width: 24px; height: 24px;\"><\/div>         <\/div>             <div class=\"kksr-star\" style=\"padding-right: 5px\">               <div class=\"kksr-icon\" style=\"width: 24px; height: 24px;\"><\/div>         <\/div>     <\/div> <\/div>                   <div class=\"kksr-legend\" style=\"font-size: 19.2px;\">             4,8\/5 - (22 votes)    <\/div>     <\/div>  <p class=\"translation-block\">Notre <strong>machine de semis en p\u00e9pini\u00e8re compatible PLC<\/strong> peut am\u00e9liorer la pr\u00e9cision et l'efficacit\u00e9 dans la culture moderne en p\u00e9pini\u00e8re. \u00c9quip\u00e9e d'un <strong>syst\u00e8me avanc\u00e9 de contr\u00f4leur logique programmable (PLC)<\/strong>, cette machine offre un <strong>contr\u00f4le et une personnalisation in\u00e9gal\u00e9s<\/strong> pour les op\u00e9rations de semis. <\/p>    <p class=\"translation-block\">Elle garantit un <strong>placement pr\u00e9cis des graines et une gestion optimale du sol<\/strong>, maximisant le rendement tout en r\u00e9duisant les co\u00fbts de main-d'\u0153uvre. Qu'il s'agisse de <strong>laitue, de tomates ou d'autres cultures<\/strong>, notre machine de semis en p\u00e9pini\u00e8re offre des <strong>performances constantes et \u00e0 grande vitesse<\/strong>, en faisant un choix id\u00e9al pour les producteurs professionnels en p\u00e9pini\u00e8re.<\/p>    <figure class=\"wp-block-embed is-type-video is-provider-youtube wp-block-embed-youtube wp-embed-aspect-16-9 wp-has-aspect-ratio\"><div class=\"wp-block-embed__wrapper\"> <iframe loading=\"lazy\" title=\"Boostez vos op\u00e9rations de p\u00e9pini\u00e8re\u00a0: Pr\u00e9sentation de notre semoir de p\u00e9pini\u00e8re\u00a0! #agriculture #agriculture\" width=\"500\" height=\"281\" src=\"https:\/\/www.youtube.com\/embed\/mzOvl9zySyg?feature=oembed\" frameborder=\"0\" allow=\"accelerometer; autoplay; clipboard-write; encrypted-media; gyroscope; picture-in-picture; web-share\" referrerpolicy=\"strict-origin-when-cross-origin\" allowfullscreen><\/iframe> <\/div><figcaption class=\"wp-element-caption\">vid\u00e9o de fonctionnement du semoir de p\u00e9pini\u00e8re<\/figcaption><\/figure>    <h2 class=\"wp-block-heading\">Principales caract\u00e9ristiques du semoir de p\u00e9pini\u00e8re<\/h2>    <div class=\"wp-block-media-text is-stacked-on-mobile\"><figure class=\"wp-block-media-text__media\"><img loading=\"lazy\" decoding=\"async\" width=\"720\" height=\"540\" src=\"https:\/\/taizyfarmequipment.com\/wp-content\/uploads\/2024\/03\/Nursery-seeding-machine-with-a-good-price.webp\" alt=\"Semoir de p\u00e9pini\u00e8re \u00e0 bon prix\" class=\"wp-image-4460 size-full\" srcset=\"https:\/\/taizyfarmequipment.com\/wp-content\/uploads\/2024\/03\/Nursery-seeding-machine-with-a-good-price.webp 720w, https:\/\/taizyfarmequipment.com\/wp-content\/uploads\/2024\/03\/Nursery-seeding-machine-with-a-good-price-300x225.webp 300w, https:\/\/taizyfarmequipment.com\/wp-content\/uploads\/2024\/03\/Nursery-seeding-machine-with-a-good-price-16x12.webp 16w\" sizes=\"auto, (max-width: 720px) 100vw, 720px\" \/><\/figure><div class=\"wp-block-media-text__content\"> <ul class=\"wp-block-list\"> <li><strong>Plateaux noirs personnalis\u00e9s.<\/strong> Con\u00e7u pour des plateaux noirs sp\u00e9cialis\u00e9s sans lacunes inf\u00e9rieures, emp\u00eachant l'ensemencement \u00e0 double rang\u00e9e pour un placement pr\u00e9cis des graines.<\/li>    <li><strong><a href=\"https:\/\/en.wikipedia.org\/wiki\/Programmable_logic_controller\" data-type=\"link\" data-id=\"https:\/\/en.wikipedia.org\/wiki\/Programmable_logic_controller\" target=\"_blank\" rel=\"noopener\">API<\/a> int\u00e9gration.<\/strong> Remplace les circuits imprim\u00e9s traditionnels par un contr\u00f4leur logique programmable (PLC) pour une fiabilit\u00e9 am\u00e9lior\u00e9e, une personnalisation et des performances coh\u00e9rentes.<\/li>    <li><strong>Compatibilit\u00e9 des plateaux polyvalents.<\/strong> Prend en charge les plateaux noirs standard avec des capteurs inf\u00e9rieurs pour les semis \u00e0 double rang\u00e9e et les plateaux blancs avec des param\u00e8tres sp\u00e9cifiques pour s'adapter aux limitations du capteur.<\/li> <\/ul> <\/div><\/div>    <div class=\"wp-block-media-text has-media-on-the-right is-stacked-on-mobile\"><div class=\"wp-block-media-text__content\"> <ul class=\"wp-block-list\"> <li><strong>Interface \u00e0 \u00e9cran tactile.<\/strong> La conception conviviale permet des r\u00e9glages de r\u00e9glage faciles, y compris des configurations pour les plateaux blancs. Les param\u00e8tres doivent \u00eatre r\u00e9apport\u00e9s \u00e0 une interruption de puissance.<\/li>    <li><strong>Placement des graines \u00e0 plusieurs reprises.<\/strong> Chaque tube a trois aiguilles, permettant un placement simultan\u00e9 de trois graines pour un semis plus rapide et plus efficace.<\/li> <\/ul> <\/div><figure class=\"wp-block-media-text__media\"><img loading=\"lazy\" decoding=\"async\" width=\"720\" height=\"540\" src=\"https:\/\/taizyfarmequipment.com\/wp-content\/uploads\/2024\/03\/high-capacity-tree-nursery-machine.webp\" alt=\"machine de p\u00e9pini\u00e8re d&#039;arbres de grande capacit\u00e9\" class=\"wp-image-4466 size-full\" srcset=\"https:\/\/taizyfarmequipment.com\/wp-content\/uploads\/2024\/03\/high-capacity-tree-nursery-machine.webp 720w, https:\/\/taizyfarmequipment.com\/wp-content\/uploads\/2024\/03\/high-capacity-tree-nursery-machine-300x225.webp 300w, https:\/\/taizyfarmequipment.com\/wp-content\/uploads\/2024\/03\/high-capacity-tree-nursery-machine-16x12.webp 16w\" sizes=\"auto, (max-width: 720px) 100vw, 720px\" \/><\/figure><\/div>    <p>Gr\u00e2ce \u00e0 ces caract\u00e9ristiques cl\u00e9s, notre semoir de p\u00e9pini\u00e8re offre une solution compl\u00e8te pour un placement efficace et pr\u00e9cis des graines, r\u00e9pondant \u00e0 un large \u00e9ventail de types de plateaux et d'exigences de plantation.<\/p>    <h2 class=\"wp-block-heading\">Comment fonctionne la machine \u00e0 semis p\u00e9pini\u00e8re?<\/h2>    <p>Le flux de travail de notre semoir de p\u00e9pini\u00e8re implique plusieurs \u00e9tapes s\u00e9quentielles pour garantir un semis efficace et pr\u00e9cis. Voici comment cela fonctionne :<\/p>    <div class=\"wp-block-media-text is-stacked-on-mobile\"><figure class=\"wp-block-media-text__media\"><img loading=\"lazy\" decoding=\"async\" width=\"720\" height=\"540\" src=\"https:\/\/taizyfarmequipment.com\/wp-content\/uploads\/2024\/03\/commercial-nursery-seedling-machine.webp\" alt=\"machine de semis de p\u00e9pini\u00e8re commerciale\" class=\"wp-image-4461 size-full\" srcset=\"https:\/\/taizyfarmequipment.com\/wp-content\/uploads\/2024\/03\/commercial-nursery-seedling-machine.webp 720w, https:\/\/taizyfarmequipment.com\/wp-content\/uploads\/2024\/03\/commercial-nursery-seedling-machine-300x225.webp 300w, https:\/\/taizyfarmequipment.com\/wp-content\/uploads\/2024\/03\/commercial-nursery-seedling-machine-16x12.webp 16w\" sizes=\"auto, (max-width: 720px) 100vw, 720px\" \/><\/figure><div class=\"wp-block-media-text__content\"> <ul class=\"wp-block-list\"> <li><strong>Couverture du sol.<\/strong> Dispose uniform\u00e9ment une couche de sol sur les plateaux, cr\u00e9ant un milieu de croissance optimal pour la germination des graines.<\/li>    <li><strong>Punchage du trou.<\/strong> Utilise des m\u00e9canismes sp\u00e9cialis\u00e9s pour cr\u00e9er des trous uniform\u00e9ment espac\u00e9s dans le sol, garantissant un placement uniforme des graines.<\/li>    <li><strong>SEVELLEMENT.<\/strong> D\u00e9pose avec pr\u00e9cision les graines dans les trous pr\u00e9par\u00e9s en utilisant des m\u00e9canismes de pr\u00e9cision comme l'aspiration sous vide.<\/li>    <li><strong>Couvrage du sol secondaire.<\/strong> Applique une autre couche de sol sur les graines, les prot\u00e9ger et la promotion de la germination stable.<\/li> <\/ul> <\/div><\/div>    <p>En suivant ce flux de travail complet, notre semoir pour p\u00e9pini\u00e8re garantit un semis efficace et uniforme tout en optimisant les conditions de croissance des graines. Ce processus transparent am\u00e9liore la productivit\u00e9 et les rendements en p\u00e9pini\u00e8re, facilitant la propagation de plantes saines et vigoureuses.<\/p>    <h2 class=\"wp-block-heading\">Param\u00e8tres de machine \u00e0 semis p\u00e9pini\u00e8re<\/h2>    <figure class=\"wp-block-table\"><table class=\"has-fixed-layout\"><tbody><tr><td>Mod\u00e8le<\/td><td>KMR-100<\/td><\/tr><tr><td>Capacit\u00e9<\/td><td>500-1200 plateaux \/ heure<\/td><\/tr><tr><td>Pr\u00e9cision<\/td><td>&gt;97-98%<\/td><\/tr><tr><td>Syst\u00e8me<\/td><td>Syst\u00e8me de d\u00e9tection de capteur photo\u00e9lectrique automatique<\/td><\/tr><tr><td>Mat\u00e9riau machine<\/td><td>Acier inoxydable<\/td><\/tr><tr><td>Pouvoir<\/td><td>650KW<\/td><\/tr><tr><td>Taille pour la graine<\/td><td>0,3-15 mm<\/td><\/tr><tr><td>Taille du plateau<\/td><td>La norme normale est de 540 * 280 mm<\/td><\/tr><tr><td>Taille<\/td><td>4800 * 950 * 1600 mm<\/td><\/tr><tr><td>Poids<\/td><td>400 kg<\/td><\/tr><\/tbody><\/table><figcaption class=\"wp-element-caption\">Param\u00e8tres de la machine \u00e0 semis p\u00e9pini\u00e8res de plante<\/figcaption><\/figure>    <h2 class=\"wp-block-heading\">\u00c9quipement suppl\u00e9mentaire de la planteuse de semis d'arbres<\/h2>    <p>Notre machine de plantation de semis d'arbres est \u00e9quip\u00e9e d'\u00e9quipements suppl\u00e9mentaires, notamment un syst\u00e8me d'arrosage et un \u00e9l\u00e9vateur de sol, am\u00e9liorant encore l'efficacit\u00e9 de la plantation et la commodit\u00e9 op\u00e9rationnelle.<\/p>    <div class=\"wp-block-media-text has-media-on-the-right is-stacked-on-mobile\"><div class=\"wp-block-media-text__content\"> <h3 class=\"wp-block-heading\"><strong>Ascenseur du sol<\/strong><\/h3>    <p>Sa fonction est de transmettre la quantit\u00e9 n\u00e9cessaire de sol ou de milieu \u00e0 la zone de plantation, fournissant des conditions de croissance ad\u00e9quates pour les semis d'arbres. <\/p>    <p>Ce processus r\u00e9duit le besoin de main-d'\u0153uvre manuelle, am\u00e9liorant l'efficacit\u00e9 et la pr\u00e9cision des plantations.<\/p> <\/div><figure class=\"wp-block-media-text__media\"><img loading=\"lazy\" decoding=\"async\" width=\"720\" height=\"540\" src=\"https:\/\/taizyfarmequipment.com\/wp-content\/uploads\/2024\/03\/Soil-Elevator.webp\" alt=\"\u00c9l\u00e9vateur de sol\" class=\"wp-image-4463 size-full\" srcset=\"https:\/\/taizyfarmequipment.com\/wp-content\/uploads\/2024\/03\/Soil-Elevator.webp 720w, https:\/\/taizyfarmequipment.com\/wp-content\/uploads\/2024\/03\/Soil-Elevator-300x225.webp 300w, https:\/\/taizyfarmequipment.com\/wp-content\/uploads\/2024\/03\/Soil-Elevator-16x12.webp 16w\" sizes=\"auto, (max-width: 720px) 100vw, 720px\" \/><\/figure><\/div>    <div class=\"wp-block-media-text is-stacked-on-mobile\"><figure class=\"wp-block-media-text__media\"><img loading=\"lazy\" decoding=\"async\" width=\"720\" height=\"540\" src=\"https:\/\/taizyfarmequipment.com\/wp-content\/uploads\/2024\/03\/Watering-System.webp\" alt=\"Syst\u00e8me d&#039;arrosage\" class=\"wp-image-4464 size-full\" srcset=\"https:\/\/taizyfarmequipment.com\/wp-content\/uploads\/2024\/03\/Watering-System.webp 720w, https:\/\/taizyfarmequipment.com\/wp-content\/uploads\/2024\/03\/Watering-System-300x225.webp 300w, https:\/\/taizyfarmequipment.com\/wp-content\/uploads\/2024\/03\/Watering-System-16x12.webp 16w\" sizes=\"auto, (max-width: 720px) 100vw, 720px\" \/><\/figure><div class=\"wp-block-media-text__content\"> <h3 class=\"wp-block-heading\"><strong>Syst\u00e8me d'arrosage<\/strong><\/h3>    <p>L'inclusion d'un syst\u00e8me d'arrosage assure un processus de plantation de semis d'arbres complet et efficace. <\/p>    <p>Apr\u00e8s avoir plant\u00e9 les semis d'arbres, le syst\u00e8me d'arrosage pulv\u00e9rise automatiquement de l'eau, garantissant que le sol dans la zone de plantation maintient le niveau d'humidit\u00e9 appropri\u00e9. <\/p>    <p>Cela favorise la croissance des semis et les taux de survie des arbres.<\/p> <\/div><\/div>    <p>Ces caract\u00e9ristiques d'\u00e9quipement suppl\u00e9mentaires rendent notre machine de plantation de semis d'arbres plus compl\u00e8te et polyvalente, capable de r\u00e9pondre \u00e0 divers besoins de plantation dans diff\u00e9rents sc\u00e9narios. Ils offrent aux utilisateurs une solution de plantation plus pratique et plus efficace.<\/p>    <h2 class=\"wp-block-heading\">Accessoires de machine \u00e0 semis p\u00e9pini\u00e8re<\/h2>    <p>Notre machine \u00e0 semis p\u00e9pini\u00e8re est livr\u00e9e avec un ensemble d'accessoires complet, offrant des outils essentiels pour la plantation transparente et une maintenance efficace des machines. Pour am\u00e9liorer la commodit\u00e9 des utilisateurs, chaque achat de machine comprend une bo\u00eete \u00e0 outils gratuite, garantissant un fonctionnement en douceur et un entretien facile.<\/p>    <div class=\"wp-block-media-text has-media-on-the-right is-stacked-on-mobile\"><div class=\"wp-block-media-text__content\"> <ul class=\"wp-block-list\"> <li><strong>Vari\u00e9t\u00e9 d'aiguilles d'aspiration.<\/strong> Cinq mod\u00e8les diff\u00e9rents pour s'adapter \u00e0 divers types de semences.<\/li>    <li><strong>Effacer les aiguilles.<\/strong> Aide \u00e0 \u00e9liminer les blocages et \u00e0 maintenir un fonctionnement fluide.<\/li>    <li><strong>Pistolet \u00e0 air.<\/strong> Aide \u00e0 nettoyer et \u00e0 nettoyer les d\u00e9bris de la machine.<\/li>    <li><strong>\u00c9crans de tamis.<\/strong> Assure une bonne s\u00e9lection des graines et emp\u00eache le colmatage.<\/li>    <li><strong>Tasses de ventouses.<\/strong> Am\u00e9liore la pr\u00e9cision du ramassage et du placement des graines.<\/li> <\/ul> <\/div><figure class=\"wp-block-media-text__media\"><img loading=\"lazy\" decoding=\"async\" width=\"720\" height=\"540\" src=\"https:\/\/taizyfarmequipment.com\/wp-content\/uploads\/2024\/03\/Accessories-of-nursery-seedling-machine.webp\" alt=\"Accessoires de machine \u00e0 semis de p\u00e9pini\u00e8re\" class=\"wp-image-4465 size-full\" srcset=\"https:\/\/taizyfarmequipment.com\/wp-content\/uploads\/2024\/03\/Accessories-of-nursery-seedling-machine.webp 720w, https:\/\/taizyfarmequipment.com\/wp-content\/uploads\/2024\/03\/Accessories-of-nursery-seedling-machine-300x225.webp 300w, https:\/\/taizyfarmequipment.com\/wp-content\/uploads\/2024\/03\/Accessories-of-nursery-seedling-machine-16x12.webp 16w\" sizes=\"auto, (max-width: 720px) 100vw, 720px\" \/><\/figure><\/div>    <h2 class=\"wp-block-heading\">Comment entretenir la machine \u00e0 semer la p\u00e9pini\u00e8re?<\/h2>    <div class=\"wp-block-media-text is-stacked-on-mobile\"><figure class=\"wp-block-media-text__media\"><img loading=\"lazy\" decoding=\"async\" width=\"720\" height=\"540\" src=\"https:\/\/taizyfarmequipment.com\/wp-content\/uploads\/2024\/03\/Nursery-seeding-machine-1.webp\" alt=\"Semoir de p\u00e9pini\u00e8re\" class=\"wp-image-4462 size-full\" srcset=\"https:\/\/taizyfarmequipment.com\/wp-content\/uploads\/2024\/03\/Nursery-seeding-machine-1.webp 720w, https:\/\/taizyfarmequipment.com\/wp-content\/uploads\/2024\/03\/Nursery-seeding-machine-1-300x225.webp 300w, https:\/\/taizyfarmequipment.com\/wp-content\/uploads\/2024\/03\/Nursery-seeding-machine-1-16x12.webp 16w\" sizes=\"auto, (max-width: 720px) 100vw, 720px\" \/><\/figure><div class=\"wp-block-media-text__content\"> <ul class=\"wp-block-list\"> <li>Stockez correctement les graines de surplus et nettoyez la machine apr\u00e8s chaque s\u00e9ance de plantation.<\/li>    <li>Si la machine reste inutilis\u00e9e pendant longtemps, nettoyez-la soigneusement avant le stockage.<\/li>    <li>Appliquez de l'huile de moteur sur les composants de liaison et de la graisse sur la cha\u00eene et la roue pour \u00e9viter l'usure.<\/li>    <li>Gardez la machine dans une zone s\u00e8che et bien ventil\u00e9e pour \u00e9viter les dommages caus\u00e9s par l'humidit\u00e9.<\/li>    <li>Lubrifiez r\u00e9guli\u00e8rement l'arbre \u00e0 cames et la liaison dans la zone de semis pour assurer un fonctionnement en douceur.<\/li> <\/ul> <\/div><\/div>    <h2 class=\"wp-block-heading\">Investissez dans notre machine \u00e0 semis de p\u00e9pini\u00e8re<\/h2>    <p>Si vous \u00eates \u00e0 la recherche d'une machine de plantation fiable, nous vous invitons sinc\u00e8rement \u00e0 nous contacter pour en savoir plus sur notre machine \u00e0 semis de p\u00e9pini\u00e8re et pour demander un devis. Travaillons ensemble pour cr\u00e9er une solution de plantation efficace et durable, vous aidant \u00e0 obtenir plus de succ\u00e8s\u00a0!<\/p>    <p class=\"translation-block\">De plus, nous proposons d'autres mod\u00e8les de <a href=\"https:\/\/taizyfarmequipment.com\/fr\/produit-2\/machine-delevage-de-pepiniere\/\" data-type=\"link\" data-id=\"https:\/\/taizyfarmequipment.com\/product\/nursery-raising-machine\/\">machines de semis pour p\u00e9pini\u00e8res<\/a> pour r\u00e9pondre aux diff\u00e9rents besoins des clients. Que vous ayez besoin d'une plus grande capacit\u00e9, d'une vitesse plus \u00e9lev\u00e9e ou de fonctionnalit\u00e9s sp\u00e9cifiques, nous avons des options adapt\u00e9es pour vous. N'h\u00e9sitez pas \u00e0 consulter notre \u00e9quipe commerciale pour plus d'options et des recommandations personnalis\u00e9es.<\/p>","protected":false},"excerpt":{"rendered":"<p>Notre machine \u00e0 semis de p\u00e9pini\u00e8re compatible PLC peut am\u00e9liorer la pr\u00e9cision et l'efficacit\u00e9 de la culture de p\u00e9pini\u00e8res modernes.<\/p>","protected":false},"author":1,"featured_media":4467,"parent":0,"template":"","tags":[339],"product-type":[134],"class_list":["post-4458","product","type-product","status-publish","has-post-thumbnail","hentry","tag-nursery-seeding-machine","product-type-nursery-transplanter"],"_links":{"self":[{"href":"https:\/\/taizyfarmequipment.com\/fr\/wp-json\/wp\/v2\/product\/4458","targetHints":{"allow":["GET"]}}],"collection":[{"href":"https:\/\/taizyfarmequipment.com\/fr\/wp-json\/wp\/v2\/product"}],"about":[{"href":"https:\/\/taizyfarmequipment.com\/fr\/wp-json\/wp\/v2\/types\/product"}],"author":[{"embeddable":true,"href":"https:\/\/taizyfarmequipment.com\/fr\/wp-json\/wp\/v2\/users\/1"}],"wp:featuredmedia":[{"embeddable":true,"href":"https:\/\/taizyfarmequipment.com\/fr\/wp-json\/wp\/v2\/media\/4467"}],"wp:attachment":[{"href":"https:\/\/taizyfarmequipment.com\/fr\/wp-json\/wp\/v2\/media?parent=4458"}],"wp:term":[{"taxonomy":"post_tag","embeddable":true,"href":"https:\/\/taizyfarmequipment.com\/fr\/wp-json\/wp\/v2\/tags?post=4458"},{"taxonomy":"product-type","embeddable":true,"href":"https:\/\/taizyfarmequipment.com\/fr\/wp-json\/wp\/v2\/product-type?post=4458"}],"curies":[{"name":"wp","href":"https:\/\/api.w.org\/{rel}","templated":true}]}}