{"id":5063,"date":"2026-04-08T16:36:29","date_gmt":"2026-04-08T08:36:29","guid":{"rendered":"https:\/\/taizyfarmequipment.com\/?post_type=product&#038;p=5063"},"modified":"2026-04-08T16:48:22","modified_gmt":"2026-04-08T08:48:22","slug":"manure-cleaning-machine","status":"publish","type":"product","link":"https:\/\/taizyfarmequipment.com\/fr\/product\/manure-cleaning-machine\/","title":{"rendered":"Machine de nettoyage des d\u00e9jections"},"content":{"rendered":"<div class=\"kk-star-ratings kksr-auto kksr-align-left kksr-valign-top\"     data-payload='{&quot;align&quot;:&quot;left&quot;,&quot;id&quot;:&quot;5063&quot;,&quot;slug&quot;:&quot;default&quot;,&quot;valign&quot;:&quot;top&quot;,&quot;ignore&quot;:&quot;&quot;,&quot;reference&quot;:&quot;auto&quot;,&quot;class&quot;:&quot;&quot;,&quot;count&quot;:&quot;0&quot;,&quot;legendonly&quot;:&quot;&quot;,&quot;readonly&quot;:&quot;&quot;,&quot;score&quot;:&quot;0&quot;,&quot;starsonly&quot;:&quot;&quot;,&quot;best&quot;:&quot;5&quot;,&quot;gap&quot;:&quot;5&quot;,&quot;greet&quot;:&quot;Rate this product&quot;,&quot;legend&quot;:&quot;0\\\/5 - (0 vote)&quot;,&quot;size&quot;:&quot;24&quot;,&quot;title&quot;:&quot;Manure cleaning machine&quot;,&quot;width&quot;:&quot;0&quot;,&quot;_legend&quot;:&quot;{score}\\\/{best} - ({count} {votes})&quot;,&quot;font_factor&quot;:&quot;1.25&quot;}'>              <div class=\"kksr-stars\">      <div class=\"kksr-stars-inactive\">             <div class=\"kksr-star\" data-star=\"1\" style=\"padding-right: 5px\">               <div class=\"kksr-icon\" style=\"width: 24px; height: 24px;\"><\/div>         <\/div>             <div class=\"kksr-star\" data-star=\"2\" style=\"padding-right: 5px\">               <div class=\"kksr-icon\" style=\"width: 24px; height: 24px;\"><\/div>         <\/div>             <div class=\"kksr-star\" data-star=\"3\" style=\"padding-right: 5px\">               <div class=\"kksr-icon\" style=\"width: 24px; height: 24px;\"><\/div>         <\/div>             <div class=\"kksr-star\" data-star=\"4\" style=\"padding-right: 5px\">               <div class=\"kksr-icon\" style=\"width: 24px; height: 24px;\"><\/div>         <\/div>             <div class=\"kksr-star\" data-star=\"5\" style=\"padding-right: 5px\">               <div class=\"kksr-icon\" style=\"width: 24px; height: 24px;\"><\/div>         <\/div>     <\/div>      <div class=\"kksr-stars-active\" style=\"width: 0px;\">             <div class=\"kksr-star\" style=\"padding-right: 5px\">               <div class=\"kksr-icon\" style=\"width: 24px; height: 24px;\"><\/div>         <\/div>             <div class=\"kksr-star\" style=\"padding-right: 5px\">               <div class=\"kksr-icon\" style=\"width: 24px; height: 24px;\"><\/div>         <\/div>             <div class=\"kksr-star\" style=\"padding-right: 5px\">               <div class=\"kksr-icon\" style=\"width: 24px; height: 24px;\"><\/div>         <\/div>             <div class=\"kksr-star\" style=\"padding-right: 5px\">               <div class=\"kksr-icon\" style=\"width: 24px; height: 24px;\"><\/div>         <\/div>             <div class=\"kksr-star\" style=\"padding-right: 5px\">               <div class=\"kksr-icon\" style=\"width: 24px; height: 24px;\"><\/div>         <\/div>     <\/div> <\/div>                   <div class=\"kksr-legend\" style=\"font-size: 19.2px;\">             <span class=\"kksr-muted\">\u00c9valuez ce produit<\/span>     <\/div>     <\/div>  <p class=\"translation-block\">La machine de nettoyage du fumier collecte, transporte et \u00e9limine efficacement les d\u00e9chets animaux, am\u00e9liorant l'hygi\u00e8ne et l'efficacit\u00e9 op\u00e9rationnelle dans les fermes d'\u00e9levage. Elle convient aux fermes avicoles, laiti\u00e8res, porcines, ovines et caprines, ainsi qu'\u00e0 d'autres op\u00e9rations d'\u00e9levage intensif. Nous proposons trois mod\u00e8les \u2014<strong>QF-2, QF-3, et QF-5<\/strong>\u2014 pour r\u00e9pondre \u00e0 diff\u00e9rentes tailles de ferme et capacit\u00e9s de traitement, des petits hangars avec des all\u00e9es \u00e9troites aux op\u00e9rations \u00e0 grande \u00e9chelle \u00e0 haute capacit\u00e9.<\/p>    <p>La machine de nettoyage du fumier automatis\u00e9e utilise des m\u00e9canismes int\u00e9gr\u00e9s tels que des vis, des racleurs \u00e0 cha\u00eene et une bascule hydraulique pour une d\u00e9charge rapide. Ses principaux avantages incluent le maintien d'environnements de hangar propres, la r\u00e9duction des co\u00fbts de main-d'\u0153uvre, la diminution des risques de maladies, la minimisation des \u00e9missions de gaz nocifs, et le soutien \u00e0 la collecte centralis\u00e9e du fumier pour la fabrication d'engrais organique. Id\u00e9al pour les op\u00e9rations d'\u00e9levage intensif et toutes tailles de fermes, il assure une gestion efficace des d\u00e9chets tout en am\u00e9liorant la productivit\u00e9 globale de la ferme.<\/p>    <figure class=\"wp-block-embed is-type-video is-provider-youtube wp-block-embed-youtube wp-embed-aspect-9-16 wp-has-aspect-ratio\"><div class=\"wp-block-embed__wrapper\"> <iframe loading=\"lazy\" title=\"Processus de fonctionnement de la machine de nettoyage du fumier expliqu\u00e9 #fumier #\u00e9levage #agriculture #nettoyage\" width=\"422\" height=\"750\" src=\"https:\/\/www.youtube.com\/embed\/Dk2twr279no?feature=oembed\" frameborder=\"0\" allow=\"accelerometer; autoplay; clipboard-write; encrypted-media; gyroscope; picture-in-picture; web-share\" referrerpolicy=\"strict-origin-when-cross-origin\" allowfullscreen><\/iframe> <\/div><figcaption class=\"wp-element-caption\">Vid\u00e9o de fonctionnement de la machine de nettoyage du fumier<\/figcaption><\/figure>    <h2 class=\"wp-block-heading\">Avantages de la machine de nettoyage du fumier<\/h2>    <ul class=\"wp-block-list\"> <li><strong>Haute efficacit\u00e9 et \u00e9conomie de main-d'\u0153uvre<\/strong> <ul class=\"wp-block-list\"> <li>Automatise la collecte, le transport et le d\u00e9chargement du fumier, rempla\u00e7ant le travail manuel. Il ne faut que 3-8 minutes par chargement, am\u00e9liorant consid\u00e9rablement l'efficacit\u00e9 du nettoyage et r\u00e9duisant fortement les co\u00fbts de main-d'\u0153uvre.<\/li> <\/ul> <\/li>    <li><strong>Environnement plus sain pour le b\u00e9tail<\/strong> <ul class=\"wp-block-list\"> <li>\u00c9limine le fumier \u00e0 temps pour r\u00e9duire les \u00e9missions d'ammoniac et de gaz nocifs. Il minimise les maladies respiratoires, la pourriture des pieds et autres infections, cr\u00e9ant un espace hygi\u00e9nique qui stimule la taux de croissance et le bien-\u00eatre du b\u00e9tail.<\/li> <\/ul> <\/li>    <li><strong>Utilisation des ressources<\/strong> <ul class=\"wp-block-list\"> <li>Centralise la collecte du fumier pour un traitement facile en engrais organique, transformant les d\u00e9chets en ressources pr\u00e9cieuses pour la ferme tout en respectant les r\u00e9glementations environnementales.<\/li> <\/ul> <\/li>    <li><strong>Durable et facile \u00e0 utiliser<\/strong> <ul class=\"wp-block-list\"> <li>\u00c9quip\u00e9e de racleurs \u00e0 cha\u00eene r\u00e9sistants \u00e0 l'usure, de vis sans fin et de syst\u00e8mes hydrauliques. Les mod\u00e8les disposent d'une variation de vitesse sans palier et d'un ch\u00e2ssis de chargeur pour une op\u00e9ration stable dans des environnements de hangar difficiles. Une op\u00e9ration simple adapt\u00e9e \u00e0 diverses \u00e9chelles de ferme.<\/li> <\/ul> <\/li>    <li><strong>Adaptabilit\u00e9 multi-sc\u00e9narios<\/strong> <ul class=\"wp-block-list\"> <li>Disponible en versions compactes \u00e0 trois roues (largeur de nettoyage de 900mm, bac de 3m\u00b3) et en versions robustes \u00e0 quatre roues (largeur de 2000mm, 5m\u00b3). S'adapte parfaitement aux fermes de bovins, laiti\u00e8res, porcines et ovines avec des all\u00e9es en b\u00e9ton ou en hangar compact.<\/li> <\/ul> <\/li> <\/ul>    <figure class=\"wp-block-gallery has-nested-images columns-default is-cropped wp-block-gallery-2 is-layout-flex wp-block-gallery-is-layout-flex\"> <figure class=\"wp-block-image size-large\"><img loading=\"lazy\" decoding=\"async\" width=\"720\" height=\"540\" data-id=\"5067\" src=\"https:\/\/taizyfarmequipment.com\/wp-content\/uploads\/2026\/04\/cows.webp\" alt=\"vaches\" class=\"wp-image-5067\" srcset=\"https:\/\/taizyfarmequipment.com\/wp-content\/uploads\/2026\/04\/cows.webp 720w, https:\/\/taizyfarmequipment.com\/wp-content\/uploads\/2026\/04\/cows-300x225.webp 300w, https:\/\/taizyfarmequipment.com\/wp-content\/uploads\/2026\/04\/cows-16x12.webp 16w\" sizes=\"auto, (max-width: 720px) 100vw, 720px\" \/><figcaption class=\"wp-element-caption\">vaches<\/figcaption><\/figure>    <figure class=\"wp-block-image size-large\"><img loading=\"lazy\" decoding=\"async\" width=\"720\" height=\"540\" data-id=\"5066\" src=\"https:\/\/taizyfarmequipment.com\/wp-content\/uploads\/2026\/04\/automatic-manure-scraper.webp\" alt=\"Racleur automatique de fumier\" class=\"wp-image-5066\" srcset=\"https:\/\/taizyfarmequipment.com\/wp-content\/uploads\/2026\/04\/automatic-manure-scraper.webp 720w, https:\/\/taizyfarmequipment.com\/wp-content\/uploads\/2026\/04\/automatic-manure-scraper-300x225.webp 300w, https:\/\/taizyfarmequipment.com\/wp-content\/uploads\/2026\/04\/automatic-manure-scraper-16x12.webp 16w\" sizes=\"auto, (max-width: 720px) 100vw, 720px\" \/><figcaption class=\"wp-element-caption\">Racleur automatique de fumier<\/figcaption><\/figure> <\/figure>    <h2 class=\"wp-block-heading\">Comment fonctionne la machine de nettoyage du fumier de vache ?<\/h2>    <p>Une machine de nettoyage de fumier fonctionne gr\u00e2ce \u00e0 un flux de travail enti\u00e8rement int\u00e9gr\u00e9 et automatis\u00e9 pour rationaliser la gestion du fumier dans les \u00e9tables. Tout d'abord, la machine avance lentement le long de l'all\u00e9e de l'\u00e9table, o\u00f9 son m\u00e9canisme de vis ou de racleur mont\u00e9 \u00e0 l'avant balaie et collecte le fumier du sol, d\u00e9composant les d\u00e9chets compact\u00e9s pour garantir un nettoyage complet. Le fumier collect\u00e9 est ensuite soulev\u00e9 par un syst\u00e8me de convoyeur \u00e0 racleur \u00e0 cha\u00eene dans la tr\u00e9mie \u00e0 bord (avec des capacit\u00e9s allant de 2m\u00b3 \u00e0 5m\u00b3) pour un stockage centralis\u00e9. <\/p>    <p>Une fois le bac plein, le v\u00e9hicule transporte le fumier vers une zone de traitement ou de stockage d\u00e9sign\u00e9e, et le syst\u00e8me de basculement hydraulique d\u00e9charge automatiquement les d\u00e9chets en quelques secondes, \u00e9liminant la manipulation manuelle. Aliment\u00e9e par des moteurs diesel fiables, la machine dispose d'une variation de vitesse sans paliers et d'une op\u00e9ration enti\u00e8rement hydraulique pour un mouvement et un fonctionnement fluides et efficaces, rendant tout le processus de nettoyage continu, sans effort et tr\u00e8s efficace.<\/p>    <figure class=\"wp-block-image size-full\"><img loading=\"lazy\" decoding=\"async\" width=\"720\" height=\"540\" src=\"https:\/\/taizyfarmequipment.com\/wp-content\/uploads\/2026\/04\/pig-dung-cleaning-machine.webp\" alt=\"Machine de nettoyage des d\u00e9jections de porc\" class=\"wp-image-5072\" srcset=\"https:\/\/taizyfarmequipment.com\/wp-content\/uploads\/2026\/04\/pig-dung-cleaning-machine.webp 720w, https:\/\/taizyfarmequipment.com\/wp-content\/uploads\/2026\/04\/pig-dung-cleaning-machine-300x225.webp 300w, https:\/\/taizyfarmequipment.com\/wp-content\/uploads\/2026\/04\/pig-dung-cleaning-machine-16x12.webp 16w\" sizes=\"auto, (max-width: 720px) 100vw, 720px\" \/><figcaption class=\"wp-element-caption\">Machine de nettoyage des d\u00e9jections de porc<\/figcaption><\/figure>    <h2 class=\"wp-block-heading\">Param\u00e8tres de la machine de nettoyage du fumier<\/h2>    <div class=\"wp-block-media-text is-stacked-on-mobile\"><figure class=\"wp-block-media-text__media\"><img loading=\"lazy\" decoding=\"async\" width=\"720\" height=\"540\" src=\"https:\/\/taizyfarmequipment.com\/wp-content\/uploads\/2026\/04\/cow-manure-cleaning-machine.webp\" alt=\"Machine de nettoyage du fumier de vache\" class=\"wp-image-5069 size-full\" srcset=\"https:\/\/taizyfarmequipment.com\/wp-content\/uploads\/2026\/04\/cow-manure-cleaning-machine.webp 720w, https:\/\/taizyfarmequipment.com\/wp-content\/uploads\/2026\/04\/cow-manure-cleaning-machine-300x225.webp 300w, https:\/\/taizyfarmequipment.com\/wp-content\/uploads\/2026\/04\/cow-manure-cleaning-machine-16x12.webp 16w\" sizes=\"auto, (max-width: 720px) 100vw, 720px\" \/><\/figure><div class=\"wp-block-media-text__content\"> <ul class=\"wp-block-list\"> <li><strong>Mod\u00e8le<\/strong>: QF-2 <\/li>    <li><strong>Puissance nominale<\/strong>: 13.24 Kw <\/li>    <li><strong>Dimensions globales (L\u00d7l\u00d7H)<\/strong>: 3600*1470*2050 mm <\/li>    <li><strong>Largeur d'ouverture d'alimentation<\/strong>: 900 mm <\/li>    <li><strong>Dimensions du bac (L\u00d7l\u00d7H)<\/strong>: 1500*1400*750 mm <\/li>    <li><strong>Taille d'entr\u00e9e du convoyeur (L\u00d7l)<\/strong>: 200*250 mm <\/li> <\/ul> <\/div><\/div>    <div class=\"wp-block-media-text has-media-on-the-right is-stacked-on-mobile\"><div class=\"wp-block-media-text__content\"> <ul class=\"wp-block-list\"> <li><strong>Mod\u00e8le<\/strong>: QF-3<\/li>    <li><strong>Dimensions globales<\/strong>: 4500*1450*2450mm <\/li>    <li><strong>Puissance de la courroie<\/strong>: Moteur Diesel 25HP<\/li>    <li><strong>Puissance de d\u00e9placement<\/strong>: Ch\u00e2ssis \u00e0 trois roues <\/li>    <li><strong>Efficacit\u00e9 de travail<\/strong>: 3-5 minutes par v\u00e9hicule <\/li>    <li><strong>Capacit\u00e9 du bac<\/strong>: 3 m\u00e8tres cubes<\/li> <\/ul> <\/div><figure class=\"wp-block-media-text__media\"><img loading=\"lazy\" decoding=\"async\" width=\"720\" height=\"540\" src=\"https:\/\/taizyfarmequipment.com\/wp-content\/uploads\/2026\/04\/cattle-manure-cleaning-machine-factory.webp\" alt=\"Usine de machines de nettoyage du fumier bovin\" class=\"wp-image-5068 size-full\" srcset=\"https:\/\/taizyfarmequipment.com\/wp-content\/uploads\/2026\/04\/cattle-manure-cleaning-machine-factory.webp 720w, https:\/\/taizyfarmequipment.com\/wp-content\/uploads\/2026\/04\/cattle-manure-cleaning-machine-factory-300x225.webp 300w, https:\/\/taizyfarmequipment.com\/wp-content\/uploads\/2026\/04\/cattle-manure-cleaning-machine-factory-16x12.webp 16w\" sizes=\"auto, (max-width: 720px) 100vw, 720px\" \/><\/figure><\/div>    <div class=\"wp-block-media-text is-stacked-on-mobile\"><figure class=\"wp-block-media-text__media\"><img loading=\"lazy\" decoding=\"async\" width=\"720\" height=\"540\" src=\"https:\/\/taizyfarmequipment.com\/wp-content\/uploads\/2026\/04\/Manure-cleaning-machine-sale.webp\" alt=\"Vente de machines de nettoyage du fumier\" class=\"wp-image-5070 size-full\" srcset=\"https:\/\/taizyfarmequipment.com\/wp-content\/uploads\/2026\/04\/Manure-cleaning-machine-sale.webp 720w, https:\/\/taizyfarmequipment.com\/wp-content\/uploads\/2026\/04\/Manure-cleaning-machine-sale-300x225.webp 300w, https:\/\/taizyfarmequipment.com\/wp-content\/uploads\/2026\/04\/Manure-cleaning-machine-sale-16x12.webp 16w\" sizes=\"auto, (max-width: 720px) 100vw, 720px\" \/><\/figure><div class=\"wp-block-media-text__content\"> <ul class=\"wp-block-list\"> <li><strong>Mod\u00e8le<\/strong>: QF-5 <\/li>    <li><strong>Capacit\u00e9 du bac<\/strong>: 5 m\u00b3 <\/li>    <li><strong>Dimensions globales (L\u00d7l\u00d7H)<\/strong>: 5200*2200*2600 mm <\/li>    <li><strong>Dimensions de la bo\u00eete (L\u00d7l\u00d7H)<\/strong>: 2850*1800*1150 mm <\/li>    <li><strong>Largeur de nettoyage du fumier<\/strong>: 2000 mm <\/li>    <li><strong>Vitesse de nettoyage du fumier<\/strong>: 5-8 minutes par v\u00e9hicule (selon l'\u00e9paisseur de la couche de fumier) <\/li>    <li><strong>Poids structurel<\/strong>: 3500 kg <\/li>    <li><strong>Vitesse de d\u00e9placement<\/strong>: \u226430 Km\/h <\/li>    <li><strong>Quantit\u00e9 de pneus<\/strong>: 4 pneus<\/li> <\/ul> <\/div><\/div>    <h2 class=\"wp-block-heading\">Cas clients du racleur de fumier<\/h2>    <p class=\"translation-block\">Une ferme laiti\u00e8re en <strong>Allemagne<\/strong> avec plus de 500 vaches d\u00e9pendait auparavant du nettoyage manuel, n\u00e9cessitant plusieurs travailleurs et prenant plusieurs heures chaque jour. Apr\u00e8s avoir utilis\u00e9 notre grattoir \u00e0 fumier, tout le travail de nettoyage est devenu m\u00e9canis\u00e9 et efficace. Le syst\u00e8me automatique de collecte et de transport a consid\u00e9rablement r\u00e9duit la main-d'\u0153uvre et raccourci le temps de nettoyage quotidien.<\/p>    <p class=\"translation-block\">De nombreux \u00e9leveurs dans <strong>les Pays-Bas, la France et la Pologne<\/strong> ont \u00e9galement partag\u00e9 des retours positifs apr\u00e8s l'utilisation de la machine. Un nettoyage du fumier en temps voulu a grandement am\u00e9lior\u00e9 l'hygi\u00e8ne du hangar, r\u00e9duit les gaz nocifs et abaiss\u00e9 efficacement le taux de maladies du b\u00e9tail. Avec une efficacit\u00e9 accrue et des co\u00fbts d'exploitation plus faibles, la grattoir \u00e0 fumier est devenue largement utilis\u00e9e dans de grandes fermes de bovins, porcs et ovins \u00e0 travers l'Europe.<\/p>    <figure class=\"wp-block-image size-full\"><img loading=\"lazy\" decoding=\"async\" width=\"720\" height=\"540\" src=\"https:\/\/taizyfarmequipment.com\/wp-content\/uploads\/2026\/04\/pigs.webp\" alt=\"porcs\" class=\"wp-image-5071\" srcset=\"https:\/\/taizyfarmequipment.com\/wp-content\/uploads\/2026\/04\/pigs.webp 720w, https:\/\/taizyfarmequipment.com\/wp-content\/uploads\/2026\/04\/pigs-300x225.webp 300w, https:\/\/taizyfarmequipment.com\/wp-content\/uploads\/2026\/04\/pigs-16x12.webp 16w\" sizes=\"auto, (max-width: 720px) 100vw, 720px\" \/><figcaption class=\"wp-element-caption\">porcs<\/figcaption><\/figure>    <h2 class=\"wp-block-heading\">\u00c9quipement de support de la machine de nettoyage du fumier<\/h2>    <p class=\"translation-block\">La machine de nettoyage du fumier peut \u00eatre utilis\u00e9e conjointement avec un <a href=\"https:\/\/taizyfarmequipment.com\/fr\/produit-2\/epandeur-de-silage\/\" data-type=\"link\" data-id=\"https:\/\/taizyfarmequipment.com\/product\/silage-spreader-machine\/\">v\u00e9hicule de distribution d'aliments<\/a> pour am\u00e9liorer l'efficacit\u00e9 de la ferme. Pendant que le nettoyeur de fumier \u00e9limine les d\u00e9chets et maintient le hangar hygi\u00e9nique, le v\u00e9hicule de distribution livre uniform\u00e9ment la nourriture au b\u00e9tail. Cette combinaison \u00ab nettoyage   alimentation \u00bb r\u00e9duit la main-d'\u0153uvre, am\u00e9liore l'efficacit\u00e9 de la gestion, et est id\u00e9ale pour les fermes modernes \u00e0 grande \u00e9chelle.<\/p>    <figure class=\"wp-block-image size-full\"><img loading=\"lazy\" decoding=\"async\" width=\"720\" height=\"540\" src=\"https:\/\/taizyfarmequipment.com\/wp-content\/uploads\/2024\/02\/Diesel-Silage-Spreader-2.webp\" alt=\"\u00c9pandeur d&#039;ensilage diesel\" class=\"wp-image-4940\" srcset=\"https:\/\/taizyfarmequipment.com\/wp-content\/uploads\/2024\/02\/Diesel-Silage-Spreader-2.webp 720w, https:\/\/taizyfarmequipment.com\/wp-content\/uploads\/2024\/02\/Diesel-Silage-Spreader-2-300x225.webp 300w, https:\/\/taizyfarmequipment.com\/wp-content\/uploads\/2024\/02\/Diesel-Silage-Spreader-2-16x12.webp 16w\" sizes=\"auto, (max-width: 720px) 100vw, 720px\" \/><figcaption class=\"wp-element-caption\">\u00c9pandeur d'ensilage diesel<\/figcaption><\/figure>    <h2 class=\"wp-block-heading\">Conclusion<\/h2>    <p>La machine de nettoyage du fumier bovin peut rationaliser vos op\u00e9rations quotidiennes, am\u00e9liorer l'hygi\u00e8ne du hangar et augmenter votre rentabilit\u00e9. Contactez-nous d\u00e8s aujourd'hui pour un devis personnalis\u00e9, des sp\u00e9cifications techniques d\u00e9taill\u00e9es et des prix exclusifs \u2014 construisons ensemble un avenir plus efficace et rentable pour votre ferme.<\/p>","protected":false},"excerpt":{"rendered":"<p>La machine de nettoyage du fumier collecte, transporte et \u00e9limine efficacement les d\u00e9chets animaux, am\u00e9liorant l'hygi\u00e8ne et l'efficacit\u00e9 op\u00e9rationnelle dans les fermes d'\u00e9levage et avicoles.<\/p>","protected":false},"author":1,"featured_media":5065,"parent":0,"template":"","tags":[345],"product-type":[133],"class_list":["post-5063","product","type-product","status-publish","has-post-thumbnail","hentry","tag-manure-cleaning-machine","product-type-silage-machine"],"_links":{"self":[{"href":"https:\/\/taizyfarmequipment.com\/fr\/wp-json\/wp\/v2\/product\/5063","targetHints":{"allow":["GET"]}}],"collection":[{"href":"https:\/\/taizyfarmequipment.com\/fr\/wp-json\/wp\/v2\/product"}],"about":[{"href":"https:\/\/taizyfarmequipment.com\/fr\/wp-json\/wp\/v2\/types\/product"}],"author":[{"embeddable":true,"href":"https:\/\/taizyfarmequipment.com\/fr\/wp-json\/wp\/v2\/users\/1"}],"wp:featuredmedia":[{"embeddable":true,"href":"https:\/\/taizyfarmequipment.com\/fr\/wp-json\/wp\/v2\/media\/5065"}],"wp:attachment":[{"href":"https:\/\/taizyfarmequipment.com\/fr\/wp-json\/wp\/v2\/media?parent=5063"}],"wp:term":[{"taxonomy":"post_tag","embeddable":true,"href":"https:\/\/taizyfarmequipment.com\/fr\/wp-json\/wp\/v2\/tags?post=5063"},{"taxonomy":"product-type","embeddable":true,"href":"https:\/\/taizyfarmequipment.com\/fr\/wp-json\/wp\/v2\/product-type?post=5063"}],"curies":[{"name":"wp","href":"https:\/\/api.w.org\/{rel}","templated":true}]}}