{"id":5074,"date":"2026-04-21T17:43:26","date_gmt":"2026-04-21T09:43:26","guid":{"rendered":"https:\/\/taizyfarmequipment.com\/?post_type=product&#038;p=5074"},"modified":"2026-04-21T17:59:49","modified_gmt":"2026-04-21T09:59:49","slug":"feed-pellet-making-machine-plant","status":"publish","type":"product","link":"https:\/\/taizyfarmequipment.com\/fr\/product\/feed-pellet-making-machine-plant\/","title":{"rendered":"Usine de fabrication de granul\u00e9s pour aliment"},"content":{"rendered":"<div class=\"kk-star-ratings kksr-auto kksr-align-left kksr-valign-top\"     data-payload='{&quot;align&quot;:&quot;left&quot;,&quot;id&quot;:&quot;5074&quot;,&quot;slug&quot;:&quot;default&quot;,&quot;valign&quot;:&quot;top&quot;,&quot;ignore&quot;:&quot;&quot;,&quot;reference&quot;:&quot;auto&quot;,&quot;class&quot;:&quot;&quot;,&quot;count&quot;:&quot;0&quot;,&quot;legendonly&quot;:&quot;&quot;,&quot;readonly&quot;:&quot;&quot;,&quot;score&quot;:&quot;0&quot;,&quot;starsonly&quot;:&quot;&quot;,&quot;best&quot;:&quot;5&quot;,&quot;gap&quot;:&quot;5&quot;,&quot;greet&quot;:&quot;Rate this product&quot;,&quot;legend&quot;:&quot;0\\\/5 - (0 vote)&quot;,&quot;size&quot;:&quot;24&quot;,&quot;title&quot;:&quot;Feed pellet making machine plant&quot;,&quot;width&quot;:&quot;0&quot;,&quot;_legend&quot;:&quot;{score}\\\/{best} - ({count} {votes})&quot;,&quot;font_factor&quot;:&quot;1.25&quot;}'>              <div class=\"kksr-stars\">      <div class=\"kksr-stars-inactive\">             <div class=\"kksr-star\" data-star=\"1\" style=\"padding-right: 5px\">               <div class=\"kksr-icon\" style=\"width: 24px; height: 24px;\"><\/div>         <\/div>             <div class=\"kksr-star\" data-star=\"2\" style=\"padding-right: 5px\">               <div class=\"kksr-icon\" style=\"width: 24px; height: 24px;\"><\/div>         <\/div>             <div class=\"kksr-star\" data-star=\"3\" style=\"padding-right: 5px\">               <div class=\"kksr-icon\" style=\"width: 24px; height: 24px;\"><\/div>         <\/div>             <div class=\"kksr-star\" data-star=\"4\" style=\"padding-right: 5px\">               <div class=\"kksr-icon\" style=\"width: 24px; height: 24px;\"><\/div>         <\/div>             <div class=\"kksr-star\" data-star=\"5\" style=\"padding-right: 5px\">               <div class=\"kksr-icon\" style=\"width: 24px; height: 24px;\"><\/div>         <\/div>     <\/div>      <div class=\"kksr-stars-active\" style=\"width: 0px;\">             <div class=\"kksr-star\" style=\"padding-right: 5px\">               <div class=\"kksr-icon\" style=\"width: 24px; height: 24px;\"><\/div>         <\/div>             <div class=\"kksr-star\" style=\"padding-right: 5px\">               <div class=\"kksr-icon\" style=\"width: 24px; height: 24px;\"><\/div>         <\/div>             <div class=\"kksr-star\" style=\"padding-right: 5px\">               <div class=\"kksr-icon\" style=\"width: 24px; height: 24px;\"><\/div>         <\/div>             <div class=\"kksr-star\" style=\"padding-right: 5px\">               <div class=\"kksr-icon\" style=\"width: 24px; height: 24px;\"><\/div>         <\/div>             <div class=\"kksr-star\" style=\"padding-right: 5px\">               <div class=\"kksr-icon\" style=\"width: 24px; height: 24px;\"><\/div>         <\/div>     <\/div> <\/div>                   <div class=\"kksr-legend\" style=\"font-size: 19.2px;\">             <span class=\"kksr-muted\">\u00c9valuez ce produit<\/span>     <\/div>     <\/div>  <p class=\"translation-block\">L'usine de fabrication de pellets d'alimentation est un syst\u00e8me de production automatique avanc\u00e9 largement utilis\u00e9 dans le traitement des pellets pour b\u00e9tail et volaille. Elle est particuli\u00e8rement adapt\u00e9e aux usines de production de taille moyenne et grande ainsi qu'aux fermes d'\u00e9levage gr\u00e2ce \u00e0 son efficacit\u00e9 \u00e9lev\u00e9e, sa performance stable et sa forte adaptabilit\u00e9 \u00e0 diff\u00e9rentes mati\u00e8res premi\u00e8res. La capacit\u00e9 de production varie de <strong>80\u20131200 kg\/h<\/strong>, r\u00e9pondant \u00e0 diverses exigences de production.<\/p>    <p>La ligne de production peut traiter le ma\u00efs, le bl\u00e9, les haricots et la farine de graines ol\u00e9agineuses, assurant une excellente polyvalence des mati\u00e8res premi\u00e8res et une qualit\u00e9 constante des pellets pour diverses formulations d'aliments. Avec un haut niveau d'automatisation et une faible consommation d'\u00e9nergie, elle am\u00e9liore consid\u00e9rablement la productivit\u00e9 tout en r\u00e9duisant la main-d'\u0153uvre.<\/p>    <p>Le syst\u00e8me complet int\u00e8gre quatre processus cl\u00e9s : broyage, m\u00e9lange, pelletisation et emballage. Cette usine de fabrication de pellets d'alimentation est une solution id\u00e9ale pour la production moderne, offrant \u00e0 la fois la capacit\u00e9 de traitement en poudre et en pellets tout en aidant les entreprises \u00e0 augmenter leur production et r\u00e9duire leurs co\u00fbts op\u00e9rationnels.<\/p>    <figure class=\"wp-block-embed is-type-video is-provider-youtube wp-block-embed-youtube wp-embed-aspect-9-16 wp-has-aspect-ratio\"><div class=\"wp-block-embed__wrapper\"> <iframe loading=\"lazy\" title=\"Ligne de production compl\u00e8te de pellets d&#039;alimentation pour une \u00e9levage efficace #alimentation #pelletmoulin #agriculture\" width=\"422\" height=\"750\" src=\"https:\/\/www.youtube.com\/embed\/7M5dzyUklzo?feature=oembed\" frameborder=\"0\" allow=\"accelerometer; autoplay; clipboard-write; encrypted-media; gyroscope; picture-in-picture; web-share\" referrerpolicy=\"strict-origin-when-cross-origin\" allowfullscreen><\/iframe> <\/div><figcaption class=\"wp-element-caption\">Vid\u00e9o de fonctionnement de l'usine de fabrication de pellets d'alimentation<\/figcaption><\/figure>    <h2 class=\"wp-block-heading\">Applications de l'usine de fabrication de pellets d'alimentation<\/h2>    <p class=\"translation-block\">L' <strong>usine de fabrication de pellets d'alimentation<\/strong> peut produire des pellets d'alimentation de haute qualit\u00e9 adapt\u00e9s \u00e0 une large gamme d'animaux, la rendant tr\u00e8s polyvalente pour diff\u00e9rents besoins agricoles. Elle est couramment utilis\u00e9e pour produire de l'alimentation pour la volaille comme les poulets, canards, et oies, ainsi que pour le b\u00e9tail incluant bovins, moutons, ch\u00e8vres et porcs. <\/p>    <p>De plus, en ajustant la formule et la taille des pellets, la ligne de production peut \u00e9galement \u00eatre utilis\u00e9e pour fabriquer de l'alimentation pour des animaux aquatiques comme les poissons et les crevettes. Cette flexibilit\u00e9 permet aux \u00e9leveurs et aux fabricants d'aliments de r\u00e9pondre aux besoins nutritionnels de diff\u00e9rents animaux tout en am\u00e9liorant l'efficacit\u00e9 de l'alimentation et la productivit\u00e9 globale de la ferme.<\/p>    <figure class=\"wp-block-gallery has-nested-images columns-default is-cropped wp-block-gallery-2 is-layout-flex wp-block-gallery-is-layout-flex\"> <figure class=\"wp-block-image size-large\"><img loading=\"lazy\" decoding=\"async\" width=\"720\" height=\"540\" data-id=\"5077\" src=\"https:\/\/taizyfarmequipment.com\/wp-content\/uploads\/2026\/04\/chickens.webp\" alt=\"poulets\" class=\"wp-image-5077\" srcset=\"https:\/\/taizyfarmequipment.com\/wp-content\/uploads\/2026\/04\/chickens.webp 720w, https:\/\/taizyfarmequipment.com\/wp-content\/uploads\/2026\/04\/chickens-300x225.webp 300w, https:\/\/taizyfarmequipment.com\/wp-content\/uploads\/2026\/04\/chickens-16x12.webp 16w\" sizes=\"auto, (max-width: 720px) 100vw, 720px\" \/><figcaption class=\"wp-element-caption\">poulets<\/figcaption><\/figure>    <figure class=\"wp-block-image size-large\"><img loading=\"lazy\" decoding=\"async\" width=\"720\" height=\"540\" data-id=\"5078\" src=\"https:\/\/taizyfarmequipment.com\/wp-content\/uploads\/2026\/04\/ducks.webp\" alt=\"canards\" class=\"wp-image-5078\" srcset=\"https:\/\/taizyfarmequipment.com\/wp-content\/uploads\/2026\/04\/ducks.webp 720w, https:\/\/taizyfarmequipment.com\/wp-content\/uploads\/2026\/04\/ducks-300x225.webp 300w, https:\/\/taizyfarmequipment.com\/wp-content\/uploads\/2026\/04\/ducks-16x12.webp 16w\" sizes=\"auto, (max-width: 720px) 100vw, 720px\" \/><figcaption class=\"wp-element-caption\">canards<\/figcaption><\/figure> <\/figure>    <h2 class=\"wp-block-heading\">Composants de l'usine de fabrication de pellets d'alimentation<\/h2>    <p class=\"translation-block\">L' <strong>usine de fabrication de pellets d'alimentation<\/strong> comprend g\u00e9n\u00e9ralement une machine de broyage pour r\u00e9duire les mati\u00e8res premi\u00e8res en fines particules, une machine de m\u00e9lange pour obtenir un m\u00e9lange uniforme des ingr\u00e9dients, une machine \u00e0 pellets pour compresser le m\u00e9lange en pellets d'alimentation \u00e0 haute densit\u00e9, une machine de refroidissement pour abaisser la temp\u00e9rature des pellets et am\u00e9liorer leur duret\u00e9, et une machine d'emballage pour peser et emballer les produits finis. <\/p>    <p>Ensemble, ces composants travaillent en coordination pour assurer une production stable, une haute efficacit\u00e9 et une qualit\u00e9 constante de l'alimentation.<\/p>    <div class=\"wp-block-media-text is-stacked-on-mobile\"><figure class=\"wp-block-media-text__media\"><img loading=\"lazy\" decoding=\"async\" width=\"720\" height=\"540\" src=\"https:\/\/taizyfarmequipment.com\/wp-content\/uploads\/2026\/04\/grain-crusher.webp\" alt=\"concasseur \u00e0 grains\" class=\"wp-image-5079 size-full\" srcset=\"https:\/\/taizyfarmequipment.com\/wp-content\/uploads\/2026\/04\/grain-crusher.webp 720w, https:\/\/taizyfarmequipment.com\/wp-content\/uploads\/2026\/04\/grain-crusher-300x225.webp 300w, https:\/\/taizyfarmequipment.com\/wp-content\/uploads\/2026\/04\/grain-crusher-16x12.webp 16w\" sizes=\"auto, (max-width: 720px) 100vw, 720px\" \/><\/figure><div class=\"wp-block-media-text__content\"> <h3 class=\"wp-block-heading\"><a href=\"https:\/\/taizyfarmequipment.com\/fr\/produit-2\/broyeur-a-marteaux\/\" data-type=\"link\" data-id=\"https:\/\/taizyfarmequipment.com\/product\/hammer-mill-grinder\/\">Broyeur de grains<\/a><\/h3>    <p class=\"translation-block\">Le <strong>broyeur de grains<\/strong> combine un broyeur et un d\u00e9chiqueteur en une seule unit\u00e9. <\/p>    <p>En plus d'\u00eatre adapt\u00e9 au broyage d'aliments concentr\u00e9s comme le ma\u00efs et le soja, ainsi qu'\u00e0 divers types de paille, de tiges de ma\u00efs, de coquilles d'arachide, de mauvaises herbes et de branches, il est \u00e9galement adapt\u00e9 au broyage de mati\u00e8res premi\u00e8res telles que le bois et les branches.<\/p>    <p>Avec des tailles d'\u00e9cran r\u00e9glables, la machine peut contr\u00f4ler la finesse de la sortie pour r\u00e9pondre \u00e0 diff\u00e9rentes exigences d'alimentation. <\/p> <\/div><\/div>    <figure class=\"wp-block-table\"><table class=\"has-fixed-layout\"><thead><tr><th>Mod\u00e8le<\/th><th>Pouvoir<\/th><th>Sortir<\/th><th>Dimension globale<\/th><th>Poids<\/th><\/tr><\/thead><tbody><tr><td>MGDP-420B<\/td><td>11kW<\/td><td>500-800kg\/h<\/td><td>1600\u00d7600\u00d71200mm<\/td><td>360kg<\/td><\/tr><tr><td>MGDP-500B<\/td><td>22kW<\/td><td>800-1200kg\/h<\/td><td>2200\u00d71300\u00d71450mm<\/td><td>600 kg<\/td><\/tr><tr><td>MGDP-600B<\/td><td>30kW<\/td><td>1200-1800kg\/h<\/td><td>2300\u00d71450\u00d71450mm<\/td><td>780kg<\/td><\/tr><tr><td>MGDP-700B<\/td><td>37kW<\/td><td>1800-2500kg\/h<\/td><td>2450\u00d71500\u00d71450mm<\/td><td>900 kg<\/td><\/tr><\/tbody><\/table><figcaption class=\"wp-element-caption\">Param\u00e8tres du broyeur de grains<\/figcaption><\/figure>    <div class=\"wp-block-media-text has-media-on-the-right is-stacked-on-mobile\"><div class=\"wp-block-media-text__content\"> <h3 class=\"wp-block-heading\">Machine de m\u00e9lange<\/h3>    <p class=\"translation-block\">La <strong>machine de m\u00e9lange<\/strong> est responsable de la fusion uniforme des mati\u00e8res premi\u00e8res broy\u00e9es avec des additifs. Elle garantit une r\u00e9partition homog\u00e8ne des nutriments, vitamines et min\u00e9raux dans chaque lot.<\/p>    <p>Lorsque la porte de d\u00e9charge est ouverte, cet \u00e9quipement garantit que tout le mat\u00e9riau dans le tambour de m\u00e9lange est compl\u00e8tement d\u00e9charg\u00e9. Avec un temps de d\u00e9charge court et sans r\u00e9sidu de mat\u00e9riau, il am\u00e9liore efficacement la productivit\u00e9.<\/p> <\/div><figure class=\"wp-block-media-text__media\"><img loading=\"lazy\" decoding=\"async\" width=\"720\" height=\"540\" src=\"https:\/\/taizyfarmequipment.com\/wp-content\/uploads\/2026\/04\/mixing-machine.webp\" alt=\"machine de m\u00e9lange\" class=\"wp-image-5080 size-full\" srcset=\"https:\/\/taizyfarmequipment.com\/wp-content\/uploads\/2026\/04\/mixing-machine.webp 720w, https:\/\/taizyfarmequipment.com\/wp-content\/uploads\/2026\/04\/mixing-machine-300x225.webp 300w, https:\/\/taizyfarmequipment.com\/wp-content\/uploads\/2026\/04\/mixing-machine-16x12.webp 16w\" sizes=\"auto, (max-width: 720px) 100vw, 720px\" \/><\/figure><\/div>    <figure class=\"wp-block-table\"><table class=\"has-fixed-layout\"><thead><tr><th>Mod\u00e8le<\/th><th>Pouvoir<\/th><th>Sortir<\/th><th>Dimension globale<\/th><th>Poids<\/th><\/tr><\/thead><tbody><tr><td>MGWJ-250<\/td><td>4kW<\/td><td>0,5-1,2T\/h<\/td><td>2100\u00d7800\u00d71550mm<\/td><td>210kg<\/td><\/tr><tr><td>MGWJ-500<\/td><td>7,5kW<\/td><td>1,3-1,8T\/h<\/td><td>2800\u00d71200\u00d72000mm<\/td><td>900 kg<\/td><\/tr><tr><td>MGWJ-1000<\/td><td>11kW<\/td><td>1,5-2,5T\/h<\/td><td>3200\u00d71200\u00d72300mm<\/td><td>1200kg<\/td><\/tr><tr><td>MGWJ-2000<\/td><td>18,5kW<\/td><td>1,5-2,5T\/h<\/td><td>3800\u00d71400\u00d72350mm<\/td><td>1500 kg<\/td><\/tr><\/tbody><\/table><figcaption class=\"wp-element-caption\">Param\u00e8tres de la machine de m\u00e9lange<\/figcaption><\/figure>    <div class=\"wp-block-media-text is-stacked-on-mobile\"><figure class=\"wp-block-media-text__media\"><img loading=\"lazy\" decoding=\"async\" width=\"720\" height=\"540\" src=\"https:\/\/taizyfarmequipment.com\/wp-content\/uploads\/2026\/04\/feed-pellet-making-machine.webp\" alt=\"machine \u00e0 pellets d&#039;alimentation\" class=\"wp-image-5081 size-full\" srcset=\"https:\/\/taizyfarmequipment.com\/wp-content\/uploads\/2026\/04\/feed-pellet-making-machine.webp 720w, https:\/\/taizyfarmequipment.com\/wp-content\/uploads\/2026\/04\/feed-pellet-making-machine-300x225.webp 300w, https:\/\/taizyfarmequipment.com\/wp-content\/uploads\/2026\/04\/feed-pellet-making-machine-16x12.webp 16w\" sizes=\"auto, (max-width: 720px) 100vw, 720px\" \/><\/figure><div class=\"wp-block-media-text__content\"> <h3 class=\"wp-block-heading\">Machine \u00e0 pellets d'alimentation<\/h3>    <p class=\"translation-block\">La <strong>machine \u00e0 pellets d'alimentation<\/strong> est responsable de la compression des mat\u00e9riaux m\u00e9lang\u00e9s en pellets d'alimentation uniformes. Elle utilise la pression et la chaleur g\u00e9n\u00e9r\u00e9es par les rouleaux et matrices pour former des pellets denses, durables et avec une bonne duret\u00e9.<\/p>    <p>La machine garantit une taille et une qualit\u00e9 de pellet coh\u00e9rentes, am\u00e9liorant la palatabilit\u00e9 et la digestibilit\u00e9 de l'alimentation pour le b\u00e9tail et la volaille. <\/p>    <p>Avec des matrices r\u00e9glables, elle peut produire des pellets adapt\u00e9s \u00e0 diff\u00e9rents animaux.<\/p> <\/div><\/div>    <figure class=\"wp-block-table\"><table class=\"has-fixed-layout\"><thead><tr><th>Mod\u00e8le<\/th><th>Pouvoir<\/th><th>Sortir<\/th><th>Dimension totale (mm)<\/th><th>poids (kg)<\/th><\/tr><\/thead><tbody><tr><td>MGPM-150A<\/td><td>10 CV<\/td><td>80-120kg\/h<\/td><td>950\u00d7600\u00d7800<\/td><td>165\/190<\/td><\/tr><tr><td>MGPM-200A<\/td><td>15 CV<\/td><td>200-300kg\/h<\/td><td>1240\u00d7800\u00d7900<\/td><td>350\/380<\/td><\/tr><tr><td>MGPM-260A<\/td><td>30 CV<\/td><td>400-600kg\/h<\/td><td>2000\u00d7770\u00d71100<\/td><td>480\/520<\/td><\/tr><tr><td>MGPM-300A<\/td><td>41 CV<\/td><td>600-800 kg\/heure<\/td><td>2300\u00d7700\u00d71250<\/td><td>850\/890<\/td><\/tr><tr><td>MGPM-400A<\/td><td>55 CV<\/td><td>800-1200kg\/h<\/td><td>2300\u00d7700\u00d71250<\/td><td>1050\/1100<\/td><\/tr><\/tbody><\/table><figcaption class=\"wp-element-caption\">Param\u00e8tres de la machine \u00e0 pellets d'alimentation<\/figcaption><\/figure>    <div class=\"wp-block-media-text has-media-on-the-right is-stacked-on-mobile\"><div class=\"wp-block-media-text__content\"> <h3 class=\"wp-block-heading\">Machine de refroidissement<\/h3>    <p class=\"translation-block\">La <strong>machine de refroidissement<\/strong> est utilis\u00e9e pour r\u00e9duire la temp\u00e9rature et l'humidit\u00e9 des pellets fra\u00eechement produits. Apr\u00e8s la pelletisation, l'aliment est chaud et mou, donc le refroidissement est n\u00e9cessaire pour am\u00e9liorer la duret\u00e9 et la stabilit\u00e9.<\/p>    <p>En utilisant un flux d'air pour abaisser rapidement la temp\u00e9rature, la machine aide \u00e0 pr\u00e9venir la d\u00e9formation et garantit une meilleure qualit\u00e9 des pellets.<\/p> <\/div><figure class=\"wp-block-media-text__media\"><img loading=\"lazy\" decoding=\"async\" width=\"720\" height=\"540\" src=\"https:\/\/taizyfarmequipment.com\/wp-content\/uploads\/2026\/04\/cooling-machine.webp\" alt=\"machine de refroidissement\" class=\"wp-image-5082 size-full\" srcset=\"https:\/\/taizyfarmequipment.com\/wp-content\/uploads\/2026\/04\/cooling-machine.webp 720w, https:\/\/taizyfarmequipment.com\/wp-content\/uploads\/2026\/04\/cooling-machine-300x225.webp 300w, https:\/\/taizyfarmequipment.com\/wp-content\/uploads\/2026\/04\/cooling-machine-16x12.webp 16w\" sizes=\"auto, (max-width: 720px) 100vw, 720px\" \/><\/figure><\/div>    <figure class=\"wp-block-table\"><table class=\"has-fixed-layout\"><thead><tr><th>Mod\u00e8le<\/th><th>Pouvoir<\/th><th>Sortir<\/th><th>Dimension totale (mm)<\/th><th>poids (kg)<\/th><\/tr><\/thead><tbody><tr><td>MGLQ-50<\/td><td>0,75 2,2kW<\/td><td>0-500kg\/h<\/td><td>1800\u00d7750\u00d71100<\/td><td>220+65<\/td><\/tr><tr><td>MGLQ-70<\/td><td>0,75 2,2 2,2kW<\/td><td>0-1000kg\/h<\/td><td>1800\u00d7750\u00d71100<\/td><td>220+120<\/td><\/tr><\/tbody><\/table><figcaption class=\"wp-element-caption\">Param\u00e8tres de la machine de refroidissement<\/figcaption><\/figure>    <div class=\"wp-block-media-text is-stacked-on-mobile\"><figure class=\"wp-block-media-text__media\"><img loading=\"lazy\" decoding=\"async\" width=\"720\" height=\"540\" src=\"https:\/\/taizyfarmequipment.com\/wp-content\/uploads\/2026\/04\/packing-machine.webp\" alt=\"machine d&#039;emballage\" class=\"wp-image-5083 size-full\" srcset=\"https:\/\/taizyfarmequipment.com\/wp-content\/uploads\/2026\/04\/packing-machine.webp 720w, https:\/\/taizyfarmequipment.com\/wp-content\/uploads\/2026\/04\/packing-machine-300x225.webp 300w, https:\/\/taizyfarmequipment.com\/wp-content\/uploads\/2026\/04\/packing-machine-16x12.webp 16w\" sizes=\"auto, (max-width: 720px) 100vw, 720px\" \/><\/figure><div class=\"wp-block-media-text__content\"> <h3 class=\"wp-block-heading\">Machine d'emballage<\/h3>    <p class=\"translation-block\">La <strong>machine d'emballage<\/strong> est l'unit\u00e9 finale de l'usine de fabrication de pellets d'alimentation, responsable de la pes\u00e9e et de l'emballage des pellets finis. Elle garantit une mesure pr\u00e9cise et un conditionnement coh\u00e9rent, am\u00e9liorant l'efficacit\u00e9 et r\u00e9duisant la main-d'\u0153uvre.<\/p>    <p>\u00c9quip\u00e9e de fonctions automatiques de pes\u00e9e et de scellage, la machine offre une performance d'emballage rapide et fiable. <\/p>    <p>Elle aide \u00e0 maintenir la qualit\u00e9 du produit, simplifie le stockage et le transport, et soutient une production continue \u00e0 grande \u00e9chelle.<\/p> <\/div><\/div>    <figure class=\"wp-block-table\"><table class=\"has-fixed-layout\"><thead><tr><th>Mod\u00e8le<\/th><th>Pouvoir<\/th><th>Gamme d'emballage<\/th><th>Dimension totale (mm)<\/th><th>poids (kg)<\/th><\/tr><\/thead><tbody><tr><td>MGBZ-50<\/td><td>1kW<\/td><td>10-50kg\/sac<\/td><td>1200\u00d71200\u00d72400 1200\u00d71200\u00d71200 2400\u00d7700\u00d7400<\/td><td>600<\/td><\/tr><\/tbody><\/table><figcaption class=\"wp-element-caption\">Param\u00e8tres de la machine d'emballage<\/figcaption><\/figure>    <h2 class=\"wp-block-heading\">Avantages de la ligne de production de pellets d'alimentation<\/h2>    <ul class=\"wp-block-list\"> <li>Facilit\u00e9 d'utilisation et maintenance pratique, r\u00e9duisant les exigences en comp\u00e9tences du personnel et les co\u00fbts d'entretien quotidiens.<\/li>    <li>Traitement \u00e0 haute temp\u00e9rature pendant le fonctionnement (80\u201390\u00b0C), ce qui favorise la maturation des pellets et offre des effets de st\u00e9rilisation. <\/li>    <li>Les pellets finis sont plus faciles \u00e0 stocker, emballer et transporter, am\u00e9liorant l'efficacit\u00e9 logistique globale. <\/li>    <li>La conception de la structure du rouleau assure une forte compression, un fonctionnement \u00e0 faible bruit, et une haute efficacit\u00e9 de production. <\/li>    <li>Grande adaptabilit\u00e9 des mat\u00e9riaux, adapt\u00e9e au traitement de diverses mati\u00e8res premi\u00e8res avec une large gamme d'applications. <\/li>    <li>Syst\u00e8me de moule r\u00e9glable, permettant une production flexible de pellets pour diff\u00e9rentes esp\u00e8ces de volailles et de b\u00e9tail.<\/li> <\/ul>    <figure class=\"wp-block-gallery has-nested-images columns-default is-cropped wp-block-gallery-3 is-layout-flex wp-block-gallery-is-layout-flex\"> <figure class=\"wp-block-image size-large\"><img loading=\"lazy\" decoding=\"async\" width=\"720\" height=\"540\" data-id=\"5084\" src=\"https:\/\/taizyfarmequipment.com\/wp-content\/uploads\/2026\/04\/feed-pellet-maker-production-line.webp\" alt=\"ligne de production de pellets d&#039;alimentation\" class=\"wp-image-5084\" srcset=\"https:\/\/taizyfarmequipment.com\/wp-content\/uploads\/2026\/04\/feed-pellet-maker-production-line.webp 720w, https:\/\/taizyfarmequipment.com\/wp-content\/uploads\/2026\/04\/feed-pellet-maker-production-line-300x225.webp 300w, https:\/\/taizyfarmequipment.com\/wp-content\/uploads\/2026\/04\/feed-pellet-maker-production-line-16x12.webp 16w\" sizes=\"auto, (max-width: 720px) 100vw, 720px\" \/><figcaption class=\"wp-element-caption\">ligne de production de pellets d'alimentation<\/figcaption><\/figure>    <figure class=\"wp-block-image size-large\"><img loading=\"lazy\" decoding=\"async\" width=\"720\" height=\"540\" data-id=\"5085\" src=\"https:\/\/taizyfarmequipment.com\/wp-content\/uploads\/2026\/04\/Feed-pellet-making-machine-plant-price.webp\" alt=\"Prix de la machine \u00e0 pellets d&#039;alimentation\" class=\"wp-image-5085\" srcset=\"https:\/\/taizyfarmequipment.com\/wp-content\/uploads\/2026\/04\/Feed-pellet-making-machine-plant-price.webp 720w, https:\/\/taizyfarmequipment.com\/wp-content\/uploads\/2026\/04\/Feed-pellet-making-machine-plant-price-300x225.webp 300w, https:\/\/taizyfarmequipment.com\/wp-content\/uploads\/2026\/04\/Feed-pellet-making-machine-plant-price-16x12.webp 16w\" sizes=\"auto, (max-width: 720px) 100vw, 720px\" \/><figcaption class=\"wp-element-caption\">Prix de la machine \u00e0 pellets d'alimentation<\/figcaption><\/figure> <\/figure>    <h2 class=\"wp-block-heading\">Conclusion<\/h2>    <p class=\"translation-block\">En conclusion, la <strong>usine de fabrication de pellets d'alimentation<\/strong> offre une solution compl\u00e8te, efficace et flexible pour la production moderne d'aliments. Avec son niveau \u00e9lev\u00e9 d'automatisation, sa performance stable et sa grande adaptabilit\u00e9 aux mati\u00e8res premi\u00e8res, elle aide les entreprises \u00e0 am\u00e9liorer leur productivit\u00e9 tout en r\u00e9duisant les co\u00fbts. <\/p>    <p>Contactez-nous aujourd'hui pour obtenir des sp\u00e9cifications d\u00e9taill\u00e9es, des prix, et une solution personnalis\u00e9e pour augmenter votre efficacit\u00e9 de production d'aliments.<\/p>    <figure class=\"wp-block-image size-full\"><img loading=\"lazy\" decoding=\"async\" width=\"720\" height=\"540\" src=\"https:\/\/taizyfarmequipment.com\/wp-content\/uploads\/2026\/04\/Feed-pellet-making-machine-plant-in-stock.webp\" alt=\"Usine de fabrication de pellets d&#039;alimentation en stock\" class=\"wp-image-5086\" srcset=\"https:\/\/taizyfarmequipment.com\/wp-content\/uploads\/2026\/04\/Feed-pellet-making-machine-plant-in-stock.webp 720w, https:\/\/taizyfarmequipment.com\/wp-content\/uploads\/2026\/04\/Feed-pellet-making-machine-plant-in-stock-300x225.webp 300w, https:\/\/taizyfarmequipment.com\/wp-content\/uploads\/2026\/04\/Feed-pellet-making-machine-plant-in-stock-16x12.webp 16w\" sizes=\"auto, (max-width: 720px) 100vw, 720px\" \/><figcaption class=\"wp-element-caption\">Usine de fabrication de pellets d'alimentation en stock<\/figcaption><\/figure>","protected":false},"excerpt":{"rendered":"<p>L'usine de fabrication de pellets d'alimentation est un syst\u00e8me de production automatique avanc\u00e9 largement utilis\u00e9 dans le traitement des pellets pour b\u00e9tail et volaille.<\/p>","protected":false},"author":1,"featured_media":5087,"parent":0,"template":"","tags":[346],"product-type":[234],"class_list":["post-5074","product","type-product","status-publish","has-post-thumbnail","hentry","tag-feed-pellet-making-machine-plant","product-type-other"],"_links":{"self":[{"href":"https:\/\/taizyfarmequipment.com\/fr\/wp-json\/wp\/v2\/product\/5074","targetHints":{"allow":["GET"]}}],"collection":[{"href":"https:\/\/taizyfarmequipment.com\/fr\/wp-json\/wp\/v2\/product"}],"about":[{"href":"https:\/\/taizyfarmequipment.com\/fr\/wp-json\/wp\/v2\/types\/product"}],"author":[{"embeddable":true,"href":"https:\/\/taizyfarmequipment.com\/fr\/wp-json\/wp\/v2\/users\/1"}],"wp:featuredmedia":[{"embeddable":true,"href":"https:\/\/taizyfarmequipment.com\/fr\/wp-json\/wp\/v2\/media\/5087"}],"wp:attachment":[{"href":"https:\/\/taizyfarmequipment.com\/fr\/wp-json\/wp\/v2\/media?parent=5074"}],"wp:term":[{"taxonomy":"post_tag","embeddable":true,"href":"https:\/\/taizyfarmequipment.com\/fr\/wp-json\/wp\/v2\/tags?post=5074"},{"taxonomy":"product-type","embeddable":true,"href":"https:\/\/taizyfarmequipment.com\/fr\/wp-json\/wp\/v2\/product-type?post=5074"}],"curies":[{"name":"wp","href":"https:\/\/api.w.org\/{rel}","templated":true}]}}