{"id":5089,"date":"2026-04-28T16:36:51","date_gmt":"2026-04-28T08:36:51","guid":{"rendered":"https:\/\/taizyfarmequipment.com\/?post_type=product&#038;p=5089"},"modified":"2026-04-28T16:38:20","modified_gmt":"2026-04-28T08:38:20","slug":"dual-film-silage-wrapping-machine","status":"publish","type":"product","link":"https:\/\/taizyfarmequipment.com\/fr\/product\/dual-film-silage-wrapping-machine\/","title":{"rendered":"Machine d'enveloppement de silo \u00e0 film double 9YDB-60"},"content":{"rendered":"<div class=\"kk-star-ratings kksr-auto kksr-align-left kksr-valign-top\"     data-payload='{&quot;align&quot;:&quot;left&quot;,&quot;id&quot;:&quot;5089&quot;,&quot;slug&quot;:&quot;default&quot;,&quot;valign&quot;:&quot;top&quot;,&quot;ignore&quot;:&quot;&quot;,&quot;reference&quot;:&quot;auto&quot;,&quot;class&quot;:&quot;&quot;,&quot;count&quot;:&quot;25&quot;,&quot;legendonly&quot;:&quot;&quot;,&quot;readonly&quot;:&quot;&quot;,&quot;score&quot;:&quot;4.9&quot;,&quot;starsonly&quot;:&quot;&quot;,&quot;best&quot;:&quot;5&quot;,&quot;gap&quot;:&quot;5&quot;,&quot;greet&quot;:&quot;Rate this product&quot;,&quot;legend&quot;:&quot;4.9\\\/5 - (25 votes)&quot;,&quot;size&quot;:&quot;24&quot;,&quot;title&quot;:&quot;9YDB-60 dual film silage wrapping machine&quot;,&quot;width&quot;:&quot;139.6&quot;,&quot;_legend&quot;:&quot;{score}\\\/{best} - ({count} {votes})&quot;,&quot;font_factor&quot;:&quot;1.25&quot;}'>              <div class=\"kksr-stars\">      <div class=\"kksr-stars-inactive\">             <div class=\"kksr-star\" data-star=\"1\" style=\"padding-right: 5px\">               <div class=\"kksr-icon\" style=\"width: 24px; height: 24px;\"><\/div>         <\/div>             <div class=\"kksr-star\" data-star=\"2\" style=\"padding-right: 5px\">               <div class=\"kksr-icon\" style=\"width: 24px; height: 24px;\"><\/div>         <\/div>             <div class=\"kksr-star\" data-star=\"3\" style=\"padding-right: 5px\">               <div class=\"kksr-icon\" style=\"width: 24px; height: 24px;\"><\/div>         <\/div>             <div class=\"kksr-star\" data-star=\"4\" style=\"padding-right: 5px\">               <div class=\"kksr-icon\" style=\"width: 24px; height: 24px;\"><\/div>         <\/div>             <div class=\"kksr-star\" data-star=\"5\" style=\"padding-right: 5px\">               <div class=\"kksr-icon\" style=\"width: 24px; height: 24px;\"><\/div>         <\/div>     <\/div>      <div class=\"kksr-stars-active\" style=\"width: 139.6px;\">             <div class=\"kksr-star\" style=\"padding-right: 5px\">               <div class=\"kksr-icon\" style=\"width: 24px; height: 24px;\"><\/div>         <\/div>             <div class=\"kksr-star\" style=\"padding-right: 5px\">               <div class=\"kksr-icon\" style=\"width: 24px; height: 24px;\"><\/div>         <\/div>             <div class=\"kksr-star\" style=\"padding-right: 5px\">               <div class=\"kksr-icon\" style=\"width: 24px; height: 24px;\"><\/div>         <\/div>             <div class=\"kksr-star\" style=\"padding-right: 5px\">               <div class=\"kksr-icon\" style=\"width: 24px; height: 24px;\"><\/div>         <\/div>             <div class=\"kksr-star\" style=\"padding-right: 5px\">               <div class=\"kksr-icon\" style=\"width: 24px; height: 24px;\"><\/div>         <\/div>     <\/div> <\/div>                   <div class=\"kksr-legend\" style=\"font-size: 19.2px;\">             4,9\/5 - (25 votes)    <\/div>     <\/div>  <p class=\"translation-block\">La <strong>machine d'enveloppement de silo \u00e0 film double 9YDB-60<\/strong> est une machine enti\u00e8rement automatique pour une mise en balle et un enroulement efficaces. Elle est largement utilis\u00e9e dans les fermes, les exploitations agricoles et les usines de traitement du fourrage. Gr\u00e2ce \u00e0 sa technologie d'enveloppement simultan\u00e9 \u00e0 double film, la machine peut rapidement r\u00e9aliser le processus de compression et de scellement des mat\u00e9riaux de fourrage, am\u00e9liorant consid\u00e9rablement la qualit\u00e9 de conservation et r\u00e9duisant la perte de nutriments. Son haut niveau d'automatisation garantit un fonctionnement stable et une performance continue, \u00e9conomisant ainsi consid\u00e9rablement la main-d'\u0153uvre et augmentant la productivit\u00e9 globale. Avec une <strong>capacit\u00e9 de 60 \u00e0 85 balles par heure<\/strong>, c'est un excellent choix pour la production de silo de taille moyenne \u00e0 grande.<\/p>    <p class=\"translation-block\">La <strong>machine d'enveloppement de silo \u00e0 film double 9YDB-60<\/strong> est adapt\u00e9e au traitement des tiges de ma\u00efs, de l'herbe de p\u00e2turage et de divers types de mat\u00e9riaux de silo. Elle produit des balles compact\u00e9es serr\u00e9es avec une <strong>taille de balle de \u03a6550 \u00d7 550 mm<\/strong> et un <strong>poids de balle de 80 \u00e0 120 kg<\/strong>, en fonction de la densit\u00e9 du mat\u00e9riau et de son humidit\u00e9. La machine offre un enroulement uniforme et durable du film, isolant efficacement l'air et l'humidit\u00e9 pour prolonger la dur\u00e9e de stockage. Dot\u00e9e d'une conception structurelle raisonnable et d'une maintenance facile, cette machine peut \u00e9galement \u00eatre personnalis\u00e9e selon les besoins des utilisateurs, ce qui en fait une solution id\u00e9ale pour les fermes modernes de grande taille cherchant un \u00e9quipement efficace de traitement du silo.<\/p>    <figure class=\"wp-block-embed is-type-video is-provider-youtube wp-block-embed-youtube wp-embed-aspect-9-16 wp-has-aspect-ratio\"><div class=\"wp-block-embed__wrapper\"> <iframe loading=\"lazy\" title=\"Machine d&#039;enveloppement de silo \u00e0 film double 9YDB-60 automatique pour usage agricole #silo #agriculture #farming\" width=\"422\" height=\"750\" src=\"https:\/\/www.youtube.com\/embed\/v2LZRjeVWTM?feature=oembed\" frameborder=\"0\" allow=\"accelerometer; autoplay; clipboard-write; encrypted-media; gyroscope; picture-in-picture; web-share\" referrerpolicy=\"strict-origin-when-cross-origin\" allowfullscreen><\/iframe> <\/div><figcaption class=\"wp-element-caption\">vid\u00e9o de fonctionnement de la machine d'enveloppement de silo<\/figcaption><\/figure>    <h2 class=\"wp-block-heading\">Structure de la machine \u00e0 balle de paille<\/h2>    <figure class=\"wp-block-image size-full\"><img loading=\"lazy\" decoding=\"async\" width=\"720\" height=\"540\" src=\"https:\/\/taizyfarmequipment.com\/wp-content\/uploads\/2026\/04\/9YDB-60-dual-film-silage-wrapping-machine-structure.webp\" alt=\"Structure de la machine d&#039;enveloppement de silo \u00e0 film double 9YDB-60\" class=\"wp-image-5093\" srcset=\"https:\/\/taizyfarmequipment.com\/wp-content\/uploads\/2026\/04\/9YDB-60-dual-film-silage-wrapping-machine-structure.webp 720w, https:\/\/taizyfarmequipment.com\/wp-content\/uploads\/2026\/04\/9YDB-60-dual-film-silage-wrapping-machine-structure-300x225.webp 300w, https:\/\/taizyfarmequipment.com\/wp-content\/uploads\/2026\/04\/9YDB-60-dual-film-silage-wrapping-machine-structure-16x12.webp 16w\" sizes=\"auto, (max-width: 720px) 100vw, 720px\" \/><figcaption class=\"wp-element-caption\">Structure de la machine d'enveloppement de silo \u00e0 film double 9YDB-60<\/figcaption><\/figure>    <h2 class=\"wp-block-heading\">D\u00e9tails de la machine d'enveloppement de silo \u00e0 film double 9YDB-60<\/h2>    <figure class=\"wp-block-gallery has-nested-images columns-2 is-cropped wp-block-gallery-2 is-layout-flex wp-block-gallery-is-layout-flex\"> <figure class=\"wp-block-image size-large\"><img loading=\"lazy\" decoding=\"async\" width=\"720\" height=\"540\" data-id=\"5095\" src=\"https:\/\/taizyfarmequipment.com\/wp-content\/uploads\/2026\/04\/fully-automatic-silage-baler-plc-control-panel.webp\" alt=\"Panneau de contr\u00f4le PLC de la presse \u00e0 silo enti\u00e8rement automatique\" class=\"wp-image-5095\" srcset=\"https:\/\/taizyfarmequipment.com\/wp-content\/uploads\/2026\/04\/fully-automatic-silage-baler-plc-control-panel.webp 720w, https:\/\/taizyfarmequipment.com\/wp-content\/uploads\/2026\/04\/fully-automatic-silage-baler-plc-control-panel-300x225.webp 300w, https:\/\/taizyfarmequipment.com\/wp-content\/uploads\/2026\/04\/fully-automatic-silage-baler-plc-control-panel-16x12.webp 16w\" sizes=\"auto, (max-width: 720px) 100vw, 720px\" \/><figcaption class=\"wp-element-caption\">Panneau de contr\u00f4le PLC de la presse \u00e0 silo enti\u00e8rement automatique<\/figcaption><\/figure>    <figure class=\"wp-block-image size-large\"><img loading=\"lazy\" decoding=\"async\" width=\"720\" height=\"540\" data-id=\"5094\" src=\"https:\/\/taizyfarmequipment.com\/wp-content\/uploads\/2026\/04\/automatic-recycling-protection-device-for-silage-baler.webp\" alt=\"Dispositif de protection de recyclage automatique pour presse \u00e0 silo\" class=\"wp-image-5094\" srcset=\"https:\/\/taizyfarmequipment.com\/wp-content\/uploads\/2026\/04\/automatic-recycling-protection-device-for-silage-baler.webp 720w, https:\/\/taizyfarmequipment.com\/wp-content\/uploads\/2026\/04\/automatic-recycling-protection-device-for-silage-baler-300x225.webp 300w, https:\/\/taizyfarmequipment.com\/wp-content\/uploads\/2026\/04\/automatic-recycling-protection-device-for-silage-baler-16x12.webp 16w\" sizes=\"auto, (max-width: 720px) 100vw, 720px\" \/><figcaption class=\"wp-element-caption\">Dispositif de protection de recyclage automatique pour presse \u00e0 silo<\/figcaption><\/figure>    <figure class=\"wp-block-image size-large\"><img loading=\"lazy\" decoding=\"async\" width=\"720\" height=\"540\" data-id=\"5096\" src=\"https:\/\/taizyfarmequipment.com\/wp-content\/uploads\/2026\/04\/high-efficiency-dual-film-silage-wrapper.webp\" alt=\"Enrouleur de silo \u00e0 film double haute efficacit\u00e9\" class=\"wp-image-5096\" srcset=\"https:\/\/taizyfarmequipment.com\/wp-content\/uploads\/2026\/04\/high-efficiency-dual-film-silage-wrapper.webp 720w, https:\/\/taizyfarmequipment.com\/wp-content\/uploads\/2026\/04\/high-efficiency-dual-film-silage-wrapper-300x225.webp 300w, https:\/\/taizyfarmequipment.com\/wp-content\/uploads\/2026\/04\/high-efficiency-dual-film-silage-wrapper-16x12.webp 16w\" sizes=\"auto, (max-width: 720px) 100vw, 720px\" \/><figcaption class=\"wp-element-caption\">Enrouleur de silo \u00e0 film double haute efficacit\u00e9<\/figcaption><\/figure>    <figure class=\"wp-block-image size-large\"><img loading=\"lazy\" decoding=\"async\" width=\"720\" height=\"540\" data-id=\"5097\" src=\"https:\/\/taizyfarmequipment.com\/wp-content\/uploads\/2026\/04\/silage-baler-power-unit-and-air-compressor.webp\" alt=\"Unit\u00e9 de puissance de la presse \u00e0 balle de silo et compresseur d&#039;air\" class=\"wp-image-5097\" srcset=\"https:\/\/taizyfarmequipment.com\/wp-content\/uploads\/2026\/04\/silage-baler-power-unit-and-air-compressor.webp 720w, https:\/\/taizyfarmequipment.com\/wp-content\/uploads\/2026\/04\/silage-baler-power-unit-and-air-compressor-300x225.webp 300w, https:\/\/taizyfarmequipment.com\/wp-content\/uploads\/2026\/04\/silage-baler-power-unit-and-air-compressor-16x12.webp 16w\" sizes=\"auto, (max-width: 720px) 100vw, 720px\" \/><figcaption class=\"wp-element-caption\">Unit\u00e9 de puissance de la presse \u00e0 balle de silo et compresseur d'air<\/figcaption><\/figure> <\/figure>    <h2 class=\"wp-block-heading\">Avantages de la machine d'enveloppement de silo<\/h2>    <div class=\"wp-block-media-text is-stacked-on-mobile\"><figure class=\"wp-block-media-text__media\"><img loading=\"lazy\" decoding=\"async\" width=\"720\" height=\"540\" src=\"https:\/\/taizyfarmequipment.com\/wp-content\/uploads\/2026\/04\/dual-film-silage-wrapping-machine.webp\" alt=\"machine d&#039;enveloppement de silo \u00e0 film double\" class=\"wp-image-5098 size-full\" srcset=\"https:\/\/taizyfarmequipment.com\/wp-content\/uploads\/2026\/04\/dual-film-silage-wrapping-machine.webp 720w, https:\/\/taizyfarmequipment.com\/wp-content\/uploads\/2026\/04\/dual-film-silage-wrapping-machine-300x225.webp 300w, https:\/\/taizyfarmequipment.com\/wp-content\/uploads\/2026\/04\/dual-film-silage-wrapping-machine-16x12.webp 16w\" sizes=\"auto, (max-width: 720px) 100vw, 720px\" \/><\/figure><div class=\"wp-block-media-text__content\"> <ul class=\"wp-block-list\"> <li>Processus de fonctionnement enti\u00e8rement automatique, int\u00e9grant la mise en balle et l'enveloppement pour gagner du temps et r\u00e9duire les co\u00fbts de main-d'\u0153uvre. <\/li>    <li>Le design de scellement \u00e0 double film isole l'air et l'humidit\u00e9, emp\u00eachant efficacement la moisissure et la d\u00e9t\u00e9rioration du fourrage. <\/li>    <li>Une densit\u00e9 de compactage \u00e9lev\u00e9e am\u00e9liore la qualit\u00e9 de la fermentation du silo et prolonge la dur\u00e9e de stockage du fourrage. <\/li>    <li>Op\u00e9ration simple avec syst\u00e8me de contr\u00f4le intelligent, facile \u00e0 ma\u00eetriser et \u00e0 entretenir pour les agriculteurs. <\/li>    <li>Conception mobile flexible, adaptable \u00e0 diverses exploitations agricoles, p\u00e2turages et sites de travail complexes. <\/li>    <li>Compatibilit\u00e9 \u00e9tendue, adapt\u00e9e au ma\u00efs en paille, \u00e0 la luzerne, au ray-grass et \u00e0 plusieurs autres mat\u00e9riaux de fourrage. <\/li>    <li>Performance stable en fonctionnement et faible consommation d'\u00e9nergie, apportant des b\u00e9n\u00e9fices \u00e9conomiques \u00e0 long terme. <\/li>    <li>Plusieurs mod\u00e8les de machines en option, pour r\u00e9pondre \u00e0 diff\u00e9rentes \u00e9chelles de production et exigences du site.<\/li> <\/ul> <\/div><\/div>    <h2 class=\"wp-block-heading\">Questions fr\u00e9quentes sur la presse \u00e0 silo \u00e0 film double<\/h2>   <div id=\"rank-math-faq\" class=\"rank-math-block\"> <div class=\"rank-math-list\"> <div id=\"faq-question-1777356741442\" class=\"rank-math-list-item\"> <h3 class=\"rank-math-question\">Quels mat\u00e9riaux la machine d'enveloppement de silo \u00e0 film double 9YDB-60 peut-elle traiter ?<\/h3> <div class=\"rank-math-answer\">  <p>La machine d'enveloppement de silo \u00e0 film double 9YDB-60 est adapt\u00e9e aux tiges de ma\u00efs, herbe fra\u00eeche, luzerne, paille, fourrage et autres mat\u00e9riaux de silo humides.<\/p>  <\/div> <\/div> <div id=\"faq-question-1777356755955\" class=\"rank-math-list-item\"> <h3 class=\"rank-math-question\">Quel est l'avantage du syst\u00e8me d'enveloppement \u00e0 double film ?<\/h3> <div class=\"rank-math-answer\">  <p>Le syst\u00e8me d'enveloppement \u00e0 double film am\u00e9liore l'\u00e9tanch\u00e9it\u00e9, r\u00e9duit l'exposition \u00e0 l'oxyg\u00e8ne, pr\u00e9serve les nutriments et prolonge la dur\u00e9e de stockage du silo.<\/p>  <\/div> <\/div> <div id=\"faq-question-1777356776314\" class=\"rank-math-list-item\"> <h3 class=\"rank-math-question\">La machine est-elle enti\u00e8rement automatique ?<\/h3> <div class=\"rank-math-answer\">  <p>Oui, la machine d'enveloppement de silo \u00e0 film double 9YDB-60 dispose de fonctions automatiques d'alimentation, de mise en balle, de fixation, d'enveloppement, d'ouverture de chambre, de retournement de balle et de r\u00e9initialisation.<\/p>  <\/div> <\/div> <div id=\"faq-question-1777356803066\" class=\"rank-math-list-item\"> <h3 class=\"rank-math-question\">La machine est-elle facile \u00e0 utiliser ?<\/h3> <div class=\"rank-math-answer\">  <p class=\"translation-block\">Oui, elle est \u00e9quip\u00e9e d'un <strong>cabinet de contr\u00f4le LCD<\/strong>, permettant aux utilisateurs de surveiller et d'ajuster facilement les op\u00e9rations.<\/p>  <\/div> <\/div> <div id=\"faq-question-1777356820307\" class=\"rank-math-list-item\"> <h3 class=\"rank-math-question\">Quelle est la densit\u00e9 de compactage des balles de silo envelopp\u00e9es ?<\/h3> <div class=\"rank-math-answer\">  <p>En adoptant une structure de compression par courroie optimis\u00e9e, la densit\u00e9 de la balle peut atteindre plus de 800 kg\/m\u00b3. Le regroupement \u00e0 haute densit\u00e9 permet d'\u00e9conomiser de l'espace de stockage et de transport, tout en renfor\u00e7ant l'effet de conservation global du silo.<\/p>  <\/div> <\/div> <\/div> <\/div>   <figure class=\"wp-block-gallery has-nested-images columns-default is-cropped wp-block-gallery-3 is-layout-flex wp-block-gallery-is-layout-flex\"> <figure class=\"wp-block-image size-large\"><img loading=\"lazy\" decoding=\"async\" width=\"720\" height=\"540\" data-id=\"5099\" src=\"https:\/\/taizyfarmequipment.com\/wp-content\/uploads\/2026\/04\/forage-baler.webp\" alt=\"Presse \u00e0 fourrage\" class=\"wp-image-5099\" srcset=\"https:\/\/taizyfarmequipment.com\/wp-content\/uploads\/2026\/04\/forage-baler.webp 720w, https:\/\/taizyfarmequipment.com\/wp-content\/uploads\/2026\/04\/forage-baler-300x225.webp 300w, https:\/\/taizyfarmequipment.com\/wp-content\/uploads\/2026\/04\/forage-baler-16x12.webp 16w\" sizes=\"auto, (max-width: 720px) 100vw, 720px\" \/><figcaption class=\"wp-element-caption\">Presse \u00e0 fourrage<\/figcaption><\/figure>    <figure class=\"wp-block-image size-large\"><img loading=\"lazy\" decoding=\"async\" width=\"720\" height=\"540\" data-id=\"5100\" src=\"https:\/\/taizyfarmequipment.com\/wp-content\/uploads\/2026\/04\/hay-wrapper.webp\" alt=\"Enrouleur de foin\" class=\"wp-image-5100\" srcset=\"https:\/\/taizyfarmequipment.com\/wp-content\/uploads\/2026\/04\/hay-wrapper.webp 720w, https:\/\/taizyfarmequipment.com\/wp-content\/uploads\/2026\/04\/hay-wrapper-300x225.webp 300w, https:\/\/taizyfarmequipment.com\/wp-content\/uploads\/2026\/04\/hay-wrapper-16x12.webp 16w\" sizes=\"auto, (max-width: 720px) 100vw, 720px\" \/><figcaption class=\"wp-element-caption\">Enrouleur de foin<\/figcaption><\/figure> <\/figure>    <h2 class=\"wp-block-heading\">Param\u00e8tres de la machine d'enveloppement de silo \u00e0 film double 9YDB-60<\/h2>    <figure class=\"wp-block-table\"><table class=\"has-fixed-layout\"><tbody><tr><td>Mod\u00e8le<\/td><td>9YDB-60<\/td><\/tr><tr><td>Taille des balles<\/td><td>\u03a6550 \u00d7 550 mm<\/td><\/tr><tr><td>Poids de la balle<\/td><td>80\u2013120 kg<\/td><\/tr><tr><td>Efficacit\u00e9 de production<\/td><td>60\u201385 balles\/heure<\/td><\/tr><tr><td>Puissance de support<\/td><td>7,5 kW \u00d7 6<\/td><\/tr><tr><td>Moteur d'enveloppement<\/td><td>0,75 kW<\/td><\/tr><tr><td>Moteur du compresseur d'air<\/td><td>3 kW<\/td><\/tr><tr><td>M\u00e9thode de liaison<\/td><td>Automatique<\/td><\/tr><tr><td>M\u00e9thode d'\u00e9tirement du film<\/td><td>Automatique<\/td><\/tr><tr><td>Taille du convoyeur d'alimentation<\/td><td>2500 \u00d7 63 mm<\/td><\/tr><tr><td>Dimensions de la machine<\/td><td>5100 \u00d7 1700 \u00d7 1950 mm<\/td><\/tr><tr><td>Poids total<\/td><td>1200 kg<\/td><\/tr><tr><td>Largeur du film int\u00e9rieur<\/td><td>600 mm<\/td><\/tr><tr><td>Sp\u00e9cification du film de silo<\/td><td>1800 m \u00d7 250 mm \u00d7 25 \u03bcm<\/td><\/tr><tr><td>Syst\u00e8me de contr\u00f4le<\/td><td>Affichage LCD<\/td><\/tr><\/tbody><\/table><figcaption class=\"wp-element-caption\">Param\u00e8tres de la machine \u00e0 envelopper le silo<\/figcaption><\/figure>    <figure class=\"wp-block-image size-full\"><img loading=\"lazy\" decoding=\"async\" width=\"720\" height=\"540\" src=\"https:\/\/taizyfarmequipment.com\/wp-content\/uploads\/2026\/04\/straw-wrapping-machine.webp\" alt=\"Machine \u00e0 envelopper la paille\" class=\"wp-image-5103\" srcset=\"https:\/\/taizyfarmequipment.com\/wp-content\/uploads\/2026\/04\/straw-wrapping-machine.webp 720w, https:\/\/taizyfarmequipment.com\/wp-content\/uploads\/2026\/04\/straw-wrapping-machine-300x225.webp 300w, https:\/\/taizyfarmequipment.com\/wp-content\/uploads\/2026\/04\/straw-wrapping-machine-16x12.webp 16w\" sizes=\"auto, (max-width: 720px) 100vw, 720px\" \/><figcaption class=\"wp-element-caption\">Machine \u00e0 envelopper la paille<\/figcaption><\/figure>    <h2 class=\"wp-block-heading\">Cas de r\u00e9ussite de la machine \u00e0 balle de foin<\/h2>    <p>Une ferme laiti\u00e8re au Vietnam a utilis\u00e9 la machine d'enveloppement de silo \u00e0 film double 9YDB-60 pour r\u00e9soudre les probl\u00e8mes de p\u00e9nurie de main-d'\u0153uvre et de moisissure du fourrage. Son fonctionnement enti\u00e8rement automatique a consid\u00e9rablement r\u00e9duit la demande en main-d'\u0153uvre, tandis que l'enveloppement herm\u00e9tique \u00e0 double film a efficacement r\u00e9duit la pourriture du silo et prolong\u00e9 la dur\u00e9e de stockage. La production stable et la mise en balle \u00e0 haute densit\u00e9 ont aid\u00e9 la ferme \u00e0 r\u00e9duire ses co\u00fbts de production et \u00e0 am\u00e9liorer l'efficacit\u00e9 de l'alimentation.<\/p>    <p>Une coop\u00e9rative agricole au Kenya a adopt\u00e9 cette presse \u00e0 foin pour traiter divers mat\u00e9riaux de fourrage. Dot\u00e9e d'une mobilit\u00e9 flexible et d'un contr\u00f4le intelligent, la machine offre une production quotidienne stable et une qualit\u00e9 de balle uniforme. Elle permet une production de silo \u00e0 grande \u00e9chelle, aide la coop\u00e9rative \u00e0 d\u00e9velopper ses ventes sur le march\u00e9 local et apporte des b\u00e9n\u00e9fices \u00e9conomiques remarquables.<\/p>    <figure class=\"wp-block-gallery has-nested-images columns-default is-cropped wp-block-gallery-4 is-layout-flex wp-block-gallery-is-layout-flex\"> <figure class=\"wp-block-image size-large\"><img loading=\"lazy\" decoding=\"async\" width=\"720\" height=\"540\" data-id=\"5101\" src=\"https:\/\/taizyfarmequipment.com\/wp-content\/uploads\/2026\/04\/silage-baler-and-wrapper.webp\" alt=\"Presse \u00e0 silo et enrouleur\" class=\"wp-image-5101\" srcset=\"https:\/\/taizyfarmequipment.com\/wp-content\/uploads\/2026\/04\/silage-baler-and-wrapper.webp 720w, https:\/\/taizyfarmequipment.com\/wp-content\/uploads\/2026\/04\/silage-baler-and-wrapper-300x225.webp 300w, https:\/\/taizyfarmequipment.com\/wp-content\/uploads\/2026\/04\/silage-baler-and-wrapper-16x12.webp 16w\" sizes=\"auto, (max-width: 720px) 100vw, 720px\" \/><figcaption class=\"wp-element-caption\">Presse \u00e0 silo et enrouleur<\/figcaption><\/figure>    <figure class=\"wp-block-image size-large\"><img loading=\"lazy\" decoding=\"async\" width=\"720\" height=\"540\" data-id=\"5102\" src=\"https:\/\/taizyfarmequipment.com\/wp-content\/uploads\/2026\/04\/silage-wrapper.webp\" alt=\"enrubanneuse\" class=\"wp-image-5102\" srcset=\"https:\/\/taizyfarmequipment.com\/wp-content\/uploads\/2026\/04\/silage-wrapper.webp 720w, https:\/\/taizyfarmequipment.com\/wp-content\/uploads\/2026\/04\/silage-wrapper-300x225.webp 300w, https:\/\/taizyfarmequipment.com\/wp-content\/uploads\/2026\/04\/silage-wrapper-16x12.webp 16w\" sizes=\"auto, (max-width: 720px) 100vw, 720px\" \/><figcaption class=\"wp-element-caption\">enrubanneuse<\/figcaption><\/figure> <\/figure>    <h2 class=\"wp-block-heading\">Conclusion<\/h2>    <p>Am\u00e9liorez votre efficacit\u00e9 de traitement du fourrage avec notre machine d'enveloppement de silo \u00e0 film double 9YDB-60. Dot\u00e9e de performances stables, d'une op\u00e9ration enti\u00e8rement automatique et d'une meilleure conservation du silo, elle convient parfaitement aux petites et moyennes exploitations pour r\u00e9duire les co\u00fbts et augmenter les profits. <\/p>    <p class=\"translation-block\">Nous proposons \u00e9galement une large gamme d'autres mod\u00e8les de presses \u00e0 foin et machines d'enveloppement, disponibles pour r\u00e9pondre \u00e0 diff\u00e9rents sc\u00e9narios d'utilisation et besoins de production. N'h\u00e9sitez pas \u00e0 nous contacter pour des devis comp\u00e9titifs et des solutions professionnelles d\u00e8s aujourd'hui !<\/p>    <p><\/p>","protected":false},"excerpt":{"rendered":"<p>La machine d'enveloppement de silo \u00e0 film double 9YDB-60 est une machine enti\u00e8rement automatique pour une mise en balle et un enroulement efficaces du silo.<\/p>","protected":false},"author":1,"featured_media":5092,"parent":0,"template":"","tags":[347],"product-type":[133],"class_list":["post-5089","product","type-product","status-publish","has-post-thumbnail","hentry","tag-silage-wrapping-machine","product-type-silage-machine"],"_links":{"self":[{"href":"https:\/\/taizyfarmequipment.com\/fr\/wp-json\/wp\/v2\/product\/5089","targetHints":{"allow":["GET"]}}],"collection":[{"href":"https:\/\/taizyfarmequipment.com\/fr\/wp-json\/wp\/v2\/product"}],"about":[{"href":"https:\/\/taizyfarmequipment.com\/fr\/wp-json\/wp\/v2\/types\/product"}],"author":[{"embeddable":true,"href":"https:\/\/taizyfarmequipment.com\/fr\/wp-json\/wp\/v2\/users\/1"}],"wp:featuredmedia":[{"embeddable":true,"href":"https:\/\/taizyfarmequipment.com\/fr\/wp-json\/wp\/v2\/media\/5092"}],"wp:attachment":[{"href":"https:\/\/taizyfarmequipment.com\/fr\/wp-json\/wp\/v2\/media?parent=5089"}],"wp:term":[{"taxonomy":"post_tag","embeddable":true,"href":"https:\/\/taizyfarmequipment.com\/fr\/wp-json\/wp\/v2\/tags?post=5089"},{"taxonomy":"product-type","embeddable":true,"href":"https:\/\/taizyfarmequipment.com\/fr\/wp-json\/wp\/v2\/product-type?post=5089"}],"curies":[{"name":"wp","href":"https:\/\/api.w.org\/{rel}","templated":true}]}}