{"id":2505,"date":"2022-01-28T09:02:54","date_gmt":"2022-01-28T09:02:54","guid":{"rendered":"https:\/\/taizyfarmequipment.com\/?page_id=2505"},"modified":"2022-02-28T09:47:13","modified_gmt":"2022-02-28T09:47:13","slug":"visao-geral-da-fabrica","status":"publish","type":"page","link":"https:\/\/taizyfarmequipment.com\/pt\/factory-overview\/","title":{"rendered":"Vis\u00e3o geral da f\u00e1brica"},"content":{"rendered":"<p>Desde a cria\u00e7\u00e3o da empresa, constru\u00edmos mais de 30.000 metros quadrados de f\u00e1bricas. Nossa f\u00e1brica possui diferentes departamentos, incluindo departamento de P&amp;D, departamento de design, departamento de fabrica\u00e7\u00e3o, departamento de montagem e departamento de embalagem. <\/p>    <p>Da produ\u00e7\u00e3o \u00e0 fabrica\u00e7\u00e3o, cada etapa \u00e9 realizada por t\u00e9cnicos profissionais. Isso garante uma transi\u00e7\u00e3o suave entre cada etapa da produ\u00e7\u00e3o. Al\u00e9m disso, nossas instala\u00e7\u00f5es de produ\u00e7\u00e3o s\u00e3o avan\u00e7adas e precisas, garantindo assim a precis\u00e3o e compacidade das m\u00e1quinas.<\/p>    <p>Nossa f\u00e1brica produz m\u00e1quinas de acordo com padr\u00f5es internacionais desde o seu in\u00edcio. Todas as m\u00e1quinas s\u00e3o feitas de materiais de alta qualidade. Portanto, a m\u00e1quina produzida \u00e9 resistente ao desgaste e tem uma longa vida \u00fatil.<\/p>    <h2 class=\"wp-block-heading\" id=\"h-what-agricultural-machinery-do-we-produce\">Que m\u00e1quinas agr\u00edcolas produzimos?<\/h2>    <p>Nossa f\u00e1brica\u00a0produz uma linha completa de m\u00e1quinas agr\u00edcolas para atender diversas necessidades agr\u00edcolas. Inclui principalmente unidade de descascamento de amendoim, m\u00e1quina de enfardamento e embalagem, m\u00e1quina de peletiza\u00e7\u00e3o de alimentos para peixes, debulhador multifuncional, fresadora de arroz, m\u00e1quina de cria\u00e7\u00e3o de viveiro de mudas, etc. Outros s\u00e3o debulhador, descascador, cortador de palha, cultivador, triturador de gr\u00e3os, moinho de arroz, m\u00e1quinas de milho, colheitadeira, ceifeira, semeadora, transplantadora, peletizadora, etc.<\/p>    <figure class=\"wp-block-gallery has-nested-images columns-default is-cropped wp-block-gallery-2 is-layout-flex wp-block-gallery-is-layout-flex\"> <figure class=\"wp-block-image size-large\"><img loading=\"lazy\" decoding=\"async\" width=\"720\" height=\"540\" data-id=\"2779\" src=\"https:\/\/taizyfarmequipment.com\/wp-content\/uploads\/2022\/02\/factory-1-720_540.jpg\" alt=\"estoque de m\u00e1quinas\" class=\"wp-image-2779\" title=\"estoque de m\u00e1quinas\" srcset=\"https:\/\/taizyfarmequipment.com\/wp-content\/uploads\/2022\/02\/factory-1-720_540.jpg 720w, https:\/\/taizyfarmequipment.com\/wp-content\/uploads\/2022\/02\/factory-1-720_540-300x225.jpg 300w\" sizes=\"auto, (max-width: 720px) 100vw, 720px\" \/><figcaption>estoque de m\u00e1quinas<\/figcaption><\/figure>    <figure class=\"wp-block-image size-large\"><img loading=\"lazy\" decoding=\"async\" width=\"720\" height=\"540\" data-id=\"2778\" src=\"https:\/\/taizyfarmequipment.com\/wp-content\/uploads\/2022\/02\/factory-720_540.jpg\" alt=\"m\u00e1quina agr\u00edcola embalada\" class=\"wp-image-2778\" title=\"m\u00e1quina agr\u00edcola embalada\" srcset=\"https:\/\/taizyfarmequipment.com\/wp-content\/uploads\/2022\/02\/factory-720_540.jpg 720w, https:\/\/taizyfarmequipment.com\/wp-content\/uploads\/2022\/02\/factory-720_540-300x225.jpg 300w\" sizes=\"auto, (max-width: 720px) 100vw, 720px\" \/><figcaption>m\u00e1quina agr\u00edcola embalada<\/figcaption><\/figure> <figcaption class=\"blocks-gallery-caption\">maquinaria agr\u00edcola<\/figcaption><\/figure>    <h2 class=\"wp-block-heading\">Quais s\u00e3o os principais pa\u00edses para os quais vendemos?<\/h2>    <p>Com o desenvolvimento cont\u00ednuo da empresa, nossos produtos foram vendidos em muitos pa\u00edses, como \u00c1frica, Sudeste Asi\u00e1tico e Am\u00e9rica do Sul, como Nig\u00e9ria, Gana, Peru, Indon\u00e9sia, etc.<\/p>    <h2 class=\"wp-block-heading\">Rica experi\u00eancia de exporta\u00e7\u00e3o<\/h2>    <p>No processo de com\u00e9rcio de exporta\u00e7\u00e3o cont\u00ednuo, acumulamos muita experi\u00eancia em exporta\u00e7\u00e3o.<\/p>    <p>1. Ser capaz de recomendar m\u00e1quinas adequadas de acordo com a situa\u00e7\u00e3o do cliente.<\/p>    <p>2. Tamb\u00e9m podemos personalizar m\u00e1quinas para clientes de acordo com necessidades espec\u00edficas.<\/p>    <p>3. Aceitamos v\u00e1rios m\u00e9todos de pagamento, como Trade Assurance, T\/T, Western Union, Money Gram, L\/C, Pay Pal, Cash, etc.<\/p>    <p>4. Temos certificados completos. Nossa empresa possui certificado ISO 9001 e a maioria dos produtos possui certificado CE.\u00a0Tamb\u00e9m podemos obter PVOC, SONCAP, SABRE e C\/O preferencial para ajudar os clientes a fazer o desembara\u00e7o de importa\u00e7\u00e3o com facilidade.<\/p>    <p>5. Al\u00e9m disso, contamos com um sistema log\u00edstico completo, que pode oferecer aos clientes diversos meios de transporte. Por exemplo LCL ou FCL por via mar\u00edtima ou a\u00e9rea, expresso internacional.<\/p>    <p>Desde o estabelecimento da f\u00e1brica, estabelecemos rela\u00e7\u00f5es de coopera\u00e7\u00e3o com muitos pa\u00edses estrangeiros. E temos vasta experi\u00eancia na realiza\u00e7\u00e3o de projetos de licita\u00e7\u00e3o de ONGs, FAO, PNUD e compras governamentais.\u00a0<\/p>    <h2 class=\"wp-block-heading\">Nosso lema<\/h2>    <p>Para os agricultores, para a agricultura, para uma vida melhor.<\/p>","protected":false},"excerpt":{"rendered":"<p>Since the establishment of the company, we have built more than 30,000 square meters of factories. Our factory has different departments, including R&amp;D department, design department, manufacturing department, assembly department and packing department. From production to manufacturing, every step is handled by professional technicians. This ensures a smooth transition between each production step. Besides, our [&hellip;]<\/p>\n","protected":false},"author":1,"featured_media":2772,"parent":0,"menu_order":0,"comment_status":"closed","ping_status":"closed","template":"","meta":{"footnotes":""},"class_list":["post-2505","page","type-page","status-publish","has-post-thumbnail","hentry"],"_links":{"self":[{"href":"https:\/\/taizyfarmequipment.com\/pt\/wp-json\/wp\/v2\/pages\/2505","targetHints":{"allow":["GET"]}}],"collection":[{"href":"https:\/\/taizyfarmequipment.com\/pt\/wp-json\/wp\/v2\/pages"}],"about":[{"href":"https:\/\/taizyfarmequipment.com\/pt\/wp-json\/wp\/v2\/types\/page"}],"author":[{"embeddable":true,"href":"https:\/\/taizyfarmequipment.com\/pt\/wp-json\/wp\/v2\/users\/1"}],"replies":[{"embeddable":true,"href":"https:\/\/taizyfarmequipment.com\/pt\/wp-json\/wp\/v2\/comments?post=2505"}],"version-history":[{"count":0,"href":"https:\/\/taizyfarmequipment.com\/pt\/wp-json\/wp\/v2\/pages\/2505\/revisions"}],"wp:featuredmedia":[{"embeddable":true,"href":"https:\/\/taizyfarmequipment.com\/pt\/wp-json\/wp\/v2\/media\/2772"}],"wp:attachment":[{"href":"https:\/\/taizyfarmequipment.com\/pt\/wp-json\/wp\/v2\/media?parent=2505"}],"curies":[{"name":"wp","href":"https:\/\/api.w.org\/{rel}","templated":true}]}}