{"id":7,"date":"2021-12-10T07:35:19","date_gmt":"2021-12-10T07:35:19","guid":{"rendered":"http:\/\/taizyfarmequipment.local\/?page_id=7"},"modified":"2022-03-23T03:23:16","modified_gmt":"2022-03-23T03:23:16","slug":"sobre-nos","status":"publish","type":"page","link":"https:\/\/taizyfarmequipment.com\/pt\/about-us\/","title":{"rendered":"Sobre n\u00f3s"},"content":{"rendered":"<p><\/p>    <h2 class=\"wp-block-heading\" id=\"h-who-we-are\">Quem somos  <\/h2>    <p class=\"translation-block\">Zhengzhou Taizy Machinery Co., Ltd \u00e9 uma empresa especializada na investiga\u00e7\u00e3o, fabrico, desenvolvimento e venda de <a href=\"\/pt\/produto\/\">m\u00e1quinas agr\u00edcolas<\/a>. Com o aumento cont\u00ednuo da escala do cultivo agr\u00edcola e a constante melhoria dos rendimentos das culturas, as m\u00e1quinas agr\u00edcolas tornaram-se uma necessidade di\u00e1ria das pessoas em todos os pa\u00edses. Por isso, a nossa empresa foi fundada em 2011 com a miss\u00e3o corporativa de \u201cpermitir que as m\u00e1quinas chinesas mudem todos os cantos do mundo\u201d. Desde a cria\u00e7\u00e3o da nossa empresa, constru\u00edmos mais de 30 000 metros quadrados de oficinas e temos 200 t\u00e9cnicos profissionais. Eles est\u00e3o empenhados em criar melhores m\u00e1quinas e equipamentos. Ao mesmo tempo, as nossas m\u00e1quinas agr\u00edcolas tamb\u00e9m t\u00eam sido bem recebidas tanto no mercado interno como no estrangeiro. Hoje em dia, os nossos produtos t\u00eam gozado de grande popularidade em Africa ,South East Asia and South American ,such as Nigeria, Ghana ,Peru ,Indonesia etc. Meanwhile, we have rich experience in doing Tender Projects from NGO ,FAO, UNDP and Government Procurement.<\/p>    <figure class=\"wp-block-gallery has-nested-images columns-default is-cropped wp-block-gallery-2 is-layout-flex wp-block-gallery-is-layout-flex\"> <figure class=\"wp-block-image size-large\"><img loading=\"lazy\" decoding=\"async\" width=\"720\" height=\"540\" data-id=\"2736\" src=\"https:\/\/taizyfarmequipment.com\/wp-content\/uploads\/2022\/02\/55-tuya-tuya-tuya_720_540.jpg\" alt=\"nossa f\u00e1brica\" class=\"wp-image-2736\" title=\"nossa f\u00e1brica\" srcset=\"https:\/\/taizyfarmequipment.com\/wp-content\/uploads\/2022\/02\/55-tuya-tuya-tuya_720_540.jpg 720w, https:\/\/taizyfarmequipment.com\/wp-content\/uploads\/2022\/02\/55-tuya-tuya-tuya_720_540-300x225.jpg 300w\" sizes=\"auto, (max-width: 720px) 100vw, 720px\" \/><figcaption>nossa f\u00e1brica<\/figcaption><\/figure>    <figure class=\"wp-block-image size-large\"><img loading=\"lazy\" decoding=\"async\" width=\"720\" height=\"540\" data-id=\"2737\" src=\"https:\/\/taizyfarmequipment.com\/wp-content\/uploads\/2022\/02\/53-tuya_720_540.jpg\" alt=\"produ\u00e7\u00e3o de m\u00e1quinas\" class=\"wp-image-2737\" title=\"produ\u00e7\u00e3o de m\u00e1quinas\" srcset=\"https:\/\/taizyfarmequipment.com\/wp-content\/uploads\/2022\/02\/53-tuya_720_540.jpg 720w, https:\/\/taizyfarmequipment.com\/wp-content\/uploads\/2022\/02\/53-tuya_720_540-300x225.jpg 300w\" sizes=\"auto, (max-width: 720px) 100vw, 720px\" \/><figcaption>produ\u00e7\u00e3o de m\u00e1quinas<\/figcaption><\/figure> <figcaption class=\"blocks-gallery-caption\">exibi\u00e7\u00e3o de f\u00e1brica<\/figcaption><\/figure>    <h2 class=\"wp-block-heading\" id=\"h-our-main-products\">Nossos principais produtos<\/h2>    <p class=\"translation-block\">Os nossos principais produtos incluem Debulhadora, Descascadora,\u00a0<a href=\"https:\/\/www.agriculture-machine.com\/the-functions-uses-and-prices-of-the-combined-chaff-cutter-and-grain-grinder\/\" target=\"_blank\" rel=\"noopener\">Picador de palha<\/a>, Cultivador, Moedor de cereais,\u00a0Descascadora de arroz,\u00a0<a href=\"https:\/\/cornmachines.com\/\" target=\"_blank\" rel=\"noopener\">M\u00e1quinas para milho<\/a>, Colheitadeira, Segadora-amarradora, Semeadora, Transplantadora,\u00a0<a href=\"https:\/\/pelletmillmachine.com\/\" target=\"_blank\" rel=\"noopener\">m\u00e1quinas de peletiza\u00e7\u00e3o<\/a>, etc. Nowadays, our products are favored by Africa and South East Asia market, like Nigeria, Kenya, South Africa, Ghana, Congo, Ethiopia, Namibia, Morocco, Botswana, Zimbabwe, Uganda, Algeria, Cameroon etc.<\/p>    <h2 class=\"wp-block-heading\" id=\"h-our-address\">Nosso endere\u00e7o<\/h2>    <p>Nossa empresa est\u00e1 localizada em Zhengshang Jingkai Square, East Hanghai Road, ETDZ, Zhengzhou, Henan, China. A regi\u00e3o \u00e9 um importante centro econ\u00f4mico e comercial. Aqui temos recursos humanos e materiais abundantes.<\/p>    <figure class=\"wp-block-gallery has-nested-images columns-default is-cropped wp-block-gallery-3 is-layout-flex wp-block-gallery-is-layout-flex\"> <figure class=\"wp-block-image size-large\"><img loading=\"lazy\" decoding=\"async\" width=\"720\" height=\"540\" data-id=\"2738\" src=\"https:\/\/taizyfarmequipment.com\/wp-content\/uploads\/2022\/02\/44_720_540.jpg\" alt=\"nosso escrit\u00f3rio\" class=\"wp-image-2738\" title=\"nosso escrit\u00f3rio\" srcset=\"https:\/\/taizyfarmequipment.com\/wp-content\/uploads\/2022\/02\/44_720_540.jpg 720w, https:\/\/taizyfarmequipment.com\/wp-content\/uploads\/2022\/02\/44_720_540-300x225.jpg 300w\" sizes=\"auto, (max-width: 720px) 100vw, 720px\" \/><figcaption>nosso escrit\u00f3rio<\/figcaption><\/figure>    <figure class=\"wp-block-image size-large\"><img loading=\"lazy\" decoding=\"async\" width=\"720\" height=\"540\" data-id=\"2739\" src=\"https:\/\/taizyfarmequipment.com\/wp-content\/uploads\/2022\/02\/88-tuya_720_540.jpg\" alt=\"pr\u00e9dio de escrit\u00f3rios\" class=\"wp-image-2739\" title=\"pr\u00e9dio de escrit\u00f3rios\" srcset=\"https:\/\/taizyfarmequipment.com\/wp-content\/uploads\/2022\/02\/88-tuya_720_540.jpg 720w, https:\/\/taizyfarmequipment.com\/wp-content\/uploads\/2022\/02\/88-tuya_720_540-300x225.jpg 300w\" sizes=\"auto, (max-width: 720px) 100vw, 720px\" \/><figcaption>pr\u00e9dio de escrit\u00f3rios<\/figcaption><\/figure> <figcaption class=\"blocks-gallery-caption\">Nosso endere\u00e7o<\/figcaption><\/figure>    <h2 class=\"wp-block-heading\" id=\"h-our-service\">Nosso servi\u00e7o<\/h2>    <p>Temos gerentes profissionais para nos comunicar com voc\u00ea. Eles podem responder rapidamente a v\u00e1rias perguntas, fornecer informa\u00e7\u00f5es abrangentes sobre a m\u00e1quina e solu\u00e7\u00f5es razo\u00e1veis \u200b\u200bpara a m\u00e1quina. A seguir est\u00e1 o conte\u00fado do nosso servi\u00e7o:<\/p>    <p>Pr\u00e9-venda<\/p>    <ol class=\"wp-block-list\" type=\"1\"><li>Compreenda perfeitamente suas necessidades. Perguntaremos sobre suas mat\u00e9rias-primas, a quantidade de mat\u00e9rias-primas que deseja processar, seu or\u00e7amento e muito mais. Para recomendar a m\u00e1quina certa para voc\u00ea.<\/li><li>Ap\u00f3s confirmar sua necessidade, faremos um or\u00e7amento para voc\u00ea. A cota\u00e7\u00e3o cont\u00e9m os par\u00e2metros e detalhes da m\u00e1quina. Tamb\u00e9m listaremos outras m\u00e1quinas que atendem aos seus requisitos para sua refer\u00eancia.<\/li><\/ol>    <p>\u00c0 venda<\/p>    <ol class=\"wp-block-list\" type=\"1\"><li>Oferecemos m\u00e9todos de pagamento seguros e r\u00e1pidos. Aceitamos Trade Assurance, T\/T, Money Gram, L\/C, Pay Pal, Western Union, Cash, etc.<\/li><li>Embalagem visual e transporte. Enviaremos fotos da m\u00e1quina antes e depois da embalagem. Al\u00e9m disso, podemos fornecer um v\u00eddeo da sua m\u00e1quina ociosa, se necess\u00e1rio.<\/li><\/ol>    <p>P\u00f3s-venda<\/p>    <ol class=\"wp-block-list\" type=\"1\"><li>Informe informa\u00e7\u00f5es de log\u00edstica em tempo h\u00e1bil. Verificaremos as informa\u00e7\u00f5es de envio da m\u00e1quina e notificaremos voc\u00ea sobre o andamento do envio.<\/li><li>Servi\u00e7o de instala\u00e7\u00e3o no local. Se voc\u00ea precisar. Podemos enviar um engenheiro profissional para o seu local e fornecer instru\u00e7\u00f5es de instala\u00e7\u00e3o e uso.<\/li><li>Orienta\u00e7\u00e3o on-line. Tamb\u00e9m fornecemos orienta\u00e7\u00e3o on-line. Prometemos ajud\u00e1-lo a usar bem a m\u00e1quina depois de compr\u00e1-la.<\/li><\/ol>    <figure class=\"wp-block-gallery has-nested-images columns-default is-cropped wp-block-gallery-4 is-layout-flex wp-block-gallery-is-layout-flex\"> <figure class=\"wp-block-image size-large\"><img loading=\"lazy\" decoding=\"async\" width=\"720\" height=\"540\" data-id=\"2741\" src=\"https:\/\/taizyfarmequipment.com\/wp-content\/uploads\/2022\/02\/11-tuya_720_540.jpg\" alt=\"Exposi\u00e7\u00e3o no exterior\" class=\"wp-image-2741\" title=\"Exposi\u00e7\u00e3o no exterior\" srcset=\"https:\/\/taizyfarmequipment.com\/wp-content\/uploads\/2022\/02\/11-tuya_720_540.jpg 720w, https:\/\/taizyfarmequipment.com\/wp-content\/uploads\/2022\/02\/11-tuya_720_540-300x225.jpg 300w\" sizes=\"auto, (max-width: 720px) 100vw, 720px\" \/><figcaption>Exposi\u00e7\u00e3o no exterior<\/figcaption><\/figure>    <figure class=\"wp-block-image size-large\"><img loading=\"lazy\" decoding=\"async\" width=\"720\" height=\"540\" data-id=\"2743\" src=\"https:\/\/taizyfarmequipment.com\/wp-content\/uploads\/2022\/02\/08-tuya-tuya_720_540.jpg\" alt=\"Visita \u00e0 f\u00e1brica\" class=\"wp-image-2743\" title=\"Visita \u00e0 f\u00e1brica\" srcset=\"https:\/\/taizyfarmequipment.com\/wp-content\/uploads\/2022\/02\/08-tuya-tuya_720_540.jpg 720w, https:\/\/taizyfarmequipment.com\/wp-content\/uploads\/2022\/02\/08-tuya-tuya_720_540-300x225.jpg 300w\" sizes=\"auto, (max-width: 720px) 100vw, 720px\" \/><figcaption>Visita \u00e0 f\u00e1brica<\/figcaption><\/figure> <figcaption class=\"blocks-gallery-caption\">Exposi\u00e7\u00e3o no exterior e visita \u00e0 f\u00e1brica<\/figcaption><\/figure>    <p><\/p>    <p><\/p>    <p><\/p>    <p><\/p>    <p><\/p>    <p><\/p>","protected":false},"excerpt":{"rendered":"<p>Who we are Zhengzhou Taizy Machinery Co., Ltd is a company specializing in the research, manufacture, development and sale of agricultural machinery. With the continuous increase in the scale of agricultural planting and the constant improvement of crop yields, agricultural machinery has become the daily needs of people in all countries. Therefore, our company was [&hellip;]<\/p>\n","protected":false},"author":1,"featured_media":2747,"parent":0,"menu_order":0,"comment_status":"closed","ping_status":"closed","template":"","meta":{"footnotes":""},"class_list":["post-7","page","type-page","status-publish","has-post-thumbnail","hentry"],"_links":{"self":[{"href":"https:\/\/taizyfarmequipment.com\/pt\/wp-json\/wp\/v2\/pages\/7","targetHints":{"allow":["GET"]}}],"collection":[{"href":"https:\/\/taizyfarmequipment.com\/pt\/wp-json\/wp\/v2\/pages"}],"about":[{"href":"https:\/\/taizyfarmequipment.com\/pt\/wp-json\/wp\/v2\/types\/page"}],"author":[{"embeddable":true,"href":"https:\/\/taizyfarmequipment.com\/pt\/wp-json\/wp\/v2\/users\/1"}],"replies":[{"embeddable":true,"href":"https:\/\/taizyfarmequipment.com\/pt\/wp-json\/wp\/v2\/comments?post=7"}],"version-history":[{"count":0,"href":"https:\/\/taizyfarmequipment.com\/pt\/wp-json\/wp\/v2\/pages\/7\/revisions"}],"wp:featuredmedia":[{"embeddable":true,"href":"https:\/\/taizyfarmequipment.com\/pt\/wp-json\/wp\/v2\/media\/2747"}],"wp:attachment":[{"href":"https:\/\/taizyfarmequipment.com\/pt\/wp-json\/wp\/v2\/media?parent=7"}],"curies":[{"name":"wp","href":"https:\/\/api.w.org\/{rel}","templated":true}]}}