{"id":9,"date":"2021-12-10T07:35:38","date_gmt":"2021-12-10T07:35:38","guid":{"rendered":"http:\/\/taizyfarmequipment.local\/?page_id=9"},"modified":"2023-08-29T18:19:31","modified_gmt":"2023-08-29T10:19:31","slug":"contate-nos","status":"publish","type":"page","link":"https:\/\/taizyfarmequipment.com\/pt\/contact-us\/","title":{"rendered":"Contate-nos"},"content":{"rendered":"<p class=\"has-medium-font-size\" style=\"font-style:normal;font-weight:400\">A Taizy Farm Equipment agradece todas as perguntas e entraremos em contato com voc\u00ea em breve. Por favor, deixe sua massagem e entraremos em contato o mais breve poss\u00edvel.<\/p>    <p> <\/p>    <div class=\"wp-block-columns pt50 is-layout-flex wp-container-core-columns-is-layout-28f84493 wp-block-columns-is-layout-flex\"> <div class=\"wp-block-column is-layout-flow wp-block-column-is-layout-flow\"> <figure class=\"wp-block-image aligncenter size-full is-resized\"><img loading=\"lazy\" decoding=\"async\" src=\"https:\/\/taizyfarmequipment.com\/wp-content\/uploads\/2022\/03\/smartphone.png\" alt=\"\" class=\"wp-image-2949\" style=\"width:70px;height:70px\" width=\"70\" height=\"70\"\/><figcaption class=\"wp-element-caption\">Telefone<\/figcaption><\/figure>    <p class=\"has-text-align-center\">+86 17329326135<\/p> <\/div>    <div class=\"wp-block-column is-layout-flow wp-block-column-is-layout-flow\"> <figure class=\"wp-block-image aligncenter size-full is-resized\"><img loading=\"lazy\" decoding=\"async\" src=\"https:\/\/taizyfarmequipment.com\/wp-content\/uploads\/2022\/03\/email.png\" alt=\"\" class=\"wp-image-2950\" style=\"width:70px;height:70px\" width=\"70\" height=\"70\"\/><figcaption class=\"wp-element-caption\">E-mail<\/figcaption><\/figure>    <p class=\"has-text-align-center\">info@taizyfarmequipment.com<\/p> <\/div>    <div class=\"wp-block-column is-layout-flow wp-block-column-is-layout-flow\"> <figure class=\"wp-block-image aligncenter size-full is-resized\"><img loading=\"lazy\" decoding=\"async\" src=\"https:\/\/taizyfarmequipment.com\/wp-content\/uploads\/2022\/03\/whatsapp.png\" alt=\"\" class=\"wp-image-2951\" style=\"width:70px;height:70px\" width=\"70\" height=\"70\"\/><figcaption class=\"wp-element-caption\">WhatsApp<\/figcaption><\/figure>    <p class=\"has-text-align-center\">+86 17329326135<\/p> <\/div>    <div class=\"wp-block-column is-layout-flow wp-block-column-is-layout-flow\"> <figure class=\"wp-block-image aligncenter size-full is-resized\"><img loading=\"lazy\" decoding=\"async\" src=\"https:\/\/taizyfarmequipment.com\/wp-content\/uploads\/2022\/03\/address.png\" alt=\"\" class=\"wp-image-2953\" style=\"width:70px;height:70px\" width=\"70\" height=\"70\"\/><figcaption class=\"wp-element-caption\">Endere\u00e7o<\/figcaption><\/figure>    <p class=\"has-text-align-center\">Zona de Desenvolvimento Econ\u00f4mico de Zhengzhou, Henan, China<\/p> <\/div> <\/div>    <p><\/p>","protected":false},"excerpt":{"rendered":"<p>A Taizy Farm Equipment d\u00e1 as boas-vindas a todas as consultas e responderemos em breve. Por favor, deixe a sua mensagem e entraremos em contacto consigo o mais r\u00e1pido poss\u00edvel. +86 17329326135 info@taizyfarmequipment.com +86 17329326135 Zona de Desenvolvimento Econ\u00f3mico de Zhengzhou, Henan, China<\/p>","protected":false},"author":1,"featured_media":0,"parent":0,"menu_order":0,"comment_status":"closed","ping_status":"closed","template":"","meta":{"footnotes":""},"class_list":["post-9","page","type-page","status-publish","hentry"],"_links":{"self":[{"href":"https:\/\/taizyfarmequipment.com\/pt\/wp-json\/wp\/v2\/pages\/9","targetHints":{"allow":["GET"]}}],"collection":[{"href":"https:\/\/taizyfarmequipment.com\/pt\/wp-json\/wp\/v2\/pages"}],"about":[{"href":"https:\/\/taizyfarmequipment.com\/pt\/wp-json\/wp\/v2\/types\/page"}],"author":[{"embeddable":true,"href":"https:\/\/taizyfarmequipment.com\/pt\/wp-json\/wp\/v2\/users\/1"}],"replies":[{"embeddable":true,"href":"https:\/\/taizyfarmequipment.com\/pt\/wp-json\/wp\/v2\/comments?post=9"}],"version-history":[{"count":0,"href":"https:\/\/taizyfarmequipment.com\/pt\/wp-json\/wp\/v2\/pages\/9\/revisions"}],"wp:attachment":[{"href":"https:\/\/taizyfarmequipment.com\/pt\/wp-json\/wp\/v2\/media?parent=9"}],"curies":[{"name":"wp","href":"https:\/\/api.w.org\/{rel}","templated":true}]}}