{"id":2542,"date":"2022-02-08T08:27:48","date_gmt":"2022-02-08T08:27:48","guid":{"rendered":"https:\/\/taizyfarmequipment.com\/"},"modified":"2025-11-26T15:25:32","modified_gmt":"2025-11-26T07:25:32","slug":"maquina-automatica-de-descascar-sementes-de-gergelim","status":"publish","type":"product","link":"https:\/\/taizyfarmequipment.com\/pt\/product\/automatic-sesame-seeds-peeling-hulling-machine\/","title":{"rendered":"\u00d3tima m\u00e1quina autom\u00e1tica de descascar sementes de gergelim"},"content":{"rendered":"<div class=\"kk-star-ratings kksr-auto kksr-align-left kksr-valign-top\"     data-payload='{&quot;align&quot;:&quot;left&quot;,&quot;id&quot;:&quot;2542&quot;,&quot;slug&quot;:&quot;default&quot;,&quot;valign&quot;:&quot;top&quot;,&quot;ignore&quot;:&quot;&quot;,&quot;reference&quot;:&quot;auto&quot;,&quot;class&quot;:&quot;&quot;,&quot;count&quot;:&quot;26&quot;,&quot;legendonly&quot;:&quot;&quot;,&quot;readonly&quot;:&quot;&quot;,&quot;score&quot;:&quot;4.8&quot;,&quot;starsonly&quot;:&quot;&quot;,&quot;best&quot;:&quot;5&quot;,&quot;gap&quot;:&quot;5&quot;,&quot;greet&quot;:&quot;Rate this product&quot;,&quot;legend&quot;:&quot;4.8\\\/5 - (26 votes)&quot;,&quot;size&quot;:&quot;24&quot;,&quot;title&quot;:&quot;Great automatic sesame seeds peeling hulling machine&quot;,&quot;width&quot;:&quot;136.7&quot;,&quot;_legend&quot;:&quot;{score}\\\/{best} - ({count} {votes})&quot;,&quot;font_factor&quot;:&quot;1.25&quot;}'>              <div class=\"kksr-stars\">      <div class=\"kksr-stars-inactive\">             <div class=\"kksr-star\" data-star=\"1\" style=\"padding-right: 5px\">               <div class=\"kksr-icon\" style=\"width: 24px; height: 24px;\"><\/div>         <\/div>             <div class=\"kksr-star\" data-star=\"2\" style=\"padding-right: 5px\">               <div class=\"kksr-icon\" style=\"width: 24px; height: 24px;\"><\/div>         <\/div>             <div class=\"kksr-star\" data-star=\"3\" style=\"padding-right: 5px\">               <div class=\"kksr-icon\" style=\"width: 24px; height: 24px;\"><\/div>         <\/div>             <div class=\"kksr-star\" data-star=\"4\" style=\"padding-right: 5px\">               <div class=\"kksr-icon\" style=\"width: 24px; height: 24px;\"><\/div>         <\/div>             <div class=\"kksr-star\" data-star=\"5\" style=\"padding-right: 5px\">               <div class=\"kksr-icon\" style=\"width: 24px; height: 24px;\"><\/div>         <\/div>     <\/div>      <div class=\"kksr-stars-active\" style=\"width: 136.7px;\">             <div class=\"kksr-star\" style=\"padding-right: 5px\">               <div class=\"kksr-icon\" style=\"width: 24px; height: 24px;\"><\/div>         <\/div>             <div class=\"kksr-star\" style=\"padding-right: 5px\">               <div class=\"kksr-icon\" style=\"width: 24px; height: 24px;\"><\/div>         <\/div>             <div class=\"kksr-star\" style=\"padding-right: 5px\">               <div class=\"kksr-icon\" style=\"width: 24px; height: 24px;\"><\/div>         <\/div>             <div class=\"kksr-star\" style=\"padding-right: 5px\">               <div class=\"kksr-icon\" style=\"width: 24px; height: 24px;\"><\/div>         <\/div>             <div class=\"kksr-star\" style=\"padding-right: 5px\">               <div class=\"kksr-icon\" style=\"width: 24px; height: 24px;\"><\/div>         <\/div>     <\/div> <\/div>                   <div class=\"kksr-legend\" style=\"font-size: 19.2px;\">             4,8\/5 - (26 votos)    <\/div>     <\/div>  <p>As sementes de gergelim autom\u00e1ticas descascam a m\u00e1quina de casco \u00e9 equipamento que pode descascar a pele externa da gergelim. Sua principal fun\u00e7\u00e3o \u00e9 mergulhar, descascar e separar a pele e o n\u00facleo ap\u00f3s a descama\u00e7\u00e3o.<\/p>    <p class=\"translation-block\">Quando o s\u00e9samo \u00e9 usado como alimento para fornecer recursos de prote\u00edna para os humanos, geralmente \u00e9 necess\u00e1rio descascar. E o s\u00e9samo descascado tem um sabor mais suave e \u00e9 mais facilmente absorvido pelos nossos corpos. Para processamento adicional, vamos descascar muitos gr\u00e3os. E tamb\u00e9m temos <a href=\"https:\/\/taizyfarmequipment.com\/pt\/produto\/maquina-de-descascar-soja\/\">descascadores de soja<\/a> para descascar soja. <\/p>    <p>A m\u00e1quina \u00e9 simples de operar, acess\u00edvel e economiza m\u00e3o de obra. Portanto, \u00e9 um ajudante indispens\u00e1vel para as pessoas.<\/p>    <h2 class=\"wp-block-heading\" id=\"h-introduction-of-the-sesame-peeling-machine\">Introdu\u00e7\u00e3o da m\u00e1quina autom\u00e1tica de descascar sementes de gergelim<\/h2>    <p class=\"translation-block\">The <a href=\"https:\/\/www.agriculture-machine.com\/corn-grits-making-machine\/\" target=\"_blank\" rel=\"noopener\">automatic sesame seeds peeling hulling machine<\/a> is a vertical structure that we can fully utilize in the internal space. At the same time, the volume is small, the structure is simple, the operation is convenient, and the maintenance rate is low.<\/p>    <p>A m\u00e1quina autom\u00e1tica de descascar sementes de gergelim adota um agitador composto. Este tipo de agitador pode produzir desvio axial, desvio radial e desvio circular. Assim, ele pode virar o material totalmente sem cantos mortos e tem uma alta taxa de descascamento.<\/p>    <p>O uso de um agitador composto reduz o tempo de imers\u00e3o, descascamento e separa\u00e7\u00e3o das sementes de gergelim. Portanto, melhora a efici\u00eancia da produ\u00e7\u00e3o e melhora a qualidade do produto.<\/p>    <figure class=\"wp-block-image aligncenter size-full\"><img loading=\"lazy\" decoding=\"async\" width=\"720\" height=\"540\" src=\"https:\/\/taizyfarmequipment.com\/wp-content\/uploads\/2022\/02\/AUTOMATIC-SESAME-SEEDS-PEELING-HULLING-MACHINE.webp\" alt=\"M\u00e1quina autom\u00e1tica de descasque e casca de sementes de s\u00e9samo\" class=\"wp-image-4966\" title=\"M\u00e1quina autom\u00e1tica de descascar sementes de gergelim\" srcset=\"https:\/\/taizyfarmequipment.com\/wp-content\/uploads\/2022\/02\/AUTOMATIC-SESAME-SEEDS-PEELING-HULLING-MACHINE.webp 720w, https:\/\/taizyfarmequipment.com\/wp-content\/uploads\/2022\/02\/AUTOMATIC-SESAME-SEEDS-PEELING-HULLING-MACHINE-300x225.webp 300w, https:\/\/taizyfarmequipment.com\/wp-content\/uploads\/2022\/02\/AUTOMATIC-SESAME-SEEDS-PEELING-HULLING-MACHINE-16x12.webp 16w\" sizes=\"auto, (max-width: 720px) 100vw, 720px\" \/><figcaption class=\"wp-element-caption\">M\u00e1quina autom\u00e1tica de descasque e casca de sementes de s\u00e9samo<\/figcaption><\/figure>    <h2 class=\"wp-block-heading\" id=\"structure-of-the-sesame-seeds-peeling-machine\">Estrutura da m\u00e1quina descascadora autom\u00e1tica de sementes de gergelim<\/h2>    <p>A m\u00e1quina descascadora autom\u00e1tica de sementes de gergelim inclui principalmente um redutor, tanque, agitador composto, separador, aquecedor, dispositivo de posicionamento e v\u00e1rios tubos de entrada e sa\u00edda.<\/p>    <h2 class=\"wp-block-heading\" id=\"the-working-process-of-automatic-sesame-peeling-machine\">O processo de trabalho da m\u00e1quina autom\u00e1tica de descascar gergelim<\/h2>    <p>Primeiro, ligue a m\u00e1quina e despeje as sementes de gergelim filtradas no primeiro barril da descascadora. E o tempo de descascamento \u00e9 de cerca de 3-5 minutos.<\/p>    <p>Antes de colocar as sementes de s\u00e9samo descascadas no segundo tambor de separa\u00e7\u00e3o, adicione um ter\u00e7o de \u00e1gua ao separador para evitar que as cascas de s\u00e9samo bloqueiem a malha.<\/p>    <p>Ao separar, certifique-se de que um ter\u00e7o da propor\u00e7\u00e3o (\u00e1gua 3 gergelim 1) seja usado para separar os gr\u00e3os e as cascas e, ao mesmo tempo, abra a v\u00e1lvula inferior para drenar as cascas de gergelim com \u00e1gua. A quantidade de entrada de \u00e1gua \u00e9 igual \u00e0 quantidade de \u00e1gua descarregada.<\/p>    <p>Ap\u00f3s cerca de 5 a 10 minutos de tempo de separa\u00e7\u00e3o, escorra e limpe as sementes de gergelim.<\/p>    <figure class=\"wp-block-image size-full\"><img loading=\"lazy\" decoding=\"async\" width=\"720\" height=\"540\" src=\"https:\/\/taizyfarmequipment.com\/wp-content\/uploads\/2022\/02\/AUTOMATIC-SESAME-SEEDS-PEELING-HULLING-MACHINE-for-sale.webp\" alt=\"M\u00e1quina autom\u00e1tica de descasque e casca de sementes de s\u00e9samo \u00e0 venda\" class=\"wp-image-4967\" srcset=\"https:\/\/taizyfarmequipment.com\/wp-content\/uploads\/2022\/02\/AUTOMATIC-SESAME-SEEDS-PEELING-HULLING-MACHINE-for-sale.webp 720w, https:\/\/taizyfarmequipment.com\/wp-content\/uploads\/2022\/02\/AUTOMATIC-SESAME-SEEDS-PEELING-HULLING-MACHINE-for-sale-300x225.webp 300w, https:\/\/taizyfarmequipment.com\/wp-content\/uploads\/2022\/02\/AUTOMATIC-SESAME-SEEDS-PEELING-HULLING-MACHINE-for-sale-16x12.webp 16w\" sizes=\"auto, (max-width: 720px) 100vw, 720px\" \/><figcaption class=\"wp-element-caption\">M\u00e1quina autom\u00e1tica de descasque e casca de sementes de s\u00e9samo \u00e0 venda<\/figcaption><\/figure>    <h2 class=\"wp-block-heading\" id=\"the-working-principle-of-sesame-seed-hulling-machine\">O princ\u00edpio de funcionamento da m\u00e1quina descascadora de sementes de gergelim<\/h2>    <h3 class=\"wp-block-heading\" id=\"overview\">Vis\u00e3o geral:<\/h3>    <p>A m\u00e1quina autom\u00e1tica de descasque e casca de sementes de s\u00e9samo \u00e9 acionada pelo eixo de engrenagem com agitador para girar e agitar, de modo que o s\u00e9samo embebido no balde possa ser rapidamente virado para cima e para baixo. E o atrito entre as sementes de s\u00e9samo combina-se com a for\u00e7a de rota\u00e7\u00e3o do agitador para separar a pele do s\u00e9samo do n\u00facleo.<\/p>    <p>Ap\u00f3s um determinado per\u00edodo de opera\u00e7\u00e3o, as sementes de gergelim foram descascadas at\u00e9 atingir o alvo, a porta defletora foi aberta e a mistura de cascas de gergelim foi descarregada da m\u00e1quina com a rota\u00e7\u00e3o do misturador.<\/p>    <h3 class=\"wp-block-heading\" id=\"principle-of-soaking-process\">Princ\u00edpio do processo de imers\u00e3o:<\/h3>    <p>Coloque as sementes de gergelim em \u00e1gua quente com um pouco de soda c\u00e1ustica. Em seguida, mergulhe as sementes de gergelim por alguns minutos.<\/p>    <p>Em seguida, ligue o equipamento, o redutor aciona o agitador para girar, devido \u00e0s caracter\u00edsticas estruturais do agitador composto, o material circula para cima e para baixo, e o gergelim e o l\u00edquido de imers\u00e3o s\u00e3o misturados de maneira uniforme e completa.<\/p>    <h3 class=\"wp-block-heading\" id=\"working-principle-of-black-sesame-peeling-process\">Princ\u00edpio de funcionamento do processo de descascamento de gergelim preto:<\/h3>    <p>O atrito relativo entre o agitador e o gergelim, entre o gergelim e o gergelim, separa a casca e o caro\u00e7o do gergelim, de forma a atingir o objetivo de descascar o gergelim.<\/p>    <figure class=\"wp-block-image size-full\"><img loading=\"lazy\" decoding=\"async\" width=\"720\" height=\"540\" src=\"https:\/\/taizyfarmequipment.com\/wp-content\/uploads\/2022\/02\/AUTOMATIC-SESAME-SEEDS-PEELING-HULLING-MACHINE-price.webp\" alt=\"Pre\u00e7o da m\u00e1quina autom\u00e1tica de descasque e casca de sementes de s\u00e9samo\" class=\"wp-image-4968\" srcset=\"https:\/\/taizyfarmequipment.com\/wp-content\/uploads\/2022\/02\/AUTOMATIC-SESAME-SEEDS-PEELING-HULLING-MACHINE-price.webp 720w, https:\/\/taizyfarmequipment.com\/wp-content\/uploads\/2022\/02\/AUTOMATIC-SESAME-SEEDS-PEELING-HULLING-MACHINE-price-300x225.webp 300w, https:\/\/taizyfarmequipment.com\/wp-content\/uploads\/2022\/02\/AUTOMATIC-SESAME-SEEDS-PEELING-HULLING-MACHINE-price-16x12.webp 16w\" sizes=\"auto, (max-width: 720px) 100vw, 720px\" \/><figcaption class=\"wp-element-caption\">Pre\u00e7o da m\u00e1quina autom\u00e1tica de descasque e casca de sementes de s\u00e9samo<\/figcaption><\/figure>    <h2 class=\"wp-block-heading\" id=\"parameter-of-the-sesame-seeds-peeling-machine\">Par\u00e2metro da m\u00e1quina descascadora de sementes de gergelim<\/h2>    <figure class=\"wp-block-table\"><table><tbody><tr><td>Poder<\/td><td>motor de descascamento 2,2 kw, motor de separa\u00e7\u00e3o 1,5 kw<\/td><\/tr><tr><td>Capacidade<\/td><td>400-500kg\/h, 30-50kg\/barril<\/td><\/tr><tr><td>Taxa de descascamento<\/td><td>80%-85%<\/td><\/tr><tr><td>Peso<\/td><td>250kg<\/td><\/tr><tr><td>Tamanho<\/td><td>1400*700*2000mm<\/td><\/tr><tr><td>Material<\/td><td>feito de a\u00e7o inoxid\u00e1vel<\/td><\/tr><\/tbody><\/table><figcaption class=\"wp-element-caption\">Par\u00e2metro da m\u00e1quina descascadora de sementes de gergelim<\/figcaption><\/figure>    <h2 class=\"wp-block-heading\" id=\"advantages-of-the-sesame-peeling-machine\">Vantagens da m\u00e1quina descascadora autom\u00e1tica de sementes de gergelim:<\/h2>    <p>1. Descasque bem. As sementes de gergelim tratadas n\u00e3o cont\u00eam outras impurezas.<\/p>    <p>2. O gergelim processado \u00e9 branco e brilhante, de alta qualidade. <\/p>    <p>3. Mesmo sem pele tem bom gosto.<\/p>    <p>2. Alta qualidade.  Muitos clientes da Tanz\u00e2nia, Nig\u00e9ria, Catar, Gana, I\u00eamen etc. est\u00e3o satisfeitos com a qualidade de nossa m\u00e1quina.<\/p>","protected":false},"excerpt":{"rendered":"<p>As sementes de gergelim autom\u00e1ticas descascam a m\u00e1quina de casco \u00e9 equipamento que pode descascar a pele externa da gergelim de maneira limpa. Sua principal fun\u00e7\u00e3o \u00e9 mergulhar, descascar e separar a pele e o n\u00facleo ap\u00f3s a descama\u00e7\u00e3o.<\/p>","protected":false},"author":1,"featured_media":2543,"parent":0,"template":"","tags":[162,161,163,164],"product-type":[131],"class_list":["post-2542","product","type-product","status-publish","has-post-thumbnail","hentry","tag-automatic-sesame-peeling-machine","tag-sesame-peeling-machine","tag-sesame-seed-hulling-machine","tag-sesame-washing-and-peeling-machine","product-type-grains-peeling-machine"],"_links":{"self":[{"href":"https:\/\/taizyfarmequipment.com\/pt\/wp-json\/wp\/v2\/product\/2542","targetHints":{"allow":["GET"]}}],"collection":[{"href":"https:\/\/taizyfarmequipment.com\/pt\/wp-json\/wp\/v2\/product"}],"about":[{"href":"https:\/\/taizyfarmequipment.com\/pt\/wp-json\/wp\/v2\/types\/product"}],"author":[{"embeddable":true,"href":"https:\/\/taizyfarmequipment.com\/pt\/wp-json\/wp\/v2\/users\/1"}],"wp:featuredmedia":[{"embeddable":true,"href":"https:\/\/taizyfarmequipment.com\/pt\/wp-json\/wp\/v2\/media\/2543"}],"wp:attachment":[{"href":"https:\/\/taizyfarmequipment.com\/pt\/wp-json\/wp\/v2\/media?parent=2542"}],"wp:term":[{"taxonomy":"post_tag","embeddable":true,"href":"https:\/\/taizyfarmequipment.com\/pt\/wp-json\/wp\/v2\/tags?post=2542"},{"taxonomy":"product-type","embeddable":true,"href":"https:\/\/taizyfarmequipment.com\/pt\/wp-json\/wp\/v2\/product-type?post=2542"}],"curies":[{"name":"wp","href":"https:\/\/api.w.org\/{rel}","templated":true}]}}