{"id":2562,"date":"2022-02-14T08:28:39","date_gmt":"2022-02-14T08:28:39","guid":{"rendered":"https:\/\/taizyfarmequipment.com\/"},"modified":"2025-11-26T16:09:13","modified_gmt":"2025-11-26T08:09:13","slug":"trator-de-caminhada-2","status":"publish","type":"product","link":"https:\/\/taizyfarmequipment.com\/pt\/product\/walking-tractor-2\/","title":{"rendered":"Trator de passeio | Trator de duas rodas que anda atr\u00e1s"},"content":{"rendered":"<div class=\"kk-star-ratings kksr-auto kksr-align-left kksr-valign-top\"     data-payload='{&quot;align&quot;:&quot;left&quot;,&quot;id&quot;:&quot;2562&quot;,&quot;slug&quot;:&quot;default&quot;,&quot;valign&quot;:&quot;top&quot;,&quot;ignore&quot;:&quot;&quot;,&quot;reference&quot;:&quot;auto&quot;,&quot;class&quot;:&quot;&quot;,&quot;count&quot;:&quot;16&quot;,&quot;legendonly&quot;:&quot;&quot;,&quot;readonly&quot;:&quot;&quot;,&quot;score&quot;:&quot;4.6&quot;,&quot;starsonly&quot;:&quot;&quot;,&quot;best&quot;:&quot;5&quot;,&quot;gap&quot;:&quot;5&quot;,&quot;greet&quot;:&quot;Rate this product&quot;,&quot;legend&quot;:&quot;4.6\\\/5 - (16 votes)&quot;,&quot;size&quot;:&quot;24&quot;,&quot;title&quot;:&quot;Walking tractor | Two wheel walk behind tractor&quot;,&quot;width&quot;:&quot;130.9&quot;,&quot;_legend&quot;:&quot;{score}\\\/{best} - ({count} {votes})&quot;,&quot;font_factor&quot;:&quot;1.25&quot;}'>              <div class=\"kksr-stars\">      <div class=\"kksr-stars-inactive\">             <div class=\"kksr-star\" data-star=\"1\" style=\"padding-right: 5px\">               <div class=\"kksr-icon\" style=\"width: 24px; height: 24px;\"><\/div>         <\/div>             <div class=\"kksr-star\" data-star=\"2\" style=\"padding-right: 5px\">               <div class=\"kksr-icon\" style=\"width: 24px; height: 24px;\"><\/div>         <\/div>             <div class=\"kksr-star\" data-star=\"3\" style=\"padding-right: 5px\">               <div class=\"kksr-icon\" style=\"width: 24px; height: 24px;\"><\/div>         <\/div>             <div class=\"kksr-star\" data-star=\"4\" style=\"padding-right: 5px\">               <div class=\"kksr-icon\" style=\"width: 24px; height: 24px;\"><\/div>         <\/div>             <div class=\"kksr-star\" data-star=\"5\" style=\"padding-right: 5px\">               <div class=\"kksr-icon\" style=\"width: 24px; height: 24px;\"><\/div>         <\/div>     <\/div>      <div class=\"kksr-stars-active\" style=\"width: 130.9px;\">             <div class=\"kksr-star\" style=\"padding-right: 5px\">               <div class=\"kksr-icon\" style=\"width: 24px; height: 24px;\"><\/div>         <\/div>             <div class=\"kksr-star\" style=\"padding-right: 5px\">               <div class=\"kksr-icon\" style=\"width: 24px; height: 24px;\"><\/div>         <\/div>             <div class=\"kksr-star\" style=\"padding-right: 5px\">               <div class=\"kksr-icon\" style=\"width: 24px; height: 24px;\"><\/div>         <\/div>             <div class=\"kksr-star\" style=\"padding-right: 5px\">               <div class=\"kksr-icon\" style=\"width: 24px; height: 24px;\"><\/div>         <\/div>             <div class=\"kksr-star\" style=\"padding-right: 5px\">               <div class=\"kksr-icon\" style=\"width: 24px; height: 24px;\"><\/div>         <\/div>     <\/div> <\/div>                   <div class=\"kksr-legend\" style=\"font-size: 19.2px;\">             4,6\/5 - (16 votos)    <\/div>     <\/div>  <p>O trator ambulante de duas rodas com acess\u00f3rio \u00e9 um equipamento simples que pode funcionar com diversas m\u00e1quinas agr\u00edcolas. Este trator de passeio tem duas rodas, boas para ir a qualquer lugar. E o motor diesel \u00e9 a pot\u00eancia do trator ambulante de duas rodas. Normalmente, o motor diesel \u00e9 de 15cv ou 18cv. Os clientes podem escolher a pot\u00eancia certa de acordo com suas necessidades.<\/p>    <p>Para economizar m\u00e3o de obra, o motor diesel de grande pot\u00eancia geralmente \u00e9 acionado atrav\u00e9s da caixa el\u00e9trica. Voc\u00ea pode ligar o trator manual facilmente apenas com a chave. Assim, com as vantagens de ser f\u00e1cil de usar, barato e poder ser combinado com uma variedade de m\u00e1quinas, \u00e9 bem recebido por muitos pa\u00edses. <\/p>    <figure class=\"wp-block-image size-full\"><img loading=\"lazy\" decoding=\"async\" width=\"720\" height=\"540\" src=\"https:\/\/taizyfarmequipment.com\/wp-content\/uploads\/2022\/02\/walking-tractor-2.jpg\" alt=\"\" class=\"wp-image-2604\" srcset=\"https:\/\/taizyfarmequipment.com\/wp-content\/uploads\/2022\/02\/walking-tractor-2.jpg 720w, https:\/\/taizyfarmequipment.com\/wp-content\/uploads\/2022\/02\/walking-tractor-2-300x225.jpg 300w\" sizes=\"auto, (max-width: 720px) 100vw, 720px\" \/><figcaption class=\"wp-element-caption\">Trator ambulante<\/figcaption><\/figure>    <h2 class=\"wp-block-heading\" id=\"h-what-equipment-can-work-with-a-walking-tractor\">Que equipamento pode funcionar com um trator ambulante?<\/h2>    <p class=\"translation-block\">Existem grade rotativa, perfiladora, enxada de valas, plantadora de milho, plantadora de milho, arado, arado duplo, arado de discos, bomba, cortador de relva, roda de lama, reboque, ceifeira, colheitadeira de batatas, <a href=\"https:\/\/www.agriculture-machine.com\/peanut-harvester\/\" target=\"_blank\" rel=\"noopener\">colheitadeira de amendoim<\/a>, etc., que podem funcionar com o trator de duas rodas. Pode escolher qualquer um dos equipamentos agr\u00edcolas acima para combinar com o trator manual. E tamb\u00e9m recomendaremos o trator de m\u00e3o adequado, de pot\u00eancia certa, de acordo com as suas necessidades.<\/p>    <figure class=\"wp-block-image size-full is-resized\"><img loading=\"lazy\" decoding=\"async\" src=\"https:\/\/taizyfarmequipment.com\/wp-content\/uploads\/2022\/02\/small-tractor-_02_14_2022-1.jpg\" alt=\"acess\u00f3rios com trator ambulante\" class=\"wp-image-2609\" width=\"720\" height=\"541\" title=\"acess\u00f3rios com trator ambulante\" srcset=\"https:\/\/taizyfarmequipment.com\/wp-content\/uploads\/2022\/02\/small-tractor-_02_14_2022-1.jpg 720w, https:\/\/taizyfarmequipment.com\/wp-content\/uploads\/2022\/02\/small-tractor-_02_14_2022-1-300x225.jpg 300w\" sizes=\"auto, (max-width: 720px) 100vw, 720px\" \/><figcaption class=\"wp-element-caption\">acess\u00f3rios com trator ambulante<\/figcaption><\/figure>    <figure class=\"wp-block-image size-full is-resized\"><img loading=\"lazy\" decoding=\"async\" src=\"https:\/\/taizyfarmequipment.com\/wp-content\/uploads\/2022\/02\/small-tractor1_02_14_2022-1.jpg\" alt=\"acess\u00f3rios com trator de duas rodas\" class=\"wp-image-2610\" width=\"720\" height=\"540\" title=\"acess\u00f3rios com trator de duas rodas\" srcset=\"https:\/\/taizyfarmequipment.com\/wp-content\/uploads\/2022\/02\/small-tractor1_02_14_2022-1.jpg 720w, https:\/\/taizyfarmequipment.com\/wp-content\/uploads\/2022\/02\/small-tractor1_02_14_2022-1-300x225.jpg 300w\" sizes=\"auto, (max-width: 720px) 100vw, 720px\" \/><figcaption class=\"wp-element-caption\">acess\u00f3rios com trator de duas rodas<\/figcaption><\/figure>    <h2 class=\"wp-block-heading\" id=\"what-type-of-fields-can-two-wheel-walking-tractor-work-on\">Em que tipo de campo o trator ambulante de duas rodas pode trabalhar?<\/h2>    <p>A aplicabilidade dos tratores de duas rodas \u00e9 larga. Portanto, pode funcionar em todos os tipos de campos. Por exemplo, agricultura em plan\u00edcies, montanhas, colinas, arrozais, terras secas, pomares e hortas. Al\u00e9m do mais com as m\u00e1quinas agr\u00edcolas correspondentes, um trator de m\u00e3o ambulante pode realizar v\u00e1rias opera\u00e7\u00f5es, como arar, lavoura rotativa, colheita, semeadura, jogo de campo e bombeamento de \u00e1gua.<\/p>    <h2 class=\"wp-block-heading\" id=\"structure-of-walk-behind-tractor\">Estrutura do passeio atr\u00e1s do trator<\/h2>    <p>Os tratores de passeio incluem principalmente estrutura, motor diesel, sistema de transmiss\u00e3o, dispositivo de caminhada, sistema de dire\u00e7\u00e3o, freio e mecanismo de opera\u00e7\u00e3o. Os tratores agr\u00edcolas tamb\u00e9m s\u00e3o m\u00e1quinas de caminhar multifuncionais, usadas principalmente para tra\u00e7\u00e3o e transporte.<\/p>    <figure class=\"wp-block-gallery has-nested-images columns-default is-cropped wp-block-gallery-2 is-layout-flex wp-block-gallery-is-layout-flex\"> <figure class=\"wp-block-image size-large\"><img loading=\"lazy\" decoding=\"async\" width=\"720\" height=\"540\" data-id=\"2611\" src=\"https:\/\/taizyfarmequipment.com\/wp-content\/uploads\/2022\/02\/\u7ed3\u67841_720_540.jpg\" alt=\"trator ambulante simples\" class=\"wp-image-2611\" title=\"trator ambulante simples\" srcset=\"https:\/\/taizyfarmequipment.com\/wp-content\/uploads\/2022\/02\/\u7ed3\u67841_720_540.jpg 720w, https:\/\/taizyfarmequipment.com\/wp-content\/uploads\/2022\/02\/\u7ed3\u67841_720_540-300x225.jpg 300w\" sizes=\"auto, (max-width: 720px) 100vw, 720px\" \/><\/figure>    <figure class=\"wp-block-image size-large\"><img loading=\"lazy\" decoding=\"async\" width=\"720\" height=\"540\" data-id=\"2612\" src=\"https:\/\/taizyfarmequipment.com\/wp-content\/uploads\/2022\/02\/\u7ed3\u67842_720_540.jpg\" alt=\"andar atr\u00e1s do trator\" class=\"wp-image-2612\" title=\"andar atr\u00e1s do trator\" srcset=\"https:\/\/taizyfarmequipment.com\/wp-content\/uploads\/2022\/02\/\u7ed3\u67842_720_540.jpg 720w, https:\/\/taizyfarmequipment.com\/wp-content\/uploads\/2022\/02\/\u7ed3\u67842_720_540-300x225.jpg 300w\" sizes=\"auto, (max-width: 720px) 100vw, 720px\" \/><\/figure> <figcaption class=\"blocks-gallery-caption wp-element-caption\">Estrutura do passeio atr\u00e1s do trator<\/figcaption><\/figure>    <h2 class=\"wp-block-heading\" id=\"how-does-a-walking-tractor-with-attachments-work\">Como funciona um trator ambulante com acess\u00f3rios?<\/h2>    <p>O trator ambulante\u00a0com acess\u00f3rios\u00a0pode se deslocar pela for\u00e7a do motor de combust\u00e3o interna atrav\u00e9s do sistema de transmiss\u00e3o. As rodas motrizes que acionam empurram o trator para frente, dando ao solo uma for\u00e7a para tr\u00e1s atrav\u00e9s da banda de rodagem e da superf\u00edcie do pneu. O motorista segura a estrutura do corrim\u00e3o para puxar ou conduzir os implementos agr\u00edcolas de apoio para opera\u00e7\u00e3o.<\/p>    <p>A pot\u00eancia \u00e9 transmitida ao trem de for\u00e7a pela correia em V. E a embreagem\u00a0controla\u00a0a velocidade da pot\u00eancia. A caixa de c\u00e2mbio est\u00e1 engrenada.<\/p>    <p>O mecanismo operacional \u00e9 montado no corrim\u00e3o para controlar o acelerador, a mudan\u00e7a de marcha, a dire\u00e7\u00e3o, a frenagem e a pot\u00eancia.<\/p>    <h2 class=\"wp-block-heading\" id=\"working-video-of-walking-behind-tractor\">V\u00eddeo de trabalho andando atr\u00e1s do trator<\/h2>    <figure class=\"wp-block-embed is-type-video is-provider-youtube wp-block-embed-youtube wp-embed-aspect-16-9 wp-has-aspect-ratio\"><div class=\"wp-block-embed__wrapper\"> <iframe loading=\"lazy\" title=\"O que voc\u00ea pode fazer com um trator ambulante? #trator ambulante, #aradora, #tratores de duas rodas\" width=\"500\" height=\"281\" src=\"https:\/\/www.youtube.com\/embed\/fxYFIychRc4?feature=oembed\" frameborder=\"0\" allow=\"accelerometer; autoplay; clipboard-write; encrypted-media; gyroscope; picture-in-picture; web-share\" referrerpolicy=\"strict-origin-when-cross-origin\" allowfullscreen><\/iframe> <\/div><\/figure>    <h2 class=\"wp-block-heading\" id=\"parameter-of-walking-tractor-with-plough\">Par\u00e2metro do trator ambulante com arado<\/h2>    <figure class=\"wp-block-table\"><table><tbody><tr><td>Modelo<\/td><td>15 CV<\/td><\/tr><tr><td>Modelo do motor<\/td><td>ZS1100<\/td><\/tr><tr><td>Maneira de resfriamento<\/td><td>Evaporativo\/condensa\u00e7\u00e3o<\/td><\/tr><tr><td>Dimens\u00f5es<\/td><td>2680\u00d7960\u00d71250mm<\/td><\/tr><tr><td>Dist\u00e2ncia m\u00ednima do solo<\/td><td>185 mm<\/td><\/tr><tr><td>Dist\u00e2ncia entre eixos<\/td><td>580-600 mm<\/td><\/tr><tr><td>Peso<\/td><td>350kg<\/td><\/tr><tr><td>M\u00e9todo inicial<\/td><td>partida manual\/partida el\u00e9trica<\/td><\/tr><\/tbody><\/table><figcaption class=\"wp-element-caption\">Par\u00e2metro do trator ambulante com arado<\/figcaption><\/figure>    <h2 class=\"wp-block-heading\" id=\"advantages-of-two-wheel-walk-behind-tractor\">Vantagens do passeio em duas rodas atr\u00e1s do trator<\/h2>    <ol class=\"wp-block-list\" type=\"1\"> <li>Estrutura simples e compacta, opera\u00e7\u00e3o leve e flex\u00edvel. Esta m\u00e1quina trator com duas rodas tem uma pegada geral pequena. E pode mover-se com flexibilidade no campo.<\/li>    <li>Peso leve, partida f\u00e1cil e baixo consumo de combust\u00edvel. O m\u00e9todo de partida pode ser manual ou el\u00e9trico. Ambos os m\u00e9todos s\u00e3o f\u00e1ceis.<\/li>    <li>Boa confiabilidade, manuten\u00e7\u00e3o conveniente, boa passabilidade e forte adaptabilidade.<\/li>    <li>O trator ambulante com acess\u00f3rios pode rebocar um trailer para transporte curto. Al\u00e9m disso, o trator manual est\u00e1 equipado com ilumina\u00e7\u00e3o e pode ser conduzido \u00e0 noite.<\/li> <\/ol>    <figure class=\"wp-block-gallery has-nested-images columns-default is-cropped wp-block-gallery-3 is-layout-flex wp-block-gallery-is-layout-flex\"> <figure class=\"wp-block-image size-large\"><img loading=\"lazy\" decoding=\"async\" width=\"720\" height=\"540\" data-id=\"2607\" src=\"https:\/\/taizyfarmequipment.com\/wp-content\/uploads\/2022\/02\/manual-tractor.jpg\" alt=\"\" class=\"wp-image-2607\" srcset=\"https:\/\/taizyfarmequipment.com\/wp-content\/uploads\/2022\/02\/manual-tractor.jpg 720w, https:\/\/taizyfarmequipment.com\/wp-content\/uploads\/2022\/02\/manual-tractor-300x225.jpg 300w\" sizes=\"auto, (max-width: 720px) 100vw, 720px\" \/><\/figure>    <figure class=\"wp-block-image size-large\"><img loading=\"lazy\" decoding=\"async\" width=\"720\" height=\"540\" data-id=\"2608\" src=\"https:\/\/taizyfarmequipment.com\/wp-content\/uploads\/2022\/02\/two-wheel-tractor-.jpg\" alt=\"\" class=\"wp-image-2608\" srcset=\"https:\/\/taizyfarmequipment.com\/wp-content\/uploads\/2022\/02\/two-wheel-tractor-.jpg 720w, https:\/\/taizyfarmequipment.com\/wp-content\/uploads\/2022\/02\/two-wheel-tractor--300x225.jpg 300w\" sizes=\"auto, (max-width: 720px) 100vw, 720px\" \/><\/figure> <figcaption class=\"blocks-gallery-caption wp-element-caption\">passeio de duas rodas atr\u00e1s do trator<\/figcaption><\/figure>","protected":false},"excerpt":{"rendered":"<p>O trator ambulante de duas rodas com acess\u00f3rio \u00e9 um equipamento que pode trabalhar com diversas m\u00e1quinas agr\u00edcolas.<\/p>","protected":false},"author":1,"featured_media":2603,"parent":0,"template":"","tags":[223,224,222,225],"product-type":[135],"class_list":["post-2562","product","type-product","status-publish","has-post-thumbnail","hentry","tag-two-wheel-walking-tractor","tag-walk-behind-tractor","tag-walking-tractor","tag-walking-tractor-with-plough","product-type-manual-tractor"],"_links":{"self":[{"href":"https:\/\/taizyfarmequipment.com\/pt\/wp-json\/wp\/v2\/product\/2562","targetHints":{"allow":["GET"]}}],"collection":[{"href":"https:\/\/taizyfarmequipment.com\/pt\/wp-json\/wp\/v2\/product"}],"about":[{"href":"https:\/\/taizyfarmequipment.com\/pt\/wp-json\/wp\/v2\/types\/product"}],"author":[{"embeddable":true,"href":"https:\/\/taizyfarmequipment.com\/pt\/wp-json\/wp\/v2\/users\/1"}],"wp:featuredmedia":[{"embeddable":true,"href":"https:\/\/taizyfarmequipment.com\/pt\/wp-json\/wp\/v2\/media\/2603"}],"wp:attachment":[{"href":"https:\/\/taizyfarmequipment.com\/pt\/wp-json\/wp\/v2\/media?parent=2562"}],"wp:term":[{"taxonomy":"post_tag","embeddable":true,"href":"https:\/\/taizyfarmequipment.com\/pt\/wp-json\/wp\/v2\/tags?post=2562"},{"taxonomy":"product-type","embeddable":true,"href":"https:\/\/taizyfarmequipment.com\/pt\/wp-json\/wp\/v2\/product-type?post=2562"}],"curies":[{"name":"wp","href":"https:\/\/api.w.org\/{rel}","templated":true}]}}