{"id":2565,"date":"2022-03-24T10:05:46","date_gmt":"2022-03-24T10:05:46","guid":{"rendered":"https:\/\/taizyfarmequipment.com\/"},"modified":"2025-11-26T17:23:34","modified_gmt":"2025-11-26T09:23:34","slug":"plantador-de-sementes-de-trigo","status":"publish","type":"product","link":"https:\/\/taizyfarmequipment.com\/pt\/product\/wheat-seed-planter\/","title":{"rendered":"Plantador de sementes de trigo com m\u00e1quina de plantio de trigo fertilizante"},"content":{"rendered":"<div class=\"kk-star-ratings kksr-auto kksr-align-left kksr-valign-top\"     data-payload='{&quot;align&quot;:&quot;left&quot;,&quot;id&quot;:&quot;2565&quot;,&quot;slug&quot;:&quot;default&quot;,&quot;valign&quot;:&quot;top&quot;,&quot;ignore&quot;:&quot;&quot;,&quot;reference&quot;:&quot;auto&quot;,&quot;class&quot;:&quot;&quot;,&quot;count&quot;:&quot;19&quot;,&quot;legendonly&quot;:&quot;&quot;,&quot;readonly&quot;:&quot;&quot;,&quot;score&quot;:&quot;4.8&quot;,&quot;starsonly&quot;:&quot;&quot;,&quot;best&quot;:&quot;5&quot;,&quot;gap&quot;:&quot;5&quot;,&quot;greet&quot;:&quot;Rate this product&quot;,&quot;legend&quot;:&quot;4.8\\\/5 - (19 votes)&quot;,&quot;size&quot;:&quot;24&quot;,&quot;title&quot;:&quot;Wheat seed planter with fertilizer wheat planting machine&quot;,&quot;width&quot;:&quot;136.7&quot;,&quot;_legend&quot;:&quot;{score}\\\/{best} - ({count} {votes})&quot;,&quot;font_factor&quot;:&quot;1.25&quot;}'>              <div class=\"kksr-stars\">      <div class=\"kksr-stars-inactive\">             <div class=\"kksr-star\" data-star=\"1\" style=\"padding-right: 5px\">               <div class=\"kksr-icon\" style=\"width: 24px; height: 24px;\"><\/div>         <\/div>             <div class=\"kksr-star\" data-star=\"2\" style=\"padding-right: 5px\">               <div class=\"kksr-icon\" style=\"width: 24px; height: 24px;\"><\/div>         <\/div>             <div class=\"kksr-star\" data-star=\"3\" style=\"padding-right: 5px\">               <div class=\"kksr-icon\" style=\"width: 24px; height: 24px;\"><\/div>         <\/div>             <div class=\"kksr-star\" data-star=\"4\" style=\"padding-right: 5px\">               <div class=\"kksr-icon\" style=\"width: 24px; height: 24px;\"><\/div>         <\/div>             <div class=\"kksr-star\" data-star=\"5\" style=\"padding-right: 5px\">               <div class=\"kksr-icon\" style=\"width: 24px; height: 24px;\"><\/div>         <\/div>     <\/div>      <div class=\"kksr-stars-active\" style=\"width: 136.7px;\">             <div class=\"kksr-star\" style=\"padding-right: 5px\">               <div class=\"kksr-icon\" style=\"width: 24px; height: 24px;\"><\/div>         <\/div>             <div class=\"kksr-star\" style=\"padding-right: 5px\">               <div class=\"kksr-icon\" style=\"width: 24px; height: 24px;\"><\/div>         <\/div>             <div class=\"kksr-star\" style=\"padding-right: 5px\">               <div class=\"kksr-icon\" style=\"width: 24px; height: 24px;\"><\/div>         <\/div>             <div class=\"kksr-star\" style=\"padding-right: 5px\">               <div class=\"kksr-icon\" style=\"width: 24px; height: 24px;\"><\/div>         <\/div>             <div class=\"kksr-star\" style=\"padding-right: 5px\">               <div class=\"kksr-icon\" style=\"width: 24px; height: 24px;\"><\/div>         <\/div>     <\/div> <\/div>                   <div class=\"kksr-legend\" style=\"font-size: 19.2px;\">             4,8\/5 - (19 votos)    <\/div>     <\/div>  <p>Com a automa\u00e7\u00e3o da produ\u00e7\u00e3o agr\u00edcola, o uso de plantadores de trigo tornou -se mais difundido. E como as pessoas plantam principalmente trigo em plan\u00edcies e colinas, a \u00e1rea de plantio \u00e9 grande. Portanto, se as pessoas plantarem o trigo, a efici\u00eancia \u00e9 baixa e a intensidade do trabalho \u00e9 alta. Al\u00e9m disso, o efeito do plantio pode n\u00e3o atender \u00e0s expectativas das pessoas.<\/p>    <p class=\"translation-block\">A plantadora de trigo \u00e9 altamente eficiente e econ\u00f3mica, com boa qualidade de sementeira e alta efici\u00eancia, o que poupa muito tempo e m\u00e3o-de-obra \u00e0s pessoas. Tamb\u00e9m dispomos de <a href=\"https:\/\/www.agriculture-machine.com\/multifunctional-thresher-mt-860-for-corn-wheat-sorghum-rice\/\" target=\"_blank\" rel=\"noopener\">debulhadoras de trigo<\/a> para poupar tempo e energia. <\/p>    <h2 class=\"wp-block-heading\" id=\"h-brief-introduction-of-the-wheat-planter\">Breve introdu\u00e7\u00e3o do plantador de trigo<\/h2>    <p>A plantadeira de trigo \u00e9 uma esp\u00e9cie de equipamento mec\u00e2nico que planta sementes de trigo no solo por meio de um sistema mec\u00e2nico de plantio. E o plantador de trigo \u00e9 adequado para fertilizar e semear trigo em plan\u00edcies e \u00e1reas montanhosas. Al\u00e9m disso, possui caracter\u00edsticas de bom desempenho geral, ampla faixa de aplica\u00e7\u00e3o e semeadura uniforme. <\/p>    <p>A plantadeira de trigo \u00e9 indicada para opera\u00e7\u00e3o direta ap\u00f3s preparo rotativo, sem preparo do solo, economizando tempo e esfor\u00e7o. Uma \u00fanica opera\u00e7\u00e3o pode completar opera\u00e7\u00f5es como nivelamento, combina\u00e7\u00e3o de umidade, semeadura, cobertura, supress\u00e3o e constru\u00e7\u00e3o de bordas verticais.<\/p>    <p class=\"translation-block\">Os tratores fornecem pot\u00eancia \u00e0s plantadoras de trigo atrav\u00e9s da suspens\u00e3o de tr\u00eas pontos. De acordo com as necessidades do cliente, existem principalmente modelos de 12 linhas, 14 linhas, 16 linhas e 20 linhas. Tamb\u00e9m temos outros modelos para satisfazer diferentes necessidades de planta\u00e7\u00e3o. Podemos tamb\u00e9m combinar a m\u00e1quina com diferentes fun\u00e7\u00f5es, como aera\u00e7\u00e3o rotativa e fertiliza\u00e7\u00e3o para cumprir os seus diferentes requisitos. Al\u00e9m disso, temos <a href=\"https:\/\/www.agriculture-machine.com\/multifunctional-thresher-mt-860-for-corn-wheat-sorghum-rice\/\" target=\"_blank\" rel=\"noopener\">debulhadoras multifuncionais<\/a> que podem ajudar o agricultor a poupar muita energia.  <\/p>    <figure class=\"wp-block-gallery has-nested-images columns-2 is-cropped wp-block-gallery-2 is-layout-flex wp-block-gallery-is-layout-flex\"> <figure class=\"wp-block-image size-large\"><img loading=\"lazy\" decoding=\"async\" width=\"720\" height=\"540\" data-id=\"3071\" src=\"https:\/\/taizyfarmequipment.com\/wp-content\/uploads\/2022\/03\/wheat-planting-machine1.jpg\" alt=\"m\u00e1quina de plantar trigo\" class=\"wp-image-3071\" title=\"m\u00e1quina de plantar trigo\"\/><figcaption class=\"wp-element-caption\">m\u00e1quina de plantar trigo<\/figcaption><\/figure>    <figure class=\"wp-block-image size-large\"><img loading=\"lazy\" decoding=\"async\" width=\"720\" height=\"540\" data-id=\"3073\" src=\"https:\/\/taizyfarmequipment.com\/wp-content\/uploads\/2022\/03\/three-row-wheat-planter1.jpg\" alt=\"plantador de trigo de tr\u00eas fileiras\" class=\"wp-image-3073\" title=\"plantador de trigo de tr\u00eas fileiras\"\/><figcaption class=\"wp-element-caption\">plantador de trigo de tr\u00eas fileiras<\/figcaption><\/figure> <figcaption class=\"blocks-gallery-caption wp-element-caption\">plantador de trigo<\/figcaption><\/figure>    <h2 class=\"wp-block-heading\" id=\"structure-of-the-multi-row-wheat-seed-planter\">Estrutura do plantador de sementes de trigo multilinhas<\/h2>    <p>A plantadeira de trigo inclui uma estrutura, uma caixa de sementes, uma caixa de fertilizante, um abridor de disco, um tambor rotativo de prensagem, uma placa de cobertura de solo e semelhantes.<\/p>    <p>A estrutura adota tubos quadrados de alta qualidade, que conectam todas as pe\u00e7as funcionais. E conectamos ao trator atrav\u00e9s dos bra\u00e7os de suspens\u00e3o superior e inferior do quadro. Confie no controle do elevador do trator para concluir o plantio e a transfer\u00eancia das parcelas.<\/p>    <p>(1) A estrutura \u00e9 principalmente do tipo viga \u00fanica. Instalaremos todas as pe\u00e7as funcionais nele e apoiaremos toda a m\u00e1quina.<\/p>    <p>(2) Componentes de semeadura. Um dispositivo de dosagem de sementes mec\u00e2nico ou pneum\u00e1tico conectado \u00e0 caixa de sementes pode obter uma semeadura precisa. Ele se conecta a um raspador de sementes ajust\u00e1vel e a um empurrador de sementes.<\/p>    <p>(3) Pe\u00e7as de descarga de fertilizante, incluindo caixa de descarga, dispositivo de descarga, tubo de fertilizante e abridor de fertiliza\u00e7\u00e3o.<\/p>    <p>(4) Pe\u00e7as de trabalho do solo. Inclui um abridor de valas, cobertura do solo, roda de perfilagem, roda de prensagem, roda de prensagem de sementes, seu mecanismo de liga\u00e7\u00e3o, etc.<\/p>    <figure class=\"wp-block-image size-full is-resized\"><img loading=\"lazy\" decoding=\"async\" width=\"720\" height=\"540\" src=\"https:\/\/taizyfarmequipment.com\/wp-content\/uploads\/2022\/03\/wheat-planters-structure-.jpg\" alt=\"estrutura do plantador de sementes de trigo com v\u00e1rias fileiras\" class=\"wp-image-3078\" style=\"width:720px;height:540px\" title=\"estrutura do plantador de sementes de trigo com v\u00e1rias fileiras\"\/><figcaption class=\"wp-element-caption\">Estrutura de plantador de sementes de trigo de v\u00e1rias fileiras<\/figcaption><\/figure>    <h2 class=\"wp-block-heading\" id=\"work-flow-of-the-wheat-planting-machine\">Fluxo de trabalho da m\u00e1quina de plantio de trigo<\/h2>    <p>O trator puxa o dispositivo de semeadura e o dispositivo de fertiliza\u00e7\u00e3o da plantadeira de trigo para fertilizar e semear a terra.<\/p>    <p>Primeiro, o trator aciona a relha para abrir o solo, e o tubo de fertilizante entra no abridor para iniciar a fertiliza\u00e7\u00e3o da vala j\u00e1 aberta. Em seguida, aciona o dispositivo de semeadura para semear no solo. A roda de compacta\u00e7\u00e3o ent\u00e3o solta o solo da vala e compacta-o para completar a opera\u00e7\u00e3o de plantio do trigo.<\/p>    <h2 class=\"wp-block-heading\" id=\"parameter-of-the-6-rows-wheat-planter\">Par\u00e2metro da plantadeira de trigo de 6 linhas<\/h2>    <figure class=\"wp-block-table\"><table><tbody><tr><td>Tamanho (mm)<\/td><td>Peso (kg)<\/td><td>HP<\/td><td>N\u00famero da linha<\/td><td>Volume da caixa de sementes (L)<\/td><td>Volume do tanque de fertilizante (L)<\/td><td>Efici\u00eancia de trabalho pura (hm\u00b2\/h)<\/td><\/tr><tr><td><br>1650*3600*1300<\/td><td>900<\/td><td>85cv-130cv<\/td><td>6<\/td><td>20*6<\/td><td>390<\/td><td>1-1.2<\/td><\/tr><\/tbody><\/table><figcaption class=\"wp-element-caption\">Par\u00e2metro do plantador de trigo<\/figcaption><\/figure>    <h2 class=\"wp-block-heading\" id=\"advantages-of-the-wheat-planter-equipment\">Vantagens do equipamento plantador de trigo<\/h2>    <ol class=\"wp-block-list\"> <li>Certifique-se de distribuir as sementes da maneira mais razo\u00e1vel no campo e que a quantidade semeada seja precisa.<\/li>    <li>A profundidade de semeadura \u00e9 a mesma, criando as melhores condi\u00e7\u00f5es para o crescimento e desenvolvimento das sementes. Assim, pode economizar muitas sementes, reduzir o trabalho das mudas no campo e garantir um rendimento est\u00e1vel e alto das colheitas.<\/li>    <li>O espa\u00e7amento entre linhas \u00e9 est\u00e1vel, cobre bem o solo, economiza sementes e a efici\u00eancia do trabalho \u00e9 alta.<\/li> <\/ol>    <h2 class=\"wp-block-heading\" id=\"features-of-the-multi-rows-wheat-planter\">Caracter\u00edsticas do plantador de trigo multilinhas <\/h2>    <ol class=\"wp-block-list\"> <li>Os dois conjuntos de discos ranhurados s\u00e3o um conjunto de corpos de conex\u00e3o e podemos simular cada disco individualmente.<\/li>    <li>A extremidade superior de cada disco de vala est\u00e1 equipada com al\u00e7as de ajuste, o que \u00e9 conveniente e r\u00e1pido.<\/li>    <li>Para garantir uma profundidade consistente, equipamos o disco de vala na m\u00e1quina.<\/li>    <li>Existe um conjunto de al\u00e7as de ajuste para a roda de britagem e a placa de cobertura de terra, que \u00e9 conveniente e r\u00e1pido. Cada conjunto de lajes de cobertura \u00e9 fornecido com um conjunto de molas. A largura \u00e9 igual \u00e0 largura da muda e o espa\u00e7amento \u00e9 pequeno, e o efeito de cobertura e supress\u00e3o do solo \u00e9 bom.<\/li>    <li>O feixe estendido \u00e9 f\u00e1cil de instalar e usar.<\/li> <\/ol>    <figure class=\"wp-block-gallery has-nested-images columns-default is-cropped wp-block-gallery-3 is-layout-flex wp-block-gallery-is-layout-flex\"> <figure class=\"wp-block-image size-large\"><img loading=\"lazy\" decoding=\"async\" width=\"720\" height=\"540\" data-id=\"3075\" src=\"https:\/\/taizyfarmequipment.com\/wp-content\/uploads\/2022\/03\/grain-planter-.jpg\" alt=\"plantador de gr\u00e3os\" class=\"wp-image-3075\" title=\"plantador de gr\u00e3os\"\/><figcaption class=\"wp-element-caption\">plantador de gr\u00e3os<\/figcaption><\/figure>    <figure class=\"wp-block-image size-large\"><img loading=\"lazy\" decoding=\"async\" width=\"720\" height=\"540\" data-id=\"3076\" src=\"https:\/\/taizyfarmequipment.com\/wp-content\/uploads\/2022\/03\/manufacture-of-wheat-planter1.jpg\" alt=\"fabrica\u00e7\u00e3o de plantador de trigo\" class=\"wp-image-3076\" title=\"fabrica\u00e7\u00e3o de plantador de trigo\"\/><figcaption class=\"wp-element-caption\">fabrica\u00e7\u00e3o de plantador de trigo<\/figcaption><\/figure> <\/figure>    <h2 class=\"wp-block-heading\" id=\"maintenance-of-wheat-planter-with-fertilizer\">Manuten\u00e7\u00e3o de plantador de trigo com adubo<\/h2>    <p>O uso de plantadeiras apresenta forte sazonalidade. A manuten\u00e7\u00e3o do equipamento visa fazer com que ele tenha um bom estado de funcionamento, reduzir falhas e melhorar a efici\u00eancia do trabalho.<\/p>    <p> 1. Quando a m\u00e1quina estiver circulando em alta velocidade na estrada, o elevador do trator deve estar travado. \u00c9 expressamente proibido conduzir puxando a m\u00e1quina.<\/p>    <p>2. Verifique todos os fixadores e conectores antes de plantar. Se houver alguma folga, aperte-a a tempo.<\/p>    <p>3. Durante a opera\u00e7\u00e3o, o operador deve seguir rigorosamente os procedimentos operacionais seguros para reduzir o desgaste desnecess\u00e1rio da m\u00e1quina.<\/p>    <p>4. Ap\u00f3s cada turno, devemos remover a sujeira de todas as partes da m\u00e1quina.<\/p>    <p>5. Verifique frequentemente o movimento de cada par rotativo. Se o desgaste for grave, devemos substituir as pe\u00e7as correspondentes a tempo. E pinte as partes descascadas.<\/p>    <p>6. Ap\u00f3s o uso em cada temporada, devemos limpar e manter a tempo. Certifique-se de enxaguar o fertilizante, verificar todas as pe\u00e7as e adicionar \u00f3leo anti-ferrugem. E ent\u00e3o coloque-o no invent\u00e1rio.<\/p>","protected":false},"excerpt":{"rendered":"<p>Os plantadores de trigo podem plantar sementes de trigo atrav\u00e9s de um sistema mec\u00e2nico de plantio. \u00c9 adequado para plantar em plan\u00edcies e \u00e1reas montanhosas.<\/p>","protected":false},"author":1,"featured_media":3070,"parent":0,"template":"","tags":[],"product-type":[235],"class_list":["post-2565","product","type-product","status-publish","has-post-thumbnail","hentry","product-type-planter"],"_links":{"self":[{"href":"https:\/\/taizyfarmequipment.com\/pt\/wp-json\/wp\/v2\/product\/2565","targetHints":{"allow":["GET"]}}],"collection":[{"href":"https:\/\/taizyfarmequipment.com\/pt\/wp-json\/wp\/v2\/product"}],"about":[{"href":"https:\/\/taizyfarmequipment.com\/pt\/wp-json\/wp\/v2\/types\/product"}],"author":[{"embeddable":true,"href":"https:\/\/taizyfarmequipment.com\/pt\/wp-json\/wp\/v2\/users\/1"}],"wp:featuredmedia":[{"embeddable":true,"href":"https:\/\/taizyfarmequipment.com\/pt\/wp-json\/wp\/v2\/media\/3070"}],"wp:attachment":[{"href":"https:\/\/taizyfarmequipment.com\/pt\/wp-json\/wp\/v2\/media?parent=2565"}],"wp:term":[{"taxonomy":"post_tag","embeddable":true,"href":"https:\/\/taizyfarmequipment.com\/pt\/wp-json\/wp\/v2\/tags?post=2565"},{"taxonomy":"product-type","embeddable":true,"href":"https:\/\/taizyfarmequipment.com\/pt\/wp-json\/wp\/v2\/product-type?post=2565"}],"curies":[{"name":"wp","href":"https:\/\/api.w.org\/{rel}","templated":true}]}}