{"id":2577,"date":"2022-03-21T09:20:48","date_gmt":"2022-03-21T09:20:48","guid":{"rendered":"https:\/\/taizyfarmequipment.com\/"},"modified":"2025-11-26T13:45:47","modified_gmt":"2025-11-26T05:45:47","slug":"maquina-de-prensagem-de-fardos-quadrados","status":"publish","type":"product","link":"https:\/\/taizyfarmequipment.com\/pt\/product\/square-straw-baler-machine\/","title":{"rendered":"M\u00e1quina enfardadeira de cintas de palha quadrada para reboque de trator \u4e28 enfardadeira de coleta redonda"},"content":{"rendered":"<div class=\"kk-star-ratings kksr-auto kksr-align-left kksr-valign-top\"     data-payload='{&quot;align&quot;:&quot;left&quot;,&quot;id&quot;:&quot;2577&quot;,&quot;slug&quot;:&quot;default&quot;,&quot;valign&quot;:&quot;top&quot;,&quot;ignore&quot;:&quot;&quot;,&quot;reference&quot;:&quot;auto&quot;,&quot;class&quot;:&quot;&quot;,&quot;count&quot;:&quot;25&quot;,&quot;legendonly&quot;:&quot;&quot;,&quot;readonly&quot;:&quot;&quot;,&quot;score&quot;:&quot;4.7&quot;,&quot;starsonly&quot;:&quot;&quot;,&quot;best&quot;:&quot;5&quot;,&quot;gap&quot;:&quot;5&quot;,&quot;greet&quot;:&quot;Rate this product&quot;,&quot;legend&quot;:&quot;4.7\\\/5 - (25 votes)&quot;,&quot;size&quot;:&quot;24&quot;,&quot;title&quot;:&quot;Tractor towing square straw strapping baler machine\u4e28round pickup baler&quot;,&quot;width&quot;:&quot;133.8&quot;,&quot;_legend&quot;:&quot;{score}\\\/{best} - ({count} {votes})&quot;,&quot;font_factor&quot;:&quot;1.25&quot;}'>              <div class=\"kksr-stars\">      <div class=\"kksr-stars-inactive\">             <div class=\"kksr-star\" data-star=\"1\" style=\"padding-right: 5px\">               <div class=\"kksr-icon\" style=\"width: 24px; height: 24px;\"><\/div>         <\/div>             <div class=\"kksr-star\" data-star=\"2\" style=\"padding-right: 5px\">               <div class=\"kksr-icon\" style=\"width: 24px; height: 24px;\"><\/div>         <\/div>             <div class=\"kksr-star\" data-star=\"3\" style=\"padding-right: 5px\">               <div class=\"kksr-icon\" style=\"width: 24px; height: 24px;\"><\/div>         <\/div>             <div class=\"kksr-star\" data-star=\"4\" style=\"padding-right: 5px\">               <div class=\"kksr-icon\" style=\"width: 24px; height: 24px;\"><\/div>         <\/div>             <div class=\"kksr-star\" data-star=\"5\" style=\"padding-right: 5px\">               <div class=\"kksr-icon\" style=\"width: 24px; height: 24px;\"><\/div>         <\/div>     <\/div>      <div class=\"kksr-stars-active\" style=\"width: 133.8px;\">             <div class=\"kksr-star\" style=\"padding-right: 5px\">               <div class=\"kksr-icon\" style=\"width: 24px; height: 24px;\"><\/div>         <\/div>             <div class=\"kksr-star\" style=\"padding-right: 5px\">               <div class=\"kksr-icon\" style=\"width: 24px; height: 24px;\"><\/div>         <\/div>             <div class=\"kksr-star\" style=\"padding-right: 5px\">               <div class=\"kksr-icon\" style=\"width: 24px; height: 24px;\"><\/div>         <\/div>             <div class=\"kksr-star\" style=\"padding-right: 5px\">               <div class=\"kksr-icon\" style=\"width: 24px; height: 24px;\"><\/div>         <\/div>             <div class=\"kksr-star\" style=\"padding-right: 5px\">               <div class=\"kksr-icon\" style=\"width: 24px; height: 24px;\"><\/div>         <\/div>     <\/div> <\/div>                   <div class=\"kksr-legend\" style=\"font-size: 19.2px;\">             4,7\/5 - (25 votos)    <\/div>     <\/div>  <p>Hoje em dia, a maioria dos agricultores usa a m\u00e1quina de cintar palha quadrada e enfardadeira para coletar pastagens secas e verdes, arroz, trigo e talos de milho. E a enfardadeira de talos tem as caracter\u00edsticas de estrutura compacta, opera\u00e7\u00e3o conveniente e alta confiabilidade. Portanto, o fardo formado \u00e9 pequeno e compacto, e o fardo est\u00e1 solto por dentro e apertado por fora. E o fardo possui boa permeabilidade ao ar, f\u00e1cil de transportar e armazenar.<\/p>    <h2 class=\"wp-block-heading has-theme-palette-4-color has-text-color\" id=\"h-brief-introduction-of-straw-picking-and-baling-machine\">Breve introdu\u00e7\u00e3o \u00e0 m\u00e1quina de colheita e enfardamento de palha<\/h2>    <p class=\"translation-block\">O nosso Taizy fabricou dois tipos de m\u00e1quinas de corte e enfardamento de silagem. Uma \u00e9 a enfardadora de fardos quadrados de palha com cintagem 9YFQ-2.2 e a outra \u00e9 a enfardadora de fardos redondos ST-70*100 com recolha. Ambas as m\u00e1quinas conseguem triturar, recolher e enfardar v\u00e1rios caules. S\u00e3o equipamentos profissionais. E devem ser usadas em conjunto com um trator para completar a recolha e empacotamento de forragem, soja, palha de arroz, trigo e outros caules de culturas. A forma da palha final pode ser redonda ou quadrada. Para al\u00e9m destes dois tipos de enfardadoras de silagem, tamb\u00e9m temos <a href=\"https:\/\/taizyfarmequipment.com\/pt\/produto\/enfardadeira-redonda-para-silagem\/\">enfardadoras de silagem<\/a>, que s\u00f3 conseguem enfardar material triturado e n\u00e3o conseguem deslocar-se no campo. Portanto, devemos cortar o material com <a href=\"https:\/\/www.agriculture-machine.com\/4-15t-h-grass-cutting-machine-cutting-wet-grass-grass-cutter\/\" target=\"_blank\" rel=\"noopener\">m\u00e1quinas de corte de relva<\/a> antes de usar esta enfardadora de silagem. E este texto \u00e9 principalmente sobre as m\u00e1quinas de corte e enfardamento de silagem quadradas e redondas. <\/p>    <p>A populariza\u00e7\u00e3o e o uso dessas m\u00e1quinas t\u00eam desempenhado um papel importante na solu\u00e7\u00e3o da reciclagem de palha. E tamb\u00e9m podem melhorar as condi\u00e7\u00f5es ambientais devido \u00e0 queima de palha rural. E melhorando a qualidade do uso da palha. Al\u00e9m disso, s\u00e3o equipamentos ideais para coleta de forragem, coleta de palha e combust\u00edvel e empacotamento. Desde o lan\u00e7amento dessas m\u00e1quinas, elas s\u00e3o as m\u00e1quinas preferidas dos agricultores. Ent\u00e3o, \u00e9 um bom ajudante para fazer fortuna.<\/p>    <figure class=\"wp-block-gallery has-nested-images columns-default is-cropped wp-block-gallery-2 is-layout-flex wp-block-gallery-is-layout-flex\"> <figure class=\"wp-block-image size-large\"><img loading=\"lazy\" decoding=\"async\" width=\"720\" height=\"540\" data-id=\"4950\" src=\"https:\/\/taizyfarmequipment.com\/wp-content\/uploads\/2022\/03\/round-straw-cutter-and-baler.webp\" alt=\"cortador de palha redondo e enfardadeira\" class=\"wp-image-4950\" srcset=\"https:\/\/taizyfarmequipment.com\/wp-content\/uploads\/2022\/03\/round-straw-cutter-and-baler.webp 720w, https:\/\/taizyfarmequipment.com\/wp-content\/uploads\/2022\/03\/round-straw-cutter-and-baler-300x225.webp 300w, https:\/\/taizyfarmequipment.com\/wp-content\/uploads\/2022\/03\/round-straw-cutter-and-baler-16x12.webp 16w\" sizes=\"auto, (max-width: 720px) 100vw, 720px\" \/><figcaption class=\"wp-element-caption\">cortador de palha redondo e enfardadeira<\/figcaption><\/figure>    <figure class=\"wp-block-image size-large\"><img loading=\"lazy\" decoding=\"async\" width=\"720\" height=\"540\" data-id=\"4951\" src=\"https:\/\/taizyfarmequipment.com\/wp-content\/uploads\/2022\/03\/square-straw-strapping-baler-machine.webp\" alt=\"m\u00e1quina enfardadeira de cintas de palha quadrada\" class=\"wp-image-4951\" srcset=\"https:\/\/taizyfarmequipment.com\/wp-content\/uploads\/2022\/03\/square-straw-strapping-baler-machine.webp 720w, https:\/\/taizyfarmequipment.com\/wp-content\/uploads\/2022\/03\/square-straw-strapping-baler-machine-300x225.webp 300w, https:\/\/taizyfarmequipment.com\/wp-content\/uploads\/2022\/03\/square-straw-strapping-baler-machine-16x12.webp 16w\" sizes=\"auto, (max-width: 720px) 100vw, 720px\" \/><figcaption class=\"wp-element-caption\">m\u00e1quina enfardadeira de cintas de palha quadrada<\/figcaption><\/figure> <\/figure>    <h2 class=\"wp-block-heading has-theme-palette-4-color has-text-color\" id=\"h-what-materials-can-the-tractor-baler-process\">Que materiais a enfardadeira trator pode processar?<\/h2>    <p>Essas m\u00e1quinas podem processar pastagens secas e verdes, arroz, trigo, talos de milho, forragem, etc.<\/p>    <h2 class=\"wp-block-heading\">Tipo 1: M\u00e1quina enfardadeira quadrada para cintas de palha<\/h2>    <p>Este tipo de m\u00e1quina de corte e enfardamento de palha quadrada pode enfardar v\u00e1rios tipos de palha em um formato quadrado. A palha quadrada deve funcionar com o trator. E a energia ser\u00e1 transportada atrav\u00e9s da tomada de for\u00e7a. Quanto ao tamanho da enfardadeira acabada, nossa m\u00e1quina pode produzir uma enfardadeira quadrada de 1100*400*300mm. Existem dois tipos de materiais usados \u200b\u200bquando a enfardadeira coletora de esmagamento de palha \u00e9 agrupada: corda de c\u00e2nhamo e corda de rede pl\u00e1stica. A enfardadeira quadrada para tritura\u00e7\u00e3o de palha s\u00f3 pode usar corda de c\u00e2nhamo.<\/p>    <figure class=\"wp-block-image size-full\"><img loading=\"lazy\" decoding=\"async\" width=\"720\" height=\"540\" src=\"https:\/\/taizyfarmequipment.com\/wp-content\/uploads\/2022\/04\/square-straw-strapping-baler-machine-0.jpg\" alt=\"m\u00e1quina enfardadeira de cintas de palha quadrada \" class=\"wp-image-3207\" title=\"m\u00e1quina enfardadeira de cintas de palha quadrada \"\/><figcaption class=\"wp-element-caption\">m\u00e1quina enfardadeira de cintas de palha quadrada <\/figcaption><\/figure>    <h2 class=\"wp-block-heading has-theme-palette-4-color has-text-color\" id=\"h-structure-of-tractor-towing-square-stalk-baling-machine\">Estrutura do trator que reboca a m\u00e1quina enfardadeira de haste quadrada<\/h2>    <p>A m\u00e1quina enfardadeira e cintadora de palha quadrada inclui uma viga de tra\u00e7\u00e3o, um selecionador, um transportador helicoidal, um mecanismo de alimenta\u00e7\u00e3o, um pist\u00e3o, uma c\u00e2mara de enfardamento, um mecanismo de enfardamento, um dispositivo de ajuste de densidade do fardo e um sistema de transmiss\u00e3o.<\/p>    <p>1. Primeiramente, a fun\u00e7\u00e3o do colhedor \u00e9 recolher as faixas de grama colocadas no ch\u00e3o. E\u00a0ent\u00e3o\u00a0eleve a plataforma de alimenta\u00e7\u00e3o. O selecionador adota uma estrutura de rolo com mola de quatro fileiras.<\/p>    <p>2. Em segundo lugar, a fun\u00e7\u00e3o do mecanismo de transporte e alimenta\u00e7\u00e3o \u00e9 coletar os materiais lateralmente e aliment\u00e1-los na c\u00e2mara de enfardamento. O mecanismo de transporte e alimenta\u00e7\u00e3o inclui um transportador helicoidal e um mecanismo de garfo de alimenta\u00e7\u00e3o.<\/p>    <p>3. Em terceiro lugar, o pist\u00e3o e a c\u00e2mara de enfardamento podem comprimir o material alimentado na c\u00e2mara de enfardamento. E o pist\u00e3o \u00e9 um mecanismo de biela de manivela. A c\u00e2mara de liga\u00e7\u00e3o \u00e9 uma cavidade retangular formada pela soldagem de placas de a\u00e7o.<\/p>    <p>4. E o controlador de densidade do fardo serve para ajustar a densidade do fardo. De acordo com a esp\u00e9cie forrageira e a umidade, o operador pode ajustar a tens\u00e3o da mola para obter um fardo moderadamente apertado.<\/p>    <figure class=\"wp-block-image size-full\"><img loading=\"lazy\" decoding=\"async\" width=\"720\" height=\"540\" src=\"https:\/\/taizyfarmequipment.com\/wp-content\/uploads\/2022\/03\/square-stalk-baling-machines-structure2-.jpg\" alt=\"estrutura da enfardadeira de caule quadrado \" class=\"wp-image-3019\" title=\"estrutura da enfardadeira de caule quadrado \"\/><figcaption class=\"wp-element-caption\">Estrutura de caule quadrado <\/figcaption><\/figure>    <h2 class=\"wp-block-heading has-theme-palette-4-color has-text-color\" id=\"h-working-principle-of-square-stalk-strapping-and-baling-machine\">Princ\u00edpio de funcionamento da m\u00e1quina de enfardamento e cintagem de talo quadrado <\/h2>    <p>A m\u00e1quina de cintar palha e enfardadeira pode trabalhar com a p\u00f3lvora do trator. E no processo de opera\u00e7\u00f5es de campo, os dentes da mola do colhedor pegam as tiras de grama mo\u00eddas. E ent\u00e3o levante-os para a plataforma de transporte e alimenta\u00e7\u00e3o.<\/p>    <p>Em seguida, o transportador helicoidal sim\u00e9trico atr\u00e1s do selecionador empurra o material de ambos os lados para a entrada de alimenta\u00e7\u00e3o.<\/p>    <p>O garfo de alimenta\u00e7\u00e3o ir\u00e1 adicionar os materiais acumulados na entrada de alimenta\u00e7\u00e3o na c\u00e2mara de enfardamento durante o seu processo de trabalho. E sob a a\u00e7\u00e3o ascendente do pist\u00e3o, o material \u00e9 gradualmente compactado na c\u00e2mara de enfardamento.<\/p>    <p>Quando o comprimento do fardo atingir o comprimento definido. A embreagem do mecanismo de cintagem inicia a opera\u00e7\u00e3o do mecanismo de cintagem. E no processo de trabalho do atador, os dois feixes de corda envolvem o fardo.<\/p>    <p>Em seguida, os materiais subsequentes empurrar\u00e3o os fardos gradualmente para a sa\u00edda da c\u00e2mara de enfardamento. Em seguida, caia no ch\u00e3o atrav\u00e9s da placa de enfardamento.<\/p>    <h2 class=\"wp-block-heading\">Par\u00e2metro de um trator autom\u00e1tico rebocando enfardadeira quadrada<\/h2>    <figure class=\"wp-block-table\"><table><tbody><tr><td>Modelo<\/td><td>Seletor com<\/td><td>Tipo de estrutura do seletor<\/td><td>Tipo de n\u00f3<\/td><td>N\u00famero de atadores<\/td><td>Tempos de reciprocidade do pist\u00e3o agrupado<\/td><td>Dimens\u00f5es (mm)<\/td><td>Poder de apoio<\/td><\/tr><tr><td>9YFQ-2.2<\/td><td>2.240 mm<\/td><td>Dente de mola<\/td><td>D<\/td><td>2<\/td><td>100\/min<\/td><td>4150\u00d72850\u00d71800<\/td><td>\u226536,7 kW<\/td><\/tr><\/tbody><\/table><figcaption class=\"wp-element-caption\"> Par\u00e2metro de um trator autom\u00e1tico rebocando enfardadeira quadrada <\/figcaption><\/figure>    <h2 class=\"wp-block-heading\">Tipo 2: Enfardadeira redonda para colheita e tritura\u00e7\u00e3o de palha<\/h2>    <p>Esse tipo de enfardadeira pode produzir fardos redondos. A m\u00e1quina tamb\u00e9m precisa trabalhar com um trator, com um engate de tr\u00eas pontos e a PTO para transmitir energia para a picareta e a enfardadeira redonda. Em rela\u00e7\u00e3o ao material a ser caro, a m\u00e1quina pode usar corda l\u00edquida ou c\u00e2nhamo. E o tamanho do redondo acabado \u00e9 de 70*100 mm. <\/p>    <h2 class=\"wp-block-heading\">Qual \u00e9 a estrutura do cortador de feno redondo e da enfardadeira?<\/h2>    <p>O cortador de feno redondo e a enfardadeira t\u00eam principalmente um cilindro hidr\u00e1ulico, corda de c\u00e2nhamo, alavanca do compartimento do interruptor, tomada de for\u00e7a, p\u00e1ra-lama, etc.<\/p>    <figure class=\"wp-block-image size-full is-resized\"><img loading=\"lazy\" decoding=\"async\" width=\"720\" height=\"540\" src=\"https:\/\/taizyfarmequipment.com\/wp-content\/uploads\/2022\/04\/round-silage-cutting-and-baling-machine0.jpg\" alt=\"m\u00e1quina de corte e enfardamento de silagem redonda\" class=\"wp-image-3209\" style=\"width:720px;height:540px\" title=\"m\u00e1quina de corte e enfardamento de silagem redonda\"\/><figcaption class=\"wp-element-caption\">m\u00e1quina de corte e enfardamento de silagem redonda<\/figcaption><\/figure>    <h2 class=\"wp-block-heading\">Qual \u00e9 a especifica\u00e7\u00e3o de uma enfardadeira de feno redonda?<\/h2>    <figure class=\"wp-block-table\"><table><tbody><tr><td>Modelo<\/td><td>STF 70*100<\/td><\/tr><tr><td>Capacidade de trabalho<\/td><td>0,82-1,3 acres<\/td><\/tr><tr><td>Tamanho<\/td><td>2300*2200*1450mm<\/td><\/tr><\/tbody><\/table><figcaption class=\"wp-element-caption\">Par\u00e2metro redondo do feno do feno<\/figcaption><\/figure>    <h2 class=\"wp-block-heading has-theme-palette-4-color has-text-color\" id=\"h-advantages-of-square-and-round-balers\">Vantagens das enfardadeiras quadradas e redondas<\/h2>    <p>1. Ambas as m\u00e1quinas t\u00eam alta efici\u00eancia de agrupamento e alta densidade. E \u00e9 adequado para extrus\u00e3o e empacotamento de talos de milho, palha de trigo, palha, pasto, etc.<\/p>    <p>2. Al\u00e9m disso, pode reduzir bastante a \u00e1rea de armazenamento, melhorar a capacidade de transporte e reduzir a possibilidade de inc\u00eandio.<\/p>    <p>3. F\u00e1cil de armazenar. O volume da grama agrupada \u00e9 dois ter\u00e7os menor do que a grama n\u00e3o enfardada, o que pode reduzir bastante a \u00e1rea da pastagem.<\/p>    <p>4. Conveniente para carga, descarga e transporte. Estas m\u00e1quinas podem aproveitar ao m\u00e1ximo a capacidade de carga dos meios de transporte. E geralmente, a capacidade de transporte pode aumentar 2 a 3 vezes. Portanto, pode economizar custos de m\u00e3o de obra e transporte em mais de 50%.<\/p>    <figure class=\"wp-block-gallery has-nested-images columns-default is-cropped wp-block-gallery-3 is-layout-flex wp-block-gallery-is-layout-flex\"> <figure class=\"wp-block-image size-large\"><img loading=\"lazy\" decoding=\"async\" width=\"720\" height=\"540\" data-id=\"3020\" src=\"https:\/\/taizyfarmequipment.com\/wp-content\/uploads\/2022\/03\/factory-.jpg\" alt=\"f\u00e1brica de enfardadeira de feno\" class=\"wp-image-3020\" title=\"f\u00e1brica de enfardadeira de feno\"\/><figcaption class=\"wp-element-caption\">f\u00e1brica de enfardadeira de feno<\/figcaption><\/figure>    <figure class=\"wp-block-image size-large\"><img loading=\"lazy\" decoding=\"async\" width=\"720\" height=\"540\" data-id=\"3021\" src=\"https:\/\/taizyfarmequipment.com\/wp-content\/uploads\/2022\/03\/stalk-baler-.jpg\" alt=\"enfardadeira de talos\" class=\"wp-image-3021\" title=\"enfardadeira de talos\"\/><figcaption class=\"wp-element-caption\">enfardadeira de talos<\/figcaption><\/figure> <figcaption class=\"blocks-gallery-caption wp-element-caption\">enfardadeira de feno quadrada<\/figcaption><\/figure>    <h2 class=\"wp-block-heading has-theme-palette-4-color has-text-color\" id=\"h-main-features-of-automatic-silage-balers\">Principais caracter\u00edsticas das enfardadeiras autom\u00e1ticas de silagem<\/h2>    <p id=\"h-1-knotting-device-imported-from-germany-rasboa-germany-producing-the-reliability-is-high-and-the-bundling-rate-is-as-high-as-99\">1. Dispositivo de atamento importado da Alemanha (produ\u00e7\u00e3o de Rasboa, Alemanha). Portanto, a confiabilidade \u00e9 alta e a taxa de agrupamento chega a 99%.<\/p>    <p>2. Al\u00e9m disso, a apar\u00eancia \u00e9 mais bonita e segura de usar.<\/p>    <p>3. E o dispositivo de amortecimento de agrupamento de freio de dois lados torna a a\u00e7\u00e3o de agrupamento mais est\u00e1vel.<\/p>    <p>4. Al\u00e9m disso, a cadeia principal da cadeia de duplas torna a m\u00e1quina mais adequada para opera\u00e7\u00f5es de pacote para servi\u00e7os pesados.<\/p>    <p>5. Pneus de se\u00e7\u00e3o larga tornam a opera\u00e7\u00e3o de caminhada mais est\u00e1vel.<\/p>    <p>6. Toda a m\u00e1quina adota o projeto de estrutura sim\u00e9trica do eixo longitudinal. Tra\u00e7\u00e3o montada no meio, boa estabilidade de dire\u00e7\u00e3o e pequeno raio de giro.<\/p>    <p>7. Usando uma estrutura de sem-fim oca para fazer com que a colheita seja alimentada de forma mais suave. Sem acumula\u00e7\u00e3o, sem emaranhamento.<\/p>","protected":false},"excerpt":{"rendered":"<p>A cinta de palha quadrada e a m\u00e1quina trabalham com um trator para completar a colheita e o agrupamento da forragem. Atualmente, muitas fazendas o usam.<\/p>","protected":false},"author":1,"featured_media":3211,"parent":0,"template":"","tags":[],"product-type":[133],"class_list":["post-2577","product","type-product","status-publish","has-post-thumbnail","hentry","product-type-silage-machine"],"_links":{"self":[{"href":"https:\/\/taizyfarmequipment.com\/pt\/wp-json\/wp\/v2\/product\/2577","targetHints":{"allow":["GET"]}}],"collection":[{"href":"https:\/\/taizyfarmequipment.com\/pt\/wp-json\/wp\/v2\/product"}],"about":[{"href":"https:\/\/taizyfarmequipment.com\/pt\/wp-json\/wp\/v2\/types\/product"}],"author":[{"embeddable":true,"href":"https:\/\/taizyfarmequipment.com\/pt\/wp-json\/wp\/v2\/users\/1"}],"wp:featuredmedia":[{"embeddable":true,"href":"https:\/\/taizyfarmequipment.com\/pt\/wp-json\/wp\/v2\/media\/3211"}],"wp:attachment":[{"href":"https:\/\/taizyfarmequipment.com\/pt\/wp-json\/wp\/v2\/media?parent=2577"}],"wp:term":[{"taxonomy":"post_tag","embeddable":true,"href":"https:\/\/taizyfarmequipment.com\/pt\/wp-json\/wp\/v2\/tags?post=2577"},{"taxonomy":"product-type","embeddable":true,"href":"https:\/\/taizyfarmequipment.com\/pt\/wp-json\/wp\/v2\/product-type?post=2577"}],"curies":[{"name":"wp","href":"https:\/\/api.w.org\/{rel}","templated":true}]}}