{"id":2582,"date":"2022-02-21T07:00:32","date_gmt":"2022-02-21T07:00:32","guid":{"rendered":"https:\/\/taizyfarmequipment.com\/"},"modified":"2022-03-16T08:32:05","modified_gmt":"2022-03-16T08:32:05","slug":"classificador-de-arroz","status":"publish","type":"product","link":"https:\/\/taizyfarmequipment.com\/pt\/product\/rice-grader\/","title":{"rendered":"M\u00e1quina classificadora de arroz em planta de moinho de arroz"},"content":{"rendered":"<div class=\"kk-star-ratings kksr-auto kksr-align-left kksr-valign-top\"     data-payload='{&quot;align&quot;:&quot;left&quot;,&quot;id&quot;:&quot;2582&quot;,&quot;slug&quot;:&quot;default&quot;,&quot;valign&quot;:&quot;top&quot;,&quot;ignore&quot;:&quot;&quot;,&quot;reference&quot;:&quot;auto&quot;,&quot;class&quot;:&quot;&quot;,&quot;count&quot;:&quot;18&quot;,&quot;legendonly&quot;:&quot;&quot;,&quot;readonly&quot;:&quot;&quot;,&quot;score&quot;:&quot;4.6&quot;,&quot;starsonly&quot;:&quot;&quot;,&quot;best&quot;:&quot;5&quot;,&quot;gap&quot;:&quot;5&quot;,&quot;greet&quot;:&quot;Rate this product&quot;,&quot;legend&quot;:&quot;4.6\\\/5 - (18 votes)&quot;,&quot;size&quot;:&quot;24&quot;,&quot;title&quot;:&quot;Rice grader rice grading machine in rice mill plant&quot;,&quot;width&quot;:&quot;130.9&quot;,&quot;_legend&quot;:&quot;{score}\\\/{best} - ({count} {votes})&quot;,&quot;font_factor&quot;:&quot;1.25&quot;}'>              <div class=\"kksr-stars\">      <div class=\"kksr-stars-inactive\">             <div class=\"kksr-star\" data-star=\"1\" style=\"padding-right: 5px\">               <div class=\"kksr-icon\" style=\"width: 24px; height: 24px;\"><\/div>         <\/div>             <div class=\"kksr-star\" data-star=\"2\" style=\"padding-right: 5px\">               <div class=\"kksr-icon\" style=\"width: 24px; height: 24px;\"><\/div>         <\/div>             <div class=\"kksr-star\" data-star=\"3\" style=\"padding-right: 5px\">               <div class=\"kksr-icon\" style=\"width: 24px; height: 24px;\"><\/div>         <\/div>             <div class=\"kksr-star\" data-star=\"4\" style=\"padding-right: 5px\">               <div class=\"kksr-icon\" style=\"width: 24px; height: 24px;\"><\/div>         <\/div>             <div class=\"kksr-star\" data-star=\"5\" style=\"padding-right: 5px\">               <div class=\"kksr-icon\" style=\"width: 24px; height: 24px;\"><\/div>         <\/div>     <\/div>      <div class=\"kksr-stars-active\" style=\"width: 130.9px;\">             <div class=\"kksr-star\" style=\"padding-right: 5px\">               <div class=\"kksr-icon\" style=\"width: 24px; height: 24px;\"><\/div>         <\/div>             <div class=\"kksr-star\" style=\"padding-right: 5px\">               <div class=\"kksr-icon\" style=\"width: 24px; height: 24px;\"><\/div>         <\/div>             <div class=\"kksr-star\" style=\"padding-right: 5px\">               <div class=\"kksr-icon\" style=\"width: 24px; height: 24px;\"><\/div>         <\/div>             <div class=\"kksr-star\" style=\"padding-right: 5px\">               <div class=\"kksr-icon\" style=\"width: 24px; height: 24px;\"><\/div>         <\/div>             <div class=\"kksr-star\" style=\"padding-right: 5px\">               <div class=\"kksr-icon\" style=\"width: 24px; height: 24px;\"><\/div>         <\/div>     <\/div> <\/div>                   <div class=\"kksr-legend\" style=\"font-size: 19.2px;\">             4,6\/5 - (18 votos)    <\/div>     <\/div>  <h2 class=\"has-theme-palette-4-color has-text-color wp-block-heading\" id=\"h-introduction-of-the-rice-grader\">Introdu\u00e7\u00e3o do classificador de arroz<\/h2>    <p class=\"translation-block\">Um classificador de arroz \u00e9 uma m\u00e1quina que pode dividir o arroz de acordo com os seus di\u00e2metros. Depois o arroz com diferentes di\u00e2metros \u00e9 descarregado por sa\u00eddas diferentes. Normalmente, o arroz inteiro entra no mesmo saco. E o arroz partido entra noutro saco. Se quiser dividir o arroz de forma mais detalhada, pode recolher cada arroz de determinado di\u00e2metro em sacos diferentes. O motor fornece a pot\u00eancia \u00e0 m\u00e1quina. Esta m\u00e1quina funciona de forma est\u00e1vel e tem uma longa vida \u00fatil. Existem bolas de borracha na peneira. A fun\u00e7\u00e3o destas bolas \u00e9 evitar o entupimento da malha da peneira. Esta m\u00e1quina tem modelos diferentes consoante o tamanho da malha e a largura da peneira. Pode escolher o modelo correspondente com base nas suas necessidades. \u00c9 uma parte integrante da unidade de moagem de arroz tal como o <a href=\"https:\/\/taizyfarmequipment.com\/pt\/rice-mill-production-line\/separador-de-arroz-por-gravidade\/\">gravity paddy separator<\/a>.<\/p>    <figure class=\"wp-block-gallery has-nested-images columns-default is-cropped wp-block-gallery-2 is-layout-flex wp-block-gallery-is-layout-flex\"> <figure class=\"wp-block-image size-large\"><img loading=\"lazy\" decoding=\"async\" width=\"720\" height=\"540\" data-id=\"2694\" src=\"https:\/\/taizyfarmequipment.com\/wp-content\/uploads\/2022\/02\/front-of-the-rice-grader-.jpg\" alt=\"frente do classificador de arroz\" class=\"wp-image-2694\" title=\"frente do classificador de arroz\" srcset=\"https:\/\/taizyfarmequipment.com\/wp-content\/uploads\/2022\/02\/front-of-the-rice-grader-.jpg 720w, https:\/\/taizyfarmequipment.com\/wp-content\/uploads\/2022\/02\/front-of-the-rice-grader--300x225.jpg 300w\" sizes=\"auto, (max-width: 720px) 100vw, 720px\" \/><figcaption>frente do classificador de arroz<\/figcaption><\/figure>    <figure class=\"wp-block-image size-large\"><img loading=\"lazy\" decoding=\"async\" width=\"720\" height=\"540\" data-id=\"2695\" src=\"https:\/\/taizyfarmequipment.com\/wp-content\/uploads\/2022\/02\/side-of-the-rice-grader1.jpg\" alt=\"lado do classificador de arroz\" class=\"wp-image-2695\" title=\"lado do classificador de arroz\" srcset=\"https:\/\/taizyfarmequipment.com\/wp-content\/uploads\/2022\/02\/side-of-the-rice-grader1.jpg 720w, https:\/\/taizyfarmequipment.com\/wp-content\/uploads\/2022\/02\/side-of-the-rice-grader1-300x225.jpg 300w\" sizes=\"auto, (max-width: 720px) 100vw, 720px\" \/><figcaption>lado do classificador de arroz<\/figcaption><\/figure> <figcaption class=\"blocks-gallery-caption\">Introdu\u00e7\u00e3o do classificador de arroz<\/figcaption><\/figure>    <h2 class=\"has-theme-palette-4-color has-text-color wp-block-heading\" id=\"h-structure-of-the-rice-grading-machine\">Estrutura da m\u00e1quina classificadora de arroz<\/h2>    <p>A m\u00e1quina de classifica\u00e7\u00e3o de arroz inclui sa\u00eddas, cabo em forma de estrela, peneira, bola de borracha, motor, estrutura, etc.<\/p>    <figure class=\"wp-block-gallery has-nested-images columns-default is-cropped wp-block-gallery-3 is-layout-flex wp-block-gallery-is-layout-flex\"> <figure class=\"wp-block-image size-large\"><img loading=\"lazy\" decoding=\"async\" width=\"720\" height=\"540\" data-id=\"2696\" src=\"https:\/\/taizyfarmequipment.com\/wp-content\/uploads\/2022\/02\/inlet.jpg\" alt=\"entrada da m\u00e1quina de classifica\u00e7\u00e3o de arroz\" class=\"wp-image-2696\" title=\"entrada da m\u00e1quina de classifica\u00e7\u00e3o de arroz\" srcset=\"https:\/\/taizyfarmequipment.com\/wp-content\/uploads\/2022\/02\/inlet.jpg 720w, https:\/\/taizyfarmequipment.com\/wp-content\/uploads\/2022\/02\/inlet-300x225.jpg 300w\" sizes=\"auto, (max-width: 720px) 100vw, 720px\" \/><figcaption>entrada da m\u00e1quina de classifica\u00e7\u00e3o de arroz<\/figcaption><\/figure>    <figure class=\"wp-block-image size-large\"><img loading=\"lazy\" decoding=\"async\" width=\"720\" height=\"540\" data-id=\"2697\" src=\"https:\/\/taizyfarmequipment.com\/wp-content\/uploads\/2022\/02\/outlet1.jpg\" alt=\"sa\u00edda da peneira de classifica\u00e7\u00e3o de arroz\" class=\"wp-image-2697\" title=\"sa\u00edda da peneira de classifica\u00e7\u00e3o de arroz\" srcset=\"https:\/\/taizyfarmequipment.com\/wp-content\/uploads\/2022\/02\/outlet1.jpg 720w, https:\/\/taizyfarmequipment.com\/wp-content\/uploads\/2022\/02\/outlet1-300x225.jpg 300w\" sizes=\"auto, (max-width: 720px) 100vw, 720px\" \/><figcaption>sa\u00edda da peneira de classifica\u00e7\u00e3o de arroz<\/figcaption><\/figure>    <figure class=\"wp-block-image size-large\"><img loading=\"lazy\" decoding=\"async\" width=\"720\" height=\"540\" data-id=\"2698\" src=\"https:\/\/taizyfarmequipment.com\/wp-content\/uploads\/2022\/02\/screen-.jpg\" alt=\"tela da m\u00e1quina niveladora de arroz\" class=\"wp-image-2698\" title=\"tela da m\u00e1quina niveladora de arroz\" srcset=\"https:\/\/taizyfarmequipment.com\/wp-content\/uploads\/2022\/02\/screen-.jpg 720w, https:\/\/taizyfarmequipment.com\/wp-content\/uploads\/2022\/02\/screen--300x225.jpg 300w\" sizes=\"auto, (max-width: 720px) 100vw, 720px\" \/><figcaption>tela da m\u00e1quina niveladora de arroz<\/figcaption><\/figure> <figcaption class=\"blocks-gallery-caption\">Estrutura da m\u00e1quina classificadora de arroz<\/figcaption><\/figure>    <h2 class=\"has-theme-palette-4-color has-text-color wp-block-heading\" id=\"h-the-functions-of-the-various-parts-that-make-up-the-rice-grading-sieve\">As fun\u00e7\u00f5es das diversas partes que comp\u00f5em a peneira de classifica\u00e7\u00e3o de arroz<\/h2>    <ol class=\"wp-block-list\" type=\"1\"><li>Outlets: diferentes modelos possuem diferentes camadas de telas. Portanto, o n\u00famero de pontos de venda \u00e9 diferente. Mas seja qual for o modelo, sempre h\u00e1 uma sa\u00edda para descarregar o arroz quebrado.<strong><\/strong><\/li><li>Al\u00e7a em forma de estrela: gire a al\u00e7a em forma de estrela para ficar paralela ao ch\u00e3o e ent\u00e3o voc\u00ea pode retirar a tela. <strong><\/strong><\/li><li>Peneira: modelo diferente tem malha de tamanho diferente. Malha de tamanhos diferentes pode peneirar gr\u00e3os diferentes, como trigo, arroz e milho, etc. Voc\u00ea pode escolher o tamanho de malha adequado com base em suas necessidades. <strong><\/strong><\/li><li>Bola de borracha: O salto da bola de borracha limpar\u00e1 a tela bloqueada.<strong><\/strong><\/li><li>Motor: Fornece energia para a m\u00e1quina.<strong><\/strong><\/li><\/ol>    <h2 class=\"has-theme-palette-4-color has-text-color wp-block-heading\" id=\"h-the-working-principle-of-the-rice-grader-machine\">O princ\u00edpio de funcionamento da m\u00e1quina classificadora de arroz &nbsp;<\/h2>    <p>Ele aproveita a diferen\u00e7a entre o arroz quebrado e os gr\u00e3os de arroz integral para fazer rota\u00e7\u00f5es sobrepostas na superf\u00edcie da tela da rota\u00e7\u00e3o plana. Em seguida, o atrito avan\u00e7a para formar uma classifica\u00e7\u00e3o autom\u00e1tica.<\/p>    <h2 class=\"has-theme-palette-4-color has-text-color wp-block-heading\" id=\"h-technical-parameter-of-the-rice-milling-machine\">Par\u00e2metro t\u00e9cnico da fresadora de arroz<\/h2>    <figure class=\"wp-block-table\"><table><tbody><tr><td>Modelo<\/td><td>Capacidade (t\/h)<\/td><td>Pot\u00eancia (KW)<\/td><td>Tamanho (C*L*A)<\/td><\/tr><tr><td>MMJP63*3<\/td><td>0.8-1.25<\/td><td>0.75<\/td><td>1462*740*1280<\/td><\/tr><tr><td>MMJP80*3<\/td><td>1.5-2<\/td><td>1.1<\/td><td>1600*1000*1315<\/td><\/tr><tr><td>MMJP100*3<\/td><td>2.5-3.3<\/td><td>1.1<\/td><td>1690*1090*1386<\/td><\/tr><tr><td>MMJP100*4<\/td><td>2.5-3.5<\/td><td>1.1<\/td><td>1690*1087*1420<\/td><\/tr><tr><td>MMJP112*3<\/td><td>3.5-4.2<\/td><td>1.1<\/td><td>1690*1208*1386<\/td><\/tr><tr><td>MMJP112*4<\/td><td>3.5-4.5<\/td><td>1.1<\/td><td>1690*1208*1420<\/td><\/tr><tr><td>MMJP125*3<\/td><td>4.5-5<\/td><td>1.5<\/td><td>1690*1458*1386<\/td><\/tr><tr><td>MMJP125*4<\/td><td>4.5-5.2<\/td><td>1.5<\/td><td>1690*1457*1420<\/td><\/tr><tr><td>MMJP150*4<\/td><td>5.5-6<\/td><td>1.5<\/td><td>1725*1580*1500<\/td><\/tr><\/tbody><\/table><figcaption>Par\u00e2metro t\u00e9cnico da fresadora de arroz<\/figcaption><\/figure>    <h2 class=\"has-theme-palette-4-color has-text-color wp-block-heading\" id=\"h-why-do-you-need-the-white-rice-grader-in-rice-mill-plant\">Por que voc\u00ea precisa do classificador de arroz branco na f\u00e1brica de arroz?<\/h2>    <ol class=\"wp-block-list\" type=\"1\"><li>A fun\u00e7\u00e3o \u00e9 classificar e separar o arroz acabado e extrair o arroz quebrado que excede as necessidades. Seu desempenho afeta diretamente a pureza do arroz acabado e \u00e9 o principal equipamento para determinar o teor de arroz quebrado.<\/li><li>As exig\u00eancias do mercado quanto \u00e0 qualidade do arroz continuam a aumentar e \u00e9 necess\u00e1rio controlar eficazmente o teor de trincas de arroz.<\/li><li>Quanto menor for o teor de trincas de arroz, maior ser\u00e1 o pre\u00e7o e o lucro no mercado.<\/li><li>Quanto mais detalhada for a classifica\u00e7\u00e3o do arroz, melhor ele poder\u00e1 atender \u00e0s necessidades de diferentes pessoas e \u00e0s necessidades do mercado. <\/li><\/ol>    <figure class=\"wp-block-image size-full is-resized\"><img loading=\"lazy\" decoding=\"async\" src=\"https:\/\/taizyfarmequipment.com\/wp-content\/uploads\/2022\/02\/rice-grader-usage-scenarios-.jpg\" alt=\"niveladora de arroz branco em f\u00e1brica de moinho de arroz\" class=\"wp-image-2699\" width=\"720\" height=\"540\" title=\"niveladora de arroz branco em f\u00e1brica de moinho de arroz\" srcset=\"https:\/\/taizyfarmequipment.com\/wp-content\/uploads\/2022\/02\/rice-grader-usage-scenarios-.jpg 720w, https:\/\/taizyfarmequipment.com\/wp-content\/uploads\/2022\/02\/rice-grader-usage-scenarios--300x225.jpg 300w\" sizes=\"auto, (max-width: 720px) 100vw, 720px\" \/><figcaption>niveladora de arroz branco em f\u00e1brica de moinho de arroz<\/figcaption><\/figure>","protected":false},"excerpt":{"rendered":"<p>Um classificador de arroz pode dividir o arroz de acordo com seus di\u00e2metros. Em seguida, o arroz com di\u00e2metros diferentes \u00e9 descarregado em diferentes sa\u00eddas.\u00a0<\/p>","protected":false},"author":1,"featured_media":2700,"parent":0,"template":"","tags":[211,209,210,212],"product-type":[132],"class_list":["post-2582","product","type-product","status-publish","has-post-thumbnail","hentry","tag-rice-grader-machine","tag-rice-grading-machine","tag-rice-grading-sieve","tag-white-rice-grader","product-type-rice-mill"],"_links":{"self":[{"href":"https:\/\/taizyfarmequipment.com\/pt\/wp-json\/wp\/v2\/product\/2582","targetHints":{"allow":["GET"]}}],"collection":[{"href":"https:\/\/taizyfarmequipment.com\/pt\/wp-json\/wp\/v2\/product"}],"about":[{"href":"https:\/\/taizyfarmequipment.com\/pt\/wp-json\/wp\/v2\/types\/product"}],"author":[{"embeddable":true,"href":"https:\/\/taizyfarmequipment.com\/pt\/wp-json\/wp\/v2\/users\/1"}],"wp:featuredmedia":[{"embeddable":true,"href":"https:\/\/taizyfarmequipment.com\/pt\/wp-json\/wp\/v2\/media\/2700"}],"wp:attachment":[{"href":"https:\/\/taizyfarmequipment.com\/pt\/wp-json\/wp\/v2\/media?parent=2582"}],"wp:term":[{"taxonomy":"post_tag","embeddable":true,"href":"https:\/\/taizyfarmequipment.com\/pt\/wp-json\/wp\/v2\/tags?post=2582"},{"taxonomy":"product-type","embeddable":true,"href":"https:\/\/taizyfarmequipment.com\/pt\/wp-json\/wp\/v2\/product-type?post=2582"}],"curies":[{"name":"wp","href":"https:\/\/api.w.org\/{rel}","templated":true}]}}