{"id":2583,"date":"2022-02-21T02:46:08","date_gmt":"2022-02-21T02:46:08","guid":{"rendered":"https:\/\/taizyfarmequipment.com\/"},"modified":"2022-03-16T08:12:10","modified_gmt":"2022-03-16T08:12:10","slug":"unidade-de-maquina-de-moagem-de-arroz-de-60t-d","status":"publish","type":"product","link":"https:\/\/taizyfarmequipment.com\/pt\/product\/60t-d-rice-milling-machine-unit\/","title":{"rendered":"Unidade autom\u00e1tica integrada de fresadora de arroz 60T\/D"},"content":{"rendered":"<div class=\"kk-star-ratings kksr-auto kksr-align-left kksr-valign-top\"     data-payload='{&quot;align&quot;:&quot;left&quot;,&quot;id&quot;:&quot;2583&quot;,&quot;slug&quot;:&quot;default&quot;,&quot;valign&quot;:&quot;top&quot;,&quot;ignore&quot;:&quot;&quot;,&quot;reference&quot;:&quot;auto&quot;,&quot;class&quot;:&quot;&quot;,&quot;count&quot;:&quot;26&quot;,&quot;legendonly&quot;:&quot;&quot;,&quot;readonly&quot;:&quot;&quot;,&quot;score&quot;:&quot;4.8&quot;,&quot;starsonly&quot;:&quot;&quot;,&quot;best&quot;:&quot;5&quot;,&quot;gap&quot;:&quot;5&quot;,&quot;greet&quot;:&quot;Rate this product&quot;,&quot;legend&quot;:&quot;4.8\\\/5 - (26 votes)&quot;,&quot;size&quot;:&quot;24&quot;,&quot;title&quot;:&quot;60T\\\/D integrated automatic rice milling machine unit&quot;,&quot;width&quot;:&quot;136.7&quot;,&quot;_legend&quot;:&quot;{score}\\\/{best} - ({count} {votes})&quot;,&quot;font_factor&quot;:&quot;1.25&quot;}'>              <div class=\"kksr-stars\">      <div class=\"kksr-stars-inactive\">             <div class=\"kksr-star\" data-star=\"1\" style=\"padding-right: 5px\">               <div class=\"kksr-icon\" style=\"width: 24px; height: 24px;\"><\/div>         <\/div>             <div class=\"kksr-star\" data-star=\"2\" style=\"padding-right: 5px\">               <div class=\"kksr-icon\" style=\"width: 24px; height: 24px;\"><\/div>         <\/div>             <div class=\"kksr-star\" data-star=\"3\" style=\"padding-right: 5px\">               <div class=\"kksr-icon\" style=\"width: 24px; height: 24px;\"><\/div>         <\/div>             <div class=\"kksr-star\" data-star=\"4\" style=\"padding-right: 5px\">               <div class=\"kksr-icon\" style=\"width: 24px; height: 24px;\"><\/div>         <\/div>             <div class=\"kksr-star\" data-star=\"5\" style=\"padding-right: 5px\">               <div class=\"kksr-icon\" style=\"width: 24px; height: 24px;\"><\/div>         <\/div>     <\/div>      <div class=\"kksr-stars-active\" style=\"width: 136.7px;\">             <div class=\"kksr-star\" style=\"padding-right: 5px\">               <div class=\"kksr-icon\" style=\"width: 24px; height: 24px;\"><\/div>         <\/div>             <div class=\"kksr-star\" style=\"padding-right: 5px\">               <div class=\"kksr-icon\" style=\"width: 24px; height: 24px;\"><\/div>         <\/div>             <div class=\"kksr-star\" style=\"padding-right: 5px\">               <div class=\"kksr-icon\" style=\"width: 24px; height: 24px;\"><\/div>         <\/div>             <div class=\"kksr-star\" style=\"padding-right: 5px\">               <div class=\"kksr-icon\" style=\"width: 24px; height: 24px;\"><\/div>         <\/div>             <div class=\"kksr-star\" style=\"padding-right: 5px\">               <div class=\"kksr-icon\" style=\"width: 24px; height: 24px;\"><\/div>         <\/div>     <\/div> <\/div>                   <div class=\"kksr-legend\" style=\"font-size: 19.2px;\">             4,8\/5 - (26 votos)    <\/div>     <\/div>  <h2 class=\"wp-block-heading\" id=\"h-introduction-of-60t-d-rice-milling-machine\">Introdu\u00e7\u00e3o da fresadora de arroz 60T\/D <\/h2>    <p class=\"translation-block\">60T\/D integrated automatic rice milling machine is the equipment that can process the paddy into rice. The basic version of the 60T\/D rice milling machine includes combined clearer, stone remover, husker, gravity paddy separator, rice mill, and the rice grader. It can also add other relative machines to combine into a more complete product line. Such as rice mill with water, color sorter, and packaging machine, which is more time-saving, energy-saving, and higher efficiency, etc. This rice mill unit has advantages of easy operation, simple maintenance, low rice temperature, etc. And this equipment is suitable for all kinds of raw grains in different regions.  Besides, we also have small capacity <a href=\"https:\/\/www.agriculture-machine.com\/rice-mill\/\" target=\"_blank\" rel=\"noopener\">rice mill machines<\/a>. And these machines have the only the function of milling rice.<\/p>    <figure class=\"wp-block-gallery has-nested-images columns-2 is-cropped wp-block-gallery-2 is-layout-flex wp-block-gallery-is-layout-flex\"> <figure class=\"wp-block-image size-large\"><img loading=\"lazy\" decoding=\"async\" width=\"720\" height=\"541\" data-id=\"2674\" src=\"https:\/\/taizyfarmequipment.com\/wp-content\/uploads\/2022\/02\/5-tuya_720_541.jpg\" alt=\"frente da f\u00e1brica de moinho de arroz 60T\" class=\"wp-image-2674\" title=\"frente da f\u00e1brica de moinho de arroz 60T\" srcset=\"https:\/\/taizyfarmequipment.com\/wp-content\/uploads\/2022\/02\/5-tuya_720_541.jpg 720w, https:\/\/taizyfarmequipment.com\/wp-content\/uploads\/2022\/02\/5-tuya_720_541-300x225.jpg 300w\" sizes=\"auto, (max-width: 720px) 100vw, 720px\" \/><figcaption>frente da f\u00e1brica de moinho de arroz 60T<\/figcaption><\/figure>    <figure class=\"wp-block-image size-large\"><img loading=\"lazy\" decoding=\"async\" width=\"720\" height=\"540\" data-id=\"2675\" src=\"https:\/\/taizyfarmequipment.com\/wp-content\/uploads\/2022\/02\/6-tuya_720_540.jpg\" alt=\"lado do equipamento do moinho de arroz 60T\" class=\"wp-image-2675\" title=\"lado do equipamento do moinho de arroz 60T\" srcset=\"https:\/\/taizyfarmequipment.com\/wp-content\/uploads\/2022\/02\/6-tuya_720_540.jpg 720w, https:\/\/taizyfarmequipment.com\/wp-content\/uploads\/2022\/02\/6-tuya_720_540-300x225.jpg 300w\" sizes=\"auto, (max-width: 720px) 100vw, 720px\" \/><figcaption>lado do equipamento do moinho de arroz 60T<\/figcaption><\/figure>    <figure class=\"wp-block-image size-large\"><img loading=\"lazy\" decoding=\"async\" width=\"720\" height=\"540\" data-id=\"2676\" src=\"https:\/\/taizyfarmequipment.com\/wp-content\/uploads\/2022\/02\/7-tuya_720_540.jpg\" alt=\"lado direito da fresadora de arroz integrada\" class=\"wp-image-2676\" title=\"lado direito da fresadora de arroz integrada\" srcset=\"https:\/\/taizyfarmequipment.com\/wp-content\/uploads\/2022\/02\/7-tuya_720_540.jpg 720w, https:\/\/taizyfarmequipment.com\/wp-content\/uploads\/2022\/02\/7-tuya_720_540-300x225.jpg 300w\" sizes=\"auto, (max-width: 720px) 100vw, 720px\" \/><figcaption>lado direito da fresadora de arroz integrada<\/figcaption><\/figure>    <figure class=\"wp-block-image size-large\"><img loading=\"lazy\" decoding=\"async\" width=\"720\" height=\"540\" data-id=\"2677\" src=\"https:\/\/taizyfarmequipment.com\/wp-content\/uploads\/2022\/02\/finished-production-show-.jpg\" alt=\"produto acabado da fresadora de arroz combinada\" class=\"wp-image-2677\" title=\"produto acabado da fresadora de arroz combinada\" srcset=\"https:\/\/taizyfarmequipment.com\/wp-content\/uploads\/2022\/02\/finished-production-show-.jpg 720w, https:\/\/taizyfarmequipment.com\/wp-content\/uploads\/2022\/02\/finished-production-show--300x225.jpg 300w\" sizes=\"auto, (max-width: 720px) 100vw, 720px\" \/><figcaption>produto acabado da fresadora de arroz combinada<\/figcaption><\/figure> <figcaption class=\"blocks-gallery-caption\">M\u00e1quina de tritura\u00e7\u00e3o do arroz 60T\/D<\/figcaption><\/figure>    <h2 class=\"wp-block-heading\" id=\"structure-of-the-60t-d-complete-set-rice-mill-plant\">Estrutura da f\u00e1brica de moinho de arroz de conjunto completo 60T\/D<\/h2>    <p>Inclui limpador combinado, removedor de pedra, descascador, separador de arroz por gravidade, moinho de arroz, classificador de arroz.<\/p>    <div class=\"wp-block-image\"><figure class=\"aligncenter size-full is-resized\"><img loading=\"lazy\" decoding=\"async\" src=\"https:\/\/taizyfarmequipment.com\/wp-content\/uploads\/2022\/02\/3-tuya_720_540.jpg\" alt=\"Estrutura da planta de moinho de arroz com conjunto completo 60T\/D\" class=\"wp-image-2678\" width=\"724\" height=\"543\" title=\"Estrutura da planta de moinho de arroz com conjunto completo 60T\/D\" srcset=\"https:\/\/taizyfarmequipment.com\/wp-content\/uploads\/2022\/02\/3-tuya_720_540.jpg 720w, https:\/\/taizyfarmequipment.com\/wp-content\/uploads\/2022\/02\/3-tuya_720_540-300x225.jpg 300w\" sizes=\"auto, (max-width: 724px) 100vw, 724px\" \/><figcaption>Estrutura da planta de moinho de arroz com conjunto completo 60T\/D<\/figcaption><\/figure><\/div>    <h2 class=\"wp-block-heading\" id=\"functions-of-every-part-of-the-integrated-rice-milling-machine\">Fun\u00e7\u00f5es de cada parte da fresadora de arroz integrada<\/h2>    <ol class=\"wp-block-list\" type=\"1\"><li>Clareador combinado: remove principalmente impurezas como palitos de palha, galhos e impurezas menores do arroz.<\/li><li>Removedor de pedras: limpe as pequenas pedras e detritos com grande gravidade espec\u00edfica no arroz para evitar danos ao equipamento de processamento de arroz.<\/li><li>Descascador: retire a casca do arroz. O arroz \u00e9 transformado em arroz integral.<\/li><li>Separador de arroz por gravidade: pode peneirar o arroz em arroz integral, a mistura de arroz integral e arroz em casca, arroz em casca.\u00a0E o arroz entrar\u00e1 novamente no descascador.<\/li><li>Moinho de arroz: processe o arroz integral em arroz liso e branco.<\/li><li>Classificador de arroz: Divida o arroz integral em 3 graus. Um deles \u00e9 o arroz integral grande. O segundo \u00e9 o arroz integral pequeno. E o terceiro \u00e9 o arroz quebrado.<\/li><\/ol>    <h2 class=\"wp-block-heading\" id=\"working-flow-of-the-60t-d-combined-set-rice-milling-machine\">Fluxo de trabalho da fresadora de arroz combinada 60T\/D<\/h2>    <ol class=\"wp-block-list\" type=\"1\"><li>Primeiro, colocando o arroz na tremonha do elevador. &nbsp;<\/li><li>Em segundo lugar, o arroz entra no removedor de pedras para remover as pedras do arroz. &nbsp;<\/li><li>Em seguida, insira o descascador para remover a casca do arroz.<\/li><li>Em seguida, entra no\u00a0separador de arroz, o arroz ainda com casca \u00e9 enviado novamente para o descascador. E o arroz integral entra na fresadora de arroz.<\/li><li>E ent\u00e3o\u00a0entre na nota.<\/li><\/ol>    <h2 class=\"wp-block-heading\" id=\"parameter-of-automatic-rice-milling-machine-production-line\">Par\u00e2metro da linha de produ\u00e7\u00e3o autom\u00e1tica da fresadora de arroz<\/h2>    <figure class=\"wp-block-table\"><table><tbody><tr><td>M\u00e1quina<\/td><td>Capacidade (t\/h)<\/td><td>Velocidade de rota\u00e7\u00e3o\u00a0(r\/min)<\/td><td>Pot\u00eancia (kw)<\/td><td>Volume de suc\u00e7\u00e3o (m\u00b3\/h)<\/td><\/tr><tr><td>Mais claro combinado<\/td><td>6-7<\/td><td>920<\/td><td>2*0.37<\/td><td>4800<\/td><\/tr><tr><td>Removedor de pedra<\/td><td>6-7<\/td><td>185+_15<\/td><td>0.75<\/td><td>3800-4200<\/td><\/tr><tr><td>Descascador<\/td><td>4.2-5<\/td><td>R\u00e1pido(1228-1673)Lento(1108-1362)<\/td><td>7.5<\/td><td>3200-3800<\/td><\/tr><tr><td>Separador de arroz por gravidade<\/td><td>3.4-4<\/td><td>255+_15<\/td><td>1.5<\/td><td>&nbsp;<\/td><\/tr><tr><td>Moinho de arroz<\/td><td>2-3<\/td><td>1290<\/td><td>22-30<\/td><td>3500-3800<\/td><\/tr><tr><td>Classificador de arroz<\/td><td>2.5-3.5<\/td><td>150+_15<\/td><td>1.1<\/td><td>&nbsp;<\/td><\/tr><tr><td>Elevador<\/td><td>2.4-3.5<\/td><td>189<\/td><td>1.1<\/td><td>300<\/td><\/tr><\/tbody><\/table><figcaption>Par\u00e2metro da linha de produ\u00e7\u00e3o autom\u00e1tica da fresadora de arroz<\/figcaption><\/figure>    <h2 class=\"wp-block-heading\" id=\"high-capacity-60t-d-rice-milling-machine-s-features\">Recursos da fresadora de arroz 60T\/D de alta capacidade:<\/h2>    <p>1. Esta linha de produ\u00e7\u00e3o \u00e9 adequada para adicionar v\u00e1rios tipos de arroz, com uma ampla gama de aplica\u00e7\u00f5es, alto rendimento de arroz e baixa taxa de quebra de arroz.<\/p>    <p>2. V\u00e1rias m\u00e1quinas de moagem de arroz podem produzir arroz de alta precis\u00e3o e alta qualidade, que \u00e9 mais adequado para as necessidades comerciais.<\/p>    <p>3. \u00c9 combinado com uma tela de limpeza separada e uma m\u00e1quina de remo\u00e7\u00e3o de pedras, o efeito de remo\u00e7\u00e3o de impurezas e pedras \u00e9 melhor.<\/p>    <p>4. Voc\u00ea tamb\u00e9m pode instalar um polidor que deixar\u00e1 o arroz mais cristalino e de melhor qualidade.<\/p>    <p>5. Adote uma rede de ar de suc\u00e7\u00e3o externa para reduzir a polui\u00e7\u00e3o por poeira e melhorar o ambiente de trabalho.<\/p>    <p>6. Possuir um processo t\u00e9cnico completo e um conjunto completo de equipamentos de produ\u00e7\u00e3o, incluindo limpeza, remo\u00e7\u00e3o de pedras, descascamento, moagem de arroz, classifica\u00e7\u00e3o, polimento, classifica\u00e7\u00e3o de cores, sele\u00e7\u00e3o, pesagem autom\u00e1tica, embalagem, etc.<\/p>    <h2 class=\"wp-block-heading\" id=\"packing-and-shipping-of-rice-milling-machine-unit\">Embalagem e envio de unidade de moagem de arroz<\/h2>    <figure class=\"wp-block-gallery has-nested-images columns-2 is-cropped wp-block-gallery-3 is-layout-flex wp-block-gallery-is-layout-flex\"> <figure class=\"wp-block-image size-large\"><img loading=\"lazy\" decoding=\"async\" width=\"720\" height=\"540\" data-id=\"2679\" src=\"https:\/\/taizyfarmequipment.com\/wp-content\/uploads\/2022\/02\/20-tuya_720_540.jpg\" alt=\"embrulhe filme na m\u00e1quina de moinho de arroz\" class=\"wp-image-2679\" title=\"embrulhe filme na m\u00e1quina de moinho de arroz\" srcset=\"https:\/\/taizyfarmequipment.com\/wp-content\/uploads\/2022\/02\/20-tuya_720_540.jpg 720w, https:\/\/taizyfarmequipment.com\/wp-content\/uploads\/2022\/02\/20-tuya_720_540-300x225.jpg 300w\" sizes=\"auto, (max-width: 720px) 100vw, 720px\" \/><figcaption>Enrole o filme na m\u00e1quina do moinho de arroz<\/figcaption><\/figure>    <figure class=\"wp-block-image size-large\"><img loading=\"lazy\" decoding=\"async\" width=\"720\" height=\"540\" data-id=\"2682\" src=\"https:\/\/taizyfarmequipment.com\/wp-content\/uploads\/2022\/02\/21-tuya_720_540-1.jpg\" alt=\"pacote de madeira de moinho de arroz 60T\" class=\"wp-image-2682\" title=\"pacote de madeira de moinho de arroz 60T\" srcset=\"https:\/\/taizyfarmequipment.com\/wp-content\/uploads\/2022\/02\/21-tuya_720_540-1.jpg 720w, https:\/\/taizyfarmequipment.com\/wp-content\/uploads\/2022\/02\/21-tuya_720_540-1-300x225.jpg 300w\" sizes=\"auto, (max-width: 720px) 100vw, 720px\" \/><figcaption>pacote de madeira de moinho de arroz 60T<\/figcaption><\/figure>    <figure class=\"wp-block-image size-large\"><img loading=\"lazy\" decoding=\"async\" width=\"720\" height=\"540\" data-id=\"2683\" src=\"https:\/\/taizyfarmequipment.com\/wp-content\/uploads\/2022\/02\/22-tuya_720_540.jpg\" alt=\"pacote de madeira\" class=\"wp-image-2683\" title=\"pacote de madeira\" srcset=\"https:\/\/taizyfarmequipment.com\/wp-content\/uploads\/2022\/02\/22-tuya_720_540.jpg 720w, https:\/\/taizyfarmequipment.com\/wp-content\/uploads\/2022\/02\/22-tuya_720_540-300x225.jpg 300w\" sizes=\"auto, (max-width: 720px) 100vw, 720px\" \/><figcaption>pacote de madeira<\/figcaption><\/figure>    <figure class=\"wp-block-image size-large\"><img loading=\"lazy\" decoding=\"async\" width=\"720\" height=\"540\" data-id=\"2684\" src=\"https:\/\/taizyfarmequipment.com\/wp-content\/uploads\/2022\/02\/23-tuya_720_540-1.jpg\" alt=\"carregamento de planta de moinho de arroz\" class=\"wp-image-2684\" title=\"carregamento de planta de moinho de arroz\" srcset=\"https:\/\/taizyfarmequipment.com\/wp-content\/uploads\/2022\/02\/23-tuya_720_540-1.jpg 720w, https:\/\/taizyfarmequipment.com\/wp-content\/uploads\/2022\/02\/23-tuya_720_540-1-300x225.jpg 300w\" sizes=\"auto, (max-width: 720px) 100vw, 720px\" \/><figcaption>carregamento de planta de moinho de arroz<\/figcaption><\/figure> <figcaption class=\"blocks-gallery-caption\">Embalagem e envio de unidade de moagem de arroz<\/figcaption><\/figure>","protected":false},"excerpt":{"rendered":"<p>A fresadora de arroz pode processar o arroz em arroz. A vers\u00e3o b\u00e1sica da fresadora de arroz 60T\/D inclui clarificador combinado, removedor de pedra, descascador, separador de arroz por gravidade, moinho de arroz e niveladora de arroz. <\/p>","protected":false},"author":1,"featured_media":2673,"parent":0,"template":"","tags":[141,147,146,145,142],"product-type":[132],"class_list":["post-2583","product","type-product","status-publish","has-post-thumbnail","hentry","tag-automatic-rice-milling-machine","tag-automatic-rice-milling-machine-production-line","tag-combined-set-rice-milling-machine","tag-rice-mill-plant","tag-rice-milling-machine-unit","product-type-rice-mill"],"_links":{"self":[{"href":"https:\/\/taizyfarmequipment.com\/pt\/wp-json\/wp\/v2\/product\/2583","targetHints":{"allow":["GET"]}}],"collection":[{"href":"https:\/\/taizyfarmequipment.com\/pt\/wp-json\/wp\/v2\/product"}],"about":[{"href":"https:\/\/taizyfarmequipment.com\/pt\/wp-json\/wp\/v2\/types\/product"}],"author":[{"embeddable":true,"href":"https:\/\/taizyfarmequipment.com\/pt\/wp-json\/wp\/v2\/users\/1"}],"wp:featuredmedia":[{"embeddable":true,"href":"https:\/\/taizyfarmequipment.com\/pt\/wp-json\/wp\/v2\/media\/2673"}],"wp:attachment":[{"href":"https:\/\/taizyfarmequipment.com\/pt\/wp-json\/wp\/v2\/media?parent=2583"}],"wp:term":[{"taxonomy":"post_tag","embeddable":true,"href":"https:\/\/taizyfarmequipment.com\/pt\/wp-json\/wp\/v2\/tags?post=2583"},{"taxonomy":"product-type","embeddable":true,"href":"https:\/\/taizyfarmequipment.com\/pt\/wp-json\/wp\/v2\/product-type?post=2583"}],"curies":[{"name":"wp","href":"https:\/\/api.w.org\/{rel}","templated":true}]}}