{"id":2584,"date":"2022-02-21T06:13:05","date_gmt":"2022-02-21T06:13:05","guid":{"rendered":"https:\/\/taizyfarmequipment.com\/"},"modified":"2022-11-29T17:53:29","modified_gmt":"2022-11-29T09:53:29","slug":"separador-de-arroz-por-gravidade","status":"publish","type":"product","link":"https:\/\/taizyfarmequipment.com\/pt\/product\/gravity-paddy-separator\/","title":{"rendered":"Separador de arroz por gravidade em unidade de moinho de arroz"},"content":{"rendered":"<div class=\"kk-star-ratings kksr-auto kksr-align-left kksr-valign-top\"     data-payload='{&quot;align&quot;:&quot;left&quot;,&quot;id&quot;:&quot;2584&quot;,&quot;slug&quot;:&quot;default&quot;,&quot;valign&quot;:&quot;top&quot;,&quot;ignore&quot;:&quot;&quot;,&quot;reference&quot;:&quot;auto&quot;,&quot;class&quot;:&quot;&quot;,&quot;count&quot;:&quot;9&quot;,&quot;legendonly&quot;:&quot;&quot;,&quot;readonly&quot;:&quot;&quot;,&quot;score&quot;:&quot;4.7&quot;,&quot;starsonly&quot;:&quot;&quot;,&quot;best&quot;:&quot;5&quot;,&quot;gap&quot;:&quot;5&quot;,&quot;greet&quot;:&quot;Rate this product&quot;,&quot;legend&quot;:&quot;4.7\\\/5 - (9 votes)&quot;,&quot;size&quot;:&quot;24&quot;,&quot;title&quot;:&quot;Gravity paddy separator in rice mill unit&quot;,&quot;width&quot;:&quot;133.8&quot;,&quot;_legend&quot;:&quot;{score}\\\/{best} - ({count} {votes})&quot;,&quot;font_factor&quot;:&quot;1.25&quot;}'>              <div class=\"kksr-stars\">      <div class=\"kksr-stars-inactive\">             <div class=\"kksr-star\" data-star=\"1\" style=\"padding-right: 5px\">               <div class=\"kksr-icon\" style=\"width: 24px; height: 24px;\"><\/div>         <\/div>             <div class=\"kksr-star\" data-star=\"2\" style=\"padding-right: 5px\">               <div class=\"kksr-icon\" style=\"width: 24px; height: 24px;\"><\/div>         <\/div>             <div class=\"kksr-star\" data-star=\"3\" style=\"padding-right: 5px\">               <div class=\"kksr-icon\" style=\"width: 24px; height: 24px;\"><\/div>         <\/div>             <div class=\"kksr-star\" data-star=\"4\" style=\"padding-right: 5px\">               <div class=\"kksr-icon\" style=\"width: 24px; height: 24px;\"><\/div>         <\/div>             <div class=\"kksr-star\" data-star=\"5\" style=\"padding-right: 5px\">               <div class=\"kksr-icon\" style=\"width: 24px; height: 24px;\"><\/div>         <\/div>     <\/div>      <div class=\"kksr-stars-active\" style=\"width: 133.8px;\">             <div class=\"kksr-star\" style=\"padding-right: 5px\">               <div class=\"kksr-icon\" style=\"width: 24px; height: 24px;\"><\/div>         <\/div>             <div class=\"kksr-star\" style=\"padding-right: 5px\">               <div class=\"kksr-icon\" style=\"width: 24px; height: 24px;\"><\/div>         <\/div>             <div class=\"kksr-star\" style=\"padding-right: 5px\">               <div class=\"kksr-icon\" style=\"width: 24px; height: 24px;\"><\/div>         <\/div>             <div class=\"kksr-star\" style=\"padding-right: 5px\">               <div class=\"kksr-icon\" style=\"width: 24px; height: 24px;\"><\/div>         <\/div>             <div class=\"kksr-star\" style=\"padding-right: 5px\">               <div class=\"kksr-icon\" style=\"width: 24px; height: 24px;\"><\/div>         <\/div>     <\/div> <\/div>                   <div class=\"kksr-legend\" style=\"font-size: 19.2px;\">             4,7\/5 - (9 votos)    <\/div>     <\/div>  <h2 class=\"wp-block-heading\" id=\"h-introduction-of-gravity-paddy-separator\">Introdu\u00e7\u00e3o do separador de arroz por gravidade<\/h2>    <p class=\"translation-block\">Uma o separador gravitacional de arroz em casca \u00e9 uma m\u00e1quina que separa arroz integral de arroz em casca pela diferen\u00e7a de gravidade e atrito superficial. Pode separar a mistura de arroz em casca e arroz integral em tr\u00eas tipos. Um \u00e9 o arroz integral que entrar\u00e1 na m\u00e1quina de moagem de arroz. Um \u00e9 a mistura de arroz integral e arroz em casca que entrar\u00e1 novamente no separador gravitacional. E o outro \u00e9 o arroz em casca, que voltar\u00e1 para o descascador para ser descascado mais uma vez. Normalmente, esta m\u00e1quina trabalhar\u00e1 com a <a href=\"https:\/\/taizyfarmequipment.com\/pt\/rice-mill-production-line\/unidade-de-maquina-de-moagem-de-arroz-de-60t-d\/\">planta de moagem de arroz<\/a>. Esta m\u00e1quina tem as caracter\u00edsticas de desempenho de trabalho est\u00e1vel, mecanismo de ajuste flex\u00edvel, excelente fun\u00e7\u00e3o de separa\u00e7\u00e3o, bom desempenho mec\u00e2nico, etc. <\/p>    <figure class=\"wp-block-gallery has-nested-images columns-2 is-cropped wp-block-gallery-2 is-layout-flex wp-block-gallery-is-layout-flex\"> <figure class=\"wp-block-image size-large\"><img loading=\"lazy\" decoding=\"async\" width=\"720\" height=\"540\" data-id=\"2686\" src=\"https:\/\/taizyfarmequipment.com\/wp-content\/uploads\/2022\/02\/7-tuya_720_540-1.jpg\" alt=\"frente do separador de arroz por gravidade\" class=\"wp-image-2686\" title=\"frente do separador de arroz por gravidade\" srcset=\"https:\/\/taizyfarmequipment.com\/wp-content\/uploads\/2022\/02\/7-tuya_720_540-1.jpg 720w, https:\/\/taizyfarmequipment.com\/wp-content\/uploads\/2022\/02\/7-tuya_720_540-1-300x225.jpg 300w\" sizes=\"auto, (max-width: 720px) 100vw, 720px\" \/><figcaption class=\"wp-element-caption\">frente do separador de arroz por gravidade<\/figcaption><\/figure>    <figure class=\"wp-block-image size-large\"><img loading=\"lazy\" decoding=\"async\" width=\"720\" height=\"540\" data-id=\"2687\" src=\"https:\/\/taizyfarmequipment.com\/wp-content\/uploads\/2022\/02\/8-tuya_720_540.jpg\" alt=\"lado do separador de arroz por gravidade\" class=\"wp-image-2687\" title=\"lado do separador de arroz por gravidade\" srcset=\"https:\/\/taizyfarmequipment.com\/wp-content\/uploads\/2022\/02\/8-tuya_720_540.jpg 720w, https:\/\/taizyfarmequipment.com\/wp-content\/uploads\/2022\/02\/8-tuya_720_540-300x225.jpg 300w\" sizes=\"auto, (max-width: 720px) 100vw, 720px\" \/><figcaption class=\"wp-element-caption\">lado do separador de arroz por gravidade<\/figcaption><\/figure>    <figure class=\"wp-block-image size-large\"><img loading=\"lazy\" decoding=\"async\" width=\"720\" height=\"541\" data-id=\"2688\" src=\"https:\/\/taizyfarmequipment.com\/wp-content\/uploads\/2022\/02\/9-tuya_720_541.jpg\" alt=\"parte traseira do separador de arroz por gravidade\" class=\"wp-image-2688\" title=\"parte traseira do separador de arroz por gravidade\" srcset=\"https:\/\/taizyfarmequipment.com\/wp-content\/uploads\/2022\/02\/9-tuya_720_541.jpg 720w, https:\/\/taizyfarmequipment.com\/wp-content\/uploads\/2022\/02\/9-tuya_720_541-300x225.jpg 300w\" sizes=\"auto, (max-width: 720px) 100vw, 720px\" \/><figcaption class=\"wp-element-caption\">parte traseira do separador de arroz por gravidade<\/figcaption><\/figure>    <figure class=\"wp-block-image size-large\"><img loading=\"lazy\" decoding=\"async\" width=\"720\" height=\"540\" data-id=\"2689\" src=\"https:\/\/taizyfarmequipment.com\/wp-content\/uploads\/2022\/02\/2-tuya-tuya_720_540.jpg\" alt=\"show do arroz separado\" class=\"wp-image-2689\" title=\"show do arroz separado\" srcset=\"https:\/\/taizyfarmequipment.com\/wp-content\/uploads\/2022\/02\/2-tuya-tuya_720_540.jpg 720w, https:\/\/taizyfarmequipment.com\/wp-content\/uploads\/2022\/02\/2-tuya-tuya_720_540-300x225.jpg 300w\" sizes=\"auto, (max-width: 720px) 100vw, 720px\" \/><figcaption class=\"wp-element-caption\">show do arroz separado<\/figcaption><\/figure> <\/figure>    <h2 class=\"wp-block-heading\" id=\"paddy-separator-s-structure\">Estrutura do separador de arroz<\/h2>    <p>A tela de separa\u00e7\u00e3o bruta por gravidade inclui oito componentes, como o dispositivo de alimenta\u00e7\u00e3o e refino, o dispositivo de distribui\u00e7\u00e3o, a caixa de separa\u00e7\u00e3o, o dispositivo de descarga, o mecanismo de ajuste de suporte, o mecanismo de transmiss\u00e3o exc\u00eantrico, o dispositivo amortecedor de mola e a base da m\u00e1quina.<\/p>    <figure class=\"wp-block-gallery has-nested-images columns-default is-cropped wp-block-gallery-3 is-layout-flex wp-block-gallery-is-layout-flex\"> <figure class=\"wp-block-image size-large\"><img loading=\"lazy\" decoding=\"async\" width=\"720\" height=\"540\" data-id=\"2690\" src=\"https:\/\/taizyfarmequipment.com\/wp-content\/uploads\/2022\/02\/4-tuya_720_540.jpg\" alt=\"Placa da peneira do separador de arroz\" class=\"wp-image-2690\" title=\"Placa da peneira do separador de arroz\" srcset=\"https:\/\/taizyfarmequipment.com\/wp-content\/uploads\/2022\/02\/4-tuya_720_540.jpg 720w, https:\/\/taizyfarmequipment.com\/wp-content\/uploads\/2022\/02\/4-tuya_720_540-300x225.jpg 300w\" sizes=\"auto, (max-width: 720px) 100vw, 720px\" \/><figcaption class=\"wp-element-caption\">Placa da peneira do separador de arroz<\/figcaption><\/figure>    <figure class=\"wp-block-image size-large\"><img loading=\"lazy\" decoding=\"async\" width=\"720\" height=\"540\" data-id=\"2691\" src=\"https:\/\/taizyfarmequipment.com\/wp-content\/uploads\/2022\/02\/5-tuya_720_540.jpg\" alt=\"Motor de cobre do separador de arroz\" class=\"wp-image-2691\" title=\"Motor de cobre do separador de arroz\" srcset=\"https:\/\/taizyfarmequipment.com\/wp-content\/uploads\/2022\/02\/5-tuya_720_540.jpg 720w, https:\/\/taizyfarmequipment.com\/wp-content\/uploads\/2022\/02\/5-tuya_720_540-300x225.jpg 300w\" sizes=\"auto, (max-width: 720px) 100vw, 720px\" \/><figcaption class=\"wp-element-caption\">Motor de cobre do separador de arroz<\/figcaption><\/figure> <\/figure>    <h2 class=\"wp-block-heading\" id=\"the-paddy-separator-working-principle\">O princ\u00edpio de funcionamento do separador de arroz<\/h2>    <p class=\"translation-block\">O princ\u00edpio de funcionamento \u00e9 usar a diferen\u00e7a no tamanho dos gr\u00e3os com base na classifi<em>c<\/em>a\u00e7\u00e3o autom\u00e1tica de arroz integral e arroz em casca. E depois selecionar orif\u00edcios de peneira apropriados e cooperar com um processo simples e eficaz para a separa\u00e7\u00e3o.<\/p>    <h2 class=\"wp-block-heading\" id=\"parameter-of-the-rice-paddy-separator-machine\">Par\u00e2metro da m\u00e1quina separadora de arroz em casca<\/h2>    <figure class=\"wp-block-table\"><table><tbody><tr><td>Modelo<\/td><td>Capacidade (t\/h)<\/td><td>Pot\u00eancia (KW)<\/td><td>Tamanho (C*L*A)<\/td><\/tr><tr><td>MGCZ80*6<\/td><td>0.8-1.3<\/td><td>1.1<\/td><td>1350*1000*1400<\/td><\/tr><tr><td>MGCZ80*7<\/td><td>1.1-1.5<\/td><td>1.1<\/td><td>1350*1000*1450<\/td><\/tr><tr><td>MGCZ100*6<\/td><td>1.2-1.6<\/td><td>1.1<\/td><td>1600*1250*1400<\/td><\/tr><tr><td>MGCZ100*7<\/td><td>1.6-2.1<\/td><td>1.1<\/td><td>1600*1250*1450<\/td><\/tr><tr><td>MGCZ100*8<\/td><td>2.1-2.4<\/td><td>1.1<\/td><td>1600*1250*1500<\/td><\/tr><tr><td>MGCZ100*10<\/td><td>2.5-3.2<\/td><td>1.5<\/td><td>1600*1250*1750<\/td><\/tr><tr><td>MGCZ100*12<\/td><td>3.4-4<\/td><td>1.5<\/td><td>1600*1250*1800<\/td><\/tr><tr><td>MGCZ100*14<\/td><td>4-4.9<\/td><td>1.5<\/td><td>1600*1250*1740<\/td><\/tr><tr><td>MGCZ100*16<\/td><td>4.5-5.6<\/td><td>1.5<\/td><td>1600*1250*1820<\/td><\/tr><\/tbody><\/table><figcaption class=\"wp-element-caption\">separador da m\u00e1quina separadora de arroz em casca<\/figcaption><\/figure>    <h2 class=\"wp-block-heading\" id=\"why-do-we-need-the-rice-mill-paddy-separator\">Por que precisamos do separador de arroz para moinho de arroz?<\/h2>    <p class=\"translation-block\">No curso do processamento do arroz com o conjunto completo de <a href=\"https:\/\/www.agriculture-machine.com\/rice-milling-plant-machine\/\" target=\"_blank\" rel=\"noopener\">equipamento combinado de processamento de arroz<\/a>, o arroz entra no descascador de rolos de borracha depois de remover impurezas e pedras. Contudo, o descascador de rolos de borracha n\u00e3o consegue remover 100% da palha. Portanto \u00e9 necess\u00e1rio um separador gravitacional de arroz em casca neste momento para separar o arroz integral do arroz em casca. E depois o arroz em casca voltar\u00e1 a entrar no descascador.<\/p>    <figure class=\"wp-block-gallery has-nested-images columns-default is-cropped wp-block-gallery-4 is-layout-flex wp-block-gallery-is-layout-flex\"> <figure class=\"wp-block-image size-large\"><img loading=\"lazy\" decoding=\"async\" width=\"720\" height=\"540\" data-id=\"2692\" src=\"https:\/\/taizyfarmequipment.com\/wp-content\/uploads\/2022\/02\/grain-seperator-.jpg\" alt=\"\" class=\"wp-image-2692\" srcset=\"https:\/\/taizyfarmequipment.com\/wp-content\/uploads\/2022\/02\/grain-seperator-.jpg 720w, https:\/\/taizyfarmequipment.com\/wp-content\/uploads\/2022\/02\/grain-seperator--300x225.jpg 300w\" sizes=\"auto, (max-width: 720px) 100vw, 720px\" \/><\/figure>    <figure class=\"wp-block-image size-full\"><img loading=\"lazy\" decoding=\"async\" width=\"720\" height=\"540\" data-id=\"2693\" src=\"https:\/\/taizyfarmequipment.com\/wp-content\/uploads\/2022\/02\/rice-separator-.jpg\" alt=\"\" class=\"wp-image-2693\" srcset=\"https:\/\/taizyfarmequipment.com\/wp-content\/uploads\/2022\/02\/rice-separator-.jpg 720w, https:\/\/taizyfarmequipment.com\/wp-content\/uploads\/2022\/02\/rice-separator--300x225.jpg 300w\" sizes=\"auto, (max-width: 720px) 100vw, 720px\" \/><\/figure> <figcaption class=\"blocks-gallery-caption wp-element-caption\">Por que precisamos do separador de arroz para moinho de arroz?<\/figcaption><\/figure>    <h2 class=\"wp-block-heading\" id=\"features-of-grain-separator\">Caracter\u00edsticas do separador de gr\u00e3os<\/h2>    <ol class=\"wp-block-list\" type=\"1\"> <li>A estrutura \u00e9 compacta e a opera\u00e7\u00e3o \u00e9 conveniente.<\/li>    <li>Design exclusivo e equilibrado, bom desempenho mec\u00e2nico.<\/li>    <li>Possui forte adaptabilidade e um efeito de processo est\u00e1vel.<\/li>    <li>\u00c9 um dispositivo para separar o arroz integral do <strong>mistura<\/strong>&nbsp;de arroz integral\u00a0e arroz em casca\u00a0usando a diferen\u00e7a na gravidade espec\u00edfica e no atrito superficial do arroz integral.<\/li>    <li>A efici\u00eancia de separa\u00e7\u00e3o \u00e9 alta. E a adaptabilidade aos gr\u00e3os crus \u00e9 forte. Mesmo que as variedades de arroz sejam misturadas e o tamanho do gr\u00e3o n\u00e3o seja uniforme, o efeito na efici\u00eancia de separa\u00e7\u00e3o da rugosidade ainda \u00e9 relativamente grande.<\/li> <\/ol>","protected":false},"excerpt":{"rendered":"<p>Um separador de arroz por gravidade \u00e9 uma m\u00e1quina que separa o arroz integral do arroz em casca pela diferen\u00e7a de gravidade e atrito superficial.<\/p>","protected":false},"author":1,"featured_media":2685,"parent":0,"template":"","tags":[190,188],"product-type":[132],"class_list":["post-2584","product","type-product","status-publish","has-post-thumbnail","hentry","tag-grain-separator","tag-paddy-separator","product-type-rice-mill"],"_links":{"self":[{"href":"https:\/\/taizyfarmequipment.com\/pt\/wp-json\/wp\/v2\/product\/2584","targetHints":{"allow":["GET"]}}],"collection":[{"href":"https:\/\/taizyfarmequipment.com\/pt\/wp-json\/wp\/v2\/product"}],"about":[{"href":"https:\/\/taizyfarmequipment.com\/pt\/wp-json\/wp\/v2\/types\/product"}],"author":[{"embeddable":true,"href":"https:\/\/taizyfarmequipment.com\/pt\/wp-json\/wp\/v2\/users\/1"}],"wp:featuredmedia":[{"embeddable":true,"href":"https:\/\/taizyfarmequipment.com\/pt\/wp-json\/wp\/v2\/media\/2685"}],"wp:attachment":[{"href":"https:\/\/taizyfarmequipment.com\/pt\/wp-json\/wp\/v2\/media?parent=2584"}],"wp:term":[{"taxonomy":"post_tag","embeddable":true,"href":"https:\/\/taizyfarmequipment.com\/pt\/wp-json\/wp\/v2\/tags?post=2584"},{"taxonomy":"product-type","embeddable":true,"href":"https:\/\/taizyfarmequipment.com\/pt\/wp-json\/wp\/v2\/product-type?post=2584"}],"curies":[{"name":"wp","href":"https:\/\/api.w.org\/{rel}","templated":true}]}}